{"id":62533,"date":"2025-09-03T07:43:48","date_gmt":"2025-09-03T07:43:48","guid":{"rendered":"https:\/\/nchdev-3ittg.projectbeta.co.uk\/nch-corporation-uyumluluk-beyani-modern-kolelik-yasasi-2015\/"},"modified":"2025-09-09T05:50:12","modified_gmt":"2025-09-09T05:50:12","slug":"nch-corporation-uyumluluk-beyani-modern-kolelik-yasasi-2015","status":"publish","type":"page","link":"https:\/\/lubricants.ncheurope.com\/tr\/nch-corporation-uyumluluk-beyani-modern-kolelik-yasasi-2015\/","title":{"rendered":"NCH Corporation Uyumluluk Beyan\u0131: Modern K\u00f6lelik Yasas\u0131 2015"},"content":{"rendered":"\n<div class=\"internal-banner-block relative primaryBlue paddingBottomLarge bg-no-repeat pt-[110px] lg:pt-[160px] bg-white bg-[url('assets\/images\/background-shape.png')] bg-right-bottom bg-contain\" >\n        <div class=\"container relative z-10\">\n        <div class=\"breadcrumb-container mb-[60px] lg:mb-[103px] hidden md:block\">\n            <p class=\"text-darkXs !mb-0 !text-[12px] flex flex-row items-center\">You are here: <a class=\"!font-regular mx-2 hover:underline\" href=\"https:\/\/lubricants.ncheurope.com\/tr\/\">Giri\u015f<\/a> \/ <span class=\"ml-2 font-semibold\">NCH Corporation Uyumluluk Beyan\u0131: Modern K\u00f6lelik Yasas\u0131 2015<\/span><\/p>\n        <\/div>\n\n        <div class=\"content-container flex flex-col-reverse md:flex-row flex-wrap justify-between\">\n\n                            <div class=\"text-container md:basis-10\/12\">\n                    <h1 class=\"heading-1 text-primaryBlue\">NCH Corporation Uyumluluk Beyan\u0131: Modern K\u00f6lelik Yasas\u0131 2015<\/h1>                                                        <\/div>\n                    <\/div>\n    <\/div>\n<\/div>\n<div class=\"accordion-block relative primaryBlue paddingTopLarge paddingBottomLarge bg-primaryOffWhite\">\n    <div class=\"container flex flex-row flex-wrap\">\n                    <div class=\"text-container flex flex-row flex-wrap items-start justify-between basis-full pb-[60px]\">\n                <h2 class=\"heading-2 text-primaryBlue basis-full\">NCH (UK) LIMITED &#8211; Modern K\u00f6lelik ve \u0130nsan Ticareti Beyan\u0131<\/h2>                <p class=\"text-darkBase basis-full lg:basis-8\/12 !mb-0\">NCH (UK) Limited (\u015eirket) olarak insan haklar\u0131n\u0131 korumaya ve sayg\u0131 g\u00f6stermeye kararl\u0131y\u0131z ve her t\u00fcrl\u00fc k\u00f6lelik ve insan ka\u00e7ak\u00e7\u0131l\u0131\u011f\u0131na kar\u015f\u0131 s\u0131f\u0131r tolerans yakla\u015f\u0131m\u0131na sahibiz. Bu beyan, 2015 Modern K\u00f6lelik Yasas\u0131&amp;#8217;n\u0131n 54 (1) B\u00f6l\u00fcm\u00fc uyar\u0131nca yap\u0131lm\u0131\u015ft\u0131r. Faaliyetlerimizde ve tedarik zincirimizde modern k\u00f6lelik ve insan ka\u00e7ak\u00e7\u0131l\u0131\u011f\u0131n\u0131 kesinlikle yasaklad\u0131\u011f\u0131m\u0131zdan emin olmak i\u00e7in NCH K\u00f6lelikle M\u00fccadele Politikas\u0131n\u0131 (Politika) uygulamaya koyduk. Modern k\u00f6leli\u011fin kurulu\u015fumuzun herhangi bir yerinde veya tedarik zincirlerimizden herhangi birinde ger\u00e7ekle\u015fmemesini sa\u011flamay\u0131 ama\u00e7layan sistemleri ve kontrolleri uygulamaya kararl\u0131y\u0131z ve kararl\u0131 olmaya devam edece\u011fiz. Bu beyan y\u0131ll\u0131k olarak g\u00f6zden ge\u00e7irilecektir.    \n<\/p>            <\/div>\n        \n        <!-- Accordion Start -->       \n                    <div class=\"accordion-container flex flex-row flex-wrap basis-full\">     \n                                <div class=\"accordion-item border border-primaryOffWhite bg-white basis-full mb-2\">\n                    <div class=\"accordion-header hover:cursor-pointer py-[28px] px-[40px] flex flex-row justify-between items-center\">\n                        <h5 class=\"text-primaryBlue heading-5 !mb-0\">Kurulu\u015fun yap\u0131s\u0131<\/h5>\n                        <i class=\"bg-[url('assets\/images\/upwards-arrow-white.png')] bg-center bg-[length:11px_11px] bg-no-repeat bg-primaryBlue block rounded-full min-w-[30px] w-[30px] h-[30px] rotate-[135deg]\"><\/i>\n                    <\/div>\n\n                    <div class=\"accordion-content hidden pb-[28px] px-[40px]\">\n                        <p class=\"text-darkBase !mb-0\"><p>Biz bir kimyasal \u00fcreticisi ve su ar\u0131tma sa\u011flay\u0131c\u0131s\u0131y\u0131z. NCH Group&#8217;un (Grup) bir par\u00e7as\u0131y\u0131z ve nihai ana \u015firketimiz, merkezi Amerika Birle\u015fik Devletleri&#8217;nde bulunan NCH Corporation&#8217;d\u0131r. Grubun d\u00fcnya \u00e7ap\u0131nda 8.500&#8217;den fazla \u00e7al\u0131\u015fan\u0131 vard\u0131r ve 50 \u00fclkede faaliyet g\u00f6stermektedir.    <\/p>\n<p>Grubun k\u00fcresel y\u0131ll\u0131k cirosu 665 milyon \u00a3&#8217;dur.  <\/p>\n<\/p>\n                                            <\/div>\n                <\/div>\n\n                                <div class=\"accordion-item border border-primaryOffWhite bg-white basis-full mb-2\">\n                    <div class=\"accordion-header hover:cursor-pointer py-[28px] px-[40px] flex flex-row justify-between items-center\">\n                        <h5 class=\"text-primaryBlue heading-5 !mb-0\">K\u00f6lelik ve insan ka\u00e7ak\u00e7\u0131l\u0131\u011f\u0131na ili\u015fkin politikalar\u0131m\u0131z<\/h5>\n                        <i class=\"bg-[url('assets\/images\/upwards-arrow-white.png')] bg-center bg-[length:11px_11px] bg-no-repeat bg-primaryBlue block rounded-full min-w-[30px] w-[30px] h-[30px] rotate-[135deg]\"><\/i>\n                    <\/div>\n\n                    <div class=\"accordion-content hidden pb-[28px] px-[40px]\">\n                        <p class=\"text-darkBase !mb-0\"><p>Tedarik zincirlerimizde veya i\u015fimizin herhangi bir b\u00f6l\u00fcm\u00fcnde modern k\u00f6lelik veya insan ka\u00e7ak\u00e7\u0131l\u0131\u011f\u0131 olmamas\u0131n\u0131 sa\u011flamaya kararl\u0131y\u0131z. Politikam\u0131z, t\u00fcm i\u015f ili\u015fkilerimizde etik ve d\u00fcr\u00fcst davranma ve tedarik zincirlerimizin herhangi bir yerinde k\u00f6lelik ve insan ka\u00e7ak\u00e7\u0131l\u0131\u011f\u0131n\u0131n ger\u00e7ekle\u015fmemesini sa\u011flamak i\u00e7in etkili sistemler ve kontroller uygulama ve y\u00fcr\u00fcrl\u00fc\u011fe koyma taahh\u00fcd\u00fcm\u00fcz\u00fc yans\u0131tmaktad\u0131r.   <\/p>\n<p>Riski belirleme ve azaltma giri\u015fimimizin bir par\u00e7as\u0131 olarak a\u015fa\u011f\u0131daki prosed\u00fcrlere sahibiz:<\/p>\n<li>Politikam\u0131z\u0131 y\u0131ll\u0131k olarak g\u00f6zden ge\u00e7irmek; ve  <\/li>\n<li>Politikam\u0131z\u0131 geli\u015ftirebilecek de\u011fi\u015fiklikleri belirleyin.  <\/li>\n<p><\/p>\n<p>K\u00f6lelik ve insan ka\u00e7ak\u00e7\u0131l\u0131\u011f\u0131 i\u00e7in durum tespiti s\u00fcre\u00e7leri  <\/p>\n<p>Riski belirleme ve azaltma giri\u015fimimizin bir par\u00e7as\u0131 olarak \u015fu sistemleri uyguluyoruz<\/p>\n<li>Tedarik zincirlerimizdeki potansiyel risk alanlar\u0131n\u0131 belirlemek ve de\u011ferlendirmek.<\/li>\n<li>Tedarik zincirlerimizde meydana gelen k\u00f6lelik ve insan ka\u00e7ak\u00e7\u0131l\u0131\u011f\u0131 riskini azaltmak.  <\/li>\n<li>Tedarik zincirlerimizdeki potansiyel risk alanlar\u0131n\u0131 izleyin.<\/li>\n<li>Muhbirleri koruyun.  <\/li>\n<p><\/p>\n<p>Durum tespiti s\u00fcre\u00e7lerimizin olabildi\u011fince sa\u011flam olmas\u0131n\u0131 sa\u011flamak ve zaman i\u00e7inde s\u00fcre\u00e7lerimizi iyile\u015ftirmek i\u00e7in yap\u0131labilecek de\u011fi\u015fiklikleri belirlemek i\u00e7in departmanlar\u0131m\u0131zdan birine \u015firket i\u00e7inde sorumluluk verdik.  <\/p>\n<\/p>\n                                            <\/div>\n                <\/div>\n\n                                <div class=\"accordion-item border border-primaryOffWhite bg-white basis-full mb-2\">\n                    <div class=\"accordion-header hover:cursor-pointer py-[28px] px-[40px] flex flex-row justify-between items-center\">\n                        <h5 class=\"text-primaryBlue heading-5 !mb-0\">Tedarik\u00e7ilerin, y\u00fcklenicilerin ve di\u011fer i\u015f ortaklar\u0131n\u0131n de\u011ferlerimize ve etik kurallar\u0131m\u0131za ba\u011fl\u0131l\u0131\u011f\u0131<\/h5>\n                        <i class=\"bg-[url('assets\/images\/upwards-arrow-white.png')] bg-center bg-[length:11px_11px] bg-no-repeat bg-primaryBlue block rounded-full min-w-[30px] w-[30px] h-[30px] rotate-[135deg]\"><\/i>\n                    <\/div>\n\n                    <div class=\"accordion-content hidden pb-[28px] px-[40px]\">\n                        <p class=\"text-darkBase !mb-0\"><p>K\u00f6lelik ve insan ka\u00e7ak\u00e7\u0131l\u0131\u011f\u0131na kar\u015f\u0131 s\u0131f\u0131r tolerans g\u00f6steriyoruz. Tedarik\u00e7ilerimiz, y\u00fcklenicilerimiz ve di\u011fer i\u015f ortaklar\u0131m\u0131z\u0131n kendi tedarik\u00e7ilerini de ayn\u0131 y\u00fcksek standartlara tabi tutmalar\u0131 gerekmektedir.   <\/p>\n<p>Tedarik zincirlerimizdeki en b\u00fcy\u00fck modern k\u00f6lelik riskinin, Birle\u015fik Krall\u0131k ile e\u015fde\u011fer standartlara ve mevzuata sahip olmayan yarg\u0131 b\u00f6lgelerinde yerle\u015fik \u015firketlerle i\u015f yapt\u0131\u011f\u0131m\u0131z zaman ortaya \u00e7\u0131kt\u0131\u011f\u0131n\u0131 d\u00fc\u015f\u00fcn\u00fcyoruz.  <\/p>\n<p>Devam eden risk de\u011ferlendirme ve durum tespiti s\u00fcre\u00e7lerimizin bir par\u00e7as\u0131 olarak, ko\u015fullar\u0131n tedarik\u00e7ilerin Politikam\u0131za uygunluklar\u0131na y\u00f6nelik denetimler ger\u00e7ekle\u015ftirmemizi gerektirip gerektirmedi\u011fini de\u011ferlendiririz. Ayr\u0131ca, ko\u015fullar\u0131n \u00fc\u00e7\u00fcnc\u00fc taraflarla yapt\u0131\u011f\u0131m\u0131z s\u00f6zle\u015fmelere modern k\u00f6lelik ve insan ticaretine konu olan i\u015fg\u00fcc\u00fcn\u00fcn kullan\u0131m\u0131na kar\u015f\u0131 \u00f6zel yasaklar\u0131n dahil edilmesini gerektirip gerektirmedi\u011fini de de\u011ferlendiriyoruz. Risk temelli yakla\u015f\u0131m\u0131m\u0131z\u0131 kullanarak, tedarik\u00e7ilere modern k\u00f6lelik ve insan ticareti ile m\u00fccadele i\u00e7in gereken asgari standartlar\u0131 belirleyen Politikam\u0131za uymalar\u0131n\u0131 talep eden bir yaz\u0131 yazman\u0131n yararlar\u0131n\u0131 da de\u011ferlendirece\u011fiz.    <\/p>\n<p>Bizim ad\u0131m\u0131za \u00e7al\u0131\u015fan di\u011fer ki\u015fi veya kurulu\u015flar\u0131n Politikam\u0131z\u0131 ihlal etti\u011fini tespit edersek, uygun \u00f6nlemleri alaca\u011f\u0131m\u0131zdan emin oluruz. Bu, ihlallerin giderilmesi olas\u0131l\u0131\u011f\u0131n\u0131n ve bunun ihlalden etkilenen bireyler i\u00e7in en iyi sonucu temsil edip etmeyece\u011finin de\u011ferlendirilmesinden bu t\u00fcr ili\u015fkilerin sonland\u0131r\u0131lmas\u0131na kadar de\u011fi\u015febilir.   <\/p>\n<\/p>\n                                            <\/div>\n                <\/div>\n\n                                <div class=\"accordion-item border border-primaryOffWhite bg-white basis-full mb-2\">\n                    <div class=\"accordion-header hover:cursor-pointer py-[28px] px-[40px] flex flex-row justify-between items-center\">\n                        <h5 class=\"text-primaryBlue heading-5 !mb-0\">E\u011fitim<\/h5>\n                        <i class=\"bg-[url('assets\/images\/upwards-arrow-white.png')] bg-center bg-[length:11px_11px] bg-no-repeat bg-primaryBlue block rounded-full min-w-[30px] w-[30px] h-[30px] rotate-[135deg]\"><\/i>\n                    <\/div>\n\n                    <div class=\"accordion-content hidden pb-[28px] px-[40px]\">\n                        <p class=\"text-darkBase !mb-0\"><p>Tedarik zincirlerimizde ve i\u015fimizde modern k\u00f6lelik ve insan ka\u00e7ak\u00e7\u0131l\u0131\u011f\u0131 risklerinin y\u00fcksek d\u00fczeyde anla\u015f\u0131lmas\u0131n\u0131 sa\u011flamak i\u00e7in personelimize s\u00fcrekli e\u011fitim veriyoruz.  <\/p>\n<p>\u0130\u015fimizde ve tedarik zincirlerimizde modern k\u00f6lelik ve insan ka\u00e7ak\u00e7\u0131l\u0131\u011f\u0131 risklerini tan\u0131malar\u0131 i\u00e7in personelimizi e\u011fitmeye yat\u0131r\u0131m yap\u0131yoruz. E\u011fitim programlar\u0131m\u0131z arac\u0131l\u0131\u011f\u0131yla \u00e7al\u0131\u015fanlar, Politikam\u0131z\u0131n olas\u0131 ihlallerini tespit etmeye ve bildirmeye te\u015fvik edilmektedir. \u00c7al\u0131\u015fanlara, i\u015fimizde ve tedarik zincirlerimizde k\u00f6lelik ve insan ka\u00e7ak\u00e7\u0131l\u0131\u011f\u0131 ile m\u00fccadele etmek i\u00e7in s\u0131k\u0131 \u00f6nlemlerin faydalar\u0131 \u00f6\u011fretilmektedir.    <\/p>\n<\/p>\n                                            <\/div>\n                <\/div>\n\n                                <div class=\"accordion-item border border-primaryOffWhite bg-white basis-full mb-2\">\n                    <div class=\"accordion-header hover:cursor-pointer py-[28px] px-[40px] flex flex-row justify-between items-center\">\n                        <h5 class=\"text-primaryBlue heading-5 !mb-0\">Di\u011fer ad\u0131mlar<\/h5>\n                        <i class=\"bg-[url('assets\/images\/upwards-arrow-white.png')] bg-center bg-[length:11px_11px] bg-no-repeat bg-primaryBlue block rounded-full min-w-[30px] w-[30px] h-[30px] rotate-[135deg]\"><\/i>\n                    <\/div>\n\n                    <div class=\"accordion-content hidden pb-[28px] px-[40px]\">\n                        <p class=\"text-darkBase !mb-0\"><p>Tedarik zincirlerimizde k\u00f6lelik veya insan ka\u00e7ak\u00e7\u0131l\u0131\u011f\u0131 olmad\u0131\u011f\u0131ndan emin olmak i\u00e7in att\u0131\u011f\u0131m\u0131z ad\u0131mlar\u0131n etkinli\u011fini g\u00f6zden ge\u00e7irdikten sonra, k\u00f6lelik ve insan ka\u00e7ak\u00e7\u0131l\u0131\u011f\u0131yla m\u00fccadele etmek i\u00e7in a\u015fa\u011f\u0131daki ilave ad\u0131mlar\u0131 atmay\u0131 planl\u0131yoruz:  <\/p>\n<li>Modern k\u00f6lelik uyumlulu\u011fumuzun g\u00f6zden ge\u00e7irilmesi.  <\/li>\n<li>Politikam\u0131z\u0131 g\u00f6zden ge\u00e7iriyoruz.  <\/li>\n<li>Yeni \u00e7al\u0131\u015fanlara e\u011fitim verilmesi.  <\/li>\n<p><\/p>\n<p>Bu beyan 2015 Modern K\u00f6lelik Yasas\u0131&#8217;n\u0131n 54(1) maddesi uyar\u0131nca yap\u0131lm\u0131\u015f olup 30 Nisan 2022&#8217;de sona eren mali y\u0131l i\u00e7in k\u00f6lelik ve insan ticareti beyan\u0131m\u0131z\u0131 olu\u015fturmaktad\u0131r.  <\/p>\n<p>Kurul taraf\u0131ndan 7 Mart 2023 tarihinde onaylanm\u0131\u015ft\u0131r.  <\/p>\n<p>Martyn Ruscoe  <\/p>\n<\/p>\n                                            <\/div>\n                <\/div>\n\n                            <\/div>\n                <!-- Accordion End -->\n    <\/div>\n<\/div>","protected":false},"excerpt":{"rendered":"","protected":false},"author":2,"featured_media":0,"parent":0,"menu_order":0,"comment_status":"closed","ping_status":"closed","template":"","meta":{"_acf_changed":false,"footnotes":""},"class_list":["post-62533","page","type-page","status-publish","hentry"],"acf":[],"yoast_head":"<!-- This site is optimized with the Yoast SEO Premium plugin v21.7 (Yoast SEO v27.2) - https:\/\/yoast.com\/product\/yoast-seo-premium-wordpress\/ -->\n<title>NCH Corporation Uyumluluk Beyan\u0131: Modern K\u00f6lelik Yasas\u0131 2015 - NCH Lubricants<\/title>\n<meta name=\"robots\" content=\"index, follow, max-snippet:-1, max-image-preview:large, max-video-preview:-1\" \/>\n<link rel=\"canonical\" href=\"https:\/\/lubricants.ncheurope.com\/tr\/nch-corporation-uyumluluk-beyani-modern-kolelik-yasasi-2015\/\" class=\"yoast-seo-meta-tag\" \/>\n<meta property=\"og:locale\" content=\"tr_TR\" class=\"yoast-seo-meta-tag\" \/>\n<meta property=\"og:type\" content=\"article\" class=\"yoast-seo-meta-tag\" \/>\n<meta property=\"og:title\" content=\"NCH Corporation Uyumluluk Beyan\u0131: Modern K\u00f6lelik Yasas\u0131 2015\" class=\"yoast-seo-meta-tag\" \/>\n<meta property=\"og:url\" content=\"https:\/\/lubricants.ncheurope.com\/tr\/nch-corporation-uyumluluk-beyani-modern-kolelik-yasasi-2015\/\" class=\"yoast-seo-meta-tag\" \/>\n<meta property=\"og:site_name\" content=\"NCH Lubricants\" class=\"yoast-seo-meta-tag\" \/>\n<meta property=\"article:modified_time\" content=\"2025-09-09T05:50:12+00:00\" class=\"yoast-seo-meta-tag\" \/>\n<meta name=\"twitter:card\" content=\"summary_large_image\" class=\"yoast-seo-meta-tag\" \/>\n<script type=\"application\/ld+json\" class=\"yoast-schema-graph\">{\"@context\":\"https:\/\/schema.org\",\"@graph\":[{\"@type\":\"WebPage\",\"@id\":\"https:\/\/lubricants.ncheurope.com\/tr\/nch-corporation-uyumluluk-beyani-modern-kolelik-yasasi-2015\/\",\"url\":\"https:\/\/lubricants.ncheurope.com\/tr\/nch-corporation-uyumluluk-beyani-modern-kolelik-yasasi-2015\/\",\"name\":\"NCH Corporation Uyumluluk Beyan\u0131: Modern K\u00f6lelik Yasas\u0131 2015 - NCH Lubricants\",\"isPartOf\":{\"@id\":\"https:\/\/lubricants.ncheurope.com\/sv\/#website\"},\"datePublished\":\"2025-09-03T07:43:48+00:00\",\"dateModified\":\"2025-09-09T05:50:12+00:00\",\"breadcrumb\":{\"@id\":\"https:\/\/lubricants.ncheurope.com\/tr\/nch-corporation-uyumluluk-beyani-modern-kolelik-yasasi-2015\/#breadcrumb\"},\"inLanguage\":\"tr\",\"potentialAction\":[{\"@type\":\"ReadAction\",\"target\":[\"https:\/\/lubricants.ncheurope.com\/tr\/nch-corporation-uyumluluk-beyani-modern-kolelik-yasasi-2015\/\"]}]},{\"@type\":\"BreadcrumbList\",\"@id\":\"https:\/\/lubricants.ncheurope.com\/tr\/nch-corporation-uyumluluk-beyani-modern-kolelik-yasasi-2015\/#breadcrumb\",\"itemListElement\":[{\"@type\":\"ListItem\",\"position\":1,\"name\":\"Anasayfa\",\"item\":\"https:\/\/lubricants.ncheurope.com\/tr\/\"},{\"@type\":\"ListItem\",\"position\":2,\"name\":\"NCH Corporation Uyumluluk Beyan\u0131: Modern K\u00f6lelik Yasas\u0131 2015\"}]},{\"@type\":\"WebSite\",\"@id\":\"https:\/\/lubricants.ncheurope.com\/sv\/#website\",\"url\":\"https:\/\/lubricants.ncheurope.com\/sv\/\",\"name\":\"NCH Lubricants\",\"description\":\"\",\"potentialAction\":[{\"@type\":\"SearchAction\",\"target\":{\"@type\":\"EntryPoint\",\"urlTemplate\":\"https:\/\/lubricants.ncheurope.com\/sv\/?s={search_term_string}\"},\"query-input\":{\"@type\":\"PropertyValueSpecification\",\"valueRequired\":true,\"valueName\":\"search_term_string\"}}],\"inLanguage\":\"tr\"}]}<\/script>\n<!-- \/ Yoast SEO Premium plugin. -->","yoast_head_json":{"title":"NCH Corporation Uyumluluk Beyan\u0131: Modern K\u00f6lelik Yasas\u0131 2015 - NCH Lubricants","robots":{"index":"index","follow":"follow","max-snippet":"max-snippet:-1","max-image-preview":"max-image-preview:large","max-video-preview":"max-video-preview:-1"},"canonical":"https:\/\/lubricants.ncheurope.com\/tr\/nch-corporation-uyumluluk-beyani-modern-kolelik-yasasi-2015\/","og_locale":"tr_TR","og_type":"article","og_title":"NCH Corporation Uyumluluk Beyan\u0131: Modern K\u00f6lelik Yasas\u0131 2015","og_url":"https:\/\/lubricants.ncheurope.com\/tr\/nch-corporation-uyumluluk-beyani-modern-kolelik-yasasi-2015\/","og_site_name":"NCH Lubricants","article_modified_time":"2025-09-09T05:50:12+00:00","twitter_card":"summary_large_image","schema":{"@context":"https:\/\/schema.org","@graph":[{"@type":"WebPage","@id":"https:\/\/lubricants.ncheurope.com\/tr\/nch-corporation-uyumluluk-beyani-modern-kolelik-yasasi-2015\/","url":"https:\/\/lubricants.ncheurope.com\/tr\/nch-corporation-uyumluluk-beyani-modern-kolelik-yasasi-2015\/","name":"NCH Corporation Uyumluluk Beyan\u0131: Modern K\u00f6lelik Yasas\u0131 2015 - NCH Lubricants","isPartOf":{"@id":"https:\/\/lubricants.ncheurope.com\/sv\/#website"},"datePublished":"2025-09-03T07:43:48+00:00","dateModified":"2025-09-09T05:50:12+00:00","breadcrumb":{"@id":"https:\/\/lubricants.ncheurope.com\/tr\/nch-corporation-uyumluluk-beyani-modern-kolelik-yasasi-2015\/#breadcrumb"},"inLanguage":"tr","potentialAction":[{"@type":"ReadAction","target":["https:\/\/lubricants.ncheurope.com\/tr\/nch-corporation-uyumluluk-beyani-modern-kolelik-yasasi-2015\/"]}]},{"@type":"BreadcrumbList","@id":"https:\/\/lubricants.ncheurope.com\/tr\/nch-corporation-uyumluluk-beyani-modern-kolelik-yasasi-2015\/#breadcrumb","itemListElement":[{"@type":"ListItem","position":1,"name":"Anasayfa","item":"https:\/\/lubricants.ncheurope.com\/tr\/"},{"@type":"ListItem","position":2,"name":"NCH Corporation Uyumluluk Beyan\u0131: Modern K\u00f6lelik Yasas\u0131 2015"}]},{"@type":"WebSite","@id":"https:\/\/lubricants.ncheurope.com\/sv\/#website","url":"https:\/\/lubricants.ncheurope.com\/sv\/","name":"NCH Lubricants","description":"","potentialAction":[{"@type":"SearchAction","target":{"@type":"EntryPoint","urlTemplate":"https:\/\/lubricants.ncheurope.com\/sv\/?s={search_term_string}"},"query-input":{"@type":"PropertyValueSpecification","valueRequired":true,"valueName":"search_term_string"}}],"inLanguage":"tr"}]}},"_links":{"self":[{"href":"https:\/\/lubricants.ncheurope.com\/tr\/wp-json\/wp\/v2\/pages\/62533","targetHints":{"allow":["GET"]}}],"collection":[{"href":"https:\/\/lubricants.ncheurope.com\/tr\/wp-json\/wp\/v2\/pages"}],"about":[{"href":"https:\/\/lubricants.ncheurope.com\/tr\/wp-json\/wp\/v2\/types\/page"}],"author":[{"embeddable":true,"href":"https:\/\/lubricants.ncheurope.com\/tr\/wp-json\/wp\/v2\/users\/2"}],"replies":[{"embeddable":true,"href":"https:\/\/lubricants.ncheurope.com\/tr\/wp-json\/wp\/v2\/comments?post=62533"}],"version-history":[{"count":1,"href":"https:\/\/lubricants.ncheurope.com\/tr\/wp-json\/wp\/v2\/pages\/62533\/revisions"}],"predecessor-version":[{"id":62535,"href":"https:\/\/lubricants.ncheurope.com\/tr\/wp-json\/wp\/v2\/pages\/62533\/revisions\/62535"}],"wp:attachment":[{"href":"https:\/\/lubricants.ncheurope.com\/tr\/wp-json\/wp\/v2\/media?parent=62533"}],"curies":[{"name":"wp","href":"https:\/\/api.w.org\/{rel}","templated":true}]}}