{"id":62518,"date":"2025-02-21T20:56:49","date_gmt":"2025-02-21T20:56:49","guid":{"rendered":"https:\/\/nchdev-3ittg.projectbeta.co.uk\/kolelik-ve-insan-ticaretiyle-mucadele-politikasi\/"},"modified":"2025-09-09T05:50:10","modified_gmt":"2025-09-09T05:50:10","slug":"kolelik-ve-insan-ticaretiyle-mucadele-politikasi","status":"publish","type":"page","link":"https:\/\/lubricants.ncheurope.com\/tr\/kolelik-ve-insan-ticaretiyle-mucadele-politikasi\/","title":{"rendered":"K\u00f6lelik ve \u0130nsan Ticaretiyle M\u00fccadele Politikas\u0131"},"content":{"rendered":"\n<div class=\"internal-banner-block relative secondaryLubricants paddingBottomMedium bg-no-repeat pt-[110px] lg:pt-[160px] bg-white bg-[url('assets\/images\/background-shape.png')] bg-right-bottom bg-contain\" >\n        <div class=\"container relative z-10\">\n        <div class=\"breadcrumb-container mb-[60px] lg:mb-[103px] hidden md:block\">\n            <p class=\"text-darkXs !mb-0 !text-[12px] flex flex-row items-center\">You are here: <a class=\"!font-regular mx-2 hover:underline\" href=\"https:\/\/lubricants.ncheurope.com\/tr\/\">Giri\u015f<\/a> \/ <span class=\"ml-2 font-semibold\">K\u00f6lelik ve \u0130nsan Ticaretiyle M\u00fccadele Politikas\u0131<\/span><\/p>\n        <\/div>\n\n        <div class=\"content-container flex flex-col-reverse md:flex-row flex-wrap justify-between\">\n\n                            <div class=\"text-container md:basis-10\/12\">\n                    <h1 class=\"heading-1 text-secondaryLubricants\">K\u00f6lelik ve \u0130nsan Ticaretiyle M\u00fccadele Politikas\u0131<\/h1>                                                        <\/div>\n                    <\/div>\n    <\/div>\n<\/div>\n<div class=\"accordion-block relative secondaryLubricants paddingTopLarge paddingBottomLarge bg-primaryOffWhite\">\n    <div class=\"container flex flex-row flex-wrap\">\n        \n        <!-- Accordion Start -->       \n                    <div class=\"accordion-container flex flex-row flex-wrap basis-full\">     \n                                <div class=\"accordion-item border border-primaryOffWhite bg-white basis-full mb-2\">\n                    <div class=\"accordion-header hover:cursor-pointer py-[28px] px-[40px] flex flex-row justify-between items-center\">\n                        <h5 class=\"text-secondaryLubricants heading-5 !mb-0\">POLI\u0307TI\u0307KA A\u00c7IKLAMASI<\/h5>\n                        <i class=\"bg-[url('assets\/images\/upwards-arrow-white.png')] bg-center bg-[length:11px_11px] bg-no-repeat bg-secondaryLubricants block rounded-full min-w-[30px] w-[30px] h-[30px] rotate-[135deg]\"><\/i>\n                    <\/div>\n\n                    <div class=\"accordion-content hidden pb-[28px] px-[40px]\">\n                        <p class=\"text-darkBase !mb-0\"><p>Modern k\u00f6lelik bir su\u00e7tur ve temel insan haklar\u0131n\u0131n ihlalidir. K\u00f6lelik, kulluk, zorla ve zorunlu \u00e7al\u0131\u015ft\u0131rma ve insan ka\u00e7ak\u00e7\u0131l\u0131\u011f\u0131 gibi \u00e7e\u015fitli bi\u00e7imler al\u0131r ve bunlar\u0131n hepsinin ortak noktas\u0131, bir ki\u015finin ki\u015fisel veya ticari kazan\u00e7 i\u00e7in s\u00f6m\u00fcr\u00fclmesi amac\u0131yla bir ba\u015fkas\u0131 taraf\u0131ndan \u00f6zg\u00fcrl\u00fc\u011f\u00fcnden mahrum b\u0131rak\u0131lmas\u0131d\u0131r. NCH Corporation ve i\u015ftirakleri (topluca &#8220;NCH&#8221;, &#8220;biz&#8221; veya &#8220;bizim&#8221;) modern k\u00f6leli\u011fe kar\u015f\u0131 s\u0131f\u0131r tolerans yakla\u015f\u0131m\u0131na sahiptir ve t\u00fcm i\u015f ili\u015fkilerimizde ve ili\u015fkilerimizde etik ve d\u00fcr\u00fcst davranmaya ve modern k\u00f6leli\u011fin kendi i\u015fimizde veya tedarik zincirlerimizin herhangi bir yerinde ger\u00e7ekle\u015fmemesini sa\u011flamak i\u00e7in etkili sistemler ve kontroller uygulamaya ve uygulamaya kararl\u0131y\u0131z.  <\/p>\n<p>NCH ayr\u0131ca, 2015 Birle\u015fik Krall\u0131k Modern K\u00f6lelik Yasas\u0131 kapsam\u0131ndaki a\u00e7\u0131klama y\u00fck\u00fcml\u00fcl\u00fcklerimizle tutarl\u0131 olarak, kendi i\u015fimizde ve tedarik zincirlerimizde modern k\u00f6lelikle m\u00fccadele yakla\u015f\u0131m\u0131m\u0131zda \u015feffafl\u0131k sa\u011flamay\u0131 taahh\u00fct eder. T\u00fcm y\u00fcklenicilerimizden, tedarik\u00e7ilerimizden ve di\u011fer i\u015f ortaklar\u0131m\u0131zdan ayn\u0131 y\u00fcksek standartlar\u0131 bekleriz ve s\u00f6zle\u015fme s\u00fcre\u00e7lerimizin bir par\u00e7as\u0131 olarak zorla, zorunlu veya insan ticareti yoluyla \u00e7al\u0131\u015ft\u0131rmaya veya ister yeti\u015fkin ister \u00e7ocuk olsun k\u00f6lelik veya kulluk alt\u0131nda tutulan ki\u015filerin kullan\u0131m\u0131na kar\u015f\u0131 \u00f6zel yasaklar koyar\u0131z ve tedarik\u00e7ilerimizin de kendi tedarik\u00e7ilerini ayn\u0131 y\u00fcksek standartlara tabi tutmalar\u0131n\u0131 bekleriz. <\/p>\n<p>Bu politika, her d\u00fczeydeki \u00e7al\u0131\u015fanlar, y\u00f6neticiler, memurlar, ta\u015feron i\u015f\u00e7ileri, ge\u00e7ici i\u015f\u00e7iler, g\u00f6n\u00fcll\u00fcler, stajyerler, acenteler, y\u00fckleniciler, d\u0131\u015f dan\u0131\u015fmanlar, \u00fc\u00e7\u00fcnc\u00fc taraf temsilcileri ve i\u015f ortaklar\u0131 dahil olmak \u00fczere bizim i\u00e7in veya bizim ad\u0131m\u0131za herhangi bir s\u0131fatla \u00e7al\u0131\u015fan t\u00fcm ki\u015filer i\u00e7in ge\u00e7erlidir.<\/p>\n<p>Bu politika herhangi bir \u00e7al\u0131\u015fan\u0131n i\u015f s\u00f6zle\u015fmesinin bir par\u00e7as\u0131n\u0131 olu\u015fturmaz ve zaman zaman de\u011fi\u015ftirebiliriz.<\/p>\n<\/p>\n                                            <\/div>\n                <\/div>\n\n                                <div class=\"accordion-item border border-primaryOffWhite bg-white basis-full mb-2\">\n                    <div class=\"accordion-header hover:cursor-pointer py-[28px] px-[40px] flex flex-row justify-between items-center\">\n                        <h5 class=\"text-secondaryLubricants heading-5 !mb-0\">POLI\u0307TI\u0307KA I\u0307\u00c7I\u0307N SORUMLULUK<\/h5>\n                        <i class=\"bg-[url('assets\/images\/upwards-arrow-white.png')] bg-center bg-[length:11px_11px] bg-no-repeat bg-secondaryLubricants block rounded-full min-w-[30px] w-[30px] h-[30px] rotate-[135deg]\"><\/i>\n                    <\/div>\n\n                    <div class=\"accordion-content hidden pb-[28px] px-[40px]\">\n                        <p class=\"text-darkBase !mb-0\"><p>Y\u00f6netim kurulu, bu politikan\u0131n yasal ve etik y\u00fck\u00fcml\u00fcl\u00fcklerimize uygun olmas\u0131n\u0131 ve kontrolleri alt\u0131ndaki herkesin buna uymas\u0131n\u0131 sa\u011flamaktan genel olarak sorumludur.<\/p>\n<p>NCH Hukuk Ekibi ve Tedarik Zinciri Ba\u015fkanlar\u0131, bu politikan\u0131n uygulanmas\u0131, kullan\u0131m\u0131n\u0131n ve etkinli\u011finin izlenmesi, bununla ilgili her t\u00fcrl\u00fc soruyla ilgilenilmesi ve modern k\u00f6lelikle m\u00fccadelede etkili olduklar\u0131ndan emin olmak i\u00e7in i\u00e7 kontrol sistemlerinin ve prosed\u00fcrlerinin denetlenmesi konusunda birincil ve g\u00fcnl\u00fck sorumlulu\u011fa sahiptir.<\/p>\n<p>Her d\u00fczeydeki y\u00f6netim, kendilerine ba\u011fl\u0131 \u00e7al\u0131\u015fanlar\u0131n bu politikay\u0131 anlamalar\u0131n\u0131 ve bu politikaya uymalar\u0131n\u0131 sa\u011flamaktan ve bu politika ve tedarik zincirlerinde modern k\u00f6lelik konusu hakk\u0131nda yeterli ve d\u00fczenli e\u011fitim almaktan sorumludur.<\/p>\n<p>Bu politika hakk\u0131nda yorum yapmaya ve geli\u015ftirilebilece\u011fi yollar\u0131 \u00f6nermeye davetlisiniz. Yorumlar, \u00f6neriler ve sorular te\u015fvik edilmektedir ve compliance@nch.com adresine g\u00f6nderilmelidir. <\/p>\n<\/p>\n                                            <\/div>\n                <\/div>\n\n                                <div class=\"accordion-item border border-primaryOffWhite bg-white basis-full mb-2\">\n                    <div class=\"accordion-header hover:cursor-pointer py-[28px] px-[40px] flex flex-row justify-between items-center\">\n                        <h5 class=\"text-secondaryLubricants heading-5 !mb-0\">POLI\u0307TI\u0307KAYA UYGUNLUK<\/h5>\n                        <i class=\"bg-[url('assets\/images\/upwards-arrow-white.png')] bg-center bg-[length:11px_11px] bg-no-repeat bg-secondaryLubricants block rounded-full min-w-[30px] w-[30px] h-[30px] rotate-[135deg]\"><\/i>\n                    <\/div>\n\n                    <div class=\"accordion-content hidden pb-[28px] px-[40px]\">\n                        <p class=\"text-darkBase !mb-0\"><p>Bu politikay\u0131 okudu\u011funuzdan, anlad\u0131\u011f\u0131n\u0131zdan ve bu politikaya uydu\u011funuzdan emin olmal\u0131s\u0131n\u0131z. \u0130\u015fimizin veya tedarik zincirlerimizin herhangi bir b\u00f6l\u00fcm\u00fcnde modern k\u00f6leli\u011fin \u00f6nlenmesi, tespit edilmesi ve rapor edilmesi, bizim i\u00e7in veya kontrol\u00fcm\u00fcz alt\u0131nda \u00e7al\u0131\u015fan herkesin sorumlulu\u011fudur. Bu politikan\u0131n ihlaline yol a\u00e7abilecek veya bu y\u00f6nde bir izlenim uyand\u0131rabilecek her t\u00fcrl\u00fc faaliyetten ka\u00e7\u0131nman\u0131z gerekmektedir.  <\/p>\n<p>Bu politika ile bir uyu\u015fmazl\u0131\u011f\u0131n meydana geldi\u011fine veya gelecekte meydana gelebilece\u011fine inan\u0131yor veya \u015f\u00fcpheleniyorsan\u0131z, b\u00f6l\u00fcm m\u00fcd\u00fcr\u00fcn\u00fcz\u00fc, kilit i\u015f irtibat ki\u015finizi veya 001-888-471-4033 numaral\u0131 gizli yard\u0131m hatt\u0131n\u0131 m\u00fcmk\u00fcn olan en k\u0131sa s\u00fcrede bilgilendirmelisiniz.<\/p>\n<p>\u0130\u015fimizin herhangi bir b\u00f6l\u00fcm\u00fcnde veya herhangi bir tedarik\u00e7i kademesinin tedarik zincirlerinde modern k\u00f6lelikle ilgili herhangi bir sorun veya \u015f\u00fcpheye ili\u015fkin endi\u015felerinizi m\u00fcmk\u00fcn olan en erken a\u015famada dile getirmeniz te\u015fvik edilmektedir.<\/p>\n<p>Bu politikan\u0131n ihlal edildi\u011fini veya ihlal edilebilece\u011fini d\u00fc\u015f\u00fcn\u00fcyor veya bundan \u015f\u00fcpheleniyorsan\u0131z, compliance@nch.com e-posta adresinden k\u00fcresel uyum g\u00f6revlisini bilgilendirmeli veya m\u00fcmk\u00fcn olan en k\u0131sa s\u00fcrede \u0130hbar Politikam\u0131za uygun olarak bildirimde bulunmal\u0131s\u0131n\u0131z.<\/p>\n<p>Belirli bir eylemin, daha genel olarak i\u015f\u00e7ilere yap\u0131lan muamelenin veya tedarik zincirlerimizin herhangi bir kademesindeki \u00e7al\u0131\u015fma ko\u015fullar\u0131n\u0131n modern k\u00f6leli\u011fin \u00e7e\u015fitli bi\u00e7imlerinden herhangi birini olu\u015fturup olu\u015fturmad\u0131\u011f\u0131 konusunda emin de\u011filseniz, bu konuyu k\u00fcresel uyum g\u00f6revlisine veya gizli yard\u0131m hatt\u0131na iletin.<\/p>\n<p>A\u00e7\u0131kl\u0131\u011f\u0131 te\u015fvik etmeyi ama\u00e7l\u0131yoruz ve bu politika kapsam\u0131nda iyi niyetle ger\u00e7ek endi\u015felerini dile getiren herkesi, hatal\u0131 olduklar\u0131 ortaya \u00e7\u0131ksa bile destekleyece\u011fiz. Hi\u00e7 kimsenin, kendi i\u015fimizin herhangi bir b\u00f6l\u00fcm\u00fcnde veya tedarik zincirlerimizin herhangi birinde her ne \u015fekilde olursa olsun modern k\u00f6leli\u011fin ger\u00e7ekle\u015fti\u011fine veya ger\u00e7ekle\u015febilece\u011fine dair \u015f\u00fcphelerini iyi niyetle bildirmesinin bir sonucu olarak herhangi bir zararl\u0131 muameleye maruz kalmamas\u0131n\u0131 sa\u011flamay\u0131 taahh\u00fct ediyoruz. Zararl\u0131 muamele; i\u015ften \u00e7\u0131karma, disiplin cezas\u0131, tehditler veya bir endi\u015fenin dile getirilmesiyle ba\u011flant\u0131l\u0131 di\u011fer olumsuz muameleleri i\u00e7erir. Bu t\u00fcr bir muameleye maruz kald\u0131\u011f\u0131n\u0131z\u0131 d\u00fc\u015f\u00fcn\u00fcyorsan\u0131z, derhal \u0130K Ekibini veya k\u00fcresel uyum g\u00f6revlisini bilgilendirmelisiniz. Sorun \u00e7\u00f6z\u00fclmezse ve bir \u00e7al\u0131\u015fansan\u0131z, ilgili \u00fclkenin \u015eikayet Prosed\u00fcr\u00fcn\u00fc kullanarak konuyu resmi olarak dile getirmelisiniz.    <\/p>\n<\/p>\n                                            <\/div>\n                <\/div>\n\n                                <div class=\"accordion-item border border-primaryOffWhite bg-white basis-full mb-2\">\n                    <div class=\"accordion-header hover:cursor-pointer py-[28px] px-[40px] flex flex-row justify-between items-center\">\n                        <h5 class=\"text-secondaryLubricants heading-5 !mb-0\">BU POLI\u0307TI\u0307KANIN I\u0307LETI\u0307\u015eI\u0307MI\u0307 VE FARKINDALI\u011eI<\/h5>\n                        <i class=\"bg-[url('assets\/images\/upwards-arrow-white.png')] bg-center bg-[length:11px_11px] bg-no-repeat bg-secondaryLubricants block rounded-full min-w-[30px] w-[30px] h-[30px] rotate-[135deg]\"><\/i>\n                    <\/div>\n\n                    <div class=\"accordion-content hidden pb-[28px] px-[40px]\">\n                        <p class=\"text-darkBase !mb-0\"><p>Bu politika ve i\u015fletmemizin tedarik zincirlerinde modern k\u00f6lelikten kaynaklanan riskler hakk\u0131nda e\u011fitim, bizim i\u00e7in \u00e7al\u0131\u015fan t\u00fcm bireyler i\u00e7in i\u015fe al\u0131m s\u00fcrecinin bir par\u00e7as\u0131n\u0131 olu\u015fturur ve gerekti\u011finde d\u00fczenli e\u011fitim verilecektir.<\/p>\n<p>\u0130\u015fletmemizde ve tedarik zincirlerimizde modern k\u00f6leli\u011fe kar\u015f\u0131 s\u0131f\u0131r tolerans yakla\u015f\u0131m\u0131m\u0131z, t\u00fcm tedarik\u00e7ilere, y\u00fcklenicilere ve i\u015f ortaklar\u0131na onlarla i\u015f ili\u015fkimizin ba\u015flang\u0131c\u0131nda iletilmeli ve daha sonra uygun \u015fekilde peki\u015ftirilmelidir.<\/p>\n<\/p>\n                                            <\/div>\n                <\/div>\n\n                                <div class=\"accordion-item border border-primaryOffWhite bg-white basis-full mb-2\">\n                    <div class=\"accordion-header hover:cursor-pointer py-[28px] px-[40px] flex flex-row justify-between items-center\">\n                        <h5 class=\"text-secondaryLubricants heading-5 !mb-0\">BU POLI\u0307TI\u0307KANIN I\u0307HLAL EDI\u0307LMESI\u0307<\/h5>\n                        <i class=\"bg-[url('assets\/images\/upwards-arrow-white.png')] bg-center bg-[length:11px_11px] bg-no-repeat bg-secondaryLubricants block rounded-full min-w-[30px] w-[30px] h-[30px] rotate-[135deg]\"><\/i>\n                    <\/div>\n\n                    <div class=\"accordion-content hidden pb-[28px] px-[40px]\">\n                        <p class=\"text-darkBase !mb-0\"><p>Bu politikay\u0131 ihlal eden herhangi bir \u00e7al\u0131\u015fan, i\u015ften \u00e7\u0131karmaya kadar varabilecek resmi i\u015flemlerle sonu\u00e7lanabilecek disiplin cezalar\u0131yla kar\u015f\u0131 kar\u015f\u0131ya kalacakt\u0131r.<\/p>\n<p>Bu politikay\u0131 ihlal etmeleri halinde, bizim ad\u0131m\u0131za \u00e7al\u0131\u015fan di\u011fer ki\u015fi ve kurulu\u015flarla ili\u015fkimizi sona erdirme hakk\u0131m\u0131z\u0131 sakl\u0131 tutar\u0131z.<\/p>\n<\/p>\n                                            <\/div>\n                <\/div>\n\n                            <\/div>\n                <!-- Accordion End -->\n    <\/div>\n<\/div>","protected":false},"excerpt":{"rendered":"","protected":false},"author":1,"featured_media":0,"parent":0,"menu_order":0,"comment_status":"closed","ping_status":"closed","template":"","meta":{"_acf_changed":false,"footnotes":""},"class_list":["post-62518","page","type-page","status-publish","hentry"],"acf":[],"yoast_head":"<!-- This site is optimized with the Yoast SEO Premium plugin v21.7 (Yoast SEO v27.2) - https:\/\/yoast.com\/product\/yoast-seo-premium-wordpress\/ -->\n<title>K\u00f6lelik ve \u0130nsan Ticaretiyle M\u00fccadele Politikas\u0131 - NCH Lubricants<\/title>\n<meta name=\"robots\" content=\"index, follow, max-snippet:-1, max-image-preview:large, max-video-preview:-1\" \/>\n<link rel=\"canonical\" href=\"https:\/\/lubricants.ncheurope.com\/tr\/kolelik-ve-insan-ticaretiyle-mucadele-politikasi\/\" class=\"yoast-seo-meta-tag\" \/>\n<meta property=\"og:locale\" content=\"tr_TR\" class=\"yoast-seo-meta-tag\" \/>\n<meta property=\"og:type\" content=\"article\" class=\"yoast-seo-meta-tag\" \/>\n<meta property=\"og:title\" content=\"K\u00f6lelik ve \u0130nsan Ticaretiyle M\u00fccadele Politikas\u0131\" class=\"yoast-seo-meta-tag\" \/>\n<meta property=\"og:url\" content=\"https:\/\/lubricants.ncheurope.com\/tr\/kolelik-ve-insan-ticaretiyle-mucadele-politikasi\/\" class=\"yoast-seo-meta-tag\" \/>\n<meta property=\"og:site_name\" content=\"NCH Lubricants\" class=\"yoast-seo-meta-tag\" \/>\n<meta property=\"article:modified_time\" content=\"2025-09-09T05:50:10+00:00\" class=\"yoast-seo-meta-tag\" \/>\n<meta name=\"twitter:card\" content=\"summary_large_image\" class=\"yoast-seo-meta-tag\" \/>\n<script type=\"application\/ld+json\" class=\"yoast-schema-graph\">{\"@context\":\"https:\/\/schema.org\",\"@graph\":[{\"@type\":\"WebPage\",\"@id\":\"https:\/\/lubricants.ncheurope.com\/tr\/kolelik-ve-insan-ticaretiyle-mucadele-politikasi\/\",\"url\":\"https:\/\/lubricants.ncheurope.com\/tr\/kolelik-ve-insan-ticaretiyle-mucadele-politikasi\/\",\"name\":\"K\u00f6lelik ve \u0130nsan Ticaretiyle M\u00fccadele Politikas\u0131 - NCH Lubricants\",\"isPartOf\":{\"@id\":\"https:\/\/lubricants.ncheurope.com\/sv\/#website\"},\"datePublished\":\"2025-02-21T20:56:49+00:00\",\"dateModified\":\"2025-09-09T05:50:10+00:00\",\"breadcrumb\":{\"@id\":\"https:\/\/lubricants.ncheurope.com\/tr\/kolelik-ve-insan-ticaretiyle-mucadele-politikasi\/#breadcrumb\"},\"inLanguage\":\"tr\",\"potentialAction\":[{\"@type\":\"ReadAction\",\"target\":[\"https:\/\/lubricants.ncheurope.com\/tr\/kolelik-ve-insan-ticaretiyle-mucadele-politikasi\/\"]}]},{\"@type\":\"BreadcrumbList\",\"@id\":\"https:\/\/lubricants.ncheurope.com\/tr\/kolelik-ve-insan-ticaretiyle-mucadele-politikasi\/#breadcrumb\",\"itemListElement\":[{\"@type\":\"ListItem\",\"position\":1,\"name\":\"Anasayfa\",\"item\":\"https:\/\/lubricants.ncheurope.com\/tr\/\"},{\"@type\":\"ListItem\",\"position\":2,\"name\":\"K\u00f6lelik ve \u0130nsan Ticaretiyle M\u00fccadele Politikas\u0131\"}]},{\"@type\":\"WebSite\",\"@id\":\"https:\/\/lubricants.ncheurope.com\/sv\/#website\",\"url\":\"https:\/\/lubricants.ncheurope.com\/sv\/\",\"name\":\"NCH Lubricants\",\"description\":\"\",\"potentialAction\":[{\"@type\":\"SearchAction\",\"target\":{\"@type\":\"EntryPoint\",\"urlTemplate\":\"https:\/\/lubricants.ncheurope.com\/sv\/?s={search_term_string}\"},\"query-input\":{\"@type\":\"PropertyValueSpecification\",\"valueRequired\":true,\"valueName\":\"search_term_string\"}}],\"inLanguage\":\"tr\"}]}<\/script>\n<!-- \/ Yoast SEO Premium plugin. -->","yoast_head_json":{"title":"K\u00f6lelik ve \u0130nsan Ticaretiyle M\u00fccadele Politikas\u0131 - NCH Lubricants","robots":{"index":"index","follow":"follow","max-snippet":"max-snippet:-1","max-image-preview":"max-image-preview:large","max-video-preview":"max-video-preview:-1"},"canonical":"https:\/\/lubricants.ncheurope.com\/tr\/kolelik-ve-insan-ticaretiyle-mucadele-politikasi\/","og_locale":"tr_TR","og_type":"article","og_title":"K\u00f6lelik ve \u0130nsan Ticaretiyle M\u00fccadele Politikas\u0131","og_url":"https:\/\/lubricants.ncheurope.com\/tr\/kolelik-ve-insan-ticaretiyle-mucadele-politikasi\/","og_site_name":"NCH Lubricants","article_modified_time":"2025-09-09T05:50:10+00:00","twitter_card":"summary_large_image","schema":{"@context":"https:\/\/schema.org","@graph":[{"@type":"WebPage","@id":"https:\/\/lubricants.ncheurope.com\/tr\/kolelik-ve-insan-ticaretiyle-mucadele-politikasi\/","url":"https:\/\/lubricants.ncheurope.com\/tr\/kolelik-ve-insan-ticaretiyle-mucadele-politikasi\/","name":"K\u00f6lelik ve \u0130nsan Ticaretiyle M\u00fccadele Politikas\u0131 - NCH Lubricants","isPartOf":{"@id":"https:\/\/lubricants.ncheurope.com\/sv\/#website"},"datePublished":"2025-02-21T20:56:49+00:00","dateModified":"2025-09-09T05:50:10+00:00","breadcrumb":{"@id":"https:\/\/lubricants.ncheurope.com\/tr\/kolelik-ve-insan-ticaretiyle-mucadele-politikasi\/#breadcrumb"},"inLanguage":"tr","potentialAction":[{"@type":"ReadAction","target":["https:\/\/lubricants.ncheurope.com\/tr\/kolelik-ve-insan-ticaretiyle-mucadele-politikasi\/"]}]},{"@type":"BreadcrumbList","@id":"https:\/\/lubricants.ncheurope.com\/tr\/kolelik-ve-insan-ticaretiyle-mucadele-politikasi\/#breadcrumb","itemListElement":[{"@type":"ListItem","position":1,"name":"Anasayfa","item":"https:\/\/lubricants.ncheurope.com\/tr\/"},{"@type":"ListItem","position":2,"name":"K\u00f6lelik ve \u0130nsan Ticaretiyle M\u00fccadele Politikas\u0131"}]},{"@type":"WebSite","@id":"https:\/\/lubricants.ncheurope.com\/sv\/#website","url":"https:\/\/lubricants.ncheurope.com\/sv\/","name":"NCH Lubricants","description":"","potentialAction":[{"@type":"SearchAction","target":{"@type":"EntryPoint","urlTemplate":"https:\/\/lubricants.ncheurope.com\/sv\/?s={search_term_string}"},"query-input":{"@type":"PropertyValueSpecification","valueRequired":true,"valueName":"search_term_string"}}],"inLanguage":"tr"}]}},"_links":{"self":[{"href":"https:\/\/lubricants.ncheurope.com\/tr\/wp-json\/wp\/v2\/pages\/62518","targetHints":{"allow":["GET"]}}],"collection":[{"href":"https:\/\/lubricants.ncheurope.com\/tr\/wp-json\/wp\/v2\/pages"}],"about":[{"href":"https:\/\/lubricants.ncheurope.com\/tr\/wp-json\/wp\/v2\/types\/page"}],"author":[{"embeddable":true,"href":"https:\/\/lubricants.ncheurope.com\/tr\/wp-json\/wp\/v2\/users\/1"}],"replies":[{"embeddable":true,"href":"https:\/\/lubricants.ncheurope.com\/tr\/wp-json\/wp\/v2\/comments?post=62518"}],"version-history":[{"count":1,"href":"https:\/\/lubricants.ncheurope.com\/tr\/wp-json\/wp\/v2\/pages\/62518\/revisions"}],"predecessor-version":[{"id":62520,"href":"https:\/\/lubricants.ncheurope.com\/tr\/wp-json\/wp\/v2\/pages\/62518\/revisions\/62520"}],"wp:attachment":[{"href":"https:\/\/lubricants.ncheurope.com\/tr\/wp-json\/wp\/v2\/media?parent=62518"}],"curies":[{"name":"wp","href":"https:\/\/api.w.org\/{rel}","templated":true}]}}