{"id":61804,"date":"2025-02-21T16:27:06","date_gmt":"2025-02-21T16:27:06","guid":{"rendered":"https:\/\/nchdev-3ittg.projectbeta.co.uk\/?page_id=61804"},"modified":"2025-09-24T10:49:40","modified_gmt":"2025-09-24T10:49:40","slug":"dunya-capinda","status":"publish","type":"page","link":"https:\/\/lubricants.ncheurope.com\/tr\/dunya-capinda\/","title":{"rendered":"D\u00fcnya \u00c7ap\u0131nda"},"content":{"rendered":"\n<div class=\"internal-banner-block relative secondaryLubricants paddingBottomLarge bg-no-repeat pt-[110px] lg:pt-[160px]  bg-cover bg-center\" style=\"background-image: url('https:\/\/lubricants.ncheurope.com\/wp-content\/uploads\/2025\/08\/Global-Presence-Lubricants-banner.jpg')\">\n    <div class=\"overlay absolute top-0 bottom-0 left-0 right-0 z-0 gradient-secondaryLubricants-180-dark\"><\/div>    <div class=\"container relative z-10\">\n        <div class=\"breadcrumb-container mb-[60px] lg:mb-[103px] hidden md:block\">\n            <p class=\"text-lightXs !mb-0 !text-[12px] flex flex-row items-center\">You are here: <a class=\"!font-regular mx-2 hover:underline\" href=\"https:\/\/lubricants.ncheurope.com\/tr\/\">Giri\u015f<\/a> \/ <span class=\"ml-2 font-semibold\">D\u00fcnya \u00c7ap\u0131nda<\/span><\/p>\n        <\/div>\n\n        <div class=\"content-container flex flex-col-reverse md:flex-row flex-wrap justify-between\">\n\n                            <div class=\"text-container md:basis-10\/12\">\n                    <h1 class=\"heading-1-light\">D\u00fcnya Genelindeki Lokasyonlar<\/h1>                    <div class=\"wysiwyg-container text-light !mb-0 max-w-[768px]\"><h6 class=\"sr-only\">ChatGPT said:<\/h6>\n<div class=\"text-base my-auto mx-auto pb-10 [--thread-content-margin:--spacing(4)] thread-sm:[--thread-content-margin:--spacing(6)] thread-lg:[--thread-content-margin:--spacing(16)] px-(--thread-content-margin)\">\n<div class=\"[--thread-content-max-width:40rem] thread-lg:[--thread-content-max-width:48rem] mx-auto max-w-(--thread-content-max-width) flex-1 group\/turn-messages focus-visible:outline-hidden relative flex w-full min-w-0 flex-col agent-turn\">\n<div class=\"flex max-w-full flex-col grow\">\n<div class=\"min-h-8 text-message relative flex w-full flex-col items-end gap-2 text-start break-words whitespace-normal [.text-message+&amp;]:mt-5\" dir=\"auto\" data-message-author-role=\"assistant\" data-message-id=\"3fbd8cd7-c474-4348-9546-836fb31495d1\" data-message-model-slug=\"gpt-5\">\n<div class=\"flex w-full flex-col gap-1 empty:hidden first:pt-[3px]\">\n<div class=\"markdown prose dark:prose-invert w-full break-words dark markdown-new-styling\">\n<p data-start=\"141\" data-end=\"445\">NCH Lubricants, Avrupa, Asya, Kuzey Amerika ve Latin Amerika\u2019da farkl\u0131 sekt\u00f6rlere y\u00fcksek performansl\u0131 ya\u011flama \u00e7\u00f6z\u00fcmleri sunar. NCH Corporation\u2019\u0131n bir markas\u0131 olarak, k\u00fcresel \u00fcretim tesisleri ve geni\u015f sat\u0131\u015f a\u011f\u0131yla d\u00fcnya genelinde tutarl\u0131 kalite ve yenilik sa\u011flar.<\/p>\n<\/div>\n<\/div>\n<\/div>\n<\/div>\n<\/div>\n<\/div>\n<\/div>                                    <\/div>\n                    <\/div>\n    <\/div>\n<\/div>\n\n\n<div class=\"storepoint-block paddingTopLarge paddingBottomLarge\">\n    <div class=\"container\">\n        <!-- Start Text Section -->\n        <div class=\"flex flex-row flex-wrap justify-between items-center relative z-10 mb-[60px]\">\n            <h2 class=\"heading-2 basis-full text-secondaryLubricants\">Lokasyonlar\u0131m\u0131z<\/h2>            <p class=\"text-darkBase basis-full lg:basis-8\/12 mb-0\">NCH Lubricants, geni\u015f hizmet a\u011f\u0131yla i\u015fletmenize yerinde destek sunar. Size en yak\u0131n ekibimizi bulun ve hemen bug\u00fcn bizimle ileti\u015fime ge\u00e7in!<\/p>                            <a href=\"https:\/\/lubricants.ncheurope.com\/tr\/iletisime-gecin\/\" class=\"button button--secondaryLubricantsWhite relative mt-[24px] lg:mt-0 \" target=\"_parent\">Bize Ula\u015f\u0131n<\/a>\n                    <\/div>\n        <!-- End Text Section -->\n        <!-- Storepoint Widget Embed Start -->\n        <div id=\"storepoint-widget\"><\/div>\n        <script>\n        window.loadStorepoint=function(){\n            var storepoint = new StorepointWidget(\n                '167c03c2ef076f',\n                '#storepoint-widget',\n                {}\n            );\n        };!function(){var t=document.createElement(\"script\");t.type=\"text\/javascript\";t.async=!0;t.src=\"https:\/\/widget.storepoint.co\/embed.js\";t.onload=function(){\"function\"==typeof window.loadStorepoint&&window.loadStorepoint()};document.head.appendChild(t);}();\n        <\/script>\n        <!-- Storepoint Widget Embed End -->\n    <\/div>\n<\/div>\n\n\n<div class=\"text-and-link-cards-slider-block relative box-content overflow-x-hidden paddingTopLarge paddingBottomLarge secondaryLubricants has-anchor-link\">\n    <div class=\"overlay z-0 absolute top-0 left-0 right-0 bottom-2\/4 block bg-secondaryLubricants\"><\/div>\n    <!-- Start Text Section -->\n    <div class=\"container text-and-link-cards-slider-text\">\n        <div class=\"flex flex-row flex-wrap justify-between items-center relative z-10 pb-[60px]\">\n            <h2 class=\"heading-2 basis-full text-white\">Ya\u011flamada K\u00fcresel Uzmanl\u0131k<\/h2>            <p class=\"text-lightBase lg:basis-8\/12 mb-0\">Azimli sat\u0131\u015f ekipleri ve saha uzmanlar\u0131ndan olu\u015fan k\u00fcresel a\u011f\u0131m\u0131z sayesinde NCH Lubricants, \u00fcr\u00fcn ve hizmetleriyle ekipman \u00f6mr\u00fcn\u00fc uzatman\u0131za, duru\u015f s\u00fcrelerini azaltman\u0131za ve maliyetleri d\u00fc\u015f\u00fcrmenize yard\u0131mc\u0131 olur.<\/p>                    <\/div>\n    <\/div>\n    <!-- End Text Section -->\n\n    <!-- Start Slider Column -->\n            <div class=\"slider-container flex flex-col overflow-x-hidden absolute right-0\">\n            <div class=\"text-and-link-cards-slider-block-slider\">\n                                    <div class=\"slide !flex flex-col justify-start items-start bg-white border border-primaryOffWhite px-2 pt-2 pb-8 mr-2 last-of-type:mr-0 mb-5 relative shadow-[0_10px_10px_0_rgba(109,106,112,0.15)] secondaryLubricants\">\n                        <div class=\"image-container relative bg-center bg-cover bg-no-repeat w-full min-h-[178px] flex items-end mb-6\" style=\"background-image: url('https:\/\/lubricants.ncheurope.com\/wp-content\/uploads\/2025\/08\/North-Amercia-Lubricants.jpg')\">\n                            <div class=\"overlay z-0 absolute top-0 left-0 right-0 bottom-0 gradient-secondaryLubricants-180\"><\/div>\n                            <h4 class=\"heading-4 text-white px-6 z-10 relative !mb-5\">Kuzey Amerika<\/h4>                        <\/div>\n                        <p class=\"text-darkSm px-6 z-10 relative !mb-6\">Kuzey Amerika ya\u011flama b\u00f6l\u00fcm\u00fcm\u00fcz Certified Labs\u2019i ziyaret edin.<\/p>                            \n                        <!-- Start of links repeater -->\n                                                <!-- End of links repeater -->\n\n                                                    <a href=\"https:\/\/certifiedlabs.com\/\" class=\"button button--secondary button--secondaryLubricants w-[calc(100%-48px)] relative z-10 mx-6 !py-3\" target=\"_blank\">Kuzey Amerika\u2019ya Gidin<\/a>\n                                            <\/div>\n\n                                    <div class=\"slide !flex flex-col justify-start items-start bg-white border border-primaryOffWhite px-2 pt-2 pb-8 mr-2 last-of-type:mr-0 mb-5 relative shadow-[0_10px_10px_0_rgba(109,106,112,0.15)] secondaryLubricants\">\n                        <div class=\"image-container relative bg-center bg-cover bg-no-repeat w-full min-h-[178px] flex items-end mb-6\" style=\"background-image: url('https:\/\/lubricants.ncheurope.com\/wp-content\/uploads\/2025\/08\/Asia-Pacific-Lubricants.jpg')\">\n                            <div class=\"overlay z-0 absolute top-0 left-0 right-0 bottom-0 gradient-secondaryLubricants-180\"><\/div>\n                            <h4 class=\"heading-4 text-white px-6 z-10 relative !mb-5\">Asya Pasifik<\/h4>                        <\/div>\n                        <p class=\"text-darkSm px-6 z-10 relative !mb-6\">Asya Pasifik b\u00f6lgesi i\u00e7in ya\u011flama ihtiya\u00e7lar\u0131n\u0131za y\u00f6nelik web sitemizi ziyaret edin.<\/p>                            \n                        <!-- Start of links repeater -->\n                                                <!-- End of links repeater -->\n\n                                                    <a href=\"https:\/\/www.nchasia.com\/solution\/lubricants\/\" class=\"button button--secondary button--secondaryLubricants w-[calc(100%-48px)] relative z-10 mx-6 !py-3\" target=\"_blank\">APAC\u2019e Gidin<\/a>\n                                            <\/div>\n\n                                    <div class=\"slide !flex flex-col justify-start items-start bg-white border border-primaryOffWhite px-2 pt-2 pb-8 mr-2 last-of-type:mr-0 mb-5 relative shadow-[0_10px_10px_0_rgba(109,106,112,0.15)] secondaryLubricants\">\n                        <div class=\"image-container relative bg-center bg-cover bg-no-repeat w-full min-h-[178px] flex items-end mb-6\" style=\"background-image: url('https:\/\/lubricants.ncheurope.com\/wp-content\/uploads\/2025\/08\/Latin-America-Lubricants.jpg')\">\n                            <div class=\"overlay z-0 absolute top-0 left-0 right-0 bottom-0 gradient-secondaryLubricants-180\"><\/div>\n                            <h4 class=\"heading-4 text-white px-6 z-10 relative !mb-5\">Latin Amerika<\/h4>                        <\/div>\n                        <p class=\"text-darkSm px-6 z-10 relative !mb-6\">Latin Amerika b\u00f6lgesi i\u00e7in ya\u011flama ihtiya\u00e7lar\u0131n\u0131za y\u00f6nelik web sitemizi ziyaret edin.<\/p>                            \n                        <!-- Start of links repeater -->\n                                                <!-- End of links repeater -->\n\n                                                    <a href=\"https:\/\/www.la.nch.com\/lubricantes-industriales.html\" class=\"button button--secondary button--secondaryLubricants w-[calc(100%-48px)] relative z-10 mx-6 !py-3\" target=\"_blank\">LATAM\u2019a Gidin<\/a>\n                                            <\/div>\n\n                                    <div class=\"slide !flex flex-col justify-start items-start bg-white border border-primaryOffWhite px-2 pt-2 pb-8 mr-2 last-of-type:mr-0 mb-5 relative shadow-[0_10px_10px_0_rgba(109,106,112,0.15)] secondaryLubricants\">\n                        <div class=\"image-container relative bg-center bg-cover bg-no-repeat w-full min-h-[178px] flex items-end mb-6\" style=\"background-image: url('https:\/\/lubricants.ncheurope.com\/wp-content\/uploads\/2025\/08\/Get-in-touch-Lubricants.jpg')\">\n                            <div class=\"overlay z-0 absolute top-0 left-0 right-0 bottom-0 gradient-secondaryLubricants-180\"><\/div>\n                            <h4 class=\"heading-4 text-white px-6 z-10 relative !mb-5\">Ekibimizle ileti\u015fime ge\u00e7in<\/h4>                        <\/div>\n                        <p class=\"text-darkSm px-6 z-10 relative !mb-6\">Avrupa ya\u011flama ekibimizle ileti\u015fime ge\u00e7in.<\/p>                            \n                        <!-- Start of links repeater -->\n                                                <!-- End of links repeater -->\n\n                                                    <a href=\"https:\/\/lubricants.ncheurope.com\/tr\/iletisime-gecin\/\" class=\"button button--secondary button--secondaryLubricants w-[calc(100%-48px)] relative z-10 mx-6 !py-3\" target=\"_parent\">Bize Ula\u015f\u0131n<\/a>\n                                            <\/div>\n\n                            <\/div>\n        <\/div>\n        <!-- End Slider Column -->\n\n<\/div>\n\n\n<div class=\"text-image-cta-block paddingTopLarge paddingBottomLarge secondaryLubricants bg-primaryOffWhite bg-no-repeat bg-contain\">\n    <div class=\"container flex flex-col lg:flex-row-reverse\">\n        <div class=\"text-container flex flex-col items-start lg:pr-5 lg:basis-3\/6 lg:pl-[90px]\">\n                        <h2 class=\"heading-2 text-secondaryLubricants\">Size Yard\u0131mc\u0131 Olmak \u0130\u00e7in Buraday\u0131z<\/h2>                            <div class=\"text-container\">\n                    <p>NCH Lubricants\u2019\u0131n global \u00e7aptaki faaliyetleri\u00a0 operasyonlar\u0131n\u0131za \u00f6zel ihtiya\u00e7lar\u0131 anlamas\u0131n\u0131 ve t\u00fcm b\u00f6lgelerde m\u00fc\u015fteri memnuniyetini sa\u011flayacak yerelle\u015ftirilmi\u015f destek ve uzmanl\u0131k sunmas\u0131n\u0131 m\u00fcmk\u00fcn k\u0131lar.<\/p>\n                <\/div>\n                                        <a href=\"https:\/\/lubricants.ncheurope.com\/tr\/iletisime-gecin\/\" class=\"button mt-5 button--secondaryLubricants relative \" target=\"_parent\">\u0130leti\u015fime Ge\u00e7in<\/a>\n                    <\/div>\n                    <div class=\"image-container lg:basis-3\/6 relative flex flex-col mt-[24px] lg:mt-0\">\n                <div class=\"skewed-image-container min-h-[388px] bg-no-repeat bg-cover bg-center skewedImageLarge-flipped shadow-[0_10px_10px_0_rgba(109,106,112,0.15)]\" style=\"background-image: url(https:\/\/lubricants.ncheurope.com\/wp-content\/uploads\/2025\/08\/Worldwide-here-to-help.jpg);\"><\/div>\n            <\/div>\n                    <\/div>\n<\/div>\n\n\n    <div class=\"related-cards-block box-content relative bg-white paddingTopLarge paddingBottomLarge secondaryLubricants\">\n        <div class=\"container flex flex-col\">\n            <!-- Start Text Section -->\n            <div class=\"flex flex-row flex-wrap justify-between items-end relative z-10 pb-[60px]\">\n                <h2 class=\"heading-2 basis-full text-secondaryLubricants\">Ke\u015ffedilecek Daha Fazlas\u0131 Var\u2026<\/h2>                <p class=\"text-darkBase basis-full lg:basis-8\/12 !mb-0\">D\u00fcnya \u00e7ap\u0131ndaki binlerce i\u015fletmenin g\u00fcvendi\u011fi ya\u011flay\u0131c\u0131 tedarik\u00e7isi ve hizmet orta\u011f\u0131y\u0131z. K\u00fc\u00e7\u00fck, ba\u011f\u0131ms\u0131z \u015firketlerden b\u00fcy\u00fck sanayi \u00fcretim tesislerine kadar bir\u00e7ok sekt\u00f6re y\u00fcksek kaliteli ya\u011flama \u00fcr\u00fcnleriyle destek sa\u011fl\u0131yoruz.<\/p>                                    <a href=\"https:\/\/lubricants.ncheurope.com\/tr\/\" class=\"button button--secondaryLubricants hover:bg-secondaryLubricants hover:text-white relative mt-[24px] lg:mt-0\">Daha Fazlas\u0131n\u0131 Ke\u015ffedin<\/a>\n                            <\/div>\n            <!-- End Text Section -->\n            \n            <!-- Start Related Cards Section -->\n            \n                            <div class=\" flex flex-row flex-wrap\">\n                                                                        <div class=\"related-card max-w-full md:max-w-[calc(50%-4px)] lg:max-w-[calc(25%-8px)] w-full px-2 pt-2 pb-8 mr-0 md:odd:mr-2 lg:mr-2 mb-10 relative bg-white shadow-[0_10px_10px_0_rgba(109,106,112,0.15)] border border-primaryOffWhite\">\n                                <div class=\"blog-image relative bg-center bg-no-repeat bg-cover min-h-[216px] mb-6\" style=\"background-image: url('https:\/\/lubricants.ncheurope.com\/wp-content\/uploads\/2025\/06\/Construction-drop-down-menu.jpg')\"><\/div>\n                                <div class=\"flex flex-col items-start px-6\">\n                                    <h6 class=\"heading-6 text-secondaryLubricants z-10 relative !mb-4\">Sekt\u00f6rler<\/h6>\n                                    <p class=\"text-darkSm z-10 relative !mb-5\">Bir\u00e7ok sekt\u00f6rde g\u00fcvenle tercih edilen \u00e7\u00f6z\u00fcmlerimiz, y\u00fcksek performans i\u00e7in \u00f6zel olarak sunulur.<\/p>\n                                    <a href=\"https:\/\/lubricants.ncheurope.com\/tr\/endustriler\/\" class=\"button button--secondary button--secondaryLubricants\">T\u00fcm\u00fcn\u00fc Ke\u015ffedin<\/a>\n                                <\/div>\n                            <\/div>\n                                                                                                <div class=\"related-card max-w-full md:max-w-[calc(50%-4px)] lg:max-w-[calc(25%-8px)] w-full px-2 pt-2 pb-8 mr-0 md:odd:mr-2 lg:mr-2 mb-10 relative bg-white shadow-[0_10px_10px_0_rgba(109,106,112,0.15)] border border-primaryOffWhite\">\n                                <div class=\"blog-image relative bg-center bg-no-repeat bg-cover min-h-[216px] mb-6\" style=\"background-image: url('https:\/\/lubricants.ncheurope.com\/wp-content\/uploads\/2025\/06\/Lubricants-About-Us-who-we-are.jpg')\"><\/div>\n                                <div class=\"flex flex-col items-start px-6\">\n                                    <h6 class=\"heading-6 text-secondaryLubricants z-10 relative !mb-4\">\u00dcr\u00fcnler<\/h6>\n                                    <p class=\"text-darkSm z-10 relative !mb-5\">Greslerden ya\u011flara, yak\u0131t programlar\u0131ndan \u00f6zel sprey \u00e7\u00f6z\u00fcmlerine kadar ihtiyac\u0131n\u0131z olan her \u015fey NCH Lubricants\u2019ta.<\/p>\n                                    <a href=\"https:\/\/lubricants.ncheurope.com\/en\/products\/\" class=\"button button--secondary button--secondaryLubricants\">G\u00f6z At\u0131n<\/a>\n                                <\/div>\n                            <\/div>\n                                                                                                <div class=\"related-card max-w-full md:max-w-[calc(50%-4px)] lg:max-w-[calc(25%-8px)] w-full px-2 pt-2 pb-8 mr-0 md:odd:mr-2 lg:mr-2 mb-10 relative bg-white shadow-[0_10px_10px_0_rgba(109,106,112,0.15)] border border-primaryOffWhite\">\n                                <div class=\"blog-image relative bg-center bg-no-repeat bg-cover min-h-[216px] mb-6\" style=\"background-image: url('https:\/\/lubricants.ncheurope.com\/wp-content\/uploads\/2025\/06\/Lubricants-About-Us-Quality-and-Innovation.png')\"><\/div>\n                                <div class=\"flex flex-col items-start px-6\">\n                                    <h6 class=\"heading-6 text-secondaryLubricants z-10 relative !mb-4\">Kariyer<\/h6>\n                                    <p class=\"text-darkSm z-10 relative !mb-5\">NCH Lubricants\u2019ta \u00e7al\u0131\u015fmak ister misiniz? G\u00fcncel pozisyonlara g\u00f6z at\u0131n ve kariyerinize bizimle y\u00f6n verin.<\/p>\n                                    <a href=\"https:\/\/lubricants.ncheurope.com\/tr\/kariyer\/\" class=\"button button--secondary button--secondaryLubricants\">Hemen Ba\u015fvurun<\/a>\n                                <\/div>\n                            <\/div>\n                                                                                                <div class=\"related-card max-w-full md:max-w-[calc(50%-4px)] lg:max-w-[calc(25%-8px)] w-full px-2 pt-2 pb-8 mr-0 md:odd:mr-2 lg:mr-2 mb-10 relative bg-white shadow-[0_10px_10px_0_rgba(109,106,112,0.15)] border border-primaryOffWhite\">\n                                <div class=\"blog-image relative bg-center bg-no-repeat bg-cover min-h-[216px] mb-6\" style=\"background-image: url('https:\/\/lubricants.ncheurope.com\/wp-content\/uploads\/2025\/06\/Our-manufacturing.jpg')\"><\/div>\n                                <div class=\"flex flex-col items-start px-6\">\n                                    <h6 class=\"heading-6 text-secondaryLubricants z-10 relative !mb-4\">Hakk\u0131m\u0131zda<\/h6>\n                                    <p class=\"text-darkSm z-10 relative !mb-5\">NCH Lubricants, 1949\u2019dan bu yana global \u00f6l\u00e7ekte tan\u0131nan, tam hizmet ya\u011flay\u0131c\u0131 tedarik\u00e7isidir.<\/p>\n                                    <a href=\"https:\/\/lubricants.ncheurope.com\/tr\/hakkimizda\/\" class=\"button button--secondary button--secondaryLubricants\">Daha Fazla Bilgi<\/a>\n                                <\/div>\n                            <\/div>\n                                                            <\/div>\n                        \n            <!-- End Related Cards Section -->\n        <\/div>\n\n    <\/div>\n\n\n<p><\/p>\n","protected":false},"excerpt":{"rendered":"","protected":false},"author":2,"featured_media":0,"parent":0,"menu_order":0,"comment_status":"closed","ping_status":"closed","template":"","meta":{"_acf_changed":false,"footnotes":""},"class_list":["post-61804","page","type-page","status-publish","hentry"],"acf":[],"yoast_head":"<!-- This site is optimized with the Yoast SEO Premium plugin v21.7 (Yoast SEO v27.2) - https:\/\/yoast.com\/product\/yoast-seo-premium-wordpress\/ -->\n<title>D\u00fcnya \u00c7ap\u0131nda - NCH Lubricants<\/title>\n<meta name=\"description\" content=\"NCH Lubricants, Avrupa, Asya, Kuzey Amerika ve Latin Amerika&#039;da bir\u00e7ok sekt\u00f6re hizmet veren y\u00fcksek performansl\u0131 ya\u011flama \u00e7\u00f6z\u00fcmleri sunar.\" class=\"yoast-seo-meta-tag\" \/>\n<meta name=\"robots\" content=\"index, follow, max-snippet:-1, max-image-preview:large, max-video-preview:-1\" \/>\n<link rel=\"canonical\" href=\"https:\/\/lubricants.ncheurope.com\/tr\/dunya-capinda\/\" class=\"yoast-seo-meta-tag\" \/>\n<meta property=\"og:locale\" content=\"tr_TR\" class=\"yoast-seo-meta-tag\" \/>\n<meta property=\"og:type\" content=\"article\" class=\"yoast-seo-meta-tag\" \/>\n<meta property=\"og:title\" content=\"D\u00fcnya \u00c7ap\u0131nda\" class=\"yoast-seo-meta-tag\" \/>\n<meta property=\"og:description\" content=\"NCH Lubricants, Avrupa, Asya, Kuzey Amerika ve Latin Amerika&#039;da bir\u00e7ok sekt\u00f6re hizmet veren y\u00fcksek performansl\u0131 ya\u011flama \u00e7\u00f6z\u00fcmleri sunar.\" class=\"yoast-seo-meta-tag\" \/>\n<meta property=\"og:url\" content=\"https:\/\/lubricants.ncheurope.com\/tr\/dunya-capinda\/\" class=\"yoast-seo-meta-tag\" \/>\n<meta property=\"og:site_name\" content=\"NCH Lubricants\" class=\"yoast-seo-meta-tag\" \/>\n<meta property=\"article:modified_time\" content=\"2025-09-24T10:49:40+00:00\" class=\"yoast-seo-meta-tag\" \/>\n<meta name=\"twitter:card\" content=\"summary_large_image\" class=\"yoast-seo-meta-tag\" \/>\n<script type=\"application\/ld+json\" class=\"yoast-schema-graph\">{\"@context\":\"https:\/\/schema.org\",\"@graph\":[{\"@type\":\"WebPage\",\"@id\":\"https:\/\/lubricants.ncheurope.com\/tr\/dunya-capinda\/\",\"url\":\"https:\/\/lubricants.ncheurope.com\/tr\/dunya-capinda\/\",\"name\":\"D\u00fcnya \u00c7ap\u0131nda - NCH Lubricants\",\"isPartOf\":{\"@id\":\"https:\/\/lubricants.ncheurope.com\/sv\/#website\"},\"datePublished\":\"2025-02-21T16:27:06+00:00\",\"dateModified\":\"2025-09-24T10:49:40+00:00\",\"description\":\"NCH Lubricants, Avrupa, Asya, Kuzey Amerika ve Latin Amerika'da bir\u00e7ok sekt\u00f6re hizmet veren y\u00fcksek performansl\u0131 ya\u011flama \u00e7\u00f6z\u00fcmleri sunar.\",\"breadcrumb\":{\"@id\":\"https:\/\/lubricants.ncheurope.com\/tr\/dunya-capinda\/#breadcrumb\"},\"inLanguage\":\"tr\",\"potentialAction\":[{\"@type\":\"ReadAction\",\"target\":[\"https:\/\/lubricants.ncheurope.com\/tr\/dunya-capinda\/\"]}]},{\"@type\":\"BreadcrumbList\",\"@id\":\"https:\/\/lubricants.ncheurope.com\/tr\/dunya-capinda\/#breadcrumb\",\"itemListElement\":[{\"@type\":\"ListItem\",\"position\":1,\"name\":\"Anasayfa\",\"item\":\"https:\/\/lubricants.ncheurope.com\/tr\/\"},{\"@type\":\"ListItem\",\"position\":2,\"name\":\"D\u00fcnya \u00c7ap\u0131nda\"}]},{\"@type\":\"WebSite\",\"@id\":\"https:\/\/lubricants.ncheurope.com\/sv\/#website\",\"url\":\"https:\/\/lubricants.ncheurope.com\/sv\/\",\"name\":\"NCH Lubricants\",\"description\":\"\",\"potentialAction\":[{\"@type\":\"SearchAction\",\"target\":{\"@type\":\"EntryPoint\",\"urlTemplate\":\"https:\/\/lubricants.ncheurope.com\/sv\/?s={search_term_string}\"},\"query-input\":{\"@type\":\"PropertyValueSpecification\",\"valueRequired\":true,\"valueName\":\"search_term_string\"}}],\"inLanguage\":\"tr\"}]}<\/script>\n<!-- \/ Yoast SEO Premium plugin. -->","yoast_head_json":{"title":"D\u00fcnya \u00c7ap\u0131nda - NCH Lubricants","description":"NCH Lubricants, Avrupa, Asya, Kuzey Amerika ve Latin Amerika'da bir\u00e7ok sekt\u00f6re hizmet veren y\u00fcksek performansl\u0131 ya\u011flama \u00e7\u00f6z\u00fcmleri sunar.","robots":{"index":"index","follow":"follow","max-snippet":"max-snippet:-1","max-image-preview":"max-image-preview:large","max-video-preview":"max-video-preview:-1"},"canonical":"https:\/\/lubricants.ncheurope.com\/tr\/dunya-capinda\/","og_locale":"tr_TR","og_type":"article","og_title":"D\u00fcnya \u00c7ap\u0131nda","og_description":"NCH Lubricants, Avrupa, Asya, Kuzey Amerika ve Latin Amerika'da bir\u00e7ok sekt\u00f6re hizmet veren y\u00fcksek performansl\u0131 ya\u011flama \u00e7\u00f6z\u00fcmleri sunar.","og_url":"https:\/\/lubricants.ncheurope.com\/tr\/dunya-capinda\/","og_site_name":"NCH Lubricants","article_modified_time":"2025-09-24T10:49:40+00:00","twitter_card":"summary_large_image","schema":{"@context":"https:\/\/schema.org","@graph":[{"@type":"WebPage","@id":"https:\/\/lubricants.ncheurope.com\/tr\/dunya-capinda\/","url":"https:\/\/lubricants.ncheurope.com\/tr\/dunya-capinda\/","name":"D\u00fcnya \u00c7ap\u0131nda - NCH Lubricants","isPartOf":{"@id":"https:\/\/lubricants.ncheurope.com\/sv\/#website"},"datePublished":"2025-02-21T16:27:06+00:00","dateModified":"2025-09-24T10:49:40+00:00","description":"NCH Lubricants, Avrupa, Asya, Kuzey Amerika ve Latin Amerika'da bir\u00e7ok sekt\u00f6re hizmet veren y\u00fcksek performansl\u0131 ya\u011flama \u00e7\u00f6z\u00fcmleri sunar.","breadcrumb":{"@id":"https:\/\/lubricants.ncheurope.com\/tr\/dunya-capinda\/#breadcrumb"},"inLanguage":"tr","potentialAction":[{"@type":"ReadAction","target":["https:\/\/lubricants.ncheurope.com\/tr\/dunya-capinda\/"]}]},{"@type":"BreadcrumbList","@id":"https:\/\/lubricants.ncheurope.com\/tr\/dunya-capinda\/#breadcrumb","itemListElement":[{"@type":"ListItem","position":1,"name":"Anasayfa","item":"https:\/\/lubricants.ncheurope.com\/tr\/"},{"@type":"ListItem","position":2,"name":"D\u00fcnya \u00c7ap\u0131nda"}]},{"@type":"WebSite","@id":"https:\/\/lubricants.ncheurope.com\/sv\/#website","url":"https:\/\/lubricants.ncheurope.com\/sv\/","name":"NCH Lubricants","description":"","potentialAction":[{"@type":"SearchAction","target":{"@type":"EntryPoint","urlTemplate":"https:\/\/lubricants.ncheurope.com\/sv\/?s={search_term_string}"},"query-input":{"@type":"PropertyValueSpecification","valueRequired":true,"valueName":"search_term_string"}}],"inLanguage":"tr"}]}},"_links":{"self":[{"href":"https:\/\/lubricants.ncheurope.com\/tr\/wp-json\/wp\/v2\/pages\/61804","targetHints":{"allow":["GET"]}}],"collection":[{"href":"https:\/\/lubricants.ncheurope.com\/tr\/wp-json\/wp\/v2\/pages"}],"about":[{"href":"https:\/\/lubricants.ncheurope.com\/tr\/wp-json\/wp\/v2\/types\/page"}],"author":[{"embeddable":true,"href":"https:\/\/lubricants.ncheurope.com\/tr\/wp-json\/wp\/v2\/users\/2"}],"replies":[{"embeddable":true,"href":"https:\/\/lubricants.ncheurope.com\/tr\/wp-json\/wp\/v2\/comments?post=61804"}],"version-history":[{"count":4,"href":"https:\/\/lubricants.ncheurope.com\/tr\/wp-json\/wp\/v2\/pages\/61804\/revisions"}],"predecessor-version":[{"id":63126,"href":"https:\/\/lubricants.ncheurope.com\/tr\/wp-json\/wp\/v2\/pages\/61804\/revisions\/63126"}],"wp:attachment":[{"href":"https:\/\/lubricants.ncheurope.com\/tr\/wp-json\/wp\/v2\/media?parent=61804"}],"curies":[{"name":"wp","href":"https:\/\/api.w.org\/{rel}","templated":true}]}}