{"id":61659,"date":"2025-02-19T16:22:44","date_gmt":"2025-02-19T16:22:44","guid":{"rendered":"https:\/\/nchdev-3ittg.projectbeta.co.uk\/tesekkur-ederim\/"},"modified":"2025-09-08T14:07:20","modified_gmt":"2025-09-08T14:07:20","slug":"tesekkur-ederim","status":"publish","type":"page","link":"https:\/\/lubricants.ncheurope.com\/tr\/tesekkur-ederim\/","title":{"rendered":"Te\u015fekk\u00fcr ederim"},"content":{"rendered":"\n<div class=\"internal-banner-block relative secondaryLubricants paddingBottomLarge bg-no-repeat pt-[110px] lg:pt-[160px] bg-white bg-[url('assets\/images\/background-shape.png')] bg-right-bottom bg-contain\" >\n        <div class=\"container relative z-10\">\n        <div class=\"breadcrumb-container mb-[60px] lg:mb-[103px] hidden md:block\">\n            <p class=\"text-darkXs !mb-0 !text-[12px] flex flex-row items-center\">You are here: <a class=\"!font-regular mx-2 hover:underline\" href=\"https:\/\/lubricants.ncheurope.com\/tr\/\">Giri\u015f<\/a> \/ <span class=\"ml-2 font-semibold\">Te\u015fekk\u00fcr ederim<\/span><\/p>\n        <\/div>\n\n        <div class=\"content-container flex flex-col-reverse md:flex-row flex-wrap justify-between\">\n\n                            <div class=\"text-container md:basis-10\/12\">\n                    <h1 class=\"heading-1 text-secondaryLubricants\">NCH Lubricants ile ileti\u015fime ge\u00e7ti\u011finiz i\u00e7in te\u015fekk\u00fcr ederiz<\/h1>                    <div class=\"wysiwyg-container text-dark !mb-0 max-w-[768px]\"><p>Ekibimizin bir \u00fcyesi k\u0131sa s\u00fcre i\u00e7inde sizinle ileti\u015fime ge\u00e7ecektir. Acil olarak biriyle konu\u015fman\u0131z gerekiyorsa, telefon numaralar\u0131 ve e-posta adreslerinin tam listesi i\u00e7in l\u00fctfen ileti\u015fim sayfam\u0131z\u0131 ziyaret edin.   <\/p>\n<\/div>                                            <a href=\"https:\/\/lubricants.ncheurope.com\/tr\/iletisime-gecin\/\" class=\"button button--secondaryLubricants mt-[32px]\">Bize ula\u015f\u0131n  <\/a>\n                                    <\/div>\n                    <\/div>\n    <\/div>\n<\/div>\n\n\n    <div class=\"related-cards-block box-content relative bg-primaryOffWhite paddingTopLarge paddingBottomLarge secondaryLubricants\">\n        <div class=\"container flex flex-col\">\n            <!-- Start Text Section -->\n            <div class=\"flex flex-row flex-wrap justify-between items-end relative z-10 pb-[60px]\">\n                <h2 class=\"heading-2 basis-full text-secondaryLubricants\">Ke\u015ffedilecek daha \u00e7ok \u015fey var<\/h2>                <p class=\"text-darkBase basis-full lg:basis-8\/12 !mb-0\">D\u00fcnya \u00e7ap\u0131nda binlerce i\u015fletmenin g\u00fcvenilir ya\u011f tedarik\u00e7isi ve hizmet orta\u011f\u0131y\u0131z. K\u00fc\u00e7\u00fck, ba\u011f\u0131ms\u0131z \u015firketlerden b\u00fcy\u00fck \u00f6l\u00e7ekli end\u00fcstriyel \u00fcretim tesislerine kadar \u00e7ok \u00e7e\u015fitli sekt\u00f6rleri y\u00fcksek kaliteli ya\u011flama \u00fcr\u00fcnleriyle destekliyoruz. <\/p>                                    <a href=\"https:\/\/lubricants.ncheurope.com\/tr\" class=\"button button--secondaryLubricants hover:bg-secondaryLubricants hover:text-white relative mt-[24px] lg:mt-0\">Daha fazlas\u0131n\u0131 ke\u015ffedin<\/a>\n                            <\/div>\n            <!-- End Text Section -->\n            \n            <!-- Start Related Cards Section -->\n            \n                            <div class=\" flex flex-row flex-wrap\">\n                                                                        <div class=\"related-card max-w-full md:max-w-[calc(50%-4px)] lg:max-w-[calc(25%-8px)] w-full px-2 pt-2 pb-8 mr-0 md:odd:mr-2 lg:mr-2 mb-10 relative bg-white shadow-[0_10px_10px_0_rgba(109,106,112,0.15)] border border-primaryOffWhite\">\n                                <div class=\"blog-image relative bg-center bg-no-repeat bg-cover min-h-[216px] mb-6\" style=\"background-image: url('https:\/\/lubricants.ncheurope.com\/wp-content\/uploads\/2025\/06\/Construction-drop-down-menu.jpg')\"><\/div>\n                                <div class=\"flex flex-col items-start px-6\">\n                                    <h6 class=\"heading-6 text-secondaryLubricants z-10 relative !mb-4\">End\u00fcstriler<\/h6>\n                                    <p class=\"text-darkSm z-10 relative !mb-5\">T\u00fcm sekt\u00f6rlerde g\u00fcvenilen, en y\u00fcksek performans i\u00e7in \u00f6zel ya\u011flay\u0131c\u0131 \u00e7\u00f6z\u00fcmleri sunuyoruz.<\/p>\n                                    <a href=\"https:\/\/lubricants.ncheurope.com\/tr\/endustriler\/\" class=\"button button--secondary button--secondaryLubricants\">T\u00fcm\u00fcn\u00fc ke\u015ffedin<\/a>\n                                <\/div>\n                            <\/div>\n                                                                                                <div class=\"related-card max-w-full md:max-w-[calc(50%-4px)] lg:max-w-[calc(25%-8px)] w-full px-2 pt-2 pb-8 mr-0 md:odd:mr-2 lg:mr-2 mb-10 relative bg-white shadow-[0_10px_10px_0_rgba(109,106,112,0.15)] border border-primaryOffWhite\">\n                                <div class=\"blog-image relative bg-center bg-no-repeat bg-cover min-h-[216px] mb-6\" style=\"background-image: url('https:\/\/lubricants.ncheurope.com\/wp-content\/uploads\/2025\/06\/Lubricants-About-Us-who-we-are.jpg')\"><\/div>\n                                <div class=\"flex flex-col items-start px-6\">\n                                    <h6 class=\"heading-6 text-secondaryLubricants z-10 relative !mb-4\">\u00dcr\u00fcnler<\/h6>\n                                    <p class=\"text-darkSm z-10 relative !mb-5\">Greslerden ya\u011flara, yak\u0131t programlar\u0131ndan \u00f6zel aerosollere kadar NCH Ya\u011flay\u0131c\u0131lar\u0131 sizi korur.<\/p>\n                                    <a href=\"https:\/\/lubricants.ncheurope.com\/tr\/urunler\/\" class=\"button button--secondary button--secondaryLubricants\">Bir g\u00f6z at\u0131n<\/a>\n                                <\/div>\n                            <\/div>\n                                                                                                <div class=\"related-card max-w-full md:max-w-[calc(50%-4px)] lg:max-w-[calc(25%-8px)] w-full px-2 pt-2 pb-8 mr-0 md:odd:mr-2 lg:mr-2 mb-10 relative bg-white shadow-[0_10px_10px_0_rgba(109,106,112,0.15)] border border-primaryOffWhite\">\n                                <div class=\"blog-image relative bg-center bg-no-repeat bg-cover min-h-[216px] mb-6\" style=\"background-image: url('https:\/\/lubricants.ncheurope.com\/wp-content\/uploads\/2025\/09\/products-and-services-tab.jpg')\"><\/div>\n                                <div class=\"flex flex-col items-start px-6\">\n                                    <h6 class=\"heading-6 text-secondaryLubricants z-10 relative !mb-4\">Katma De\u011ferli Programlar<\/h6>\n                                    <p class=\"text-darkSm z-10 relative !mb-5\">Ya\u011flay\u0131c\u0131 programlar\u0131n\u0131z\u0131n potansiyelini en \u00fcst d\u00fczeye \u00e7\u0131karmak i\u00e7in i\u015fletmenizin ihtiya\u00e7 duydu\u011fu her \u015feyi sa\u011fl\u0131yoruz.<\/p>\n                                    <a href=\"https:\/\/lubricants.ncheurope.com\/tr\/katma-degerli-programlar\/\" class=\"button button--secondary button--secondaryLubricants\">Daha fazla bilgi edinin<\/a>\n                                <\/div>\n                            <\/div>\n                                                                                                <div class=\"related-card max-w-full md:max-w-[calc(50%-4px)] lg:max-w-[calc(25%-8px)] w-full px-2 pt-2 pb-8 mr-0 md:odd:mr-2 lg:mr-2 mb-10 relative bg-white shadow-[0_10px_10px_0_rgba(109,106,112,0.15)] border border-primaryOffWhite\">\n                                <div class=\"blog-image relative bg-center bg-no-repeat bg-cover min-h-[216px] mb-6\" style=\"background-image: url('https:\/\/lubricants.ncheurope.com\/wp-content\/uploads\/2025\/06\/Lubricants-About-Us-Quality-and-Innovation.png')\"><\/div>\n                                <div class=\"flex flex-col items-start px-6\">\n                                    <h6 class=\"heading-6 text-secondaryLubricants z-10 relative !mb-4\">Kariyer<\/h6>\n                                    <p class=\"text-darkSm z-10 relative !mb-5\">NCH Lubricants ile \u00e7al\u0131\u015fmak ister misiniz? En yeni pozisyonlar\u0131 bulun ve kariyerinize bizimle ba\u015flay\u0131n.<\/p>\n                                    <a href=\"https:\/\/lubricants.ncheurope.com\/tr\/kariyer\/\" class=\"button button--secondary button--secondaryLubricants\">\u015eimdi ba\u015fvurun  <\/a>\n                                <\/div>\n                            <\/div>\n                                                            <\/div>\n                        \n            <!-- End Related Cards Section -->\n        <\/div>\n\n    <\/div>","protected":false},"excerpt":{"rendered":"","protected":false},"author":2,"featured_media":0,"parent":0,"menu_order":0,"comment_status":"closed","ping_status":"closed","template":"","meta":{"_acf_changed":false,"footnotes":""},"class_list":["post-61659","page","type-page","status-publish","hentry"],"acf":[],"yoast_head":"<!-- This site is optimized with the Yoast SEO Premium plugin v21.7 (Yoast SEO v27.2) - https:\/\/yoast.com\/product\/yoast-seo-premium-wordpress\/ -->\n<title>Te\u015fekk\u00fcr ederim - NCH Lubricants<\/title>\n<meta name=\"robots\" content=\"index, follow, max-snippet:-1, max-image-preview:large, max-video-preview:-1\" \/>\n<link rel=\"canonical\" href=\"https:\/\/lubricants.ncheurope.com\/tr\/tesekkur-ederim\/\" class=\"yoast-seo-meta-tag\" \/>\n<meta property=\"og:locale\" content=\"tr_TR\" class=\"yoast-seo-meta-tag\" \/>\n<meta property=\"og:type\" content=\"article\" class=\"yoast-seo-meta-tag\" \/>\n<meta property=\"og:title\" content=\"Te\u015fekk\u00fcr ederim\" class=\"yoast-seo-meta-tag\" \/>\n<meta property=\"og:url\" content=\"https:\/\/lubricants.ncheurope.com\/tr\/tesekkur-ederim\/\" class=\"yoast-seo-meta-tag\" \/>\n<meta property=\"og:site_name\" content=\"NCH Lubricants\" class=\"yoast-seo-meta-tag\" \/>\n<meta property=\"article:modified_time\" content=\"2025-09-08T14:07:20+00:00\" class=\"yoast-seo-meta-tag\" \/>\n<meta name=\"twitter:card\" content=\"summary_large_image\" class=\"yoast-seo-meta-tag\" \/>\n<script type=\"application\/ld+json\" class=\"yoast-schema-graph\">{\"@context\":\"https:\/\/schema.org\",\"@graph\":[{\"@type\":\"WebPage\",\"@id\":\"https:\/\/lubricants.ncheurope.com\/tr\/tesekkur-ederim\/\",\"url\":\"https:\/\/lubricants.ncheurope.com\/tr\/tesekkur-ederim\/\",\"name\":\"Te\u015fekk\u00fcr ederim - NCH Lubricants\",\"isPartOf\":{\"@id\":\"https:\/\/lubricants.ncheurope.com\/sv\/#website\"},\"datePublished\":\"2025-02-19T16:22:44+00:00\",\"dateModified\":\"2025-09-08T14:07:20+00:00\",\"breadcrumb\":{\"@id\":\"https:\/\/lubricants.ncheurope.com\/tr\/tesekkur-ederim\/#breadcrumb\"},\"inLanguage\":\"tr\",\"potentialAction\":[{\"@type\":\"ReadAction\",\"target\":[\"https:\/\/lubricants.ncheurope.com\/tr\/tesekkur-ederim\/\"]}]},{\"@type\":\"BreadcrumbList\",\"@id\":\"https:\/\/lubricants.ncheurope.com\/tr\/tesekkur-ederim\/#breadcrumb\",\"itemListElement\":[{\"@type\":\"ListItem\",\"position\":1,\"name\":\"Anasayfa\",\"item\":\"https:\/\/lubricants.ncheurope.com\/tr\/\"},{\"@type\":\"ListItem\",\"position\":2,\"name\":\"Te\u015fekk\u00fcr ederim\"}]},{\"@type\":\"WebSite\",\"@id\":\"https:\/\/lubricants.ncheurope.com\/sv\/#website\",\"url\":\"https:\/\/lubricants.ncheurope.com\/sv\/\",\"name\":\"NCH Lubricants\",\"description\":\"\",\"potentialAction\":[{\"@type\":\"SearchAction\",\"target\":{\"@type\":\"EntryPoint\",\"urlTemplate\":\"https:\/\/lubricants.ncheurope.com\/sv\/?s={search_term_string}\"},\"query-input\":{\"@type\":\"PropertyValueSpecification\",\"valueRequired\":true,\"valueName\":\"search_term_string\"}}],\"inLanguage\":\"tr\"}]}<\/script>\n<!-- \/ Yoast SEO Premium plugin. -->","yoast_head_json":{"title":"Te\u015fekk\u00fcr ederim - NCH Lubricants","robots":{"index":"index","follow":"follow","max-snippet":"max-snippet:-1","max-image-preview":"max-image-preview:large","max-video-preview":"max-video-preview:-1"},"canonical":"https:\/\/lubricants.ncheurope.com\/tr\/tesekkur-ederim\/","og_locale":"tr_TR","og_type":"article","og_title":"Te\u015fekk\u00fcr ederim","og_url":"https:\/\/lubricants.ncheurope.com\/tr\/tesekkur-ederim\/","og_site_name":"NCH Lubricants","article_modified_time":"2025-09-08T14:07:20+00:00","twitter_card":"summary_large_image","schema":{"@context":"https:\/\/schema.org","@graph":[{"@type":"WebPage","@id":"https:\/\/lubricants.ncheurope.com\/tr\/tesekkur-ederim\/","url":"https:\/\/lubricants.ncheurope.com\/tr\/tesekkur-ederim\/","name":"Te\u015fekk\u00fcr ederim - NCH Lubricants","isPartOf":{"@id":"https:\/\/lubricants.ncheurope.com\/sv\/#website"},"datePublished":"2025-02-19T16:22:44+00:00","dateModified":"2025-09-08T14:07:20+00:00","breadcrumb":{"@id":"https:\/\/lubricants.ncheurope.com\/tr\/tesekkur-ederim\/#breadcrumb"},"inLanguage":"tr","potentialAction":[{"@type":"ReadAction","target":["https:\/\/lubricants.ncheurope.com\/tr\/tesekkur-ederim\/"]}]},{"@type":"BreadcrumbList","@id":"https:\/\/lubricants.ncheurope.com\/tr\/tesekkur-ederim\/#breadcrumb","itemListElement":[{"@type":"ListItem","position":1,"name":"Anasayfa","item":"https:\/\/lubricants.ncheurope.com\/tr\/"},{"@type":"ListItem","position":2,"name":"Te\u015fekk\u00fcr ederim"}]},{"@type":"WebSite","@id":"https:\/\/lubricants.ncheurope.com\/sv\/#website","url":"https:\/\/lubricants.ncheurope.com\/sv\/","name":"NCH Lubricants","description":"","potentialAction":[{"@type":"SearchAction","target":{"@type":"EntryPoint","urlTemplate":"https:\/\/lubricants.ncheurope.com\/sv\/?s={search_term_string}"},"query-input":{"@type":"PropertyValueSpecification","valueRequired":true,"valueName":"search_term_string"}}],"inLanguage":"tr"}]}},"_links":{"self":[{"href":"https:\/\/lubricants.ncheurope.com\/tr\/wp-json\/wp\/v2\/pages\/61659","targetHints":{"allow":["GET"]}}],"collection":[{"href":"https:\/\/lubricants.ncheurope.com\/tr\/wp-json\/wp\/v2\/pages"}],"about":[{"href":"https:\/\/lubricants.ncheurope.com\/tr\/wp-json\/wp\/v2\/types\/page"}],"author":[{"embeddable":true,"href":"https:\/\/lubricants.ncheurope.com\/tr\/wp-json\/wp\/v2\/users\/2"}],"replies":[{"embeddable":true,"href":"https:\/\/lubricants.ncheurope.com\/tr\/wp-json\/wp\/v2\/comments?post=61659"}],"version-history":[{"count":3,"href":"https:\/\/lubricants.ncheurope.com\/tr\/wp-json\/wp\/v2\/pages\/61659\/revisions"}],"predecessor-version":[{"id":62511,"href":"https:\/\/lubricants.ncheurope.com\/tr\/wp-json\/wp\/v2\/pages\/61659\/revisions\/62511"}],"wp:attachment":[{"href":"https:\/\/lubricants.ncheurope.com\/tr\/wp-json\/wp\/v2\/media?parent=61659"}],"curies":[{"name":"wp","href":"https:\/\/api.w.org\/{rel}","templated":true}]}}