{"id":61560,"date":"2025-02-21T19:16:02","date_gmt":"2025-02-21T19:16:02","guid":{"rendered":"https:\/\/nchdev-3ittg.projectbeta.co.uk\/om-oss\/global-smorjning\/"},"modified":"2025-09-04T14:52:50","modified_gmt":"2025-09-04T14:52:50","slug":"global-smorjning","status":"publish","type":"page","link":"https:\/\/lubricants.ncheurope.com\/sv\/om-oss\/global-smorjning\/","title":{"rendered":"Global sm\u00f6rjning"},"content":{"rendered":"\n<div class=\"internal-banner-block relative secondaryLubricants paddingBottomLarge bg-no-repeat pt-[110px] lg:pt-[160px]  bg-cover bg-center\" style=\"background-image: url('https:\/\/lubricants.ncheurope.com\/wp-content\/uploads\/2025\/08\/Global-Presence-Lubricants-banner.jpg')\">\n    <div class=\"overlay absolute top-0 bottom-0 left-0 right-0 z-0 gradient-secondaryLubricants-180-dark\"><\/div>    <div class=\"container relative z-10\">\n        <div class=\"breadcrumb-container mb-[60px] lg:mb-[103px] hidden md:block\">\n            <p class=\"text-lightXs !mb-0 !text-[12px] flex flex-row items-center\">You are here: <a class=\"!font-regular mx-2 hover:underline\" href=\"https:\/\/lubricants.ncheurope.com\/sv\/\">Hem<\/a> \/ <a class=\"mx-2 hover:underline\" href=\"https:\/\/lubricants.ncheurope.com\/sv\/om-oss\/\">Om oss<\/a> \/ <select name=\"breadcrumb-select\" id=\"breadcrumb-select\" class=\"breadcrumb-select\"><option value=\"https:\/\/lubricants.ncheurope.com\/sv\/om-oss\/produktkvalitet-och-innovation\/\">Produktkvalitet och innovation<\/option><option value=\"https:\/\/lubricants.ncheurope.com\/sv\/om-oss\/historia\/\">Historia<\/option><option value=\"https:\/\/lubricants.ncheurope.com\/sv\/om-oss\/global-smorjning\/\">Global sm\u00f6rjning<\/option><option value=\"https:\/\/lubricants.ncheurope.com\/sv\/om-oss\/hallbarhet\/\">H\u00e5llbarhet<\/option><\/select><\/p>\n        <\/div>\n\n        <div class=\"content-container flex flex-col-reverse md:flex-row flex-wrap justify-between\">\n\n                            <div class=\"text-container md:basis-10\/12\">\n                    <h1 class=\"heading-1-light\">Global sm\u00f6rjning  <\/h1>                    <div class=\"wysiwyg-container text-light !mb-0 max-w-[768px]\"><p>NCH Lubricants \u00e4r specialiserat p\u00e5 avancerad sm\u00f6rjteknik f\u00f6r tung utrustning och industriella till\u00e4mpningar och bedriver verksamhet p\u00e5 global niv\u00e5 med st\u00f6d av lokala supportteam i de st\u00f6rsta regionerna, d\u00e4ribland Nordamerika, Europa, Asien och Latinamerika.<\/p>\n<\/div>                                    <\/div>\n                    <\/div>\n    <\/div>\n<\/div>\n\n\n<div class=\"text-image-cta-block paddingTopLarge paddingBottomLarge secondaryLubricants bg-white bg-no-repeat bg-contain\">\n    <div class=\"container flex flex-col lg:flex-row-reverse\">\n        <div class=\"text-container flex flex-col items-start lg:pr-5 lg:basis-3\/6 lg:pl-[90px]\">\n                        <h2 class=\"heading-2 text-secondaryLubricants\">Globala l\u00f6sningar f\u00f6r prestanda hos industriell utrustning<\/h2>                            <div class=\"text-container\">\n                    <p>Som en av de st\u00f6rsta globala sm\u00f6rjmedelstillverkarna erbjuder NCH Lubricants en bred produktportf\u00f6lj med industriella fetter, oljor, br\u00e4nsletillsatser, glidmedel och livsmedelsgodk\u00e4nda sm\u00f6rjmedel som \u00e4r skr\u00e4ddarsydda f\u00f6r sektorer som avfall och skrot, gruvdrift, jordbruk, tillverkning, skogsbruk, olja och gas samt biomassa.<\/p>\n                <\/div>\n                                        <a href=\"https:\/\/lubricants.ncheurope.com\/sv\/over-hela-varlden\/\" class=\"button mt-5 button--secondaryLubricants relative \" target=\"_parent\">V\u00e5ra platser runt om i v\u00e4rlden<\/a>\n                    <\/div>\n                    <div class=\"image-container lg:basis-3\/6 relative flex flex-col mt-[24px] lg:mt-0\">\n                <div class=\"skewed-image-container min-h-[388px] bg-no-repeat bg-cover bg-center skewedImageLarge-flipped shadow-[0_10px_10px_0_rgba(109,106,112,0.15)]\" style=\"background-image: url(https:\/\/lubricants.ncheurope.com\/wp-content\/uploads\/2025\/08\/Worldwide-image.jpg);\"><\/div>\n            <\/div>\n                    <\/div>\n<\/div>\n\n\n<div class=\"text-and-link-cards-slider-block relative box-content overflow-x-hidden paddingTopLarge paddingBottomLarge secondaryLubricants has-anchor-link\">\n    <div class=\"overlay z-0 absolute top-0 left-0 right-0 bottom-2\/4 block bg-secondaryLubricants\"><\/div>\n    <!-- Start Text Section -->\n    <div class=\"container text-and-link-cards-slider-text\">\n        <div class=\"flex flex-row flex-wrap justify-between items-center relative z-10 pb-[60px]\">\n            <h2 class=\"heading-2 basis-full text-white\">Global expertis inom sm\u00f6rjning<\/h2>            <p class=\"text-lightBase lg:basis-8\/12 mb-0\">Med ett globalt n\u00e4tverk av dedikerade f\u00f6rs\u00e4ljningsteam f\u00f6r sm\u00f6rjmedel och branschexperter p\u00e5 plats har NCH Lubricants den globala r\u00e4ckvidden, produkterna och tj\u00e4nsterna som hj\u00e4lper dig att f\u00f6rl\u00e4nga utrustningens livsl\u00e4ngd, minska stillest\u00e5ndstiden och s\u00e4nka kostnaderna.<\/p>                    <\/div>\n    <\/div>\n    <!-- End Text Section -->\n\n    <!-- Start Slider Column -->\n            <div class=\"slider-container flex flex-col overflow-x-hidden absolute right-0\">\n            <div class=\"text-and-link-cards-slider-block-slider\">\n                                    <div class=\"slide !flex flex-col justify-start items-start bg-white border border-primaryOffWhite px-2 pt-2 pb-8 mr-2 last-of-type:mr-0 mb-5 relative shadow-[0_10px_10px_0_rgba(109,106,112,0.15)] secondaryLubricants\">\n                        <div class=\"image-container relative bg-center bg-cover bg-no-repeat w-full min-h-[178px] flex items-end mb-6\" style=\"background-image: url('https:\/\/lubricants.ncheurope.com\/wp-content\/uploads\/2025\/08\/North-Amercia-Lubricants.jpg')\">\n                            <div class=\"overlay z-0 absolute top-0 left-0 right-0 bottom-0 gradient-secondaryLubricants-180\"><\/div>\n                            <h4 class=\"heading-4 text-white px-6 z-10 relative !mb-5\">Nordamerika  <\/h4>                        <\/div>\n                        <p class=\"text-darkSm px-6 z-10 relative !mb-6\">Bes\u00f6k v\u00e5r nordamerikanska sm\u00f6rjmedelsavdelning; Certified Labs.<\/p>                            \n                        <!-- Start of links repeater -->\n                                                <!-- End of links repeater -->\n\n                                            <\/div>\n\n                                    <div class=\"slide !flex flex-col justify-start items-start bg-white border border-primaryOffWhite px-2 pt-2 pb-8 mr-2 last-of-type:mr-0 mb-5 relative shadow-[0_10px_10px_0_rgba(109,106,112,0.15)] secondaryLubricants\">\n                        <div class=\"image-container relative bg-center bg-cover bg-no-repeat w-full min-h-[178px] flex items-end mb-6\" style=\"background-image: url('https:\/\/lubricants.ncheurope.com\/wp-content\/uploads\/2025\/08\/Asia-Pacific-Lubricants.jpg')\">\n                            <div class=\"overlay z-0 absolute top-0 left-0 right-0 bottom-0 gradient-secondaryLubricants-180\"><\/div>\n                            <h4 class=\"heading-4 text-white px-6 z-10 relative !mb-5\">Asien och Stillahavsomr\u00e5det  <\/h4>                        <\/div>\n                        <p class=\"text-darkSm px-6 z-10 relative !mb-6\">Bes\u00f6k v\u00e5r webbplats f\u00f6r Asien och Stillahavsomr\u00e5det f\u00f6r dina sm\u00f6rjbehov i APAC.  <\/p>                            \n                        <!-- Start of links repeater -->\n                                                <!-- End of links repeater -->\n\n                                            <\/div>\n\n                                    <div class=\"slide !flex flex-col justify-start items-start bg-white border border-primaryOffWhite px-2 pt-2 pb-8 mr-2 last-of-type:mr-0 mb-5 relative shadow-[0_10px_10px_0_rgba(109,106,112,0.15)] secondaryLubricants\">\n                        <div class=\"image-container relative bg-center bg-cover bg-no-repeat w-full min-h-[178px] flex items-end mb-6\" style=\"background-image: url('https:\/\/lubricants.ncheurope.com\/wp-content\/uploads\/2025\/08\/Latin-America-Lubricants.jpg')\">\n                            <div class=\"overlay z-0 absolute top-0 left-0 right-0 bottom-0 gradient-secondaryLubricants-180\"><\/div>\n                            <h4 class=\"heading-4 text-white px-6 z-10 relative !mb-5\">Latinamerika  <\/h4>                        <\/div>\n                        <p class=\"text-darkSm px-6 z-10 relative !mb-6\">Bes\u00f6k v\u00e5r webbplats f\u00f6r Latinamerika f\u00f6r dina sm\u00f6rjbehov i LATAM.  <\/p>                            \n                        <!-- Start of links repeater -->\n                                                <!-- End of links repeater -->\n\n                                            <\/div>\n\n                                    <div class=\"slide !flex flex-col justify-start items-start bg-white border border-primaryOffWhite px-2 pt-2 pb-8 mr-2 last-of-type:mr-0 mb-5 relative shadow-[0_10px_10px_0_rgba(109,106,112,0.15)] secondaryLubricants\">\n                        <div class=\"image-container relative bg-center bg-cover bg-no-repeat w-full min-h-[178px] flex items-end mb-6\" style=\"background-image: url('https:\/\/lubricants.ncheurope.com\/wp-content\/uploads\/2025\/08\/Get-in-touch-Lubricants.jpg')\">\n                            <div class=\"overlay z-0 absolute top-0 left-0 right-0 bottom-0 gradient-secondaryLubricants-180\"><\/div>\n                            <h4 class=\"heading-4 text-white px-6 z-10 relative !mb-5\">Tala med v\u00e5rt team <\/h4>                        <\/div>\n                        <p class=\"text-darkSm px-6 z-10 relative !mb-6\">Kontakta v\u00e5rt European Lubrication-team.<\/p>                            \n                        <!-- Start of links repeater -->\n                                                <!-- End of links repeater -->\n\n                                                    <a href=\"https:\/\/lubricants.ncheurope.com\/sv\/kontakta-oss\/\" class=\"button button--secondary button--secondaryLubricants w-[calc(100%-48px)] relative z-10 mx-6 !py-3\" target=\"_parent\">Kontakta oss  <\/a>\n                                            <\/div>\n\n                            <\/div>\n        <\/div>\n        <!-- End Slider Column -->\n\n<\/div>\n\n\n    <div class=\"related-cards-block box-content relative bg-primaryOffWhite paddingTopLarge paddingBottomLarge secondaryLubricants\">\n        <div class=\"container flex flex-col\">\n            <!-- Start Text Section -->\n            <div class=\"flex flex-row flex-wrap justify-between items-end relative z-10 pb-[60px]\">\n                <h2 class=\"heading-2 basis-full text-secondaryLubricants\">Om NCH Lubricants<\/h2>                <p class=\"text-darkBase basis-full lg:basis-8\/12 !mb-0\">Oavsett storlek, omfattning eller typ av verksamhet \u00e4r v\u00e5rt uppdrag enkelt: att hj\u00e4lpa f\u00f6retag att f\u00f6rb\u00e4ttra utrustningens tillf\u00f6rlitlighet, \u00f6ka effektiviteten och s\u00e4nka driftskostnaderna med sm\u00f6rjmedelsprogram som ger verklig prestanda.<\/p>                                    <a href=\"https:\/\/lubricants.ncheurope.com\/sv\/om-oss\/\" class=\"button button--secondaryLubricants hover:bg-secondaryLubricants hover:text-white relative mt-[24px] lg:mt-0\">Ta reda p\u00e5 mer<\/a>\n                            <\/div>\n            <!-- End Text Section -->\n            \n            <!-- Start Related Cards Section -->\n            \n                            <div class=\" flex flex-row flex-wrap\">\n                                                                        <div class=\"related-card max-w-full md:max-w-[calc(50%-4px)] lg:max-w-[calc(25%-8px)] w-full px-2 pt-2 pb-8 mr-0 md:odd:mr-2 lg:mr-2 mb-10 relative bg-white shadow-[0_10px_10px_0_rgba(109,106,112,0.15)] border border-primaryOffWhite\">\n                                <div class=\"blog-image relative bg-center bg-no-repeat bg-cover min-h-[216px] mb-6\" style=\"background-image: url('https:\/\/lubricants.ncheurope.com\/wp-content\/uploads\/2025\/06\/Lubricants-About-Us-who-we-are.jpg')\"><\/div>\n                                <div class=\"flex flex-col items-start px-6\">\n                                    <h6 class=\"heading-6 text-secondaryLubricants z-10 relative !mb-4\">Produktinnovation<\/h6>\n                                    <p class=\"text-darkSm z-10 relative !mb-5\">Fr\u00e5n formulering till f\u00f6rpackning levererar vi tillf\u00f6rlitliga, h\u00f6gpresterande sm\u00f6rjprodukter som kunderna kan lita p\u00e5 f\u00f6r konsekventa resultat, varje g\u00e5ng.<\/p>\n                                    <a href=\"https:\/\/lubricants.ncheurope.com\/sv\/om-oss\/produktkvalitet-och-innovation\/\" class=\"button button--secondary button--secondaryLubricants\">L\u00e4s mer p\u00e5 engelska  <\/a>\n                                <\/div>\n                            <\/div>\n                                                                                                <div class=\"related-card max-w-full md:max-w-[calc(50%-4px)] lg:max-w-[calc(25%-8px)] w-full px-2 pt-2 pb-8 mr-0 md:odd:mr-2 lg:mr-2 mb-10 relative bg-white shadow-[0_10px_10px_0_rgba(109,106,112,0.15)] border border-primaryOffWhite\">\n                                <div class=\"blog-image relative bg-center bg-no-repeat bg-cover min-h-[216px] mb-6\" style=\"background-image: url('https:\/\/lubricants.ncheurope.com\/wp-content\/uploads\/2025\/07\/Today.jpg')\"><\/div>\n                                <div class=\"flex flex-col items-start px-6\">\n                                    <h6 class=\"heading-6 text-secondaryLubricants z-10 relative !mb-4\">V\u00e5r historia<\/h6>\n                                    <p class=\"text-darkSm z-10 relative !mb-5\">NCH Corporation, kraftpaketet bakom NCH Lubricants. NCH grundades 1919 i Dallas, Texas, och har vuxit till en global ledare som betj\u00e4nar industrikunder.<\/p>\n                                    <a href=\"https:\/\/lubricants.ncheurope.com\/sv\/om-oss\/historia\/\" class=\"button button--secondary button--secondaryLubricants\">Se v\u00e5r historia  <\/a>\n                                <\/div>\n                            <\/div>\n                                                                                                <div class=\"related-card max-w-full md:max-w-[calc(50%-4px)] lg:max-w-[calc(25%-8px)] w-full px-2 pt-2 pb-8 mr-0 md:odd:mr-2 lg:mr-2 mb-10 relative bg-white shadow-[0_10px_10px_0_rgba(109,106,112,0.15)] border border-primaryOffWhite\">\n                                <div class=\"blog-image relative bg-center bg-no-repeat bg-cover min-h-[216px] mb-6\" style=\"background-image: url('https:\/\/lubricants.ncheurope.com\/wp-content\/uploads\/2025\/02\/shutterstock_2044948658-1.webp')\"><\/div>\n                                <div class=\"flex flex-col items-start px-6\">\n                                    <h6 class=\"heading-6 text-secondaryLubricants z-10 relative !mb-4\">H\u00e5llbarhet<\/h6>\n                                    <p class=\"text-darkSm z-10 relative !mb-5\">Som en del av v\u00e5r h\u00e5llbara framtid kommer vi p\u00e5 NCH Lubricants att forts\u00e4tta att skapa innovativa l\u00f6sningar som f\u00f6rb\u00e4ttrar v\u00e5ra produkters s\u00e4kerhets- och milj\u00f6profil.<\/p>\n                                    <a href=\"https:\/\/lubricants.ncheurope.com\/sv\/om-oss\/hallbarhet\/\" class=\"button button--secondary button--secondaryLubricants\">Ta reda p\u00e5 mer<\/a>\n                                <\/div>\n                            <\/div>\n                                                                                                <div class=\"related-card max-w-full md:max-w-[calc(50%-4px)] lg:max-w-[calc(25%-8px)] w-full px-2 pt-2 pb-8 mr-0 md:odd:mr-2 lg:mr-2 mb-10 relative bg-white shadow-[0_10px_10px_0_rgba(109,106,112,0.15)] border border-primaryOffWhite\">\n                                <div class=\"blog-image relative bg-center bg-no-repeat bg-cover min-h-[216px] mb-6\" style=\"background-image: url('https:\/\/lubricants.ncheurope.com\/wp-content\/uploads\/2025\/06\/Lubricants-About-Us-Quality-and-Innovation.png')\"><\/div>\n                                <div class=\"flex flex-col items-start px-6\">\n                                    <h6 class=\"heading-6 text-secondaryLubricants z-10 relative !mb-4\">Karri\u00e4r<\/h6>\n                                    <p class=\"text-darkSm z-10 relative !mb-5\">Om du s\u00f6ker en f\u00f6rs\u00e4ljningsm\u00f6jlighet d\u00e4r du kan trivas i en milj\u00f6 som k\u00e4nnetecknas av vinnande, roligt och lagarbete, \u00e4r NCH Lubricants det perfekta valet&hellip;<\/p>\n                                    <a href=\"https:\/\/lubricants.ncheurope.com\/sv\/karriar\/\" class=\"button button--secondary button--secondaryLubricants\">Ans\u00f6k nu  <\/a>\n                                <\/div>\n                            <\/div>\n                                                            <\/div>\n                        \n            <!-- End Related Cards Section -->\n        <\/div>\n\n    <\/div>","protected":false},"excerpt":{"rendered":"","protected":false},"author":1,"featured_media":0,"parent":61534,"menu_order":3,"comment_status":"closed","ping_status":"closed","template":"","meta":{"_acf_changed":false,"footnotes":""},"class_list":["post-61560","page","type-page","status-publish","hentry"],"acf":[],"yoast_head":"<!-- This site is optimized with the Yoast SEO Premium plugin v21.7 (Yoast SEO v27.2) - https:\/\/yoast.com\/product\/yoast-seo-premium-wordpress\/ -->\n<title>Global sm\u00f6rjning - NCH Lubricants<\/title>\n<meta name=\"robots\" content=\"index, follow, max-snippet:-1, max-image-preview:large, max-video-preview:-1\" \/>\n<link rel=\"canonical\" href=\"https:\/\/lubricants.ncheurope.com\/sv\/om-oss\/global-smorjning\/\" class=\"yoast-seo-meta-tag\" \/>\n<meta property=\"og:locale\" content=\"sv_SE\" class=\"yoast-seo-meta-tag\" \/>\n<meta property=\"og:type\" content=\"article\" class=\"yoast-seo-meta-tag\" \/>\n<meta property=\"og:title\" content=\"Global sm\u00f6rjning\" class=\"yoast-seo-meta-tag\" \/>\n<meta property=\"og:url\" content=\"https:\/\/lubricants.ncheurope.com\/sv\/om-oss\/global-smorjning\/\" class=\"yoast-seo-meta-tag\" \/>\n<meta property=\"og:site_name\" content=\"NCH Lubricants\" class=\"yoast-seo-meta-tag\" \/>\n<meta property=\"article:modified_time\" content=\"2025-09-04T14:52:50+00:00\" class=\"yoast-seo-meta-tag\" \/>\n<meta name=\"twitter:card\" content=\"summary_large_image\" class=\"yoast-seo-meta-tag\" \/>\n<script type=\"application\/ld+json\" class=\"yoast-schema-graph\">{\"@context\":\"https:\/\/schema.org\",\"@graph\":[{\"@type\":\"WebPage\",\"@id\":\"https:\/\/lubricants.ncheurope.com\/sv\/om-oss\/global-smorjning\/\",\"url\":\"https:\/\/lubricants.ncheurope.com\/sv\/om-oss\/global-smorjning\/\",\"name\":\"Global sm\u00f6rjning - NCH Lubricants\",\"isPartOf\":{\"@id\":\"https:\/\/lubricants.ncheurope.com\/sv\/#website\"},\"datePublished\":\"2025-02-21T19:16:02+00:00\",\"dateModified\":\"2025-09-04T14:52:50+00:00\",\"breadcrumb\":{\"@id\":\"https:\/\/lubricants.ncheurope.com\/sv\/om-oss\/global-smorjning\/#breadcrumb\"},\"inLanguage\":\"sv-SE\",\"potentialAction\":[{\"@type\":\"ReadAction\",\"target\":[\"https:\/\/lubricants.ncheurope.com\/sv\/om-oss\/global-smorjning\/\"]}]},{\"@type\":\"BreadcrumbList\",\"@id\":\"https:\/\/lubricants.ncheurope.com\/sv\/om-oss\/global-smorjning\/#breadcrumb\",\"itemListElement\":[{\"@type\":\"ListItem\",\"position\":1,\"name\":\"Hemsida\",\"item\":\"https:\/\/lubricants.ncheurope.com\/sv\/\"},{\"@type\":\"ListItem\",\"position\":2,\"name\":\"Om oss\",\"item\":\"https:\/\/lubricants.ncheurope.com\/sv\/om-oss\/\"},{\"@type\":\"ListItem\",\"position\":3,\"name\":\"Global sm\u00f6rjning\"}]},{\"@type\":\"WebSite\",\"@id\":\"https:\/\/lubricants.ncheurope.com\/sv\/#website\",\"url\":\"https:\/\/lubricants.ncheurope.com\/sv\/\",\"name\":\"NCH Lubricants\",\"description\":\"\",\"potentialAction\":[{\"@type\":\"SearchAction\",\"target\":{\"@type\":\"EntryPoint\",\"urlTemplate\":\"https:\/\/lubricants.ncheurope.com\/sv\/?s={search_term_string}\"},\"query-input\":{\"@type\":\"PropertyValueSpecification\",\"valueRequired\":true,\"valueName\":\"search_term_string\"}}],\"inLanguage\":\"sv-SE\"}]}<\/script>\n<!-- \/ Yoast SEO Premium plugin. -->","yoast_head_json":{"title":"Global sm\u00f6rjning - NCH Lubricants","robots":{"index":"index","follow":"follow","max-snippet":"max-snippet:-1","max-image-preview":"max-image-preview:large","max-video-preview":"max-video-preview:-1"},"canonical":"https:\/\/lubricants.ncheurope.com\/sv\/om-oss\/global-smorjning\/","og_locale":"sv_SE","og_type":"article","og_title":"Global sm\u00f6rjning","og_url":"https:\/\/lubricants.ncheurope.com\/sv\/om-oss\/global-smorjning\/","og_site_name":"NCH Lubricants","article_modified_time":"2025-09-04T14:52:50+00:00","twitter_card":"summary_large_image","schema":{"@context":"https:\/\/schema.org","@graph":[{"@type":"WebPage","@id":"https:\/\/lubricants.ncheurope.com\/sv\/om-oss\/global-smorjning\/","url":"https:\/\/lubricants.ncheurope.com\/sv\/om-oss\/global-smorjning\/","name":"Global sm\u00f6rjning - NCH Lubricants","isPartOf":{"@id":"https:\/\/lubricants.ncheurope.com\/sv\/#website"},"datePublished":"2025-02-21T19:16:02+00:00","dateModified":"2025-09-04T14:52:50+00:00","breadcrumb":{"@id":"https:\/\/lubricants.ncheurope.com\/sv\/om-oss\/global-smorjning\/#breadcrumb"},"inLanguage":"sv-SE","potentialAction":[{"@type":"ReadAction","target":["https:\/\/lubricants.ncheurope.com\/sv\/om-oss\/global-smorjning\/"]}]},{"@type":"BreadcrumbList","@id":"https:\/\/lubricants.ncheurope.com\/sv\/om-oss\/global-smorjning\/#breadcrumb","itemListElement":[{"@type":"ListItem","position":1,"name":"Hemsida","item":"https:\/\/lubricants.ncheurope.com\/sv\/"},{"@type":"ListItem","position":2,"name":"Om oss","item":"https:\/\/lubricants.ncheurope.com\/sv\/om-oss\/"},{"@type":"ListItem","position":3,"name":"Global sm\u00f6rjning"}]},{"@type":"WebSite","@id":"https:\/\/lubricants.ncheurope.com\/sv\/#website","url":"https:\/\/lubricants.ncheurope.com\/sv\/","name":"NCH Lubricants","description":"","potentialAction":[{"@type":"SearchAction","target":{"@type":"EntryPoint","urlTemplate":"https:\/\/lubricants.ncheurope.com\/sv\/?s={search_term_string}"},"query-input":{"@type":"PropertyValueSpecification","valueRequired":true,"valueName":"search_term_string"}}],"inLanguage":"sv-SE"}]}},"_links":{"self":[{"href":"https:\/\/lubricants.ncheurope.com\/sv\/wp-json\/wp\/v2\/pages\/61560","targetHints":{"allow":["GET"]}}],"collection":[{"href":"https:\/\/lubricants.ncheurope.com\/sv\/wp-json\/wp\/v2\/pages"}],"about":[{"href":"https:\/\/lubricants.ncheurope.com\/sv\/wp-json\/wp\/v2\/types\/page"}],"author":[{"embeddable":true,"href":"https:\/\/lubricants.ncheurope.com\/sv\/wp-json\/wp\/v2\/users\/1"}],"replies":[{"embeddable":true,"href":"https:\/\/lubricants.ncheurope.com\/sv\/wp-json\/wp\/v2\/comments?post=61560"}],"version-history":[{"count":2,"href":"https:\/\/lubricants.ncheurope.com\/sv\/wp-json\/wp\/v2\/pages\/61560\/revisions"}],"predecessor-version":[{"id":61868,"href":"https:\/\/lubricants.ncheurope.com\/sv\/wp-json\/wp\/v2\/pages\/61560\/revisions\/61868"}],"up":[{"embeddable":true,"href":"https:\/\/lubricants.ncheurope.com\/sv\/wp-json\/wp\/v2\/pages\/61534"}],"wp:attachment":[{"href":"https:\/\/lubricants.ncheurope.com\/sv\/wp-json\/wp\/v2\/media?parent=61560"}],"curies":[{"name":"wp","href":"https:\/\/api.w.org\/{rel}","templated":true}]}}