{"id":61538,"date":"2025-02-19T16:22:44","date_gmt":"2025-02-19T16:22:44","guid":{"rendered":"https:\/\/nchdev-3ittg.projectbeta.co.uk\/tack-sa-mycket\/"},"modified":"2025-09-05T09:07:38","modified_gmt":"2025-09-05T09:07:38","slug":"tack-sa-mycket","status":"publish","type":"page","link":"https:\/\/lubricants.ncheurope.com\/sv\/tack-sa-mycket\/","title":{"rendered":"Tack s\u00e5 mycket"},"content":{"rendered":"\n<div class=\"internal-banner-block relative secondaryLubricants paddingBottomLarge bg-no-repeat pt-[110px] lg:pt-[160px] bg-white bg-[url('assets\/images\/background-shape.png')] bg-right-bottom bg-contain\" >\n        <div class=\"container relative z-10\">\n        <div class=\"breadcrumb-container mb-[60px] lg:mb-[103px] hidden md:block\">\n            <p class=\"text-darkXs !mb-0 !text-[12px] flex flex-row items-center\">You are here: <a class=\"!font-regular mx-2 hover:underline\" href=\"https:\/\/lubricants.ncheurope.com\/sv\/\">Hem<\/a> \/ <span class=\"ml-2 font-semibold\">Tack s\u00e5 mycket<\/span><\/p>\n        <\/div>\n\n        <div class=\"content-container flex flex-col-reverse md:flex-row flex-wrap justify-between\">\n\n                            <div class=\"text-container md:basis-10\/12\">\n                    <h1 class=\"heading-1 text-secondaryLubricants\">Tack f\u00f6r att du kontaktade NCH Lubricants<\/h1>                    <div class=\"wysiwyg-container text-dark !mb-0 max-w-[768px]\"><p>En medlem av v\u00e5rt team kommer att kontakta dig inom kort. Om du beh\u00f6ver prata med n\u00e5gon snabbt, bes\u00f6k v\u00e5r kontaktsida f\u00f6r en fullst\u00e4ndig lista \u00f6ver telefonnummer och e-postadresser.   <\/p>\n<\/div>                                            <a href=\"https:\/\/lubricants.ncheurope.com\/sv\/kontakta-oss\/\" class=\"button button--secondaryLubricants mt-[32px]\">Kontakta oss  <\/a>\n                                    <\/div>\n                    <\/div>\n    <\/div>\n<\/div>\n\n\n    <div class=\"related-cards-block box-content relative bg-primaryOffWhite paddingTopLarge paddingBottomLarge secondaryLubricants\">\n        <div class=\"container flex flex-col\">\n            <!-- Start Text Section -->\n            <div class=\"flex flex-row flex-wrap justify-between items-end relative z-10 pb-[60px]\">\n                <h2 class=\"heading-2 basis-full text-secondaryLubricants\">Det finns mer att utforska<\/h2>                <p class=\"text-darkBase basis-full lg:basis-8\/12 !mb-0\">Vi \u00e4r en p\u00e5litlig leverant\u00f6r av sm\u00f6rjmedel och servicepartner f\u00f6r tusentals f\u00f6retag \u00f6ver hela v\u00e4rlden. Fr\u00e5n sm\u00e5, oberoende f\u00f6retag till storskaliga industriella tillverkningsanl\u00e4ggningar st\u00f6der vi ett brett spektrum av branscher med h\u00f6gkvalitativa sm\u00f6rjprodukter. <\/p>                                    <a href=\"https:\/\/lubricants.ncheurope.com\/sv\/\" class=\"button button--secondaryLubricants hover:bg-secondaryLubricants hover:text-white relative mt-[24px] lg:mt-0\">Utforska mer<\/a>\n                            <\/div>\n            <!-- End Text Section -->\n            \n            <!-- Start Related Cards Section -->\n            \n                            <div class=\" flex flex-row flex-wrap\">\n                                                                        <div class=\"related-card max-w-full md:max-w-[calc(50%-4px)] lg:max-w-[calc(25%-8px)] w-full px-2 pt-2 pb-8 mr-0 md:odd:mr-2 lg:mr-2 mb-10 relative bg-white shadow-[0_10px_10px_0_rgba(109,106,112,0.15)] border border-primaryOffWhite\">\n                                <div class=\"blog-image relative bg-center bg-no-repeat bg-cover min-h-[216px] mb-6\" style=\"background-image: url('https:\/\/lubricants.ncheurope.com\/wp-content\/uploads\/2025\/06\/Construction-drop-down-menu.jpg')\"><\/div>\n                                <div class=\"flex flex-col items-start px-6\">\n                                    <h6 class=\"heading-6 text-secondaryLubricants z-10 relative !mb-4\">Industrier<\/h6>\n                                    <p class=\"text-darkSm z-10 relative !mb-5\">Vi \u00e4r betrodda i alla branscher och levererar skr\u00e4ddarsydda sm\u00f6rjmedelsl\u00f6sningar f\u00f6r h\u00f6gsta prestanda.<\/p>\n                                    <a href=\"https:\/\/lubricants.ncheurope.com\/sv\/industrier\/\" class=\"button button--secondary button--secondaryLubricants\">Utforska alla<\/a>\n                                <\/div>\n                            <\/div>\n                                                                                                <div class=\"related-card max-w-full md:max-w-[calc(50%-4px)] lg:max-w-[calc(25%-8px)] w-full px-2 pt-2 pb-8 mr-0 md:odd:mr-2 lg:mr-2 mb-10 relative bg-white shadow-[0_10px_10px_0_rgba(109,106,112,0.15)] border border-primaryOffWhite\">\n                                <div class=\"blog-image relative bg-center bg-no-repeat bg-cover min-h-[216px] mb-6\" style=\"background-image: url('https:\/\/lubricants.ncheurope.com\/wp-content\/uploads\/2025\/06\/Lubricants-About-Us-who-we-are.jpg')\"><\/div>\n                                <div class=\"flex flex-col items-start px-6\">\n                                    <h6 class=\"heading-6 text-secondaryLubricants z-10 relative !mb-4\">Produkter<\/h6>\n                                    <p class=\"text-darkSm z-10 relative !mb-5\">Fr\u00e5n fetter till oljor, br\u00e4nsleprogram till specialaerosoler &#8211; NCH Lubricants har allt du beh\u00f6ver.<\/p>\n                                    <a href=\"https:\/\/lubricants.ncheurope.com\/sv\/produkter\/\" class=\"button button--secondary button--secondaryLubricants\">Ta en titt<\/a>\n                                <\/div>\n                            <\/div>\n                                                                                                <div class=\"related-card max-w-full md:max-w-[calc(50%-4px)] lg:max-w-[calc(25%-8px)] w-full px-2 pt-2 pb-8 mr-0 md:odd:mr-2 lg:mr-2 mb-10 relative bg-white shadow-[0_10px_10px_0_rgba(109,106,112,0.15)] border border-primaryOffWhite\">\n                                <div class=\"blog-image relative bg-center bg-no-repeat bg-cover min-h-[216px] mb-6\" style=\"background-image: url('https:\/\/lubricants.ncheurope.com\/wp-content\/uploads\/2025\/09\/products-and-services-tab.jpg')\"><\/div>\n                                <div class=\"flex flex-col items-start px-6\">\n                                    <h6 class=\"heading-6 text-secondaryLubricants z-10 relative !mb-4\">Program med merv\u00e4rde<\/h6>\n                                    <p class=\"text-darkSm z-10 relative !mb-5\">Vi tillhandah\u00e5ller allt som ditt f\u00f6retag beh\u00f6ver f\u00f6r att maximera potentialen i dina sm\u00f6rjmedelsprogram.<\/p>\n                                    <a href=\"https:\/\/lubricants.ncheurope.com\/sv\/program-med-mervarde\/\" class=\"button button--secondary button--secondaryLubricants\">L\u00e4s mer<\/a>\n                                <\/div>\n                            <\/div>\n                                                                                                <div class=\"related-card max-w-full md:max-w-[calc(50%-4px)] lg:max-w-[calc(25%-8px)] w-full px-2 pt-2 pb-8 mr-0 md:odd:mr-2 lg:mr-2 mb-10 relative bg-white shadow-[0_10px_10px_0_rgba(109,106,112,0.15)] border border-primaryOffWhite\">\n                                <div class=\"blog-image relative bg-center bg-no-repeat bg-cover min-h-[216px] mb-6\" style=\"background-image: url('https:\/\/lubricants.ncheurope.com\/wp-content\/uploads\/2025\/06\/Lubricants-About-Us-Quality-and-Innovation.png')\"><\/div>\n                                <div class=\"flex flex-col items-start px-6\">\n                                    <h6 class=\"heading-6 text-secondaryLubricants z-10 relative !mb-4\">Karri\u00e4r<\/h6>\n                                    <p class=\"text-darkSm z-10 relative !mb-5\">Vill du arbeta med NCH Lubricants? Hitta de senaste rollerna och b\u00f6rja din karri\u00e4r med oss.<\/p>\n                                    <a href=\"https:\/\/lubricants.ncheurope.com\/sv\/karriar\/\" class=\"button button--secondary button--secondaryLubricants\">Ans\u00f6k nu  <\/a>\n                                <\/div>\n                            <\/div>\n                                                            <\/div>\n                        \n            <!-- End Related Cards Section -->\n        <\/div>\n\n    <\/div>","protected":false},"excerpt":{"rendered":"","protected":false},"author":2,"featured_media":0,"parent":0,"menu_order":0,"comment_status":"closed","ping_status":"closed","template":"","meta":{"_acf_changed":false,"footnotes":""},"class_list":["post-61538","page","type-page","status-publish","hentry"],"acf":[],"yoast_head":"<!-- This site is optimized with the Yoast SEO Premium plugin v21.7 (Yoast SEO v27.2) - https:\/\/yoast.com\/product\/yoast-seo-premium-wordpress\/ -->\n<title>Tack s\u00e5 mycket - NCH Lubricants<\/title>\n<meta name=\"robots\" content=\"index, follow, max-snippet:-1, max-image-preview:large, max-video-preview:-1\" \/>\n<link rel=\"canonical\" href=\"https:\/\/lubricants.ncheurope.com\/sv\/tack-sa-mycket\/\" class=\"yoast-seo-meta-tag\" \/>\n<meta property=\"og:locale\" content=\"sv_SE\" class=\"yoast-seo-meta-tag\" \/>\n<meta property=\"og:type\" content=\"article\" class=\"yoast-seo-meta-tag\" \/>\n<meta property=\"og:title\" content=\"Tack s\u00e5 mycket\" class=\"yoast-seo-meta-tag\" \/>\n<meta property=\"og:url\" content=\"https:\/\/lubricants.ncheurope.com\/sv\/tack-sa-mycket\/\" class=\"yoast-seo-meta-tag\" \/>\n<meta property=\"og:site_name\" content=\"NCH Lubricants\" class=\"yoast-seo-meta-tag\" \/>\n<meta property=\"article:modified_time\" content=\"2025-09-05T09:07:38+00:00\" class=\"yoast-seo-meta-tag\" \/>\n<meta name=\"twitter:card\" content=\"summary_large_image\" class=\"yoast-seo-meta-tag\" \/>\n<script type=\"application\/ld+json\" class=\"yoast-schema-graph\">{\"@context\":\"https:\/\/schema.org\",\"@graph\":[{\"@type\":\"WebPage\",\"@id\":\"https:\/\/lubricants.ncheurope.com\/sv\/tack-sa-mycket\/\",\"url\":\"https:\/\/lubricants.ncheurope.com\/sv\/tack-sa-mycket\/\",\"name\":\"Tack s\u00e5 mycket - NCH Lubricants\",\"isPartOf\":{\"@id\":\"https:\/\/lubricants.ncheurope.com\/sv\/#website\"},\"datePublished\":\"2025-02-19T16:22:44+00:00\",\"dateModified\":\"2025-09-05T09:07:38+00:00\",\"breadcrumb\":{\"@id\":\"https:\/\/lubricants.ncheurope.com\/sv\/tack-sa-mycket\/#breadcrumb\"},\"inLanguage\":\"sv-SE\",\"potentialAction\":[{\"@type\":\"ReadAction\",\"target\":[\"https:\/\/lubricants.ncheurope.com\/sv\/tack-sa-mycket\/\"]}]},{\"@type\":\"BreadcrumbList\",\"@id\":\"https:\/\/lubricants.ncheurope.com\/sv\/tack-sa-mycket\/#breadcrumb\",\"itemListElement\":[{\"@type\":\"ListItem\",\"position\":1,\"name\":\"Hemsida\",\"item\":\"https:\/\/lubricants.ncheurope.com\/sv\/\"},{\"@type\":\"ListItem\",\"position\":2,\"name\":\"Tack s\u00e5 mycket\"}]},{\"@type\":\"WebSite\",\"@id\":\"https:\/\/lubricants.ncheurope.com\/sv\/#website\",\"url\":\"https:\/\/lubricants.ncheurope.com\/sv\/\",\"name\":\"NCH Lubricants\",\"description\":\"\",\"potentialAction\":[{\"@type\":\"SearchAction\",\"target\":{\"@type\":\"EntryPoint\",\"urlTemplate\":\"https:\/\/lubricants.ncheurope.com\/sv\/?s={search_term_string}\"},\"query-input\":{\"@type\":\"PropertyValueSpecification\",\"valueRequired\":true,\"valueName\":\"search_term_string\"}}],\"inLanguage\":\"sv-SE\"}]}<\/script>\n<!-- \/ Yoast SEO Premium plugin. -->","yoast_head_json":{"title":"Tack s\u00e5 mycket - NCH Lubricants","robots":{"index":"index","follow":"follow","max-snippet":"max-snippet:-1","max-image-preview":"max-image-preview:large","max-video-preview":"max-video-preview:-1"},"canonical":"https:\/\/lubricants.ncheurope.com\/sv\/tack-sa-mycket\/","og_locale":"sv_SE","og_type":"article","og_title":"Tack s\u00e5 mycket","og_url":"https:\/\/lubricants.ncheurope.com\/sv\/tack-sa-mycket\/","og_site_name":"NCH Lubricants","article_modified_time":"2025-09-05T09:07:38+00:00","twitter_card":"summary_large_image","schema":{"@context":"https:\/\/schema.org","@graph":[{"@type":"WebPage","@id":"https:\/\/lubricants.ncheurope.com\/sv\/tack-sa-mycket\/","url":"https:\/\/lubricants.ncheurope.com\/sv\/tack-sa-mycket\/","name":"Tack s\u00e5 mycket - NCH Lubricants","isPartOf":{"@id":"https:\/\/lubricants.ncheurope.com\/sv\/#website"},"datePublished":"2025-02-19T16:22:44+00:00","dateModified":"2025-09-05T09:07:38+00:00","breadcrumb":{"@id":"https:\/\/lubricants.ncheurope.com\/sv\/tack-sa-mycket\/#breadcrumb"},"inLanguage":"sv-SE","potentialAction":[{"@type":"ReadAction","target":["https:\/\/lubricants.ncheurope.com\/sv\/tack-sa-mycket\/"]}]},{"@type":"BreadcrumbList","@id":"https:\/\/lubricants.ncheurope.com\/sv\/tack-sa-mycket\/#breadcrumb","itemListElement":[{"@type":"ListItem","position":1,"name":"Hemsida","item":"https:\/\/lubricants.ncheurope.com\/sv\/"},{"@type":"ListItem","position":2,"name":"Tack s\u00e5 mycket"}]},{"@type":"WebSite","@id":"https:\/\/lubricants.ncheurope.com\/sv\/#website","url":"https:\/\/lubricants.ncheurope.com\/sv\/","name":"NCH Lubricants","description":"","potentialAction":[{"@type":"SearchAction","target":{"@type":"EntryPoint","urlTemplate":"https:\/\/lubricants.ncheurope.com\/sv\/?s={search_term_string}"},"query-input":{"@type":"PropertyValueSpecification","valueRequired":true,"valueName":"search_term_string"}}],"inLanguage":"sv-SE"}]}},"_links":{"self":[{"href":"https:\/\/lubricants.ncheurope.com\/sv\/wp-json\/wp\/v2\/pages\/61538","targetHints":{"allow":["GET"]}}],"collection":[{"href":"https:\/\/lubricants.ncheurope.com\/sv\/wp-json\/wp\/v2\/pages"}],"about":[{"href":"https:\/\/lubricants.ncheurope.com\/sv\/wp-json\/wp\/v2\/types\/page"}],"author":[{"embeddable":true,"href":"https:\/\/lubricants.ncheurope.com\/sv\/wp-json\/wp\/v2\/users\/2"}],"replies":[{"embeddable":true,"href":"https:\/\/lubricants.ncheurope.com\/sv\/wp-json\/wp\/v2\/comments?post=61538"}],"version-history":[{"count":4,"href":"https:\/\/lubricants.ncheurope.com\/sv\/wp-json\/wp\/v2\/pages\/61538\/revisions"}],"predecessor-version":[{"id":62342,"href":"https:\/\/lubricants.ncheurope.com\/sv\/wp-json\/wp\/v2\/pages\/61538\/revisions\/62342"}],"wp:attachment":[{"href":"https:\/\/lubricants.ncheurope.com\/sv\/wp-json\/wp\/v2\/media?parent=61538"}],"curies":[{"name":"wp","href":"https:\/\/api.w.org\/{rel}","templated":true}]}}