{"id":61502,"date":"2025-02-21T16:27:06","date_gmt":"2025-02-21T16:27:06","guid":{"rendered":"https:\/\/nchdev-3ittg.projectbeta.co.uk\/over-hela-varlden\/"},"modified":"2025-09-04T15:04:26","modified_gmt":"2025-09-04T15:04:26","slug":"over-hela-varlden","status":"publish","type":"page","link":"https:\/\/lubricants.ncheurope.com\/sv\/over-hela-varlden\/","title":{"rendered":"\u00d6ver hela v\u00e4rlden"},"content":{"rendered":"\n<div class=\"internal-banner-block relative secondaryLubricants paddingBottomLarge bg-no-repeat pt-[110px] lg:pt-[160px]  bg-cover bg-center\" style=\"background-image: url('https:\/\/lubricants.ncheurope.com\/wp-content\/uploads\/2025\/08\/Global-Presence-Lubricants-banner.jpg')\">\n    <div class=\"overlay absolute top-0 bottom-0 left-0 right-0 z-0 gradient-secondaryLubricants-180-dark\"><\/div>    <div class=\"container relative z-10\">\n        <div class=\"breadcrumb-container mb-[60px] lg:mb-[103px] hidden md:block\">\n            <p class=\"text-lightXs !mb-0 !text-[12px] flex flex-row items-center\">You are here: <a class=\"!font-regular mx-2 hover:underline\" href=\"https:\/\/lubricants.ncheurope.com\/sv\/\">Hem<\/a> \/ <span class=\"ml-2 font-semibold\">\u00d6ver hela v\u00e4rlden<\/span><\/p>\n        <\/div>\n\n        <div class=\"content-container flex flex-col-reverse md:flex-row flex-wrap justify-between\">\n\n                            <div class=\"text-container md:basis-10\/12\">\n                    <h1 class=\"heading-1-light\">Platser \u00f6ver hela v\u00e4rlden<\/h1>                    <div class=\"wysiwyg-container text-light !mb-0 max-w-[768px]\"><p>NCH Lubricants tillhandah\u00e5ller h\u00f6gpresterande sm\u00f6rjmedelsl\u00f6sningar till industrier i Europa, Asien och Stillahavsomr\u00e5det, Nordamerika och Latinamerika. Som en division inom NCH Corporation utnyttjar NCH Lubricants ett v\u00e4rldsomsp\u00e4nnande n\u00e4tverk av tillverkningsanl\u00e4ggningar och f\u00f6rs\u00e4ljningspersonal f\u00f6r att leverera konsekvent kvalitet och innovation \u00f6ver hela v\u00e4rlden. <\/p>\n<p>&nbsp;<\/p>\n<\/div>                                    <\/div>\n                    <\/div>\n    <\/div>\n<\/div>\n\n\n<div class=\"storepoint-block paddingTopLarge paddingBottomLarge\">\n    <div class=\"container\">\n        <!-- Start Text Section -->\n        <div class=\"flex flex-row flex-wrap justify-between items-center relative z-10 mb-[60px]\">\n            <h2 class=\"heading-2 basis-full text-secondaryLubricants\">V\u00e5ra platser<\/h2>            <p class=\"text-darkBase basis-full lg:basis-8\/12 mb-0\">NCH Lubricants har en bred n\u00e4rvaro och \u00e4r tillg\u00e4ngliga lokalt f\u00f6r ditt f\u00f6retag och din verksamhet. Hitta ditt lokala sm\u00f6rjteam och h\u00f6r av dig idag! <\/p>                            <a href=\"https:\/\/lubricants.ncheurope.com\/sv\/kontakta-oss\/\" class=\"button button--secondaryLubricantsWhite relative mt-[24px] lg:mt-0 \" target=\"_parent\">Kontakta oss  <\/a>\n                    <\/div>\n        <!-- End Text Section -->\n        <!-- Storepoint Widget Embed Start -->\n        <div id=\"storepoint-widget\"><\/div>\n        <script>\n        window.loadStorepoint=function(){\n            var storepoint = new StorepointWidget(\n                '167c03c2ef076f',\n                '#storepoint-widget',\n                {}\n            );\n        };!function(){var t=document.createElement(\"script\");t.type=\"text\/javascript\";t.async=!0;t.src=\"https:\/\/widget.storepoint.co\/embed.js\";t.onload=function(){\"function\"==typeof window.loadStorepoint&&window.loadStorepoint()};document.head.appendChild(t);}();\n        <\/script>\n        <!-- Storepoint Widget Embed End -->\n    <\/div>\n<\/div>\n\n\n<div class=\"text-and-link-cards-slider-block relative box-content overflow-x-hidden paddingTopLarge paddingBottomLarge secondaryLubricants has-anchor-link\">\n    <div class=\"overlay z-0 absolute top-0 left-0 right-0 bottom-2\/4 block bg-secondaryLubricants\"><\/div>\n    <!-- Start Text Section -->\n    <div class=\"container text-and-link-cards-slider-text\">\n        <div class=\"flex flex-row flex-wrap justify-between items-center relative z-10 pb-[60px]\">\n            <h2 class=\"heading-2 basis-full text-white\">  Global expertis inom sm\u00f6rjning<\/h2>            <p class=\"text-lightBase lg:basis-8\/12 mb-0\">Med ett globalt n\u00e4tverk av dedikerade f\u00f6rs\u00e4ljningsteam f\u00f6r sm\u00f6rjmedel och branschexperter p\u00e5 plats har NCH Lubricants den globala r\u00e4ckvidden, produkterna och tj\u00e4nsterna som hj\u00e4lper dig att f\u00f6rl\u00e4nga utrustningens livsl\u00e4ngd, minska stillest\u00e5ndstiden och s\u00e4nka kostnaderna.<\/p>                    <\/div>\n    <\/div>\n    <!-- End Text Section -->\n\n    <!-- Start Slider Column -->\n            <div class=\"slider-container flex flex-col overflow-x-hidden absolute right-0\">\n            <div class=\"text-and-link-cards-slider-block-slider\">\n                                    <div class=\"slide !flex flex-col justify-start items-start bg-white border border-primaryOffWhite px-2 pt-2 pb-8 mr-2 last-of-type:mr-0 mb-5 relative shadow-[0_10px_10px_0_rgba(109,106,112,0.15)] secondaryLubricants\">\n                        <div class=\"image-container relative bg-center bg-cover bg-no-repeat w-full min-h-[178px] flex items-end mb-6\" style=\"background-image: url('https:\/\/lubricants.ncheurope.com\/wp-content\/uploads\/2025\/08\/North-Amercia-Lubricants.jpg')\">\n                            <div class=\"overlay z-0 absolute top-0 left-0 right-0 bottom-0 gradient-secondaryLubricants-180\"><\/div>\n                            <h4 class=\"heading-4 text-white px-6 z-10 relative !mb-5\">Nordamerika  <\/h4>                        <\/div>\n                        <p class=\"text-darkSm px-6 z-10 relative !mb-6\">Bes\u00f6k v\u00e5r nordamerikanska sm\u00f6rjmedelsavdelning, Certified Labs.<\/p>                            \n                        <!-- Start of links repeater -->\n                                                <!-- End of links repeater -->\n\n                                            <\/div>\n\n                                    <div class=\"slide !flex flex-col justify-start items-start bg-white border border-primaryOffWhite px-2 pt-2 pb-8 mr-2 last-of-type:mr-0 mb-5 relative shadow-[0_10px_10px_0_rgba(109,106,112,0.15)] secondaryLubricants\">\n                        <div class=\"image-container relative bg-center bg-cover bg-no-repeat w-full min-h-[178px] flex items-end mb-6\" style=\"background-image: url('https:\/\/lubricants.ncheurope.com\/wp-content\/uploads\/2025\/08\/Asia-Pacific-Lubricants.jpg')\">\n                            <div class=\"overlay z-0 absolute top-0 left-0 right-0 bottom-0 gradient-secondaryLubricants-180\"><\/div>\n                            <h4 class=\"heading-4 text-white px-6 z-10 relative !mb-5\">Asien och Stillahavsomr\u00e5det  <\/h4>                        <\/div>\n                        <p class=\"text-darkSm px-6 z-10 relative !mb-6\">Bes\u00f6k v\u00e5r webbplats f\u00f6r Asien och Stillahavsomr\u00e5det f\u00f6r dina sm\u00f6rjbehov i APAC.  <\/p>                            \n                        <!-- Start of links repeater -->\n                                                <!-- End of links repeater -->\n\n                                            <\/div>\n\n                                    <div class=\"slide !flex flex-col justify-start items-start bg-white border border-primaryOffWhite px-2 pt-2 pb-8 mr-2 last-of-type:mr-0 mb-5 relative shadow-[0_10px_10px_0_rgba(109,106,112,0.15)] secondaryLubricants\">\n                        <div class=\"image-container relative bg-center bg-cover bg-no-repeat w-full min-h-[178px] flex items-end mb-6\" style=\"background-image: url('https:\/\/lubricants.ncheurope.com\/wp-content\/uploads\/2025\/08\/Latin-America-Lubricants.jpg')\">\n                            <div class=\"overlay z-0 absolute top-0 left-0 right-0 bottom-0 gradient-secondaryLubricants-180\"><\/div>\n                            <h4 class=\"heading-4 text-white px-6 z-10 relative !mb-5\">Latinamerika  <\/h4>                        <\/div>\n                        <p class=\"text-darkSm px-6 z-10 relative !mb-6\">Bes\u00f6k v\u00e5r webbplats f\u00f6r Latinamerika f\u00f6r dina sm\u00f6rjbehov i LATAM.  <\/p>                            \n                        <!-- Start of links repeater -->\n                                                <!-- End of links repeater -->\n\n                                            <\/div>\n\n                                    <div class=\"slide !flex flex-col justify-start items-start bg-white border border-primaryOffWhite px-2 pt-2 pb-8 mr-2 last-of-type:mr-0 mb-5 relative shadow-[0_10px_10px_0_rgba(109,106,112,0.15)] secondaryLubricants\">\n                        <div class=\"image-container relative bg-center bg-cover bg-no-repeat w-full min-h-[178px] flex items-end mb-6\" style=\"background-image: url('https:\/\/lubricants.ncheurope.com\/wp-content\/uploads\/2025\/08\/Get-in-touch-Lubricants.jpg')\">\n                            <div class=\"overlay z-0 absolute top-0 left-0 right-0 bottom-0 gradient-secondaryLubricants-180\"><\/div>\n                            <h4 class=\"heading-4 text-white px-6 z-10 relative !mb-5\">Tala med v\u00e5rt team <\/h4>                        <\/div>\n                        <p class=\"text-darkSm px-6 z-10 relative !mb-6\">Kontakta v\u00e5rt europeiska team f\u00f6r sm\u00f6rjning.<\/p>                            \n                        <!-- Start of links repeater -->\n                                                <!-- End of links repeater -->\n\n                                                    <a href=\"https:\/\/lubricants.ncheurope.com\/sv\/kontakta-oss\/\" class=\"button button--secondary button--secondaryLubricants w-[calc(100%-48px)] relative z-10 mx-6 !py-3\" target=\"_parent\">Kontakta oss  <\/a>\n                                            <\/div>\n\n                            <\/div>\n        <\/div>\n        <!-- End Slider Column -->\n\n<\/div>\n\n\n<div class=\"text-image-cta-block paddingTopLarge paddingBottomLarge secondaryLubricants bg-primaryOffWhite bg-no-repeat bg-contain\">\n    <div class=\"container flex flex-col lg:flex-row-reverse\">\n        <div class=\"text-container flex flex-col items-start lg:pr-5 lg:basis-3\/6 lg:pl-[90px]\">\n                        <h2 class=\"heading-2 text-secondaryLubricants\">Vi \u00e4r h\u00e4r f\u00f6r att hj\u00e4lpa dig<\/h2>                            <div class=\"text-container\">\n                    <p>Denna globala n\u00e4rvaro g\u00f6r det m\u00f6jligt f\u00f6r NCH Lubricants att f\u00f6rst\u00e5 och tillgodose de unika behoven i din verksamhet, samtidigt som vi tillhandah\u00e5ller lokalt st\u00f6d och expertis f\u00f6r att s\u00e4kerst\u00e4lla optimal prestanda och kundn\u00f6jdhet i alla regioner.<\/p>\n                <\/div>\n                                        <a href=\"https:\/\/lubricants.ncheurope.com\/sv\/kontakta-oss\/\" class=\"button mt-5 button--secondaryLubricants relative \" target=\"_parent\">Kontakta oss<\/a>\n                    <\/div>\n                    <div class=\"image-container lg:basis-3\/6 relative flex flex-col mt-[24px] lg:mt-0\">\n                <div class=\"skewed-image-container min-h-[388px] bg-no-repeat bg-cover bg-center skewedImageLarge-flipped shadow-[0_10px_10px_0_rgba(109,106,112,0.15)]\" style=\"background-image: url(https:\/\/lubricants.ncheurope.com\/wp-content\/uploads\/2025\/08\/Worldwide-here-to-help.jpg);\"><\/div>\n            <\/div>\n                    <\/div>\n<\/div>\n\n\n    <div class=\"related-cards-block box-content relative bg-white paddingTopLarge paddingBottomLarge secondaryLubricants\">\n        <div class=\"container flex flex-col\">\n            <!-- Start Text Section -->\n            <div class=\"flex flex-row flex-wrap justify-between items-end relative z-10 pb-[60px]\">\n                <h2 class=\"heading-2 basis-full text-secondaryLubricants\">Det finns mer att utforska&#8230;<\/h2>                <p class=\"text-darkBase basis-full lg:basis-8\/12 !mb-0\">Vi \u00e4r en p\u00e5litlig leverant\u00f6r av sm\u00f6rjmedel och servicepartner f\u00f6r tusentals f\u00f6retag \u00f6ver hela v\u00e4rlden. Fr\u00e5n sm\u00e5, oberoende f\u00f6retag till storskaliga industriella tillverkningsanl\u00e4ggningar st\u00f6der vi ett brett spektrum av branscher med h\u00f6gkvalitativa sm\u00f6rjprodukter.   <\/p>                                    <a href=\"https:\/\/lubricants.ncheurope.com\/sv\" class=\"button button--secondaryLubricants hover:bg-secondaryLubricants hover:text-white relative mt-[24px] lg:mt-0\">Utforska mer<\/a>\n                            <\/div>\n            <!-- End Text Section -->\n            \n            <!-- Start Related Cards Section -->\n            \n                            <div class=\" flex flex-row flex-wrap\">\n                                                                        <div class=\"related-card max-w-full md:max-w-[calc(50%-4px)] lg:max-w-[calc(25%-8px)] w-full px-2 pt-2 pb-8 mr-0 md:odd:mr-2 lg:mr-2 mb-10 relative bg-white shadow-[0_10px_10px_0_rgba(109,106,112,0.15)] border border-primaryOffWhite\">\n                                <div class=\"blog-image relative bg-center bg-no-repeat bg-cover min-h-[216px] mb-6\" style=\"background-image: url('https:\/\/lubricants.ncheurope.com\/wp-content\/uploads\/2025\/06\/Construction-drop-down-menu.jpg')\"><\/div>\n                                <div class=\"flex flex-col items-start px-6\">\n                                    <h6 class=\"heading-6 text-secondaryLubricants z-10 relative !mb-4\">Industrier<\/h6>\n                                    <p class=\"text-darkSm z-10 relative !mb-5\">Vi \u00e4r betrodda i alla branscher och levererar skr\u00e4ddarsydda sm\u00f6rjmedelsl\u00f6sningar f\u00f6r h\u00f6gsta prestanda.<\/p>\n                                    <a href=\"https:\/\/lubricants.ncheurope.com\/sv\/industrier\/\" class=\"button button--secondary button--secondaryLubricants\">Utforska alla<\/a>\n                                <\/div>\n                            <\/div>\n                                                                                                <div class=\"related-card max-w-full md:max-w-[calc(50%-4px)] lg:max-w-[calc(25%-8px)] w-full px-2 pt-2 pb-8 mr-0 md:odd:mr-2 lg:mr-2 mb-10 relative bg-white shadow-[0_10px_10px_0_rgba(109,106,112,0.15)] border border-primaryOffWhite\">\n                                <div class=\"blog-image relative bg-center bg-no-repeat bg-cover min-h-[216px] mb-6\" style=\"background-image: url('https:\/\/lubricants.ncheurope.com\/wp-content\/uploads\/2025\/06\/Lubricants-About-Us-who-we-are.jpg')\"><\/div>\n                                <div class=\"flex flex-col items-start px-6\">\n                                    <h6 class=\"heading-6 text-secondaryLubricants z-10 relative !mb-4\">Produkter<\/h6>\n                                    <p class=\"text-darkSm z-10 relative !mb-5\">Fr\u00e5n fetter till oljor, br\u00e4nsleprogram till specialaerosoler &#8211; NCH Lubricants har allt du beh\u00f6ver.<\/p>\n                                    <a href=\"https:\/\/lubricants.ncheurope.com\/sv\/produkter\/\" class=\"button button--secondary button--secondaryLubricants\">Ta en titt<\/a>\n                                <\/div>\n                            <\/div>\n                                                                                                <div class=\"related-card max-w-full md:max-w-[calc(50%-4px)] lg:max-w-[calc(25%-8px)] w-full px-2 pt-2 pb-8 mr-0 md:odd:mr-2 lg:mr-2 mb-10 relative bg-white shadow-[0_10px_10px_0_rgba(109,106,112,0.15)] border border-primaryOffWhite\">\n                                <div class=\"blog-image relative bg-center bg-no-repeat bg-cover min-h-[216px] mb-6\" style=\"background-image: url('https:\/\/lubricants.ncheurope.com\/wp-content\/uploads\/2025\/06\/Lubricants-About-Us-Quality-and-Innovation.png')\"><\/div>\n                                <div class=\"flex flex-col items-start px-6\">\n                                    <h6 class=\"heading-6 text-secondaryLubricants z-10 relative !mb-4\">Karri\u00e4r<\/h6>\n                                    <p class=\"text-darkSm z-10 relative !mb-5\">Vill du arbeta med NCH Lubricants? Hitta de senaste rollerna och b\u00f6rja din karri\u00e4r med oss.<\/p>\n                                    <a href=\"https:\/\/lubricants.ncheurope.com\/sv\/karriar\/\" class=\"button button--secondary button--secondaryLubricants\">Ans\u00f6k nu<\/a>\n                                <\/div>\n                            <\/div>\n                                                                                                <div class=\"related-card max-w-full md:max-w-[calc(50%-4px)] lg:max-w-[calc(25%-8px)] w-full px-2 pt-2 pb-8 mr-0 md:odd:mr-2 lg:mr-2 mb-10 relative bg-white shadow-[0_10px_10px_0_rgba(109,106,112,0.15)] border border-primaryOffWhite\">\n                                <div class=\"blog-image relative bg-center bg-no-repeat bg-cover min-h-[216px] mb-6\" style=\"background-image: url('https:\/\/lubricants.ncheurope.com\/wp-content\/uploads\/2025\/06\/Our-manufacturing.jpg')\"><\/div>\n                                <div class=\"flex flex-col items-start px-6\">\n                                    <h6 class=\"heading-6 text-secondaryLubricants z-10 relative !mb-4\">Om oss  <\/h6>\n                                    <p class=\"text-darkSm z-10 relative !mb-5\">Vi p\u00e5 NCH Lubricants \u00e4r en globalt erk\u00e4nd fullserviceleverant\u00f6r av sm\u00f6rjmedel sedan 1949.<\/p>\n                                    <a href=\"https:\/\/lubricants.ncheurope.com\/sv\/om-oss\/\" class=\"button button--secondary button--secondaryLubricants\">L\u00e4s mer<\/a>\n                                <\/div>\n                            <\/div>\n                                                            <\/div>\n                        \n            <!-- End Related Cards Section -->\n        <\/div>\n\n    <\/div>","protected":false},"excerpt":{"rendered":"","protected":false},"author":1,"featured_media":0,"parent":0,"menu_order":0,"comment_status":"closed","ping_status":"closed","template":"","meta":{"_acf_changed":false,"footnotes":""},"class_list":["post-61502","page","type-page","status-publish","hentry"],"acf":[],"yoast_head":"<!-- This site is optimized with the Yoast SEO Premium plugin v21.7 (Yoast SEO v27.2) - https:\/\/yoast.com\/product\/yoast-seo-premium-wordpress\/ -->\n<title>\u00d6ver hela v\u00e4rlden - NCH Lubricants<\/title>\n<meta name=\"robots\" content=\"index, follow, max-snippet:-1, max-image-preview:large, max-video-preview:-1\" \/>\n<link rel=\"canonical\" href=\"https:\/\/lubricants.ncheurope.com\/sv\/over-hela-varlden\/\" class=\"yoast-seo-meta-tag\" \/>\n<meta property=\"og:locale\" content=\"sv_SE\" class=\"yoast-seo-meta-tag\" \/>\n<meta property=\"og:type\" content=\"article\" class=\"yoast-seo-meta-tag\" \/>\n<meta property=\"og:title\" content=\"\u00d6ver hela v\u00e4rlden\" class=\"yoast-seo-meta-tag\" \/>\n<meta property=\"og:url\" content=\"https:\/\/lubricants.ncheurope.com\/sv\/over-hela-varlden\/\" class=\"yoast-seo-meta-tag\" \/>\n<meta property=\"og:site_name\" content=\"NCH Lubricants\" class=\"yoast-seo-meta-tag\" \/>\n<meta property=\"article:modified_time\" content=\"2025-09-04T15:04:26+00:00\" class=\"yoast-seo-meta-tag\" \/>\n<meta name=\"twitter:card\" content=\"summary_large_image\" class=\"yoast-seo-meta-tag\" \/>\n<script type=\"application\/ld+json\" class=\"yoast-schema-graph\">{\"@context\":\"https:\/\/schema.org\",\"@graph\":[{\"@type\":\"WebPage\",\"@id\":\"https:\/\/lubricants.ncheurope.com\/sv\/over-hela-varlden\/\",\"url\":\"https:\/\/lubricants.ncheurope.com\/sv\/over-hela-varlden\/\",\"name\":\"\u00d6ver hela v\u00e4rlden - NCH Lubricants\",\"isPartOf\":{\"@id\":\"https:\/\/lubricants.ncheurope.com\/sv\/#website\"},\"datePublished\":\"2025-02-21T16:27:06+00:00\",\"dateModified\":\"2025-09-04T15:04:26+00:00\",\"breadcrumb\":{\"@id\":\"https:\/\/lubricants.ncheurope.com\/sv\/over-hela-varlden\/#breadcrumb\"},\"inLanguage\":\"sv-SE\",\"potentialAction\":[{\"@type\":\"ReadAction\",\"target\":[\"https:\/\/lubricants.ncheurope.com\/sv\/over-hela-varlden\/\"]}]},{\"@type\":\"BreadcrumbList\",\"@id\":\"https:\/\/lubricants.ncheurope.com\/sv\/over-hela-varlden\/#breadcrumb\",\"itemListElement\":[{\"@type\":\"ListItem\",\"position\":1,\"name\":\"Hemsida\",\"item\":\"https:\/\/lubricants.ncheurope.com\/sv\/\"},{\"@type\":\"ListItem\",\"position\":2,\"name\":\"\u00d6ver hela v\u00e4rlden\"}]},{\"@type\":\"WebSite\",\"@id\":\"https:\/\/lubricants.ncheurope.com\/sv\/#website\",\"url\":\"https:\/\/lubricants.ncheurope.com\/sv\/\",\"name\":\"NCH Lubricants\",\"description\":\"\",\"potentialAction\":[{\"@type\":\"SearchAction\",\"target\":{\"@type\":\"EntryPoint\",\"urlTemplate\":\"https:\/\/lubricants.ncheurope.com\/sv\/?s={search_term_string}\"},\"query-input\":{\"@type\":\"PropertyValueSpecification\",\"valueRequired\":true,\"valueName\":\"search_term_string\"}}],\"inLanguage\":\"sv-SE\"}]}<\/script>\n<!-- \/ Yoast SEO Premium plugin. -->","yoast_head_json":{"title":"\u00d6ver hela v\u00e4rlden - NCH Lubricants","robots":{"index":"index","follow":"follow","max-snippet":"max-snippet:-1","max-image-preview":"max-image-preview:large","max-video-preview":"max-video-preview:-1"},"canonical":"https:\/\/lubricants.ncheurope.com\/sv\/over-hela-varlden\/","og_locale":"sv_SE","og_type":"article","og_title":"\u00d6ver hela v\u00e4rlden","og_url":"https:\/\/lubricants.ncheurope.com\/sv\/over-hela-varlden\/","og_site_name":"NCH Lubricants","article_modified_time":"2025-09-04T15:04:26+00:00","twitter_card":"summary_large_image","schema":{"@context":"https:\/\/schema.org","@graph":[{"@type":"WebPage","@id":"https:\/\/lubricants.ncheurope.com\/sv\/over-hela-varlden\/","url":"https:\/\/lubricants.ncheurope.com\/sv\/over-hela-varlden\/","name":"\u00d6ver hela v\u00e4rlden - NCH Lubricants","isPartOf":{"@id":"https:\/\/lubricants.ncheurope.com\/sv\/#website"},"datePublished":"2025-02-21T16:27:06+00:00","dateModified":"2025-09-04T15:04:26+00:00","breadcrumb":{"@id":"https:\/\/lubricants.ncheurope.com\/sv\/over-hela-varlden\/#breadcrumb"},"inLanguage":"sv-SE","potentialAction":[{"@type":"ReadAction","target":["https:\/\/lubricants.ncheurope.com\/sv\/over-hela-varlden\/"]}]},{"@type":"BreadcrumbList","@id":"https:\/\/lubricants.ncheurope.com\/sv\/over-hela-varlden\/#breadcrumb","itemListElement":[{"@type":"ListItem","position":1,"name":"Hemsida","item":"https:\/\/lubricants.ncheurope.com\/sv\/"},{"@type":"ListItem","position":2,"name":"\u00d6ver hela v\u00e4rlden"}]},{"@type":"WebSite","@id":"https:\/\/lubricants.ncheurope.com\/sv\/#website","url":"https:\/\/lubricants.ncheurope.com\/sv\/","name":"NCH Lubricants","description":"","potentialAction":[{"@type":"SearchAction","target":{"@type":"EntryPoint","urlTemplate":"https:\/\/lubricants.ncheurope.com\/sv\/?s={search_term_string}"},"query-input":{"@type":"PropertyValueSpecification","valueRequired":true,"valueName":"search_term_string"}}],"inLanguage":"sv-SE"}]}},"_links":{"self":[{"href":"https:\/\/lubricants.ncheurope.com\/sv\/wp-json\/wp\/v2\/pages\/61502","targetHints":{"allow":["GET"]}}],"collection":[{"href":"https:\/\/lubricants.ncheurope.com\/sv\/wp-json\/wp\/v2\/pages"}],"about":[{"href":"https:\/\/lubricants.ncheurope.com\/sv\/wp-json\/wp\/v2\/types\/page"}],"author":[{"embeddable":true,"href":"https:\/\/lubricants.ncheurope.com\/sv\/wp-json\/wp\/v2\/users\/1"}],"replies":[{"embeddable":true,"href":"https:\/\/lubricants.ncheurope.com\/sv\/wp-json\/wp\/v2\/comments?post=61502"}],"version-history":[{"count":2,"href":"https:\/\/lubricants.ncheurope.com\/sv\/wp-json\/wp\/v2\/pages\/61502\/revisions"}],"predecessor-version":[{"id":61872,"href":"https:\/\/lubricants.ncheurope.com\/sv\/wp-json\/wp\/v2\/pages\/61502\/revisions\/61872"}],"wp:attachment":[{"href":"https:\/\/lubricants.ncheurope.com\/sv\/wp-json\/wp\/v2\/media?parent=61502"}],"curies":[{"name":"wp","href":"https:\/\/api.w.org\/{rel}","templated":true}]}}