{"id":61498,"date":"2025-02-21T18:21:18","date_gmt":"2025-02-21T18:21:18","guid":{"rendered":"https:\/\/nchdev-3ittg.projectbeta.co.uk\/karriar\/"},"modified":"2025-09-08T13:27:59","modified_gmt":"2025-09-08T13:27:59","slug":"karriar","status":"publish","type":"page","link":"https:\/\/lubricants.ncheurope.com\/sv\/karriar\/","title":{"rendered":"Karri\u00e4r"},"content":{"rendered":"\n<div class=\"internal-banner-block relative secondaryLubricants paddingBottomLarge bg-no-repeat pt-[110px] lg:pt-[160px]  bg-cover bg-center\" style=\"background-image: url('https:\/\/lubricants.ncheurope.com\/wp-content\/uploads\/2025\/02\/image-3-careers.webp')\">\n    <div class=\"overlay absolute top-0 bottom-0 left-0 right-0 z-0 gradient-secondaryLubricants-180-dark\"><\/div>    <div class=\"container relative z-10\">\n        <div class=\"breadcrumb-container mb-[60px] lg:mb-[103px] hidden md:block\">\n            <p class=\"text-lightXs !mb-0 !text-[12px] flex flex-row items-center\">You are here: <a class=\"!font-regular mx-2 hover:underline\" href=\"https:\/\/lubricants.ncheurope.com\/sv\/\">Hem<\/a> \/ <span class=\"ml-2 font-semibold\">Karri\u00e4r<\/span><\/p>\n        <\/div>\n\n        <div class=\"content-container flex flex-col-reverse md:flex-row flex-wrap justify-between\">\n\n                            <div class=\"text-container md:basis-10\/12\">\n                    <h1 class=\"heading-1-light\">Karri\u00e4r p\u00e5 NCH Lubricants<\/h1>                    <div class=\"wysiwyg-container text-light !mb-0 max-w-[768px]\"><p><span class=\"text-3xl\">Vi<\/span>erbjuder inte jobb p\u00e5 NCH Lubricants; vi erbjuder karri\u00e4rer.<\/p>\n<p>Med 75 \u00e5rs framg\u00e5ng i branschen \u00e4r vi redo att hj\u00e4lpa dig att utveckla en varaktig, stabil verksamhet som forts\u00e4tter att v\u00e4xa \u00e5r efter \u00e5r.<\/p>\n<\/div>                                    <\/div>\n                    <\/div>\n    <\/div>\n<\/div>\n<div class=\"title-text-block secondaryLubricants utfyllnadTopLarge paddingBottomLarge\">\n    <div class=\"container\">\n        <h2 class=\"heading-2 text-secondaryLubricants\">Inneh\u00e5llsblock som ska g\u00e5 hit<\/h2>        <ul>\n<li><span style=\"font-weight: 400;\">Inledning  <\/span><\/li>\n<li><span style=\"font-weight: 400;\">V\u00e4rden  <\/span><\/li>\n<li><span style=\"font-weight: 400;\">Nuvarande roller  <\/span><\/li>\n<li><span style=\"font-weight: 400;\">Formul\u00e4r f\u00f6r intresseanm\u00e4lan  <\/span><\/li>\n<\/ul>\n    <\/div>\n<\/div>\n<div id=\"anchor-text-cards-block\" class=\"text-cards-block relative bg-primaryOffWhite secondaryLubricants utfyllnadTopLarge paddingBottomLarge has-anchor-link\">\n    <div class=\"container\">\n        <!-- Start Text Section -->\n        <div class=\"flex flex-row flex-wrap justify-between items-center relative z-10 mb-[60px]\">\n            <h2 class=\"heading-2 basis-full text-secondaryLubricants\">Utforska vad NCH har att erbjuda<\/h2>            <p class=\"text-darkBase basis-full lg:basis-8\/12 mb-0\">Lorem ipsum dolor sit amet, consectetur adipiscing elit. Duis a sodales mauris. Maecenas sed iaculis felis. Vivamus aliquam magna non tincident volutpat.    Phasellus fringilla risus et rhoncus scelerisque. Donec molestie nibh a augue tempor, quis rutrum neque tempor. Etiam ac lectus posuere, rhoncus est sed, eleifend sapien.  \n<\/p>                    <\/div> \n        <!-- End Text Section -->\n\n        <!-- Start Cards Section -->\n                    <div class=\"cards-container flex flex-row flex-wrap gap-2\">\n                                                            <a href=\"https:\/\/lubricants.ncheurope.com\/sv\/utbildning-och-support\/\" target=\"_parent\" class=\"card-link-wrapper block w-full sm:max-w-[calc(50%-4px)] lg:max-w-[calc(33%-6px)]\">\n                                            <div class=\"card group w-full bg-cover bg-center bg-no-repeat relative flex flex-col justify-end px-[32px] pb-[32px] shadow-[0_10px_10px_0_rgba(109,106,112,0.15)] transition-all hover:shadow-[0_15px_15px_0_rgba(109,106,112,0.25)]\" style=\"background-image: url('https:\/\/lubricants.ncheurope.com\/wp-content\/uploads\/2025\/02\/image-3-careers.webp);\">\n                            <div class=\"overlay absolute top-0 left-0 right-0 bottom-0 gradient-secondaryLubricants-180-dark\"><\/div>\n                            <div class=\"card-content min-h-[380px] flex flex-col justify-end relative z-10\">\n                                <h4 class=\"heading-4-light !mb-5\">Utbildning &amp; support<\/h4>                                <div class=\"wysiwyg  text-lightBase transition-all\"><p>Lorem ipsum dolor sit amet, consectetur adipiscing elit. Duis a sodales mauris. Maecenas sed iaculis felis. Vivamus aliquam magna non tincident volutpat.   <\/p>\n<\/div>                                                                    <span class=\"button button--secondary button--light mt-6 relative transition-all group-hover:bg-white group-hover:text-secondaryLubricants pointer-events-none\">Ta reda p\u00e5 mer<\/span>\n                                                            \n                            <\/div>\n                        <\/div>\n                                            <\/a>\n                                                                                <a href=\"https:\/\/lubricants.ncheurope.com\/sv\/mangfald-och-inkludering\/\" target=\"_parent\" class=\"card-link-wrapper block w-full sm:max-w-[calc(50%-4px)] lg:max-w-[calc(33%-6px)]\">\n                                            <div class=\"card group w-full bg-cover bg-center bg-no-repeat relative flex flex-col justify-end px-[32px] pb-[32px] shadow-[0_10px_10px_0_rgba(109,106,112,0.15)] transition-all hover:shadow-[0_15px_15px_0_rgba(109,106,112,0.25)]\" style=\"background-image: url('https:\/\/lubricants.ncheurope.com\/wp-content\/uploads\/2025\/02\/image-3-careers.webp);\">\n                            <div class=\"overlay absolute top-0 left-0 right-0 bottom-0 gradient-secondaryLubricants-180-dark\"><\/div>\n                            <div class=\"card-content min-h-[380px] flex flex-col justify-end relative z-10\">\n                                <h4 class=\"heading-4-light !mb-5\">M\u00e5ngfald och inkludering<\/h4>                                <div class=\"wysiwyg  text-lightBase transition-all\"><p>Lorem ipsum dolor sit amet, consectetur adipiscing elit. Duis a sodales mauris. Maecenas sed iaculis felis. Vivamus aliquam magna non tincident volutpat.   <\/p>\n<\/div>                                                                    <span class=\"button button--secondary button--light mt-6 relative transition-all group-hover:bg-white group-hover:text-secondaryLubricants pointer-events-none\">Ta reda p\u00e5 mer<\/span>\n                                                            \n                            <\/div>\n                        <\/div>\n                                            <\/a>\n                                                                                <a href=\"https:\/\/lubricants.ncheurope.com\/sv\/att-arbeta-pa-nch-lubricants\/\" target=\"_parent\" class=\"card-link-wrapper block w-full sm:max-w-[calc(50%-4px)] lg:max-w-[calc(33%-6px)]\">\n                                            <div class=\"card group w-full bg-cover bg-center bg-no-repeat relative flex flex-col justify-end px-[32px] pb-[32px] shadow-[0_10px_10px_0_rgba(109,106,112,0.15)] transition-all hover:shadow-[0_15px_15px_0_rgba(109,106,112,0.25)]\" style=\"background-image: url('https:\/\/lubricants.ncheurope.com\/wp-content\/uploads\/2025\/02\/image-3-careers.webp);\">\n                            <div class=\"overlay absolute top-0 left-0 right-0 bottom-0 gradient-secondaryLubricants-180-dark\"><\/div>\n                            <div class=\"card-content min-h-[380px] flex flex-col justify-end relative z-10\">\n                                <h4 class=\"heading-4-light !mb-5\">Att arbeta p\u00e5 NCH Lubricants<\/h4>                                <div class=\"wysiwyg  text-lightBase transition-all\"><p>Lorem ipsum dolor sit amet, consectetur adipiscing elit. Duis a sodales mauris. Maecenas sed iaculis felis. Vivamus aliquam magna non tincident volutpat.   <\/p>\n<\/div>                                                                    <span class=\"button button--secondary button--light mt-6 relative transition-all group-hover:bg-white group-hover:text-secondaryLubricants pointer-events-none\">Ta reda p\u00e5 mer<\/span>\n                                                            \n                            <\/div>\n                        <\/div>\n                                            <\/a>\n                                                <\/div>\n            <\/div>\n<\/div> ","protected":false},"excerpt":{"rendered":"","protected":false},"author":1,"featured_media":0,"parent":0,"menu_order":0,"comment_status":"closed","ping_status":"closed","template":"","meta":{"_acf_changed":false,"footnotes":""},"class_list":["post-61498","page","type-page","status-publish","hentry"],"acf":[],"yoast_head":"<!-- This site is optimized with the Yoast SEO Premium plugin v21.7 (Yoast SEO v27.2) - https:\/\/yoast.com\/product\/yoast-seo-premium-wordpress\/ -->\n<title>Karri\u00e4r - NCH Lubricants<\/title>\n<meta name=\"robots\" content=\"index, follow, max-snippet:-1, max-image-preview:large, max-video-preview:-1\" \/>\n<link rel=\"canonical\" href=\"https:\/\/lubricants.ncheurope.com\/sv\/karriar\/\" class=\"yoast-seo-meta-tag\" \/>\n<meta property=\"og:locale\" content=\"sv_SE\" class=\"yoast-seo-meta-tag\" \/>\n<meta property=\"og:type\" content=\"article\" class=\"yoast-seo-meta-tag\" \/>\n<meta property=\"og:title\" content=\"Karri\u00e4r\" class=\"yoast-seo-meta-tag\" \/>\n<meta property=\"og:url\" content=\"https:\/\/lubricants.ncheurope.com\/sv\/karriar\/\" class=\"yoast-seo-meta-tag\" \/>\n<meta property=\"og:site_name\" content=\"NCH Lubricants\" class=\"yoast-seo-meta-tag\" \/>\n<meta property=\"article:modified_time\" content=\"2025-09-08T13:27:59+00:00\" class=\"yoast-seo-meta-tag\" \/>\n<meta name=\"twitter:card\" content=\"summary_large_image\" class=\"yoast-seo-meta-tag\" \/>\n<script type=\"application\/ld+json\" class=\"yoast-schema-graph\">{\"@context\":\"https:\/\/schema.org\",\"@graph\":[{\"@type\":\"WebPage\",\"@id\":\"https:\/\/lubricants.ncheurope.com\/sv\/karriar\/\",\"url\":\"https:\/\/lubricants.ncheurope.com\/sv\/karriar\/\",\"name\":\"Karri\u00e4r - NCH Lubricants\",\"isPartOf\":{\"@id\":\"https:\/\/lubricants.ncheurope.com\/sv\/#website\"},\"datePublished\":\"2025-02-21T18:21:18+00:00\",\"dateModified\":\"2025-09-08T13:27:59+00:00\",\"breadcrumb\":{\"@id\":\"https:\/\/lubricants.ncheurope.com\/sv\/karriar\/#breadcrumb\"},\"inLanguage\":\"sv-SE\",\"potentialAction\":[{\"@type\":\"ReadAction\",\"target\":[\"https:\/\/lubricants.ncheurope.com\/sv\/karriar\/\"]}]},{\"@type\":\"BreadcrumbList\",\"@id\":\"https:\/\/lubricants.ncheurope.com\/sv\/karriar\/#breadcrumb\",\"itemListElement\":[{\"@type\":\"ListItem\",\"position\":1,\"name\":\"Hemsida\",\"item\":\"https:\/\/lubricants.ncheurope.com\/sv\/\"},{\"@type\":\"ListItem\",\"position\":2,\"name\":\"Karri\u00e4r\"}]},{\"@type\":\"WebSite\",\"@id\":\"https:\/\/lubricants.ncheurope.com\/sv\/#website\",\"url\":\"https:\/\/lubricants.ncheurope.com\/sv\/\",\"name\":\"NCH Lubricants\",\"description\":\"\",\"potentialAction\":[{\"@type\":\"SearchAction\",\"target\":{\"@type\":\"EntryPoint\",\"urlTemplate\":\"https:\/\/lubricants.ncheurope.com\/sv\/?s={search_term_string}\"},\"query-input\":{\"@type\":\"PropertyValueSpecification\",\"valueRequired\":true,\"valueName\":\"search_term_string\"}}],\"inLanguage\":\"sv-SE\"}]}<\/script>\n<!-- \/ Yoast SEO Premium plugin. -->","yoast_head_json":{"title":"Karri\u00e4r - NCH Lubricants","robots":{"index":"index","follow":"follow","max-snippet":"max-snippet:-1","max-image-preview":"max-image-preview:large","max-video-preview":"max-video-preview:-1"},"canonical":"https:\/\/lubricants.ncheurope.com\/sv\/karriar\/","og_locale":"sv_SE","og_type":"article","og_title":"Karri\u00e4r","og_url":"https:\/\/lubricants.ncheurope.com\/sv\/karriar\/","og_site_name":"NCH Lubricants","article_modified_time":"2025-09-08T13:27:59+00:00","twitter_card":"summary_large_image","schema":{"@context":"https:\/\/schema.org","@graph":[{"@type":"WebPage","@id":"https:\/\/lubricants.ncheurope.com\/sv\/karriar\/","url":"https:\/\/lubricants.ncheurope.com\/sv\/karriar\/","name":"Karri\u00e4r - NCH Lubricants","isPartOf":{"@id":"https:\/\/lubricants.ncheurope.com\/sv\/#website"},"datePublished":"2025-02-21T18:21:18+00:00","dateModified":"2025-09-08T13:27:59+00:00","breadcrumb":{"@id":"https:\/\/lubricants.ncheurope.com\/sv\/karriar\/#breadcrumb"},"inLanguage":"sv-SE","potentialAction":[{"@type":"ReadAction","target":["https:\/\/lubricants.ncheurope.com\/sv\/karriar\/"]}]},{"@type":"BreadcrumbList","@id":"https:\/\/lubricants.ncheurope.com\/sv\/karriar\/#breadcrumb","itemListElement":[{"@type":"ListItem","position":1,"name":"Hemsida","item":"https:\/\/lubricants.ncheurope.com\/sv\/"},{"@type":"ListItem","position":2,"name":"Karri\u00e4r"}]},{"@type":"WebSite","@id":"https:\/\/lubricants.ncheurope.com\/sv\/#website","url":"https:\/\/lubricants.ncheurope.com\/sv\/","name":"NCH Lubricants","description":"","potentialAction":[{"@type":"SearchAction","target":{"@type":"EntryPoint","urlTemplate":"https:\/\/lubricants.ncheurope.com\/sv\/?s={search_term_string}"},"query-input":{"@type":"PropertyValueSpecification","valueRequired":true,"valueName":"search_term_string"}}],"inLanguage":"sv-SE"}]}},"_links":{"self":[{"href":"https:\/\/lubricants.ncheurope.com\/sv\/wp-json\/wp\/v2\/pages\/61498","targetHints":{"allow":["GET"]}}],"collection":[{"href":"https:\/\/lubricants.ncheurope.com\/sv\/wp-json\/wp\/v2\/pages"}],"about":[{"href":"https:\/\/lubricants.ncheurope.com\/sv\/wp-json\/wp\/v2\/types\/page"}],"author":[{"embeddable":true,"href":"https:\/\/lubricants.ncheurope.com\/sv\/wp-json\/wp\/v2\/users\/1"}],"replies":[{"embeddable":true,"href":"https:\/\/lubricants.ncheurope.com\/sv\/wp-json\/wp\/v2\/comments?post=61498"}],"version-history":[{"count":2,"href":"https:\/\/lubricants.ncheurope.com\/sv\/wp-json\/wp\/v2\/pages\/61498\/revisions"}],"predecessor-version":[{"id":62504,"href":"https:\/\/lubricants.ncheurope.com\/sv\/wp-json\/wp\/v2\/pages\/61498\/revisions\/62504"}],"wp:attachment":[{"href":"https:\/\/lubricants.ncheurope.com\/sv\/wp-json\/wp\/v2\/media?parent=61498"}],"curies":[{"name":"wp","href":"https:\/\/api.w.org\/{rel}","templated":true}]}}