{"id":64542,"date":"2025-02-21T18:21:18","date_gmt":"2025-02-21T18:21:18","guid":{"rendered":"https:\/\/lubricants.ncheurope.com\/kariera\/"},"modified":"2025-10-27T10:38:56","modified_gmt":"2025-10-27T10:38:56","slug":"kariera","status":"publish","type":"page","link":"https:\/\/lubricants.ncheurope.com\/sk\/kariera\/","title":{"rendered":"Kari\u00e9ra"},"content":{"rendered":"\n<div class=\"internal-banner-block relative secondaryLubricants paddingBottomLarge bg-no-repeat pt-[110px] lg:pt-[160px]  bg-cover bg-center\" style=\"background-image: url('https:\/\/lubricants.ncheurope.com\/wp-content\/uploads\/2025\/02\/image-3-careers.webp')\">\n    <div class=\"overlay absolute top-0 bottom-0 left-0 right-0 z-0 gradient-secondaryLubricants-180-dark\"><\/div>    <div class=\"container relative z-10\">\n        <div class=\"breadcrumb-container mb-[60px] lg:mb-[103px] hidden md:block\">\n            <p class=\"text-lightXs !mb-0 !text-[12px] flex flex-row items-center\">You are here: <a class=\"!font-regular mx-2 hover:underline\" href=\"https:\/\/lubricants.ncheurope.com\/sk\/\">Domovsk\u00e1 str\u00e1nka<\/a> \/ <span class=\"ml-2 font-semibold\">Kari\u00e9ra<\/span><\/p>\n        <\/div>\n\n        <div class=\"content-container flex flex-col-reverse md:flex-row flex-wrap justify-between\">\n\n                            <div class=\"text-container md:basis-10\/12\">\n                    <h1 class=\"heading-1-light\">Kari\u00e9ra v spolo\u010dnosti NCH Lubricants<\/h1>                    <div class=\"wysiwyg-container text-light !mb-0 max-w-[768px]\"><p>V spolo\u010dnosti NCH Lubricants <span class=\"text-3xl\">nepon\u00fakame<\/span>pracovn\u00e9 miesta, ale kari\u00e9ru.<\/p>\n<p>V\u010faka 75 rokom \u00faspechu v tomto odvetv\u00ed sme pripraven\u00ed nasmerova\u0165 v\u00e1s na cestu rozvoja trval\u00e9ho a stabiln\u00e9ho podnikania, ktor\u00e9 bude rok \u010do rok r\u00e1s\u0165.<\/p>\n<\/div>                                    <\/div>\n                    <\/div>\n    <\/div>\n<\/div>\n<div class=\"title-text-block secondaryLubricants paddingTopLarge paddingBottomLarge\">\n    <div class=\"container\">\n        <h2 class=\"heading-2 text-secondaryLubricants\">Obsahov\u00e9 bloky, ktor\u00e9 sa maj\u00fa presun\u00fa\u0165 sem<\/h2>        <ul>\n<li><span style=\"font-weight: 400\">\u00davod  <\/span><\/li>\n<li><span style=\"font-weight: 400\">Hodnoty  <\/span><\/li>\n<li><span style=\"font-weight: 400\">S\u00fa\u010dasn\u00e9 \u00falohy  <\/span><\/li>\n<li><span style=\"font-weight: 400\">Registra\u010dn\u00fd formul\u00e1r z\u00e1ujmu  <\/span><\/li>\n<\/ul>\n    <\/div>\n<\/div>\n<div id=\"anchor-text-cards-block\" class=\"text-cards-block relative bg-primaryOffWhite secondaryLubricants paddingTopLarge paddingBottomLarge has-anchor-link\">\n    <div class=\"container\">\n        <!-- Start Text Section -->\n        <div class=\"flex flex-row flex-wrap justify-between items-center relative z-10 mb-[60px]\">\n            <h2 class=\"heading-2 basis-full text-secondaryLubricants\">Presk\u00famajte ponuku NCH<\/h2>            <p class=\"text-darkBase basis-full lg:basis-8\/12 mb-0\">Lorem ipsum dolor sit amet, consectetur adipiscing elit. Duis a sodales mauris. Maecenas sed iaculis felis. Vivamus aliquam magna non tincident volutpat.    Phasellus fringilla risus et rhoncus scelerisque. Donec molestie nibh a augue tempor, quis rutrum neque tempor. Etiam ac lectus posuere, rhoncus est sed, eleifend sapien.  \n<\/p>                    <\/div> \n        <!-- End Text Section -->\n\n        <!-- Start Cards Section -->\n                    <div class=\"cards-container flex flex-row flex-wrap gap-2\">\n                                                            <a href=\"https:\/\/lubricants.ncheurope.com\/sk\/skolenia-a-podpora\/\" target=\"_parent\" class=\"card-link-wrapper block w-full sm:max-w-[calc(50%-4px)] lg:max-w-[calc(33%-6px)]\">\n                                            <div class=\"card group w-full bg-cover bg-center bg-no-repeat relative flex flex-col justify-end px-[32px] pb-[32px] shadow-[0_10px_10px_0_rgba(109,106,112,0.15)] transition-all hover:shadow-[0_15px_15px_0_rgba(109,106,112,0.25)]\" style=\"background-image: url('https:\/\/lubricants.ncheurope.com\/wp-content\/uploads\/2025\/02\/image-3-careers.webp);\">\n                            <div class=\"overlay absolute top-0 left-0 right-0 bottom-0 gradient-secondaryLubricants-180-dark\"><\/div>\n                            <div class=\"card-content min-h-[380px] flex flex-col justify-end relative z-10\">\n                                <h4 class=\"heading-4-light !mb-5\">\u0160kolenia a podpora<\/h4>                                <div class=\"wysiwyg  text-lightBase transition-all\"><p>Lorem ipsum dolor sit amet, consectetur adipiscing elit. Duis a sodales mauris. Maecenas sed iaculis felis. Vivamus aliquam magna non tincident volutpat.   <\/p>\n<\/div>                                                                    <span class=\"button button--secondary button--light mt-6 relative transition-all group-hover:bg-white group-hover:text-secondaryLubricants pointer-events-none\">Zistite viac<\/span>\n                                                            \n                            <\/div>\n                        <\/div>\n                                            <\/a>\n                                                                                <a href=\"https:\/\/lubricants.ncheurope.com\/sk\/rozmanitost-a-zaclenenie\/\" target=\"_parent\" class=\"card-link-wrapper block w-full sm:max-w-[calc(50%-4px)] lg:max-w-[calc(33%-6px)]\">\n                                            <div class=\"card group w-full bg-cover bg-center bg-no-repeat relative flex flex-col justify-end px-[32px] pb-[32px] shadow-[0_10px_10px_0_rgba(109,106,112,0.15)] transition-all hover:shadow-[0_15px_15px_0_rgba(109,106,112,0.25)]\" style=\"background-image: url('https:\/\/lubricants.ncheurope.com\/wp-content\/uploads\/2025\/02\/image-3-careers.webp);\">\n                            <div class=\"overlay absolute top-0 left-0 right-0 bottom-0 gradient-secondaryLubricants-180-dark\"><\/div>\n                            <div class=\"card-content min-h-[380px] flex flex-col justify-end relative z-10\">\n                                <h4 class=\"heading-4-light !mb-5\">Rozmanitos\u0165 a za\u010dlenenie<\/h4>                                <div class=\"wysiwyg  text-lightBase transition-all\"><p>Lorem ipsum dolor sit amet, consectetur adipiscing elit. Duis a sodales mauris. Maecenas sed iaculis felis. Vivamus aliquam magna non tincident volutpat.   <\/p>\n<\/div>                                                                    <span class=\"button button--secondary button--light mt-6 relative transition-all group-hover:bg-white group-hover:text-secondaryLubricants pointer-events-none\">Zistite viac<\/span>\n                                                            \n                            <\/div>\n                        <\/div>\n                                            <\/a>\n                                                                                <a href=\"https:\/\/lubricants.ncheurope.com\/sk\/praca-v-spolocnosti-nch-lubricants\/\" target=\"_parent\" class=\"card-link-wrapper block w-full sm:max-w-[calc(50%-4px)] lg:max-w-[calc(33%-6px)]\">\n                                            <div class=\"card group w-full bg-cover bg-center bg-no-repeat relative flex flex-col justify-end px-[32px] pb-[32px] shadow-[0_10px_10px_0_rgba(109,106,112,0.15)] transition-all hover:shadow-[0_15px_15px_0_rgba(109,106,112,0.25)]\" style=\"background-image: url('https:\/\/lubricants.ncheurope.com\/wp-content\/uploads\/2025\/02\/image-3-careers.webp);\">\n                            <div class=\"overlay absolute top-0 left-0 right-0 bottom-0 gradient-secondaryLubricants-180-dark\"><\/div>\n                            <div class=\"card-content min-h-[380px] flex flex-col justify-end relative z-10\">\n                                <h4 class=\"heading-4-light !mb-5\">Pr\u00e1ca v spolo\u010dnosti NCH Lubricants<\/h4>                                <div class=\"wysiwyg  text-lightBase transition-all\"><p>Lorem ipsum dolor sit amet, consectetur adipiscing elit. Duis a sodales mauris. Maecenas sed iaculis felis. Vivamus aliquam magna non tincident volutpat.   <\/p>\n<\/div>                                                                    <span class=\"button button--secondary button--light mt-6 relative transition-all group-hover:bg-white group-hover:text-secondaryLubricants pointer-events-none\">Zistite viac<\/span>\n                                                            \n                            <\/div>\n                        <\/div>\n                                            <\/a>\n                                                <\/div>\n            <\/div>\n<\/div> ","protected":false},"excerpt":{"rendered":"","protected":false},"author":1,"featured_media":0,"parent":0,"menu_order":0,"comment_status":"closed","ping_status":"closed","template":"","meta":{"_acf_changed":false,"footnotes":""},"class_list":["post-64542","page","type-page","status-publish","hentry"],"acf":[],"yoast_head":"<!-- This site is optimized with the Yoast SEO Premium plugin v21.7 (Yoast SEO v27.2) - https:\/\/yoast.com\/product\/yoast-seo-premium-wordpress\/ -->\n<title>Kari\u00e9ra v spolo\u010dnosti NCH Lubricants | Pridajte sa k n\u00e1\u0161mu glob\u00e1lnemu t\u00edmu<\/title>\n<meta name=\"description\" content=\"Presk\u00famajte kari\u00e9ru v spolo\u010dnosti NCH Lubricants a pripojte sa k celosvetov\u00e9mu l\u00eddrovi, ktor\u00fd podporuje inov\u00e1cie, udr\u017eate\u013enos\u0165 a v\u00fdkonnos\u0165.\" class=\"yoast-seo-meta-tag\" \/>\n<meta name=\"robots\" content=\"index, follow, max-snippet:-1, max-image-preview:large, max-video-preview:-1\" \/>\n<link rel=\"canonical\" href=\"https:\/\/lubricants.ncheurope.com\/en\/careers\/\" class=\"yoast-seo-meta-tag\" \/>\n<meta property=\"og:locale\" content=\"sk_SK\" class=\"yoast-seo-meta-tag\" \/>\n<meta property=\"og:type\" content=\"article\" class=\"yoast-seo-meta-tag\" \/>\n<meta property=\"og:title\" content=\"Kari\u00e9ra\" class=\"yoast-seo-meta-tag\" \/>\n<meta property=\"og:description\" content=\"Presk\u00famajte kari\u00e9ru v spolo\u010dnosti NCH Lubricants a pripojte sa k celosvetov\u00e9mu l\u00eddrovi, ktor\u00fd podporuje inov\u00e1cie, udr\u017eate\u013enos\u0165 a v\u00fdkonnos\u0165.\" class=\"yoast-seo-meta-tag\" \/>\n<meta property=\"og:url\" content=\"https:\/\/lubricants.ncheurope.com\/en\/careers\/\" class=\"yoast-seo-meta-tag\" \/>\n<meta property=\"og:site_name\" content=\"NCH Lubricants\" class=\"yoast-seo-meta-tag\" \/>\n<meta property=\"article:modified_time\" content=\"2025-10-27T10:38:56+00:00\" class=\"yoast-seo-meta-tag\" \/>\n<meta name=\"twitter:card\" content=\"summary_large_image\" class=\"yoast-seo-meta-tag\" \/>\n<script type=\"application\/ld+json\" class=\"yoast-schema-graph\">{\"@context\":\"https:\/\/schema.org\",\"@graph\":[{\"@type\":\"WebPage\",\"@id\":\"https:\/\/lubricants.ncheurope.com\/en\/careers\/\",\"url\":\"https:\/\/lubricants.ncheurope.com\/en\/careers\/\",\"name\":\"Kari\u00e9ra v spolo\u010dnosti NCH Lubricants | Pridajte sa k n\u00e1\u0161mu glob\u00e1lnemu t\u00edmu\",\"isPartOf\":{\"@id\":\"https:\/\/lubricants.ncheurope.com\/sv\/#website\"},\"datePublished\":\"2025-02-21T18:21:18+00:00\",\"dateModified\":\"2025-10-27T10:38:56+00:00\",\"description\":\"Presk\u00famajte kari\u00e9ru v spolo\u010dnosti NCH Lubricants a pripojte sa k celosvetov\u00e9mu l\u00eddrovi, ktor\u00fd podporuje inov\u00e1cie, udr\u017eate\u013enos\u0165 a v\u00fdkonnos\u0165.\",\"breadcrumb\":{\"@id\":\"https:\/\/lubricants.ncheurope.com\/en\/careers\/#breadcrumb\"},\"inLanguage\":\"sk-SK\",\"potentialAction\":[{\"@type\":\"ReadAction\",\"target\":[\"https:\/\/lubricants.ncheurope.com\/en\/careers\/\"]}]},{\"@type\":\"BreadcrumbList\",\"@id\":\"https:\/\/lubricants.ncheurope.com\/en\/careers\/#breadcrumb\",\"itemListElement\":[{\"@type\":\"ListItem\",\"position\":1,\"name\":\"Domovsk\u00e1 str\u00e1nka\",\"item\":\"https:\/\/lubricants.ncheurope.com\/en\/\"},{\"@type\":\"ListItem\",\"position\":2,\"name\":\"Kari\u00e9ra\"}]},{\"@type\":\"WebSite\",\"@id\":\"https:\/\/lubricants.ncheurope.com\/sv\/#website\",\"url\":\"https:\/\/lubricants.ncheurope.com\/sv\/\",\"name\":\"NCH Lubricants\",\"description\":\"\",\"potentialAction\":[{\"@type\":\"SearchAction\",\"target\":{\"@type\":\"EntryPoint\",\"urlTemplate\":\"https:\/\/lubricants.ncheurope.com\/sv\/?s={search_term_string}\"},\"query-input\":{\"@type\":\"PropertyValueSpecification\",\"valueRequired\":true,\"valueName\":\"search_term_string\"}}],\"inLanguage\":\"sk-SK\"}]}<\/script>\n<!-- \/ Yoast SEO Premium plugin. -->","yoast_head_json":{"title":"Kari\u00e9ra v spolo\u010dnosti NCH Lubricants | Pridajte sa k n\u00e1\u0161mu glob\u00e1lnemu t\u00edmu","description":"Presk\u00famajte kari\u00e9ru v spolo\u010dnosti NCH Lubricants a pripojte sa k celosvetov\u00e9mu l\u00eddrovi, ktor\u00fd podporuje inov\u00e1cie, udr\u017eate\u013enos\u0165 a v\u00fdkonnos\u0165.","robots":{"index":"index","follow":"follow","max-snippet":"max-snippet:-1","max-image-preview":"max-image-preview:large","max-video-preview":"max-video-preview:-1"},"canonical":"https:\/\/lubricants.ncheurope.com\/en\/careers\/","og_locale":"sk_SK","og_type":"article","og_title":"Kari\u00e9ra","og_description":"Presk\u00famajte kari\u00e9ru v spolo\u010dnosti NCH Lubricants a pripojte sa k celosvetov\u00e9mu l\u00eddrovi, ktor\u00fd podporuje inov\u00e1cie, udr\u017eate\u013enos\u0165 a v\u00fdkonnos\u0165.","og_url":"https:\/\/lubricants.ncheurope.com\/en\/careers\/","og_site_name":"NCH Lubricants","article_modified_time":"2025-10-27T10:38:56+00:00","twitter_card":"summary_large_image","schema":{"@context":"https:\/\/schema.org","@graph":[{"@type":"WebPage","@id":"https:\/\/lubricants.ncheurope.com\/en\/careers\/","url":"https:\/\/lubricants.ncheurope.com\/en\/careers\/","name":"Kari\u00e9ra v spolo\u010dnosti NCH Lubricants | Pridajte sa k n\u00e1\u0161mu glob\u00e1lnemu t\u00edmu","isPartOf":{"@id":"https:\/\/lubricants.ncheurope.com\/sv\/#website"},"datePublished":"2025-02-21T18:21:18+00:00","dateModified":"2025-10-27T10:38:56+00:00","description":"Presk\u00famajte kari\u00e9ru v spolo\u010dnosti NCH Lubricants a pripojte sa k celosvetov\u00e9mu l\u00eddrovi, ktor\u00fd podporuje inov\u00e1cie, udr\u017eate\u013enos\u0165 a v\u00fdkonnos\u0165.","breadcrumb":{"@id":"https:\/\/lubricants.ncheurope.com\/en\/careers\/#breadcrumb"},"inLanguage":"sk-SK","potentialAction":[{"@type":"ReadAction","target":["https:\/\/lubricants.ncheurope.com\/en\/careers\/"]}]},{"@type":"BreadcrumbList","@id":"https:\/\/lubricants.ncheurope.com\/en\/careers\/#breadcrumb","itemListElement":[{"@type":"ListItem","position":1,"name":"Domovsk\u00e1 str\u00e1nka","item":"https:\/\/lubricants.ncheurope.com\/en\/"},{"@type":"ListItem","position":2,"name":"Kari\u00e9ra"}]},{"@type":"WebSite","@id":"https:\/\/lubricants.ncheurope.com\/sv\/#website","url":"https:\/\/lubricants.ncheurope.com\/sv\/","name":"NCH Lubricants","description":"","potentialAction":[{"@type":"SearchAction","target":{"@type":"EntryPoint","urlTemplate":"https:\/\/lubricants.ncheurope.com\/sv\/?s={search_term_string}"},"query-input":{"@type":"PropertyValueSpecification","valueRequired":true,"valueName":"search_term_string"}}],"inLanguage":"sk-SK"}]}},"_links":{"self":[{"href":"https:\/\/lubricants.ncheurope.com\/sk\/wp-json\/wp\/v2\/pages\/64542","targetHints":{"allow":["GET"]}}],"collection":[{"href":"https:\/\/lubricants.ncheurope.com\/sk\/wp-json\/wp\/v2\/pages"}],"about":[{"href":"https:\/\/lubricants.ncheurope.com\/sk\/wp-json\/wp\/v2\/types\/page"}],"author":[{"embeddable":true,"href":"https:\/\/lubricants.ncheurope.com\/sk\/wp-json\/wp\/v2\/users\/1"}],"replies":[{"embeddable":true,"href":"https:\/\/lubricants.ncheurope.com\/sk\/wp-json\/wp\/v2\/comments?post=64542"}],"version-history":[{"count":1,"href":"https:\/\/lubricants.ncheurope.com\/sk\/wp-json\/wp\/v2\/pages\/64542\/revisions"}],"predecessor-version":[{"id":64544,"href":"https:\/\/lubricants.ncheurope.com\/sk\/wp-json\/wp\/v2\/pages\/64542\/revisions\/64544"}],"wp:attachment":[{"href":"https:\/\/lubricants.ncheurope.com\/sk\/wp-json\/wp\/v2\/media?parent=64542"}],"curies":[{"name":"wp","href":"https:\/\/api.w.org\/{rel}","templated":true}]}}