{"id":64531,"date":"2025-02-21T16:27:06","date_gmt":"2025-02-21T16:27:06","guid":{"rendered":"https:\/\/lubricants.ncheurope.com\/?page_id=64531"},"modified":"2025-10-27T10:34:36","modified_gmt":"2025-10-27T10:34:36","slug":"celosvetovo","status":"publish","type":"page","link":"https:\/\/lubricants.ncheurope.com\/sk\/celosvetovo\/","title":{"rendered":"Celosvetovo"},"content":{"rendered":"\n<div class=\"internal-banner-block relative secondaryLubricants paddingBottomLarge bg-no-repeat pt-[110px] lg:pt-[160px]  bg-cover bg-center\" style=\"background-image: url('https:\/\/lubricants.ncheurope.com\/wp-content\/uploads\/2025\/08\/Global-Presence-Lubricants-banner.jpg')\">\n    <div class=\"overlay absolute top-0 bottom-0 left-0 right-0 z-0 gradient-secondaryLubricants-180-dark\"><\/div>    <div class=\"container relative z-10\">\n        <div class=\"breadcrumb-container mb-[60px] lg:mb-[103px] hidden md:block\">\n            <p class=\"text-lightXs !mb-0 !text-[12px] flex flex-row items-center\">You are here: <a class=\"!font-regular mx-2 hover:underline\" href=\"https:\/\/lubricants.ncheurope.com\/sk\/\">Domovsk\u00e1 str\u00e1nka<\/a> \/ <span class=\"ml-2 font-semibold\">Celosvetovo<\/span><\/p>\n        <\/div>\n\n        <div class=\"content-container flex flex-col-reverse md:flex-row flex-wrap justify-between\">\n\n                            <div class=\"text-container md:basis-10\/12\">\n                    <h1 class=\"heading-1-light\">Celosvetov\u00e9 pobo\u010dky<\/h1>                    <div class=\"wysiwyg-container text-light !mb-0 max-w-[768px]\"><p>Spolo\u010dnos\u0165 NCH Lubricants poskytuje vysoko v\u00fdkonn\u00e9 mazacie rie\u0161enia pre priemyseln\u00e9 odvetvia v Eur\u00f3pe, \u00c1zii a Tichomor\u00ed, Severnej Amerike a Latinskej Amerike. Ako div\u00edzia spolo\u010dnosti NCH Corporation, NCH Lubricants vyu\u017e\u00edva celosvetov\u00fa sie\u0165 v\u00fdrobn\u00fdch z\u00e1vodov a obchodn\u00fdch z\u00e1stupcov, aby poskytovala konzistentn\u00fa kvalitu a inov\u00e1cie po celom svete.<\/p>\n<p>&nbsp;<\/p>\n<\/div>                                    <\/div>\n                    <\/div>\n    <\/div>\n<\/div>\n\n\n<div class=\"text-and-link-cards-slider-block relative box-content overflow-x-hidden paddingTopLarge paddingBottomLarge secondaryLubricants has-anchor-link\">\n    <div class=\"overlay z-0 absolute top-0 left-0 right-0 bottom-2\/4 block bg-secondaryLubricants\"><\/div>\n    <!-- Start Text Section -->\n    <div class=\"container text-and-link-cards-slider-text\">\n        <div class=\"flex flex-row flex-wrap justify-between items-center relative z-10 pb-[60px]\">\n            <h2 class=\"heading-2 basis-full text-white\">Glob\u00e1lne odborn\u00e9 znalosti v oblasti mazania<\/h2>            <p class=\"text-lightBase lg:basis-8\/12 mb-0\">V\u010faka glob\u00e1lnej sieti \u0161pecializovan\u00fdch t\u00edmov predaja maz\u00edv a odborn\u00edkov priamo v priemysle m\u00e1 spolo\u010dnos\u0165 NCH Lubricants glob\u00e1lny dosah, produkty a slu\u017eby, ktor\u00e9 v\u00e1m pom\u00f4\u017eu pred\u013a\u017ei\u0165 \u017eivotnos\u0165 zariaden\u00ed, zn\u00ed\u017ei\u0165 prestoje a zn\u00ed\u017ei\u0165 n\u00e1klady.<\/p>                    <\/div>\n    <\/div>\n    <!-- End Text Section -->\n\n    <!-- Start Slider Column -->\n            <div class=\"slider-container flex flex-col overflow-x-hidden absolute right-0\">\n            <div class=\"text-and-link-cards-slider-block-slider\">\n                                    <div class=\"slide !flex flex-col justify-start items-start bg-white border border-primaryOffWhite px-2 pt-2 pb-8 mr-2 last-of-type:mr-0 mb-5 relative shadow-[0_10px_10px_0_rgba(109,106,112,0.15)] secondaryLubricants\">\n                        <div class=\"image-container relative bg-center bg-cover bg-no-repeat w-full min-h-[178px] flex items-end mb-6\" style=\"background-image: url('https:\/\/lubricants.ncheurope.com\/wp-content\/uploads\/2025\/08\/North-Amercia-Lubricants.jpg')\">\n                            <div class=\"overlay z-0 absolute top-0 left-0 right-0 bottom-0 gradient-secondaryLubricants-180\"><\/div>\n                            <h4 class=\"heading-4 text-white px-6 z-10 relative !mb-5\">Severn\u00e1 Amerika<\/h4>                        <\/div>\n                        <p class=\"text-darkSm px-6 z-10 relative !mb-6\">Nav\u0161t\u00edvte na\u0161u severoamerick\u00fa div\u00edziu maz\u00edv, Certified Labs.<\/p>                            \n                        <!-- Start of links repeater -->\n                                                <!-- End of links repeater -->\n\n                                                    <a href=\"https:\/\/certifiedlabs.com\/\" class=\"button button--secondary button--secondaryLubricants w-[calc(100%-48px)] relative z-10 mx-6 !py-3\" target=\"_blank\">Prejs\u0165 na Severn\u00fa Ameriku<\/a>\n                                            <\/div>\n\n                                    <div class=\"slide !flex flex-col justify-start items-start bg-white border border-primaryOffWhite px-2 pt-2 pb-8 mr-2 last-of-type:mr-0 mb-5 relative shadow-[0_10px_10px_0_rgba(109,106,112,0.15)] secondaryLubricants\">\n                        <div class=\"image-container relative bg-center bg-cover bg-no-repeat w-full min-h-[178px] flex items-end mb-6\" style=\"background-image: url('https:\/\/lubricants.ncheurope.com\/wp-content\/uploads\/2025\/08\/Asia-Pacific-Lubricants.jpg')\">\n                            <div class=\"overlay z-0 absolute top-0 left-0 right-0 bottom-0 gradient-secondaryLubricants-180\"><\/div>\n                            <h4 class=\"heading-4 text-white px-6 z-10 relative !mb-5\">\u00c1zia a Tichomorie<\/h4>                        <\/div>\n                        <p class=\"text-darkSm px-6 z-10 relative !mb-6\">Nav\u0161t\u00edvte na\u0161u webov\u00fa str\u00e1nku pre \u00e1zijsko-tichomorsk\u00fa oblas\u0165, kde n\u00e1jdete v\u0161etko, \u010do potrebujete v oblasti<\/p>                            \n                        <!-- Start of links repeater -->\n                                                <!-- End of links repeater -->\n\n                                                    <a href=\"https:\/\/www.nchasia.com\/solution\/lubricants\/\" class=\"button button--secondary button--secondaryLubricants w-[calc(100%-48px)] relative z-10 mx-6 !py-3\" target=\"_blank\">Prejs\u0165 na APAC<\/a>\n                                            <\/div>\n\n                                    <div class=\"slide !flex flex-col justify-start items-start bg-white border border-primaryOffWhite px-2 pt-2 pb-8 mr-2 last-of-type:mr-0 mb-5 relative shadow-[0_10px_10px_0_rgba(109,106,112,0.15)] secondaryLubricants\">\n                        <div class=\"image-container relative bg-center bg-cover bg-no-repeat w-full min-h-[178px] flex items-end mb-6\" style=\"background-image: url('https:\/\/lubricants.ncheurope.com\/wp-content\/uploads\/2025\/08\/Latin-America-Lubricants.jpg')\">\n                            <div class=\"overlay z-0 absolute top-0 left-0 right-0 bottom-0 gradient-secondaryLubricants-180\"><\/div>\n                            <h4 class=\"heading-4 text-white px-6 z-10 relative !mb-5\">Latinsk\u00e1 Amerika<\/h4>                        <\/div>\n                        <p class=\"text-darkSm px-6 z-10 relative !mb-6\">Nav\u0161t\u00edvte na\u0161u webov\u00fa str\u00e1nku pre Latinsk\u00fa Ameriku, kde n\u00e1jdete v\u0161etko, \u010do potrebujete v oblasti mazania v regi\u00f3ne LAT<\/p>                            \n                        <!-- Start of links repeater -->\n                                                <!-- End of links repeater -->\n\n                                                    <a href=\"https:\/\/www.la.nch.com\/lubricantes-industriales.html\" class=\"button button--secondary button--secondaryLubricants w-[calc(100%-48px)] relative z-10 mx-6 !py-3\" target=\"_blank\">Prejdite do Latinskej Ameriky<\/a>\n                                            <\/div>\n\n                                    <div class=\"slide !flex flex-col justify-start items-start bg-white border border-primaryOffWhite px-2 pt-2 pb-8 mr-2 last-of-type:mr-0 mb-5 relative shadow-[0_10px_10px_0_rgba(109,106,112,0.15)] secondaryLubricants\">\n                        <div class=\"image-container relative bg-center bg-cover bg-no-repeat w-full min-h-[178px] flex items-end mb-6\" style=\"background-image: url('https:\/\/lubricants.ncheurope.com\/wp-content\/uploads\/2025\/08\/Get-in-touch-Lubricants.jpg')\">\n                            <div class=\"overlay z-0 absolute top-0 left-0 right-0 bottom-0 gradient-secondaryLubricants-180\"><\/div>\n                            <h4 class=\"heading-4 text-white px-6 z-10 relative !mb-5\">Porozpr\u00e1vajte sa s na\u0161\u00edm t\u00edmom<\/h4>                        <\/div>\n                        <p class=\"text-darkSm px-6 z-10 relative !mb-6\">Kontaktujte n\u00e1\u0161 eur\u00f3psky t\u00edm pre mazanie.<\/p>                            \n                        <!-- Start of links repeater -->\n                                                <!-- End of links repeater -->\n\n                                                    <a href=\"https:\/\/lubricants.ncheurope.com\/sk\/kontaktujte-nas\/\" class=\"button button--secondary button--secondaryLubricants w-[calc(100%-48px)] relative z-10 mx-6 !py-3\" target=\"_parent\">Kontaktujte n\u00e1s<\/a>\n                                            <\/div>\n\n                            <\/div>\n        <\/div>\n        <!-- End Slider Column -->\n\n<\/div>\n\n\n<div class=\"text-image-cta-block paddingTopLarge paddingBottomLarge secondaryLubricants bg-primaryOffWhite bg-no-repeat bg-contain\">\n    <div class=\"container flex flex-col lg:flex-row-reverse\">\n        <div class=\"text-container flex flex-col items-start lg:pr-5 lg:basis-3\/6 lg:pl-[90px]\">\n                        <h2 class=\"heading-2 text-secondaryLubricants\">Sme tu, aby sme v\u00e1m pomohli<\/h2>                            <div class=\"text-container\">\n                    <p>T\u00e1to glob\u00e1lna pr\u00edtomnos\u0165 umo\u017e\u0148uje spolo\u010dnosti NCH Lubricants pochopi\u0165 a uspokoji\u0165 jedine\u010dn\u00e9 potreby va\u0161ich prev\u00e1dzok a z\u00e1rove\u0148 poskytova\u0165 lokalizovan\u00fa podporu a odborn\u00e9 znalosti s cie\u013eom zabezpe\u010di\u0165 optim\u00e1lny v\u00fdkon a spokojnos\u0165 z\u00e1kazn\u00edkov vo v\u0161etk\u00fdch regi\u00f3noch.<\/p>\n                <\/div>\n                                        <a href=\"https:\/\/lubricants.ncheurope.com\/sk\/kontaktujte-nas\/\" class=\"button mt-5 button--secondaryLubricants relative \" target=\"_parent\">Kontaktujte n\u00e1s<\/a>\n                    <\/div>\n                    <div class=\"image-container lg:basis-3\/6 relative flex flex-col mt-[24px] lg:mt-0\">\n                <div class=\"skewed-image-container min-h-[388px] bg-no-repeat bg-cover bg-center skewedImageLarge-flipped shadow-[0_10px_10px_0_rgba(109,106,112,0.15)]\" style=\"background-image: url(https:\/\/lubricants.ncheurope.com\/wp-content\/uploads\/2025\/08\/Worldwide-here-to-help.jpg);\"><\/div>\n            <\/div>\n                    <\/div>\n<\/div>\n\n\n    <div class=\"related-cards-block box-content relative bg-white paddingTopLarge paddingBottomLarge secondaryLubricants\">\n        <div class=\"container flex flex-col\">\n            <!-- Start Text Section -->\n            <div class=\"flex flex-row flex-wrap justify-between items-end relative z-10 pb-[60px]\">\n                <h2 class=\"heading-2 basis-full text-secondaryLubricants\">Je tu e\u0161te viac na objavovanie&#8230;<\/h2>                <p class=\"text-darkBase basis-full lg:basis-8\/12 !mb-0\">Sme d\u00f4veryhodn\u00fdm dod\u00e1vate\u013eom maz\u00edv a servisn\u00fdm partnerom pre tis\u00edce podnikov po celom svete. Od mal\u00fdch nez\u00e1visl\u00fdch spolo\u010dnost\u00ed a\u017e po ve\u013ek\u00e9 priemyseln\u00e9 v\u00fdrobn\u00e9 z\u00e1vody, podporujeme \u0161irok\u00fa \u0161k\u00e1lu odvetv\u00ed vysokokvalitn\u00fdmi mazac\u00edmi produktmi.<\/p>                                    <a href=\"https:\/\/lubricants.ncheurope.com\/sk\/o-nas\/\" class=\"button button--secondaryLubricants hover:bg-secondaryLubricants hover:text-white relative mt-[24px] lg:mt-0\">Zisti\u0165 viac<\/a>\n                            <\/div>\n            <!-- End Text Section -->\n            \n            <!-- Start Related Cards Section -->\n            \n                            <div class=\" flex flex-row flex-wrap\">\n                                                                        <div class=\"related-card max-w-full md:max-w-[calc(50%-4px)] lg:max-w-[calc(25%-8px)] w-full px-2 pt-2 pb-8 mr-0 md:odd:mr-2 lg:mr-2 mb-10 relative bg-white shadow-[0_10px_10px_0_rgba(109,106,112,0.15)] border border-primaryOffWhite\">\n                                <div class=\"blog-image relative bg-center bg-no-repeat bg-cover min-h-[216px] mb-6\" style=\"background-image: url('https:\/\/lubricants.ncheurope.com\/wp-content\/uploads\/2025\/06\/Construction-drop-down-menu.jpg')\"><\/div>\n                                <div class=\"flex flex-col items-start px-6\">\n                                    <h6 class=\"heading-6 text-secondaryLubricants z-10 relative !mb-4\">Priemyseln\u00e9 odvetvia<\/h6>\n                                    <p class=\"text-darkSm z-10 relative !mb-5\">Sme d\u00f4veryhodn\u00fdm partnerom vo v\u0161etk\u00fdch odvetviach a dod\u00e1vame rie\u0161enia v oblasti maz\u00edv na mieru pre dosiahnutie maxim\u00e1lneho v\u00fdkonu.<\/p>\n                                    <a href=\"https:\/\/lubricants.ncheurope.com\/sk\/odvetvia\/\" class=\"button button--secondary button--secondaryLubricants\">Presk\u00famajte v\u0161etko<\/a>\n                                <\/div>\n                            <\/div>\n                                                                                                <div class=\"related-card max-w-full md:max-w-[calc(50%-4px)] lg:max-w-[calc(25%-8px)] w-full px-2 pt-2 pb-8 mr-0 md:odd:mr-2 lg:mr-2 mb-10 relative bg-white shadow-[0_10px_10px_0_rgba(109,106,112,0.15)] border border-primaryOffWhite\">\n                                <div class=\"blog-image relative bg-center bg-no-repeat bg-cover min-h-[216px] mb-6\" style=\"background-image: url('https:\/\/lubricants.ncheurope.com\/wp-content\/uploads\/2025\/06\/Lubricants-About-Us-who-we-are.jpg')\"><\/div>\n                                <div class=\"flex flex-col items-start px-6\">\n                                    <h6 class=\"heading-6 text-secondaryLubricants z-10 relative !mb-4\">Produkty<\/h6>\n                                    <p class=\"text-darkSm z-10 relative !mb-5\">Od maz\u00edv po oleje, palivov\u00e9 programy a\u017e po \u0161peci\u00e1lne aeros\u00f3ly \u2013 NCH Lubricants m\u00e1 pre v\u00e1s v\u0161etko.<\/p>\n                                    <a href=\"https:\/\/lubricants.ncheurope.com\/sk\/produkty\/\" class=\"button button--secondary button--secondaryLubricants\">Pozrite sa<\/a>\n                                <\/div>\n                            <\/div>\n                                                                                                <div class=\"related-card max-w-full md:max-w-[calc(50%-4px)] lg:max-w-[calc(25%-8px)] w-full px-2 pt-2 pb-8 mr-0 md:odd:mr-2 lg:mr-2 mb-10 relative bg-white shadow-[0_10px_10px_0_rgba(109,106,112,0.15)] border border-primaryOffWhite\">\n                                <div class=\"blog-image relative bg-center bg-no-repeat bg-cover min-h-[216px] mb-6\" style=\"background-image: url('https:\/\/lubricants.ncheurope.com\/wp-content\/uploads\/2025\/06\/Lubricants-About-Us-Quality-and-Innovation.png')\"><\/div>\n                                <div class=\"flex flex-col items-start px-6\">\n                                    <h6 class=\"heading-6 text-secondaryLubricants z-10 relative !mb-4\">Kari\u00e9ra<\/h6>\n                                    <p class=\"text-darkSm z-10 relative !mb-5\">Chcete pracova\u0165 v spolo\u010dnosti NCH Lubricants? N\u00e1jdite si najnov\u0161ie pracovn\u00e9 ponuky a za\u010dnite svoju kari\u00e9ru u n\u00e1s.<\/p>\n                                    <a href=\"https:\/\/lubricants.ncheurope.com\/en\/careers\/\" class=\"button button--secondary button--secondaryLubricants\">Prihl\u00e1ste sa teraz<\/a>\n                                <\/div>\n                            <\/div>\n                                                                                                <div class=\"related-card max-w-full md:max-w-[calc(50%-4px)] lg:max-w-[calc(25%-8px)] w-full px-2 pt-2 pb-8 mr-0 md:odd:mr-2 lg:mr-2 mb-10 relative bg-white shadow-[0_10px_10px_0_rgba(109,106,112,0.15)] border border-primaryOffWhite\">\n                                <div class=\"blog-image relative bg-center bg-no-repeat bg-cover min-h-[216px] mb-6\" style=\"background-image: url('https:\/\/lubricants.ncheurope.com\/wp-content\/uploads\/2025\/06\/Our-manufacturing.jpg')\"><\/div>\n                                <div class=\"flex flex-col items-start px-6\">\n                                    <h6 class=\"heading-6 text-secondaryLubricants z-10 relative !mb-4\">O n\u00e1s<\/h6>\n                                    <p class=\"text-darkSm z-10 relative !mb-5\">Spolo\u010dnos\u0165 NCH Lubricants je od roku 1949 celosvetovo uzn\u00e1van\u00fdm dod\u00e1vate\u013eom maz\u00edv s komplexn\u00fdmi slu\u017ebami.<\/p>\n                                    <a href=\"https:\/\/lubricants.ncheurope.com\/sk\/o-nas\/\" class=\"button button--secondary button--secondaryLubricants\">Zisti\u0165 viac<\/a>\n                                <\/div>\n                            <\/div>\n                                                            <\/div>\n                        \n            <!-- End Related Cards Section -->\n        <\/div>\n\n    <\/div>","protected":false},"excerpt":{"rendered":"","protected":false},"author":2,"featured_media":0,"parent":0,"menu_order":0,"comment_status":"closed","ping_status":"closed","template":"","meta":{"_acf_changed":false,"footnotes":""},"class_list":["post-64531","page","type-page","status-publish","hentry"],"acf":[],"yoast_head":"<!-- This site is optimized with the Yoast SEO Premium plugin v21.7 (Yoast SEO v27.2) - https:\/\/yoast.com\/product\/yoast-seo-premium-wordpress\/ -->\n<title>Celosvetovo - NCH Lubricants<\/title>\n<meta name=\"description\" content=\"Spolo\u010dnos\u0165 NCH Lubricants poskytuje vysoko v\u00fdkonn\u00e9 mazacie rie\u0161enia pre priemyseln\u00e9 odvetvia v Eur\u00f3pe, \u00c1zii a Tichomor\u00ed, Severnej Amerike a Latinskej Amerike.\" class=\"yoast-seo-meta-tag\" \/>\n<meta name=\"robots\" content=\"index, follow, max-snippet:-1, max-image-preview:large, max-video-preview:-1\" \/>\n<link rel=\"canonical\" href=\"https:\/\/lubricants.ncheurope.com\/en\/worldwide\/\" class=\"yoast-seo-meta-tag\" \/>\n<meta property=\"og:locale\" content=\"sk_SK\" class=\"yoast-seo-meta-tag\" \/>\n<meta property=\"og:type\" content=\"article\" class=\"yoast-seo-meta-tag\" \/>\n<meta property=\"og:title\" content=\"Celosvetovo\" class=\"yoast-seo-meta-tag\" \/>\n<meta property=\"og:description\" content=\"Spolo\u010dnos\u0165 NCH Lubricants poskytuje vysoko v\u00fdkonn\u00e9 mazacie rie\u0161enia pre priemyseln\u00e9 odvetvia v Eur\u00f3pe, \u00c1zii a Tichomor\u00ed, Severnej Amerike a Latinskej Amerike.\" class=\"yoast-seo-meta-tag\" \/>\n<meta property=\"og:url\" content=\"https:\/\/lubricants.ncheurope.com\/en\/worldwide\/\" class=\"yoast-seo-meta-tag\" \/>\n<meta property=\"og:site_name\" content=\"NCH Lubricants\" class=\"yoast-seo-meta-tag\" \/>\n<meta property=\"article:modified_time\" content=\"2025-10-27T10:34:36+00:00\" class=\"yoast-seo-meta-tag\" \/>\n<meta name=\"twitter:card\" content=\"summary_large_image\" class=\"yoast-seo-meta-tag\" \/>\n<script type=\"application\/ld+json\" class=\"yoast-schema-graph\">{\"@context\":\"https:\/\/schema.org\",\"@graph\":[{\"@type\":\"WebPage\",\"@id\":\"https:\/\/lubricants.ncheurope.com\/en\/worldwide\/\",\"url\":\"https:\/\/lubricants.ncheurope.com\/en\/worldwide\/\",\"name\":\"Celosvetovo - NCH Lubricants\",\"isPartOf\":{\"@id\":\"https:\/\/lubricants.ncheurope.com\/sv\/#website\"},\"datePublished\":\"2025-02-21T16:27:06+00:00\",\"dateModified\":\"2025-10-27T10:34:36+00:00\",\"description\":\"Spolo\u010dnos\u0165 NCH Lubricants poskytuje vysoko v\u00fdkonn\u00e9 mazacie rie\u0161enia pre priemyseln\u00e9 odvetvia v Eur\u00f3pe, \u00c1zii a Tichomor\u00ed, Severnej Amerike a Latinskej Amerike.\",\"breadcrumb\":{\"@id\":\"https:\/\/lubricants.ncheurope.com\/en\/worldwide\/#breadcrumb\"},\"inLanguage\":\"sk-SK\",\"potentialAction\":[{\"@type\":\"ReadAction\",\"target\":[\"https:\/\/lubricants.ncheurope.com\/en\/worldwide\/\"]}]},{\"@type\":\"BreadcrumbList\",\"@id\":\"https:\/\/lubricants.ncheurope.com\/en\/worldwide\/#breadcrumb\",\"itemListElement\":[{\"@type\":\"ListItem\",\"position\":1,\"name\":\"Domovsk\u00e1 str\u00e1nka\",\"item\":\"https:\/\/lubricants.ncheurope.com\/en\/\"},{\"@type\":\"ListItem\",\"position\":2,\"name\":\"Celosvetovo\"}]},{\"@type\":\"WebSite\",\"@id\":\"https:\/\/lubricants.ncheurope.com\/sv\/#website\",\"url\":\"https:\/\/lubricants.ncheurope.com\/sv\/\",\"name\":\"NCH Lubricants\",\"description\":\"\",\"potentialAction\":[{\"@type\":\"SearchAction\",\"target\":{\"@type\":\"EntryPoint\",\"urlTemplate\":\"https:\/\/lubricants.ncheurope.com\/sv\/?s={search_term_string}\"},\"query-input\":{\"@type\":\"PropertyValueSpecification\",\"valueRequired\":true,\"valueName\":\"search_term_string\"}}],\"inLanguage\":\"sk-SK\"}]}<\/script>\n<!-- \/ Yoast SEO Premium plugin. -->","yoast_head_json":{"title":"Celosvetovo - NCH Lubricants","description":"Spolo\u010dnos\u0165 NCH Lubricants poskytuje vysoko v\u00fdkonn\u00e9 mazacie rie\u0161enia pre priemyseln\u00e9 odvetvia v Eur\u00f3pe, \u00c1zii a Tichomor\u00ed, Severnej Amerike a Latinskej Amerike.","robots":{"index":"index","follow":"follow","max-snippet":"max-snippet:-1","max-image-preview":"max-image-preview:large","max-video-preview":"max-video-preview:-1"},"canonical":"https:\/\/lubricants.ncheurope.com\/en\/worldwide\/","og_locale":"sk_SK","og_type":"article","og_title":"Celosvetovo","og_description":"Spolo\u010dnos\u0165 NCH Lubricants poskytuje vysoko v\u00fdkonn\u00e9 mazacie rie\u0161enia pre priemyseln\u00e9 odvetvia v Eur\u00f3pe, \u00c1zii a Tichomor\u00ed, Severnej Amerike a Latinskej Amerike.","og_url":"https:\/\/lubricants.ncheurope.com\/en\/worldwide\/","og_site_name":"NCH Lubricants","article_modified_time":"2025-10-27T10:34:36+00:00","twitter_card":"summary_large_image","schema":{"@context":"https:\/\/schema.org","@graph":[{"@type":"WebPage","@id":"https:\/\/lubricants.ncheurope.com\/en\/worldwide\/","url":"https:\/\/lubricants.ncheurope.com\/en\/worldwide\/","name":"Celosvetovo - NCH Lubricants","isPartOf":{"@id":"https:\/\/lubricants.ncheurope.com\/sv\/#website"},"datePublished":"2025-02-21T16:27:06+00:00","dateModified":"2025-10-27T10:34:36+00:00","description":"Spolo\u010dnos\u0165 NCH Lubricants poskytuje vysoko v\u00fdkonn\u00e9 mazacie rie\u0161enia pre priemyseln\u00e9 odvetvia v Eur\u00f3pe, \u00c1zii a Tichomor\u00ed, Severnej Amerike a Latinskej Amerike.","breadcrumb":{"@id":"https:\/\/lubricants.ncheurope.com\/en\/worldwide\/#breadcrumb"},"inLanguage":"sk-SK","potentialAction":[{"@type":"ReadAction","target":["https:\/\/lubricants.ncheurope.com\/en\/worldwide\/"]}]},{"@type":"BreadcrumbList","@id":"https:\/\/lubricants.ncheurope.com\/en\/worldwide\/#breadcrumb","itemListElement":[{"@type":"ListItem","position":1,"name":"Domovsk\u00e1 str\u00e1nka","item":"https:\/\/lubricants.ncheurope.com\/en\/"},{"@type":"ListItem","position":2,"name":"Celosvetovo"}]},{"@type":"WebSite","@id":"https:\/\/lubricants.ncheurope.com\/sv\/#website","url":"https:\/\/lubricants.ncheurope.com\/sv\/","name":"NCH Lubricants","description":"","potentialAction":[{"@type":"SearchAction","target":{"@type":"EntryPoint","urlTemplate":"https:\/\/lubricants.ncheurope.com\/sv\/?s={search_term_string}"},"query-input":{"@type":"PropertyValueSpecification","valueRequired":true,"valueName":"search_term_string"}}],"inLanguage":"sk-SK"}]}},"_links":{"self":[{"href":"https:\/\/lubricants.ncheurope.com\/sk\/wp-json\/wp\/v2\/pages\/64531","targetHints":{"allow":["GET"]}}],"collection":[{"href":"https:\/\/lubricants.ncheurope.com\/sk\/wp-json\/wp\/v2\/pages"}],"about":[{"href":"https:\/\/lubricants.ncheurope.com\/sk\/wp-json\/wp\/v2\/types\/page"}],"author":[{"embeddable":true,"href":"https:\/\/lubricants.ncheurope.com\/sk\/wp-json\/wp\/v2\/users\/2"}],"replies":[{"embeddable":true,"href":"https:\/\/lubricants.ncheurope.com\/sk\/wp-json\/wp\/v2\/comments?post=64531"}],"version-history":[{"count":2,"href":"https:\/\/lubricants.ncheurope.com\/sk\/wp-json\/wp\/v2\/pages\/64531\/revisions"}],"predecessor-version":[{"id":64536,"href":"https:\/\/lubricants.ncheurope.com\/sk\/wp-json\/wp\/v2\/pages\/64531\/revisions\/64536"}],"wp:attachment":[{"href":"https:\/\/lubricants.ncheurope.com\/sk\/wp-json\/wp\/v2\/media?parent=64531"}],"curies":[{"name":"wp","href":"https:\/\/api.w.org\/{rel}","templated":true}]}}