{"id":64385,"date":"2025-02-21T19:16:02","date_gmt":"2025-02-21T19:16:02","guid":{"rendered":"https:\/\/lubricants.ncheurope.com\/?page_id=64385"},"modified":"2025-10-20T16:44:10","modified_gmt":"2025-10-20T16:44:10","slug":"globalne-mazanie","status":"publish","type":"page","link":"https:\/\/lubricants.ncheurope.com\/sk\/o-nas\/globalne-mazanie\/","title":{"rendered":"Glob\u00e1lne mazanie"},"content":{"rendered":"\n<div class=\"internal-banner-block relative secondaryLubricants paddingBottomLarge bg-no-repeat pt-[110px] lg:pt-[160px]  bg-cover bg-center\" style=\"background-image: url('https:\/\/lubricants.ncheurope.com\/wp-content\/uploads\/2025\/08\/Global-Presence-Lubricants-banner.jpg')\">\n    <div class=\"overlay absolute top-0 bottom-0 left-0 right-0 z-0 gradient-secondaryLubricants-180-dark\"><\/div>    <div class=\"container relative z-10\">\n        <div class=\"breadcrumb-container mb-[60px] lg:mb-[103px] hidden md:block\">\n            <p class=\"text-lightXs !mb-0 !text-[12px] flex flex-row items-center\">You are here: <a class=\"!font-regular mx-2 hover:underline\" href=\"https:\/\/lubricants.ncheurope.com\/sk\/\">Domovsk\u00e1 str\u00e1nka<\/a> \/ <a class=\"mx-2 hover:underline\" href=\"https:\/\/lubricants.ncheurope.com\/sk\/o-nas\/\">O n\u00e1s<\/a> \/ <select name=\"breadcrumb-select\" id=\"breadcrumb-select\" class=\"breadcrumb-select\"><option value=\"https:\/\/lubricants.ncheurope.com\/sk\/o-nas\/kvalita-produktov-a-inovacie\/\">Kvalita produktov a inov\u00e1cie<\/option><option value=\"https:\/\/lubricants.ncheurope.com\/sk\/o-nas\/historia\/\">Hist\u00f3ria<\/option><option value=\"https:\/\/lubricants.ncheurope.com\/sk\/o-nas\/globalne-mazanie\/\">Glob\u00e1lne mazanie<\/option><option value=\"https:\/\/lubricants.ncheurope.com\/sk\/o-nas\/udrzatelnost\/\">Udr\u017eate\u013enos\u0165<\/option><\/select><\/p>\n        <\/div>\n\n        <div class=\"content-container flex flex-col-reverse md:flex-row flex-wrap justify-between\">\n\n                            <div class=\"text-container md:basis-10\/12\">\n                    <h1 class=\"heading-1-light\">Glob\u00e1lne mazanie<\/h1>                    <div class=\"wysiwyg-container text-light !mb-0 max-w-[768px]\"><p>sa \u0161pecializuje na pokro\u010dil\u00e9 mazacie technol\u00f3gie pre \u0165a\u017ek\u00e9 zariadenia a priemyseln\u00e9 aplik\u00e1cie a p\u00f4sob\u00ed na glob\u00e1lnej \u00farovni s podporou lok\u00e1lnych podporn\u00fdch t\u00edmov v hlavn\u00fdch regi\u00f3noch vr\u00e1tane Severnej Ameriky, Eur\u00f3py, \u00c1zie a Tichomoria a Latinskej Ameriky.<\/p>\n<\/div>                                    <\/div>\n                    <\/div>\n    <\/div>\n<\/div>\n\n\n<div class=\"text-image-cta-block paddingTopLarge paddingBottomLarge secondaryLubricants bg-white bg-no-repeat bg-contain\">\n    <div class=\"container flex flex-col lg:flex-row-reverse\">\n        <div class=\"text-container flex flex-col items-start lg:pr-5 lg:basis-3\/6 lg:pl-[90px]\">\n                        <h2 class=\"heading-2 text-secondaryLubricants\">Glob\u00e1lne rie\u0161enia pre v\u00fdkon priemyseln\u00fdch zariaden\u00ed<\/h2>                            <div class=\"text-container\">\n                    <p>Ako jeden z najv\u00e4\u010d\u0161\u00edch svetov\u00fdch v\u00fdrobcov maz\u00edv pon\u00faka spolo\u010dnos\u0165 NCH Lubricants rozmanit\u00e9 produktov\u00e9 portf\u00f3lio vr\u00e1tane priemyseln\u00fdch mazac\u00edch tukov, olejov, pr\u00edsad do pal\u00edv, protizadierac\u00edch zmes\u00ed a maz\u00edv potravin\u00e1rskej kvality , ktor\u00e9 s\u00fa prisp\u00f4soben\u00e9 pre odvetvia ako odpad a \u0161rot, ban\u00edctvo, po\u013enohospod\u00e1rstvo, v\u00fdroba, lesn\u00edctvo, ropa a plyn a biomasa.<\/p>\n                <\/div>\n                                        <a href=\"https:\/\/lubricants.ncheurope.com\/en\/worldwide\/\" class=\"button mt-5 button--secondaryLubricants relative \" target=\"_parent\">Na\u0161e pobo\u010dky po celom svete<\/a>\n                    <\/div>\n                    <div class=\"image-container lg:basis-3\/6 relative flex flex-col mt-[24px] lg:mt-0\">\n                <div class=\"skewed-image-container min-h-[388px] bg-no-repeat bg-cover bg-center skewedImageLarge-flipped shadow-[0_10px_10px_0_rgba(109,106,112,0.15)]\" style=\"background-image: url(https:\/\/lubricants.ncheurope.com\/wp-content\/uploads\/2025\/08\/Worldwide-image.jpg);\"><\/div>\n            <\/div>\n                    <\/div>\n<\/div>\n\n\n<div class=\"text-and-link-cards-slider-block relative box-content overflow-x-hidden paddingTopLarge paddingBottomLarge secondaryLubricants has-anchor-link\">\n    <div class=\"overlay z-0 absolute top-0 left-0 right-0 bottom-2\/4 block bg-secondaryLubricants\"><\/div>\n    <!-- Start Text Section -->\n    <div class=\"container text-and-link-cards-slider-text\">\n        <div class=\"flex flex-row flex-wrap justify-between items-center relative z-10 pb-[60px]\">\n            <h2 class=\"heading-2 basis-full text-white\">Glob\u00e1lna odbornos\u0165 v oblasti mazania<\/h2>            <p class=\"text-lightBase lg:basis-8\/12 mb-0\">V\u010faka glob\u00e1lnej sieti \u0161pecializovan\u00fdch t\u00edmov pre predaj maz\u00edv a odborn\u00edkov z odvetvia priamo na mieste m\u00e1 spolo\u010dnos\u0165 NCH Lubricants glob\u00e1lny dosah, produkty a slu\u017eby, ktor\u00e9 v\u00e1m pom\u00f4\u017eu pred\u013a\u017ei\u0165 \u017eivotnos\u0165 zariaden\u00ed, skr\u00e1ti\u0165 prestoje a zn\u00ed\u017ei\u0165 n\u00e1klady.<\/p>                    <\/div>\n    <\/div>\n    <!-- End Text Section -->\n\n    <!-- Start Slider Column -->\n            <div class=\"slider-container flex flex-col overflow-x-hidden absolute right-0\">\n            <div class=\"text-and-link-cards-slider-block-slider\">\n                                    <div class=\"slide !flex flex-col justify-start items-start bg-white border border-primaryOffWhite px-2 pt-2 pb-8 mr-2 last-of-type:mr-0 mb-5 relative shadow-[0_10px_10px_0_rgba(109,106,112,0.15)] secondaryLubricants\">\n                        <div class=\"image-container relative bg-center bg-cover bg-no-repeat w-full min-h-[178px] flex items-end mb-6\" style=\"background-image: url('https:\/\/lubricants.ncheurope.com\/wp-content\/uploads\/2025\/08\/North-Amercia-Lubricants.jpg')\">\n                            <div class=\"overlay z-0 absolute top-0 left-0 right-0 bottom-0 gradient-secondaryLubricants-180\"><\/div>\n                            <h4 class=\"heading-4 text-white px-6 z-10 relative !mb-5\">Severn\u00e1 Amerika<\/h4>                        <\/div>\n                        <p class=\"text-darkSm px-6 z-10 relative !mb-6\">Nav\u0161t\u00edvte na\u0161u severoamerick\u00fa div\u00edziu maz\u00edv, Certified Labs.<\/p>                            \n                        <!-- Start of links repeater -->\n                                                <!-- End of links repeater -->\n\n                                                    <a href=\"https:\/\/certifiedlabs.com\/\" class=\"button button--secondary button--secondaryLubricants w-[calc(100%-48px)] relative z-10 mx-6 !py-3\" target=\"_blank\">Prejs\u0165 na Severn\u00fa Ameriku<\/a>\n                                            <\/div>\n\n                                    <div class=\"slide !flex flex-col justify-start items-start bg-white border border-primaryOffWhite px-2 pt-2 pb-8 mr-2 last-of-type:mr-0 mb-5 relative shadow-[0_10px_10px_0_rgba(109,106,112,0.15)] secondaryLubricants\">\n                        <div class=\"image-container relative bg-center bg-cover bg-no-repeat w-full min-h-[178px] flex items-end mb-6\" style=\"background-image: url('https:\/\/lubricants.ncheurope.com\/wp-content\/uploads\/2025\/08\/Asia-Pacific-Lubricants.jpg')\">\n                            <div class=\"overlay z-0 absolute top-0 left-0 right-0 bottom-0 gradient-secondaryLubricants-180\"><\/div>\n                            <h4 class=\"heading-4 text-white px-6 z-10 relative !mb-5\">\u00c1zia a Tichomorie<\/h4>                        <\/div>\n                        <p class=\"text-darkSm px-6 z-10 relative !mb-6\">Nav\u0161t\u00edvte na\u0161u webov\u00fa str\u00e1nku pre \u00e1zijsko-pacifick\u00fd regi\u00f3n, kde n\u00e1jdete inform\u00e1cie o va\u0161ich potreb\u00e1ch mazania.<\/p>                            \n                        <!-- Start of links repeater -->\n                                                <!-- End of links repeater -->\n\n                                                    <a href=\"https:\/\/www.nchasia.com\/solution\/lubricants\/\" class=\"button button--secondary button--secondaryLubricants w-[calc(100%-48px)] relative z-10 mx-6 !py-3\" target=\"_blank\">Prejs\u0165 na \u00c1ziu a Tichomorie<\/a>\n                                            <\/div>\n\n                                    <div class=\"slide !flex flex-col justify-start items-start bg-white border border-primaryOffWhite px-2 pt-2 pb-8 mr-2 last-of-type:mr-0 mb-5 relative shadow-[0_10px_10px_0_rgba(109,106,112,0.15)] secondaryLubricants\">\n                        <div class=\"image-container relative bg-center bg-cover bg-no-repeat w-full min-h-[178px] flex items-end mb-6\" style=\"background-image: url('https:\/\/lubricants.ncheurope.com\/wp-content\/uploads\/2025\/08\/Latin-America-Lubricants.jpg')\">\n                            <div class=\"overlay z-0 absolute top-0 left-0 right-0 bottom-0 gradient-secondaryLubricants-180\"><\/div>\n                            <h4 class=\"heading-4 text-white px-6 z-10 relative !mb-5\">Latinsk\u00e1 Amerika<\/h4>                        <\/div>\n                        <p class=\"text-darkSm px-6 z-10 relative !mb-6\">Nav\u0161t\u00edvte na\u0161u webov\u00fa str\u00e1nku pre Latinsk\u00fa Ameriku, kde n\u00e1jdete inform\u00e1cie o va\u0161ich potreb\u00e1ch mazania v Latinskej Amerike.<\/p>                            \n                        <!-- Start of links repeater -->\n                                                <!-- End of links repeater -->\n\n                                                    <a href=\"https:\/\/www.la.nch.com\/lubricantes-industriales.html\" class=\"button button--secondary button--secondaryLubricants w-[calc(100%-48px)] relative z-10 mx-6 !py-3\" target=\"_blank\">Prejs\u0165 na Latinsk\u00fa Ameriku<\/a>\n                                            <\/div>\n\n                                    <div class=\"slide !flex flex-col justify-start items-start bg-white border border-primaryOffWhite px-2 pt-2 pb-8 mr-2 last-of-type:mr-0 mb-5 relative shadow-[0_10px_10px_0_rgba(109,106,112,0.15)] secondaryLubricants\">\n                        <div class=\"image-container relative bg-center bg-cover bg-no-repeat w-full min-h-[178px] flex items-end mb-6\" style=\"background-image: url('https:\/\/lubricants.ncheurope.com\/wp-content\/uploads\/2025\/08\/Get-in-touch-Lubricants.jpg')\">\n                            <div class=\"overlay z-0 absolute top-0 left-0 right-0 bottom-0 gradient-secondaryLubricants-180\"><\/div>\n                            <h4 class=\"heading-4 text-white px-6 z-10 relative !mb-5\">Porozpr\u00e1vajte sa s na\u0161\u00edm t\u00edmom<\/h4>                        <\/div>\n                        <p class=\"text-darkSm px-6 z-10 relative !mb-6\">Kontaktujte n\u00e1\u0161 eur\u00f3psky t\u00edm pre mazanie.<\/p>                            \n                        <!-- Start of links repeater -->\n                                                <!-- End of links repeater -->\n\n                                                    <a href=\"https:\/\/lubricants.ncheurope.com\/en\/contact-us\/\" class=\"button button--secondary button--secondaryLubricants w-[calc(100%-48px)] relative z-10 mx-6 !py-3\" target=\"_parent\">Kontaktujte n\u00e1s<\/a>\n                                            <\/div>\n\n                            <\/div>\n        <\/div>\n        <!-- End Slider Column -->\n\n<\/div>\n\n\n    <div class=\"related-cards-block box-content relative bg-primaryOffWhite paddingTopLarge paddingBottomLarge secondaryLubricants\">\n        <div class=\"container flex flex-col\">\n            <!-- Start Text Section -->\n            <div class=\"flex flex-row flex-wrap justify-between items-end relative z-10 pb-[60px]\">\n                <h2 class=\"heading-2 basis-full text-secondaryLubricants\">O NCH Lubricants<\/h2>                <p class=\"text-darkBase basis-full lg:basis-8\/12 !mb-0\">Bez oh\u013eadu na ve\u013ekos\u0165, rozsah alebo typ podnikania je na\u0161e poslanie jednoduch\u00e9: pom\u00f4c\u0165 podnikom zlep\u0161i\u0165 spo\u013eahlivos\u0165 zariaden\u00ed, zv\u00fd\u0161i\u0165 efektivitu a zn\u00ed\u017ei\u0165 prev\u00e1dzkov\u00e9 n\u00e1klady pomocou programov maz\u00edv, ktor\u00e9 prin\u00e1\u0161aj\u00fa skuto\u010dn\u00fd v\u00fdkon.<\/p>                                    <a href=\"https:\/\/lubricants.ncheurope.com\/sk\/o-nas\/\" class=\"button button--secondaryLubricants hover:bg-secondaryLubricants hover:text-white relative mt-[24px] lg:mt-0\">Zistite viac<\/a>\n                            <\/div>\n            <!-- End Text Section -->\n            \n            <!-- Start Related Cards Section -->\n            \n                            <div class=\" flex flex-row flex-wrap\">\n                                                                        <div class=\"related-card max-w-full md:max-w-[calc(50%-4px)] lg:max-w-[calc(25%-8px)] w-full px-2 pt-2 pb-8 mr-0 md:odd:mr-2 lg:mr-2 mb-10 relative bg-white shadow-[0_10px_10px_0_rgba(109,106,112,0.15)] border border-primaryOffWhite\">\n                                <div class=\"blog-image relative bg-center bg-no-repeat bg-cover min-h-[216px] mb-6\" style=\"background-image: url('https:\/\/lubricants.ncheurope.com\/wp-content\/uploads\/2025\/06\/Lubricants-About-Us-who-we-are.jpg')\"><\/div>\n                                <div class=\"flex flex-col items-start px-6\">\n                                    <h6 class=\"heading-6 text-secondaryLubricants z-10 relative !mb-4\">Inov\u00e1cia produktov<\/h6>\n                                    <p class=\"text-darkSm z-10 relative !mb-5\">Od formul\u00e1cie a\u017e po balenie dod\u00e1vame spo\u013eahliv\u00e9, vysoko v\u00fdkonn\u00e9 mazacie produkty, na ktor\u00e9 sa z\u00e1kazn\u00edci m\u00f4\u017eu spo\u013eahn\u00fa\u0165, \u017ee dosiahnu konzistentn\u00e9 v\u00fdsledky zaka\u017ed\u00fdm.<\/p>\n                                    <a href=\"https:\/\/lubricants.ncheurope.com\/sk\/o-nas\/kvalita-produktov-a-inovacie\/\" class=\"button button--secondary button--secondaryLubricants\">\u010c\u00edta\u0165 \u010falej<\/a>\n                                <\/div>\n                            <\/div>\n                                                                                                <div class=\"related-card max-w-full md:max-w-[calc(50%-4px)] lg:max-w-[calc(25%-8px)] w-full px-2 pt-2 pb-8 mr-0 md:odd:mr-2 lg:mr-2 mb-10 relative bg-white shadow-[0_10px_10px_0_rgba(109,106,112,0.15)] border border-primaryOffWhite\">\n                                <div class=\"blog-image relative bg-center bg-no-repeat bg-cover min-h-[216px] mb-6\" style=\"background-image: url('https:\/\/lubricants.ncheurope.com\/wp-content\/uploads\/2025\/07\/Today.jpg')\"><\/div>\n                                <div class=\"flex flex-col items-start px-6\">\n                                    <h6 class=\"heading-6 text-secondaryLubricants z-10 relative !mb-4\">Na\u0161a hist\u00f3ria<\/h6>\n                                    <p class=\"text-darkSm z-10 relative !mb-5\">NCH Corporation, l\u00edder stojaci za NCH Lubricants. Spolo\u010dnos\u0165 NCH, zalo\u017een\u00e1 v roku 1919 v Dallase v Texase, sa rozr\u00e1stla na glob\u00e1lneho l\u00eddra, ktor\u00fd sl\u00fa\u017ei priemyseln\u00fdm&hellip;<\/p>\n                                    <a href=\"https:\/\/lubricants.ncheurope.com\/sk\/o-nas\/historia\/\" class=\"button button--secondary button--secondaryLubricants\">Pozrite si na\u0161u hist\u00f3riu<\/a>\n                                <\/div>\n                            <\/div>\n                                                                                                <div class=\"related-card max-w-full md:max-w-[calc(50%-4px)] lg:max-w-[calc(25%-8px)] w-full px-2 pt-2 pb-8 mr-0 md:odd:mr-2 lg:mr-2 mb-10 relative bg-white shadow-[0_10px_10px_0_rgba(109,106,112,0.15)] border border-primaryOffWhite\">\n                                <div class=\"blog-image relative bg-center bg-no-repeat bg-cover min-h-[216px] mb-6\" style=\"background-image: url('https:\/\/lubricants.ncheurope.com\/wp-content\/uploads\/2025\/02\/shutterstock_2044948658-1.webp')\"><\/div>\n                                <div class=\"flex flex-col items-start px-6\">\n                                    <h6 class=\"heading-6 text-secondaryLubricants z-10 relative !mb-4\">Udr\u017eate\u013enos\u0165<\/h6>\n                                    <p class=\"text-darkSm z-10 relative !mb-5\">V r\u00e1mci na\u0161ej udr\u017eate\u013enej bud\u00facnosti budeme v spolo\u010dnosti NCH Lubricants na\u010falej vytv\u00e1ra\u0165 inovat\u00edvne rie\u0161enia, ktor\u00e9 zlep\u0161uj\u00fa bezpe\u010dnostn\u00fd a environment\u00e1lny profil na\u0161ich\u2026<\/p>\n                                    <a href=\"https:\/\/lubricants.ncheurope.com\/sk\/o-nas\/udrzatelnost\/\" class=\"button button--secondary button--secondaryLubricants\">Zistite viac<\/a>\n                                <\/div>\n                            <\/div>\n                                                                                                <div class=\"related-card max-w-full md:max-w-[calc(50%-4px)] lg:max-w-[calc(25%-8px)] w-full px-2 pt-2 pb-8 mr-0 md:odd:mr-2 lg:mr-2 mb-10 relative bg-white shadow-[0_10px_10px_0_rgba(109,106,112,0.15)] border border-primaryOffWhite\">\n                                <div class=\"blog-image relative bg-center bg-no-repeat bg-cover min-h-[216px] mb-6\" style=\"background-image: url('https:\/\/lubricants.ncheurope.com\/wp-content\/uploads\/2025\/06\/Lubricants-About-Us-Quality-and-Innovation.png')\"><\/div>\n                                <div class=\"flex flex-col items-start px-6\">\n                                    <h6 class=\"heading-6 text-secondaryLubricants z-10 relative !mb-4\">Kari\u00e9ra<\/h6>\n                                    <p class=\"text-darkSm z-10 relative !mb-5\">Ak h\u013ead\u00e1te obchodn\u00fa pr\u00edle\u017eitos\u0165, kde m\u00f4\u017eete prosperova\u0165 v prostred\u00ed charakterizovanom v\u00ed\u0165azstvom, z\u00e1bavou a t\u00edmovou pr\u00e1cou, NCH Lubricants je pre v\u00e1s ide\u00e1lnou vo\u013ebou\u2026<\/p>\n                                    <a href=\"https:\/\/lubricants.ncheurope.com\/en\/careers\/\" class=\"button button--secondary button--secondaryLubricants\">Prihl\u00e1si\u0165 sa teraz<\/a>\n                                <\/div>\n                            <\/div>\n                                                            <\/div>\n                        \n            <!-- End Related Cards Section -->\n        <\/div>\n\n    <\/div>","protected":false},"excerpt":{"rendered":"","protected":false},"author":3,"featured_media":0,"parent":64375,"menu_order":3,"comment_status":"closed","ping_status":"closed","template":"","meta":{"_acf_changed":false,"footnotes":""},"class_list":["post-64385","page","type-page","status-publish","hentry"],"acf":[],"yoast_head":"<!-- This site is optimized with the Yoast SEO Premium plugin v21.7 (Yoast SEO v27.2) - https:\/\/yoast.com\/product\/yoast-seo-premium-wordpress\/ -->\n<title>Glob\u00e1lne mazanie - NCH Lubricants<\/title>\n<meta name=\"robots\" content=\"index, follow, max-snippet:-1, max-image-preview:large, max-video-preview:-1\" \/>\n<link rel=\"canonical\" href=\"https:\/\/lubricants.ncheurope.com\/en\/about-us\/global-lubrication\/\" class=\"yoast-seo-meta-tag\" \/>\n<meta property=\"og:locale\" content=\"sk_SK\" class=\"yoast-seo-meta-tag\" \/>\n<meta property=\"og:type\" content=\"article\" class=\"yoast-seo-meta-tag\" \/>\n<meta property=\"og:title\" content=\"Glob\u00e1lne mazanie\" class=\"yoast-seo-meta-tag\" \/>\n<meta property=\"og:url\" content=\"https:\/\/lubricants.ncheurope.com\/en\/about-us\/global-lubrication\/\" class=\"yoast-seo-meta-tag\" \/>\n<meta property=\"og:site_name\" content=\"NCH Lubricants\" class=\"yoast-seo-meta-tag\" \/>\n<meta property=\"article:modified_time\" content=\"2025-10-20T16:44:10+00:00\" class=\"yoast-seo-meta-tag\" \/>\n<meta name=\"twitter:card\" content=\"summary_large_image\" class=\"yoast-seo-meta-tag\" \/>\n<script type=\"application\/ld+json\" class=\"yoast-schema-graph\">{\"@context\":\"https:\/\/schema.org\",\"@graph\":[{\"@type\":\"WebPage\",\"@id\":\"https:\/\/lubricants.ncheurope.com\/en\/about-us\/global-lubrication\/\",\"url\":\"https:\/\/lubricants.ncheurope.com\/en\/about-us\/global-lubrication\/\",\"name\":\"Glob\u00e1lne mazanie - NCH Lubricants\",\"isPartOf\":{\"@id\":\"https:\/\/lubricants.ncheurope.com\/sv\/#website\"},\"datePublished\":\"2025-02-21T19:16:02+00:00\",\"dateModified\":\"2025-10-20T16:44:10+00:00\",\"breadcrumb\":{\"@id\":\"https:\/\/lubricants.ncheurope.com\/en\/about-us\/global-lubrication\/#breadcrumb\"},\"inLanguage\":\"sk-SK\",\"potentialAction\":[{\"@type\":\"ReadAction\",\"target\":[\"https:\/\/lubricants.ncheurope.com\/en\/about-us\/global-lubrication\/\"]}]},{\"@type\":\"BreadcrumbList\",\"@id\":\"https:\/\/lubricants.ncheurope.com\/en\/about-us\/global-lubrication\/#breadcrumb\",\"itemListElement\":[{\"@type\":\"ListItem\",\"position\":1,\"name\":\"Domovsk\u00e1 str\u00e1nka\",\"item\":\"https:\/\/lubricants.ncheurope.com\/en\/\"},{\"@type\":\"ListItem\",\"position\":2,\"name\":\"O n\u00e1s\",\"item\":\"https:\/\/lubricants.ncheurope.com\/en\/about-us\/\"},{\"@type\":\"ListItem\",\"position\":3,\"name\":\"Glob\u00e1lne mazanie\"}]},{\"@type\":\"WebSite\",\"@id\":\"https:\/\/lubricants.ncheurope.com\/sv\/#website\",\"url\":\"https:\/\/lubricants.ncheurope.com\/sv\/\",\"name\":\"NCH Lubricants\",\"description\":\"\",\"potentialAction\":[{\"@type\":\"SearchAction\",\"target\":{\"@type\":\"EntryPoint\",\"urlTemplate\":\"https:\/\/lubricants.ncheurope.com\/sv\/?s={search_term_string}\"},\"query-input\":{\"@type\":\"PropertyValueSpecification\",\"valueRequired\":true,\"valueName\":\"search_term_string\"}}],\"inLanguage\":\"sk-SK\"}]}<\/script>\n<!-- \/ Yoast SEO Premium plugin. -->","yoast_head_json":{"title":"Glob\u00e1lne mazanie - NCH Lubricants","robots":{"index":"index","follow":"follow","max-snippet":"max-snippet:-1","max-image-preview":"max-image-preview:large","max-video-preview":"max-video-preview:-1"},"canonical":"https:\/\/lubricants.ncheurope.com\/en\/about-us\/global-lubrication\/","og_locale":"sk_SK","og_type":"article","og_title":"Glob\u00e1lne mazanie","og_url":"https:\/\/lubricants.ncheurope.com\/en\/about-us\/global-lubrication\/","og_site_name":"NCH Lubricants","article_modified_time":"2025-10-20T16:44:10+00:00","twitter_card":"summary_large_image","schema":{"@context":"https:\/\/schema.org","@graph":[{"@type":"WebPage","@id":"https:\/\/lubricants.ncheurope.com\/en\/about-us\/global-lubrication\/","url":"https:\/\/lubricants.ncheurope.com\/en\/about-us\/global-lubrication\/","name":"Glob\u00e1lne mazanie - NCH Lubricants","isPartOf":{"@id":"https:\/\/lubricants.ncheurope.com\/sv\/#website"},"datePublished":"2025-02-21T19:16:02+00:00","dateModified":"2025-10-20T16:44:10+00:00","breadcrumb":{"@id":"https:\/\/lubricants.ncheurope.com\/en\/about-us\/global-lubrication\/#breadcrumb"},"inLanguage":"sk-SK","potentialAction":[{"@type":"ReadAction","target":["https:\/\/lubricants.ncheurope.com\/en\/about-us\/global-lubrication\/"]}]},{"@type":"BreadcrumbList","@id":"https:\/\/lubricants.ncheurope.com\/en\/about-us\/global-lubrication\/#breadcrumb","itemListElement":[{"@type":"ListItem","position":1,"name":"Domovsk\u00e1 str\u00e1nka","item":"https:\/\/lubricants.ncheurope.com\/en\/"},{"@type":"ListItem","position":2,"name":"O n\u00e1s","item":"https:\/\/lubricants.ncheurope.com\/en\/about-us\/"},{"@type":"ListItem","position":3,"name":"Glob\u00e1lne mazanie"}]},{"@type":"WebSite","@id":"https:\/\/lubricants.ncheurope.com\/sv\/#website","url":"https:\/\/lubricants.ncheurope.com\/sv\/","name":"NCH Lubricants","description":"","potentialAction":[{"@type":"SearchAction","target":{"@type":"EntryPoint","urlTemplate":"https:\/\/lubricants.ncheurope.com\/sv\/?s={search_term_string}"},"query-input":{"@type":"PropertyValueSpecification","valueRequired":true,"valueName":"search_term_string"}}],"inLanguage":"sk-SK"}]}},"_links":{"self":[{"href":"https:\/\/lubricants.ncheurope.com\/sk\/wp-json\/wp\/v2\/pages\/64385","targetHints":{"allow":["GET"]}}],"collection":[{"href":"https:\/\/lubricants.ncheurope.com\/sk\/wp-json\/wp\/v2\/pages"}],"about":[{"href":"https:\/\/lubricants.ncheurope.com\/sk\/wp-json\/wp\/v2\/types\/page"}],"author":[{"embeddable":true,"href":"https:\/\/lubricants.ncheurope.com\/sk\/wp-json\/wp\/v2\/users\/3"}],"replies":[{"embeddable":true,"href":"https:\/\/lubricants.ncheurope.com\/sk\/wp-json\/wp\/v2\/comments?post=64385"}],"version-history":[{"count":3,"href":"https:\/\/lubricants.ncheurope.com\/sk\/wp-json\/wp\/v2\/pages\/64385\/revisions"}],"predecessor-version":[{"id":64408,"href":"https:\/\/lubricants.ncheurope.com\/sk\/wp-json\/wp\/v2\/pages\/64385\/revisions\/64408"}],"up":[{"embeddable":true,"href":"https:\/\/lubricants.ncheurope.com\/sk\/wp-json\/wp\/v2\/pages\/64375"}],"wp:attachment":[{"href":"https:\/\/lubricants.ncheurope.com\/sk\/wp-json\/wp\/v2\/media?parent=64385"}],"curies":[{"name":"wp","href":"https:\/\/api.w.org\/{rel}","templated":true}]}}