{"id":64087,"date":"2025-02-21T20:56:49","date_gmt":"2025-02-21T20:56:49","guid":{"rendered":"https:\/\/lubricants.ncheurope.com\/politika-boja-proti-otroctvu-a-obchodovaniu-s-ludmi\/"},"modified":"2025-10-03T14:21:01","modified_gmt":"2025-10-03T14:21:01","slug":"politika-boja-proti-otroctvu-a-obchodovaniu-s-ludmi","status":"publish","type":"page","link":"https:\/\/lubricants.ncheurope.com\/sk\/politika-boja-proti-otroctvu-a-obchodovaniu-s-ludmi\/","title":{"rendered":"Politika boja proti otroctvu a obchodovaniu s \u013eu\u010fmi"},"content":{"rendered":"\n<div class=\"internal-banner-block relative secondaryLubricants paddingBottomMedium bg-no-repeat pt-[110px] lg:pt-[160px] bg-white bg-[url('assets\/images\/background-shape.png')] bg-right-bottom bg-contain\" >\n        <div class=\"container relative z-10\">\n        <div class=\"breadcrumb-container mb-[60px] lg:mb-[103px] hidden md:block\">\n            <p class=\"text-darkXs !mb-0 !text-[12px] flex flex-row items-center\">You are here: <a class=\"!font-regular mx-2 hover:underline\" href=\"https:\/\/lubricants.ncheurope.com\/sk\/\">Domovsk\u00e1 str\u00e1nka<\/a> \/ <span class=\"ml-2 font-semibold\">Politika boja proti otroctvu a obchodovaniu s \u013eu\u010fmi<\/span><\/p>\n        <\/div>\n\n        <div class=\"content-container flex flex-col-reverse md:flex-row flex-wrap justify-between\">\n\n                            <div class=\"text-container md:basis-10\/12\">\n                    <h1 class=\"heading-1 text-secondaryLubricants\">Politika boja proti otroctvu a obchodovaniu s \u013eu\u010fmi<\/h1>                                                        <\/div>\n                    <\/div>\n    <\/div>\n<\/div>\n<div class=\"accordion-block relative secondaryLubricants paddingTopLarge paddingBottomLarge bg-primaryOffWhite\">\n    <div class=\"container flex flex-row flex-wrap\">\n        \n        <!-- Accordion Start -->       \n                    <div class=\"accordion-container flex flex-row flex-wrap basis-full\">     \n                                <div class=\"accordion-item border border-primaryOffWhite bg-white basis-full mb-2\">\n                    <div class=\"accordion-header hover:cursor-pointer py-[28px] px-[40px] flex flex-row justify-between items-center\">\n                        <h5 class=\"text-secondaryLubricants heading-5 !mb-0\">VYHL\u00c1SENIE O POLITIKE<\/h5>\n                        <i class=\"bg-[url('assets\/images\/upwards-arrow-white.png')] bg-center bg-[length:11px_11px] bg-no-repeat bg-secondaryLubricants block rounded-full min-w-[30px] w-[30px] h-[30px] rotate-[135deg]\"><\/i>\n                    <\/div>\n\n                    <div class=\"accordion-content hidden pb-[28px] px-[40px]\">\n                        <p class=\"text-darkBase !mb-0\"><p>Modern\u00e9 otroctvo je zlo\u010din a poru\u0161enie z\u00e1kladn\u00fdch \u013eudsk\u00fdch pr\u00e1v. M\u00e1 r\u00f4zne formy, ako napr\u00edklad otroctvo, nevo\u013en\u00edctvo, n\u00faten\u00e1 a povinn\u00e1 pr\u00e1ca a obchodovanie s \u013eu\u010fmi, pri\u010dom v\u0161etky tieto formy maj\u00fa spolo\u010dn\u00fa \u010drtu, a to zbavenie osoby slobody inou osobou s cie\u013eom vykoris\u0165ova\u0165 ju na osobn\u00fd alebo obchodn\u00fd prospech. Spolo\u010dnos\u0165 NCH Corporation a jej dc\u00e9rske spolo\u010dnosti (\u010falej spolo\u010dne len &#8222;NCH&#8220;, &#8222;my&#8220; alebo &#8222;na\u0161e&#8220;) uplat\u0148uj\u00fa pr\u00edstup nulovej tolerancie vo\u010di modern\u00e9mu otroctvu a zav\u00e4zuj\u00fa sa kona\u0165 eticky a \u010destne vo v\u0161etk\u00fdch na\u0161ich obchodn\u00fdch vz\u0165ahoch a konaniach a zav\u00e1dza\u0165 a presadzova\u0165 \u00fa\u010dinn\u00e9 syst\u00e9my a kontroly, aby sme zabezpe\u010dili, \u017ee k modern\u00e9mu otroctvu nedoch\u00e1dza nikde v na\u0161om vlastnom podniku ani v \u017eiadnom z na\u0161ich dod\u00e1vate\u013esk\u00fdch re\u0165azcov.  <\/p>\n<p>Spolo\u010dnos\u0165 NCH sa tie\u017e zaviazala zabezpe\u010di\u0165 transparentnos\u0165 v na\u0161om vlastnom podnikan\u00ed a v na\u0161om pr\u00edstupe k rie\u0161eniu modern\u00e9ho otroctva v na\u0161ich dod\u00e1vate\u013esk\u00fdch re\u0165azcoch v s\u00falade s na\u0161imi povinnos\u0165ami zverej\u0148ovania inform\u00e1ci\u00ed pod\u013ea britsk\u00e9ho z\u00e1kona o modernom otroctve z roku 2015. Od v\u0161etk\u00fdch na\u0161ich dod\u00e1vate\u013eov, zmluvn\u00fdch partnerov a in\u00fdch obchodn\u00fdch partnerov o\u010dak\u00e1vame rovnako vysok\u00e9 \u0161tandardy a ako s\u00fa\u010das\u0165 na\u0161ich zmluvn\u00fdch procesov zah\u0155\u0148ame konkr\u00e9tne z\u00e1kazy pou\u017e\u00edvania n\u00fatenej, povinnej alebo obchodovanej pr\u00e1ce alebo kohoko\u013evek, kto je dr\u017ean\u00fd v otroctve alebo nevo\u013en\u00edctve, \u010di u\u017e ide o dospel\u00fdch alebo deti, a o\u010dak\u00e1vame, \u017ee na\u0161i dod\u00e1vatelia bud\u00fa dodr\u017eiava\u0165 rovnako vysok\u00e9 \u0161tandardy aj u svojich vlastn\u00fdch dod\u00e1vate\u013eov. <\/p>\n<p>Tieto z\u00e1sady sa vz\u0165ahuj\u00fa na v\u0161etky osoby pracuj\u00face pre n\u00e1s alebo v na\u0161om mene v akomko\u013evek postaven\u00ed vr\u00e1tane zamestnancov na v\u0161etk\u00fdch \u00farovniach, riadite\u013eov, ved\u00facich pracovn\u00edkov, agent\u00farnych pracovn\u00edkov, vyslan\u00fdch pracovn\u00edkov, dobrovo\u013en\u00edkov, st\u00e1\u017eistov, agentov, dod\u00e1vate\u013eov, extern\u00fdch konzultantov, z\u00e1stupcov tret\u00edch str\u00e1n a obchodn\u00fdch partnerov.<\/p>\n<p>Tieto z\u00e1sady nie s\u00fa s\u00fa\u010das\u0165ou pracovnej zmluvy \u017eiadneho zamestnanca a m\u00f4\u017eeme ich z \u010dasu na \u010das meni\u0165 a dop\u013a\u0148a\u0165.<\/p>\n<\/p>\n                                            <\/div>\n                <\/div>\n\n                                <div class=\"accordion-item border border-primaryOffWhite bg-white basis-full mb-2\">\n                    <div class=\"accordion-header hover:cursor-pointer py-[28px] px-[40px] flex flex-row justify-between items-center\">\n                        <h5 class=\"text-secondaryLubricants heading-5 !mb-0\">ZODPOVEDNOS\u0164 ZA POLITIKU<\/h5>\n                        <i class=\"bg-[url('assets\/images\/upwards-arrow-white.png')] bg-center bg-[length:11px_11px] bg-no-repeat bg-secondaryLubricants block rounded-full min-w-[30px] w-[30px] h-[30px] rotate-[135deg]\"><\/i>\n                    <\/div>\n\n                    <div class=\"accordion-content hidden pb-[28px] px-[40px]\">\n                        <p class=\"text-darkBase !mb-0\"><p>Predstavenstvo nesie celkov\u00fa zodpovednos\u0165 za to, \u017ee t\u00e1to politika je v s\u00falade s na\u0161imi pr\u00e1vnymi a etick\u00fdmi povinnos\u0165ami a \u017ee ju dodr\u017eiavaj\u00fa v\u0161etky osoby, ktor\u00e9 s\u00fa pod jeho kontrolou.<\/p>\n<p>Pr\u00e1vny t\u00edm NCH a ved\u00faci dod\u00e1vate\u013esk\u00e9ho re\u0165azca maj\u00fa prim\u00e1rnu a ka\u017edodenn\u00fa zodpovednos\u0165 za implement\u00e1ciu tejto politiky, monitorovanie jej pou\u017e\u00edvania a \u00fa\u010dinnosti, rie\u0161enie ak\u00fdchko\u013evek ot\u00e1zok t\u00fdkaj\u00facich sa tejto politiky a audit intern\u00fdch kontroln\u00fdch syst\u00e9mov a postupov s cie\u013eom zabezpe\u010di\u0165 ich \u00fa\u010dinnos\u0165 v boji proti modern\u00e9mu otroctvu.<\/p>\n<p>Vedenie na v\u0161etk\u00fdch \u00farovniach je zodpovedn\u00e9 za to, aby im podriaden\u00e9 osoby rozumeli a dodr\u017eiavali t\u00fato politiku a aby boli o nej a o problematike modern\u00e9ho otroctva v dod\u00e1vate\u013esk\u00fdch re\u0165azcoch primerane a pravidelne \u0161kolen\u00e9.<\/p>\n<p>Vyz\u00fdvame v\u00e1s, aby ste sa k tejto politike vyjadrili a navrhli sp\u00f4soby jej zlep\u0161enia. Pripomienky, n\u00e1vrhy a ot\u00e1zky s\u00fa v\u00edtan\u00e9 a mali by by\u0165 adresovan\u00e9 na compliance@nch.com. <\/p>\n<\/p>\n                                            <\/div>\n                <\/div>\n\n                                <div class=\"accordion-item border border-primaryOffWhite bg-white basis-full mb-2\">\n                    <div class=\"accordion-header hover:cursor-pointer py-[28px] px-[40px] flex flex-row justify-between items-center\">\n                        <h5 class=\"text-secondaryLubricants heading-5 !mb-0\">DODR\u017dIAVANIE POLITIKY<\/h5>\n                        <i class=\"bg-[url('assets\/images\/upwards-arrow-white.png')] bg-center bg-[length:11px_11px] bg-no-repeat bg-secondaryLubricants block rounded-full min-w-[30px] w-[30px] h-[30px] rotate-[135deg]\"><\/i>\n                    <\/div>\n\n                    <div class=\"accordion-content hidden pb-[28px] px-[40px]\">\n                        <p class=\"text-darkBase !mb-0\"><p>Mus\u00edte sa uisti\u0165, \u017ee ste si tieto z\u00e1sady pre\u010d\u00edtali, rozumiete im a dodr\u017eiavate ich. Za prevenciu, odha\u013eovanie a nahlasovanie modern\u00e9ho otroctva v ktorejko\u013evek \u010dasti n\u00e1\u0161ho podnikania alebo dod\u00e1vate\u013esk\u00fdch re\u0165azcov s\u00fa zodpovedn\u00ed v\u0161etci, ktor\u00ed pre n\u00e1s pracuj\u00fa alebo s\u00fa pod na\u0161ou kontrolou. Ste povinn\u00ed vyh\u00fdba\u0165 sa akejko\u013evek \u010dinnosti, ktor\u00e1 by mohla vies\u0165 k poru\u0161eniu t\u00fdchto z\u00e1sad alebo ich nazna\u010dova\u0165.  <\/p>\n<p>Ak sa domnievate alebo m\u00e1te podozrenie, \u017ee do\u0161lo alebo v bud\u00facnosti m\u00f4\u017ee d\u00f4js\u0165 ku konfliktu s t\u00fdmito z\u00e1sadami, mus\u00edte to \u010do najsk\u00f4r ozn\u00e1mi\u0165 svojmu priamemu nadriaden\u00e9mu, k\u013e\u00fa\u010dovej kontaktnej osobe alebo na d\u00f4vernej linke 001-888-471-4033.<\/p>\n<p>Odpor\u00fa\u010dame v\u00e1m, aby ste \u010do najsk\u00f4r upozornili na ak\u00fdko\u013evek probl\u00e9m alebo podozrenie z modern\u00e9ho otroctva v ktorejko\u013evek \u010dasti n\u00e1\u0161ho podniku alebo v dod\u00e1vate\u013esk\u00fdch re\u0165azcoch ktorejko\u013evek \u00farovne dod\u00e1vate\u013eov.<\/p>\n<p>Ak sa domnievate alebo m\u00e1te podozrenie, \u017ee do\u0161lo k poru\u0161eniu t\u00fdchto z\u00e1sad alebo \u017ee k nemu m\u00f4\u017ee d\u00f4js\u0165, mus\u00edte to \u010do najsk\u00f4r ozn\u00e1mi\u0165 glob\u00e1lnemu pracovn\u00edkovi zodpovedn\u00e9mu za dodr\u017eiavanie predpisov prostredn\u00edctvom e-mailu compliance@nch.com alebo to nahl\u00e1si\u0165 v s\u00falade s na\u0161imi z\u00e1sadami oznamovania nekal\u00fdch prakt\u00edk.<\/p>\n<p>Ak si nie ste ist\u00ed, \u010di konkr\u00e9tny \u010din, zaobch\u00e1dzanie s pracovn\u00edkmi vo v\u0161eobecnosti alebo ich pracovn\u00e9 podmienky v r\u00e1mci ktorejko\u013evek \u00farovne na\u0161ich dod\u00e1vate\u013esk\u00fdch re\u0165azcov predstavuj\u00fa niektor\u00fa z r\u00f4znych foriem modern\u00e9ho otroctva, obr\u00e1\u0165te sa na glob\u00e1lneho pracovn\u00edka pre dodr\u017eiavanie predpisov alebo na d\u00f4vern\u00fa linku pomoci.<\/p>\n<p>Na\u0161\u00edm cie\u013eom je podporova\u0165 otvorenos\u0165 a podpor\u00edme ka\u017ed\u00e9ho, kto v dobrej viere vznesie skuto\u010dn\u00e9 obavy v r\u00e1mci t\u00fdchto z\u00e1sad, a to aj v pr\u00edpade, \u017ee sa uk\u00e1\u017eu ako myln\u00e9. Zav\u00e4zujeme sa zabezpe\u010di\u0165, aby nikto neutrpel ujmu v d\u00f4sledku toho, \u017ee v dobrej viere nahl\u00e1sil svoje podozrenie, \u017ee v ktorejko\u013evek \u010dasti n\u00e1\u0161ho podniku alebo v ktoromko\u013evek z na\u0161ich dod\u00e1vate\u013esk\u00fdch re\u0165azcov doch\u00e1dza alebo m\u00f4\u017ee doch\u00e1dza\u0165 k modern\u00e9mu otroctvu v akejko\u013evek forme. Po\u0161kodzuj\u00face zaobch\u00e1dzanie zah\u0155\u0148a prepustenie, disciplin\u00e1rne konanie, vyhr\u00e1\u017eky alebo in\u00e9 nepriazniv\u00e9 zaobch\u00e1dzanie s\u00favisiace s nahl\u00e1sen\u00edm ob\u00e1v. Ak sa domnievate, \u017ee ste sa stali obe\u0165ou tak\u00e9hoto zaobch\u00e1dzania, mali by ste o tom okam\u017eite informova\u0165 t\u00edm \u013eudsk\u00fdch zdrojov alebo glob\u00e1lneho pracovn\u00edka pre dodr\u017eiavanie predpisov. Ak ned\u00f4jde k n\u00e1prave a vy ste zamestnancom, mali by ste na to upozorni\u0165 form\u00e1lne s pou\u017eit\u00edm postupu rie\u0161enia s\u0165a\u017enost\u00ed v pr\u00edslu\u0161nej krajine.    <\/p>\n<\/p>\n                                            <\/div>\n                <\/div>\n\n                                <div class=\"accordion-item border border-primaryOffWhite bg-white basis-full mb-2\">\n                    <div class=\"accordion-header hover:cursor-pointer py-[28px] px-[40px] flex flex-row justify-between items-center\">\n                        <h5 class=\"text-secondaryLubricants heading-5 !mb-0\">KOMUNIK\u00c1CIA A INFORMOVANOS\u0164 O TEJTO POLITIKE<\/h5>\n                        <i class=\"bg-[url('assets\/images\/upwards-arrow-white.png')] bg-center bg-[length:11px_11px] bg-no-repeat bg-secondaryLubricants block rounded-full min-w-[30px] w-[30px] h-[30px] rotate-[135deg]\"><\/i>\n                    <\/div>\n\n                    <div class=\"accordion-content hidden pb-[28px] px-[40px]\">\n                        <p class=\"text-darkBase !mb-0\"><p>\u0160kolenie o tejto politike a o riziku, ktor\u00e9mu na\u0161a spolo\u010dnos\u0165 \u010del\u00ed v s\u00favislosti s modern\u00fdm otroctvom v dod\u00e1vate\u013esk\u00fdch re\u0165azcoch, je s\u00fa\u010das\u0165ou vstupn\u00e9ho procesu pre v\u0161etky osoby, ktor\u00e9 pre n\u00e1s pracuj\u00fa, a pod\u013ea potreby sa bude poskytova\u0165 pravideln\u00e9 \u0161kolenie.<\/p>\n<p>N\u00e1\u0161 pr\u00edstup nulovej tolerancie k modern\u00e9mu otroctvu v na\u0161om podnikan\u00ed a dod\u00e1vate\u013esk\u00fdch re\u0165azcoch mus\u00ed by\u0165 ozn\u00e1men\u00fd v\u0161etk\u00fdm dod\u00e1vate\u013eom, zmluvn\u00fdm partnerom a obchodn\u00fdm partnerom na za\u010diatku n\u00e1\u0161ho obchodn\u00e9ho vz\u0165ahu s nimi a n\u00e1sledne pod\u013ea potreby posilnen\u00fd.<\/p>\n<\/p>\n                                            <\/div>\n                <\/div>\n\n                                <div class=\"accordion-item border border-primaryOffWhite bg-white basis-full mb-2\">\n                    <div class=\"accordion-header hover:cursor-pointer py-[28px] px-[40px] flex flex-row justify-between items-center\">\n                        <h5 class=\"text-secondaryLubricants heading-5 !mb-0\">PORU\u0160ENIE T\u00ddCHTO Z\u00c1SAD<\/h5>\n                        <i class=\"bg-[url('assets\/images\/upwards-arrow-white.png')] bg-center bg-[length:11px_11px] bg-no-repeat bg-secondaryLubricants block rounded-full min-w-[30px] w-[30px] h-[30px] rotate-[135deg]\"><\/i>\n                    <\/div>\n\n                    <div class=\"accordion-content hidden pb-[28px] px-[40px]\">\n                        <p class=\"text-darkBase !mb-0\"><p>Ka\u017ed\u00fd zamestnanec, ktor\u00fd poru\u0161\u00ed tieto z\u00e1sady, bude \u010deli\u0165 disciplin\u00e1rnemu konaniu, ktor\u00e9 m\u00f4\u017ee vy\u00fasti\u0165 do form\u00e1lneho konania a\u017e do prepustenia.<\/p>\n<p>Vyhradzujeme si pr\u00e1vo ukon\u010di\u0165 n\u00e1\u0161 vz\u0165ah s in\u00fdmi jednotlivcami a organiz\u00e1ciami pracuj\u00facimi v na\u0161om mene, ak poru\u0161ia tieto z\u00e1sady.<\/p>\n<\/p>\n                                            <\/div>\n                <\/div>\n\n                            <\/div>\n                <!-- Accordion End -->\n    <\/div>\n<\/div>","protected":false},"excerpt":{"rendered":"","protected":false},"author":1,"featured_media":0,"parent":0,"menu_order":0,"comment_status":"closed","ping_status":"closed","template":"","meta":{"_acf_changed":false,"footnotes":""},"class_list":["post-64087","page","type-page","status-publish","hentry"],"acf":[],"yoast_head":"<!-- This site is optimized with the Yoast SEO Premium plugin v21.7 (Yoast SEO v27.2) - https:\/\/yoast.com\/product\/yoast-seo-premium-wordpress\/ -->\n<title>Politika boja proti otroctvu a obchodovaniu s \u013eu\u010fmi - NCH Lubricants<\/title>\n<meta name=\"robots\" content=\"index, follow, max-snippet:-1, max-image-preview:large, max-video-preview:-1\" \/>\n<link rel=\"canonical\" href=\"https:\/\/lubricants.ncheurope.com\/en\/anti-slavery-and-human-trafficking-policy\/\" class=\"yoast-seo-meta-tag\" \/>\n<meta property=\"og:locale\" content=\"sk_SK\" class=\"yoast-seo-meta-tag\" \/>\n<meta property=\"og:type\" content=\"article\" class=\"yoast-seo-meta-tag\" \/>\n<meta property=\"og:title\" content=\"Politika boja proti otroctvu a obchodovaniu s \u013eu\u010fmi\" class=\"yoast-seo-meta-tag\" \/>\n<meta property=\"og:url\" content=\"https:\/\/lubricants.ncheurope.com\/en\/anti-slavery-and-human-trafficking-policy\/\" class=\"yoast-seo-meta-tag\" \/>\n<meta property=\"og:site_name\" content=\"NCH Lubricants\" class=\"yoast-seo-meta-tag\" \/>\n<meta property=\"article:modified_time\" content=\"2025-10-03T14:21:01+00:00\" class=\"yoast-seo-meta-tag\" \/>\n<meta name=\"twitter:card\" content=\"summary_large_image\" class=\"yoast-seo-meta-tag\" \/>\n<script type=\"application\/ld+json\" class=\"yoast-schema-graph\">{\"@context\":\"https:\/\/schema.org\",\"@graph\":[{\"@type\":\"WebPage\",\"@id\":\"https:\/\/lubricants.ncheurope.com\/en\/anti-slavery-and-human-trafficking-policy\/\",\"url\":\"https:\/\/lubricants.ncheurope.com\/en\/anti-slavery-and-human-trafficking-policy\/\",\"name\":\"Politika boja proti otroctvu a obchodovaniu s \u013eu\u010fmi - NCH Lubricants\",\"isPartOf\":{\"@id\":\"https:\/\/lubricants.ncheurope.com\/sv\/#website\"},\"datePublished\":\"2025-02-21T20:56:49+00:00\",\"dateModified\":\"2025-10-03T14:21:01+00:00\",\"breadcrumb\":{\"@id\":\"https:\/\/lubricants.ncheurope.com\/en\/anti-slavery-and-human-trafficking-policy\/#breadcrumb\"},\"inLanguage\":\"sk-SK\",\"potentialAction\":[{\"@type\":\"ReadAction\",\"target\":[\"https:\/\/lubricants.ncheurope.com\/en\/anti-slavery-and-human-trafficking-policy\/\"]}]},{\"@type\":\"BreadcrumbList\",\"@id\":\"https:\/\/lubricants.ncheurope.com\/en\/anti-slavery-and-human-trafficking-policy\/#breadcrumb\",\"itemListElement\":[{\"@type\":\"ListItem\",\"position\":1,\"name\":\"Domovsk\u00e1 str\u00e1nka\",\"item\":\"https:\/\/lubricants.ncheurope.com\/en\/\"},{\"@type\":\"ListItem\",\"position\":2,\"name\":\"Politika boja proti otroctvu a obchodovaniu s \u013eu\u010fmi\"}]},{\"@type\":\"WebSite\",\"@id\":\"https:\/\/lubricants.ncheurope.com\/sv\/#website\",\"url\":\"https:\/\/lubricants.ncheurope.com\/sv\/\",\"name\":\"NCH Lubricants\",\"description\":\"\",\"potentialAction\":[{\"@type\":\"SearchAction\",\"target\":{\"@type\":\"EntryPoint\",\"urlTemplate\":\"https:\/\/lubricants.ncheurope.com\/sv\/?s={search_term_string}\"},\"query-input\":{\"@type\":\"PropertyValueSpecification\",\"valueRequired\":true,\"valueName\":\"search_term_string\"}}],\"inLanguage\":\"sk-SK\"}]}<\/script>\n<!-- \/ Yoast SEO Premium plugin. -->","yoast_head_json":{"title":"Politika boja proti otroctvu a obchodovaniu s \u013eu\u010fmi - NCH Lubricants","robots":{"index":"index","follow":"follow","max-snippet":"max-snippet:-1","max-image-preview":"max-image-preview:large","max-video-preview":"max-video-preview:-1"},"canonical":"https:\/\/lubricants.ncheurope.com\/en\/anti-slavery-and-human-trafficking-policy\/","og_locale":"sk_SK","og_type":"article","og_title":"Politika boja proti otroctvu a obchodovaniu s \u013eu\u010fmi","og_url":"https:\/\/lubricants.ncheurope.com\/en\/anti-slavery-and-human-trafficking-policy\/","og_site_name":"NCH Lubricants","article_modified_time":"2025-10-03T14:21:01+00:00","twitter_card":"summary_large_image","schema":{"@context":"https:\/\/schema.org","@graph":[{"@type":"WebPage","@id":"https:\/\/lubricants.ncheurope.com\/en\/anti-slavery-and-human-trafficking-policy\/","url":"https:\/\/lubricants.ncheurope.com\/en\/anti-slavery-and-human-trafficking-policy\/","name":"Politika boja proti otroctvu a obchodovaniu s \u013eu\u010fmi - NCH Lubricants","isPartOf":{"@id":"https:\/\/lubricants.ncheurope.com\/sv\/#website"},"datePublished":"2025-02-21T20:56:49+00:00","dateModified":"2025-10-03T14:21:01+00:00","breadcrumb":{"@id":"https:\/\/lubricants.ncheurope.com\/en\/anti-slavery-and-human-trafficking-policy\/#breadcrumb"},"inLanguage":"sk-SK","potentialAction":[{"@type":"ReadAction","target":["https:\/\/lubricants.ncheurope.com\/en\/anti-slavery-and-human-trafficking-policy\/"]}]},{"@type":"BreadcrumbList","@id":"https:\/\/lubricants.ncheurope.com\/en\/anti-slavery-and-human-trafficking-policy\/#breadcrumb","itemListElement":[{"@type":"ListItem","position":1,"name":"Domovsk\u00e1 str\u00e1nka","item":"https:\/\/lubricants.ncheurope.com\/en\/"},{"@type":"ListItem","position":2,"name":"Politika boja proti otroctvu a obchodovaniu s \u013eu\u010fmi"}]},{"@type":"WebSite","@id":"https:\/\/lubricants.ncheurope.com\/sv\/#website","url":"https:\/\/lubricants.ncheurope.com\/sv\/","name":"NCH Lubricants","description":"","potentialAction":[{"@type":"SearchAction","target":{"@type":"EntryPoint","urlTemplate":"https:\/\/lubricants.ncheurope.com\/sv\/?s={search_term_string}"},"query-input":{"@type":"PropertyValueSpecification","valueRequired":true,"valueName":"search_term_string"}}],"inLanguage":"sk-SK"}]}},"_links":{"self":[{"href":"https:\/\/lubricants.ncheurope.com\/sk\/wp-json\/wp\/v2\/pages\/64087","targetHints":{"allow":["GET"]}}],"collection":[{"href":"https:\/\/lubricants.ncheurope.com\/sk\/wp-json\/wp\/v2\/pages"}],"about":[{"href":"https:\/\/lubricants.ncheurope.com\/sk\/wp-json\/wp\/v2\/types\/page"}],"author":[{"embeddable":true,"href":"https:\/\/lubricants.ncheurope.com\/sk\/wp-json\/wp\/v2\/users\/1"}],"replies":[{"embeddable":true,"href":"https:\/\/lubricants.ncheurope.com\/sk\/wp-json\/wp\/v2\/comments?post=64087"}],"version-history":[{"count":1,"href":"https:\/\/lubricants.ncheurope.com\/sk\/wp-json\/wp\/v2\/pages\/64087\/revisions"}],"predecessor-version":[{"id":64089,"href":"https:\/\/lubricants.ncheurope.com\/sk\/wp-json\/wp\/v2\/pages\/64087\/revisions\/64089"}],"wp:attachment":[{"href":"https:\/\/lubricants.ncheurope.com\/sk\/wp-json\/wp\/v2\/media?parent=64087"}],"curies":[{"name":"wp","href":"https:\/\/api.w.org\/{rel}","templated":true}]}}