{"id":64082,"date":"2025-02-19T16:22:44","date_gmt":"2025-02-19T16:22:44","guid":{"rendered":"https:\/\/lubricants.ncheurope.com\/dakujeme\/"},"modified":"2025-10-03T14:21:03","modified_gmt":"2025-10-03T14:21:03","slug":"dakujeme","status":"publish","type":"page","link":"https:\/\/lubricants.ncheurope.com\/sk\/dakujeme\/","title":{"rendered":"\u010eakujeme"},"content":{"rendered":"\n<div class=\"internal-banner-block relative secondaryLubricants paddingBottomLarge bg-no-repeat pt-[110px] lg:pt-[160px] bg-white bg-[url('assets\/images\/background-shape.png')] bg-right-bottom bg-contain\" >\n        <div class=\"container relative z-10\">\n        <div class=\"breadcrumb-container mb-[60px] lg:mb-[103px] hidden md:block\">\n            <p class=\"text-darkXs !mb-0 !text-[12px] flex flex-row items-center\">You are here: <a class=\"!font-regular mx-2 hover:underline\" href=\"https:\/\/lubricants.ncheurope.com\/sk\/\">Domovsk\u00e1 str\u00e1nka<\/a> \/ <span class=\"ml-2 font-semibold\">\u010eakujeme<\/span><\/p>\n        <\/div>\n\n        <div class=\"content-container flex flex-col-reverse md:flex-row flex-wrap justify-between\">\n\n                            <div class=\"text-container md:basis-10\/12\">\n                    <h1 class=\"heading-1 text-secondaryLubricants\">\u010eakujeme, \u017ee ste kontaktovali spolo\u010dnos\u0165 NCH Lubricants<\/h1>                    <div class=\"wysiwyg-container text-dark !mb-0 max-w-[768px]\"><p>\u010clen n\u00e1\u0161ho t\u00edmu v\u00e1s bude \u010doskoro kontaktova\u0165. Ak potrebujete s niek\u00fdm naliehavo hovori\u0165, nav\u0161t\u00edvte na\u0161u kontaktn\u00fa str\u00e1nku, kde n\u00e1jdete \u00fapln\u00fd zoznam telef\u00f3nnych \u010d\u00edsel a e-mailov\u00fdch adries.  <\/p>\n<\/div>                                            <a href=\"https:\/\/lubricants.ncheurope.com\/sk\/kontaktujte-nas\/\" class=\"button button--secondaryLubricants mt-[32px]\">Kontaktujte n\u00e1s  <\/a>\n                                    <\/div>\n                    <\/div>\n    <\/div>\n<\/div>\n    <div class=\"related-cards-block box-content relative bg-primaryOffWhite paddingTopLarge paddingBottomLarge secondaryLubricants\">\n        <div class=\"container flex flex-col\">\n            <!-- Start Text Section -->\n            <div class=\"flex flex-row flex-wrap justify-between items-end relative z-10 pb-[60px]\">\n                <h2 class=\"heading-2 basis-full text-secondaryLubricants\">Je toho viac na presk\u00famanie<\/h2>                <p class=\"text-darkBase basis-full lg:basis-8\/12 !mb-0\">Sme d\u00f4veryhodn\u00fdm dod\u00e1vate\u013eom maz\u00edv a servisn\u00fdm partnerom pre tis\u00edce podnikov na celom svete. Od mal\u00fdch, nez\u00e1visl\u00fdch spolo\u010dnost\u00ed a\u017e po ve\u013ek\u00e9 priemyseln\u00e9 v\u00fdrobn\u00e9 z\u00e1vody, podporujeme \u0161irok\u00fa \u0161k\u00e1lu priemyseln\u00fdch odvetv\u00ed vysoko kvalitn\u00fdmi mazac\u00edmi produktmi. <\/p>                                    <a href=\"https:\/\/lubricants.ncheurope.com\/en\/\" class=\"button button--secondaryLubricants hover:bg-secondaryLubricants hover:text-white relative mt-[24px] lg:mt-0\">Presk\u00fama\u0165 viac<\/a>\n                            <\/div>\n            <!-- End Text Section -->\n            \n            <!-- Start Related Cards Section -->\n            \n                            <div class=\" flex flex-row flex-wrap\">\n                                                                        <div class=\"related-card max-w-full md:max-w-[calc(50%-4px)] lg:max-w-[calc(25%-8px)] w-full px-2 pt-2 pb-8 mr-0 md:odd:mr-2 lg:mr-2 mb-10 relative bg-white shadow-[0_10px_10px_0_rgba(109,106,112,0.15)] border border-primaryOffWhite\">\n                                <div class=\"blog-image relative bg-center bg-no-repeat bg-cover min-h-[216px] mb-6\" style=\"background-image: url('https:\/\/lubricants.ncheurope.com\/wp-content\/uploads\/2025\/06\/Construction-drop-down-menu.jpg')\"><\/div>\n                                <div class=\"flex flex-col items-start px-6\">\n                                    <h6 class=\"heading-6 text-secondaryLubricants z-10 relative !mb-4\">Odvetvia<\/h6>\n                                    <p class=\"text-darkSm z-10 relative !mb-5\">D\u00f4veryhodn\u00ed v r\u00f4znych priemyseln\u00fdch odvetviach dod\u00e1vame mazacie rie\u0161enia na mieru pre dosiahnutie \u0161pi\u010dkov\u00e9ho v\u00fdkonu.<\/p>\n                                    <a href=\"https:\/\/lubricants.ncheurope.com\/en\/industries\/\" class=\"button button--secondary button--secondaryLubricants\">Presk\u00fama\u0165 v\u0161etko<\/a>\n                                <\/div>\n                            <\/div>\n                                                                                                <div class=\"related-card max-w-full md:max-w-[calc(50%-4px)] lg:max-w-[calc(25%-8px)] w-full px-2 pt-2 pb-8 mr-0 md:odd:mr-2 lg:mr-2 mb-10 relative bg-white shadow-[0_10px_10px_0_rgba(109,106,112,0.15)] border border-primaryOffWhite\">\n                                <div class=\"blog-image relative bg-center bg-no-repeat bg-cover min-h-[216px] mb-6\" style=\"background-image: url('https:\/\/lubricants.ncheurope.com\/wp-content\/uploads\/2025\/06\/Lubricants-About-Us-who-we-are.jpg')\"><\/div>\n                                <div class=\"flex flex-col items-start px-6\">\n                                    <h6 class=\"heading-6 text-secondaryLubricants z-10 relative !mb-4\">Produkty<\/h6>\n                                    <p class=\"text-darkSm z-10 relative !mb-5\">Od maz\u00edv cez oleje, palivov\u00e9 programy a\u017e po \u0161peci\u00e1lne aeros\u00f3ly &#8211; NCH Lubricants m\u00e1 pre v\u00e1s v\u0161etko.<\/p>\n                                    <a href=\"\/products\" class=\"button button--secondary button--secondaryLubricants\">Pozrite sa<\/a>\n                                <\/div>\n                            <\/div>\n                                                                                                <div class=\"related-card max-w-full md:max-w-[calc(50%-4px)] lg:max-w-[calc(25%-8px)] w-full px-2 pt-2 pb-8 mr-0 md:odd:mr-2 lg:mr-2 mb-10 relative bg-white shadow-[0_10px_10px_0_rgba(109,106,112,0.15)] border border-primaryOffWhite\">\n                                <div class=\"blog-image relative bg-center bg-no-repeat bg-cover min-h-[216px] mb-6\" style=\"background-image: url('https:\/\/lubricants.ncheurope.com\/wp-content\/uploads\/2025\/09\/products-and-services-tab.jpg')\"><\/div>\n                                <div class=\"flex flex-col items-start px-6\">\n                                    <h6 class=\"heading-6 text-secondaryLubricants z-10 relative !mb-4\">Programy s pridanou hodnotou<\/h6>\n                                    <p class=\"text-darkSm z-10 relative !mb-5\">Poskytujeme v\u0161etko, \u010do va\u0161a firma potrebuje na maximaliz\u00e1ciu potenci\u00e1lu va\u0161ich mazac\u00edch programov.<\/p>\n                                    <a href=\"https:\/\/lubricants.ncheurope.com\/en\/value-added-programs\/\" class=\"button button--secondary button--secondaryLubricants\">Zistite viac<\/a>\n                                <\/div>\n                            <\/div>\n                                                                                                <div class=\"related-card max-w-full md:max-w-[calc(50%-4px)] lg:max-w-[calc(25%-8px)] w-full px-2 pt-2 pb-8 mr-0 md:odd:mr-2 lg:mr-2 mb-10 relative bg-white shadow-[0_10px_10px_0_rgba(109,106,112,0.15)] border border-primaryOffWhite\">\n                                <div class=\"blog-image relative bg-center bg-no-repeat bg-cover min-h-[216px] mb-6\" style=\"background-image: url('https:\/\/lubricants.ncheurope.com\/wp-content\/uploads\/2025\/06\/Lubricants-About-Us-Quality-and-Innovation.png')\"><\/div>\n                                <div class=\"flex flex-col items-start px-6\">\n                                    <h6 class=\"heading-6 text-secondaryLubricants z-10 relative !mb-4\">Kari\u00e9ra<\/h6>\n                                    <p class=\"text-darkSm z-10 relative !mb-5\">Chcete spolupracova\u0165 so spolo\u010dnos\u0165ou NCH Lubricants? N\u00e1jdite najnov\u0161ie pracovn\u00e9 poz\u00edcie a za\u010dnite svoju kari\u00e9ru s nami.<\/p>\n                                    <a href=\"\/about-us\/careers\" class=\"button button--secondary button--secondaryLubricants\">Prihl\u00e1ste sa teraz  <\/a>\n                                <\/div>\n                            <\/div>\n                                                            <\/div>\n                        \n            <!-- End Related Cards Section -->\n        <\/div>\n\n    <\/div>","protected":false},"excerpt":{"rendered":"","protected":false},"author":2,"featured_media":0,"parent":0,"menu_order":0,"comment_status":"closed","ping_status":"closed","template":"","meta":{"_acf_changed":false,"footnotes":""},"class_list":["post-64082","page","type-page","status-publish","hentry"],"acf":[],"yoast_head":"<!-- This site is optimized with the Yoast SEO Premium plugin v21.7 (Yoast SEO v27.2) - https:\/\/yoast.com\/product\/yoast-seo-premium-wordpress\/ -->\n<title>\u010eakujeme - NCH Lubricants<\/title>\n<meta name=\"robots\" content=\"index, follow, max-snippet:-1, max-image-preview:large, max-video-preview:-1\" \/>\n<link rel=\"canonical\" href=\"https:\/\/lubricants.ncheurope.com\/en\/thank-you\/\" class=\"yoast-seo-meta-tag\" \/>\n<meta property=\"og:locale\" content=\"sk_SK\" class=\"yoast-seo-meta-tag\" \/>\n<meta property=\"og:type\" content=\"article\" class=\"yoast-seo-meta-tag\" \/>\n<meta property=\"og:title\" content=\"\u010eakujeme\" class=\"yoast-seo-meta-tag\" \/>\n<meta property=\"og:url\" content=\"https:\/\/lubricants.ncheurope.com\/en\/thank-you\/\" class=\"yoast-seo-meta-tag\" \/>\n<meta property=\"og:site_name\" content=\"NCH Lubricants\" class=\"yoast-seo-meta-tag\" \/>\n<meta property=\"article:modified_time\" content=\"2025-10-03T14:21:03+00:00\" class=\"yoast-seo-meta-tag\" \/>\n<meta name=\"twitter:card\" content=\"summary_large_image\" class=\"yoast-seo-meta-tag\" \/>\n<script type=\"application\/ld+json\" class=\"yoast-schema-graph\">{\"@context\":\"https:\/\/schema.org\",\"@graph\":[{\"@type\":\"WebPage\",\"@id\":\"https:\/\/lubricants.ncheurope.com\/en\/thank-you\/\",\"url\":\"https:\/\/lubricants.ncheurope.com\/en\/thank-you\/\",\"name\":\"\u010eakujeme - NCH Lubricants\",\"isPartOf\":{\"@id\":\"https:\/\/lubricants.ncheurope.com\/sv\/#website\"},\"datePublished\":\"2025-02-19T16:22:44+00:00\",\"dateModified\":\"2025-10-03T14:21:03+00:00\",\"breadcrumb\":{\"@id\":\"https:\/\/lubricants.ncheurope.com\/en\/thank-you\/#breadcrumb\"},\"inLanguage\":\"sk-SK\",\"potentialAction\":[{\"@type\":\"ReadAction\",\"target\":[\"https:\/\/lubricants.ncheurope.com\/en\/thank-you\/\"]}]},{\"@type\":\"BreadcrumbList\",\"@id\":\"https:\/\/lubricants.ncheurope.com\/en\/thank-you\/#breadcrumb\",\"itemListElement\":[{\"@type\":\"ListItem\",\"position\":1,\"name\":\"Domovsk\u00e1 str\u00e1nka\",\"item\":\"https:\/\/lubricants.ncheurope.com\/en\/\"},{\"@type\":\"ListItem\",\"position\":2,\"name\":\"\u010eakujeme\"}]},{\"@type\":\"WebSite\",\"@id\":\"https:\/\/lubricants.ncheurope.com\/sv\/#website\",\"url\":\"https:\/\/lubricants.ncheurope.com\/sv\/\",\"name\":\"NCH Lubricants\",\"description\":\"\",\"potentialAction\":[{\"@type\":\"SearchAction\",\"target\":{\"@type\":\"EntryPoint\",\"urlTemplate\":\"https:\/\/lubricants.ncheurope.com\/sv\/?s={search_term_string}\"},\"query-input\":{\"@type\":\"PropertyValueSpecification\",\"valueRequired\":true,\"valueName\":\"search_term_string\"}}],\"inLanguage\":\"sk-SK\"}]}<\/script>\n<!-- \/ Yoast SEO Premium plugin. -->","yoast_head_json":{"title":"\u010eakujeme - NCH Lubricants","robots":{"index":"index","follow":"follow","max-snippet":"max-snippet:-1","max-image-preview":"max-image-preview:large","max-video-preview":"max-video-preview:-1"},"canonical":"https:\/\/lubricants.ncheurope.com\/en\/thank-you\/","og_locale":"sk_SK","og_type":"article","og_title":"\u010eakujeme","og_url":"https:\/\/lubricants.ncheurope.com\/en\/thank-you\/","og_site_name":"NCH Lubricants","article_modified_time":"2025-10-03T14:21:03+00:00","twitter_card":"summary_large_image","schema":{"@context":"https:\/\/schema.org","@graph":[{"@type":"WebPage","@id":"https:\/\/lubricants.ncheurope.com\/en\/thank-you\/","url":"https:\/\/lubricants.ncheurope.com\/en\/thank-you\/","name":"\u010eakujeme - NCH Lubricants","isPartOf":{"@id":"https:\/\/lubricants.ncheurope.com\/sv\/#website"},"datePublished":"2025-02-19T16:22:44+00:00","dateModified":"2025-10-03T14:21:03+00:00","breadcrumb":{"@id":"https:\/\/lubricants.ncheurope.com\/en\/thank-you\/#breadcrumb"},"inLanguage":"sk-SK","potentialAction":[{"@type":"ReadAction","target":["https:\/\/lubricants.ncheurope.com\/en\/thank-you\/"]}]},{"@type":"BreadcrumbList","@id":"https:\/\/lubricants.ncheurope.com\/en\/thank-you\/#breadcrumb","itemListElement":[{"@type":"ListItem","position":1,"name":"Domovsk\u00e1 str\u00e1nka","item":"https:\/\/lubricants.ncheurope.com\/en\/"},{"@type":"ListItem","position":2,"name":"\u010eakujeme"}]},{"@type":"WebSite","@id":"https:\/\/lubricants.ncheurope.com\/sv\/#website","url":"https:\/\/lubricants.ncheurope.com\/sv\/","name":"NCH Lubricants","description":"","potentialAction":[{"@type":"SearchAction","target":{"@type":"EntryPoint","urlTemplate":"https:\/\/lubricants.ncheurope.com\/sv\/?s={search_term_string}"},"query-input":{"@type":"PropertyValueSpecification","valueRequired":true,"valueName":"search_term_string"}}],"inLanguage":"sk-SK"}]}},"_links":{"self":[{"href":"https:\/\/lubricants.ncheurope.com\/sk\/wp-json\/wp\/v2\/pages\/64082","targetHints":{"allow":["GET"]}}],"collection":[{"href":"https:\/\/lubricants.ncheurope.com\/sk\/wp-json\/wp\/v2\/pages"}],"about":[{"href":"https:\/\/lubricants.ncheurope.com\/sk\/wp-json\/wp\/v2\/types\/page"}],"author":[{"embeddable":true,"href":"https:\/\/lubricants.ncheurope.com\/sk\/wp-json\/wp\/v2\/users\/2"}],"replies":[{"embeddable":true,"href":"https:\/\/lubricants.ncheurope.com\/sk\/wp-json\/wp\/v2\/comments?post=64082"}],"version-history":[{"count":1,"href":"https:\/\/lubricants.ncheurope.com\/sk\/wp-json\/wp\/v2\/pages\/64082\/revisions"}],"predecessor-version":[{"id":64084,"href":"https:\/\/lubricants.ncheurope.com\/sk\/wp-json\/wp\/v2\/pages\/64082\/revisions\/64084"}],"wp:attachment":[{"href":"https:\/\/lubricants.ncheurope.com\/sk\/wp-json\/wp\/v2\/media?parent=64082"}],"curies":[{"name":"wp","href":"https:\/\/api.w.org\/{rel}","templated":true}]}}