{"id":64269,"date":"2025-09-03T07:43:48","date_gmt":"2025-09-03T07:43:48","guid":{"rendered":"https:\/\/lubricants.ncheurope.com\/declaracao-de-conformidade-da-nch-corporation-lei-da-escravatura-moderna-de-2015\/"},"modified":"2025-10-16T09:12:02","modified_gmt":"2025-10-16T09:12:02","slug":"declaracao-de-conformidade-da-nch-corporation-lei-da-escravatura-moderna-de-2015","status":"publish","type":"page","link":"https:\/\/lubricants.ncheurope.com\/pt-pt\/declaracao-de-conformidade-da-nch-corporation-lei-da-escravatura-moderna-de-2015\/","title":{"rendered":"Declara\u00e7\u00e3o de Conformidade da NCH Corporation: Lei da Escravatura Moderna de 2015"},"content":{"rendered":"\n<div class=\"internal-banner-block relative primaryBlue paddingBottomLarge bg-no-repeat pt-[110px] lg:pt-[160px] bg-white bg-[url('assets\/images\/background-shape.png')] bg-right-bottom bg-contain\" >\n        <div class=\"container relative z-10\">\n        <div class=\"breadcrumb-container mb-[60px] lg:mb-[103px] hidden md:block\">\n            <p class=\"text-darkXs !mb-0 !text-[12px] flex flex-row items-center\">You are here: <a class=\"!font-regular mx-2 hover:underline\" href=\"https:\/\/lubricants.ncheurope.com\/pt-pt\/\">In\u00edcio<\/a> \/ <span class=\"ml-2 font-semibold\">Declara\u00e7\u00e3o de Conformidade da NCH Corporation: Lei da Escravatura Moderna de 2015<\/span><\/p>\n        <\/div>\n\n        <div class=\"content-container flex flex-col-reverse md:flex-row flex-wrap justify-between\">\n\n                            <div class=\"text-container md:basis-10\/12\">\n                    <h1 class=\"heading-1 text-primaryBlue\">Declara\u00e7\u00e3o de Conformidade da NCH Corporation: Lei da Escravatura Moderna de 2015<\/h1>                                                        <\/div>\n                    <\/div>\n    <\/div>\n<\/div>\n<div class=\"accordion-block relative primaryBlue enchimentoTopLarge paddingBottomLarge bg-primaryOffWhite\">\n    <div class=\"container flex flex-row flex-wrap\">\n                    <div class=\"text-container flex flex-row flex-wrap items-start justify-between basis-full pb-[60px]\">\n                <h2 class=\"heading-2 text-primaryBlue basis-full\">NCH (UK) LIMITED &#8211; Declara\u00e7\u00e3o sobre escravatura moderna e tr\u00e1fico de seres humanos<\/h2>                <p class=\"text-darkBase basis-full lg:basis-8\/12 !mb-0\">Na NCH (UK) Limited (a Empresa) estamos empenhados em proteger e respeitar os direitos humanos e temos uma abordagem de toler\u00e2ncia zero \u00e0 escravatura e ao tr\u00e1fico de seres humanos em todas as suas formas. Esta declara\u00e7\u00e3o \u00e9 feita nos termos da Sec\u00e7\u00e3o 54 (1) da Lei da Escravatura Moderna de 2015. Implement\u00e1mos a Pol\u00edtica Anti-escravatura da NCH (a Pol\u00edtica) para garantir que proibimos estritamente o recurso \u00e0 escravatura moderna e ao tr\u00e1fico de seres humanos nas nossas opera\u00e7\u00f5es e na nossa cadeia de fornecimento. Temos e continuaremos empenhados em implementar sistemas e controlos destinados a garantir que a escravatura moderna n\u00e3o tem lugar em qualquer parte da nossa organiza\u00e7\u00e3o ou em qualquer uma das nossas cadeias de abastecimento. Esta declara\u00e7\u00e3o ser\u00e1 revista anualmente.    \n<\/p>            <\/div>\n        \n        <!-- Accordion Start -->       \n                    <div class=\"accordion-container flex flex-row flex-wrap basis-full\">     \n                                <div class=\"accordion-item border border-primaryOffWhite bg-white basis-full mb-2\">\n                    <div class=\"accordion-header hover:cursor-pointer py-[28px] px-[40px] flex flex-row justify-between items-center\">\n                        <h5 class=\"text-primaryBlue heading-5 !mb-0\">Estrutura da organiza\u00e7\u00e3o<\/h5>\n                        <i class=\"bg-[url('assets\/images\/upwards-arrow-white.png')] bg-center bg-[length:11px_11px] bg-no-repeat bg-primaryBlue block rounded-full min-w-[30px] w-[30px] h-[30px] rotate-[135deg]\"><\/i>\n                    <\/div>\n\n                    <div class=\"accordion-content hidden pb-[28px] px-[40px]\">\n                        <p class=\"text-darkBase !mb-0\"><p>Somos um fabricante de produtos qu\u00edmicos e um fornecedor de tratamento de \u00e1gua. Fazemos parte do Grupo NCH (Grupo) e a nossa empresa-m\u00e3e final \u00e9 a NCH Corporation, com sede nos Estados Unidos. O Grupo tem mais de 8.500 funcion\u00e1rios em todo o mundo e opera em 50 pa\u00edses.    <\/p>\n<p>O Grupo tem um volume de neg\u00f3cios anual global de \u00a3665 milh\u00f5es.  <\/p>\n<\/p>\n                                            <\/div>\n                <\/div>\n\n                                <div class=\"accordion-item border border-primaryOffWhite bg-white basis-full mb-2\">\n                    <div class=\"accordion-header hover:cursor-pointer py-[28px] px-[40px] flex flex-row justify-between items-center\">\n                        <h5 class=\"text-primaryBlue heading-5 !mb-0\">As nossas pol\u00edticas em mat\u00e9ria de escravatura e tr\u00e1fico de seres humanos<\/h5>\n                        <i class=\"bg-[url('assets\/images\/upwards-arrow-white.png')] bg-center bg-[length:11px_11px] bg-no-repeat bg-primaryBlue block rounded-full min-w-[30px] w-[30px] h-[30px] rotate-[135deg]\"><\/i>\n                    <\/div>\n\n                    <div class=\"accordion-content hidden pb-[28px] px-[40px]\">\n                        <p class=\"text-darkBase !mb-0\"><p>Estamos empenhados em garantir que n\u00e3o existe escravatura moderna ou tr\u00e1fico de seres humanos nas nossas cadeias de abastecimento ou em qualquer parte da nossa atividade. A nossa Pol\u00edtica reflecte o nosso empenho em agir de forma \u00e9tica e \u00edntegra em todas as nossas rela\u00e7\u00f5es comerciais e em implementar e aplicar sistemas e controlos eficazes para garantir que a escravatura e o tr\u00e1fico de seres humanos n\u00e3o ocorrem em nenhuma parte das nossas cadeias de abastecimento.   <\/p>\n<p>Como parte da nossa iniciativa para identificar e atenuar os riscos, temos procedimentos para:<\/p>\n<li>Rev\u00ea a nossa pol\u00edtica anualmente; e  <\/li>\n<li>Identifica altera\u00e7\u00f5es que possam melhorar a nossa pol\u00edtica.  <\/li>\n<p><\/p>\n<p>Processos de dilig\u00eancia devida para a escravatura e o tr\u00e1fico de seres humanos  <\/p>\n<p>Como parte da nossa iniciativa para identificar e mitigar os riscos, estamos a implementar sistemas para:<\/p>\n<li>Identifica e avalia potenciais \u00e1reas de risco nas nossas cadeias de abastecimento.<\/li>\n<li>Reduzir o risco de escravatura e tr\u00e1fico de seres humanos nas nossas cadeias de abastecimento.  <\/li>\n<li>Monitoriza as potenciais \u00e1reas de risco nas nossas cadeias de abastecimento.<\/li>\n<li>Protege os denunciantes.  <\/li>\n<p><\/p>\n<p>Atribu\u00edmos internamente a um dos nossos departamentos a responsabilidade de garantir que os nossos processos de dilig\u00eancia devida s\u00e3o t\u00e3o robustos quanto poss\u00edvel e de identificar quaisquer altera\u00e7\u00f5es que possam ser feitas para melhorar os nossos processos ao longo do tempo.  <\/p>\n<\/p>\n                                            <\/div>\n                <\/div>\n\n                                <div class=\"accordion-item border border-primaryOffWhite bg-white basis-full mb-2\">\n                    <div class=\"accordion-header hover:cursor-pointer py-[28px] px-[40px] flex flex-row justify-between items-center\">\n                        <h5 class=\"text-primaryBlue heading-5 !mb-0\">Ades\u00e3o dos fornecedores, contratantes e outros parceiros comerciais aos nossos valores e \u00e9tica<\/h5>\n                        <i class=\"bg-[url('assets\/images\/upwards-arrow-white.png')] bg-center bg-[length:11px_11px] bg-no-repeat bg-primaryBlue block rounded-full min-w-[30px] w-[30px] h-[30px] rotate-[135deg]\"><\/i>\n                    <\/div>\n\n                    <div class=\"accordion-content hidden pb-[28px] px-[40px]\">\n                        <p class=\"text-darkBase !mb-0\"><p>Temos uma toler\u00e2ncia zero em rela\u00e7\u00e3o \u00e0 escravatura e ao tr\u00e1fico de seres humanos. Os nossos fornecedores, empreiteiros e outros parceiros comerciais s\u00e3o obrigados a manter os seus pr\u00f3prios fornecedores nos mesmos padr\u00f5es elevados.   <\/p>\n<p>Consideramos que o maior risco de escravatura moderna nas nossas cadeias de abastecimento \u00e9 quando lidamos com empresas sediadas em jurisdi\u00e7\u00f5es que n\u00e3o t\u00eam normas e legisla\u00e7\u00e3o equivalentes \u00e0s do Reino Unido.  <\/p>\n<p>Como parte dos nossos processos cont\u00ednuos de avalia\u00e7\u00e3o de risco e dilig\u00eancia devida, consideramos se as circunst\u00e2ncias justificam a realiza\u00e7\u00e3o de auditorias aos fornecedores para verificar a sua conformidade com a nossa Pol\u00edtica. Avaliamos tamb\u00e9m se as circunst\u00e2ncias justificam a inclus\u00e3o de proibi\u00e7\u00f5es espec\u00edficas contra a utiliza\u00e7\u00e3o da escravatura moderna e do trabalho traficado nos nossos contratos com terceiros. Utilizando a nossa abordagem baseada no risco, avaliaremos tamb\u00e9m os m\u00e9ritos de escrever aos fornecedores exigindo que cumpram a nossa Pol\u00edtica, que estabelece as normas m\u00ednimas necess\u00e1rias para combater a escravatura moderna e o tr\u00e1fico.    <\/p>\n<p>Se descobrirmos que outros indiv\u00edduos ou organiza\u00e7\u00f5es que trabalham em nosso nome violaram a nossa Pol\u00edtica, assegurar-nos-emos de que tomaremos as medidas adequadas. Estas medidas podem ir desde considerar a possibilidade de as infrac\u00e7\u00f5es serem corrigidas e se isso poder\u00e1 representar o melhor resultado para os indiv\u00edduos afectados pela infra\u00e7\u00e3o, at\u00e9 \u00e0 cessa\u00e7\u00e3o dessas rela\u00e7\u00f5es.   <\/p>\n<\/p>\n                                            <\/div>\n                <\/div>\n\n                                <div class=\"accordion-item border border-primaryOffWhite bg-white basis-full mb-2\">\n                    <div class=\"accordion-header hover:cursor-pointer py-[28px] px-[40px] flex flex-row justify-between items-center\">\n                        <h5 class=\"text-primaryBlue heading-5 !mb-0\">Forma\u00e7\u00e3o<\/h5>\n                        <i class=\"bg-[url('assets\/images\/upwards-arrow-white.png')] bg-center bg-[length:11px_11px] bg-no-repeat bg-primaryBlue block rounded-full min-w-[30px] w-[30px] h-[30px] rotate-[135deg]\"><\/i>\n                    <\/div>\n\n                    <div class=\"accordion-content hidden pb-[28px] px-[40px]\">\n                        <p class=\"text-darkBase !mb-0\"><p>Para garantir um elevado n\u00edvel de compreens\u00e3o dos riscos da escravatura moderna e do tr\u00e1fico de seres humanos nas nossas cadeias de abastecimento e na nossa atividade, damos forma\u00e7\u00e3o cont\u00ednua ao nosso pessoal.  <\/p>\n<p>Estamos a investir na forma\u00e7\u00e3o dos nossos funcion\u00e1rios para que reconhe\u00e7am os riscos da escravatura moderna e do tr\u00e1fico de seres humanos nas nossas empresas e cadeias de fornecimento. Atrav\u00e9s dos nossos programas de forma\u00e7\u00e3o, os funcion\u00e1rios s\u00e3o encorajados a identificar e comunicar quaisquer potenciais viola\u00e7\u00f5es da nossa Pol\u00edtica. Os funcion\u00e1rios s\u00e3o ensinados sobre os benef\u00edcios de medidas rigorosas para combater a escravatura e o tr\u00e1fico de seres humanos na nossa empresa e nas nossas cadeias de fornecimento.    <\/p>\n<\/p>\n                                            <\/div>\n                <\/div>\n\n                                <div class=\"accordion-item border border-primaryOffWhite bg-white basis-full mb-2\">\n                    <div class=\"accordion-header hover:cursor-pointer py-[28px] px-[40px] flex flex-row justify-between items-center\">\n                        <h5 class=\"text-primaryBlue heading-5 !mb-0\">Outras medidas<\/h5>\n                        <i class=\"bg-[url('assets\/images\/upwards-arrow-white.png')] bg-center bg-[length:11px_11px] bg-no-repeat bg-primaryBlue block rounded-full min-w-[30px] w-[30px] h-[30px] rotate-[135deg]\"><\/i>\n                    <\/div>\n\n                    <div class=\"accordion-content hidden pb-[28px] px-[40px]\">\n                        <p class=\"text-darkBase !mb-0\"><p>Na sequ\u00eancia de uma an\u00e1lise da efic\u00e1cia das medidas que tom\u00e1mos para garantir que n\u00e3o existe escravatura ou tr\u00e1fico de seres humanos nas nossas cadeias de abastecimento, tencionamos tomar as seguintes medidas adicionais para combater a escravatura e o tr\u00e1fico de seres humanos:  <\/p>\n<li>Efetuar uma an\u00e1lise da nossa conformidade com a escravatura moderna.  <\/li>\n<li>Rever a nossa pol\u00edtica.  <\/li>\n<li>D\u00e1 forma\u00e7\u00e3o aos novos empregados.  <\/li>\n<p><\/p>\n<p>Esta declara\u00e7\u00e3o \u00e9 feita de acordo com a sec\u00e7\u00e3o 54(1) da Lei da Escravatura Moderna de 2015 e constitui a nossa declara\u00e7\u00e3o de escravatura e tr\u00e1fico humano para o ano financeiro que termina a 30 de abril de 2022.  <\/p>\n<p>Foi aprovado pelo Conselho de Administra\u00e7\u00e3o em 7 de mar\u00e7o de 2023.  <\/p>\n<p>Martyn Ruscoe  <\/p>\n<\/p>\n                                            <\/div>\n                <\/div>\n\n                            <\/div>\n                <!-- Accordion End -->\n    <\/div>\n<\/div>","protected":false},"excerpt":{"rendered":"","protected":false},"author":2,"featured_media":0,"parent":0,"menu_order":0,"comment_status":"closed","ping_status":"closed","template":"","meta":{"_acf_changed":false,"footnotes":""},"class_list":["post-64269","page","type-page","status-publish","hentry"],"acf":[],"yoast_head":"<!-- This site is optimized with the Yoast SEO Premium plugin v21.7 (Yoast SEO v27.2) - https:\/\/yoast.com\/product\/yoast-seo-premium-wordpress\/ -->\n<title>Declara\u00e7\u00e3o sobre a escravatura moderna e o tr\u00e1fico de seres humanos<\/title>\n<meta name=\"description\" content=\"A NCH (UK) Limited op\u00f5e-se firmemente \u00e0 escravatura e ao tr\u00e1fico modernos. L\u00ea a nossa declara\u00e7\u00e3o ao abrigo da Lei da Escravatura Moderna de 2015.\" class=\"yoast-seo-meta-tag\" \/>\n<meta name=\"robots\" content=\"index, follow, max-snippet:-1, max-image-preview:large, max-video-preview:-1\" \/>\n<link rel=\"canonical\" href=\"https:\/\/lubricants.ncheurope.com\/pt-pt\/declaracao-de-conformidade-da-nch-corporation-lei-da-escravatura-moderna-de-2015\/\" class=\"yoast-seo-meta-tag\" \/>\n<meta property=\"og:locale\" content=\"pt_PT\" class=\"yoast-seo-meta-tag\" \/>\n<meta property=\"og:type\" content=\"article\" class=\"yoast-seo-meta-tag\" \/>\n<meta property=\"og:title\" content=\"Declara\u00e7\u00e3o de Conformidade da NCH Corporation: Lei da Escravatura Moderna de 2015\" class=\"yoast-seo-meta-tag\" \/>\n<meta property=\"og:description\" content=\"A NCH (UK) Limited op\u00f5e-se firmemente \u00e0 escravatura e ao tr\u00e1fico modernos. L\u00ea a nossa declara\u00e7\u00e3o ao abrigo da Lei da Escravatura Moderna de 2015.\" class=\"yoast-seo-meta-tag\" \/>\n<meta property=\"og:url\" content=\"https:\/\/lubricants.ncheurope.com\/pt-pt\/declaracao-de-conformidade-da-nch-corporation-lei-da-escravatura-moderna-de-2015\/\" class=\"yoast-seo-meta-tag\" \/>\n<meta property=\"og:site_name\" content=\"NCH Lubricants\" class=\"yoast-seo-meta-tag\" \/>\n<meta property=\"article:modified_time\" content=\"2025-10-16T09:12:02+00:00\" class=\"yoast-seo-meta-tag\" \/>\n<meta name=\"twitter:card\" content=\"summary_large_image\" class=\"yoast-seo-meta-tag\" \/>\n<script type=\"application\/ld+json\" class=\"yoast-schema-graph\">{\"@context\":\"https:\/\/schema.org\",\"@graph\":[{\"@type\":\"WebPage\",\"@id\":\"https:\/\/lubricants.ncheurope.com\/pt-pt\/declaracao-de-conformidade-da-nch-corporation-lei-da-escravatura-moderna-de-2015\/\",\"url\":\"https:\/\/lubricants.ncheurope.com\/pt-pt\/declaracao-de-conformidade-da-nch-corporation-lei-da-escravatura-moderna-de-2015\/\",\"name\":\"Declara\u00e7\u00e3o sobre a escravatura moderna e o tr\u00e1fico de seres humanos\",\"isPartOf\":{\"@id\":\"https:\/\/lubricants.ncheurope.com\/sv\/#website\"},\"datePublished\":\"2025-09-03T07:43:48+00:00\",\"dateModified\":\"2025-10-16T09:12:02+00:00\",\"description\":\"A NCH (UK) Limited op\u00f5e-se firmemente \u00e0 escravatura e ao tr\u00e1fico modernos. L\u00ea a nossa declara\u00e7\u00e3o ao abrigo da Lei da Escravatura Moderna de 2015.\",\"breadcrumb\":{\"@id\":\"https:\/\/lubricants.ncheurope.com\/pt-pt\/declaracao-de-conformidade-da-nch-corporation-lei-da-escravatura-moderna-de-2015\/#breadcrumb\"},\"inLanguage\":\"pt-PT\",\"potentialAction\":[{\"@type\":\"ReadAction\",\"target\":[\"https:\/\/lubricants.ncheurope.com\/pt-pt\/declaracao-de-conformidade-da-nch-corporation-lei-da-escravatura-moderna-de-2015\/\"]}]},{\"@type\":\"BreadcrumbList\",\"@id\":\"https:\/\/lubricants.ncheurope.com\/pt-pt\/declaracao-de-conformidade-da-nch-corporation-lei-da-escravatura-moderna-de-2015\/#breadcrumb\",\"itemListElement\":[{\"@type\":\"ListItem\",\"position\":1,\"name\":\"P\u00e1gina inicial\",\"item\":\"https:\/\/lubricants.ncheurope.com\/pt-pt\/\"},{\"@type\":\"ListItem\",\"position\":2,\"name\":\"Declara\u00e7\u00e3o de Conformidade da NCH Corporation: Lei da Escravatura Moderna de 2015\"}]},{\"@type\":\"WebSite\",\"@id\":\"https:\/\/lubricants.ncheurope.com\/sv\/#website\",\"url\":\"https:\/\/lubricants.ncheurope.com\/sv\/\",\"name\":\"NCH Lubricants\",\"description\":\"\",\"potentialAction\":[{\"@type\":\"SearchAction\",\"target\":{\"@type\":\"EntryPoint\",\"urlTemplate\":\"https:\/\/lubricants.ncheurope.com\/sv\/?s={search_term_string}\"},\"query-input\":{\"@type\":\"PropertyValueSpecification\",\"valueRequired\":true,\"valueName\":\"search_term_string\"}}],\"inLanguage\":\"pt-PT\"}]}<\/script>\n<!-- \/ Yoast SEO Premium plugin. -->","yoast_head_json":{"title":"Declara\u00e7\u00e3o sobre a escravatura moderna e o tr\u00e1fico de seres humanos","description":"A NCH (UK) Limited op\u00f5e-se firmemente \u00e0 escravatura e ao tr\u00e1fico modernos. L\u00ea a nossa declara\u00e7\u00e3o ao abrigo da Lei da Escravatura Moderna de 2015.","robots":{"index":"index","follow":"follow","max-snippet":"max-snippet:-1","max-image-preview":"max-image-preview:large","max-video-preview":"max-video-preview:-1"},"canonical":"https:\/\/lubricants.ncheurope.com\/pt-pt\/declaracao-de-conformidade-da-nch-corporation-lei-da-escravatura-moderna-de-2015\/","og_locale":"pt_PT","og_type":"article","og_title":"Declara\u00e7\u00e3o de Conformidade da NCH Corporation: Lei da Escravatura Moderna de 2015","og_description":"A NCH (UK) Limited op\u00f5e-se firmemente \u00e0 escravatura e ao tr\u00e1fico modernos. L\u00ea a nossa declara\u00e7\u00e3o ao abrigo da Lei da Escravatura Moderna de 2015.","og_url":"https:\/\/lubricants.ncheurope.com\/pt-pt\/declaracao-de-conformidade-da-nch-corporation-lei-da-escravatura-moderna-de-2015\/","og_site_name":"NCH Lubricants","article_modified_time":"2025-10-16T09:12:02+00:00","twitter_card":"summary_large_image","schema":{"@context":"https:\/\/schema.org","@graph":[{"@type":"WebPage","@id":"https:\/\/lubricants.ncheurope.com\/pt-pt\/declaracao-de-conformidade-da-nch-corporation-lei-da-escravatura-moderna-de-2015\/","url":"https:\/\/lubricants.ncheurope.com\/pt-pt\/declaracao-de-conformidade-da-nch-corporation-lei-da-escravatura-moderna-de-2015\/","name":"Declara\u00e7\u00e3o sobre a escravatura moderna e o tr\u00e1fico de seres humanos","isPartOf":{"@id":"https:\/\/lubricants.ncheurope.com\/sv\/#website"},"datePublished":"2025-09-03T07:43:48+00:00","dateModified":"2025-10-16T09:12:02+00:00","description":"A NCH (UK) Limited op\u00f5e-se firmemente \u00e0 escravatura e ao tr\u00e1fico modernos. L\u00ea a nossa declara\u00e7\u00e3o ao abrigo da Lei da Escravatura Moderna de 2015.","breadcrumb":{"@id":"https:\/\/lubricants.ncheurope.com\/pt-pt\/declaracao-de-conformidade-da-nch-corporation-lei-da-escravatura-moderna-de-2015\/#breadcrumb"},"inLanguage":"pt-PT","potentialAction":[{"@type":"ReadAction","target":["https:\/\/lubricants.ncheurope.com\/pt-pt\/declaracao-de-conformidade-da-nch-corporation-lei-da-escravatura-moderna-de-2015\/"]}]},{"@type":"BreadcrumbList","@id":"https:\/\/lubricants.ncheurope.com\/pt-pt\/declaracao-de-conformidade-da-nch-corporation-lei-da-escravatura-moderna-de-2015\/#breadcrumb","itemListElement":[{"@type":"ListItem","position":1,"name":"P\u00e1gina inicial","item":"https:\/\/lubricants.ncheurope.com\/pt-pt\/"},{"@type":"ListItem","position":2,"name":"Declara\u00e7\u00e3o de Conformidade da NCH Corporation: Lei da Escravatura Moderna de 2015"}]},{"@type":"WebSite","@id":"https:\/\/lubricants.ncheurope.com\/sv\/#website","url":"https:\/\/lubricants.ncheurope.com\/sv\/","name":"NCH Lubricants","description":"","potentialAction":[{"@type":"SearchAction","target":{"@type":"EntryPoint","urlTemplate":"https:\/\/lubricants.ncheurope.com\/sv\/?s={search_term_string}"},"query-input":{"@type":"PropertyValueSpecification","valueRequired":true,"valueName":"search_term_string"}}],"inLanguage":"pt-PT"}]}},"_links":{"self":[{"href":"https:\/\/lubricants.ncheurope.com\/pt-pt\/wp-json\/wp\/v2\/pages\/64269","targetHints":{"allow":["GET"]}}],"collection":[{"href":"https:\/\/lubricants.ncheurope.com\/pt-pt\/wp-json\/wp\/v2\/pages"}],"about":[{"href":"https:\/\/lubricants.ncheurope.com\/pt-pt\/wp-json\/wp\/v2\/types\/page"}],"author":[{"embeddable":true,"href":"https:\/\/lubricants.ncheurope.com\/pt-pt\/wp-json\/wp\/v2\/users\/2"}],"replies":[{"embeddable":true,"href":"https:\/\/lubricants.ncheurope.com\/pt-pt\/wp-json\/wp\/v2\/comments?post=64269"}],"version-history":[{"count":1,"href":"https:\/\/lubricants.ncheurope.com\/pt-pt\/wp-json\/wp\/v2\/pages\/64269\/revisions"}],"predecessor-version":[{"id":64270,"href":"https:\/\/lubricants.ncheurope.com\/pt-pt\/wp-json\/wp\/v2\/pages\/64269\/revisions\/64270"}],"wp:attachment":[{"href":"https:\/\/lubricants.ncheurope.com\/pt-pt\/wp-json\/wp\/v2\/media?parent=64269"}],"curies":[{"name":"wp","href":"https:\/\/api.w.org\/{rel}","templated":true}]}}