{"id":64110,"date":"2025-02-21T19:16:02","date_gmt":"2025-02-21T19:16:02","guid":{"rendered":"https:\/\/lubricants.ncheurope.com\/?page_id=64110"},"modified":"2025-10-06T14:14:00","modified_gmt":"2025-10-06T14:14:00","slug":"lubrificacao-global","status":"publish","type":"page","link":"https:\/\/lubricants.ncheurope.com\/pt-pt\/quem-somos\/lubrificacao-global\/","title":{"rendered":"Lubrifica\u00e7\u00e3o global"},"content":{"rendered":"\n<div class=\"internal-banner-block relative secondaryLubricants paddingBottomLarge bg-no-repeat pt-[110px] lg:pt-[160px]  bg-cover bg-center\" style=\"background-image: url('https:\/\/lubricants.ncheurope.com\/wp-content\/uploads\/2025\/08\/Global-Presence-Lubricants-banner.jpg')\">\n    <div class=\"overlay absolute top-0 bottom-0 left-0 right-0 z-0 gradient-secondaryLubricants-180-dark\"><\/div>    <div class=\"container relative z-10\">\n        <div class=\"breadcrumb-container mb-[60px] lg:mb-[103px] hidden md:block\">\n            <p class=\"text-lightXs !mb-0 !text-[12px] flex flex-row items-center\">You are here: <a class=\"!font-regular mx-2 hover:underline\" href=\"https:\/\/lubricants.ncheurope.com\/pt-pt\/\">In\u00edcio<\/a> \/ <a class=\"mx-2 hover:underline\" href=\"https:\/\/lubricants.ncheurope.com\/pt-pt\/quem-somos\/\">Quem somos<\/a> \/ <select name=\"breadcrumb-select\" id=\"breadcrumb-select\" class=\"breadcrumb-select\"><option value=\"https:\/\/lubricants.ncheurope.com\/pt-pt\/quem-somos\/qualidade-e-inovacao-do-produto\/\">Qualidade e inova\u00e7\u00e3o do produto<\/option><option value=\"https:\/\/lubricants.ncheurope.com\/pt-pt\/quem-somos\/historia\/\">Hist\u00f3ria<\/option><option value=\"https:\/\/lubricants.ncheurope.com\/pt-pt\/quem-somos\/lubrificacao-global\/\">Lubrifica\u00e7\u00e3o global<\/option><option value=\"https:\/\/lubricants.ncheurope.com\/pt-pt\/quem-somos\/sustentabilidade\/\">Sustentabilidade<\/option><\/select><\/p>\n        <\/div>\n\n        <div class=\"content-container flex flex-col-reverse md:flex-row flex-wrap justify-between\">\n\n                            <div class=\"text-container md:basis-10\/12\">\n                    <h1 class=\"heading-1-light\">Lubrifica\u00e7\u00e3o global<\/h1>                    <div class=\"wysiwyg-container text-light !mb-0 max-w-[768px]\"><p>Especializada em tecnologias avan\u00e7adas de lubrifica\u00e7\u00e3o para equipamentos pesados e aplica\u00e7\u00f5es industriais, a NCH Lubricants opera a n\u00edvel global, apoiada por equipas locais em regi\u00f5es principais, incluindo Am\u00e9rica do Norte, Europa, \u00c1sia-Pac\u00edfico e Am\u00e9rica Latina.<\/p>\n<\/div>                                    <\/div>\n                    <\/div>\n    <\/div>\n<\/div>\n\n\n<div class=\"text-image-cta-block paddingTopLarge paddingBottomLarge secondaryLubricants bg-white bg-no-repeat bg-contain\">\n    <div class=\"container flex flex-col lg:flex-row-reverse\">\n        <div class=\"text-container flex flex-col items-start lg:pr-5 lg:basis-3\/6 lg:pl-[90px]\">\n                        <h2 class=\"heading-2 text-secondaryLubricants\">Solu\u00e7\u00f5es globais para o desempenho de equipamentos industriais<\/h2>                            <div class=\"text-container\">\n                    <p>Como um dos maiores fabricantes de lubrificantes do mundo, a NCH Lubricants oferece um portf\u00f3lio diversificado de produtos, incluindo massas lubrificantes industriais, \u00f3leos, aditivos para combust\u00edveis, compostos antigripantes e lubrificantes de grau alimentar adaptados a sectores como res\u00edduos e sucata, minera\u00e7\u00e3o, agricultura, manufatura, silvicultura, petr\u00f3leo e g\u00e1s e biomassa.<\/p>\n                <\/div>\n                                        <a href=\"https:\/\/lubricants.ncheurope.com\/en\/worldwide\/\" class=\"button mt-5 button--secondaryLubricants relative \" target=\"_parent\">As nossas localiza\u00e7\u00f5es a n\u00edvel mundial<\/a>\n                    <\/div>\n                    <div class=\"image-container lg:basis-3\/6 relative flex flex-col mt-[24px] lg:mt-0\">\n                <div class=\"skewed-image-container min-h-[388px] bg-no-repeat bg-cover bg-center skewedImageLarge-flipped shadow-[0_10px_10px_0_rgba(109,106,112,0.15)]\" style=\"background-image: url(https:\/\/lubricants.ncheurope.com\/wp-content\/uploads\/2025\/08\/Worldwide-image.jpg);\"><\/div>\n            <\/div>\n                    <\/div>\n<\/div>\n\n\n<div class=\"text-and-link-cards-slider-block relative box-content overflow-x-hidden paddingTopLarge paddingBottomLarge secondaryLubricants has-anchor-link\">\n    <div class=\"overlay z-0 absolute top-0 left-0 right-0 bottom-2\/4 block bg-secondaryLubricants\"><\/div>\n    <!-- Start Text Section -->\n    <div class=\"container text-and-link-cards-slider-text\">\n        <div class=\"flex flex-row flex-wrap justify-between items-center relative z-10 pb-[60px]\">\n            <h2 class=\"heading-2 basis-full text-white\">Especializa\u00e7\u00e3o global em lubrifica\u00e7\u00e3o<\/h2>            <p class=\"text-lightBase lg:basis-8\/12 mb-0\">Com uma rede global de equipas de vendas de lubrificantes especialistas da ind\u00fastria no local, a NCH Lubricants tem o alcance global, produtos e servi\u00e7os para ajud\u00e1-lo a prolongar a vida \u00fatil do equipamento, diminuir o tempo de inatividade e reduzir custos.<\/p>                    <\/div>\n    <\/div>\n    <!-- End Text Section -->\n\n    <!-- Start Slider Column -->\n            <div class=\"slider-container flex flex-col overflow-x-hidden absolute right-0\">\n            <div class=\"text-and-link-cards-slider-block-slider\">\n                                    <div class=\"slide !flex flex-col justify-start items-start bg-white border border-primaryOffWhite px-2 pt-2 pb-8 mr-2 last-of-type:mr-0 mb-5 relative shadow-[0_10px_10px_0_rgba(109,106,112,0.15)] secondaryLubricants\">\n                        <div class=\"image-container relative bg-center bg-cover bg-no-repeat w-full min-h-[178px] flex items-end mb-6\" style=\"background-image: url('https:\/\/lubricants.ncheurope.com\/wp-content\/uploads\/2025\/08\/North-Amercia-Lubricants.jpg')\">\n                            <div class=\"overlay z-0 absolute top-0 left-0 right-0 bottom-0 gradient-secondaryLubricants-180\"><\/div>\n                            <h4 class=\"heading-4 text-white px-6 z-10 relative !mb-5\">Am\u00e9rica do Norte<\/h4>                        <\/div>\n                        <p class=\"text-darkSm px-6 z-10 relative !mb-6\">Visite a nossa divis\u00e3o de lubrifica\u00e7\u00e3o da Am\u00e9rica do Norte, Certified Labs.<\/p>                            \n                        <!-- Start of links repeater -->\n                                                <!-- End of links repeater -->\n\n                                                    <a href=\"https:\/\/certifiedlabs.com\/\" class=\"button button--secondary button--secondaryLubricants w-[calc(100%-48px)] relative z-10 mx-6 !py-3\" target=\"_blank\">Ir para a Am\u00e9rica do Norte<\/a>\n                                            <\/div>\n\n                                    <div class=\"slide !flex flex-col justify-start items-start bg-white border border-primaryOffWhite px-2 pt-2 pb-8 mr-2 last-of-type:mr-0 mb-5 relative shadow-[0_10px_10px_0_rgba(109,106,112,0.15)] secondaryLubricants\">\n                        <div class=\"image-container relative bg-center bg-cover bg-no-repeat w-full min-h-[178px] flex items-end mb-6\" style=\"background-image: url('https:\/\/lubricants.ncheurope.com\/wp-content\/uploads\/2025\/08\/Asia-Pacific-Lubricants.jpg')\">\n                            <div class=\"overlay z-0 absolute top-0 left-0 right-0 bottom-0 gradient-secondaryLubricants-180\"><\/div>\n                            <h4 class=\"heading-4 text-white px-6 z-10 relative !mb-5\">\u00c1sia-Pac\u00edfico<\/h4>                        <\/div>\n                        <p class=\"text-darkSm px-6 z-10 relative !mb-6\">Visite o nosso site da \u00c1sia-Pac\u00edfico para as suas necessidades de lubrifica\u00e7\u00e3o na APAC.<\/p>                            \n                        <!-- Start of links repeater -->\n                                                <!-- End of links repeater -->\n\n                                                    <a href=\"https:\/\/www.nchasia.com\/solution\/lubricants\/\" class=\"button button--secondary button--secondaryLubricants w-[calc(100%-48px)] relative z-10 mx-6 !py-3\" target=\"_blank\">Ir para a APAC<\/a>\n                                            <\/div>\n\n                                    <div class=\"slide !flex flex-col justify-start items-start bg-white border border-primaryOffWhite px-2 pt-2 pb-8 mr-2 last-of-type:mr-0 mb-5 relative shadow-[0_10px_10px_0_rgba(109,106,112,0.15)] secondaryLubricants\">\n                        <div class=\"image-container relative bg-center bg-cover bg-no-repeat w-full min-h-[178px] flex items-end mb-6\" style=\"background-image: url('https:\/\/lubricants.ncheurope.com\/wp-content\/uploads\/2025\/08\/Latin-America-Lubricants.jpg')\">\n                            <div class=\"overlay z-0 absolute top-0 left-0 right-0 bottom-0 gradient-secondaryLubricants-180\"><\/div>\n                            <h4 class=\"heading-4 text-white px-6 z-10 relative !mb-5\">Am\u00e9rica Latina<\/h4>                        <\/div>\n                        <p class=\"text-darkSm px-6 z-10 relative !mb-6\">Visite o nosso site da Am\u00e9rica Latina para as suas necessidades de lubrifica\u00e7\u00e3o na LATAM. <\/p>                            \n                        <!-- Start of links repeater -->\n                                                <!-- End of links repeater -->\n\n                                                    <a href=\"https:\/\/www.la.nch.com\/lubricantes-industriales.html\" class=\"button button--secondary button--secondaryLubricants w-[calc(100%-48px)] relative z-10 mx-6 !py-3\" target=\"_blank\">Ir para a Am\u00e9rica Latina<\/a>\n                                            <\/div>\n\n                                    <div class=\"slide !flex flex-col justify-start items-start bg-white border border-primaryOffWhite px-2 pt-2 pb-8 mr-2 last-of-type:mr-0 mb-5 relative shadow-[0_10px_10px_0_rgba(109,106,112,0.15)] secondaryLubricants\">\n                        <div class=\"image-container relative bg-center bg-cover bg-no-repeat w-full min-h-[178px] flex items-end mb-6\" style=\"background-image: url('https:\/\/lubricants.ncheurope.com\/wp-content\/uploads\/2025\/08\/Get-in-touch-Lubricants.jpg')\">\n                            <div class=\"overlay z-0 absolute top-0 left-0 right-0 bottom-0 gradient-secondaryLubricants-180\"><\/div>\n                            <h4 class=\"heading-4 text-white px-6 z-10 relative !mb-5\">Fale com a nossa equipa<\/h4>                        <\/div>\n                        <p class=\"text-darkSm px-6 z-10 relative !mb-6\">Entre em contacto com a nossa equipa de lubrifica\u00e7\u00e3o da Europa.<\/p>                            \n                        <!-- Start of links repeater -->\n                                                <!-- End of links repeater -->\n\n                                                    <a href=\"https:\/\/lubricants.ncheurope.com\/en\/contact-us\/\" class=\"button button--secondary button--secondaryLubricants w-[calc(100%-48px)] relative z-10 mx-6 !py-3\" target=\"_parent\">Contacte-nos<\/a>\n                                            <\/div>\n\n                            <\/div>\n        <\/div>\n        <!-- End Slider Column -->\n\n<\/div>\n\n\n    <div class=\"related-cards-block box-content relative bg-primaryOffWhite paddingTopLarge paddingBottomLarge secondaryLubricants\">\n        <div class=\"container flex flex-col\">\n            <!-- Start Text Section -->\n            <div class=\"flex flex-row flex-wrap justify-between items-end relative z-10 pb-[60px]\">\n                <h2 class=\"heading-2 basis-full text-secondaryLubricants\">Sobre a NCH Lubricants<\/h2>                <p class=\"text-darkBase basis-full lg:basis-8\/12 !mb-0\">N\u00e3o importa o tamanho, a escala ou o tipo de neg\u00f3cio, a nossa miss\u00e3o \u00e9 simples: ajudar as empresas a melhorar a fiabilidade dos equipamentos, aumentar a efici\u00eancia e reduzir os custos operacionais com programas de lubrifica\u00e7\u00e3o que proporcionam desempenho real.<\/p>                                    <a href=\"https:\/\/lubricants.ncheurope.com\/pt-pt\/quem-somos\/\" class=\"button button--secondaryLubricants hover:bg-secondaryLubricants hover:text-white relative mt-[24px] lg:mt-0\">Saber mais<\/a>\n                            <\/div>\n            <!-- End Text Section -->\n            \n            <!-- Start Related Cards Section -->\n            \n                            <div class=\" flex flex-row flex-wrap\">\n                                                                        <div class=\"related-card max-w-full md:max-w-[calc(50%-4px)] lg:max-w-[calc(25%-8px)] w-full px-2 pt-2 pb-8 mr-0 md:odd:mr-2 lg:mr-2 mb-10 relative bg-white shadow-[0_10px_10px_0_rgba(109,106,112,0.15)] border border-primaryOffWhite\">\n                                <div class=\"blog-image relative bg-center bg-no-repeat bg-cover min-h-[216px] mb-6\" style=\"background-image: url('https:\/\/lubricants.ncheurope.com\/wp-content\/uploads\/2025\/06\/Lubricants-About-Us-who-we-are.jpg')\"><\/div>\n                                <div class=\"flex flex-col items-start px-6\">\n                                    <h6 class=\"heading-6 text-secondaryLubricants z-10 relative !mb-4\">Inova\u00e7\u00e3o de produtos<\/h6>\n                                    <p class=\"text-darkSm z-10 relative !mb-5\">Desde a formula\u00e7\u00e3o at\u00e9 \u00e0 embalagem, fornecemos produtos de lubrifica\u00e7\u00e3o fi\u00e1veis e de elevado desempenho, nos quais os clientes podem confiar para um desempenho consistente&hellip;<\/p>\n                                    <a href=\"https:\/\/lubricants.ncheurope.com\/pt-pt\/quem-somos\/qualidade-e-inovacao-do-produto\/\" class=\"button button--secondary button--secondaryLubricants\">Ler mais<\/a>\n                                <\/div>\n                            <\/div>\n                                                                                                <div class=\"related-card max-w-full md:max-w-[calc(50%-4px)] lg:max-w-[calc(25%-8px)] w-full px-2 pt-2 pb-8 mr-0 md:odd:mr-2 lg:mr-2 mb-10 relative bg-white shadow-[0_10px_10px_0_rgba(109,106,112,0.15)] border border-primaryOffWhite\">\n                                <div class=\"blog-image relative bg-center bg-no-repeat bg-cover min-h-[216px] mb-6\" style=\"background-image: url('https:\/\/lubricants.ncheurope.com\/wp-content\/uploads\/2025\/07\/Today.jpg')\"><\/div>\n                                <div class=\"flex flex-col items-start px-6\">\n                                    <h6 class=\"heading-6 text-secondaryLubricants z-10 relative !mb-4\">A nossa hist\u00f3ria<\/h6>\n                                    <p class=\"text-darkSm z-10 relative !mb-5\">NCH Corporation, a for\u00e7a motriz por tr\u00e1s da NCH Lubricants. Estabelecida em 1919 em Dallas, Texas, a NCH cresceu at\u00e9 se tornar um l\u00edder global,&hellip;<\/p>\n                                    <a href=\"https:\/\/lubricants.ncheurope.com\/pt-pt\/quem-somos\/historia\/\" class=\"button button--secondary button--secondaryLubricants\">Veja a nossa hist\u00f3ria<\/a>\n                                <\/div>\n                            <\/div>\n                                                                                                <div class=\"related-card max-w-full md:max-w-[calc(50%-4px)] lg:max-w-[calc(25%-8px)] w-full px-2 pt-2 pb-8 mr-0 md:odd:mr-2 lg:mr-2 mb-10 relative bg-white shadow-[0_10px_10px_0_rgba(109,106,112,0.15)] border border-primaryOffWhite\">\n                                <div class=\"blog-image relative bg-center bg-no-repeat bg-cover min-h-[216px] mb-6\" style=\"background-image: url('https:\/\/lubricants.ncheurope.com\/wp-content\/uploads\/2025\/02\/shutterstock_2044948658-1.webp')\"><\/div>\n                                <div class=\"flex flex-col items-start px-6\">\n                                    <h6 class=\"heading-6 text-secondaryLubricants z-10 relative !mb-4\">Sustentabilidade<\/h6>\n                                    <p class=\"text-darkSm z-10 relative !mb-5\">Como parte do nosso futuro sustent\u00e1vel, na NCH Lubricants continuaremos a criar solu\u00e7\u00f5es inovadoras que melhorem a seguran\u00e7a e o perfil ambiental do nosso&#8230;<\/p>\n                                    <a href=\"https:\/\/lubricants.ncheurope.com\/pt-pt\/quem-somos\/sustentabilidade\/\" class=\"button button--secondary button--secondaryLubricants\">Saber mais<\/a>\n                                <\/div>\n                            <\/div>\n                                                                                                <div class=\"related-card max-w-full md:max-w-[calc(50%-4px)] lg:max-w-[calc(25%-8px)] w-full px-2 pt-2 pb-8 mr-0 md:odd:mr-2 lg:mr-2 mb-10 relative bg-white shadow-[0_10px_10px_0_rgba(109,106,112,0.15)] border border-primaryOffWhite\">\n                                <div class=\"blog-image relative bg-center bg-no-repeat bg-cover min-h-[216px] mb-6\" style=\"background-image: url('https:\/\/lubricants.ncheurope.com\/wp-content\/uploads\/2025\/06\/Lubricants-About-Us-Quality-and-Innovation.png')\"><\/div>\n                                <div class=\"flex flex-col items-start px-6\">\n                                    <h6 class=\"heading-6 text-secondaryLubricants z-10 relative !mb-4\">Carreiras<\/h6>\n                                    <p class=\"text-darkSm z-10 relative !mb-5\">Se procura uma oportunidade de vendas onde possa prosperar num ambiente caracterizado por vencer, divertimento e trabalho de equipa, a NCH Lubricants \u00e9 a escolha&hellip;<\/p>\n                                    <a href=\"https:\/\/lubricants.ncheurope.com\/en\/careers\/\" class=\"button button--secondary button--secondaryLubricants\">Candidate-se agora<\/a>\n                                <\/div>\n                            <\/div>\n                                                            <\/div>\n                        \n            <!-- End Related Cards Section -->\n        <\/div>\n\n    <\/div>","protected":false},"excerpt":{"rendered":"","protected":false},"author":3,"featured_media":0,"parent":63888,"menu_order":3,"comment_status":"closed","ping_status":"closed","template":"","meta":{"_acf_changed":false,"footnotes":""},"class_list":["post-64110","page","type-page","status-publish","hentry"],"acf":[],"yoast_head":"<!-- This site is optimized with the Yoast SEO Premium plugin v21.7 (Yoast SEO v27.2) - https:\/\/yoast.com\/product\/yoast-seo-premium-wordpress\/ -->\n<title>Lubrifica\u00e7\u00e3o global - NCH Lubricants<\/title>\n<meta name=\"robots\" content=\"index, follow, max-snippet:-1, max-image-preview:large, max-video-preview:-1\" \/>\n<link rel=\"canonical\" href=\"https:\/\/lubricants.ncheurope.com\/pt-pt\/quem-somos\/lubrificacao-global\/\" class=\"yoast-seo-meta-tag\" \/>\n<meta property=\"og:locale\" content=\"pt_PT\" class=\"yoast-seo-meta-tag\" \/>\n<meta property=\"og:type\" content=\"article\" class=\"yoast-seo-meta-tag\" \/>\n<meta property=\"og:title\" content=\"Lubrifica\u00e7\u00e3o global\" class=\"yoast-seo-meta-tag\" \/>\n<meta property=\"og:url\" content=\"https:\/\/lubricants.ncheurope.com\/pt-pt\/quem-somos\/lubrificacao-global\/\" class=\"yoast-seo-meta-tag\" \/>\n<meta property=\"og:site_name\" content=\"NCH Lubricants\" class=\"yoast-seo-meta-tag\" \/>\n<meta property=\"article:modified_time\" content=\"2025-10-06T14:14:00+00:00\" class=\"yoast-seo-meta-tag\" \/>\n<meta name=\"twitter:card\" content=\"summary_large_image\" class=\"yoast-seo-meta-tag\" \/>\n<script type=\"application\/ld+json\" class=\"yoast-schema-graph\">{\"@context\":\"https:\/\/schema.org\",\"@graph\":[{\"@type\":\"WebPage\",\"@id\":\"https:\/\/lubricants.ncheurope.com\/pt-pt\/quem-somos\/lubrificacao-global\/\",\"url\":\"https:\/\/lubricants.ncheurope.com\/pt-pt\/quem-somos\/lubrificacao-global\/\",\"name\":\"Lubrifica\u00e7\u00e3o global - NCH Lubricants\",\"isPartOf\":{\"@id\":\"https:\/\/lubricants.ncheurope.com\/sv\/#website\"},\"datePublished\":\"2025-02-21T19:16:02+00:00\",\"dateModified\":\"2025-10-06T14:14:00+00:00\",\"breadcrumb\":{\"@id\":\"https:\/\/lubricants.ncheurope.com\/pt-pt\/quem-somos\/lubrificacao-global\/#breadcrumb\"},\"inLanguage\":\"pt-PT\",\"potentialAction\":[{\"@type\":\"ReadAction\",\"target\":[\"https:\/\/lubricants.ncheurope.com\/pt-pt\/quem-somos\/lubrificacao-global\/\"]}]},{\"@type\":\"BreadcrumbList\",\"@id\":\"https:\/\/lubricants.ncheurope.com\/pt-pt\/quem-somos\/lubrificacao-global\/#breadcrumb\",\"itemListElement\":[{\"@type\":\"ListItem\",\"position\":1,\"name\":\"P\u00e1gina inicial\",\"item\":\"https:\/\/lubricants.ncheurope.com\/pt-pt\/\"},{\"@type\":\"ListItem\",\"position\":2,\"name\":\"Quem somos\",\"item\":\"https:\/\/lubricants.ncheurope.com\/pt-pt\/quem-somos\/\"},{\"@type\":\"ListItem\",\"position\":3,\"name\":\"Lubrifica\u00e7\u00e3o global\"}]},{\"@type\":\"WebSite\",\"@id\":\"https:\/\/lubricants.ncheurope.com\/sv\/#website\",\"url\":\"https:\/\/lubricants.ncheurope.com\/sv\/\",\"name\":\"NCH Lubricants\",\"description\":\"\",\"potentialAction\":[{\"@type\":\"SearchAction\",\"target\":{\"@type\":\"EntryPoint\",\"urlTemplate\":\"https:\/\/lubricants.ncheurope.com\/sv\/?s={search_term_string}\"},\"query-input\":{\"@type\":\"PropertyValueSpecification\",\"valueRequired\":true,\"valueName\":\"search_term_string\"}}],\"inLanguage\":\"pt-PT\"}]}<\/script>\n<!-- \/ Yoast SEO Premium plugin. -->","yoast_head_json":{"title":"Lubrifica\u00e7\u00e3o global - NCH Lubricants","robots":{"index":"index","follow":"follow","max-snippet":"max-snippet:-1","max-image-preview":"max-image-preview:large","max-video-preview":"max-video-preview:-1"},"canonical":"https:\/\/lubricants.ncheurope.com\/pt-pt\/quem-somos\/lubrificacao-global\/","og_locale":"pt_PT","og_type":"article","og_title":"Lubrifica\u00e7\u00e3o global","og_url":"https:\/\/lubricants.ncheurope.com\/pt-pt\/quem-somos\/lubrificacao-global\/","og_site_name":"NCH Lubricants","article_modified_time":"2025-10-06T14:14:00+00:00","twitter_card":"summary_large_image","schema":{"@context":"https:\/\/schema.org","@graph":[{"@type":"WebPage","@id":"https:\/\/lubricants.ncheurope.com\/pt-pt\/quem-somos\/lubrificacao-global\/","url":"https:\/\/lubricants.ncheurope.com\/pt-pt\/quem-somos\/lubrificacao-global\/","name":"Lubrifica\u00e7\u00e3o global - NCH Lubricants","isPartOf":{"@id":"https:\/\/lubricants.ncheurope.com\/sv\/#website"},"datePublished":"2025-02-21T19:16:02+00:00","dateModified":"2025-10-06T14:14:00+00:00","breadcrumb":{"@id":"https:\/\/lubricants.ncheurope.com\/pt-pt\/quem-somos\/lubrificacao-global\/#breadcrumb"},"inLanguage":"pt-PT","potentialAction":[{"@type":"ReadAction","target":["https:\/\/lubricants.ncheurope.com\/pt-pt\/quem-somos\/lubrificacao-global\/"]}]},{"@type":"BreadcrumbList","@id":"https:\/\/lubricants.ncheurope.com\/pt-pt\/quem-somos\/lubrificacao-global\/#breadcrumb","itemListElement":[{"@type":"ListItem","position":1,"name":"P\u00e1gina inicial","item":"https:\/\/lubricants.ncheurope.com\/pt-pt\/"},{"@type":"ListItem","position":2,"name":"Quem somos","item":"https:\/\/lubricants.ncheurope.com\/pt-pt\/quem-somos\/"},{"@type":"ListItem","position":3,"name":"Lubrifica\u00e7\u00e3o global"}]},{"@type":"WebSite","@id":"https:\/\/lubricants.ncheurope.com\/sv\/#website","url":"https:\/\/lubricants.ncheurope.com\/sv\/","name":"NCH Lubricants","description":"","potentialAction":[{"@type":"SearchAction","target":{"@type":"EntryPoint","urlTemplate":"https:\/\/lubricants.ncheurope.com\/sv\/?s={search_term_string}"},"query-input":{"@type":"PropertyValueSpecification","valueRequired":true,"valueName":"search_term_string"}}],"inLanguage":"pt-PT"}]}},"_links":{"self":[{"href":"https:\/\/lubricants.ncheurope.com\/pt-pt\/wp-json\/wp\/v2\/pages\/64110","targetHints":{"allow":["GET"]}}],"collection":[{"href":"https:\/\/lubricants.ncheurope.com\/pt-pt\/wp-json\/wp\/v2\/pages"}],"about":[{"href":"https:\/\/lubricants.ncheurope.com\/pt-pt\/wp-json\/wp\/v2\/types\/page"}],"author":[{"embeddable":true,"href":"https:\/\/lubricants.ncheurope.com\/pt-pt\/wp-json\/wp\/v2\/users\/3"}],"replies":[{"embeddable":true,"href":"https:\/\/lubricants.ncheurope.com\/pt-pt\/wp-json\/wp\/v2\/comments?post=64110"}],"version-history":[{"count":3,"href":"https:\/\/lubricants.ncheurope.com\/pt-pt\/wp-json\/wp\/v2\/pages\/64110\/revisions"}],"predecessor-version":[{"id":64124,"href":"https:\/\/lubricants.ncheurope.com\/pt-pt\/wp-json\/wp\/v2\/pages\/64110\/revisions\/64124"}],"up":[{"embeddable":true,"href":"https:\/\/lubricants.ncheurope.com\/pt-pt\/wp-json\/wp\/v2\/pages\/63888"}],"wp:attachment":[{"href":"https:\/\/lubricants.ncheurope.com\/pt-pt\/wp-json\/wp\/v2\/media?parent=64110"}],"curies":[{"name":"wp","href":"https:\/\/api.w.org\/{rel}","templated":true}]}}