{"id":64091,"date":"2025-02-21T20:56:49","date_gmt":"2025-02-21T20:56:49","guid":{"rendered":"https:\/\/lubricants.ncheurope.com\/politica-contra-a-escravatura-e-o-trafico-de-seres-humanos\/"},"modified":"2025-10-03T14:21:01","modified_gmt":"2025-10-03T14:21:01","slug":"politica-contra-a-escravatura-e-o-trafico-de-seres-humanos","status":"publish","type":"page","link":"https:\/\/lubricants.ncheurope.com\/pt-pt\/politica-contra-a-escravatura-e-o-trafico-de-seres-humanos\/","title":{"rendered":"Pol\u00edtica contra a escravatura e o tr\u00e1fico de seres humanos"},"content":{"rendered":"\n<div class=\"internal-banner-block relative secondaryLubricants enchimentoBottomMedium bg-no-repeat pt-[110px] lg:pt-[160px] bg-white bg-[url('assets\/images\/background-shape.png')] bg-right-bottom bg-contain\" >\n        <div class=\"container relative z-10\">\n        <div class=\"breadcrumb-container mb-[60px] lg:mb-[103px] hidden md:block\">\n            <p class=\"text-darkXs !mb-0 !text-[12px] flex flex-row items-center\">You are here: <a class=\"!font-regular mx-2 hover:underline\" href=\"https:\/\/lubricants.ncheurope.com\/pt-pt\/\">In\u00edcio<\/a> \/ <span class=\"ml-2 font-semibold\">Pol\u00edtica contra a escravatura e o tr\u00e1fico de seres humanos<\/span><\/p>\n        <\/div>\n\n        <div class=\"content-container flex flex-col-reverse md:flex-row flex-wrap justify-between\">\n\n                            <div class=\"text-container md:basis-10\/12\">\n                    <h1 class=\"heading-1 text-secondaryLubricants\">Pol\u00edtica contra a escravatura e o tr\u00e1fico de seres humanos<\/h1>                                                        <\/div>\n                    <\/div>\n    <\/div>\n<\/div>\n<div class=\"accordion-block relative secondaryLubricants enchimentoTopLarge paddingBottomLarge bg-primaryOffWhite\">\n    <div class=\"container flex flex-row flex-wrap\">\n        \n        <!-- Accordion Start -->       \n                    <div class=\"accordion-container flex flex-row flex-wrap basis-full\">     \n                                <div class=\"accordion-item border border-primaryOffWhite bg-white basis-full mb-2\">\n                    <div class=\"accordion-header hover:cursor-pointer py-[28px] px-[40px] flex flex-row justify-between items-center\">\n                        <h5 class=\"text-secondaryLubricants heading-5 !mb-0\">DECLARA\u00c7\u00c3O DE POL\u00cdTICA<\/h5>\n                        <i class=\"bg-[url('assets\/images\/upwards-arrow-white.png')] bg-center bg-[length:11px_11px] bg-no-repeat bg-secondaryLubricants block rounded-full min-w-[30px] w-[30px] h-[30px] rotate-[135deg]\"><\/i>\n                    <\/div>\n\n                    <div class=\"accordion-content hidden pb-[28px] px-[40px]\">\n                        <p class=\"text-darkBase !mb-0\"><p>A escravatura moderna \u00e9 um crime e uma viola\u00e7\u00e3o dos direitos humanos fundamentais. Assume v\u00e1rias formas, como a escravatura, a servid\u00e3o, o trabalho for\u00e7ado e obrigat\u00f3rio e o tr\u00e1fico de seres humanos, todas elas tendo em comum a priva\u00e7\u00e3o da liberdade de uma pessoa por outra com o objetivo de a explorar para ganho pessoal ou comercial. A NCH Corporation e as suas subsidi\u00e1rias (coletivamente, &#8220;NCH&#8221;, &#8220;n\u00f3s&#8221; ou &#8220;nosso&#8221;) t\u00eam uma abordagem de toler\u00e2ncia zero \u00e0 escravatura moderna e estamos empenhados em agir de forma \u00e9tica e \u00edntegra em todas as nossas transac\u00e7\u00f5es e rela\u00e7\u00f5es comerciais e em implementar e aplicar sistemas e controlos eficazes para garantir que a escravatura moderna n\u00e3o ocorre em nenhuma parte da nossa atividade ou em nenhuma das nossas cadeias de fornecimento.  <\/p>\n<p>A NCH tamb\u00e9m est\u00e1 empenhada em garantir que haja transpar\u00eancia no nosso pr\u00f3prio neg\u00f3cio e na nossa abordagem para combater a escravatura moderna em todas as nossas cadeias de fornecimento, de acordo com as nossas obriga\u00e7\u00f5es de divulga\u00e7\u00e3o ao abrigo da Lei da Escravatura Moderna do Reino Unido de 2015. Esperamos os mesmos padr\u00f5es elevados de todos os nossos empreiteiros, fornecedores e outros parceiros comerciais e, como parte dos nossos processos de contrata\u00e7\u00e3o, inclu\u00edmos proibi\u00e7\u00f5es espec\u00edficas contra a utiliza\u00e7\u00e3o de trabalho for\u00e7ado, obrigat\u00f3rio ou traficado, ou de qualquer pessoa mantida em escravatura ou servid\u00e3o, quer sejam adultos ou crian\u00e7as, e esperamos que os nossos fornecedores mantenham os seus pr\u00f3prios fornecedores nos mesmos padr\u00f5es elevados. <\/p>\n<p>Esta pol\u00edtica aplica-se a todas as pessoas que trabalham para n\u00f3s ou em nosso nome, seja qual for a sua capacidade, incluindo funcion\u00e1rios a todos os n\u00edveis, diretores, administradores, trabalhadores de ag\u00eancias, trabalhadores destacados, volunt\u00e1rios, estagi\u00e1rios, agentes, contratantes, consultores externos, representantes de terceiros e parceiros comerciais.<\/p>\n<p>Esta pol\u00edtica n\u00e3o faz parte do contrato de trabalho de nenhum funcion\u00e1rio e pode ser alterada ocasionalmente.<\/p>\n<\/p>\n                                            <\/div>\n                <\/div>\n\n                                <div class=\"accordion-item border border-primaryOffWhite bg-white basis-full mb-2\">\n                    <div class=\"accordion-header hover:cursor-pointer py-[28px] px-[40px] flex flex-row justify-between items-center\">\n                        <h5 class=\"text-secondaryLubricants heading-5 !mb-0\">RESPONSABILIDADE PELA POL\u00cdTICA<\/h5>\n                        <i class=\"bg-[url('assets\/images\/upwards-arrow-white.png')] bg-center bg-[length:11px_11px] bg-no-repeat bg-secondaryLubricants block rounded-full min-w-[30px] w-[30px] h-[30px] rotate-[135deg]\"><\/i>\n                    <\/div>\n\n                    <div class=\"accordion-content hidden pb-[28px] px-[40px]\">\n                        <p class=\"text-darkBase !mb-0\"><p>O conselho de administra\u00e7\u00e3o tem a responsabilidade geral de garantir que esta pol\u00edtica est\u00e1 em conformidade com as nossas obriga\u00e7\u00f5es legais e \u00e9ticas e que todos os que est\u00e3o sob o seu controlo a cumprem.<\/p>\n<p>A Equipa Jur\u00eddica da NCH e os Chefes da Cadeia de Fornecimento s\u00e3o os principais respons\u00e1veis pela implementa\u00e7\u00e3o desta pol\u00edtica, pela monitoriza\u00e7\u00e3o da sua utiliza\u00e7\u00e3o e efic\u00e1cia, pelo tratamento de quaisquer quest\u00f5es relacionadas com a mesma e pela auditoria dos sistemas e procedimentos de controlo interno para garantir que s\u00e3o eficazes no combate \u00e0 escravatura moderna.<\/p>\n<p>A dire\u00e7\u00e3o, a todos os n\u00edveis, \u00e9 respons\u00e1vel por garantir que os seus subordinados compreendem e cumprem esta pol\u00edtica e recebem forma\u00e7\u00e3o adequada e regular sobre a mesma e sobre a quest\u00e3o da escravatura moderna nas cadeias de abastecimento.<\/p>\n<p>\u00c9s convidado a comentar esta pol\u00edtica e a sugerir formas de a melhorar. Os coment\u00e1rios, sugest\u00f5es e quest\u00f5es s\u00e3o encorajados e devem ser enviados para compliance@nch.com. <\/p>\n<\/p>\n                                            <\/div>\n                <\/div>\n\n                                <div class=\"accordion-item border border-primaryOffWhite bg-white basis-full mb-2\">\n                    <div class=\"accordion-header hover:cursor-pointer py-[28px] px-[40px] flex flex-row justify-between items-center\">\n                        <h5 class=\"text-secondaryLubricants heading-5 !mb-0\">CUMPRIMENTO DA POL\u00cdTICA<\/h5>\n                        <i class=\"bg-[url('assets\/images\/upwards-arrow-white.png')] bg-center bg-[length:11px_11px] bg-no-repeat bg-secondaryLubricants block rounded-full min-w-[30px] w-[30px] h-[30px] rotate-[135deg]\"><\/i>\n                    <\/div>\n\n                    <div class=\"accordion-content hidden pb-[28px] px-[40px]\">\n                        <p class=\"text-darkBase !mb-0\"><p>Deves certificar-te de que l\u00eas, compreendes e cumpres esta pol\u00edtica. A preven\u00e7\u00e3o, dete\u00e7\u00e3o e comunica\u00e7\u00e3o da escravatura moderna em qualquer parte da nossa atividade ou cadeias de abastecimento \u00e9 da responsabilidade de todos os que trabalham para n\u00f3s ou sob o nosso controlo. Tens de evitar qualquer atividade que possa levar a, ou sugerir, uma viola\u00e7\u00e3o desta pol\u00edtica.  <\/p>\n<p>Deves notificar o teu superior hier\u00e1rquico, o teu contacto comercial principal ou a linha de apoio confidencial 001-888-471-4033 o mais rapidamente poss\u00edvel se acreditares ou suspeitares que ocorreu ou poder\u00e1 ocorrer no futuro um conflito com esta pol\u00edtica.<\/p>\n<p>Encorajamos-te a levantar preocupa\u00e7\u00f5es sobre qualquer quest\u00e3o ou suspeita de escravatura moderna em qualquer parte da nossa atividade ou nas cadeias de abastecimento de qualquer n\u00edvel de fornecedor o mais cedo poss\u00edvel.<\/p>\n<p>Se acreditas ou suspeitas que ocorreu ou pode ocorrer uma viola\u00e7\u00e3o desta pol\u00edtica, deves notificar o respons\u00e1vel global pela conformidade atrav\u00e9s do e-mail compliance@nch.com ou comunic\u00e1-la de acordo com a nossa Pol\u00edtica de Den\u00fancias o mais rapidamente poss\u00edvel.<\/p>\n<p>Se n\u00e3o tiveres a certeza de que um determinado ato, o tratamento dos trabalhadores em geral ou as suas condi\u00e7\u00f5es de trabalho em qualquer n\u00edvel das nossas cadeias de abastecimento constitui uma das v\u00e1rias formas de escravatura moderna, coloca a quest\u00e3o ao respons\u00e1vel global pela conformidade ou atrav\u00e9s da linha de apoio confidencial.<\/p>\n<p>O nosso objetivo \u00e9 encorajar a abertura e apoiaremos qualquer pessoa que levante preocupa\u00e7\u00f5es genu\u00ednas de boa f\u00e9 ao abrigo desta pol\u00edtica, mesmo que se revele estar enganada. Comprometemo-nos a garantir que ningu\u00e9m sofra qualquer tratamento prejudicial como resultado da comunica\u00e7\u00e3o de boa f\u00e9 da sua suspeita de que a escravatura moderna, qualquer que seja a sua forma, est\u00e1 ou pode estar a ocorrer em qualquer parte do nosso neg\u00f3cio ou em qualquer uma das nossas cadeias de fornecimento. O tratamento prejudicial inclui despedimento, a\u00e7\u00e3o disciplinar, amea\u00e7as ou outro tratamento desfavor\u00e1vel relacionado com a comunica\u00e7\u00e3o de uma preocupa\u00e7\u00e3o. Se acreditas ter sofrido um tratamento deste tipo, deves informar imediatamente a equipa de RH ou o respons\u00e1vel global pela conformidade. Se a quest\u00e3o n\u00e3o for resolvida, e se fores um trabalhador, deves apresent\u00e1-la formalmente utilizando o Procedimento de Queixas do pa\u00eds relevante.    <\/p>\n<\/p>\n                                            <\/div>\n                <\/div>\n\n                                <div class=\"accordion-item border border-primaryOffWhite bg-white basis-full mb-2\">\n                    <div class=\"accordion-header hover:cursor-pointer py-[28px] px-[40px] flex flex-row justify-between items-center\">\n                        <h5 class=\"text-secondaryLubricants heading-5 !mb-0\">COMUNICA\u00c7\u00c3O E SENSIBILIZA\u00c7\u00c3O PARA ESTA POL\u00cdTICA<\/h5>\n                        <i class=\"bg-[url('assets\/images\/upwards-arrow-white.png')] bg-center bg-[length:11px_11px] bg-no-repeat bg-secondaryLubricants block rounded-full min-w-[30px] w-[30px] h-[30px] rotate-[135deg]\"><\/i>\n                    <\/div>\n\n                    <div class=\"accordion-content hidden pb-[28px] px-[40px]\">\n                        <p class=\"text-darkBase !mb-0\"><p>A forma\u00e7\u00e3o sobre esta pol\u00edtica e sobre o risco que a nossa empresa enfrenta em rela\u00e7\u00e3o \u00e0 escravatura moderna nas suas cadeias de abastecimento faz parte do processo de indu\u00e7\u00e3o de todos os indiv\u00edduos que trabalham para n\u00f3s, e ser\u00e1 ministrada forma\u00e7\u00e3o regular, conforme necess\u00e1rio.<\/p>\n<p>A nossa abordagem de toler\u00e2ncia zero \u00e0 escravatura moderna na nossa empresa e nas cadeias de abastecimento deve ser comunicada a todos os fornecedores, contratantes e parceiros comerciais no in\u00edcio da nossa rela\u00e7\u00e3o comercial com eles e refor\u00e7ada posteriormente, conforme adequado.<\/p>\n<\/p>\n                                            <\/div>\n                <\/div>\n\n                                <div class=\"accordion-item border border-primaryOffWhite bg-white basis-full mb-2\">\n                    <div class=\"accordion-header hover:cursor-pointer py-[28px] px-[40px] flex flex-row justify-between items-center\">\n                        <h5 class=\"text-secondaryLubricants heading-5 !mb-0\">INFRAC\u00c7\u00d5ES A ESTA POL\u00cdTICA<\/h5>\n                        <i class=\"bg-[url('assets\/images\/upwards-arrow-white.png')] bg-center bg-[length:11px_11px] bg-no-repeat bg-secondaryLubricants block rounded-full min-w-[30px] w-[30px] h-[30px] rotate-[135deg]\"><\/i>\n                    <\/div>\n\n                    <div class=\"accordion-content hidden pb-[28px] px-[40px]\">\n                        <p class=\"text-darkBase !mb-0\"><p>Qualquer funcion\u00e1rio que viole esta pol\u00edtica enfrentar\u00e1 uma a\u00e7\u00e3o disciplinar, que poder\u00e1 resultar numa a\u00e7\u00e3o formal que pode ir at\u00e9 ao despedimento.<\/p>\n<p>Reservamo-nos o direito de terminar a nossa rela\u00e7\u00e3o com outros indiv\u00edduos e organiza\u00e7\u00f5es que trabalhem em nosso nome se violarem esta pol\u00edtica.<\/p>\n<\/p>\n                                            <\/div>\n                <\/div>\n\n                            <\/div>\n                <!-- Accordion End -->\n    <\/div>\n<\/div>","protected":false},"excerpt":{"rendered":"","protected":false},"author":1,"featured_media":0,"parent":0,"menu_order":0,"comment_status":"closed","ping_status":"closed","template":"","meta":{"_acf_changed":false,"footnotes":""},"class_list":["post-64091","page","type-page","status-publish","hentry"],"acf":[],"yoast_head":"<!-- This site is optimized with the Yoast SEO Premium plugin v21.7 (Yoast SEO v27.2) - https:\/\/yoast.com\/product\/yoast-seo-premium-wordpress\/ -->\n<title>Pol\u00edtica contra a escravatura e o tr\u00e1fico de seres humanos - NCH Lubricants<\/title>\n<meta name=\"robots\" content=\"index, follow, max-snippet:-1, max-image-preview:large, max-video-preview:-1\" \/>\n<link rel=\"canonical\" href=\"https:\/\/lubricants.ncheurope.com\/pt-pt\/politica-contra-a-escravatura-e-o-trafico-de-seres-humanos\/\" class=\"yoast-seo-meta-tag\" \/>\n<meta property=\"og:locale\" content=\"pt_PT\" class=\"yoast-seo-meta-tag\" \/>\n<meta property=\"og:type\" content=\"article\" class=\"yoast-seo-meta-tag\" \/>\n<meta property=\"og:title\" content=\"Pol\u00edtica contra a escravatura e o tr\u00e1fico de seres humanos\" class=\"yoast-seo-meta-tag\" \/>\n<meta property=\"og:url\" content=\"https:\/\/lubricants.ncheurope.com\/pt-pt\/politica-contra-a-escravatura-e-o-trafico-de-seres-humanos\/\" class=\"yoast-seo-meta-tag\" \/>\n<meta property=\"og:site_name\" content=\"NCH Lubricants\" class=\"yoast-seo-meta-tag\" \/>\n<meta property=\"article:modified_time\" content=\"2025-10-03T14:21:01+00:00\" class=\"yoast-seo-meta-tag\" \/>\n<meta name=\"twitter:card\" content=\"summary_large_image\" class=\"yoast-seo-meta-tag\" \/>\n<script type=\"application\/ld+json\" class=\"yoast-schema-graph\">{\"@context\":\"https:\/\/schema.org\",\"@graph\":[{\"@type\":\"WebPage\",\"@id\":\"https:\/\/lubricants.ncheurope.com\/pt-pt\/politica-contra-a-escravatura-e-o-trafico-de-seres-humanos\/\",\"url\":\"https:\/\/lubricants.ncheurope.com\/pt-pt\/politica-contra-a-escravatura-e-o-trafico-de-seres-humanos\/\",\"name\":\"Pol\u00edtica contra a escravatura e o tr\u00e1fico de seres humanos - NCH Lubricants\",\"isPartOf\":{\"@id\":\"https:\/\/lubricants.ncheurope.com\/sv\/#website\"},\"datePublished\":\"2025-02-21T20:56:49+00:00\",\"dateModified\":\"2025-10-03T14:21:01+00:00\",\"breadcrumb\":{\"@id\":\"https:\/\/lubricants.ncheurope.com\/pt-pt\/politica-contra-a-escravatura-e-o-trafico-de-seres-humanos\/#breadcrumb\"},\"inLanguage\":\"pt-PT\",\"potentialAction\":[{\"@type\":\"ReadAction\",\"target\":[\"https:\/\/lubricants.ncheurope.com\/pt-pt\/politica-contra-a-escravatura-e-o-trafico-de-seres-humanos\/\"]}]},{\"@type\":\"BreadcrumbList\",\"@id\":\"https:\/\/lubricants.ncheurope.com\/pt-pt\/politica-contra-a-escravatura-e-o-trafico-de-seres-humanos\/#breadcrumb\",\"itemListElement\":[{\"@type\":\"ListItem\",\"position\":1,\"name\":\"P\u00e1gina inicial\",\"item\":\"https:\/\/lubricants.ncheurope.com\/pt-pt\/\"},{\"@type\":\"ListItem\",\"position\":2,\"name\":\"Pol\u00edtica contra a escravatura e o tr\u00e1fico de seres humanos\"}]},{\"@type\":\"WebSite\",\"@id\":\"https:\/\/lubricants.ncheurope.com\/sv\/#website\",\"url\":\"https:\/\/lubricants.ncheurope.com\/sv\/\",\"name\":\"NCH Lubricants\",\"description\":\"\",\"potentialAction\":[{\"@type\":\"SearchAction\",\"target\":{\"@type\":\"EntryPoint\",\"urlTemplate\":\"https:\/\/lubricants.ncheurope.com\/sv\/?s={search_term_string}\"},\"query-input\":{\"@type\":\"PropertyValueSpecification\",\"valueRequired\":true,\"valueName\":\"search_term_string\"}}],\"inLanguage\":\"pt-PT\"}]}<\/script>\n<!-- \/ Yoast SEO Premium plugin. -->","yoast_head_json":{"title":"Pol\u00edtica contra a escravatura e o tr\u00e1fico de seres humanos - NCH Lubricants","robots":{"index":"index","follow":"follow","max-snippet":"max-snippet:-1","max-image-preview":"max-image-preview:large","max-video-preview":"max-video-preview:-1"},"canonical":"https:\/\/lubricants.ncheurope.com\/pt-pt\/politica-contra-a-escravatura-e-o-trafico-de-seres-humanos\/","og_locale":"pt_PT","og_type":"article","og_title":"Pol\u00edtica contra a escravatura e o tr\u00e1fico de seres humanos","og_url":"https:\/\/lubricants.ncheurope.com\/pt-pt\/politica-contra-a-escravatura-e-o-trafico-de-seres-humanos\/","og_site_name":"NCH Lubricants","article_modified_time":"2025-10-03T14:21:01+00:00","twitter_card":"summary_large_image","schema":{"@context":"https:\/\/schema.org","@graph":[{"@type":"WebPage","@id":"https:\/\/lubricants.ncheurope.com\/pt-pt\/politica-contra-a-escravatura-e-o-trafico-de-seres-humanos\/","url":"https:\/\/lubricants.ncheurope.com\/pt-pt\/politica-contra-a-escravatura-e-o-trafico-de-seres-humanos\/","name":"Pol\u00edtica contra a escravatura e o tr\u00e1fico de seres humanos - NCH Lubricants","isPartOf":{"@id":"https:\/\/lubricants.ncheurope.com\/sv\/#website"},"datePublished":"2025-02-21T20:56:49+00:00","dateModified":"2025-10-03T14:21:01+00:00","breadcrumb":{"@id":"https:\/\/lubricants.ncheurope.com\/pt-pt\/politica-contra-a-escravatura-e-o-trafico-de-seres-humanos\/#breadcrumb"},"inLanguage":"pt-PT","potentialAction":[{"@type":"ReadAction","target":["https:\/\/lubricants.ncheurope.com\/pt-pt\/politica-contra-a-escravatura-e-o-trafico-de-seres-humanos\/"]}]},{"@type":"BreadcrumbList","@id":"https:\/\/lubricants.ncheurope.com\/pt-pt\/politica-contra-a-escravatura-e-o-trafico-de-seres-humanos\/#breadcrumb","itemListElement":[{"@type":"ListItem","position":1,"name":"P\u00e1gina inicial","item":"https:\/\/lubricants.ncheurope.com\/pt-pt\/"},{"@type":"ListItem","position":2,"name":"Pol\u00edtica contra a escravatura e o tr\u00e1fico de seres humanos"}]},{"@type":"WebSite","@id":"https:\/\/lubricants.ncheurope.com\/sv\/#website","url":"https:\/\/lubricants.ncheurope.com\/sv\/","name":"NCH Lubricants","description":"","potentialAction":[{"@type":"SearchAction","target":{"@type":"EntryPoint","urlTemplate":"https:\/\/lubricants.ncheurope.com\/sv\/?s={search_term_string}"},"query-input":{"@type":"PropertyValueSpecification","valueRequired":true,"valueName":"search_term_string"}}],"inLanguage":"pt-PT"}]}},"_links":{"self":[{"href":"https:\/\/lubricants.ncheurope.com\/pt-pt\/wp-json\/wp\/v2\/pages\/64091","targetHints":{"allow":["GET"]}}],"collection":[{"href":"https:\/\/lubricants.ncheurope.com\/pt-pt\/wp-json\/wp\/v2\/pages"}],"about":[{"href":"https:\/\/lubricants.ncheurope.com\/pt-pt\/wp-json\/wp\/v2\/types\/page"}],"author":[{"embeddable":true,"href":"https:\/\/lubricants.ncheurope.com\/pt-pt\/wp-json\/wp\/v2\/users\/1"}],"replies":[{"embeddable":true,"href":"https:\/\/lubricants.ncheurope.com\/pt-pt\/wp-json\/wp\/v2\/comments?post=64091"}],"version-history":[{"count":1,"href":"https:\/\/lubricants.ncheurope.com\/pt-pt\/wp-json\/wp\/v2\/pages\/64091\/revisions"}],"predecessor-version":[{"id":64093,"href":"https:\/\/lubricants.ncheurope.com\/pt-pt\/wp-json\/wp\/v2\/pages\/64091\/revisions\/64093"}],"wp:attachment":[{"href":"https:\/\/lubricants.ncheurope.com\/pt-pt\/wp-json\/wp\/v2\/media?parent=64091"}],"curies":[{"name":"wp","href":"https:\/\/api.w.org\/{rel}","templated":true}]}}