{"id":61541,"date":"2025-02-19T16:22:44","date_gmt":"2025-02-19T16:22:44","guid":{"rendered":"https:\/\/nchdev-3ittg.projectbeta.co.uk\/takk-skal-du-ha\/"},"modified":"2025-09-05T12:36:17","modified_gmt":"2025-09-05T12:36:17","slug":"takk-skal-du-ha","status":"publish","type":"page","link":"https:\/\/lubricants.ncheurope.com\/no\/takk-skal-du-ha\/","title":{"rendered":"Takk skal du ha"},"content":{"rendered":"\n<div class=\"internal-banner-block relative secondaryLubricants paddingBottomLarge bg-no-repeat pt-[110px] lg:pt-[160px] bg-white bg-[url('assets\/images\/background-shape.png')] bg-right-bottom bg-contain\" >\n        <div class=\"container relative z-10\">\n        <div class=\"breadcrumb-container mb-[60px] lg:mb-[103px] hidden md:block\">\n            <p class=\"text-darkXs !mb-0 !text-[12px] flex flex-row items-center\">You are here: <a class=\"!font-regular mx-2 hover:underline\" href=\"https:\/\/lubricants.ncheurope.com\/no\/\">Hjem<\/a> \/ <span class=\"ml-2 font-semibold\">Takk skal du ha<\/span><\/p>\n        <\/div>\n\n        <div class=\"content-container flex flex-col-reverse md:flex-row flex-wrap justify-between\">\n\n                            <div class=\"text-container md:basis-10\/12\">\n                    <h1 class=\"heading-1 text-secondaryLubricants\">Takk for at du kontaktet NCH Lubricants<\/h1>                    <div class=\"wysiwyg-container text-dark !mb-0 max-w-[768px]\"><p>Et medlem av teamet v\u00e5rt tar kontakt med deg innen kort tid. Hvis du trenger \u00e5 snakke med noen raskt, kan du g\u00e5 til kontaktsiden v\u00e5r for en fullstendig liste over telefonnumre og e-postadresser.   <\/p>\n<\/div>                                            <a href=\"https:\/\/lubricants.ncheurope.com\/no\/kontakt-oss\/\" class=\"button button--secondaryLubricants mt-[32px]\">Kontakt oss  <\/a>\n                                    <\/div>\n                    <\/div>\n    <\/div>\n<\/div>\n\n\n    <div class=\"related-cards-block box-content relative bg-primaryOffWhite paddingTopLarge paddingBottomLarge secondaryLubricants\">\n        <div class=\"container flex flex-col\">\n            <!-- Start Text Section -->\n            <div class=\"flex flex-row flex-wrap justify-between items-end relative z-10 pb-[60px]\">\n                <h2 class=\"heading-2 basis-full text-secondaryLubricants\">Det er mer \u00e5 utforske<\/h2>                <p class=\"text-darkBase basis-full lg:basis-8\/12 !mb-0\">Vi er den p\u00e5litelige sm\u00f8remiddelleverand\u00f8ren og servicepartneren for tusenvis av virksomheter over hele verden. Vi st\u00f8tter et bredt spekter av bransjer med sm\u00f8reprodukter av h\u00f8y kvalitet, fra sm\u00e5, uavhengige selskaper til store industrielle produksjonsanlegg. <\/p>                                    <a href=\"https:\/\/lubricants.ncheurope.com\/no\" class=\"button button--secondaryLubricants hover:bg-secondaryLubricants hover:text-white relative mt-[24px] lg:mt-0\">Utforsk mer<\/a>\n                            <\/div>\n            <!-- End Text Section -->\n            \n            <!-- Start Related Cards Section -->\n            \n                            <div class=\" flex flex-row flex-wrap\">\n                                                                        <div class=\"related-card max-w-full md:max-w-[calc(50%-4px)] lg:max-w-[calc(25%-8px)] w-full px-2 pt-2 pb-8 mr-0 md:odd:mr-2 lg:mr-2 mb-10 relative bg-white shadow-[0_10px_10px_0_rgba(109,106,112,0.15)] border border-primaryOffWhite\">\n                                <div class=\"blog-image relative bg-center bg-no-repeat bg-cover min-h-[216px] mb-6\" style=\"background-image: url('https:\/\/lubricants.ncheurope.com\/wp-content\/uploads\/2025\/06\/Construction-drop-down-menu.jpg')\"><\/div>\n                                <div class=\"flex flex-col items-start px-6\">\n                                    <h6 class=\"heading-6 text-secondaryLubricants z-10 relative !mb-4\">Industrier<\/h6>\n                                    <p class=\"text-darkSm z-10 relative !mb-5\">Vi leverer skreddersydde sm\u00f8remiddell\u00f8sninger for topp ytelse, og vi har tillit p\u00e5 tvers av bransjer.<\/p>\n                                    <a href=\"https:\/\/lubricants.ncheurope.com\/no\/industrier\/\" class=\"button button--secondary button--secondaryLubricants\">Utforsk alt<\/a>\n                                <\/div>\n                            <\/div>\n                                                                                                <div class=\"related-card max-w-full md:max-w-[calc(50%-4px)] lg:max-w-[calc(25%-8px)] w-full px-2 pt-2 pb-8 mr-0 md:odd:mr-2 lg:mr-2 mb-10 relative bg-white shadow-[0_10px_10px_0_rgba(109,106,112,0.15)] border border-primaryOffWhite\">\n                                <div class=\"blog-image relative bg-center bg-no-repeat bg-cover min-h-[216px] mb-6\" style=\"background-image: url('https:\/\/lubricants.ncheurope.com\/wp-content\/uploads\/2025\/06\/Lubricants-About-Us-who-we-are.jpg')\"><\/div>\n                                <div class=\"flex flex-col items-start px-6\">\n                                    <h6 class=\"heading-6 text-secondaryLubricants z-10 relative !mb-4\">Produkter<\/h6>\n                                    <p class=\"text-darkSm z-10 relative !mb-5\">Fra fett til oljer, fra drivstoffprogrammer til spesialaerosoler &#8211; NCH Lubricants har det du trenger.<\/p>\n                                    <a href=\"https:\/\/lubricants.ncheurope.com\/no\/produkter\/\" class=\"button button--secondary button--secondaryLubricants\">Ta en titt<\/a>\n                                <\/div>\n                            <\/div>\n                                                                                                <div class=\"related-card max-w-full md:max-w-[calc(50%-4px)] lg:max-w-[calc(25%-8px)] w-full px-2 pt-2 pb-8 mr-0 md:odd:mr-2 lg:mr-2 mb-10 relative bg-white shadow-[0_10px_10px_0_rgba(109,106,112,0.15)] border border-primaryOffWhite\">\n                                <div class=\"blog-image relative bg-center bg-no-repeat bg-cover min-h-[216px] mb-6\" style=\"background-image: url('https:\/\/lubricants.ncheurope.com\/wp-content\/uploads\/2025\/09\/products-and-services-tab.jpg')\"><\/div>\n                                <div class=\"flex flex-col items-start px-6\">\n                                    <h6 class=\"heading-6 text-secondaryLubricants z-10 relative !mb-4\">Programmer med merverdi<\/h6>\n                                    <p class=\"text-darkSm z-10 relative !mb-5\">Vi tilbyr alt virksomheten din trenger for \u00e5 maksimere potensialet i sm\u00f8remiddelprogrammene dine.<\/p>\n                                    <a href=\"https:\/\/lubricants.ncheurope.com\/no\/programmer-med-merverdi\/\" class=\"button button--secondary button--secondaryLubricants\">L\u00e6r mer<\/a>\n                                <\/div>\n                            <\/div>\n                                                                                                <div class=\"related-card max-w-full md:max-w-[calc(50%-4px)] lg:max-w-[calc(25%-8px)] w-full px-2 pt-2 pb-8 mr-0 md:odd:mr-2 lg:mr-2 mb-10 relative bg-white shadow-[0_10px_10px_0_rgba(109,106,112,0.15)] border border-primaryOffWhite\">\n                                <div class=\"blog-image relative bg-center bg-no-repeat bg-cover min-h-[216px] mb-6\" style=\"background-image: url('https:\/\/lubricants.ncheurope.com\/wp-content\/uploads\/2025\/06\/Lubricants-About-Us-Quality-and-Innovation.png')\"><\/div>\n                                <div class=\"flex flex-col items-start px-6\">\n                                    <h6 class=\"heading-6 text-secondaryLubricants z-10 relative !mb-4\">Karriere<\/h6>\n                                    <p class=\"text-darkSm z-10 relative !mb-5\">Vil du jobbe med NCH Lubricants? Finn de nyeste stillingene og start karrieren din hos oss.<\/p>\n                                    <a href=\"https:\/\/lubricants.ncheurope.com\/no\/karriere\/\" class=\"button button--secondary button--secondaryLubricants\">S\u00f8k n\u00e5  <\/a>\n                                <\/div>\n                            <\/div>\n                                                            <\/div>\n                        \n            <!-- End Related Cards Section -->\n        <\/div>\n\n    <\/div>","protected":false},"excerpt":{"rendered":"","protected":false},"author":2,"featured_media":0,"parent":0,"menu_order":0,"comment_status":"closed","ping_status":"closed","template":"","meta":{"_acf_changed":false,"footnotes":""},"class_list":["post-61541","page","type-page","status-publish","hentry"],"acf":[],"yoast_head":"<!-- This site is optimized with the Yoast SEO Premium plugin v21.7 (Yoast SEO v27.2) - https:\/\/yoast.com\/product\/yoast-seo-premium-wordpress\/ -->\n<title>Takk skal du ha - NCH Lubricants<\/title>\n<meta name=\"robots\" content=\"index, follow, max-snippet:-1, max-image-preview:large, max-video-preview:-1\" \/>\n<link rel=\"canonical\" href=\"https:\/\/lubricants.ncheurope.com\/no\/takk-skal-du-ha\/\" class=\"yoast-seo-meta-tag\" \/>\n<meta property=\"og:locale\" content=\"nb_NO\" class=\"yoast-seo-meta-tag\" \/>\n<meta property=\"og:type\" content=\"article\" class=\"yoast-seo-meta-tag\" \/>\n<meta property=\"og:title\" content=\"Takk skal du ha\" class=\"yoast-seo-meta-tag\" \/>\n<meta property=\"og:url\" content=\"https:\/\/lubricants.ncheurope.com\/no\/takk-skal-du-ha\/\" class=\"yoast-seo-meta-tag\" \/>\n<meta property=\"og:site_name\" content=\"NCH Lubricants\" class=\"yoast-seo-meta-tag\" \/>\n<meta property=\"article:modified_time\" content=\"2025-09-05T12:36:17+00:00\" class=\"yoast-seo-meta-tag\" \/>\n<meta name=\"twitter:card\" content=\"summary_large_image\" class=\"yoast-seo-meta-tag\" \/>\n<script type=\"application\/ld+json\" class=\"yoast-schema-graph\">{\"@context\":\"https:\/\/schema.org\",\"@graph\":[{\"@type\":\"WebPage\",\"@id\":\"https:\/\/lubricants.ncheurope.com\/no\/takk-skal-du-ha\/\",\"url\":\"https:\/\/lubricants.ncheurope.com\/no\/takk-skal-du-ha\/\",\"name\":\"Takk skal du ha - NCH Lubricants\",\"isPartOf\":{\"@id\":\"https:\/\/lubricants.ncheurope.com\/sv\/#website\"},\"datePublished\":\"2025-02-19T16:22:44+00:00\",\"dateModified\":\"2025-09-05T12:36:17+00:00\",\"breadcrumb\":{\"@id\":\"https:\/\/lubricants.ncheurope.com\/no\/takk-skal-du-ha\/#breadcrumb\"},\"inLanguage\":\"nb-NO\",\"potentialAction\":[{\"@type\":\"ReadAction\",\"target\":[\"https:\/\/lubricants.ncheurope.com\/no\/takk-skal-du-ha\/\"]}]},{\"@type\":\"BreadcrumbList\",\"@id\":\"https:\/\/lubricants.ncheurope.com\/no\/takk-skal-du-ha\/#breadcrumb\",\"itemListElement\":[{\"@type\":\"ListItem\",\"position\":1,\"name\":\"Home\",\"item\":\"https:\/\/lubricants.ncheurope.com\/no\/\"},{\"@type\":\"ListItem\",\"position\":2,\"name\":\"Takk skal du ha\"}]},{\"@type\":\"WebSite\",\"@id\":\"https:\/\/lubricants.ncheurope.com\/sv\/#website\",\"url\":\"https:\/\/lubricants.ncheurope.com\/sv\/\",\"name\":\"NCH Lubricants\",\"description\":\"\",\"potentialAction\":[{\"@type\":\"SearchAction\",\"target\":{\"@type\":\"EntryPoint\",\"urlTemplate\":\"https:\/\/lubricants.ncheurope.com\/sv\/?s={search_term_string}\"},\"query-input\":{\"@type\":\"PropertyValueSpecification\",\"valueRequired\":true,\"valueName\":\"search_term_string\"}}],\"inLanguage\":\"nb-NO\"}]}<\/script>\n<!-- \/ Yoast SEO Premium plugin. -->","yoast_head_json":{"title":"Takk skal du ha - NCH Lubricants","robots":{"index":"index","follow":"follow","max-snippet":"max-snippet:-1","max-image-preview":"max-image-preview:large","max-video-preview":"max-video-preview:-1"},"canonical":"https:\/\/lubricants.ncheurope.com\/no\/takk-skal-du-ha\/","og_locale":"nb_NO","og_type":"article","og_title":"Takk skal du ha","og_url":"https:\/\/lubricants.ncheurope.com\/no\/takk-skal-du-ha\/","og_site_name":"NCH Lubricants","article_modified_time":"2025-09-05T12:36:17+00:00","twitter_card":"summary_large_image","schema":{"@context":"https:\/\/schema.org","@graph":[{"@type":"WebPage","@id":"https:\/\/lubricants.ncheurope.com\/no\/takk-skal-du-ha\/","url":"https:\/\/lubricants.ncheurope.com\/no\/takk-skal-du-ha\/","name":"Takk skal du ha - NCH Lubricants","isPartOf":{"@id":"https:\/\/lubricants.ncheurope.com\/sv\/#website"},"datePublished":"2025-02-19T16:22:44+00:00","dateModified":"2025-09-05T12:36:17+00:00","breadcrumb":{"@id":"https:\/\/lubricants.ncheurope.com\/no\/takk-skal-du-ha\/#breadcrumb"},"inLanguage":"nb-NO","potentialAction":[{"@type":"ReadAction","target":["https:\/\/lubricants.ncheurope.com\/no\/takk-skal-du-ha\/"]}]},{"@type":"BreadcrumbList","@id":"https:\/\/lubricants.ncheurope.com\/no\/takk-skal-du-ha\/#breadcrumb","itemListElement":[{"@type":"ListItem","position":1,"name":"Home","item":"https:\/\/lubricants.ncheurope.com\/no\/"},{"@type":"ListItem","position":2,"name":"Takk skal du ha"}]},{"@type":"WebSite","@id":"https:\/\/lubricants.ncheurope.com\/sv\/#website","url":"https:\/\/lubricants.ncheurope.com\/sv\/","name":"NCH Lubricants","description":"","potentialAction":[{"@type":"SearchAction","target":{"@type":"EntryPoint","urlTemplate":"https:\/\/lubricants.ncheurope.com\/sv\/?s={search_term_string}"},"query-input":{"@type":"PropertyValueSpecification","valueRequired":true,"valueName":"search_term_string"}}],"inLanguage":"nb-NO"}]}},"_links":{"self":[{"href":"https:\/\/lubricants.ncheurope.com\/no\/wp-json\/wp\/v2\/pages\/61541","targetHints":{"allow":["GET"]}}],"collection":[{"href":"https:\/\/lubricants.ncheurope.com\/no\/wp-json\/wp\/v2\/pages"}],"about":[{"href":"https:\/\/lubricants.ncheurope.com\/no\/wp-json\/wp\/v2\/types\/page"}],"author":[{"embeddable":true,"href":"https:\/\/lubricants.ncheurope.com\/no\/wp-json\/wp\/v2\/users\/2"}],"replies":[{"embeddable":true,"href":"https:\/\/lubricants.ncheurope.com\/no\/wp-json\/wp\/v2\/comments?post=61541"}],"version-history":[{"count":3,"href":"https:\/\/lubricants.ncheurope.com\/no\/wp-json\/wp\/v2\/pages\/61541\/revisions"}],"predecessor-version":[{"id":62405,"href":"https:\/\/lubricants.ncheurope.com\/no\/wp-json\/wp\/v2\/pages\/61541\/revisions\/62405"}],"wp:attachment":[{"href":"https:\/\/lubricants.ncheurope.com\/no\/wp-json\/wp\/v2\/media?parent=61541"}],"curies":[{"name":"wp","href":"https:\/\/api.w.org\/{rel}","templated":true}]}}