{"id":61506,"date":"2025-02-21T16:27:06","date_gmt":"2025-02-21T16:27:06","guid":{"rendered":"https:\/\/nchdev-3ittg.projectbeta.co.uk\/over-hele-verden\/"},"modified":"2025-09-05T11:51:06","modified_gmt":"2025-09-05T11:51:06","slug":"over-hele-verden","status":"publish","type":"page","link":"https:\/\/lubricants.ncheurope.com\/no\/over-hele-verden\/","title":{"rendered":"Over hele verden"},"content":{"rendered":"\n<div class=\"internal-banner-block relative secondaryLubricants paddingBottomLarge bg-no-repeat pt-[110px] lg:pt-[160px]  bg-cover bg-center\" style=\"background-image: url('https:\/\/lubricants.ncheurope.com\/wp-content\/uploads\/2025\/08\/Global-Presence-Lubricants-banner.jpg')\">\n    <div class=\"overlay absolute top-0 bottom-0 left-0 right-0 z-0 gradient-secondaryLubricants-180-dark\"><\/div>    <div class=\"container relative z-10\">\n        <div class=\"breadcrumb-container mb-[60px] lg:mb-[103px] hidden md:block\">\n            <p class=\"text-lightXs !mb-0 !text-[12px] flex flex-row items-center\">You are here: <a class=\"!font-regular mx-2 hover:underline\" href=\"https:\/\/lubricants.ncheurope.com\/no\/\">Hjem<\/a> \/ <span class=\"ml-2 font-semibold\">Over hele verden<\/span><\/p>\n        <\/div>\n\n        <div class=\"content-container flex flex-col-reverse md:flex-row flex-wrap justify-between\">\n\n                            <div class=\"text-container md:basis-10\/12\">\n                    <h1 class=\"heading-1-light\">Lokasjoner over hele verden<\/h1>                    <div class=\"wysiwyg-container text-light !mb-0 max-w-[768px]\"><p>NCH Lubricants leverer sm\u00f8remiddell\u00f8sninger med h\u00f8y ytelse til industrier i Europa, Asia-Stillehavsregionen, Nord-Amerika og Latin-Amerika. Som en avdeling av NCH Corporation, utnytter NCH Lubricants et verdensomspennende nettverk av produksjonsanlegg og salgspersonell for \u00e5 levere konsekvent kvalitet og innovasjon over hele verden. <\/p>\n<p>&nbsp;<\/p>\n<\/div>                                    <\/div>\n                    <\/div>\n    <\/div>\n<\/div>\n\n\n<div class=\"storepoint-block paddingTopLarge paddingBottomLarge\">\n    <div class=\"container\">\n        <!-- Start Text Section -->\n        <div class=\"flex flex-row flex-wrap justify-between items-center relative z-10 mb-[60px]\">\n            <h2 class=\"heading-2 basis-full text-secondaryLubricants\">V\u00e5re lokasjoner<\/h2>            <p class=\"text-darkBase basis-full lg:basis-8\/12 mb-0\">NCH Lubricants har en bred tilstedev\u00e6relse og er tilgjengelig lokalt for din virksomhet og drift. Finn ditt lokale sm\u00f8reteam og ta kontakt i dag! <\/p>                            <a href=\"https:\/\/lubricants.ncheurope.com\/no\/kontakt-oss\/\" class=\"button button--secondaryLubricantsWhite relative mt-[24px] lg:mt-0 \" target=\"_parent\">Kontakt oss  <\/a>\n                    <\/div>\n        <!-- End Text Section -->\n        <!-- Storepoint Widget Embed Start -->\n        <div id=\"storepoint-widget\"><\/div>\n        <script>\n        window.loadStorepoint=function(){\n            var storepoint = new StorepointWidget(\n                '167c03c2ef076f',\n                '#storepoint-widget',\n                {}\n            );\n        };!function(){var t=document.createElement(\"script\");t.type=\"text\/javascript\";t.async=!0;t.src=\"https:\/\/widget.storepoint.co\/embed.js\";t.onload=function(){\"function\"==typeof window.loadStorepoint&&window.loadStorepoint()};document.head.appendChild(t);}();\n        <\/script>\n        <!-- Storepoint Widget Embed End -->\n    <\/div>\n<\/div>\n\n\n<div class=\"text-and-link-cards-slider-block relative box-content overflow-x-hidden paddingTopLarge paddingBottomLarge secondaryLubricants has-anchor-link\">\n    <div class=\"overlay z-0 absolute top-0 left-0 right-0 bottom-2\/4 block bg-secondaryLubricants\"><\/div>\n    <!-- Start Text Section -->\n    <div class=\"container text-and-link-cards-slider-text\">\n        <div class=\"flex flex-row flex-wrap justify-between items-center relative z-10 pb-[60px]\">\n            <h2 class=\"heading-2 basis-full text-white\">  Global ekspertise innen sm\u00f8ring<\/h2>            <p class=\"text-lightBase lg:basis-8\/12 mb-0\">Med et globalt nettverk av dedikerte salgsteam for sm\u00f8remidler og bransjeeksperter p\u00e5 stedet, har NCH Lubricants den globale rekkevidden, produktene og tjenestene som skal til for \u00e5 hjelpe deg med \u00e5 forlenge utstyrets levetid, redusere nedetid og kutte kostnader.<\/p>                    <\/div>\n    <\/div>\n    <!-- End Text Section -->\n\n    <!-- Start Slider Column -->\n            <div class=\"slider-container flex flex-col overflow-x-hidden absolute right-0\">\n            <div class=\"text-and-link-cards-slider-block-slider\">\n                                    <div class=\"slide !flex flex-col justify-start items-start bg-white border border-primaryOffWhite px-2 pt-2 pb-8 mr-2 last-of-type:mr-0 mb-5 relative shadow-[0_10px_10px_0_rgba(109,106,112,0.15)] secondaryLubricants\">\n                        <div class=\"image-container relative bg-center bg-cover bg-no-repeat w-full min-h-[178px] flex items-end mb-6\" style=\"background-image: url('https:\/\/lubricants.ncheurope.com\/wp-content\/uploads\/2025\/08\/North-Amercia-Lubricants.jpg')\">\n                            <div class=\"overlay z-0 absolute top-0 left-0 right-0 bottom-0 gradient-secondaryLubricants-180\"><\/div>\n                            <h4 class=\"heading-4 text-white px-6 z-10 relative !mb-5\">Nord-Amerika  <\/h4>                        <\/div>\n                        <p class=\"text-darkSm px-6 z-10 relative !mb-6\">Bes\u00f8k v\u00e5r nordamerikanske sm\u00f8reavdeling, Certified Labs.<\/p>                            \n                        <!-- Start of links repeater -->\n                                                <!-- End of links repeater -->\n\n                                            <\/div>\n\n                                    <div class=\"slide !flex flex-col justify-start items-start bg-white border border-primaryOffWhite px-2 pt-2 pb-8 mr-2 last-of-type:mr-0 mb-5 relative shadow-[0_10px_10px_0_rgba(109,106,112,0.15)] secondaryLubricants\">\n                        <div class=\"image-container relative bg-center bg-cover bg-no-repeat w-full min-h-[178px] flex items-end mb-6\" style=\"background-image: url('https:\/\/lubricants.ncheurope.com\/wp-content\/uploads\/2025\/08\/Asia-Pacific-Lubricants.jpg')\">\n                            <div class=\"overlay z-0 absolute top-0 left-0 right-0 bottom-0 gradient-secondaryLubricants-180\"><\/div>\n                            <h4 class=\"heading-4 text-white px-6 z-10 relative !mb-5\">Asia og Stillehavsregionen  <\/h4>                        <\/div>\n                        <p class=\"text-darkSm px-6 z-10 relative !mb-6\">Bes\u00f8k nettstedet v\u00e5rt for Asia og Stillehavsomr\u00e5det for dine sm\u00f8rebehov i APAC.  <\/p>                            \n                        <!-- Start of links repeater -->\n                                                <!-- End of links repeater -->\n\n                                            <\/div>\n\n                                    <div class=\"slide !flex flex-col justify-start items-start bg-white border border-primaryOffWhite px-2 pt-2 pb-8 mr-2 last-of-type:mr-0 mb-5 relative shadow-[0_10px_10px_0_rgba(109,106,112,0.15)] secondaryLubricants\">\n                        <div class=\"image-container relative bg-center bg-cover bg-no-repeat w-full min-h-[178px] flex items-end mb-6\" style=\"background-image: url('https:\/\/lubricants.ncheurope.com\/wp-content\/uploads\/2025\/08\/Latin-America-Lubricants.jpg')\">\n                            <div class=\"overlay z-0 absolute top-0 left-0 right-0 bottom-0 gradient-secondaryLubricants-180\"><\/div>\n                            <h4 class=\"heading-4 text-white px-6 z-10 relative !mb-5\">Latin-Amerika  <\/h4>                        <\/div>\n                        <p class=\"text-darkSm px-6 z-10 relative !mb-6\">Bes\u00f8k nettstedet v\u00e5rt for Latin-Amerika for \u00e5 finne ut hva du trenger av sm\u00f8remidler i LATAM.  <\/p>                            \n                        <!-- Start of links repeater -->\n                                                <!-- End of links repeater -->\n\n                                            <\/div>\n\n                                    <div class=\"slide !flex flex-col justify-start items-start bg-white border border-primaryOffWhite px-2 pt-2 pb-8 mr-2 last-of-type:mr-0 mb-5 relative shadow-[0_10px_10px_0_rgba(109,106,112,0.15)] secondaryLubricants\">\n                        <div class=\"image-container relative bg-center bg-cover bg-no-repeat w-full min-h-[178px] flex items-end mb-6\" style=\"background-image: url('https:\/\/lubricants.ncheurope.com\/wp-content\/uploads\/2025\/08\/Get-in-touch-Lubricants.jpg')\">\n                            <div class=\"overlay z-0 absolute top-0 left-0 right-0 bottom-0 gradient-secondaryLubricants-180\"><\/div>\n                            <h4 class=\"heading-4 text-white px-6 z-10 relative !mb-5\">Snakk med teamet v\u00e5rt <\/h4>                        <\/div>\n                        <p class=\"text-darkSm px-6 z-10 relative !mb-6\">Ta kontakt med v\u00e5rt europeiske team for sm\u00f8ring.<\/p>                            \n                        <!-- Start of links repeater -->\n                                                <!-- End of links repeater -->\n\n                                                    <a href=\"https:\/\/lubricants.ncheurope.com\/no\/kontakt-oss\/\" class=\"button button--secondary button--secondaryLubricants w-[calc(100%-48px)] relative z-10 mx-6 !py-3\" target=\"_parent\">Kontakt oss  <\/a>\n                                            <\/div>\n\n                            <\/div>\n        <\/div>\n        <!-- End Slider Column -->\n\n<\/div>\n\n\n<div class=\"text-image-cta-block paddingTopLarge paddingBottomLarge secondaryLubricants bg-primaryOffWhite bg-no-repeat bg-contain\">\n    <div class=\"container flex flex-col lg:flex-row-reverse\">\n        <div class=\"text-container flex flex-col items-start lg:pr-5 lg:basis-3\/6 lg:pl-[90px]\">\n                        <h2 class=\"heading-2 text-secondaryLubricants\">Vi er her for \u00e5 hjelpe<\/h2>                            <div class=\"text-container\">\n                    <p>Denne globale tilstedev\u00e6relsen gj\u00f8r det mulig for NCH Lubricants \u00e5 forst\u00e5 og im\u00f8tekomme de unike behovene i din virksomhet, samtidig som vi tilbyr lokal st\u00f8tte og ekspertise for \u00e5 sikre optimal ytelse og kundetilfredshet i alle regioner.<\/p>\n                <\/div>\n                                        <a href=\"https:\/\/lubricants.ncheurope.com\/no\/kontakt-oss\/\" class=\"button mt-5 button--secondaryLubricants relative \" target=\"_parent\">Kontakt oss<\/a>\n                    <\/div>\n                    <div class=\"image-container lg:basis-3\/6 relative flex flex-col mt-[24px] lg:mt-0\">\n                <div class=\"skewed-image-container min-h-[388px] bg-no-repeat bg-cover bg-center skewedImageLarge-flipped shadow-[0_10px_10px_0_rgba(109,106,112,0.15)]\" style=\"background-image: url(https:\/\/lubricants.ncheurope.com\/wp-content\/uploads\/2025\/08\/Worldwide-here-to-help.jpg);\"><\/div>\n            <\/div>\n                    <\/div>\n<\/div>\n\n\n    <div class=\"related-cards-block box-content relative bg-white paddingTopLarge paddingBottomLarge secondaryLubricants\">\n        <div class=\"container flex flex-col\">\n            <!-- Start Text Section -->\n            <div class=\"flex flex-row flex-wrap justify-between items-end relative z-10 pb-[60px]\">\n                <h2 class=\"heading-2 basis-full text-secondaryLubricants\">Det er mer \u00e5 utforske&#8230;<\/h2>                <p class=\"text-darkBase basis-full lg:basis-8\/12 !mb-0\">Vi er den p\u00e5litelige sm\u00f8remiddelleverand\u00f8ren og servicepartneren for tusenvis av virksomheter over hele verden. Vi st\u00f8tter et bredt spekter av bransjer med sm\u00f8reprodukter av h\u00f8y kvalitet, fra sm\u00e5, uavhengige selskaper til store industrielle produksjonsanlegg.   <\/p>                                    <a href=\"https:\/\/lubricants.ncheurope.com\/no\" class=\"button button--secondaryLubricants hover:bg-secondaryLubricants hover:text-white relative mt-[24px] lg:mt-0\">Utforsk mer<\/a>\n                            <\/div>\n            <!-- End Text Section -->\n            \n            <!-- Start Related Cards Section -->\n            \n                            <div class=\" flex flex-row flex-wrap\">\n                                                                        <div class=\"related-card max-w-full md:max-w-[calc(50%-4px)] lg:max-w-[calc(25%-8px)] w-full px-2 pt-2 pb-8 mr-0 md:odd:mr-2 lg:mr-2 mb-10 relative bg-white shadow-[0_10px_10px_0_rgba(109,106,112,0.15)] border border-primaryOffWhite\">\n                                <div class=\"blog-image relative bg-center bg-no-repeat bg-cover min-h-[216px] mb-6\" style=\"background-image: url('https:\/\/lubricants.ncheurope.com\/wp-content\/uploads\/2025\/06\/Construction-drop-down-menu.jpg')\"><\/div>\n                                <div class=\"flex flex-col items-start px-6\">\n                                    <h6 class=\"heading-6 text-secondaryLubricants z-10 relative !mb-4\">Industrier<\/h6>\n                                    <p class=\"text-darkSm z-10 relative !mb-5\">Vi leverer skreddersydde sm\u00f8remiddell\u00f8sninger for topp ytelse, og vi har tillit p\u00e5 tvers av bransjer.<\/p>\n                                    <a href=\"https:\/\/lubricants.ncheurope.com\/no\/industrier\/\" class=\"button button--secondary button--secondaryLubricants\">Utforsk alt<\/a>\n                                <\/div>\n                            <\/div>\n                                                                                                <div class=\"related-card max-w-full md:max-w-[calc(50%-4px)] lg:max-w-[calc(25%-8px)] w-full px-2 pt-2 pb-8 mr-0 md:odd:mr-2 lg:mr-2 mb-10 relative bg-white shadow-[0_10px_10px_0_rgba(109,106,112,0.15)] border border-primaryOffWhite\">\n                                <div class=\"blog-image relative bg-center bg-no-repeat bg-cover min-h-[216px] mb-6\" style=\"background-image: url('https:\/\/lubricants.ncheurope.com\/wp-content\/uploads\/2025\/06\/Lubricants-About-Us-who-we-are.jpg')\"><\/div>\n                                <div class=\"flex flex-col items-start px-6\">\n                                    <h6 class=\"heading-6 text-secondaryLubricants z-10 relative !mb-4\">Produkter<\/h6>\n                                    <p class=\"text-darkSm z-10 relative !mb-5\">Fra fett til oljer, fra drivstoffprogrammer til spesialaerosoler &#8211; NCH Lubricants har det du trenger.<\/p>\n                                    <a href=\"https:\/\/lubricants.ncheurope.com\/no\/produkter\/\" class=\"button button--secondary button--secondaryLubricants\">Ta en titt<\/a>\n                                <\/div>\n                            <\/div>\n                                                                                                <div class=\"related-card max-w-full md:max-w-[calc(50%-4px)] lg:max-w-[calc(25%-8px)] w-full px-2 pt-2 pb-8 mr-0 md:odd:mr-2 lg:mr-2 mb-10 relative bg-white shadow-[0_10px_10px_0_rgba(109,106,112,0.15)] border border-primaryOffWhite\">\n                                <div class=\"blog-image relative bg-center bg-no-repeat bg-cover min-h-[216px] mb-6\" style=\"background-image: url('https:\/\/lubricants.ncheurope.com\/wp-content\/uploads\/2025\/06\/Lubricants-About-Us-Quality-and-Innovation.png')\"><\/div>\n                                <div class=\"flex flex-col items-start px-6\">\n                                    <h6 class=\"heading-6 text-secondaryLubricants z-10 relative !mb-4\">Karriere<\/h6>\n                                    <p class=\"text-darkSm z-10 relative !mb-5\">Vil du jobbe med NCH Lubricants? Finn de nyeste stillingene og start karrieren din hos oss.<\/p>\n                                    <a href=\"https:\/\/lubricants.ncheurope.com\/no\/karriere\/\" class=\"button button--secondary button--secondaryLubricants\">S\u00f8k n\u00e5<\/a>\n                                <\/div>\n                            <\/div>\n                                                                                                <div class=\"related-card max-w-full md:max-w-[calc(50%-4px)] lg:max-w-[calc(25%-8px)] w-full px-2 pt-2 pb-8 mr-0 md:odd:mr-2 lg:mr-2 mb-10 relative bg-white shadow-[0_10px_10px_0_rgba(109,106,112,0.15)] border border-primaryOffWhite\">\n                                <div class=\"blog-image relative bg-center bg-no-repeat bg-cover min-h-[216px] mb-6\" style=\"background-image: url('https:\/\/lubricants.ncheurope.com\/wp-content\/uploads\/2025\/06\/Our-manufacturing.jpg')\"><\/div>\n                                <div class=\"flex flex-col items-start px-6\">\n                                    <h6 class=\"heading-6 text-secondaryLubricants z-10 relative !mb-4\">Om oss  <\/h6>\n                                    <p class=\"text-darkSm z-10 relative !mb-5\">NCH Lubricants har siden 1949 v\u00e6rt en globalt anerkjent fullserviceleverand\u00f8r av sm\u00f8remidler.<\/p>\n                                    <a href=\"https:\/\/lubricants.ncheurope.com\/no\/om-oss\/\" class=\"button button--secondary button--secondaryLubricants\">L\u00e6r mer<\/a>\n                                <\/div>\n                            <\/div>\n                                                            <\/div>\n                        \n            <!-- End Related Cards Section -->\n        <\/div>\n\n    <\/div>","protected":false},"excerpt":{"rendered":"","protected":false},"author":1,"featured_media":0,"parent":0,"menu_order":0,"comment_status":"closed","ping_status":"closed","template":"","meta":{"_acf_changed":false,"footnotes":""},"class_list":["post-61506","page","type-page","status-publish","hentry"],"acf":[],"yoast_head":"<!-- This site is optimized with the Yoast SEO Premium plugin v21.7 (Yoast SEO v27.2) - https:\/\/yoast.com\/product\/yoast-seo-premium-wordpress\/ -->\n<title>Over hele verden - NCH Lubricants<\/title>\n<meta name=\"robots\" content=\"index, follow, max-snippet:-1, max-image-preview:large, max-video-preview:-1\" \/>\n<link rel=\"canonical\" href=\"https:\/\/lubricants.ncheurope.com\/no\/over-hele-verden\/\" class=\"yoast-seo-meta-tag\" \/>\n<meta property=\"og:locale\" content=\"nb_NO\" class=\"yoast-seo-meta-tag\" \/>\n<meta property=\"og:type\" content=\"article\" class=\"yoast-seo-meta-tag\" \/>\n<meta property=\"og:title\" content=\"Over hele verden\" class=\"yoast-seo-meta-tag\" \/>\n<meta property=\"og:url\" content=\"https:\/\/lubricants.ncheurope.com\/no\/over-hele-verden\/\" class=\"yoast-seo-meta-tag\" \/>\n<meta property=\"og:site_name\" content=\"NCH Lubricants\" class=\"yoast-seo-meta-tag\" \/>\n<meta property=\"article:modified_time\" content=\"2025-09-05T11:51:06+00:00\" class=\"yoast-seo-meta-tag\" \/>\n<meta name=\"twitter:card\" content=\"summary_large_image\" class=\"yoast-seo-meta-tag\" \/>\n<script type=\"application\/ld+json\" class=\"yoast-schema-graph\">{\"@context\":\"https:\/\/schema.org\",\"@graph\":[{\"@type\":\"WebPage\",\"@id\":\"https:\/\/lubricants.ncheurope.com\/no\/over-hele-verden\/\",\"url\":\"https:\/\/lubricants.ncheurope.com\/no\/over-hele-verden\/\",\"name\":\"Over hele verden - NCH Lubricants\",\"isPartOf\":{\"@id\":\"https:\/\/lubricants.ncheurope.com\/sv\/#website\"},\"datePublished\":\"2025-02-21T16:27:06+00:00\",\"dateModified\":\"2025-09-05T11:51:06+00:00\",\"breadcrumb\":{\"@id\":\"https:\/\/lubricants.ncheurope.com\/no\/over-hele-verden\/#breadcrumb\"},\"inLanguage\":\"nb-NO\",\"potentialAction\":[{\"@type\":\"ReadAction\",\"target\":[\"https:\/\/lubricants.ncheurope.com\/no\/over-hele-verden\/\"]}]},{\"@type\":\"BreadcrumbList\",\"@id\":\"https:\/\/lubricants.ncheurope.com\/no\/over-hele-verden\/#breadcrumb\",\"itemListElement\":[{\"@type\":\"ListItem\",\"position\":1,\"name\":\"Home\",\"item\":\"https:\/\/lubricants.ncheurope.com\/no\/\"},{\"@type\":\"ListItem\",\"position\":2,\"name\":\"Over hele verden\"}]},{\"@type\":\"WebSite\",\"@id\":\"https:\/\/lubricants.ncheurope.com\/sv\/#website\",\"url\":\"https:\/\/lubricants.ncheurope.com\/sv\/\",\"name\":\"NCH Lubricants\",\"description\":\"\",\"potentialAction\":[{\"@type\":\"SearchAction\",\"target\":{\"@type\":\"EntryPoint\",\"urlTemplate\":\"https:\/\/lubricants.ncheurope.com\/sv\/?s={search_term_string}\"},\"query-input\":{\"@type\":\"PropertyValueSpecification\",\"valueRequired\":true,\"valueName\":\"search_term_string\"}}],\"inLanguage\":\"nb-NO\"}]}<\/script>\n<!-- \/ Yoast SEO Premium plugin. -->","yoast_head_json":{"title":"Over hele verden - NCH Lubricants","robots":{"index":"index","follow":"follow","max-snippet":"max-snippet:-1","max-image-preview":"max-image-preview:large","max-video-preview":"max-video-preview:-1"},"canonical":"https:\/\/lubricants.ncheurope.com\/no\/over-hele-verden\/","og_locale":"nb_NO","og_type":"article","og_title":"Over hele verden","og_url":"https:\/\/lubricants.ncheurope.com\/no\/over-hele-verden\/","og_site_name":"NCH Lubricants","article_modified_time":"2025-09-05T11:51:06+00:00","twitter_card":"summary_large_image","schema":{"@context":"https:\/\/schema.org","@graph":[{"@type":"WebPage","@id":"https:\/\/lubricants.ncheurope.com\/no\/over-hele-verden\/","url":"https:\/\/lubricants.ncheurope.com\/no\/over-hele-verden\/","name":"Over hele verden - NCH Lubricants","isPartOf":{"@id":"https:\/\/lubricants.ncheurope.com\/sv\/#website"},"datePublished":"2025-02-21T16:27:06+00:00","dateModified":"2025-09-05T11:51:06+00:00","breadcrumb":{"@id":"https:\/\/lubricants.ncheurope.com\/no\/over-hele-verden\/#breadcrumb"},"inLanguage":"nb-NO","potentialAction":[{"@type":"ReadAction","target":["https:\/\/lubricants.ncheurope.com\/no\/over-hele-verden\/"]}]},{"@type":"BreadcrumbList","@id":"https:\/\/lubricants.ncheurope.com\/no\/over-hele-verden\/#breadcrumb","itemListElement":[{"@type":"ListItem","position":1,"name":"Home","item":"https:\/\/lubricants.ncheurope.com\/no\/"},{"@type":"ListItem","position":2,"name":"Over hele verden"}]},{"@type":"WebSite","@id":"https:\/\/lubricants.ncheurope.com\/sv\/#website","url":"https:\/\/lubricants.ncheurope.com\/sv\/","name":"NCH Lubricants","description":"","potentialAction":[{"@type":"SearchAction","target":{"@type":"EntryPoint","urlTemplate":"https:\/\/lubricants.ncheurope.com\/sv\/?s={search_term_string}"},"query-input":{"@type":"PropertyValueSpecification","valueRequired":true,"valueName":"search_term_string"}}],"inLanguage":"nb-NO"}]}},"_links":{"self":[{"href":"https:\/\/lubricants.ncheurope.com\/no\/wp-json\/wp\/v2\/pages\/61506","targetHints":{"allow":["GET"]}}],"collection":[{"href":"https:\/\/lubricants.ncheurope.com\/no\/wp-json\/wp\/v2\/pages"}],"about":[{"href":"https:\/\/lubricants.ncheurope.com\/no\/wp-json\/wp\/v2\/types\/page"}],"author":[{"embeddable":true,"href":"https:\/\/lubricants.ncheurope.com\/no\/wp-json\/wp\/v2\/users\/1"}],"replies":[{"embeddable":true,"href":"https:\/\/lubricants.ncheurope.com\/no\/wp-json\/wp\/v2\/comments?post=61506"}],"version-history":[{"count":2,"href":"https:\/\/lubricants.ncheurope.com\/no\/wp-json\/wp\/v2\/pages\/61506\/revisions"}],"predecessor-version":[{"id":62391,"href":"https:\/\/lubricants.ncheurope.com\/no\/wp-json\/wp\/v2\/pages\/61506\/revisions\/62391"}],"wp:attachment":[{"href":"https:\/\/lubricants.ncheurope.com\/no\/wp-json\/wp\/v2\/media?parent=61506"}],"curies":[{"name":"wp","href":"https:\/\/api.w.org\/{rel}","templated":true}]}}