{"id":65423,"date":"2025-09-03T07:43:48","date_gmt":"2025-09-03T07:43:48","guid":{"rendered":"https:\/\/lubricants.ncheurope.com\/nch-corporation-megfelelosegi-nyilatkozat-modern-slavery-act-2015\/"},"modified":"2026-03-06T09:48:55","modified_gmt":"2026-03-06T09:48:55","slug":"nch-corporation-megfelelosegi-nyilatkozat-modern-slavery-act-2015","status":"publish","type":"page","link":"https:\/\/lubricants.ncheurope.com\/hu\/nch-corporation-megfelelosegi-nyilatkozat-modern-slavery-act-2015\/","title":{"rendered":"NCH Corporation megfelel\u0151s\u00e9gi nyilatkozat: Modern Slavery Act 2015"},"content":{"rendered":"\n<div class=\"internal-banner-block relative secondaryLubricants paddingBottomLarge bg-no-repeat pt-[110px] lg:pt-[160px] bg-white bg-[url('assets\/images\/background-shape.png')] bg-right-bottom bg-contain\" >\n        <div class=\"container relative z-10\">\n        <div class=\"breadcrumb-container mb-[60px] lg:mb-[103px] hidden md:block\">\n            <p class=\"text-darkXs !mb-0 !text-[12px] flex flex-row items-center\">You are here: <a class=\"!font-regular mx-2 hover:underline\" href=\"https:\/\/lubricants.ncheurope.com\/hu\/\">Kezd\u0151lap<\/a> \/ <span class=\"ml-2 font-semibold\">NCH Corporation megfelel\u0151s\u00e9gi nyilatkozat: Modern Slavery Act 2015<\/span><\/p>\n        <\/div>\n\n        <div class=\"content-container flex flex-col-reverse md:flex-row flex-wrap justify-between\">\n\n                            <div class=\"text-container md:basis-10\/12\">\n                    <h1 class=\"heading-1 text-secondaryLubricants\">NCH Corporation megfelel\u0151s\u00e9gi nyilatkozat: Modern Slavery Act 2015<\/h1>                                                        <\/div>\n                    <\/div>\n    <\/div>\n<\/div>\n<div class=\"accordion-block relative secondaryLubricants paddingTopLarge paddingBottomLarge bg-primaryOffWhite\">\n    <div class=\"container flex flex-row flex-wrap\">\n                    <div class=\"text-container flex flex-row flex-wrap items-start justify-between basis-full pb-[60px]\">\n                <h2 class=\"heading-2 text-secondaryLubricants basis-full\">NCH (UK) LIMITED &#8211; Modern rabszolgas\u00e1gr\u00f3l \u00e9s emberkereskedelemr\u0151l sz\u00f3l\u00f3 nyilatkozat<\/h2>                <p class=\"text-darkBase basis-full lg:basis-8\/12 !mb-0\">Az NCH (UK) Limited (a tov\u00e1bbiakban: a T\u00e1rsas\u00e1g) elk\u00f6telezett az emberi jogok v\u00e9delme \u00e9s tiszteletben tart\u00e1sa mellett, \u00e9s z\u00e9r\u00f3 toleranci\u00e1t alkalmaz a rabszolgas\u00e1g \u00e9s az emberkereskedelem minden form\u00e1j\u00e1val szemben. Ez a nyilatkozat a 2015. \u00e9vi Modern Slavery Act 54. szakasz\u00e1nak (1) bekezd\u00e9se alapj\u00e1n k\u00e9sz\u00fclt. Bevezett\u00fck az NCH rabszolgas\u00e1g-ellenes politik\u00e1j\u00e1t (a tov\u00e1bbiakban: a politika) annak biztos\u00edt\u00e1sa \u00e9rdek\u00e9ben, hogy szigor\u00faan tiltsuk a modern rabszolgas\u00e1got \u00e9s az emberkereskedelmet a m\u0171k\u00f6d\u00e9s\u00fcnkben \u00e9s a besz\u00e1ll\u00edt\u00f3i l\u00e1ncunkban. Elk\u00f6telezettek vagyunk \u00e9s tov\u00e1bbra is elk\u00f6telezettek lesz\u00fcnk az olyan rendszerek \u00e9s ellen\u0151rz\u00e9sek bevezet\u00e9se mellett, amelyek c\u00e9lja annak biztos\u00edt\u00e1sa, hogy a modern rabszolgas\u00e1g sehol ne forduljon el\u0151 a szervezet\u00fcnk\u00f6n bel\u00fcl vagy a besz\u00e1ll\u00edt\u00f3i l\u00e1ncainkban. Ezt a nyilatkozatot \u00e9vente fel\u00fclvizsg\u00e1ljuk.    \n<\/p>            <\/div>\n        \n        <!-- Accordion Start -->       \n                    <div class=\"accordion-container flex flex-row flex-wrap basis-full\">     \n                                <div class=\"accordion-item border border-primaryOffWhite bg-white basis-full mb-2\">\n                    <div class=\"accordion-header hover:cursor-pointer py-[28px] px-[40px] flex flex-row justify-between items-center\">\n                        <h5 class=\"text-secondaryLubricants heading-5 !mb-0\">A szervezet fel\u00e9p\u00edt\u00e9se<\/h5>\n                        <i class=\"bg-[url('assets\/images\/upwards-arrow-white.png')] bg-center bg-[length:11px_11px] bg-no-repeat bg-secondaryLubricants block rounded-full min-w-[30px] w-[30px] h-[30px] rotate-[135deg]\"><\/i>\n                    <\/div>\n\n                    <div class=\"accordion-content hidden pb-[28px] px-[40px]\">\n                        <p class=\"text-darkBase !mb-0\"><p>Vegyszergy\u00e1rt\u00f3 \u00e9s v\u00edzkezel\u0151 v\u00e1llalat vagyunk. Az NCH Csoport (Csoport) r\u00e9sze vagyunk, \u00e9s legf\u0151bb anyav\u00e1llalatunk az NCH Corporation, amelynek sz\u00e9khelye az Egyes\u00fclt \u00c1llamokban tal\u00e1lhat\u00f3. A Csoport vil\u00e1gszerte t\u00f6bb mint 8500 alkalmazottat foglalkoztat, \u00e9s 50 orsz\u00e1gban m\u0171k\u00f6dik.  <\/p>\n<p>A csoport \u00e9ves forgalma vil\u00e1gszerte 665 milli\u00f3 font.<\/p>\n<\/p>\n                                            <\/div>\n                <\/div>\n\n                                <div class=\"accordion-item border border-primaryOffWhite bg-white basis-full mb-2\">\n                    <div class=\"accordion-header hover:cursor-pointer py-[28px] px-[40px] flex flex-row justify-between items-center\">\n                        <h5 class=\"text-secondaryLubricants heading-5 !mb-0\">A rabszolgas\u00e1ggal \u00e9s emberkereskedelemmel kapcsolatos politik\u00e1ink<\/h5>\n                        <i class=\"bg-[url('assets\/images\/upwards-arrow-white.png')] bg-center bg-[length:11px_11px] bg-no-repeat bg-secondaryLubricants block rounded-full min-w-[30px] w-[30px] h-[30px] rotate-[135deg]\"><\/i>\n                    <\/div>\n\n                    <div class=\"accordion-content hidden pb-[28px] px-[40px]\">\n                        <p class=\"text-darkBase !mb-0\"><p>Elk\u00f6telezettek vagyunk annak biztos\u00edt\u00e1sa mellett, hogy besz\u00e1ll\u00edt\u00f3i l\u00e1ncainkban vagy \u00fczleti tev\u00e9kenys\u00e9g\u00fcnk b\u00e1rmely r\u00e9sz\u00e9n ne forduljon el\u0151 modern rabszolgas\u00e1g vagy emberkereskedelem. Politik\u00e1nk t\u00fckr\u00f6zi elk\u00f6telezetts\u00e9g\u00fcnket az ir\u00e1nt, hogy minden \u00fczleti kapcsolatunkban etikusan \u00e9s tisztess\u00e9gesen j\u00e1rjunk el, valamint hogy hat\u00e9kony rendszereket \u00e9s ellen\u0151rz\u00e9seket vezess\u00fcnk be \u00e9s \u00e9rv\u00e9nyes\u00edts\u00fcnk annak biztos\u00edt\u00e1s\u00e1ra, hogy ell\u00e1t\u00e1si l\u00e1ncainkban sehol ne forduljon el\u0151 rabszolgas\u00e1g \u00e9s emberkereskedelem. <\/p>\n<p>A kock\u00e1zatok azonos\u00edt\u00e1s\u00e1ra \u00e9s m\u00e9rs\u00e9kl\u00e9s\u00e9re ir\u00e1nyul\u00f3 kezdem\u00e9nyez\u00e9s\u00fcnk r\u00e9szek\u00e9nt elj\u00e1r\u00e1sokat alkalmazunk a k\u00f6vetkez\u0151kre:<\/p>\n<ul>\n<li>\u00c9vente fel\u00fclvizsg\u00e1lja a politik\u00e1nkat; \u00e9s<\/li>\n<li>Azonos\u00edtani azokat a v\u00e1ltoztat\u00e1sokat, amelyek jav\u00edthatj\u00e1k a politik\u00e1nkat.<\/li>\n<\/ul>\n<p>&nbsp;<\/p>\n<p>A rabszolgas\u00e1ggal \u00e9s emberkereskedelemmel kapcsolatos \u00e1tvil\u00e1g\u00edt\u00e1si elj\u00e1r\u00e1sok<\/p>\n<p>A kock\u00e1zatok azonos\u00edt\u00e1s\u00e1ra \u00e9s m\u00e9rs\u00e9kl\u00e9s\u00e9re ir\u00e1nyul\u00f3 kezdem\u00e9nyez\u00e9s\u00fcnk r\u00e9szek\u00e9nt olyan rendszereket vezet\u00fcnk be, amelyek:<\/p>\n<ul>\n<li>Azonos\u00edtsuk \u00e9s \u00e9rt\u00e9kelj\u00fck a potenci\u00e1lis kock\u00e1zati ter\u00fcleteket ell\u00e1t\u00e1si l\u00e1ncainkban.<\/li>\n<li>A besz\u00e1ll\u00edt\u00f3i l\u00e1ncainkban el\u0151fordul\u00f3 rabszolgas\u00e1g \u00e9s emberkereskedelem kock\u00e1zat\u00e1nak cs\u00f6kkent\u00e9se.<\/li>\n<li>A potenci\u00e1lis kock\u00e1zati ter\u00fcletek figyelemmel k\u00eds\u00e9r\u00e9se ell\u00e1t\u00e1si l\u00e1ncainkban.<\/li>\n<li>V\u00e9dje a bejelent\u0151ket.<\/li>\n<\/ul>\n<p>&nbsp;<\/p>\n<p>Bels\u0151leg az egyik r\u00e9szleg\u00fcnkre b\u00edztuk a felel\u0151ss\u00e9get annak biztos\u00edt\u00e1s\u00e1ra, hogy az \u00e1tvil\u00e1g\u00edt\u00e1si folyamataink a lehet\u0151 legmegb\u00edzhat\u00f3bbak legyenek, \u00e9s hogy azonos\u00edtsuk azokat a v\u00e1ltoztat\u00e1sokat, amelyekkel id\u0151vel jav\u00edthatjuk folyamatainkat.<\/p>\n<\/p>\n                                            <\/div>\n                <\/div>\n\n                                <div class=\"accordion-item border border-primaryOffWhite bg-white basis-full mb-2\">\n                    <div class=\"accordion-header hover:cursor-pointer py-[28px] px-[40px] flex flex-row justify-between items-center\">\n                        <h5 class=\"text-secondaryLubricants heading-5 !mb-0\">A besz\u00e1ll\u00edt\u00f3k, v\u00e1llalkoz\u00f3k \u00e9s egy\u00e9b \u00fczleti partnerek ragaszkod\u00e1sa \u00e9rt\u00e9keinkhez \u00e9s etik\u00e1nkhoz.<\/h5>\n                        <i class=\"bg-[url('assets\/images\/upwards-arrow-white.png')] bg-center bg-[length:11px_11px] bg-no-repeat bg-secondaryLubricants block rounded-full min-w-[30px] w-[30px] h-[30px] rotate-[135deg]\"><\/i>\n                    <\/div>\n\n                    <div class=\"accordion-content hidden pb-[28px] px-[40px]\">\n                        <p class=\"text-darkBase !mb-0\"><p>Z\u00e9r\u00f3 toleranci\u00e1t tan\u00fas\u00edtunk a rabszolgas\u00e1ggal \u00e9s az emberkereskedelemmel szemben. Besz\u00e1ll\u00edt\u00f3ink, v\u00e1llalkoz\u00f3ink \u00e9s egy\u00e9b \u00fczleti partnereink k\u00f6telesek saj\u00e1t besz\u00e1ll\u00edt\u00f3ikat ugyanilyen magas szint\u0171 norm\u00e1khoz k\u00f6tni. <\/p>\n<p>\u00dagy v\u00e9lj\u00fck, hogy a modern rabszolgas\u00e1g legnagyobb kock\u00e1zata a besz\u00e1ll\u00edt\u00f3i l\u00e1ncainkban akkor \u00e1ll fenn, amikor olyan orsz\u00e1gokban m\u0171k\u00f6d\u0151 v\u00e1llalatokkal \u00e1llunk kapcsolatban, amelyek nem rendelkeznek az Egyes\u00fclt Kir\u00e1lys\u00e1g\u00e9val egyen\u00e9rt\u00e9k\u0171 norm\u00e1kkal \u00e9s jogszab\u00e1lyokkal.<\/p>\n<p>Folyamatos kock\u00e1zat\u00e9rt\u00e9kel\u00e9si \u00e9s \u00e1tvil\u00e1g\u00edt\u00e1si folyamataink r\u00e9szek\u00e9nt m\u00e9rlegelj\u00fck, hogy a k\u00f6r\u00fclm\u00e9nyek indokolj\u00e1k-e, hogy audit\u00e1ljuk a besz\u00e1ll\u00edt\u00f3kat a szab\u00e1lyzatunknak val\u00f3 megfelel\u00e9s\u00fck tekintet\u00e9ben. Azt is felm\u00e9rj\u00fck, hogy a k\u00f6r\u00fclm\u00e9nyek indokolj\u00e1k-e a modern rabszolgas\u00e1g \u00e9s az emberkereskedelem \u00e1ldozat\u00e1ul esett munkaer\u0151 alkalmaz\u00e1sa elleni konkr\u00e9t tilalmak be\u00e9p\u00edt\u00e9s\u00e9t a harmadik felekkel k\u00f6t\u00f6tt szerz\u0151d\u00e9seinkbe. Kock\u00e1zatalap\u00fa megk\u00f6zel\u00edt\u00e9s\u00fcnk alapj\u00e1n azt is megvizsg\u00e1ljuk, hogy \u00e9rdemes-e \u00edr\u00e1sban felsz\u00f3l\u00edtani a besz\u00e1ll\u00edt\u00f3kat a modern rabszolgas\u00e1g \u00e9s emberkereskedelem elleni k\u00fczdelemhez sz\u00fcks\u00e9ges minimumk\u00f6vetelm\u00e9nyeket meghat\u00e1roz\u00f3 ir\u00e1nyelv\u00fcnk betart\u00e1s\u00e1ra.  <\/p>\n<p>Ha \u00fagy tal\u00e1ljuk, hogy a nev\u00fcnkben dolgoz\u00f3 m\u00e1s szem\u00e9lyek vagy szervezetek megs\u00e9rtett\u00e9k a Szab\u00e1lyzatunkat, gondoskodunk arr\u00f3l, hogy megtegy\u00fck a megfelel\u0151 l\u00e9p\u00e9seket. Ez a jogs\u00e9rt\u00e9sek orvosl\u00e1s\u00e1nak lehet\u0151s\u00e9g\u00e9t\u0151l kezdve, \u00e9s annak m\u00e9rlegel\u00e9s\u00e9t\u0151l kezdve, hogy a jogs\u00e9rt\u00e9s \u00e1ltal \u00e9rintett szem\u00e9lyek sz\u00e1m\u00e1ra ez jelenti-e a legjobb eredm\u00e9nyt, eg\u00e9szen az ilyen kapcsolatok megsz\u00fcntet\u00e9s\u00e9ig terjedhet. <\/p>\n<\/p>\n                                            <\/div>\n                <\/div>\n\n                                <div class=\"accordion-item border border-primaryOffWhite bg-white basis-full mb-2\">\n                    <div class=\"accordion-header hover:cursor-pointer py-[28px] px-[40px] flex flex-row justify-between items-center\">\n                        <h5 class=\"text-secondaryLubricants heading-5 !mb-0\">K\u00e9pz\u00e9s<\/h5>\n                        <i class=\"bg-[url('assets\/images\/upwards-arrow-white.png')] bg-center bg-[length:11px_11px] bg-no-repeat bg-secondaryLubricants block rounded-full min-w-[30px] w-[30px] h-[30px] rotate-[135deg]\"><\/i>\n                    <\/div>\n\n                    <div class=\"accordion-content hidden pb-[28px] px-[40px]\">\n                        <p class=\"text-darkBase !mb-0\"><p>Annak \u00e9rdek\u00e9ben, hogy a modern rabszolgas\u00e1g \u00e9s az emberkereskedelem kock\u00e1zatainak magas szint\u0171 meg\u00e9rt\u00e9s\u00e9t biztos\u00edtsuk a besz\u00e1ll\u00edt\u00f3i l\u00e1ncainkban \u00e9s a saj\u00e1t \u00fczlet\u00fcnkben, folyamatos k\u00e9pz\u00e9st biztos\u00edtunk munkat\u00e1rsaink sz\u00e1m\u00e1ra.<\/p>\n<p>Befektet\u00fcnk munkat\u00e1rsaink k\u00e9pz\u00e9s\u00e9be, hogy felismerj\u00e9k a modern rabszolgas\u00e1g \u00e9s az emberkereskedelem kock\u00e1zatait az \u00fczleti tev\u00e9kenys\u00e9g\u00fcnkben \u00e9s a besz\u00e1ll\u00edt\u00f3i l\u00e1ncokban. K\u00e9pz\u00e9si programjainkon kereszt\u00fcl a munkav\u00e1llal\u00f3kat arra \u00f6szt\u00f6n\u00f6zz\u00fck, hogy azonos\u00edts\u00e1k \u00e9s jelents\u00e9k a szab\u00e1lyzatunk esetleges megs\u00e9rt\u00e9s\u00e9t. A munkat\u00e1rsakat megtan\u00edtjuk a rabszolgas\u00e1g \u00e9s az emberkereskedelem elleni szigor\u00fa int\u00e9zked\u00e9sek el\u0151nyeire, amelyek c\u00e9lja a rabszolgas\u00e1g \u00e9s az emberkereskedelem elleni k\u00fczdelem a v\u00e1llalkoz\u00e1sunkban \u00e9s a besz\u00e1ll\u00edt\u00f3i l\u00e1ncainkban.  <\/p>\n<\/p>\n                                            <\/div>\n                <\/div>\n\n                                <div class=\"accordion-item border border-primaryOffWhite bg-white basis-full mb-2\">\n                    <div class=\"accordion-header hover:cursor-pointer py-[28px] px-[40px] flex flex-row justify-between items-center\">\n                        <h5 class=\"text-secondaryLubricants heading-5 !mb-0\">Tov\u00e1bbi l\u00e9p\u00e9sek<\/h5>\n                        <i class=\"bg-[url('assets\/images\/upwards-arrow-white.png')] bg-center bg-[length:11px_11px] bg-no-repeat bg-secondaryLubricants block rounded-full min-w-[30px] w-[30px] h-[30px] rotate-[135deg]\"><\/i>\n                    <\/div>\n\n                    <div class=\"accordion-content hidden pb-[28px] px-[40px]\">\n                        <p class=\"text-darkBase !mb-0\"><p>A besz\u00e1ll\u00edt\u00f3i l\u00e1ncainkban a rabszolgas\u00e1g \u00e9s az emberkereskedelem elker\u00fcl\u00e9se \u00e9rdek\u00e9ben tett l\u00e9p\u00e9seink hat\u00e9konys\u00e1g\u00e1nak fel\u00fclvizsg\u00e1lat\u00e1t k\u00f6vet\u0151en a k\u00f6vetkez\u0151 tov\u00e1bbi l\u00e9p\u00e9seket k\u00edv\u00e1njuk tenni a rabszolgas\u00e1g \u00e9s az emberkereskedelem elleni k\u00fczdelem \u00e9rdek\u00e9ben:<\/p>\n<ul>\n<li>A modern rabszolgas\u00e1gnak val\u00f3 megfelel\u00e9s\u00fcnk fel\u00fclvizsg\u00e1lat\u00e1nak elv\u00e9gz\u00e9se.<\/li>\n<li>Politik\u00e1nk fel\u00fclvizsg\u00e1lata.<\/li>\n<li>K\u00e9pz\u00e9s biztos\u00edt\u00e1sa az \u00faj alkalmazottak sz\u00e1m\u00e1ra.<\/li>\n<\/ul>\n<p>&nbsp;<\/p>\n<p>Ez a nyilatkozat a 2015. \u00e9vi Modern Slavery Act 54. szakasz\u00e1nak (1) bekezd\u00e9se alapj\u00e1n k\u00e9sz\u00fclt, \u00e9s a 2022. \u00e1prilis 30-\u00e1n v\u00e9gz\u0151d\u0151 p\u00e9nz\u00fcgyi \u00e9vre vonatkoz\u00f3 rabszolgas\u00e1gr\u00f3l \u00e9s emberkereskedelemr\u0151l sz\u00f3l\u00f3 nyilatkozatunkat k\u00e9pezi.<\/p>\n<p>Az igazgat\u00f3tan\u00e1cs 2023. m\u00e1rcius 7-\u00e9n hagyta j\u00f3v\u00e1.<\/p>\n<p>Martyn Ruscoe<\/p>\n<\/p>\n                                            <\/div>\n                <\/div>\n\n                            <\/div>\n                <!-- Accordion End -->\n    <\/div>\n<\/div>","protected":false},"excerpt":{"rendered":"","protected":false},"author":2,"featured_media":0,"parent":0,"menu_order":0,"comment_status":"closed","ping_status":"closed","template":"","meta":{"_acf_changed":false,"footnotes":""},"class_list":["post-65423","page","type-page","status-publish","hentry"],"acf":[],"yoast_head":"<!-- This site is optimized with the Yoast SEO Premium plugin v21.7 (Yoast SEO v27.2) - https:\/\/yoast.com\/product\/yoast-seo-premium-wordpress\/ -->\n<title>Modern rabszolgas\u00e1gr\u00f3l \u00e9s emberkereskedelemr\u0151l sz\u00f3l\u00f3 nyilatkozat<\/title>\n<meta name=\"description\" content=\"Az NCH (UK) Limited hat\u00e1rozottan ki\u00e1ll a modern rabszolgas\u00e1g \u00e9s emberkereskedelem ellen. Olvassa el a 2015-\u00f6s Modern Slavery Act (Modern Slavery Act 2015) szerinti nyilatkozatunkat.\" class=\"yoast-seo-meta-tag\" \/>\n<meta name=\"robots\" content=\"index, follow, max-snippet:-1, max-image-preview:large, max-video-preview:-1\" \/>\n<link rel=\"canonical\" href=\"https:\/\/lubricants.ncheurope.com\/hu\/nch-corporation-megfelelosegi-nyilatkozat-modern-slavery-act-2015\/\" class=\"yoast-seo-meta-tag\" \/>\n<meta property=\"og:locale\" content=\"hu_HU\" class=\"yoast-seo-meta-tag\" \/>\n<meta property=\"og:type\" content=\"article\" class=\"yoast-seo-meta-tag\" \/>\n<meta property=\"og:title\" content=\"NCH Corporation megfelel\u0151s\u00e9gi nyilatkozat: Modern Slavery Act 2015\" class=\"yoast-seo-meta-tag\" \/>\n<meta property=\"og:description\" content=\"Az NCH (UK) Limited hat\u00e1rozottan ki\u00e1ll a modern rabszolgas\u00e1g \u00e9s emberkereskedelem ellen. Olvassa el a 2015-\u00f6s Modern Slavery Act (Modern Slavery Act 2015) szerinti nyilatkozatunkat.\" class=\"yoast-seo-meta-tag\" \/>\n<meta property=\"og:url\" content=\"https:\/\/lubricants.ncheurope.com\/hu\/nch-corporation-megfelelosegi-nyilatkozat-modern-slavery-act-2015\/\" class=\"yoast-seo-meta-tag\" \/>\n<meta property=\"og:site_name\" content=\"NCH Lubricants\" class=\"yoast-seo-meta-tag\" \/>\n<meta property=\"article:modified_time\" content=\"2026-03-06T09:48:55+00:00\" class=\"yoast-seo-meta-tag\" \/>\n<meta name=\"twitter:card\" content=\"summary_large_image\" class=\"yoast-seo-meta-tag\" \/>\n<script type=\"application\/ld+json\" class=\"yoast-schema-graph\">{\"@context\":\"https:\/\/schema.org\",\"@graph\":[{\"@type\":\"WebPage\",\"@id\":\"https:\/\/lubricants.ncheurope.com\/hu\/nch-corporation-megfelelosegi-nyilatkozat-modern-slavery-act-2015\/\",\"url\":\"https:\/\/lubricants.ncheurope.com\/hu\/nch-corporation-megfelelosegi-nyilatkozat-modern-slavery-act-2015\/\",\"name\":\"Modern rabszolgas\u00e1gr\u00f3l \u00e9s emberkereskedelemr\u0151l sz\u00f3l\u00f3 nyilatkozat\",\"isPartOf\":{\"@id\":\"https:\/\/lubricants.ncheurope.com\/sv\/#website\"},\"datePublished\":\"2025-09-03T07:43:48+00:00\",\"dateModified\":\"2026-03-06T09:48:55+00:00\",\"description\":\"Az NCH (UK) Limited hat\u00e1rozottan ki\u00e1ll a modern rabszolgas\u00e1g \u00e9s emberkereskedelem ellen. Olvassa el a 2015-\u00f6s Modern Slavery Act (Modern Slavery Act 2015) szerinti nyilatkozatunkat.\",\"breadcrumb\":{\"@id\":\"https:\/\/lubricants.ncheurope.com\/hu\/nch-corporation-megfelelosegi-nyilatkozat-modern-slavery-act-2015\/#breadcrumb\"},\"inLanguage\":\"hu\",\"potentialAction\":[{\"@type\":\"ReadAction\",\"target\":[\"https:\/\/lubricants.ncheurope.com\/hu\/nch-corporation-megfelelosegi-nyilatkozat-modern-slavery-act-2015\/\"]}]},{\"@type\":\"BreadcrumbList\",\"@id\":\"https:\/\/lubricants.ncheurope.com\/hu\/nch-corporation-megfelelosegi-nyilatkozat-modern-slavery-act-2015\/#breadcrumb\",\"itemListElement\":[{\"@type\":\"ListItem\",\"position\":1,\"name\":\"Honlap\",\"item\":\"https:\/\/lubricants.ncheurope.com\/hu\/\"},{\"@type\":\"ListItem\",\"position\":2,\"name\":\"NCH Corporation megfelel\u0151s\u00e9gi nyilatkozat: Modern Slavery Act 2015\"}]},{\"@type\":\"WebSite\",\"@id\":\"https:\/\/lubricants.ncheurope.com\/sv\/#website\",\"url\":\"https:\/\/lubricants.ncheurope.com\/sv\/\",\"name\":\"NCH Lubricants\",\"description\":\"\",\"potentialAction\":[{\"@type\":\"SearchAction\",\"target\":{\"@type\":\"EntryPoint\",\"urlTemplate\":\"https:\/\/lubricants.ncheurope.com\/sv\/?s={search_term_string}\"},\"query-input\":{\"@type\":\"PropertyValueSpecification\",\"valueRequired\":true,\"valueName\":\"search_term_string\"}}],\"inLanguage\":\"hu\"}]}<\/script>\n<!-- \/ Yoast SEO Premium plugin. -->","yoast_head_json":{"title":"Modern rabszolgas\u00e1gr\u00f3l \u00e9s emberkereskedelemr\u0151l sz\u00f3l\u00f3 nyilatkozat","description":"Az NCH (UK) Limited hat\u00e1rozottan ki\u00e1ll a modern rabszolgas\u00e1g \u00e9s emberkereskedelem ellen. Olvassa el a 2015-\u00f6s Modern Slavery Act (Modern Slavery Act 2015) szerinti nyilatkozatunkat.","robots":{"index":"index","follow":"follow","max-snippet":"max-snippet:-1","max-image-preview":"max-image-preview:large","max-video-preview":"max-video-preview:-1"},"canonical":"https:\/\/lubricants.ncheurope.com\/hu\/nch-corporation-megfelelosegi-nyilatkozat-modern-slavery-act-2015\/","og_locale":"hu_HU","og_type":"article","og_title":"NCH Corporation megfelel\u0151s\u00e9gi nyilatkozat: Modern Slavery Act 2015","og_description":"Az NCH (UK) Limited hat\u00e1rozottan ki\u00e1ll a modern rabszolgas\u00e1g \u00e9s emberkereskedelem ellen. Olvassa el a 2015-\u00f6s Modern Slavery Act (Modern Slavery Act 2015) szerinti nyilatkozatunkat.","og_url":"https:\/\/lubricants.ncheurope.com\/hu\/nch-corporation-megfelelosegi-nyilatkozat-modern-slavery-act-2015\/","og_site_name":"NCH Lubricants","article_modified_time":"2026-03-06T09:48:55+00:00","twitter_card":"summary_large_image","schema":{"@context":"https:\/\/schema.org","@graph":[{"@type":"WebPage","@id":"https:\/\/lubricants.ncheurope.com\/hu\/nch-corporation-megfelelosegi-nyilatkozat-modern-slavery-act-2015\/","url":"https:\/\/lubricants.ncheurope.com\/hu\/nch-corporation-megfelelosegi-nyilatkozat-modern-slavery-act-2015\/","name":"Modern rabszolgas\u00e1gr\u00f3l \u00e9s emberkereskedelemr\u0151l sz\u00f3l\u00f3 nyilatkozat","isPartOf":{"@id":"https:\/\/lubricants.ncheurope.com\/sv\/#website"},"datePublished":"2025-09-03T07:43:48+00:00","dateModified":"2026-03-06T09:48:55+00:00","description":"Az NCH (UK) Limited hat\u00e1rozottan ki\u00e1ll a modern rabszolgas\u00e1g \u00e9s emberkereskedelem ellen. Olvassa el a 2015-\u00f6s Modern Slavery Act (Modern Slavery Act 2015) szerinti nyilatkozatunkat.","breadcrumb":{"@id":"https:\/\/lubricants.ncheurope.com\/hu\/nch-corporation-megfelelosegi-nyilatkozat-modern-slavery-act-2015\/#breadcrumb"},"inLanguage":"hu","potentialAction":[{"@type":"ReadAction","target":["https:\/\/lubricants.ncheurope.com\/hu\/nch-corporation-megfelelosegi-nyilatkozat-modern-slavery-act-2015\/"]}]},{"@type":"BreadcrumbList","@id":"https:\/\/lubricants.ncheurope.com\/hu\/nch-corporation-megfelelosegi-nyilatkozat-modern-slavery-act-2015\/#breadcrumb","itemListElement":[{"@type":"ListItem","position":1,"name":"Honlap","item":"https:\/\/lubricants.ncheurope.com\/hu\/"},{"@type":"ListItem","position":2,"name":"NCH Corporation megfelel\u0151s\u00e9gi nyilatkozat: Modern Slavery Act 2015"}]},{"@type":"WebSite","@id":"https:\/\/lubricants.ncheurope.com\/sv\/#website","url":"https:\/\/lubricants.ncheurope.com\/sv\/","name":"NCH Lubricants","description":"","potentialAction":[{"@type":"SearchAction","target":{"@type":"EntryPoint","urlTemplate":"https:\/\/lubricants.ncheurope.com\/sv\/?s={search_term_string}"},"query-input":{"@type":"PropertyValueSpecification","valueRequired":true,"valueName":"search_term_string"}}],"inLanguage":"hu"}]}},"_links":{"self":[{"href":"https:\/\/lubricants.ncheurope.com\/hu\/wp-json\/wp\/v2\/pages\/65423","targetHints":{"allow":["GET"]}}],"collection":[{"href":"https:\/\/lubricants.ncheurope.com\/hu\/wp-json\/wp\/v2\/pages"}],"about":[{"href":"https:\/\/lubricants.ncheurope.com\/hu\/wp-json\/wp\/v2\/types\/page"}],"author":[{"embeddable":true,"href":"https:\/\/lubricants.ncheurope.com\/hu\/wp-json\/wp\/v2\/users\/2"}],"replies":[{"embeddable":true,"href":"https:\/\/lubricants.ncheurope.com\/hu\/wp-json\/wp\/v2\/comments?post=65423"}],"version-history":[{"count":1,"href":"https:\/\/lubricants.ncheurope.com\/hu\/wp-json\/wp\/v2\/pages\/65423\/revisions"}],"predecessor-version":[{"id":65425,"href":"https:\/\/lubricants.ncheurope.com\/hu\/wp-json\/wp\/v2\/pages\/65423\/revisions\/65425"}],"wp:attachment":[{"href":"https:\/\/lubricants.ncheurope.com\/hu\/wp-json\/wp\/v2\/media?parent=65423"}],"curies":[{"name":"wp","href":"https:\/\/api.w.org\/{rel}","templated":true}]}}