{"id":64985,"date":"2025-02-21T16:27:06","date_gmt":"2025-02-21T16:27:06","guid":{"rendered":"https:\/\/lubricants.ncheurope.com\/vilagszerte\/"},"modified":"2026-01-05T11:41:45","modified_gmt":"2026-01-05T11:41:45","slug":"vilagszerte","status":"publish","type":"page","link":"https:\/\/lubricants.ncheurope.com\/hu\/vilagszerte\/","title":{"rendered":"Vil\u00e1gszerte"},"content":{"rendered":"\n<div class=\"internal-banner-block relative secondaryLubricants paddingBottomLarge bg-no-repeat pt-[110px] lg:pt-[160px]  bg-cover bg-center\" style=\"background-image: url('https:\/\/lubricants.ncheurope.com\/wp-content\/uploads\/2025\/08\/Global-Presence-Lubricants-banner.jpg')\">\n    <div class=\"overlay absolute top-0 bottom-0 left-0 right-0 z-0 gradient-secondaryLubricants-180-dark\"><\/div>    <div class=\"container relative z-10\">\n        <div class=\"breadcrumb-container mb-[60px] lg:mb-[103px] hidden md:block\">\n            <p class=\"text-lightXs !mb-0 !text-[12px] flex flex-row items-center\">You are here: <a class=\"!font-regular mx-2 hover:underline\" href=\"https:\/\/lubricants.ncheurope.com\/hu\/\">Kezd\u0151lap<\/a> \/ <span class=\"ml-2 font-semibold\">Vil\u00e1gszerte<\/span><\/p>\n        <\/div>\n\n        <div class=\"content-container flex flex-col-reverse md:flex-row flex-wrap justify-between\">\n\n                            <div class=\"text-container md:basis-10\/12\">\n                    <h1 class=\"heading-1-light\">Helysz\u00ednek vil\u00e1gszerte<\/h1>                    <div class=\"wysiwyg-container text-light !mb-0 max-w-[768px]\"><p>Az NCH Lubricants nagy teljes\u00edtm\u00e9ny\u0171 ken\u00e9si megold\u00e1sokat k\u00edn\u00e1l az eur\u00f3pai, \u00e1zsiai, \u00e9szak-amerikai \u00e9s latin-amerikai ipar\u00e1gak sz\u00e1m\u00e1ra. Az NCH Corporation r\u00e9szlegek\u00e9nt az NCH Lubricants a gy\u00e1rt\u00e1si l\u00e9tes\u00edtm\u00e9nyek \u00e9s \u00e9rt\u00e9kes\u00edt\u00e9si szakemberek vil\u00e1gm\u00e9ret\u0171 h\u00e1l\u00f3zat\u00e1t haszn\u00e1lja ki, hogy vil\u00e1gszerte egyenletes min\u0151s\u00e9get \u00e9s innov\u00e1ci\u00f3t ny\u00fajtson. <\/p>\n<p>&nbsp;<\/p>\n<\/div>                                    <\/div>\n                    <\/div>\n    <\/div>\n<\/div>\n\n\n<div class=\"text-and-link-cards-slider-block relative box-content overflow-x-hidden paddingTopLarge paddingBottomLarge secondaryLubricants has-anchor-link\">\n    <div class=\"overlay z-0 absolute top-0 left-0 right-0 bottom-2\/4 block bg-secondaryLubricants\"><\/div>\n    <!-- Start Text Section -->\n    <div class=\"container text-and-link-cards-slider-text\">\n        <div class=\"flex flex-row flex-wrap justify-between items-center relative z-10 pb-[60px]\">\n            <h2 class=\"heading-2 basis-full text-white\">  Glob\u00e1lis szak\u00e9rtelem a ken\u00e9s ter\u00fclet\u00e9n<\/h2>            <p class=\"text-lightBase lg:basis-8\/12 mb-0\">Az NCH Lubricants a ken\u0151anyag-\u00e9rt\u00e9kes\u00edt\u00e9si csapatok \u00e9s helysz\u00edni ipari szak\u00e9rt\u0151k glob\u00e1lis h\u00e1l\u00f3zat\u00e1val rendelkezik a glob\u00e1lis el\u00e9rhet\u0151s\u00e9ggel, term\u00e9kekkel \u00e9s szolg\u00e1ltat\u00e1sokkal, amelyek seg\u00edtenek meghosszabb\u00edtani a berendez\u00e9sek \u00e9lettartam\u00e1t, cs\u00f6kkenteni az \u00e1ll\u00e1sid\u0151t \u00e9s cs\u00f6kkenteni a k\u00f6lts\u00e9geket.<\/p>                    <\/div>\n    <\/div>\n    <!-- End Text Section -->\n\n    <!-- Start Slider Column -->\n            <div class=\"slider-container flex flex-col overflow-x-hidden absolute right-0\">\n            <div class=\"text-and-link-cards-slider-block-slider\">\n                                    <div class=\"slide !flex flex-col justify-start items-start bg-white border border-primaryOffWhite px-2 pt-2 pb-8 mr-2 last-of-type:mr-0 mb-5 relative shadow-[0_10px_10px_0_rgba(109,106,112,0.15)] secondaryLubricants\">\n                        <div class=\"image-container relative bg-center bg-cover bg-no-repeat w-full min-h-[178px] flex items-end mb-6\" style=\"background-image: url('https:\/\/lubricants.ncheurope.com\/wp-content\/uploads\/2025\/08\/North-Amercia-Lubricants.jpg')\">\n                            <div class=\"overlay z-0 absolute top-0 left-0 right-0 bottom-0 gradient-secondaryLubricants-180\"><\/div>\n                            <h4 class=\"heading-4 text-white px-6 z-10 relative !mb-5\">\u00c9szak-Amerika  <\/h4>                        <\/div>\n                        <p class=\"text-darkSm px-6 z-10 relative !mb-6\">L\u00e1togasson el \u00e9szak-amerikai ken\u00e9si r\u00e9szleg\u00fcnkh\u00f6z, a Certified Labshez.<\/p>                            \n                        <!-- Start of links repeater -->\n                                                <!-- End of links repeater -->\n\n                                                    <a href=\"https:\/\/certifiedlabs.com\/\" class=\"button button--secondary button--secondaryLubricants w-[calc(100%-48px)] relative z-10 mx-6 !py-3\" target=\"_blank\">\u00c9szak-Amerika  <\/a>\n                                            <\/div>\n\n                                    <div class=\"slide !flex flex-col justify-start items-start bg-white border border-primaryOffWhite px-2 pt-2 pb-8 mr-2 last-of-type:mr-0 mb-5 relative shadow-[0_10px_10px_0_rgba(109,106,112,0.15)] secondaryLubricants\">\n                        <div class=\"image-container relative bg-center bg-cover bg-no-repeat w-full min-h-[178px] flex items-end mb-6\" style=\"background-image: url('https:\/\/lubricants.ncheurope.com\/wp-content\/uploads\/2025\/08\/Asia-Pacific-Lubricants.jpg')\">\n                            <div class=\"overlay z-0 absolute top-0 left-0 right-0 bottom-0 gradient-secondaryLubricants-180\"><\/div>\n                            <h4 class=\"heading-4 text-white px-6 z-10 relative !mb-5\">\u00c1zsia \u00e9s a csendes-\u00f3ce\u00e1ni t\u00e9rs\u00e9g  <\/h4>                        <\/div>\n                        <p class=\"text-darkSm px-6 z-10 relative !mb-6\">L\u00e1togasson el \u00e1zsiai \u00e9s csendes-\u00f3ce\u00e1ni t\u00e9rs\u00e9g\u00fcnk weboldal\u00e1ra az APAC ken\u00e9si ig\u00e9nyeihez.  <\/p>                            \n                        <!-- Start of links repeater -->\n                                                <!-- End of links repeater -->\n\n                                                    <a href=\"https:\/\/www.nchasia.com\/solution\/lubricants\/\" class=\"button button--secondary button--secondaryLubricants w-[calc(100%-48px)] relative z-10 mx-6 !py-3\" target=\"_blank\">Tov\u00e1bb az APAC r\u00e9gi\u00f3ba<\/a>\n                                            <\/div>\n\n                                    <div class=\"slide !flex flex-col justify-start items-start bg-white border border-primaryOffWhite px-2 pt-2 pb-8 mr-2 last-of-type:mr-0 mb-5 relative shadow-[0_10px_10px_0_rgba(109,106,112,0.15)] secondaryLubricants\">\n                        <div class=\"image-container relative bg-center bg-cover bg-no-repeat w-full min-h-[178px] flex items-end mb-6\" style=\"background-image: url('https:\/\/lubricants.ncheurope.com\/wp-content\/uploads\/2025\/08\/Latin-America-Lubricants.jpg')\">\n                            <div class=\"overlay z-0 absolute top-0 left-0 right-0 bottom-0 gradient-secondaryLubricants-180\"><\/div>\n                            <h4 class=\"heading-4 text-white px-6 z-10 relative !mb-5\">Latin-Amerika  <\/h4>                        <\/div>\n                        <p class=\"text-darkSm px-6 z-10 relative !mb-6\">L\u00e1togasson el latin-amerikai weboldalunkra a LATAM-orsz\u00e1gok ken\u00e9si ig\u00e9nyeihez.  <\/p>                            \n                        <!-- Start of links repeater -->\n                                                <!-- End of links repeater -->\n\n                                                    <a href=\"https:\/\/www.la.nch.com\/lubricantes-industriales.html\" class=\"button button--secondary button--secondaryLubricants w-[calc(100%-48px)] relative z-10 mx-6 !py-3\" target=\"_blank\">Tov\u00e1bb Latin-Amerik\u00e1ba  <\/a>\n                                            <\/div>\n\n                                    <div class=\"slide !flex flex-col justify-start items-start bg-white border border-primaryOffWhite px-2 pt-2 pb-8 mr-2 last-of-type:mr-0 mb-5 relative shadow-[0_10px_10px_0_rgba(109,106,112,0.15)] secondaryLubricants\">\n                        <div class=\"image-container relative bg-center bg-cover bg-no-repeat w-full min-h-[178px] flex items-end mb-6\" style=\"background-image: url('https:\/\/lubricants.ncheurope.com\/wp-content\/uploads\/2025\/08\/Get-in-touch-Lubricants.jpg')\">\n                            <div class=\"overlay z-0 absolute top-0 left-0 right-0 bottom-0 gradient-secondaryLubricants-180\"><\/div>\n                            <h4 class=\"heading-4 text-white px-6 z-10 relative !mb-5\">Besz\u00e9ljen csapatunkkal  <\/h4>                        <\/div>\n                        <p class=\"text-darkSm px-6 z-10 relative !mb-6\">Vegye fel a kapcsolatot eur\u00f3pai csapatunk ken\u00e9si csapat\u00e1val.<\/p>                            \n                        <!-- Start of links repeater -->\n                                                <!-- End of links repeater -->\n\n                                            <\/div>\n\n                            <\/div>\n        <\/div>\n        <!-- End Slider Column -->\n\n<\/div>\n\n\n<div class=\"text-image-cta-block paddingTopLarge paddingBottomLarge secondaryLubricants bg-primaryOffWhite bg-no-repeat bg-contain\">\n    <div class=\"container flex flex-col lg:flex-row-reverse\">\n        <div class=\"text-container flex flex-col items-start lg:pr-5 lg:basis-3\/6 lg:pl-[90px]\">\n                        <h2 class=\"heading-2 text-secondaryLubricants\">Az\u00e9rt vagyunk itt, hogy seg\u00edts\u00fcnk<\/h2>                            <div class=\"text-container\">\n                    <p>Ez a glob\u00e1lis jelenl\u00e9t lehet\u0151v\u00e9 teszi az NCH Lubricants sz\u00e1m\u00e1ra, hogy meg\u00e9rtse \u00e9s kiel\u00e9g\u00edtse az \u00d6n m\u0171k\u00f6d\u00e9s\u00e9nek egyedi ig\u00e9nyeit, mik\u00f6zben helyi t\u00e1mogat\u00e1st \u00e9s szak\u00e9rtelmet ny\u00fajt, hogy minden r\u00e9gi\u00f3ban biztos\u00edtsa az optim\u00e1lis teljes\u00edtm\u00e9nyt \u00e9s a v\u00e1s\u00e1rl\u00f3i el\u00e9gedetts\u00e9get.<\/p>\n                <\/div>\n                                        <a href=\"https:\/\/lubricants.ncheurope.com\/hu\/kapcsolatfelvetel\/\" class=\"button mt-5 button--secondaryLubricants relative \" target=\"_parent\">Kapcsolatfelv\u00e9tel<\/a>\n                    <\/div>\n                    <div class=\"image-container lg:basis-3\/6 relative flex flex-col mt-[24px] lg:mt-0\">\n                <div class=\"skewed-image-container min-h-[388px] bg-no-repeat bg-cover bg-center skewedImageLarge-flipped shadow-[0_10px_10px_0_rgba(109,106,112,0.15)]\" style=\"background-image: url(https:\/\/lubricants.ncheurope.com\/wp-content\/uploads\/2025\/08\/Worldwide-here-to-help.jpg);\"><\/div>\n            <\/div>\n                    <\/div>\n<\/div>\n\n\n    <div class=\"related-cards-block box-content relative bg-white paddingTopLarge paddingBottomLarge secondaryLubricants\">\n        <div class=\"container flex flex-col\">\n            <!-- Start Text Section -->\n            <div class=\"flex flex-row flex-wrap justify-between items-end relative z-10 pb-[60px]\">\n                <h2 class=\"heading-2 basis-full text-secondaryLubricants\">Van m\u00e9g mit felfedezni&#8230;<\/h2>                <p class=\"text-darkBase basis-full lg:basis-8\/12 !mb-0\">Vil\u00e1gszerte t\u00f6bb ezer v\u00e1llalkoz\u00e1s megb\u00edzhat\u00f3 ken\u0151anyag-sz\u00e1ll\u00edt\u00f3ja \u00e9s szervizpartnere vagyunk. A kis, f\u00fcggetlen c\u00e9gekt\u0151l a nagy ipari gy\u00e1rt\u00f3\u00fczemekig az ipar\u00e1gak sz\u00e9les sk\u00e1l\u00e1j\u00e1t t\u00e1mogatjuk kiv\u00e1l\u00f3 min\u0151s\u00e9g\u0171 ken\u0151anyagterm\u00e9kekkel.   <\/p>                                    <a href=\"https:\/\/lubricants.ncheurope.com\/hu\/\" class=\"button button--secondaryLubricants hover:bg-secondaryLubricants hover:text-white relative mt-[24px] lg:mt-0\">Fedezzen fel t\u00f6bbet<\/a>\n                            <\/div>\n            <!-- End Text Section -->\n            \n            <!-- Start Related Cards Section -->\n            \n                            <div class=\" flex flex-row flex-wrap\">\n                                                                        <div class=\"related-card max-w-full md:max-w-[calc(50%-4px)] lg:max-w-[calc(25%-8px)] w-full px-2 pt-2 pb-8 mr-0 md:odd:mr-2 lg:mr-2 mb-10 relative bg-white shadow-[0_10px_10px_0_rgba(109,106,112,0.15)] border border-primaryOffWhite\">\n                                <div class=\"blog-image relative bg-center bg-no-repeat bg-cover min-h-[216px] mb-6\" style=\"background-image: url('https:\/\/lubricants.ncheurope.com\/wp-content\/uploads\/2025\/06\/Construction-drop-down-menu.jpg')\"><\/div>\n                                <div class=\"flex flex-col items-start px-6\">\n                                    <h6 class=\"heading-6 text-secondaryLubricants z-10 relative !mb-4\">Ipar\u00e1gak<\/h6>\n                                    <p class=\"text-darkSm z-10 relative !mb-5\">Az ipar\u00e1gakban megb\u00edzhat\u00f3, szem\u00e9lyre szabott ken\u0151anyag-megold\u00e1sokat k\u00edn\u00e1lunk a cs\u00facsteljes\u00edtm\u00e9ny \u00e9rdek\u00e9ben.<\/p>\n                                    <a href=\"https:\/\/lubricants.ncheurope.com\/hu\/iparagak\/\" class=\"button button--secondary button--secondaryLubricants\">Fedezzen fel mindent<\/a>\n                                <\/div>\n                            <\/div>\n                                                                                                <div class=\"related-card max-w-full md:max-w-[calc(50%-4px)] lg:max-w-[calc(25%-8px)] w-full px-2 pt-2 pb-8 mr-0 md:odd:mr-2 lg:mr-2 mb-10 relative bg-white shadow-[0_10px_10px_0_rgba(109,106,112,0.15)] border border-primaryOffWhite\">\n                                <div class=\"blog-image relative bg-center bg-no-repeat bg-cover min-h-[216px] mb-6\" style=\"background-image: url('https:\/\/lubricants.ncheurope.com\/wp-content\/uploads\/2025\/06\/Lubricants-About-Us-who-we-are.jpg')\"><\/div>\n                                <div class=\"flex flex-col items-start px-6\">\n                                    <h6 class=\"heading-6 text-secondaryLubricants z-10 relative !mb-4\">Term\u00e9kek<\/h6>\n                                    <p class=\"text-darkSm z-10 relative !mb-5\">A zs\u00edrokt\u00f3l az olajokig, az \u00fczemanyag-programokt\u00f3l a speci\u00e1lis aeroszolokig &#8211; az NCH Lubricants az \u00d6n sz\u00e1m\u00e1ra mindent biztos\u00edt.<\/p>\n                                    <a href=\"https:\/\/lubricants.ncheurope.com\/hu\/termekek\/\" class=\"button button--secondary button--secondaryLubricants\">N\u00e9zze meg<\/a>\n                                <\/div>\n                            <\/div>\n                                                                                                <div class=\"related-card max-w-full md:max-w-[calc(50%-4px)] lg:max-w-[calc(25%-8px)] w-full px-2 pt-2 pb-8 mr-0 md:odd:mr-2 lg:mr-2 mb-10 relative bg-white shadow-[0_10px_10px_0_rgba(109,106,112,0.15)] border border-primaryOffWhite\">\n                                <div class=\"blog-image relative bg-center bg-no-repeat bg-cover min-h-[216px] mb-6\" style=\"background-image: url('https:\/\/lubricants.ncheurope.com\/wp-content\/uploads\/2025\/06\/Lubricants-About-Us-Quality-and-Innovation.png')\"><\/div>\n                                <div class=\"flex flex-col items-start px-6\">\n                                    <h6 class=\"heading-6 text-secondaryLubricants z-10 relative !mb-4\">Karrier<\/h6>\n                                    <p class=\"text-darkSm z-10 relative !mb-5\">Szeretne az NCH Lubricants-szal dolgozni? Keresse meg a leg\u00fajabb \u00e1ll\u00e1saj\u00e1nlatokat, \u00e9s kezdje el karrierj\u00e9t n\u00e1lunk.<\/p>\n                                    <a href=\"https:\/\/lubricants.ncheurope.com\/hu\/karrier\/\" class=\"button button--secondary button--secondaryLubricants\">Jelentkezzen most<\/a>\n                                <\/div>\n                            <\/div>\n                                                                                                <div class=\"related-card max-w-full md:max-w-[calc(50%-4px)] lg:max-w-[calc(25%-8px)] w-full px-2 pt-2 pb-8 mr-0 md:odd:mr-2 lg:mr-2 mb-10 relative bg-white shadow-[0_10px_10px_0_rgba(109,106,112,0.15)] border border-primaryOffWhite\">\n                                <div class=\"blog-image relative bg-center bg-no-repeat bg-cover min-h-[216px] mb-6\" style=\"background-image: url('https:\/\/lubricants.ncheurope.com\/wp-content\/uploads\/2025\/06\/Our-manufacturing.jpg')\"><\/div>\n                                <div class=\"flex flex-col items-start px-6\">\n                                    <h6 class=\"heading-6 text-secondaryLubricants z-10 relative !mb-4\">R\u00f3lunk  <\/h6>\n                                    <p class=\"text-darkSm z-10 relative !mb-5\">Az NCH Lubricants 1949 \u00f3ta vil\u00e1gszerte elismert, teljes k\u00f6r\u0171 szolg\u00e1ltat\u00e1st ny\u00fajt\u00f3 ken\u0151anyag-sz\u00e1ll\u00edt\u00f3.<\/p>\n                                    <a href=\"https:\/\/lubricants.ncheurope.com\/hu\/rolunk\/\" class=\"button button--secondary button--secondaryLubricants\">Tov\u00e1bbi inform\u00e1ci\u00f3k<\/a>\n                                <\/div>\n                            <\/div>\n                                                            <\/div>\n                        \n            <!-- End Related Cards Section -->\n        <\/div>\n\n    <\/div>","protected":false},"excerpt":{"rendered":"","protected":false},"author":1,"featured_media":0,"parent":0,"menu_order":0,"comment_status":"closed","ping_status":"closed","template":"","meta":{"_acf_changed":false,"footnotes":""},"class_list":["post-64985","page","type-page","status-publish","hentry"],"acf":[],"yoast_head":"<!-- This site is optimized with the Yoast SEO Premium plugin v21.7 (Yoast SEO v27.2) - https:\/\/yoast.com\/product\/yoast-seo-premium-wordpress\/ -->\n<title>Vil\u00e1gszerte - NCH Lubricants<\/title>\n<meta name=\"description\" content=\"Az NCH Lubricants nagy teljes\u00edtm\u00e9ny\u0171 ken\u00e9si megold\u00e1sokat k\u00edn\u00e1l az eur\u00f3pai, \u00e1zsiai, \u00e9szak-amerikai \u00e9s latin-amerikai ipar\u00e1gak sz\u00e1m\u00e1ra.\" class=\"yoast-seo-meta-tag\" \/>\n<meta name=\"robots\" content=\"index, follow, max-snippet:-1, max-image-preview:large, max-video-preview:-1\" \/>\n<link rel=\"canonical\" href=\"https:\/\/lubricants.ncheurope.com\/hu\/vilagszerte\/\" class=\"yoast-seo-meta-tag\" \/>\n<meta property=\"og:locale\" content=\"hu_HU\" class=\"yoast-seo-meta-tag\" \/>\n<meta property=\"og:type\" content=\"article\" class=\"yoast-seo-meta-tag\" \/>\n<meta property=\"og:title\" content=\"Vil\u00e1gszerte\" class=\"yoast-seo-meta-tag\" \/>\n<meta property=\"og:description\" content=\"Az NCH Lubricants nagy teljes\u00edtm\u00e9ny\u0171 ken\u00e9si megold\u00e1sokat k\u00edn\u00e1l az eur\u00f3pai, \u00e1zsiai, \u00e9szak-amerikai \u00e9s latin-amerikai ipar\u00e1gak sz\u00e1m\u00e1ra.\" class=\"yoast-seo-meta-tag\" \/>\n<meta property=\"og:url\" content=\"https:\/\/lubricants.ncheurope.com\/hu\/vilagszerte\/\" class=\"yoast-seo-meta-tag\" \/>\n<meta property=\"og:site_name\" content=\"NCH Lubricants\" class=\"yoast-seo-meta-tag\" \/>\n<meta property=\"article:modified_time\" content=\"2026-01-05T11:41:45+00:00\" class=\"yoast-seo-meta-tag\" \/>\n<meta name=\"twitter:card\" content=\"summary_large_image\" class=\"yoast-seo-meta-tag\" \/>\n<script type=\"application\/ld+json\" class=\"yoast-schema-graph\">{\"@context\":\"https:\/\/schema.org\",\"@graph\":[{\"@type\":\"WebPage\",\"@id\":\"https:\/\/lubricants.ncheurope.com\/hu\/vilagszerte\/\",\"url\":\"https:\/\/lubricants.ncheurope.com\/hu\/vilagszerte\/\",\"name\":\"Vil\u00e1gszerte - NCH Lubricants\",\"isPartOf\":{\"@id\":\"https:\/\/lubricants.ncheurope.com\/sv\/#website\"},\"datePublished\":\"2025-02-21T16:27:06+00:00\",\"dateModified\":\"2026-01-05T11:41:45+00:00\",\"description\":\"Az NCH Lubricants nagy teljes\u00edtm\u00e9ny\u0171 ken\u00e9si megold\u00e1sokat k\u00edn\u00e1l az eur\u00f3pai, \u00e1zsiai, \u00e9szak-amerikai \u00e9s latin-amerikai ipar\u00e1gak sz\u00e1m\u00e1ra.\",\"breadcrumb\":{\"@id\":\"https:\/\/lubricants.ncheurope.com\/hu\/vilagszerte\/#breadcrumb\"},\"inLanguage\":\"hu\",\"potentialAction\":[{\"@type\":\"ReadAction\",\"target\":[\"https:\/\/lubricants.ncheurope.com\/hu\/vilagszerte\/\"]}]},{\"@type\":\"BreadcrumbList\",\"@id\":\"https:\/\/lubricants.ncheurope.com\/hu\/vilagszerte\/#breadcrumb\",\"itemListElement\":[{\"@type\":\"ListItem\",\"position\":1,\"name\":\"Honlap\",\"item\":\"https:\/\/lubricants.ncheurope.com\/hu\/\"},{\"@type\":\"ListItem\",\"position\":2,\"name\":\"Vil\u00e1gszerte\"}]},{\"@type\":\"WebSite\",\"@id\":\"https:\/\/lubricants.ncheurope.com\/sv\/#website\",\"url\":\"https:\/\/lubricants.ncheurope.com\/sv\/\",\"name\":\"NCH Lubricants\",\"description\":\"\",\"potentialAction\":[{\"@type\":\"SearchAction\",\"target\":{\"@type\":\"EntryPoint\",\"urlTemplate\":\"https:\/\/lubricants.ncheurope.com\/sv\/?s={search_term_string}\"},\"query-input\":{\"@type\":\"PropertyValueSpecification\",\"valueRequired\":true,\"valueName\":\"search_term_string\"}}],\"inLanguage\":\"hu\"}]}<\/script>\n<!-- \/ Yoast SEO Premium plugin. -->","yoast_head_json":{"title":"Vil\u00e1gszerte - NCH Lubricants","description":"Az NCH Lubricants nagy teljes\u00edtm\u00e9ny\u0171 ken\u00e9si megold\u00e1sokat k\u00edn\u00e1l az eur\u00f3pai, \u00e1zsiai, \u00e9szak-amerikai \u00e9s latin-amerikai ipar\u00e1gak sz\u00e1m\u00e1ra.","robots":{"index":"index","follow":"follow","max-snippet":"max-snippet:-1","max-image-preview":"max-image-preview:large","max-video-preview":"max-video-preview:-1"},"canonical":"https:\/\/lubricants.ncheurope.com\/hu\/vilagszerte\/","og_locale":"hu_HU","og_type":"article","og_title":"Vil\u00e1gszerte","og_description":"Az NCH Lubricants nagy teljes\u00edtm\u00e9ny\u0171 ken\u00e9si megold\u00e1sokat k\u00edn\u00e1l az eur\u00f3pai, \u00e1zsiai, \u00e9szak-amerikai \u00e9s latin-amerikai ipar\u00e1gak sz\u00e1m\u00e1ra.","og_url":"https:\/\/lubricants.ncheurope.com\/hu\/vilagszerte\/","og_site_name":"NCH Lubricants","article_modified_time":"2026-01-05T11:41:45+00:00","twitter_card":"summary_large_image","schema":{"@context":"https:\/\/schema.org","@graph":[{"@type":"WebPage","@id":"https:\/\/lubricants.ncheurope.com\/hu\/vilagszerte\/","url":"https:\/\/lubricants.ncheurope.com\/hu\/vilagszerte\/","name":"Vil\u00e1gszerte - NCH Lubricants","isPartOf":{"@id":"https:\/\/lubricants.ncheurope.com\/sv\/#website"},"datePublished":"2025-02-21T16:27:06+00:00","dateModified":"2026-01-05T11:41:45+00:00","description":"Az NCH Lubricants nagy teljes\u00edtm\u00e9ny\u0171 ken\u00e9si megold\u00e1sokat k\u00edn\u00e1l az eur\u00f3pai, \u00e1zsiai, \u00e9szak-amerikai \u00e9s latin-amerikai ipar\u00e1gak sz\u00e1m\u00e1ra.","breadcrumb":{"@id":"https:\/\/lubricants.ncheurope.com\/hu\/vilagszerte\/#breadcrumb"},"inLanguage":"hu","potentialAction":[{"@type":"ReadAction","target":["https:\/\/lubricants.ncheurope.com\/hu\/vilagszerte\/"]}]},{"@type":"BreadcrumbList","@id":"https:\/\/lubricants.ncheurope.com\/hu\/vilagszerte\/#breadcrumb","itemListElement":[{"@type":"ListItem","position":1,"name":"Honlap","item":"https:\/\/lubricants.ncheurope.com\/hu\/"},{"@type":"ListItem","position":2,"name":"Vil\u00e1gszerte"}]},{"@type":"WebSite","@id":"https:\/\/lubricants.ncheurope.com\/sv\/#website","url":"https:\/\/lubricants.ncheurope.com\/sv\/","name":"NCH Lubricants","description":"","potentialAction":[{"@type":"SearchAction","target":{"@type":"EntryPoint","urlTemplate":"https:\/\/lubricants.ncheurope.com\/sv\/?s={search_term_string}"},"query-input":{"@type":"PropertyValueSpecification","valueRequired":true,"valueName":"search_term_string"}}],"inLanguage":"hu"}]}},"_links":{"self":[{"href":"https:\/\/lubricants.ncheurope.com\/hu\/wp-json\/wp\/v2\/pages\/64985","targetHints":{"allow":["GET"]}}],"collection":[{"href":"https:\/\/lubricants.ncheurope.com\/hu\/wp-json\/wp\/v2\/pages"}],"about":[{"href":"https:\/\/lubricants.ncheurope.com\/hu\/wp-json\/wp\/v2\/types\/page"}],"author":[{"embeddable":true,"href":"https:\/\/lubricants.ncheurope.com\/hu\/wp-json\/wp\/v2\/users\/1"}],"replies":[{"embeddable":true,"href":"https:\/\/lubricants.ncheurope.com\/hu\/wp-json\/wp\/v2\/comments?post=64985"}],"version-history":[{"count":4,"href":"https:\/\/lubricants.ncheurope.com\/hu\/wp-json\/wp\/v2\/pages\/64985\/revisions"}],"predecessor-version":[{"id":65034,"href":"https:\/\/lubricants.ncheurope.com\/hu\/wp-json\/wp\/v2\/pages\/64985\/revisions\/65034"}],"wp:attachment":[{"href":"https:\/\/lubricants.ncheurope.com\/hu\/wp-json\/wp\/v2\/media?parent=64985"}],"curies":[{"name":"wp","href":"https:\/\/api.w.org\/{rel}","templated":true}]}}