{"id":64691,"date":"2025-02-21T19:16:02","date_gmt":"2025-02-21T19:16:02","guid":{"rendered":"https:\/\/lubricants.ncheurope.com\/?page_id=64691"},"modified":"2026-01-05T11:39:52","modified_gmt":"2026-01-05T11:39:52","slug":"globalis-kenoanyag-szolgaltatas","status":"publish","type":"page","link":"https:\/\/lubricants.ncheurope.com\/hu\/rolunk\/globalis-kenoanyag-szolgaltatas\/","title":{"rendered":"Glob\u00e1lis ken\u0151anyag-szolg\u00e1ltat\u00e1s"},"content":{"rendered":"\n<div class=\"internal-banner-block relative secondaryLubricants paddingBottomLarge bg-no-repeat pt-[110px] lg:pt-[160px]  bg-cover bg-center\" style=\"background-image: url('https:\/\/lubricants.ncheurope.com\/wp-content\/uploads\/2025\/08\/Global-Presence-Lubricants-banner.jpg')\">\n    <div class=\"overlay absolute top-0 bottom-0 left-0 right-0 z-0 gradient-secondaryLubricants-180-dark\"><\/div>    <div class=\"container relative z-10\">\n        <div class=\"breadcrumb-container mb-[60px] lg:mb-[103px] hidden md:block\">\n            <p class=\"text-lightXs !mb-0 !text-[12px] flex flex-row items-center\">You are here: <a class=\"!font-regular mx-2 hover:underline\" href=\"https:\/\/lubricants.ncheurope.com\/hu\/\">Kezd\u0151lap<\/a> \/ <a class=\"mx-2 hover:underline\" href=\"https:\/\/lubricants.ncheurope.com\/hu\/rolunk\/\">R\u00f3lunk<\/a> \/ <select name=\"breadcrumb-select\" id=\"breadcrumb-select\" class=\"breadcrumb-select\"><option value=\"https:\/\/lubricants.ncheurope.com\/hu\/rolunk\/termekminoseg-es-innovacio\/\">Term\u00e9kmin\u0151s\u00e9g \u00e9s innov\u00e1ci\u00f3<\/option><option value=\"https:\/\/lubricants.ncheurope.com\/hu\/rolunk\/mult\/\">M\u00falt<\/option><option value=\"https:\/\/lubricants.ncheurope.com\/hu\/rolunk\/globalis-kenoanyag-szolgaltatas\/\">Glob\u00e1lis ken\u0151anyag-szolg\u00e1ltat\u00e1s<\/option><option value=\"https:\/\/lubricants.ncheurope.com\/hu\/rolunk\/fenntarthatosag\/\">Fenntarthat\u00f3s\u00e1g<\/option><\/select><\/p>\n        <\/div>\n\n        <div class=\"content-container flex flex-col-reverse md:flex-row flex-wrap justify-between\">\n\n                            <div class=\"text-container md:basis-10\/12\">\n                    <h1 class=\"heading-1-light\">Glob\u00e1lis ken\u0151anyag-szolg\u00e1ltat\u00e1s<\/h1>                    <div class=\"wysiwyg-container text-light !mb-0 max-w-[768px]\"><p>A neh\u00e9zg\u00e9pek \u00e9s ipari alkalmaz\u00e1sok sz\u00e1m\u00e1ra kifejlesztett, fejlett ken\u00e9si technol\u00f3gi\u00e1kra szakosodott NCH Lubricants glob\u00e1lis szinten m\u0171k\u00f6dik, \u00e9s helyi t\u00e1mogat\u00f3 csapatok seg\u00edtik munk\u00e1j\u00e1t az olyan fontos r\u00e9gi\u00f3kban, mint \u00c9szak-Amerika, Eur\u00f3pa, \u00c1zsia-Csendes-\u00f3ce\u00e1n t\u00e9rs\u00e9ge \u00e9s Latin-Amerika.<\/p>\n<\/div>                                    <\/div>\n                    <\/div>\n    <\/div>\n<\/div>\n\n\n<div class=\"text-image-cta-block paddingTopLarge paddingBottomLarge secondaryLubricants bg-white bg-no-repeat bg-contain\">\n    <div class=\"container flex flex-col lg:flex-row-reverse\">\n        <div class=\"text-container flex flex-col items-start lg:pr-5 lg:basis-3\/6 lg:pl-[90px]\">\n                        <h2 class=\"heading-2 text-secondaryLubricants\">Glob\u00e1lis megold\u00e1sok ipari berendez\u00e9sek teljes\u00edtm\u00e9ny\u00e9nek jav\u00edt\u00e1s\u00e1ra<\/h2>                            <div class=\"text-container\">\n                    <p>Az egyik legnagyobb glob\u00e1lis ken\u0151anyaggy\u00e1rt\u00f3k\u00e9nt az NCH Lubricants v\u00e1ltozatos term\u00e9kportf\u00f3li\u00f3t k\u00edn\u00e1l, amely ipari zs\u00edrokat, olajokat, \u00fczemanyag-adal\u00e9kokat, ken\u0151anyagokat \u00e9s \u00e9lelmiszeripari ken\u0151anyagokat tartalmaz, amelyek olyan \u00e1gazatokra vannak szabva, mint a hullad\u00e9k- \u00e9s f\u00e9mhullad\u00e9k-ipar, a b\u00e1ny\u00e1szat, a mez\u0151gazdas\u00e1g, a gy\u00e1rt\u00e1s, az erd\u0151gazd\u00e1lkod\u00e1s, az olaj- \u00e9s g\u00e1zipar, valamint a biomassza-ipar.<\/p>\n                <\/div>\n                                        <a href=\"https:\/\/lubricants.ncheurope.com\/hu\/vilagszerte\/\" class=\"button mt-5 button--secondaryLubricants relative \" target=\"_parent\">Telephelyeink vil\u00e1gszerte<\/a>\n                    <\/div>\n                    <div class=\"image-container lg:basis-3\/6 relative flex flex-col mt-[24px] lg:mt-0\">\n                <div class=\"skewed-image-container min-h-[388px] bg-no-repeat bg-cover bg-center skewedImageLarge-flipped shadow-[0_10px_10px_0_rgba(109,106,112,0.15)]\" style=\"background-image: url(https:\/\/lubricants.ncheurope.com\/wp-content\/uploads\/2025\/08\/Worldwide-image.jpg);\"><\/div>\n            <\/div>\n                    <\/div>\n<\/div>\n\n\n<div class=\"text-and-link-cards-slider-block relative box-content overflow-x-hidden paddingTopLarge paddingBottomLarge secondaryLubricants has-anchor-link\">\n    <div class=\"overlay z-0 absolute top-0 left-0 right-0 bottom-2\/4 block bg-secondaryLubricants\"><\/div>\n    <!-- Start Text Section -->\n    <div class=\"container text-and-link-cards-slider-text\">\n        <div class=\"flex flex-row flex-wrap justify-between items-center relative z-10 pb-[60px]\">\n            <h2 class=\"heading-2 basis-full text-white\">Glob\u00e1lis szak\u00e9rtelem a ken\u0151anyag-szolg\u00e1ltat\u00e1sokban<\/h2>            <p class=\"text-lightBase lg:basis-8\/12 mb-0\">Az NCH Lubricants glob\u00e1lis h\u00e1l\u00f3zata, amely elk\u00f6telezett ken\u0151anyag-\u00e9rt\u00e9kes\u00edt\u0151 csapatokb\u00f3l \u00e9s helysz\u00edni ipar\u00e1gi szak\u00e9rt\u0151kb\u0151l \u00e1ll; glob\u00e1lis lefedetts\u00e9get, term\u00e9keket \u00e9s szolg\u00e1ltat\u00e1sokat k\u00edn\u00e1l, amelyek seg\u00edts\u00e9g\u00e9vel meghosszabb\u00edthatja berendez\u00e9sei \u00e9lettartam\u00e1t, cs\u00f6kkentheti az \u00e1ll\u00e1sid\u0151t \u00e9s a k\u00f6lts\u00e9geket.<\/p>                    <\/div>\n    <\/div>\n    <!-- End Text Section -->\n\n    <!-- Start Slider Column -->\n            <div class=\"slider-container flex flex-col overflow-x-hidden absolute right-0\">\n            <div class=\"text-and-link-cards-slider-block-slider\">\n                                    <div class=\"slide !flex flex-col justify-start items-start bg-white border border-primaryOffWhite px-2 pt-2 pb-8 mr-2 last-of-type:mr-0 mb-5 relative shadow-[0_10px_10px_0_rgba(109,106,112,0.15)] secondaryLubricants\">\n                        <div class=\"image-container relative bg-center bg-cover bg-no-repeat w-full min-h-[178px] flex items-end mb-6\" style=\"background-image: url('https:\/\/lubricants.ncheurope.com\/wp-content\/uploads\/2025\/08\/North-Amercia-Lubricants.jpg')\">\n                            <div class=\"overlay z-0 absolute top-0 left-0 right-0 bottom-0 gradient-secondaryLubricants-180\"><\/div>\n                            <h4 class=\"heading-4 text-white px-6 z-10 relative !mb-5\">\u00c9szak-Amerika<\/h4>                        <\/div>\n                        <p class=\"text-darkSm px-6 z-10 relative !mb-6\">L\u00e1togasson el \u00e9szak-amerikai ken\u0151anyag-div\u00edzi\u00f3nkhoz, a Certified Labs-hez.<\/p>                            \n                        <!-- Start of links repeater -->\n                                                <!-- End of links repeater -->\n\n                                                    <a href=\"https:\/\/certifiedlabs.com\/\" class=\"button button--secondary button--secondaryLubricants w-[calc(100%-48px)] relative z-10 mx-6 !py-3\" target=\"_blank\">Tov\u00e1bb \u00c9szak-Amerik\u00e1ra<\/a>\n                                            <\/div>\n\n                                    <div class=\"slide !flex flex-col justify-start items-start bg-white border border-primaryOffWhite px-2 pt-2 pb-8 mr-2 last-of-type:mr-0 mb-5 relative shadow-[0_10px_10px_0_rgba(109,106,112,0.15)] secondaryLubricants\">\n                        <div class=\"image-container relative bg-center bg-cover bg-no-repeat w-full min-h-[178px] flex items-end mb-6\" style=\"background-image: url('https:\/\/lubricants.ncheurope.com\/wp-content\/uploads\/2025\/08\/Asia-Pacific-Lubricants.jpg')\">\n                            <div class=\"overlay z-0 absolute top-0 left-0 right-0 bottom-0 gradient-secondaryLubricants-180\"><\/div>\n                            <h4 class=\"heading-4 text-white px-6 z-10 relative !mb-5\">\u00c1zsia-Csendes-\u00f3ce\u00e1ni t\u00e9rs\u00e9g<\/h4>                        <\/div>\n                        <p class=\"text-darkSm px-6 z-10 relative !mb-6\">L\u00e1togasson el \u00e1zsiai-csendes-\u00f3ce\u00e1ni weboldalunkra, ha APAC ken\u00e9si ig\u00e9nyei vannak.<\/p>                            \n                        <!-- Start of links repeater -->\n                                                <!-- End of links repeater -->\n\n                                                    <a href=\"https:\/\/www.nchasia.com\/solution\/lubricants\/\" class=\"button button--secondary button--secondaryLubricants w-[calc(100%-48px)] relative z-10 mx-6 !py-3\" target=\"_blank\">Tov\u00e1bb az \u00c1zsia-Csendes-\u00f3ce\u00e1ni t\u00e9rs\u00e9gre<\/a>\n                                            <\/div>\n\n                                    <div class=\"slide !flex flex-col justify-start items-start bg-white border border-primaryOffWhite px-2 pt-2 pb-8 mr-2 last-of-type:mr-0 mb-5 relative shadow-[0_10px_10px_0_rgba(109,106,112,0.15)] secondaryLubricants\">\n                        <div class=\"image-container relative bg-center bg-cover bg-no-repeat w-full min-h-[178px] flex items-end mb-6\" style=\"background-image: url('https:\/\/lubricants.ncheurope.com\/wp-content\/uploads\/2025\/08\/Latin-America-Lubricants.jpg')\">\n                            <div class=\"overlay z-0 absolute top-0 left-0 right-0 bottom-0 gradient-secondaryLubricants-180\"><\/div>\n                            <h4 class=\"heading-4 text-white px-6 z-10 relative !mb-5\">Latin-Amerika<\/h4>                        <\/div>\n                        <p class=\"text-darkSm px-6 z-10 relative !mb-6\">L\u00e1togasson el latin-amerikai weboldalunkra, ha LATAM ken\u0151anyagokra van sz\u00fcks\u00e9ge.<\/p>                            \n                        <!-- Start of links repeater -->\n                                                <!-- End of links repeater -->\n\n                                                    <a href=\"https:\/\/www.la.nch.com\/lubricantes-industriales.html\" class=\"button button--secondary button--secondaryLubricants w-[calc(100%-48px)] relative z-10 mx-6 !py-3\" target=\"_blank\">Tov\u00e1bb Latin-Amerik\u00e1ra<\/a>\n                                            <\/div>\n\n                                    <div class=\"slide !flex flex-col justify-start items-start bg-white border border-primaryOffWhite px-2 pt-2 pb-8 mr-2 last-of-type:mr-0 mb-5 relative shadow-[0_10px_10px_0_rgba(109,106,112,0.15)] secondaryLubricants\">\n                        <div class=\"image-container relative bg-center bg-cover bg-no-repeat w-full min-h-[178px] flex items-end mb-6\" style=\"background-image: url('https:\/\/lubricants.ncheurope.com\/wp-content\/uploads\/2025\/08\/Get-in-touch-Lubricants.jpg')\">\n                            <div class=\"overlay z-0 absolute top-0 left-0 right-0 bottom-0 gradient-secondaryLubricants-180\"><\/div>\n                            <h4 class=\"heading-4 text-white px-6 z-10 relative !mb-5\">Vegye fel a kapcsolatot csapatunkkal<\/h4>                        <\/div>\n                        <p class=\"text-darkSm px-6 z-10 relative !mb-6\">Vegye fel a kapcsolatot eur\u00f3pai ken\u0151anyag-csapatunkkal<\/p>                            \n                        <!-- Start of links repeater -->\n                                                <!-- End of links repeater -->\n\n                                                    <a href=\"https:\/\/lubricants.ncheurope.com\/en\/contact-us\/\" class=\"button button--secondary button--secondaryLubricants w-[calc(100%-48px)] relative z-10 mx-6 !py-3\" target=\"_parent\">Vegye fel vel\u00fcnk a kapcsolatot<\/a>\n                                            <\/div>\n\n                            <\/div>\n        <\/div>\n        <!-- End Slider Column -->\n\n<\/div>\n\n\n    <div class=\"related-cards-block box-content relative bg-primaryOffWhite paddingTopLarge paddingBottomLarge secondaryLubricants\">\n        <div class=\"container flex flex-col\">\n            <!-- Start Text Section -->\n            <div class=\"flex flex-row flex-wrap justify-between items-end relative z-10 pb-[60px]\">\n                <h2 class=\"heading-2 basis-full text-secondaryLubricants\">R\u00f3lunk \u2013 NCH Lubricants<\/h2>                <p class=\"text-darkBase basis-full lg:basis-8\/12 !mb-0\">A v\u00e1llalkoz\u00e1s m\u00e9ret\u00e9t\u0151l, nagys\u00e1grendj\u00e9t\u0151l \u00e9s t\u00edpus\u00e1t\u00f3l f\u00fcggetlen\u00fcl k\u00fcldet\u00e9s\u00fcnk egyszer\u0171: seg\u00edteni a v\u00e1llalkoz\u00e1sokat a berendez\u00e9sek megb\u00edzhat\u00f3s\u00e1g\u00e1nak jav\u00edt\u00e1s\u00e1ban, a hat\u00e9konys\u00e1g n\u00f6vel\u00e9s\u00e9ben \u00e9s a m\u0171k\u00f6d\u00e9si k\u00f6lts\u00e9gek cs\u00f6kkent\u00e9s\u00e9ben olyan ken\u0151anyag-programokkal, amelyek val\u00f3di teljes\u00edtm\u00e9nyt ny\u00fajtanak.<\/p>                                    <a href=\"https:\/\/lubricants.ncheurope.com\/hu\/rolunk\/\" class=\"button button--secondaryLubricants hover:bg-secondaryLubricants hover:text-white relative mt-[24px] lg:mt-0\">Tudjon meg t\u00f6bbet<\/a>\n                            <\/div>\n            <!-- End Text Section -->\n            \n            <!-- Start Related Cards Section -->\n            \n                            <div class=\" flex flex-row flex-wrap\">\n                                                                        <div class=\"related-card max-w-full md:max-w-[calc(50%-4px)] lg:max-w-[calc(25%-8px)] w-full px-2 pt-2 pb-8 mr-0 md:odd:mr-2 lg:mr-2 mb-10 relative bg-white shadow-[0_10px_10px_0_rgba(109,106,112,0.15)] border border-primaryOffWhite\">\n                                <div class=\"blog-image relative bg-center bg-no-repeat bg-cover min-h-[216px] mb-6\" style=\"background-image: url('https:\/\/lubricants.ncheurope.com\/wp-content\/uploads\/2025\/06\/Lubricants-About-Us-who-we-are.jpg')\"><\/div>\n                                <div class=\"flex flex-col items-start px-6\">\n                                    <h6 class=\"heading-6 text-secondaryLubricants z-10 relative !mb-4\">Term\u00e9kinnov\u00e1ci\u00f3<\/h6>\n                                    <p class=\"text-darkSm z-10 relative !mb-5\">A gy\u00e1rt\u00e1st\u00f3l a csomagol\u00e1sig: megb\u00edzhat\u00f3, nagy teljes\u00edtm\u00e9ny\u0171 ken\u0151anyagokat ny\u00fajtunk, amelyekre \u00fcgyfeleink minden alkalommal sz\u00e1m\u00edthatnak, hogy \u00e1lland\u00f3 eredm\u00e9nyeket \u00e9rjenek el.<\/p>\n                                    <a href=\"https:\/\/lubricants.ncheurope.com\/hu\/rolunk\/termekminoseg-es-innovacio\/\" class=\"button button--secondary button--secondaryLubricants\">Tudjon meg t\u00f6bbet<\/a>\n                                <\/div>\n                            <\/div>\n                                                                                                <div class=\"related-card max-w-full md:max-w-[calc(50%-4px)] lg:max-w-[calc(25%-8px)] w-full px-2 pt-2 pb-8 mr-0 md:odd:mr-2 lg:mr-2 mb-10 relative bg-white shadow-[0_10px_10px_0_rgba(109,106,112,0.15)] border border-primaryOffWhite\">\n                                <div class=\"blog-image relative bg-center bg-no-repeat bg-cover min-h-[216px] mb-6\" style=\"background-image: url('https:\/\/lubricants.ncheurope.com\/wp-content\/uploads\/2025\/07\/Today.jpg')\"><\/div>\n                                <div class=\"flex flex-col items-start px-6\">\n                                    <h6 class=\"heading-6 text-secondaryLubricants z-10 relative !mb-4\">T\u00f6rt\u00e9net\u00fcnk<\/h6>\n                                    <p class=\"text-darkSm z-10 relative !mb-5\">Ismerje meg az NCH Corporation-t, az NCH Lubricants m\u00f6g\u00f6tt \u00e1ll\u00f3 er\u0151k\u00f6zpontot. Az 1919-ben, a texasi Dallasban alap\u00edtott NCH m\u00e1ra m\u00e1r glob\u00e1lis vezet\u0151 szerepl\u0151v\u00e9 v\u00e1lt az&hellip;<\/p>\n                                    <a href=\"https:\/\/lubricants.ncheurope.com\/hu\/rolunk\/mult\/\" class=\"button button--secondary button--secondaryLubricants\">Tekintse meg t\u00f6rt\u00e9net\u00fcnket<\/a>\n                                <\/div>\n                            <\/div>\n                                                                                                <div class=\"related-card max-w-full md:max-w-[calc(50%-4px)] lg:max-w-[calc(25%-8px)] w-full px-2 pt-2 pb-8 mr-0 md:odd:mr-2 lg:mr-2 mb-10 relative bg-white shadow-[0_10px_10px_0_rgba(109,106,112,0.15)] border border-primaryOffWhite\">\n                                <div class=\"blog-image relative bg-center bg-no-repeat bg-cover min-h-[216px] mb-6\" style=\"background-image: url('https:\/\/lubricants.ncheurope.com\/wp-content\/uploads\/2025\/02\/shutterstock_2044948658-1.webp')\"><\/div>\n                                <div class=\"flex flex-col items-start px-6\">\n                                    <h6 class=\"heading-6 text-secondaryLubricants z-10 relative !mb-4\">Fenntarthat\u00f3s\u00e1g<\/h6>\n                                    <p class=\"text-darkSm z-10 relative !mb-5\">Fenntarthat\u00f3 j\u00f6v\u0151nk r\u00e9szek\u00e9nt tov\u00e1bbra is innovat\u00edv megold\u00e1sokat fogunk kidolgozni, amelyek jav\u00edtj\u00e1k term\u00e9keink \u00e9s az \u00e1ltalunk ell\u00e1tott \u00fcgyfelek biztons\u00e1g\u00e1t \u00e9s k\u00f6rnyezeti profilj\u00e1t.<\/p>\n                                    <a href=\"https:\/\/lubricants.ncheurope.com\/hu\/rolunk\/fenntarthatosag\/\" class=\"button button--secondary button--secondaryLubricants\">Tudjon meg t\u00f6bbet<\/a>\n                                <\/div>\n                            <\/div>\n                                                                                                <div class=\"related-card max-w-full md:max-w-[calc(50%-4px)] lg:max-w-[calc(25%-8px)] w-full px-2 pt-2 pb-8 mr-0 md:odd:mr-2 lg:mr-2 mb-10 relative bg-white shadow-[0_10px_10px_0_rgba(109,106,112,0.15)] border border-primaryOffWhite\">\n                                <div class=\"blog-image relative bg-center bg-no-repeat bg-cover min-h-[216px] mb-6\" style=\"background-image: url('https:\/\/lubricants.ncheurope.com\/wp-content\/uploads\/2025\/06\/Lubricants-About-Us-Quality-and-Innovation.png')\"><\/div>\n                                <div class=\"flex flex-col items-start px-6\">\n                                    <h6 class=\"heading-6 text-secondaryLubricants z-10 relative !mb-4\">Karrier<\/h6>\n                                    <p class=\"text-darkSm z-10 relative !mb-5\">Ha olyan \u00e9rt\u00e9kes\u00edt\u00e9si lehet\u0151s\u00e9get keres, ahol sikeres lehet egy gy\u0151ztes, sz\u00f3rakoztat\u00f3 \u00e9s csapatmunk\u00e1ra \u00e9p\u00fcl\u0151 k\u00f6rnyezetben, akkor az NCH Lubricants a t\u00f6k\u00e9letes v\u00e1laszt\u00e1s&#8230;<\/p>\n                                    <a href=\"https:\/\/lubricants.ncheurope.com\/hu\/karrier\/\" class=\"button button--secondary button--secondaryLubricants\">Jelentkezzen most<\/a>\n                                <\/div>\n                            <\/div>\n                                                            <\/div>\n                        \n            <!-- End Related Cards Section -->\n        <\/div>\n\n    <\/div>","protected":false},"excerpt":{"rendered":"","protected":false},"author":3,"featured_media":0,"parent":64682,"menu_order":3,"comment_status":"closed","ping_status":"closed","template":"","meta":{"_acf_changed":false,"footnotes":""},"class_list":["post-64691","page","type-page","status-publish","hentry"],"acf":[],"yoast_head":"<!-- This site is optimized with the Yoast SEO Premium plugin v21.7 (Yoast SEO v27.2) - https:\/\/yoast.com\/product\/yoast-seo-premium-wordpress\/ -->\n<title>Glob\u00e1lis ken\u0151anyag-szolg\u00e1ltat\u00e1s - NCH Lubricants<\/title>\n<meta name=\"description\" content=\"Glob\u00e1lis megold\u00e1sok ipari berendez\u00e9sek teljes\u00edtm\u00e9ny\u00e9nek jav\u00edt\u00e1s\u00e1ra\" class=\"yoast-seo-meta-tag\" \/>\n<meta name=\"robots\" content=\"index, follow, max-snippet:-1, max-image-preview:large, max-video-preview:-1\" \/>\n<link rel=\"canonical\" href=\"https:\/\/lubricants.ncheurope.com\/hu\/rolunk\/globalis-kenoanyag-szolgaltatas\/\" class=\"yoast-seo-meta-tag\" \/>\n<meta property=\"og:locale\" content=\"hu_HU\" class=\"yoast-seo-meta-tag\" \/>\n<meta property=\"og:type\" content=\"article\" class=\"yoast-seo-meta-tag\" \/>\n<meta property=\"og:title\" content=\"Glob\u00e1lis ken\u0151anyag-szolg\u00e1ltat\u00e1s\" class=\"yoast-seo-meta-tag\" \/>\n<meta property=\"og:description\" content=\"Glob\u00e1lis megold\u00e1sok ipari berendez\u00e9sek teljes\u00edtm\u00e9ny\u00e9nek jav\u00edt\u00e1s\u00e1ra\" class=\"yoast-seo-meta-tag\" \/>\n<meta property=\"og:url\" content=\"https:\/\/lubricants.ncheurope.com\/hu\/rolunk\/globalis-kenoanyag-szolgaltatas\/\" class=\"yoast-seo-meta-tag\" \/>\n<meta property=\"og:site_name\" content=\"NCH Lubricants\" class=\"yoast-seo-meta-tag\" \/>\n<meta property=\"article:modified_time\" content=\"2026-01-05T11:39:52+00:00\" class=\"yoast-seo-meta-tag\" \/>\n<meta name=\"twitter:card\" content=\"summary_large_image\" class=\"yoast-seo-meta-tag\" \/>\n<script type=\"application\/ld+json\" class=\"yoast-schema-graph\">{\"@context\":\"https:\/\/schema.org\",\"@graph\":[{\"@type\":\"WebPage\",\"@id\":\"https:\/\/lubricants.ncheurope.com\/hu\/rolunk\/globalis-kenoanyag-szolgaltatas\/\",\"url\":\"https:\/\/lubricants.ncheurope.com\/hu\/rolunk\/globalis-kenoanyag-szolgaltatas\/\",\"name\":\"Glob\u00e1lis ken\u0151anyag-szolg\u00e1ltat\u00e1s - NCH Lubricants\",\"isPartOf\":{\"@id\":\"https:\/\/lubricants.ncheurope.com\/sv\/#website\"},\"datePublished\":\"2025-02-21T19:16:02+00:00\",\"dateModified\":\"2026-01-05T11:39:52+00:00\",\"description\":\"Glob\u00e1lis megold\u00e1sok ipari berendez\u00e9sek teljes\u00edtm\u00e9ny\u00e9nek jav\u00edt\u00e1s\u00e1ra\",\"breadcrumb\":{\"@id\":\"https:\/\/lubricants.ncheurope.com\/hu\/rolunk\/globalis-kenoanyag-szolgaltatas\/#breadcrumb\"},\"inLanguage\":\"hu\",\"potentialAction\":[{\"@type\":\"ReadAction\",\"target\":[\"https:\/\/lubricants.ncheurope.com\/hu\/rolunk\/globalis-kenoanyag-szolgaltatas\/\"]}]},{\"@type\":\"BreadcrumbList\",\"@id\":\"https:\/\/lubricants.ncheurope.com\/hu\/rolunk\/globalis-kenoanyag-szolgaltatas\/#breadcrumb\",\"itemListElement\":[{\"@type\":\"ListItem\",\"position\":1,\"name\":\"Honlap\",\"item\":\"https:\/\/lubricants.ncheurope.com\/hu\/\"},{\"@type\":\"ListItem\",\"position\":2,\"name\":\"R\u00f3lunk\",\"item\":\"https:\/\/lubricants.ncheurope.com\/hu\/rolunk\/\"},{\"@type\":\"ListItem\",\"position\":3,\"name\":\"Glob\u00e1lis ken\u0151anyag-szolg\u00e1ltat\u00e1s\"}]},{\"@type\":\"WebSite\",\"@id\":\"https:\/\/lubricants.ncheurope.com\/sv\/#website\",\"url\":\"https:\/\/lubricants.ncheurope.com\/sv\/\",\"name\":\"NCH Lubricants\",\"description\":\"\",\"potentialAction\":[{\"@type\":\"SearchAction\",\"target\":{\"@type\":\"EntryPoint\",\"urlTemplate\":\"https:\/\/lubricants.ncheurope.com\/sv\/?s={search_term_string}\"},\"query-input\":{\"@type\":\"PropertyValueSpecification\",\"valueRequired\":true,\"valueName\":\"search_term_string\"}}],\"inLanguage\":\"hu\"}]}<\/script>\n<!-- \/ Yoast SEO Premium plugin. -->","yoast_head_json":{"title":"Glob\u00e1lis ken\u0151anyag-szolg\u00e1ltat\u00e1s - NCH Lubricants","description":"Glob\u00e1lis megold\u00e1sok ipari berendez\u00e9sek teljes\u00edtm\u00e9ny\u00e9nek jav\u00edt\u00e1s\u00e1ra","robots":{"index":"index","follow":"follow","max-snippet":"max-snippet:-1","max-image-preview":"max-image-preview:large","max-video-preview":"max-video-preview:-1"},"canonical":"https:\/\/lubricants.ncheurope.com\/hu\/rolunk\/globalis-kenoanyag-szolgaltatas\/","og_locale":"hu_HU","og_type":"article","og_title":"Glob\u00e1lis ken\u0151anyag-szolg\u00e1ltat\u00e1s","og_description":"Glob\u00e1lis megold\u00e1sok ipari berendez\u00e9sek teljes\u00edtm\u00e9ny\u00e9nek jav\u00edt\u00e1s\u00e1ra","og_url":"https:\/\/lubricants.ncheurope.com\/hu\/rolunk\/globalis-kenoanyag-szolgaltatas\/","og_site_name":"NCH Lubricants","article_modified_time":"2026-01-05T11:39:52+00:00","twitter_card":"summary_large_image","schema":{"@context":"https:\/\/schema.org","@graph":[{"@type":"WebPage","@id":"https:\/\/lubricants.ncheurope.com\/hu\/rolunk\/globalis-kenoanyag-szolgaltatas\/","url":"https:\/\/lubricants.ncheurope.com\/hu\/rolunk\/globalis-kenoanyag-szolgaltatas\/","name":"Glob\u00e1lis ken\u0151anyag-szolg\u00e1ltat\u00e1s - NCH Lubricants","isPartOf":{"@id":"https:\/\/lubricants.ncheurope.com\/sv\/#website"},"datePublished":"2025-02-21T19:16:02+00:00","dateModified":"2026-01-05T11:39:52+00:00","description":"Glob\u00e1lis megold\u00e1sok ipari berendez\u00e9sek teljes\u00edtm\u00e9ny\u00e9nek jav\u00edt\u00e1s\u00e1ra","breadcrumb":{"@id":"https:\/\/lubricants.ncheurope.com\/hu\/rolunk\/globalis-kenoanyag-szolgaltatas\/#breadcrumb"},"inLanguage":"hu","potentialAction":[{"@type":"ReadAction","target":["https:\/\/lubricants.ncheurope.com\/hu\/rolunk\/globalis-kenoanyag-szolgaltatas\/"]}]},{"@type":"BreadcrumbList","@id":"https:\/\/lubricants.ncheurope.com\/hu\/rolunk\/globalis-kenoanyag-szolgaltatas\/#breadcrumb","itemListElement":[{"@type":"ListItem","position":1,"name":"Honlap","item":"https:\/\/lubricants.ncheurope.com\/hu\/"},{"@type":"ListItem","position":2,"name":"R\u00f3lunk","item":"https:\/\/lubricants.ncheurope.com\/hu\/rolunk\/"},{"@type":"ListItem","position":3,"name":"Glob\u00e1lis ken\u0151anyag-szolg\u00e1ltat\u00e1s"}]},{"@type":"WebSite","@id":"https:\/\/lubricants.ncheurope.com\/sv\/#website","url":"https:\/\/lubricants.ncheurope.com\/sv\/","name":"NCH Lubricants","description":"","potentialAction":[{"@type":"SearchAction","target":{"@type":"EntryPoint","urlTemplate":"https:\/\/lubricants.ncheurope.com\/sv\/?s={search_term_string}"},"query-input":{"@type":"PropertyValueSpecification","valueRequired":true,"valueName":"search_term_string"}}],"inLanguage":"hu"}]}},"_links":{"self":[{"href":"https:\/\/lubricants.ncheurope.com\/hu\/wp-json\/wp\/v2\/pages\/64691","targetHints":{"allow":["GET"]}}],"collection":[{"href":"https:\/\/lubricants.ncheurope.com\/hu\/wp-json\/wp\/v2\/pages"}],"about":[{"href":"https:\/\/lubricants.ncheurope.com\/hu\/wp-json\/wp\/v2\/types\/page"}],"author":[{"embeddable":true,"href":"https:\/\/lubricants.ncheurope.com\/hu\/wp-json\/wp\/v2\/users\/3"}],"replies":[{"embeddable":true,"href":"https:\/\/lubricants.ncheurope.com\/hu\/wp-json\/wp\/v2\/comments?post=64691"}],"version-history":[{"count":5,"href":"https:\/\/lubricants.ncheurope.com\/hu\/wp-json\/wp\/v2\/pages\/64691\/revisions"}],"predecessor-version":[{"id":65031,"href":"https:\/\/lubricants.ncheurope.com\/hu\/wp-json\/wp\/v2\/pages\/64691\/revisions\/65031"}],"up":[{"embeddable":true,"href":"https:\/\/lubricants.ncheurope.com\/hu\/wp-json\/wp\/v2\/pages\/64682"}],"wp:attachment":[{"href":"https:\/\/lubricants.ncheurope.com\/hu\/wp-json\/wp\/v2\/media?parent=64691"}],"curies":[{"name":"wp","href":"https:\/\/api.w.org\/{rel}","templated":true}]}}