{"id":64098,"date":"2025-02-19T16:22:44","date_gmt":"2025-02-19T16:22:44","guid":{"rendered":"https:\/\/lubricants.ncheurope.com\/koszonom\/"},"modified":"2026-01-05T11:35:12","modified_gmt":"2026-01-05T11:35:12","slug":"koszonom","status":"publish","type":"page","link":"https:\/\/lubricants.ncheurope.com\/hu\/koszonom\/","title":{"rendered":"K\u00f6sz\u00f6n\u00f6m"},"content":{"rendered":"\n<div class=\"internal-banner-block relative secondaryLubricants paddingBottomLarge bg-no-repeat pt-[110px] lg:pt-[160px] bg-white bg-[url('assets\/images\/background-shape.png')] bg-right-bottom bg-contain\" >\n        <div class=\"container relative z-10\">\n        <div class=\"breadcrumb-container mb-[60px] lg:mb-[103px] hidden md:block\">\n            <p class=\"text-darkXs !mb-0 !text-[12px] flex flex-row items-center\">You are here: <a class=\"!font-regular mx-2 hover:underline\" href=\"https:\/\/lubricants.ncheurope.com\/hu\/\">Kezd\u0151lap<\/a> \/ <span class=\"ml-2 font-semibold\">K\u00f6sz\u00f6n\u00f6m<\/span><\/p>\n        <\/div>\n\n        <div class=\"content-container flex flex-col-reverse md:flex-row flex-wrap justify-between\">\n\n                            <div class=\"text-container md:basis-10\/12\">\n                    <h1 class=\"heading-1 text-secondaryLubricants\">K\u00f6sz\u00f6nj\u00fck, hogy kapcsolatba l\u00e9pett az NCH Lubricants v\u00e1llalattal.<\/h1>                    <div class=\"wysiwyg-container text-dark !mb-0 max-w-[768px]\"><p>Csapatunk egy tagja hamarosan jelentkezni fog. Ha s\u00fcrg\u0151sen besz\u00e9lnie kell valakivel, k\u00e9rj\u00fck, l\u00e1togasson el a kapcsolatfelv\u00e9teli oldalunkra, ahol a telefonsz\u00e1mok \u00e9s e-mail c\u00edmek teljes list\u00e1j\u00e1t tal\u00e1lja.  <\/p>\n<\/div>                                            <a href=\"https:\/\/lubricants.ncheurope.com\/hu\/kapcsolatfelvetel\/\" class=\"button button--secondaryLubricants mt-[32px]\">Kapcsolatfelv\u00e9tel  <\/a>\n                                    <\/div>\n                    <\/div>\n    <\/div>\n<\/div>\n\n\n    <div class=\"related-cards-block box-content relative bg-primaryOffWhite paddingTopLarge paddingBottomLarge secondaryLubricants\">\n        <div class=\"container flex flex-col\">\n            <!-- Start Text Section -->\n            <div class=\"flex flex-row flex-wrap justify-between items-end relative z-10 pb-[60px]\">\n                <h2 class=\"heading-2 basis-full text-secondaryLubricants\">Van m\u00e9g mit felfedezni<\/h2>                <p class=\"text-darkBase basis-full lg:basis-8\/12 !mb-0\">Vil\u00e1gszerte t\u00f6bb ezer v\u00e1llalkoz\u00e1s megb\u00edzhat\u00f3 ken\u0151anyag-sz\u00e1ll\u00edt\u00f3ja \u00e9s szervizpartnere vagyunk. A kis, f\u00fcggetlen c\u00e9gekt\u0151l a nagy ipari gy\u00e1rt\u00f3\u00fczemekig az ipar\u00e1gak sz\u00e9les sk\u00e1l\u00e1j\u00e1t t\u00e1mogatjuk kiv\u00e1l\u00f3 min\u0151s\u00e9g\u0171 ken\u0151anyagterm\u00e9kekkel. <\/p>                                    <a href=\"https:\/\/lubricants.ncheurope.com\/hu\/\" class=\"button button--secondaryLubricants hover:bg-secondaryLubricants hover:text-white relative mt-[24px] lg:mt-0\">Fedezzen fel t\u00f6bbet<\/a>\n                            <\/div>\n            <!-- End Text Section -->\n            \n            <!-- Start Related Cards Section -->\n            \n                            <div class=\" flex flex-row flex-wrap\">\n                                                                        <div class=\"related-card max-w-full md:max-w-[calc(50%-4px)] lg:max-w-[calc(25%-8px)] w-full px-2 pt-2 pb-8 mr-0 md:odd:mr-2 lg:mr-2 mb-10 relative bg-white shadow-[0_10px_10px_0_rgba(109,106,112,0.15)] border border-primaryOffWhite\">\n                                <div class=\"blog-image relative bg-center bg-no-repeat bg-cover min-h-[216px] mb-6\" style=\"background-image: url('https:\/\/lubricants.ncheurope.com\/wp-content\/uploads\/2025\/06\/Construction-drop-down-menu.jpg')\"><\/div>\n                                <div class=\"flex flex-col items-start px-6\">\n                                    <h6 class=\"heading-6 text-secondaryLubricants z-10 relative !mb-4\">Ipar\u00e1gak<\/h6>\n                                    <p class=\"text-darkSm z-10 relative !mb-5\">Az ipar\u00e1gakban megb\u00edzhat\u00f3, szem\u00e9lyre szabott ken\u0151anyag-megold\u00e1sokat k\u00edn\u00e1lunk a cs\u00facsteljes\u00edtm\u00e9ny \u00e9rdek\u00e9ben.<\/p>\n                                    <a href=\"https:\/\/lubricants.ncheurope.com\/hu\/iparagak\/\" class=\"button button--secondary button--secondaryLubricants\">Fedezzen fel mindent<\/a>\n                                <\/div>\n                            <\/div>\n                                                                                                <div class=\"related-card max-w-full md:max-w-[calc(50%-4px)] lg:max-w-[calc(25%-8px)] w-full px-2 pt-2 pb-8 mr-0 md:odd:mr-2 lg:mr-2 mb-10 relative bg-white shadow-[0_10px_10px_0_rgba(109,106,112,0.15)] border border-primaryOffWhite\">\n                                <div class=\"blog-image relative bg-center bg-no-repeat bg-cover min-h-[216px] mb-6\" style=\"background-image: url('https:\/\/lubricants.ncheurope.com\/wp-content\/uploads\/2025\/06\/Lubricants-About-Us-who-we-are.jpg')\"><\/div>\n                                <div class=\"flex flex-col items-start px-6\">\n                                    <h6 class=\"heading-6 text-secondaryLubricants z-10 relative !mb-4\">Term\u00e9kek<\/h6>\n                                    <p class=\"text-darkSm z-10 relative !mb-5\">A zs\u00edrokt\u00f3l az olajokig, az \u00fczemanyag-programokt\u00f3l a speci\u00e1lis aeroszolokig &#8211; az NCH Lubricants az \u00d6n sz\u00e1m\u00e1ra mindent biztos\u00edt.<\/p>\n                                    <a href=\"https:\/\/lubricants.ncheurope.com\/hu\/termekek\/\" class=\"button button--secondary button--secondaryLubricants\">N\u00e9zze meg<\/a>\n                                <\/div>\n                            <\/div>\n                                                                                                <div class=\"related-card max-w-full md:max-w-[calc(50%-4px)] lg:max-w-[calc(25%-8px)] w-full px-2 pt-2 pb-8 mr-0 md:odd:mr-2 lg:mr-2 mb-10 relative bg-white shadow-[0_10px_10px_0_rgba(109,106,112,0.15)] border border-primaryOffWhite\">\n                                <div class=\"blog-image relative bg-center bg-no-repeat bg-cover min-h-[216px] mb-6\" style=\"background-image: url('https:\/\/lubricants.ncheurope.com\/wp-content\/uploads\/2025\/09\/products-and-services-tab.jpg')\"><\/div>\n                                <div class=\"flex flex-col items-start px-6\">\n                                    <h6 class=\"heading-6 text-secondaryLubricants z-10 relative !mb-4\">Hozz\u00e1adott \u00e9rt\u00e9k\u0171 programok<\/h6>\n                                    <p class=\"text-darkSm z-10 relative !mb-5\">Mi mindent biztos\u00edtunk, amire v\u00e1llalkoz\u00e1s\u00e1nak sz\u00fcks\u00e9ge van ahhoz, hogy maximaliz\u00e1lja a ken\u0151anyag-programokban rejl\u0151 lehet\u0151s\u00e9geket.<\/p>\n                                    <a href=\"https:\/\/lubricants.ncheurope.com\/hu\/erteknovelt-programok\/\" class=\"button button--secondary button--secondaryLubricants\">Tov\u00e1bbi inform\u00e1ci\u00f3k<\/a>\n                                <\/div>\n                            <\/div>\n                                                                                                <div class=\"related-card max-w-full md:max-w-[calc(50%-4px)] lg:max-w-[calc(25%-8px)] w-full px-2 pt-2 pb-8 mr-0 md:odd:mr-2 lg:mr-2 mb-10 relative bg-white shadow-[0_10px_10px_0_rgba(109,106,112,0.15)] border border-primaryOffWhite\">\n                                <div class=\"blog-image relative bg-center bg-no-repeat bg-cover min-h-[216px] mb-6\" style=\"background-image: url('https:\/\/lubricants.ncheurope.com\/wp-content\/uploads\/2025\/06\/Lubricants-About-Us-Quality-and-Innovation.png')\"><\/div>\n                                <div class=\"flex flex-col items-start px-6\">\n                                    <h6 class=\"heading-6 text-secondaryLubricants z-10 relative !mb-4\">Karrier<\/h6>\n                                    <p class=\"text-darkSm z-10 relative !mb-5\">Szeretne az NCH Lubricants-szal dolgozni? Keresse meg a leg\u00fajabb \u00e1ll\u00e1saj\u00e1nlatokat, \u00e9s kezdje el karrierj\u00e9t n\u00e1lunk.<\/p>\n                                    <a href=\"https:\/\/lubricants.ncheurope.com\/hu\/karrier\/\" class=\"button button--secondary button--secondaryLubricants\">Jelentkezzen most  <\/a>\n                                <\/div>\n                            <\/div>\n                                                            <\/div>\n                        \n            <!-- End Related Cards Section -->\n        <\/div>\n\n    <\/div>","protected":false},"excerpt":{"rendered":"","protected":false},"author":2,"featured_media":0,"parent":0,"menu_order":0,"comment_status":"closed","ping_status":"closed","template":"","meta":{"_acf_changed":false,"footnotes":""},"class_list":["post-64098","page","type-page","status-publish","hentry"],"acf":[],"yoast_head":"<!-- This site is optimized with the Yoast SEO Premium plugin v21.7 (Yoast SEO v27.2) - https:\/\/yoast.com\/product\/yoast-seo-premium-wordpress\/ -->\n<title>K\u00f6sz\u00f6n\u00f6m - NCH Lubricants<\/title>\n<meta name=\"description\" content=\"Vil\u00e1gszerte t\u00f6bb ezer v\u00e1llalkoz\u00e1s megb\u00edzhat\u00f3 ken\u0151anyag-sz\u00e1ll\u00edt\u00f3ja \u00e9s szervizpartnere vagyunk.\" class=\"yoast-seo-meta-tag\" \/>\n<meta name=\"robots\" content=\"index, follow, max-snippet:-1, max-image-preview:large, max-video-preview:-1\" \/>\n<link rel=\"canonical\" href=\"https:\/\/lubricants.ncheurope.com\/hu\/koszonom\/\" class=\"yoast-seo-meta-tag\" \/>\n<meta property=\"og:locale\" content=\"hu_HU\" class=\"yoast-seo-meta-tag\" \/>\n<meta property=\"og:type\" content=\"article\" class=\"yoast-seo-meta-tag\" \/>\n<meta property=\"og:title\" content=\"K\u00f6sz\u00f6n\u00f6m\" class=\"yoast-seo-meta-tag\" \/>\n<meta property=\"og:description\" content=\"Vil\u00e1gszerte t\u00f6bb ezer v\u00e1llalkoz\u00e1s megb\u00edzhat\u00f3 ken\u0151anyag-sz\u00e1ll\u00edt\u00f3ja \u00e9s szervizpartnere vagyunk.\" class=\"yoast-seo-meta-tag\" \/>\n<meta property=\"og:url\" content=\"https:\/\/lubricants.ncheurope.com\/hu\/koszonom\/\" class=\"yoast-seo-meta-tag\" \/>\n<meta property=\"og:site_name\" content=\"NCH Lubricants\" class=\"yoast-seo-meta-tag\" \/>\n<meta property=\"article:modified_time\" content=\"2026-01-05T11:35:12+00:00\" class=\"yoast-seo-meta-tag\" \/>\n<meta name=\"twitter:card\" content=\"summary_large_image\" class=\"yoast-seo-meta-tag\" \/>\n<script type=\"application\/ld+json\" class=\"yoast-schema-graph\">{\"@context\":\"https:\/\/schema.org\",\"@graph\":[{\"@type\":\"WebPage\",\"@id\":\"https:\/\/lubricants.ncheurope.com\/hu\/koszonom\/\",\"url\":\"https:\/\/lubricants.ncheurope.com\/hu\/koszonom\/\",\"name\":\"K\u00f6sz\u00f6n\u00f6m - NCH Lubricants\",\"isPartOf\":{\"@id\":\"https:\/\/lubricants.ncheurope.com\/sv\/#website\"},\"datePublished\":\"2025-02-19T16:22:44+00:00\",\"dateModified\":\"2026-01-05T11:35:12+00:00\",\"description\":\"Vil\u00e1gszerte t\u00f6bb ezer v\u00e1llalkoz\u00e1s megb\u00edzhat\u00f3 ken\u0151anyag-sz\u00e1ll\u00edt\u00f3ja \u00e9s szervizpartnere vagyunk.\",\"breadcrumb\":{\"@id\":\"https:\/\/lubricants.ncheurope.com\/hu\/koszonom\/#breadcrumb\"},\"inLanguage\":\"hu\",\"potentialAction\":[{\"@type\":\"ReadAction\",\"target\":[\"https:\/\/lubricants.ncheurope.com\/hu\/koszonom\/\"]}]},{\"@type\":\"BreadcrumbList\",\"@id\":\"https:\/\/lubricants.ncheurope.com\/hu\/koszonom\/#breadcrumb\",\"itemListElement\":[{\"@type\":\"ListItem\",\"position\":1,\"name\":\"Honlap\",\"item\":\"https:\/\/lubricants.ncheurope.com\/hu\/\"},{\"@type\":\"ListItem\",\"position\":2,\"name\":\"K\u00f6sz\u00f6n\u00f6m\"}]},{\"@type\":\"WebSite\",\"@id\":\"https:\/\/lubricants.ncheurope.com\/sv\/#website\",\"url\":\"https:\/\/lubricants.ncheurope.com\/sv\/\",\"name\":\"NCH Lubricants\",\"description\":\"\",\"potentialAction\":[{\"@type\":\"SearchAction\",\"target\":{\"@type\":\"EntryPoint\",\"urlTemplate\":\"https:\/\/lubricants.ncheurope.com\/sv\/?s={search_term_string}\"},\"query-input\":{\"@type\":\"PropertyValueSpecification\",\"valueRequired\":true,\"valueName\":\"search_term_string\"}}],\"inLanguage\":\"hu\"}]}<\/script>\n<!-- \/ Yoast SEO Premium plugin. -->","yoast_head_json":{"title":"K\u00f6sz\u00f6n\u00f6m - NCH Lubricants","description":"Vil\u00e1gszerte t\u00f6bb ezer v\u00e1llalkoz\u00e1s megb\u00edzhat\u00f3 ken\u0151anyag-sz\u00e1ll\u00edt\u00f3ja \u00e9s szervizpartnere vagyunk.","robots":{"index":"index","follow":"follow","max-snippet":"max-snippet:-1","max-image-preview":"max-image-preview:large","max-video-preview":"max-video-preview:-1"},"canonical":"https:\/\/lubricants.ncheurope.com\/hu\/koszonom\/","og_locale":"hu_HU","og_type":"article","og_title":"K\u00f6sz\u00f6n\u00f6m","og_description":"Vil\u00e1gszerte t\u00f6bb ezer v\u00e1llalkoz\u00e1s megb\u00edzhat\u00f3 ken\u0151anyag-sz\u00e1ll\u00edt\u00f3ja \u00e9s szervizpartnere vagyunk.","og_url":"https:\/\/lubricants.ncheurope.com\/hu\/koszonom\/","og_site_name":"NCH Lubricants","article_modified_time":"2026-01-05T11:35:12+00:00","twitter_card":"summary_large_image","schema":{"@context":"https:\/\/schema.org","@graph":[{"@type":"WebPage","@id":"https:\/\/lubricants.ncheurope.com\/hu\/koszonom\/","url":"https:\/\/lubricants.ncheurope.com\/hu\/koszonom\/","name":"K\u00f6sz\u00f6n\u00f6m - NCH Lubricants","isPartOf":{"@id":"https:\/\/lubricants.ncheurope.com\/sv\/#website"},"datePublished":"2025-02-19T16:22:44+00:00","dateModified":"2026-01-05T11:35:12+00:00","description":"Vil\u00e1gszerte t\u00f6bb ezer v\u00e1llalkoz\u00e1s megb\u00edzhat\u00f3 ken\u0151anyag-sz\u00e1ll\u00edt\u00f3ja \u00e9s szervizpartnere vagyunk.","breadcrumb":{"@id":"https:\/\/lubricants.ncheurope.com\/hu\/koszonom\/#breadcrumb"},"inLanguage":"hu","potentialAction":[{"@type":"ReadAction","target":["https:\/\/lubricants.ncheurope.com\/hu\/koszonom\/"]}]},{"@type":"BreadcrumbList","@id":"https:\/\/lubricants.ncheurope.com\/hu\/koszonom\/#breadcrumb","itemListElement":[{"@type":"ListItem","position":1,"name":"Honlap","item":"https:\/\/lubricants.ncheurope.com\/hu\/"},{"@type":"ListItem","position":2,"name":"K\u00f6sz\u00f6n\u00f6m"}]},{"@type":"WebSite","@id":"https:\/\/lubricants.ncheurope.com\/sv\/#website","url":"https:\/\/lubricants.ncheurope.com\/sv\/","name":"NCH Lubricants","description":"","potentialAction":[{"@type":"SearchAction","target":{"@type":"EntryPoint","urlTemplate":"https:\/\/lubricants.ncheurope.com\/sv\/?s={search_term_string}"},"query-input":{"@type":"PropertyValueSpecification","valueRequired":true,"valueName":"search_term_string"}}],"inLanguage":"hu"}]}},"_links":{"self":[{"href":"https:\/\/lubricants.ncheurope.com\/hu\/wp-json\/wp\/v2\/pages\/64098","targetHints":{"allow":["GET"]}}],"collection":[{"href":"https:\/\/lubricants.ncheurope.com\/hu\/wp-json\/wp\/v2\/pages"}],"about":[{"href":"https:\/\/lubricants.ncheurope.com\/hu\/wp-json\/wp\/v2\/types\/page"}],"author":[{"embeddable":true,"href":"https:\/\/lubricants.ncheurope.com\/hu\/wp-json\/wp\/v2\/users\/2"}],"replies":[{"embeddable":true,"href":"https:\/\/lubricants.ncheurope.com\/hu\/wp-json\/wp\/v2\/comments?post=64098"}],"version-history":[{"count":2,"href":"https:\/\/lubricants.ncheurope.com\/hu\/wp-json\/wp\/v2\/pages\/64098\/revisions"}],"predecessor-version":[{"id":65027,"href":"https:\/\/lubricants.ncheurope.com\/hu\/wp-json\/wp\/v2\/pages\/64098\/revisions\/65027"}],"wp:attachment":[{"href":"https:\/\/lubricants.ncheurope.com\/hu\/wp-json\/wp\/v2\/media?parent=64098"}],"curies":[{"name":"wp","href":"https:\/\/api.w.org\/{rel}","templated":true}]}}