{"id":64070,"date":"2025-04-10T16:44:40","date_gmt":"2025-04-10T16:44:40","guid":{"rendered":"https:\/\/lubricants.ncheurope.com\/sds-oldal\/"},"modified":"2026-03-06T09:48:54","modified_gmt":"2026-03-06T09:48:54","slug":"sds-oldal","status":"publish","type":"page","link":"https:\/\/lubricants.ncheurope.com\/hu\/sds-oldal\/","title":{"rendered":"SDS oldal"},"content":{"rendered":"","protected":false},"excerpt":{"rendered":"","protected":false},"author":1,"featured_media":0,"parent":0,"menu_order":0,"comment_status":"closed","ping_status":"closed","template":"page--sds.php","meta":{"_acf_changed":false,"footnotes":""},"class_list":["post-64070","page","type-page","status-publish","hentry"],"acf":[],"yoast_head":"<!-- This site is optimized with the Yoast SEO Premium plugin v21.7 (Yoast SEO v27.2) - https:\/\/yoast.com\/product\/yoast-seo-premium-wordpress\/ -->\n<title>Biztons\u00e1gi adatlap (SDS) let\u00f6lt\u00e9se<\/title>\n<meta name=\"description\" content=\"K\u00f6nnyen hozz\u00e1f\u00e9rhet az NCH term\u00e9kek biztons\u00e1gi adatlapjaihoz. Szerezze be a sz\u00fcks\u00e9ges inform\u00e1ci\u00f3kat, vagy vegye fel a kapcsolatot csapatunkkal t\u00e1mogat\u00e1s\u00e9rt.\" class=\"yoast-seo-meta-tag\" \/>\n<meta name=\"robots\" content=\"index, follow, max-snippet:-1, max-image-preview:large, max-video-preview:-1\" \/>\n<link rel=\"canonical\" href=\"https:\/\/lubricants.ncheurope.com\/hu\/sds-oldal\/\" class=\"yoast-seo-meta-tag\" \/>\n<meta property=\"og:locale\" content=\"hu_HU\" class=\"yoast-seo-meta-tag\" \/>\n<meta property=\"og:type\" content=\"article\" class=\"yoast-seo-meta-tag\" \/>\n<meta property=\"og:title\" content=\"SDS oldal\" class=\"yoast-seo-meta-tag\" \/>\n<meta property=\"og:description\" content=\"K\u00f6nnyen hozz\u00e1f\u00e9rhet az NCH term\u00e9kek biztons\u00e1gi adatlapjaihoz. Szerezze be a sz\u00fcks\u00e9ges inform\u00e1ci\u00f3kat, vagy vegye fel a kapcsolatot csapatunkkal t\u00e1mogat\u00e1s\u00e9rt.\" class=\"yoast-seo-meta-tag\" \/>\n<meta property=\"og:url\" content=\"https:\/\/lubricants.ncheurope.com\/hu\/sds-oldal\/\" class=\"yoast-seo-meta-tag\" \/>\n<meta property=\"og:site_name\" content=\"NCH Lubricants\" class=\"yoast-seo-meta-tag\" \/>\n<meta property=\"article:modified_time\" content=\"2026-03-06T09:48:54+00:00\" class=\"yoast-seo-meta-tag\" \/>\n<meta name=\"twitter:card\" content=\"summary_large_image\" class=\"yoast-seo-meta-tag\" \/>\n<script type=\"application\/ld+json\" class=\"yoast-schema-graph\">{\"@context\":\"https:\/\/schema.org\",\"@graph\":[{\"@type\":\"WebPage\",\"@id\":\"https:\/\/lubricants.ncheurope.com\/hu\/sds-oldal\/\",\"url\":\"https:\/\/lubricants.ncheurope.com\/hu\/sds-oldal\/\",\"name\":\"Biztons\u00e1gi adatlap (SDS) let\u00f6lt\u00e9se\",\"isPartOf\":{\"@id\":\"https:\/\/lubricants.ncheurope.com\/sv\/#website\"},\"datePublished\":\"2025-04-10T16:44:40+00:00\",\"dateModified\":\"2026-03-06T09:48:54+00:00\",\"description\":\"K\u00f6nnyen hozz\u00e1f\u00e9rhet az NCH term\u00e9kek biztons\u00e1gi adatlapjaihoz. Szerezze be a sz\u00fcks\u00e9ges inform\u00e1ci\u00f3kat, vagy vegye fel a kapcsolatot csapatunkkal t\u00e1mogat\u00e1s\u00e9rt.\",\"breadcrumb\":{\"@id\":\"https:\/\/lubricants.ncheurope.com\/hu\/sds-oldal\/#breadcrumb\"},\"inLanguage\":\"hu\",\"potentialAction\":[{\"@type\":\"ReadAction\",\"target\":[\"https:\/\/lubricants.ncheurope.com\/hu\/sds-oldal\/\"]}]},{\"@type\":\"BreadcrumbList\",\"@id\":\"https:\/\/lubricants.ncheurope.com\/hu\/sds-oldal\/#breadcrumb\",\"itemListElement\":[{\"@type\":\"ListItem\",\"position\":1,\"name\":\"Honlap\",\"item\":\"https:\/\/lubricants.ncheurope.com\/hu\/\"},{\"@type\":\"ListItem\",\"position\":2,\"name\":\"SDS oldal\"}]},{\"@type\":\"WebSite\",\"@id\":\"https:\/\/lubricants.ncheurope.com\/sv\/#website\",\"url\":\"https:\/\/lubricants.ncheurope.com\/sv\/\",\"name\":\"NCH Lubricants\",\"description\":\"\",\"potentialAction\":[{\"@type\":\"SearchAction\",\"target\":{\"@type\":\"EntryPoint\",\"urlTemplate\":\"https:\/\/lubricants.ncheurope.com\/sv\/?s={search_term_string}\"},\"query-input\":{\"@type\":\"PropertyValueSpecification\",\"valueRequired\":true,\"valueName\":\"search_term_string\"}}],\"inLanguage\":\"hu\"}]}<\/script>\n<!-- \/ Yoast SEO Premium plugin. -->","yoast_head_json":{"title":"Biztons\u00e1gi adatlap (SDS) let\u00f6lt\u00e9se","description":"K\u00f6nnyen hozz\u00e1f\u00e9rhet az NCH term\u00e9kek biztons\u00e1gi adatlapjaihoz. Szerezze be a sz\u00fcks\u00e9ges inform\u00e1ci\u00f3kat, vagy vegye fel a kapcsolatot csapatunkkal t\u00e1mogat\u00e1s\u00e9rt.","robots":{"index":"index","follow":"follow","max-snippet":"max-snippet:-1","max-image-preview":"max-image-preview:large","max-video-preview":"max-video-preview:-1"},"canonical":"https:\/\/lubricants.ncheurope.com\/hu\/sds-oldal\/","og_locale":"hu_HU","og_type":"article","og_title":"SDS oldal","og_description":"K\u00f6nnyen hozz\u00e1f\u00e9rhet az NCH term\u00e9kek biztons\u00e1gi adatlapjaihoz. Szerezze be a sz\u00fcks\u00e9ges inform\u00e1ci\u00f3kat, vagy vegye fel a kapcsolatot csapatunkkal t\u00e1mogat\u00e1s\u00e9rt.","og_url":"https:\/\/lubricants.ncheurope.com\/hu\/sds-oldal\/","og_site_name":"NCH Lubricants","article_modified_time":"2026-03-06T09:48:54+00:00","twitter_card":"summary_large_image","schema":{"@context":"https:\/\/schema.org","@graph":[{"@type":"WebPage","@id":"https:\/\/lubricants.ncheurope.com\/hu\/sds-oldal\/","url":"https:\/\/lubricants.ncheurope.com\/hu\/sds-oldal\/","name":"Biztons\u00e1gi adatlap (SDS) let\u00f6lt\u00e9se","isPartOf":{"@id":"https:\/\/lubricants.ncheurope.com\/sv\/#website"},"datePublished":"2025-04-10T16:44:40+00:00","dateModified":"2026-03-06T09:48:54+00:00","description":"K\u00f6nnyen hozz\u00e1f\u00e9rhet az NCH term\u00e9kek biztons\u00e1gi adatlapjaihoz. Szerezze be a sz\u00fcks\u00e9ges inform\u00e1ci\u00f3kat, vagy vegye fel a kapcsolatot csapatunkkal t\u00e1mogat\u00e1s\u00e9rt.","breadcrumb":{"@id":"https:\/\/lubricants.ncheurope.com\/hu\/sds-oldal\/#breadcrumb"},"inLanguage":"hu","potentialAction":[{"@type":"ReadAction","target":["https:\/\/lubricants.ncheurope.com\/hu\/sds-oldal\/"]}]},{"@type":"BreadcrumbList","@id":"https:\/\/lubricants.ncheurope.com\/hu\/sds-oldal\/#breadcrumb","itemListElement":[{"@type":"ListItem","position":1,"name":"Honlap","item":"https:\/\/lubricants.ncheurope.com\/hu\/"},{"@type":"ListItem","position":2,"name":"SDS oldal"}]},{"@type":"WebSite","@id":"https:\/\/lubricants.ncheurope.com\/sv\/#website","url":"https:\/\/lubricants.ncheurope.com\/sv\/","name":"NCH Lubricants","description":"","potentialAction":[{"@type":"SearchAction","target":{"@type":"EntryPoint","urlTemplate":"https:\/\/lubricants.ncheurope.com\/sv\/?s={search_term_string}"},"query-input":{"@type":"PropertyValueSpecification","valueRequired":true,"valueName":"search_term_string"}}],"inLanguage":"hu"}]}},"_links":{"self":[{"href":"https:\/\/lubricants.ncheurope.com\/hu\/wp-json\/wp\/v2\/pages\/64070","targetHints":{"allow":["GET"]}}],"collection":[{"href":"https:\/\/lubricants.ncheurope.com\/hu\/wp-json\/wp\/v2\/pages"}],"about":[{"href":"https:\/\/lubricants.ncheurope.com\/hu\/wp-json\/wp\/v2\/types\/page"}],"author":[{"embeddable":true,"href":"https:\/\/lubricants.ncheurope.com\/hu\/wp-json\/wp\/v2\/users\/1"}],"replies":[{"embeddable":true,"href":"https:\/\/lubricants.ncheurope.com\/hu\/wp-json\/wp\/v2\/comments?post=64070"}],"version-history":[{"count":1,"href":"https:\/\/lubricants.ncheurope.com\/hu\/wp-json\/wp\/v2\/pages\/64070\/revisions"}],"predecessor-version":[{"id":65424,"href":"https:\/\/lubricants.ncheurope.com\/hu\/wp-json\/wp\/v2\/pages\/64070\/revisions\/65424"}],"wp:attachment":[{"href":"https:\/\/lubricants.ncheurope.com\/hu\/wp-json\/wp\/v2\/media?parent=64070"}],"curies":[{"name":"wp","href":"https:\/\/api.w.org\/{rel}","templated":true}]}}