{"id":64044,"date":"2025-02-21T20:56:49","date_gmt":"2025-02-21T20:56:49","guid":{"rendered":"https:\/\/lubricants.ncheurope.com\/rabszolgasag-es-emberkereskedelem-elleni-politika\/"},"modified":"2026-03-06T09:49:30","modified_gmt":"2026-03-06T09:49:30","slug":"rabszolgasag-es-emberkereskedelem-elleni-politika","status":"publish","type":"page","link":"https:\/\/lubricants.ncheurope.com\/hu\/rabszolgasag-es-emberkereskedelem-elleni-politika\/","title":{"rendered":"Rabszolgas\u00e1g \u00e9s emberkereskedelem elleni politika"},"content":{"rendered":"\n<div class=\"internal-banner-block relative secondaryLubricants paddingBottomMedium bg-no-repeat pt-[110px] lg:pt-[160px] bg-white bg-[url('assets\/images\/background-shape.png')] bg-right-bottom bg-contain\" >\n        <div class=\"container relative z-10\">\n        <div class=\"breadcrumb-container mb-[60px] lg:mb-[103px] hidden md:block\">\n            <p class=\"text-darkXs !mb-0 !text-[12px] flex flex-row items-center\">You are here: <a class=\"!font-regular mx-2 hover:underline\" href=\"https:\/\/lubricants.ncheurope.com\/hu\/\">Kezd\u0151lap<\/a> \/ <span class=\"ml-2 font-semibold\">Rabszolgas\u00e1g \u00e9s emberkereskedelem elleni politika<\/span><\/p>\n        <\/div>\n\n        <div class=\"content-container flex flex-col-reverse md:flex-row flex-wrap justify-between\">\n\n                            <div class=\"text-container md:basis-10\/12\">\n                    <h1 class=\"heading-1 text-secondaryLubricants\">Rabszolgas\u00e1g \u00e9s emberkereskedelem elleni politika<\/h1>                                                        <\/div>\n                    <\/div>\n    <\/div>\n<\/div>\n<div class=\"accordion-block relative secondaryLubricants paddingTopLarge paddingBottomLarge bg-primaryOffWhite\">\n    <div class=\"container flex flex-row flex-wrap\">\n        \n        <!-- Accordion Start -->       \n                    <div class=\"accordion-container flex flex-row flex-wrap basis-full\">     \n                                <div class=\"accordion-item border border-primaryOffWhite bg-white basis-full mb-2\">\n                    <div class=\"accordion-header hover:cursor-pointer py-[28px] px-[40px] flex flex-row justify-between items-center\">\n                        <h5 class=\"text-secondaryLubricants heading-5 !mb-0\">POLITIKAI NYILATKOZAT<\/h5>\n                        <i class=\"bg-[url('assets\/images\/upwards-arrow-white.png')] bg-center bg-[length:11px_11px] bg-no-repeat bg-secondaryLubricants block rounded-full min-w-[30px] w-[30px] h-[30px] rotate-[135deg]\"><\/i>\n                    <\/div>\n\n                    <div class=\"accordion-content hidden pb-[28px] px-[40px]\">\n                        <p class=\"text-darkBase !mb-0\"><p>A modern rabszolgas\u00e1g b\u0171ncselekm\u00e9ny \u00e9s az alapvet\u0151 emberi jogok megs\u00e9rt\u00e9se. K\u00fcl\u00f6nb\u00f6z\u0151 form\u00e1i vannak, mint p\u00e9ld\u00e1ul a rabszolgas\u00e1g, a szolgas\u00e1g, a k\u00e9nyszermunka \u00e9s a k\u00e9nyszermunka, valamint az emberkereskedelem, amelyek k\u00f6z\u00f6s jellemz\u0151je, hogy egy szem\u00e9ly szabads\u00e1g\u00e1t\u00f3l megfosztanak egy m\u00e1sik szem\u00e9lyt szem\u00e9lyes vagy kereskedelmi haszonszerz\u00e9s c\u00e9lj\u00e1b\u00f3l. Az NCH Corporation \u00e9s le\u00e1nyv\u00e1llalatai (egy\u00fcttesen &#8222;NCH&#8221;, &#8222;mi&#8221; vagy &#8222;mi\u00e9nk&#8221;) z\u00e9r\u00f3 toleranci\u00e1t alkalmaznak a modern rabszolgas\u00e1ggal szemben, \u00e9s elk\u00f6telezettek vagyunk amellett, hogy minden \u00fczleti kapcsolatunkban \u00e9s \u00fcgylet\u00fcnkben etikusan \u00e9s tisztess\u00e9gesen j\u00e1rjunk el, valamint hogy hat\u00e9kony rendszereket \u00e9s ellen\u0151rz\u00e9seket vezess\u00fcnk be \u00e9s \u00e9rv\u00e9nyes\u00edts\u00fcnk annak biztos\u00edt\u00e1s\u00e1ra, hogy a modern rabszolgas\u00e1gra sehol se ker\u00fclj\u00f6n sor sem a saj\u00e1t \u00fczlet\u00fcnkben, sem a besz\u00e1ll\u00edt\u00f3i l\u00e1ncainkban.  <\/p>\n<p>Az NCH elk\u00f6telezte mag\u00e1t amellett is, hogy saj\u00e1t \u00fczleti tev\u00e9kenys\u00e9g\u00e9ben \u00e9s a modern rabszolgas\u00e1g elleni k\u00fczdelemmel kapcsolatos megk\u00f6zel\u00edt\u00e9s\u00e9ben a besz\u00e1ll\u00edt\u00f3i l\u00e1ncainkon kereszt\u00fcl biztos\u00edtja az \u00e1tl\u00e1that\u00f3s\u00e1got, \u00f6sszhangban az Egyes\u00fclt Kir\u00e1lys\u00e1g 2015. \u00e9vi modern rabszolgas\u00e1gr\u00f3l sz\u00f3l\u00f3 t\u00f6rv\u00e9nye szerinti k\u00f6zz\u00e9t\u00e9teli k\u00f6telezetts\u00e9geinkkel. Ugyanolyan magas szint\u0171 norm\u00e1kat v\u00e1runk el minden v\u00e1llalkoz\u00f3nkt\u00f3l, besz\u00e1ll\u00edt\u00f3nkt\u00f3l \u00e9s egy\u00e9b \u00fczleti partner\u00fcnkt\u0151l, \u00e9s szerz\u0151d\u00e9sk\u00f6t\u00e9si folyamataink r\u00e9szek\u00e9nt konkr\u00e9t tilalmakat tartalmazunk a k\u00e9nyszermunka, a k\u00e9nyszermunka vagy az emberkereskedelem \u00e1ldozat\u00e1v\u00e1 v\u00e1lt munka, illetve a rabszolgas\u00e1gban vagy szolgas\u00e1gban tartott szem\u00e9lyek &#8211; feln\u0151ttek vagy gyermekek &#8211; alkalmaz\u00e1sa ellen, \u00e9s elv\u00e1rjuk, hogy besz\u00e1ll\u00edt\u00f3ink ugyanilyen magas szint\u0171 norm\u00e1kat tartsanak be saj\u00e1t besz\u00e1ll\u00edt\u00f3iknak is. <\/p>\n<p>Ez a szab\u00e1lyzat a sz\u00e1munkra vagy a nev\u00fcnkben b\u00e1rmilyen min\u0151s\u00e9gben dolgoz\u00f3 valamennyi szem\u00e9lyre vonatkozik, bele\u00e9rtve a minden szint\u0171 alkalmazottakat, az igazgat\u00f3kat, a tisztvisel\u0151ket, a k\u00f6lcs\u00f6nz\u00f6tt munkav\u00e1llal\u00f3kat, a kik\u00fcld\u00f6tt munkav\u00e1llal\u00f3kat, az \u00f6nk\u00e9nteseket, a gyakornokokat, az \u00fcgyn\u00f6k\u00f6ket, a v\u00e1llalkoz\u00f3kat, a k\u00fcls\u0151 tan\u00e1csad\u00f3kat, a harmadik f\u00e9l k\u00e9pvisel\u0151it \u00e9s az \u00fczleti partnereket.<\/p>\n<p>Ez a szab\u00e1lyzat nem k\u00e9pezi r\u00e9sz\u00e9t egyetlen munkav\u00e1llal\u00f3 munkaszerz\u0151d\u00e9s\u00e9nek sem, \u00e9s id\u0151r\u0151l id\u0151re m\u00f3dos\u00edthatjuk.<\/p>\n<\/p>\n                                            <\/div>\n                <\/div>\n\n                                <div class=\"accordion-item border border-primaryOffWhite bg-white basis-full mb-2\">\n                    <div class=\"accordion-header hover:cursor-pointer py-[28px] px-[40px] flex flex-row justify-between items-center\">\n                        <h5 class=\"text-secondaryLubricants heading-5 !mb-0\">A POLITIK\u00c1\u00c9RT VAL\u00d3 FELEL\u0150SS\u00c9G<\/h5>\n                        <i class=\"bg-[url('assets\/images\/upwards-arrow-white.png')] bg-center bg-[length:11px_11px] bg-no-repeat bg-secondaryLubricants block rounded-full min-w-[30px] w-[30px] h-[30px] rotate-[135deg]\"><\/i>\n                    <\/div>\n\n                    <div class=\"accordion-content hidden pb-[28px] px-[40px]\">\n                        <p class=\"text-darkBase !mb-0\"><p>Az igazgat\u00f3tan\u00e1cs \u00e1ltal\u00e1nos felel\u0151ss\u00e9ge, hogy ez a politika megfeleljen jogi \u00e9s etikai k\u00f6telezetts\u00e9geinknek, \u00e9s hogy az ir\u00e1ny\u00edt\u00e1suk al\u00e1 tartoz\u00f3 valamennyi szem\u00e9ly betartsa azt.<\/p>\n<p>Az NCH jogi csoportja \u00e9s az ell\u00e1t\u00e1si l\u00e1nc vezet\u0151i els\u0151dlegesen \u00e9s napi szinten felel\u0151sek e politika v\u00e9grehajt\u00e1s\u00e1\u00e9rt, alkalmaz\u00e1s\u00e1nak \u00e9s hat\u00e9konys\u00e1g\u00e1nak nyomon k\u00f6vet\u00e9s\u00e9\u00e9rt, az ezzel kapcsolatos k\u00e9rd\u00e9sek kezel\u00e9s\u00e9\u00e9rt, valamint a bels\u0151 ellen\u0151rz\u00e9si rendszerek \u00e9s elj\u00e1r\u00e1sok ellen\u0151rz\u00e9s\u00e9\u00e9rt annak biztos\u00edt\u00e1sa \u00e9rdek\u00e9ben, hogy azok hat\u00e9konyan l\u00e9pjenek fel a modern rabszolgas\u00e1g ellen.<\/p>\n<p>A vezet\u0151s\u00e9g minden szinten felel\u0151s az\u00e9rt, hogy a nekik jelentkez\u0151 szem\u00e9lyek meg\u00e9rts\u00e9k \u00e9s betarts\u00e1k ezt a politik\u00e1t, \u00e9s megfelel\u0151 \u00e9s rendszeres k\u00e9pz\u00e9sben r\u00e9szes\u00fcljenek r\u00f3la, valamint a modern rabszolgas\u00e1g k\u00e9rd\u00e9s\u00e9r\u0151l az ell\u00e1t\u00e1si l\u00e1ncokban.<\/p>\n<p>Felk\u00e9rj\u00fck, hogy tegye meg \u00e9szrev\u00e9teleit ezzel a politik\u00e1val kapcsolatban, \u00e9s tegyen javaslatokat annak jav\u00edt\u00e1s\u00e1ra. Az \u00e9szrev\u00e9teleket, javaslatokat \u00e9s k\u00e9rd\u00e9seket a compliance@nch.com c\u00edmre v\u00e1rjuk. <\/p>\n<\/p>\n                                            <\/div>\n                <\/div>\n\n                                <div class=\"accordion-item border border-primaryOffWhite bg-white basis-full mb-2\">\n                    <div class=\"accordion-header hover:cursor-pointer py-[28px] px-[40px] flex flex-row justify-between items-center\">\n                        <h5 class=\"text-secondaryLubricants heading-5 !mb-0\">A POLITIK\u00c1NAK VAL\u00d3 MEGFELEL\u00c9S<\/h5>\n                        <i class=\"bg-[url('assets\/images\/upwards-arrow-white.png')] bg-center bg-[length:11px_11px] bg-no-repeat bg-secondaryLubricants block rounded-full min-w-[30px] w-[30px] h-[30px] rotate-[135deg]\"><\/i>\n                    <\/div>\n\n                    <div class=\"accordion-content hidden pb-[28px] px-[40px]\">\n                        <p class=\"text-darkBase !mb-0\"><p>Biztos\u00edtania kell, hogy elolvassa, meg\u00e9rtse \u00e9s betartsa ezt a szab\u00e1lyzatot. A modern rabszolgas\u00e1g megel\u0151z\u00e9se, felder\u00edt\u00e9se \u00e9s bejelent\u00e9se \u00fczleti tev\u00e9kenys\u00e9g\u00fcnk vagy besz\u00e1ll\u00edt\u00f3i l\u00e1ncaink b\u00e1rmely r\u00e9sz\u00e9n a sz\u00e1munkra dolgoz\u00f3k vagy az ir\u00e1ny\u00edt\u00e1sunk alatt \u00e1ll\u00f3k felel\u0151ss\u00e9ge. \u00d6n k\u00f6teles elker\u00fclni minden olyan tev\u00e9kenys\u00e9get, amely e politika megs\u00e9rt\u00e9s\u00e9hez vezethet, vagy arra utalhat.  <\/p>\n<p>A lehet\u0151 leghamarabb \u00e9rtes\u00edtenie kell a felettes\u00e9t, a legfontosabb \u00fczleti kapcsolattart\u00f3t vagy a 001-888-471-4033-as bizalmas seg\u00e9lyvonalat, ha \u00fagy v\u00e9li vagy gyan\u00edtja, hogy a jelen politik\u00e1val ellent\u00e9tes helyzet \u00e1llt el\u0151, vagy \u00e1llhat fenn a j\u00f6v\u0151ben.<\/p>\n<p>Arra \u00f6szt\u00f6n\u00f6zz\u00fck \u00d6nt, hogy a lehet\u0151 legkor\u00e1bban jelezze, ha \u00fczleti tev\u00e9kenys\u00e9g\u00fcnk b\u00e1rmely r\u00e9sz\u00e9n vagy b\u00e1rmely besz\u00e1ll\u00edt\u00f3i szint besz\u00e1ll\u00edt\u00f3i l\u00e1nc\u00e1ban felmer\u00fcl a modern rabszolgas\u00e1ggal kapcsolatos probl\u00e9ma vagy gyan\u00fa.<\/p>\n<p>Ha \u00fagy v\u00e9li vagy gyan\u00edtja, hogy a jelen szab\u00e1lyzat megs\u00e9rt\u00e9se t\u00f6rt\u00e9nt vagy t\u00f6rt\u00e9nhet, akkor a lehet\u0151 leghamarabb \u00e9rtes\u00edtenie kell a glob\u00e1lis megfelel\u0151s\u00e9gi tisztvisel\u0151t a compliance@nch.com e-mail c\u00edmen, vagy a bejelent\u00e9si szab\u00e1lyzatunknak megfelel\u0151en jelentenie kell.<\/p>\n<p>Ha nem biztos abban, hogy egy adott cselekedet, a munkav\u00e1llal\u00f3kkal val\u00f3 b\u00e1n\u00e1sm\u00f3d \u00e1ltal\u00e1ban v\u00e9ve vagy a munkak\u00f6r\u00fclm\u00e9nyeik az ell\u00e1t\u00e1si l\u00e1ncunk b\u00e1rmely szintj\u00e9n a modern rabszolgas\u00e1g k\u00fcl\u00f6nb\u00f6z\u0151 form\u00e1inak valamelyik\u00e9t jelentik-e, forduljon a glob\u00e1lis megfelel\u00e9si tisztvisel\u0151h\u00f6z vagy a bizalmas seg\u00e9lyvonalon kereszt\u00fcl.<\/p>\n<p>C\u00e9lunk a nyitotts\u00e1g \u00f6szt\u00f6nz\u00e9se, \u00e9s t\u00e1mogatni fogunk mindenkit, aki j\u00f3hiszem\u0171en, j\u00f3hiszem\u0171en vet fel val\u00f3di agg\u00e1lyokat e politika alapj\u00e1n, m\u00e9g akkor is, ha kider\u00fcl, hogy t\u00e9vedett. Elk\u00f6telezettek vagyunk annak biztos\u00edt\u00e1sa mellett, hogy senkit ne \u00e9rjen h\u00e1tr\u00e1nyos b\u00e1n\u00e1sm\u00f3d annak k\u00f6vetkezt\u00e9ben, hogy j\u00f3hiszem\u0171en jelezte, hogy a modern rabszolgas\u00e1g b\u00e1rmilyen form\u00e1ja fenn\u00e1ll vagy fenn\u00e1llhat saj\u00e1t \u00fczleti tev\u00e9kenys\u00e9g\u00fcnk b\u00e1rmely r\u00e9sz\u00e9n vagy b\u00e1rmely ell\u00e1t\u00e1si l\u00e1ncunkban. A h\u00e1tr\u00e1nyos b\u00e1n\u00e1sm\u00f3d mag\u00e1ban foglalja az elbocs\u00e1t\u00e1st, a fegyelmi elj\u00e1r\u00e1st, a fenyeget\u00e9st vagy m\u00e1s, az agg\u00e1lyok felvet\u00e9s\u00e9vel kapcsolatos kedvez\u0151tlen b\u00e1n\u00e1sm\u00f3dot. Ha \u00fagy gondolja, hogy ilyen b\u00e1n\u00e1sm\u00f3dban r\u00e9szes\u00fclt, azonnal \u00e9rtes\u00edtse a HR-csapatot vagy a glob\u00e1lis megfelel\u0151s\u00e9gi tisztvisel\u0151t. Ha az \u00fcgyet nem orvosolj\u00e1k, \u00e9s \u00d6n munkav\u00e1llal\u00f3, akkor az adott orsz\u00e1g panaszkezel\u00e9si elj\u00e1r\u00e1sa alapj\u00e1n hivatalosan is fel kell vetnie az \u00fcgyet.    <\/p>\n<\/p>\n                                            <\/div>\n                <\/div>\n\n                                <div class=\"accordion-item border border-primaryOffWhite bg-white basis-full mb-2\">\n                    <div class=\"accordion-header hover:cursor-pointer py-[28px] px-[40px] flex flex-row justify-between items-center\">\n                        <h5 class=\"text-secondaryLubricants heading-5 !mb-0\">E POLITIKA KOMMUNIK\u00c1CI\u00d3JA \u00c9S TUDATOS\u00cdT\u00c1SA<\/h5>\n                        <i class=\"bg-[url('assets\/images\/upwards-arrow-white.png')] bg-center bg-[length:11px_11px] bg-no-repeat bg-secondaryLubricants block rounded-full min-w-[30px] w-[30px] h-[30px] rotate-[135deg]\"><\/i>\n                    <\/div>\n\n                    <div class=\"accordion-content hidden pb-[28px] px-[40px]\">\n                        <p class=\"text-darkBase !mb-0\"><p>A jelen politik\u00e1r\u00f3l \u00e9s a modern rabszolgas\u00e1gnak a besz\u00e1ll\u00edt\u00f3i l\u00e1ncokban jelentkez\u0151 kock\u00e1zat\u00e1r\u00f3l sz\u00f3l\u00f3 k\u00e9pz\u00e9s a n\u00e1lunk dolgoz\u00f3 valamennyi szem\u00e9ly sz\u00e1m\u00e1ra a beavat\u00e1si folyamat r\u00e9sz\u00e9t k\u00e9pezi, \u00e9s sz\u00fcks\u00e9g szerint rendszeres k\u00e9pz\u00e9seket tartunk.<\/p>\n<p>A modern rabszolgas\u00e1ggal kapcsolatos z\u00e9r\u00f3 toleranci\u00e1t v\u00e1llal\u00f3 megk\u00f6zel\u00edt\u00e9s\u00fcnket a v\u00e1llalkoz\u00e1sunkban \u00e9s a besz\u00e1ll\u00edt\u00f3i l\u00e1ncokban minden besz\u00e1ll\u00edt\u00f3val, v\u00e1llalkoz\u00f3val \u00e9s \u00fczleti partnerrel a vel\u00fck val\u00f3 \u00fczleti kapcsolatunk kezdet\u00e9n k\u00f6z\u00f6lni kell, \u00e9s azt k\u00f6vet\u0151en sz\u00fcks\u00e9g szerint meg kell er\u0151s\u00edteni.<\/p>\n<\/p>\n                                            <\/div>\n                <\/div>\n\n                                <div class=\"accordion-item border border-primaryOffWhite bg-white basis-full mb-2\">\n                    <div class=\"accordion-header hover:cursor-pointer py-[28px] px-[40px] flex flex-row justify-between items-center\">\n                        <h5 class=\"text-secondaryLubricants heading-5 !mb-0\">A JELEN POLITIKA MEGS\u00c9RT\u00c9SE<\/h5>\n                        <i class=\"bg-[url('assets\/images\/upwards-arrow-white.png')] bg-center bg-[length:11px_11px] bg-no-repeat bg-secondaryLubricants block rounded-full min-w-[30px] w-[30px] h-[30px] rotate-[135deg]\"><\/i>\n                    <\/div>\n\n                    <div class=\"accordion-content hidden pb-[28px] px-[40px]\">\n                        <p class=\"text-darkBase !mb-0\"><p>Minden olyan alkalmazott, aki megszegi ezt a szab\u00e1lyzatot, fegyelmi elj\u00e1r\u00e1s al\u00e1 ker\u00fcl, amely ak\u00e1r elbocs\u00e1t\u00e1sig terjed\u0151 hivatalos elj\u00e1r\u00e1st is eredm\u00e9nyezhet.<\/p>\n<p>Fenntartjuk a jogot, hogy a nev\u00fcnkben dolgoz\u00f3 m\u00e1s szem\u00e9lyekkel \u00e9s szervezetekkel val\u00f3 kapcsolatunkat megsz\u00fcntess\u00fck, ha azok megszegik ezt a szab\u00e1lyzatot.<\/p>\n<\/p>\n                                            <\/div>\n                <\/div>\n\n                            <\/div>\n                <!-- Accordion End -->\n    <\/div>\n<\/div>","protected":false},"excerpt":{"rendered":"","protected":false},"author":1,"featured_media":0,"parent":0,"menu_order":0,"comment_status":"closed","ping_status":"closed","template":"","meta":{"_acf_changed":false,"footnotes":""},"class_list":["post-64044","page","type-page","status-publish","hentry"],"acf":[],"yoast_head":"<!-- This site is optimized with the Yoast SEO Premium plugin v21.7 (Yoast SEO v27.2) - https:\/\/yoast.com\/product\/yoast-seo-premium-wordpress\/ -->\n<title>Modern rabszolgas\u00e1gr\u00f3l sz\u00f3l\u00f3 nyilatkozat | NCH Lubricants etikai politika<\/title>\n<meta name=\"description\" content=\"Az NCH Lubricants z\u00e9r\u00f3 toleranci\u00e1t tan\u00fas\u00edt a modern rabszolgas\u00e1ggal szemben, \u00e9s etikus, \u00e1tl\u00e1that\u00f3 glob\u00e1lis ell\u00e1t\u00e1si l\u00e1ncokat biztos\u00edt.\" class=\"yoast-seo-meta-tag\" \/>\n<meta name=\"robots\" content=\"index, follow, max-snippet:-1, max-image-preview:large, max-video-preview:-1\" \/>\n<link rel=\"canonical\" href=\"https:\/\/lubricants.ncheurope.com\/hu\/rabszolgasag-es-emberkereskedelem-elleni-politika\/\" class=\"yoast-seo-meta-tag\" \/>\n<meta property=\"og:locale\" content=\"hu_HU\" class=\"yoast-seo-meta-tag\" \/>\n<meta property=\"og:type\" content=\"article\" class=\"yoast-seo-meta-tag\" \/>\n<meta property=\"og:title\" content=\"Rabszolgas\u00e1g \u00e9s emberkereskedelem elleni politika\" class=\"yoast-seo-meta-tag\" \/>\n<meta property=\"og:description\" content=\"Az NCH Lubricants z\u00e9r\u00f3 toleranci\u00e1t tan\u00fas\u00edt a modern rabszolgas\u00e1ggal szemben, \u00e9s etikus, \u00e1tl\u00e1that\u00f3 glob\u00e1lis ell\u00e1t\u00e1si l\u00e1ncokat biztos\u00edt.\" class=\"yoast-seo-meta-tag\" \/>\n<meta property=\"og:url\" content=\"https:\/\/lubricants.ncheurope.com\/hu\/rabszolgasag-es-emberkereskedelem-elleni-politika\/\" class=\"yoast-seo-meta-tag\" \/>\n<meta property=\"og:site_name\" content=\"NCH Lubricants\" class=\"yoast-seo-meta-tag\" \/>\n<meta property=\"article:modified_time\" content=\"2026-03-06T09:49:30+00:00\" class=\"yoast-seo-meta-tag\" \/>\n<meta name=\"twitter:card\" content=\"summary_large_image\" class=\"yoast-seo-meta-tag\" \/>\n<script type=\"application\/ld+json\" class=\"yoast-schema-graph\">{\"@context\":\"https:\/\/schema.org\",\"@graph\":[{\"@type\":\"WebPage\",\"@id\":\"https:\/\/lubricants.ncheurope.com\/hu\/rabszolgasag-es-emberkereskedelem-elleni-politika\/\",\"url\":\"https:\/\/lubricants.ncheurope.com\/hu\/rabszolgasag-es-emberkereskedelem-elleni-politika\/\",\"name\":\"Modern rabszolgas\u00e1gr\u00f3l sz\u00f3l\u00f3 nyilatkozat | NCH Lubricants etikai politika\",\"isPartOf\":{\"@id\":\"https:\/\/lubricants.ncheurope.com\/sv\/#website\"},\"datePublished\":\"2025-02-21T20:56:49+00:00\",\"dateModified\":\"2026-03-06T09:49:30+00:00\",\"description\":\"Az NCH Lubricants z\u00e9r\u00f3 toleranci\u00e1t tan\u00fas\u00edt a modern rabszolgas\u00e1ggal szemben, \u00e9s etikus, \u00e1tl\u00e1that\u00f3 glob\u00e1lis ell\u00e1t\u00e1si l\u00e1ncokat biztos\u00edt.\",\"breadcrumb\":{\"@id\":\"https:\/\/lubricants.ncheurope.com\/hu\/rabszolgasag-es-emberkereskedelem-elleni-politika\/#breadcrumb\"},\"inLanguage\":\"hu\",\"potentialAction\":[{\"@type\":\"ReadAction\",\"target\":[\"https:\/\/lubricants.ncheurope.com\/hu\/rabszolgasag-es-emberkereskedelem-elleni-politika\/\"]}]},{\"@type\":\"BreadcrumbList\",\"@id\":\"https:\/\/lubricants.ncheurope.com\/hu\/rabszolgasag-es-emberkereskedelem-elleni-politika\/#breadcrumb\",\"itemListElement\":[{\"@type\":\"ListItem\",\"position\":1,\"name\":\"Honlap\",\"item\":\"https:\/\/lubricants.ncheurope.com\/hu\/\"},{\"@type\":\"ListItem\",\"position\":2,\"name\":\"Rabszolgas\u00e1g \u00e9s emberkereskedelem elleni politika\"}]},{\"@type\":\"WebSite\",\"@id\":\"https:\/\/lubricants.ncheurope.com\/sv\/#website\",\"url\":\"https:\/\/lubricants.ncheurope.com\/sv\/\",\"name\":\"NCH Lubricants\",\"description\":\"\",\"potentialAction\":[{\"@type\":\"SearchAction\",\"target\":{\"@type\":\"EntryPoint\",\"urlTemplate\":\"https:\/\/lubricants.ncheurope.com\/sv\/?s={search_term_string}\"},\"query-input\":{\"@type\":\"PropertyValueSpecification\",\"valueRequired\":true,\"valueName\":\"search_term_string\"}}],\"inLanguage\":\"hu\"}]}<\/script>\n<!-- \/ Yoast SEO Premium plugin. -->","yoast_head_json":{"title":"Modern rabszolgas\u00e1gr\u00f3l sz\u00f3l\u00f3 nyilatkozat | NCH Lubricants etikai politika","description":"Az NCH Lubricants z\u00e9r\u00f3 toleranci\u00e1t tan\u00fas\u00edt a modern rabszolgas\u00e1ggal szemben, \u00e9s etikus, \u00e1tl\u00e1that\u00f3 glob\u00e1lis ell\u00e1t\u00e1si l\u00e1ncokat biztos\u00edt.","robots":{"index":"index","follow":"follow","max-snippet":"max-snippet:-1","max-image-preview":"max-image-preview:large","max-video-preview":"max-video-preview:-1"},"canonical":"https:\/\/lubricants.ncheurope.com\/hu\/rabszolgasag-es-emberkereskedelem-elleni-politika\/","og_locale":"hu_HU","og_type":"article","og_title":"Rabszolgas\u00e1g \u00e9s emberkereskedelem elleni politika","og_description":"Az NCH Lubricants z\u00e9r\u00f3 toleranci\u00e1t tan\u00fas\u00edt a modern rabszolgas\u00e1ggal szemben, \u00e9s etikus, \u00e1tl\u00e1that\u00f3 glob\u00e1lis ell\u00e1t\u00e1si l\u00e1ncokat biztos\u00edt.","og_url":"https:\/\/lubricants.ncheurope.com\/hu\/rabszolgasag-es-emberkereskedelem-elleni-politika\/","og_site_name":"NCH Lubricants","article_modified_time":"2026-03-06T09:49:30+00:00","twitter_card":"summary_large_image","schema":{"@context":"https:\/\/schema.org","@graph":[{"@type":"WebPage","@id":"https:\/\/lubricants.ncheurope.com\/hu\/rabszolgasag-es-emberkereskedelem-elleni-politika\/","url":"https:\/\/lubricants.ncheurope.com\/hu\/rabszolgasag-es-emberkereskedelem-elleni-politika\/","name":"Modern rabszolgas\u00e1gr\u00f3l sz\u00f3l\u00f3 nyilatkozat | NCH Lubricants etikai politika","isPartOf":{"@id":"https:\/\/lubricants.ncheurope.com\/sv\/#website"},"datePublished":"2025-02-21T20:56:49+00:00","dateModified":"2026-03-06T09:49:30+00:00","description":"Az NCH Lubricants z\u00e9r\u00f3 toleranci\u00e1t tan\u00fas\u00edt a modern rabszolgas\u00e1ggal szemben, \u00e9s etikus, \u00e1tl\u00e1that\u00f3 glob\u00e1lis ell\u00e1t\u00e1si l\u00e1ncokat biztos\u00edt.","breadcrumb":{"@id":"https:\/\/lubricants.ncheurope.com\/hu\/rabszolgasag-es-emberkereskedelem-elleni-politika\/#breadcrumb"},"inLanguage":"hu","potentialAction":[{"@type":"ReadAction","target":["https:\/\/lubricants.ncheurope.com\/hu\/rabszolgasag-es-emberkereskedelem-elleni-politika\/"]}]},{"@type":"BreadcrumbList","@id":"https:\/\/lubricants.ncheurope.com\/hu\/rabszolgasag-es-emberkereskedelem-elleni-politika\/#breadcrumb","itemListElement":[{"@type":"ListItem","position":1,"name":"Honlap","item":"https:\/\/lubricants.ncheurope.com\/hu\/"},{"@type":"ListItem","position":2,"name":"Rabszolgas\u00e1g \u00e9s emberkereskedelem elleni politika"}]},{"@type":"WebSite","@id":"https:\/\/lubricants.ncheurope.com\/sv\/#website","url":"https:\/\/lubricants.ncheurope.com\/sv\/","name":"NCH Lubricants","description":"","potentialAction":[{"@type":"SearchAction","target":{"@type":"EntryPoint","urlTemplate":"https:\/\/lubricants.ncheurope.com\/sv\/?s={search_term_string}"},"query-input":{"@type":"PropertyValueSpecification","valueRequired":true,"valueName":"search_term_string"}}],"inLanguage":"hu"}]}},"_links":{"self":[{"href":"https:\/\/lubricants.ncheurope.com\/hu\/wp-json\/wp\/v2\/pages\/64044","targetHints":{"allow":["GET"]}}],"collection":[{"href":"https:\/\/lubricants.ncheurope.com\/hu\/wp-json\/wp\/v2\/pages"}],"about":[{"href":"https:\/\/lubricants.ncheurope.com\/hu\/wp-json\/wp\/v2\/types\/page"}],"author":[{"embeddable":true,"href":"https:\/\/lubricants.ncheurope.com\/hu\/wp-json\/wp\/v2\/users\/1"}],"replies":[{"embeddable":true,"href":"https:\/\/lubricants.ncheurope.com\/hu\/wp-json\/wp\/v2\/comments?post=64044"}],"version-history":[{"count":1,"href":"https:\/\/lubricants.ncheurope.com\/hu\/wp-json\/wp\/v2\/pages\/64044\/revisions"}],"predecessor-version":[{"id":64045,"href":"https:\/\/lubricants.ncheurope.com\/hu\/wp-json\/wp\/v2\/pages\/64044\/revisions\/64045"}],"wp:attachment":[{"href":"https:\/\/lubricants.ncheurope.com\/hu\/wp-json\/wp\/v2\/media?parent=64044"}],"curies":[{"name":"wp","href":"https:\/\/api.w.org\/{rel}","templated":true}]}}