{"id":62540,"date":"2025-09-03T07:43:48","date_gmt":"2025-09-03T07:43:48","guid":{"rendered":"https:\/\/nchdev-3ittg.projectbeta.co.uk\/nch-corporation-compliance-erklaerung-gesetz-zur-modernen-sklaverei-2015\/"},"modified":"2025-09-09T05:50:16","modified_gmt":"2025-09-09T05:50:16","slug":"nch-corporation-compliance-erklaerung-gesetz-zur-modernen-sklaverei-2015","status":"publish","type":"page","link":"https:\/\/lubricants.ncheurope.com\/de\/nch-corporation-compliance-erklaerung-gesetz-zur-modernen-sklaverei-2015\/","title":{"rendered":"NCH Corporation Compliance-Erkl\u00e4rung: Gesetz zur modernen Sklaverei 2015"},"content":{"rendered":"\n<div class=\"internal-banner-block relative primaryBlue paddingBottomLarge bg-no-repeat pt-[110px] lg:pt-[160px] bg-white bg-[url('assets\/images\/background-shape.png')] bg-right-bottom bg-contain\" >\n        <div class=\"container relative z-10\">\n        <div class=\"breadcrumb-container mb-[60px] lg:mb-[103px] hidden md:block\">\n            <p class=\"text-darkXs !mb-0 !text-[12px] flex flex-row items-center\">You are here: <a class=\"!font-regular mx-2 hover:underline\" href=\"https:\/\/lubricants.ncheurope.com\/de\/\">Startseite<\/a> \/ <span class=\"ml-2 font-semibold\">NCH Corporation Compliance-Erkl\u00e4rung: Gesetz zur modernen Sklaverei 2015<\/span><\/p>\n        <\/div>\n\n        <div class=\"content-container flex flex-col-reverse md:flex-row flex-wrap justify-between\">\n\n                            <div class=\"text-container md:basis-10\/12\">\n                    <h1 class=\"heading-1 text-primaryBlue\">NCH Corporation Compliance-Erkl\u00e4rung: Gesetz zur modernen Sklaverei 2015<\/h1>                                                        <\/div>\n                    <\/div>\n    <\/div>\n<\/div>\n<div class=\"accordion-block relative primaryBlue paddingTopLarge paddingBottomLarge bg-primaryOffWhite\">\n    <div class=\"container flex flex-row flex-wrap\">\n                    <div class=\"text-container flex flex-row flex-wrap items-start justify-between basis-full pb-[60px]\">\n                <h2 class=\"heading-2 text-primaryBlue basis-full\">NCH (UK) LIMITED &#8211; Erkl\u00e4rung zur modernen Sklaverei und zum Menschenhandel<\/h2>                <p class=\"text-darkBase basis-full lg:basis-8\/12 !mb-0\">NCH (UK) Limited (das Unternehmen) hat sich dem Schutz und der Achtung der Menschenrechte verschrieben und verfolgt einen Null-Toleranz-Ansatz gegen\u00fcber Sklaverei und Menschenhandel in all ihren Formen. Diese Erkl\u00e4rung wird gem\u00e4\u00df Abschnitt 54 (1) des Modern Slavery Act 2015 abgegeben. Wir haben die NCH-Anti-Sklaverei-Richtlinie (die Richtlinie) eingef\u00fchrt, um sicherzustellen, dass wir moderne Sklaverei und Menschenhandel in unseren Betrieben und unserer Lieferkette strikt untersagen. Wir haben uns verpflichtet, Systeme und Kontrollen zu implementieren, die sicherstellen sollen, dass moderne Sklaverei nirgendwo in unserer Organisation oder in einer unserer Lieferketten stattfindet, und werden dies auch weiterhin tun. Diese Erkl\u00e4rung wird j\u00e4hrlich \u00fcberpr\u00fcft.    \n<\/p>            <\/div>\n        \n        <!-- Accordion Start -->       \n                    <div class=\"accordion-container flex flex-row flex-wrap basis-full\">     \n                                <div class=\"accordion-item border border-primaryOffWhite bg-white basis-full mb-2\">\n                    <div class=\"accordion-header hover:cursor-pointer py-[28px] px-[40px] flex flex-row justify-between items-center\">\n                        <h5 class=\"text-primaryBlue heading-5 !mb-0\">Die Struktur der Organisation<\/h5>\n                        <i class=\"bg-[url('assets\/images\/upwards-arrow-white.png')] bg-center bg-[length:11px_11px] bg-no-repeat bg-primaryBlue block rounded-full min-w-[30px] w-[30px] h-[30px] rotate-[135deg]\"><\/i>\n                    <\/div>\n\n                    <div class=\"accordion-content hidden pb-[28px] px-[40px]\">\n                        <p class=\"text-darkBase !mb-0\"><p>Wir sind ein Hersteller von Chemikalien und Anbieter von Wasseraufbereitung. Wir sind Teil der NCH Group (Group) und unsere Muttergesellschaft ist die NCH Corporation, die ihren Hauptsitz in den Vereinigten Staaten hat. Die Gruppe hat weltweit \u00fcber 8.500 Mitarbeiter und ist in 50 L\u00e4ndern t\u00e4tig.    <\/p>\n<p>Die Gruppe hat einen weltweiten Jahresumsatz von 665 Millionen Pfund.  <\/p>\n<\/p>\n                                            <\/div>\n                <\/div>\n\n                                <div class=\"accordion-item border border-primaryOffWhite bg-white basis-full mb-2\">\n                    <div class=\"accordion-header hover:cursor-pointer py-[28px] px-[40px] flex flex-row justify-between items-center\">\n                        <h5 class=\"text-primaryBlue heading-5 !mb-0\">Unsere Richtlinien zu Sklaverei und Menschenhandel<\/h5>\n                        <i class=\"bg-[url('assets\/images\/upwards-arrow-white.png')] bg-center bg-[length:11px_11px] bg-no-repeat bg-primaryBlue block rounded-full min-w-[30px] w-[30px] h-[30px] rotate-[135deg]\"><\/i>\n                    <\/div>\n\n                    <div class=\"accordion-content hidden pb-[28px] px-[40px]\">\n                        <p class=\"text-darkBase !mb-0\"><p>Wir verpflichten uns, daf\u00fcr zu sorgen, dass es in unseren Lieferketten oder in jedem Teil unseres Unternehmens keine moderne Sklaverei und keinen Menschenhandel gibt. Unsere Richtlinie spiegelt unsere Verpflichtung wider, in allen unseren Gesch\u00e4ftsbeziehungen ethisch und integer zu handeln und wirksame Systeme und Kontrollen einzuf\u00fchren und durchzusetzen, um sicherzustellen, dass in unseren Lieferketten keine Sklaverei und kein Menschenhandel stattfindet.   <\/p>\n<p>Als Teil unserer Initiative zur Identifizierung und Minderung von Risiken haben wir Verfahren, um:<\/p>\n<li>unsere Politik j\u00e4hrlich zu \u00fcberpr\u00fcfen; und  <\/li>\n<li>Identifizieren Sie \u00c4nderungen, die unsere Politik verbessern k\u00f6nnten.  <\/li>\n<p><\/p>\n<p>Due-Diligence-Prozesse f\u00fcr Sklaverei und Menschenhandel  <\/p>\n<p>Als Teil unserer Initiative zur Identifizierung und Minderung von Risiken implementieren wir Systeme, um:<\/p>\n<li>Identifizieren und bewerten Sie potenzielle Risikobereiche in unseren Lieferketten.<\/li>\n<li>Minderung des Risikos von Sklaverei und Menschenhandel in unseren Lieferketten.  <\/li>\n<li>\u00dcberwachen Sie potenzielle Risikobereiche in unseren Lieferketten.<\/li>\n<li>Sch\u00fctzen Sie Whistleblower.  <\/li>\n<p><\/p>\n<p>Wir haben einer unserer Abteilungen intern die Verantwortung \u00fcbertragen, um sicherzustellen, dass unsere Due-Diligence-Prozesse so solide wie m\u00f6glich sind und um alle \u00c4nderungen zu identifizieren, die zur Verbesserung unserer Prozesse im Laufe der Zeit vorgenommen werden k\u00f6nnten.  <\/p>\n<\/p>\n                                            <\/div>\n                <\/div>\n\n                                <div class=\"accordion-item border border-primaryOffWhite bg-white basis-full mb-2\">\n                    <div class=\"accordion-header hover:cursor-pointer py-[28px] px-[40px] flex flex-row justify-between items-center\">\n                        <h5 class=\"text-primaryBlue heading-5 !mb-0\">Die Einhaltung unserer Werte und ethischen Grunds\u00e4tze durch Lieferanten, Auftragnehmer und andere Gesch\u00e4ftspartner<\/h5>\n                        <i class=\"bg-[url('assets\/images\/upwards-arrow-white.png')] bg-center bg-[length:11px_11px] bg-no-repeat bg-primaryBlue block rounded-full min-w-[30px] w-[30px] h-[30px] rotate-[135deg]\"><\/i>\n                    <\/div>\n\n                    <div class=\"accordion-content hidden pb-[28px] px-[40px]\">\n                        <p class=\"text-darkBase !mb-0\"><p>Wir haben null Toleranz gegen\u00fcber Sklaverei und Menschenhandel. Unsere Lieferanten, Auftragnehmer und anderen Gesch\u00e4ftspartner sind verpflichtet, ihre eigenen Lieferanten an die gleichen hohen Standards zu halten.   <\/p>\n<p>Wir sind der Ansicht, dass das gr\u00f6\u00dfte Risiko moderner Sklaverei in unseren Lieferketten besteht, wenn wir mit Unternehmen arbeiten, die in L\u00e4ndern ans\u00e4ssig sind, in denen es keine dem Vereinigten K\u00f6nigreich vergleichbaren Standards und Gesetze gibt.  <\/p>\n<p>Im Rahmen unserer fortlaufenden Risikobewertung und Sorgfaltspflicht pr\u00fcfen wir, ob die Umst\u00e4nde es rechtfertigen, dass wir Lieferanten auf die Einhaltung unserer Richtlinie hin \u00fcberpr\u00fcfen. Wir pr\u00fcfen auch, ob die Umst\u00e4nde die Aufnahme von spezifischen Verboten gegen moderne Sklaverei und Menschenhandel in unsere Vertr\u00e4ge mit Dritten rechtfertigen. Auf der Grundlage unseres risikobasierten Ansatzes werden wir auch pr\u00fcfen, ob es sinnvoll ist, unsere Lieferanten schriftlich zur Einhaltung unserer Richtlinie aufzufordern, in der die Mindeststandards zur Bek\u00e4mpfung der modernen Sklaverei und des Menschenhandels festgelegt sind.    <\/p>\n<p>Wenn wir feststellen, dass andere Personen oder Organisationen, die in unserem Auftrag arbeiten, gegen unsere Richtlinie versto\u00dfen haben, werden wir sicherstellen, dass wir angemessene Ma\u00dfnahmen ergreifen. Dies kann von der Pr\u00fcfung der M\u00f6glichkeit, Verst\u00f6\u00dfe zu beheben, und der Frage, ob dies das beste Ergebnis f\u00fcr die von dem Versto\u00df betroffenen Personen darstellt, bis hin zur Beendigung solcher Beziehungen reichen.   <\/p>\n<\/p>\n                                            <\/div>\n                <\/div>\n\n                                <div class=\"accordion-item border border-primaryOffWhite bg-white basis-full mb-2\">\n                    <div class=\"accordion-header hover:cursor-pointer py-[28px] px-[40px] flex flex-row justify-between items-center\">\n                        <h5 class=\"text-primaryBlue heading-5 !mb-0\">Ausbildung<\/h5>\n                        <i class=\"bg-[url('assets\/images\/upwards-arrow-white.png')] bg-center bg-[length:11px_11px] bg-no-repeat bg-primaryBlue block rounded-full min-w-[30px] w-[30px] h-[30px] rotate-[135deg]\"><\/i>\n                    <\/div>\n\n                    <div class=\"accordion-content hidden pb-[28px] px-[40px]\">\n                        <p class=\"text-darkBase !mb-0\"><p>Um ein hohes Ma\u00df an Verst\u00e4ndnis f\u00fcr die Risiken der modernen Sklaverei und des Menschenhandels in unseren Lieferketten und unserem Unternehmen zu gew\u00e4hrleisten, schulen wir unsere Mitarbeiter kontinuierlich.  <\/p>\n<p>Wir investieren in die Ausbildung unserer Mitarbeiter, damit sie die Risiken der modernen Sklaverei und des Menschenhandels in unserem Unternehmen und unseren Lieferketten erkennen. Durch unsere Schulungsprogramme werden die Mitarbeiter dazu ermutigt, m\u00f6gliche Verst\u00f6\u00dfe gegen unsere Richtlinie zu erkennen und zu melden. Die Mitarbeiter werden \u00fcber die Vorteile strenger Ma\u00dfnahmen zur Bek\u00e4mpfung von Sklaverei und Menschenhandel in unserem Unternehmen und in unseren Lieferketten unterrichtet.    <\/p>\n<\/p>\n                                            <\/div>\n                <\/div>\n\n                                <div class=\"accordion-item border border-primaryOffWhite bg-white basis-full mb-2\">\n                    <div class=\"accordion-header hover:cursor-pointer py-[28px] px-[40px] flex flex-row justify-between items-center\">\n                        <h5 class=\"text-primaryBlue heading-5 !mb-0\">Weitere Schritte<\/h5>\n                        <i class=\"bg-[url('assets\/images\/upwards-arrow-white.png')] bg-center bg-[length:11px_11px] bg-no-repeat bg-primaryBlue block rounded-full min-w-[30px] w-[30px] h-[30px] rotate-[135deg]\"><\/i>\n                    <\/div>\n\n                    <div class=\"accordion-content hidden pb-[28px] px-[40px]\">\n                        <p class=\"text-darkBase !mb-0\"><p>Nach einer \u00dcberpr\u00fcfung der Wirksamkeit der Schritte, die wir unternommen haben, um sicherzustellen, dass es in unseren Lieferketten keine Sklaverei und keinen Menschenhandel gibt, beabsichtigen wir, die folgenden weiteren Schritte zur Bek\u00e4mpfung von Sklaverei und Menschenhandel zu unternehmen:  <\/p>\n<li>Durchf\u00fchrung einer \u00dcberpr\u00fcfung der Einhaltung unserer Vorschriften zur modernen Sklaverei.  <\/li>\n<li>\u00dcberpr\u00fcfen Sie unsere Politik.  <\/li>\n<li>Schulungen f\u00fcr neue Mitarbeiter.  <\/li>\n<p><\/p>\n<p>Diese Erkl\u00e4rung wird gem\u00e4\u00df Abschnitt 54(1) des Modern Slavery Act 2015 abgegeben und stellt unsere Erkl\u00e4rung zur Sklaverei und zum Menschenhandel f\u00fcr das Gesch\u00e4ftsjahr bis zum 30. April 2022 dar.  <\/p>\n<p>Es wurde vom Vorstand am 7. M\u00e4rz 2023 genehmigt.  <\/p>\n<p>Martyn Ruscoe  <\/p>\n<\/p>\n                                            <\/div>\n                <\/div>\n\n                            <\/div>\n                <!-- Accordion End -->\n    <\/div>\n<\/div>","protected":false},"excerpt":{"rendered":"","protected":false},"author":2,"featured_media":0,"parent":0,"menu_order":0,"comment_status":"closed","ping_status":"closed","template":"","meta":{"_acf_changed":false,"footnotes":""},"class_list":["post-62540","page","type-page","status-publish","hentry"],"acf":[],"yoast_head":"<!-- This site is optimized with the Yoast SEO Premium plugin v21.7 (Yoast SEO v27.2) - https:\/\/yoast.com\/product\/yoast-seo-premium-wordpress\/ -->\n<title>NCH Corporation Compliance-Erkl\u00e4rung: Gesetz zur modernen Sklaverei 2015 - NCH Lubricants<\/title>\n<meta name=\"robots\" content=\"index, follow, max-snippet:-1, max-image-preview:large, max-video-preview:-1\" \/>\n<link rel=\"canonical\" href=\"https:\/\/lubricants.ncheurope.com\/de\/nch-corporation-compliance-erklaerung-gesetz-zur-modernen-sklaverei-2015\/\" class=\"yoast-seo-meta-tag\" \/>\n<meta property=\"og:locale\" content=\"de_DE\" class=\"yoast-seo-meta-tag\" \/>\n<meta property=\"og:type\" content=\"article\" class=\"yoast-seo-meta-tag\" \/>\n<meta property=\"og:title\" content=\"NCH Corporation Compliance-Erkl\u00e4rung: Gesetz zur modernen Sklaverei 2015\" class=\"yoast-seo-meta-tag\" \/>\n<meta property=\"og:url\" content=\"https:\/\/lubricants.ncheurope.com\/de\/nch-corporation-compliance-erklaerung-gesetz-zur-modernen-sklaverei-2015\/\" class=\"yoast-seo-meta-tag\" \/>\n<meta property=\"og:site_name\" content=\"NCH Lubricants\" class=\"yoast-seo-meta-tag\" \/>\n<meta property=\"article:modified_time\" content=\"2025-09-09T05:50:16+00:00\" class=\"yoast-seo-meta-tag\" \/>\n<meta name=\"twitter:card\" content=\"summary_large_image\" class=\"yoast-seo-meta-tag\" \/>\n<script type=\"application\/ld+json\" class=\"yoast-schema-graph\">{\"@context\":\"https:\/\/schema.org\",\"@graph\":[{\"@type\":\"WebPage\",\"@id\":\"https:\/\/lubricants.ncheurope.com\/de\/nch-corporation-compliance-erklaerung-gesetz-zur-modernen-sklaverei-2015\/\",\"url\":\"https:\/\/lubricants.ncheurope.com\/de\/nch-corporation-compliance-erklaerung-gesetz-zur-modernen-sklaverei-2015\/\",\"name\":\"NCH Corporation Compliance-Erkl\u00e4rung: Gesetz zur modernen Sklaverei 2015 - NCH Lubricants\",\"isPartOf\":{\"@id\":\"https:\/\/lubricants.ncheurope.com\/sv\/#website\"},\"datePublished\":\"2025-09-03T07:43:48+00:00\",\"dateModified\":\"2025-09-09T05:50:16+00:00\",\"breadcrumb\":{\"@id\":\"https:\/\/lubricants.ncheurope.com\/de\/nch-corporation-compliance-erklaerung-gesetz-zur-modernen-sklaverei-2015\/#breadcrumb\"},\"inLanguage\":\"de\",\"potentialAction\":[{\"@type\":\"ReadAction\",\"target\":[\"https:\/\/lubricants.ncheurope.com\/de\/nch-corporation-compliance-erklaerung-gesetz-zur-modernen-sklaverei-2015\/\"]}]},{\"@type\":\"BreadcrumbList\",\"@id\":\"https:\/\/lubricants.ncheurope.com\/de\/nch-corporation-compliance-erklaerung-gesetz-zur-modernen-sklaverei-2015\/#breadcrumb\",\"itemListElement\":[{\"@type\":\"ListItem\",\"position\":1,\"name\":\"Startseite\",\"item\":\"https:\/\/lubricants.ncheurope.com\/de\/\"},{\"@type\":\"ListItem\",\"position\":2,\"name\":\"NCH Corporation Compliance-Erkl\u00e4rung: Gesetz zur modernen Sklaverei 2015\"}]},{\"@type\":\"WebSite\",\"@id\":\"https:\/\/lubricants.ncheurope.com\/sv\/#website\",\"url\":\"https:\/\/lubricants.ncheurope.com\/sv\/\",\"name\":\"NCH Lubricants\",\"description\":\"\",\"potentialAction\":[{\"@type\":\"SearchAction\",\"target\":{\"@type\":\"EntryPoint\",\"urlTemplate\":\"https:\/\/lubricants.ncheurope.com\/sv\/?s={search_term_string}\"},\"query-input\":{\"@type\":\"PropertyValueSpecification\",\"valueRequired\":true,\"valueName\":\"search_term_string\"}}],\"inLanguage\":\"de\"}]}<\/script>\n<!-- \/ Yoast SEO Premium plugin. -->","yoast_head_json":{"title":"NCH Corporation Compliance-Erkl\u00e4rung: Gesetz zur modernen Sklaverei 2015 - NCH Lubricants","robots":{"index":"index","follow":"follow","max-snippet":"max-snippet:-1","max-image-preview":"max-image-preview:large","max-video-preview":"max-video-preview:-1"},"canonical":"https:\/\/lubricants.ncheurope.com\/de\/nch-corporation-compliance-erklaerung-gesetz-zur-modernen-sklaverei-2015\/","og_locale":"de_DE","og_type":"article","og_title":"NCH Corporation Compliance-Erkl\u00e4rung: Gesetz zur modernen Sklaverei 2015","og_url":"https:\/\/lubricants.ncheurope.com\/de\/nch-corporation-compliance-erklaerung-gesetz-zur-modernen-sklaverei-2015\/","og_site_name":"NCH Lubricants","article_modified_time":"2025-09-09T05:50:16+00:00","twitter_card":"summary_large_image","schema":{"@context":"https:\/\/schema.org","@graph":[{"@type":"WebPage","@id":"https:\/\/lubricants.ncheurope.com\/de\/nch-corporation-compliance-erklaerung-gesetz-zur-modernen-sklaverei-2015\/","url":"https:\/\/lubricants.ncheurope.com\/de\/nch-corporation-compliance-erklaerung-gesetz-zur-modernen-sklaverei-2015\/","name":"NCH Corporation Compliance-Erkl\u00e4rung: Gesetz zur modernen Sklaverei 2015 - NCH Lubricants","isPartOf":{"@id":"https:\/\/lubricants.ncheurope.com\/sv\/#website"},"datePublished":"2025-09-03T07:43:48+00:00","dateModified":"2025-09-09T05:50:16+00:00","breadcrumb":{"@id":"https:\/\/lubricants.ncheurope.com\/de\/nch-corporation-compliance-erklaerung-gesetz-zur-modernen-sklaverei-2015\/#breadcrumb"},"inLanguage":"de","potentialAction":[{"@type":"ReadAction","target":["https:\/\/lubricants.ncheurope.com\/de\/nch-corporation-compliance-erklaerung-gesetz-zur-modernen-sklaverei-2015\/"]}]},{"@type":"BreadcrumbList","@id":"https:\/\/lubricants.ncheurope.com\/de\/nch-corporation-compliance-erklaerung-gesetz-zur-modernen-sklaverei-2015\/#breadcrumb","itemListElement":[{"@type":"ListItem","position":1,"name":"Startseite","item":"https:\/\/lubricants.ncheurope.com\/de\/"},{"@type":"ListItem","position":2,"name":"NCH Corporation Compliance-Erkl\u00e4rung: Gesetz zur modernen Sklaverei 2015"}]},{"@type":"WebSite","@id":"https:\/\/lubricants.ncheurope.com\/sv\/#website","url":"https:\/\/lubricants.ncheurope.com\/sv\/","name":"NCH Lubricants","description":"","potentialAction":[{"@type":"SearchAction","target":{"@type":"EntryPoint","urlTemplate":"https:\/\/lubricants.ncheurope.com\/sv\/?s={search_term_string}"},"query-input":{"@type":"PropertyValueSpecification","valueRequired":true,"valueName":"search_term_string"}}],"inLanguage":"de"}]}},"_links":{"self":[{"href":"https:\/\/lubricants.ncheurope.com\/de\/wp-json\/wp\/v2\/pages\/62540","targetHints":{"allow":["GET"]}}],"collection":[{"href":"https:\/\/lubricants.ncheurope.com\/de\/wp-json\/wp\/v2\/pages"}],"about":[{"href":"https:\/\/lubricants.ncheurope.com\/de\/wp-json\/wp\/v2\/types\/page"}],"author":[{"embeddable":true,"href":"https:\/\/lubricants.ncheurope.com\/de\/wp-json\/wp\/v2\/users\/2"}],"replies":[{"embeddable":true,"href":"https:\/\/lubricants.ncheurope.com\/de\/wp-json\/wp\/v2\/comments?post=62540"}],"version-history":[{"count":1,"href":"https:\/\/lubricants.ncheurope.com\/de\/wp-json\/wp\/v2\/pages\/62540\/revisions"}],"predecessor-version":[{"id":62541,"href":"https:\/\/lubricants.ncheurope.com\/de\/wp-json\/wp\/v2\/pages\/62540\/revisions\/62541"}],"wp:attachment":[{"href":"https:\/\/lubricants.ncheurope.com\/de\/wp-json\/wp\/v2\/media?parent=62540"}],"curies":[{"name":"wp","href":"https:\/\/api.w.org\/{rel}","templated":true}]}}