{"id":61625,"date":"2025-02-19T16:22:44","date_gmt":"2025-02-19T16:22:44","guid":{"rendered":"https:\/\/nchdev-3ittg.projectbeta.co.uk\/dankeschoen\/"},"modified":"2025-09-05T14:25:11","modified_gmt":"2025-09-05T14:25:11","slug":"dankeschoen","status":"publish","type":"page","link":"https:\/\/lubricants.ncheurope.com\/de\/dankeschoen\/","title":{"rendered":"Dankesch\u00f6n"},"content":{"rendered":"\n<div class=\"internal-banner-block relative secondaryLubricants paddingBottomLarge bg-no-repeat pt-[110px] lg:pt-[160px] bg-white bg-[url('assets\/images\/background-shape.png')] bg-right-bottom bg-contain\" >\n        <div class=\"container relative z-10\">\n        <div class=\"breadcrumb-container mb-[60px] lg:mb-[103px] hidden md:block\">\n            <p class=\"text-darkXs !mb-0 !text-[12px] flex flex-row items-center\">You are here: <a class=\"!font-regular mx-2 hover:underline\" href=\"https:\/\/lubricants.ncheurope.com\/de\/\">Startseite<\/a> \/ <span class=\"ml-2 font-semibold\">Dankesch\u00f6n<\/span><\/p>\n        <\/div>\n\n        <div class=\"content-container flex flex-col-reverse md:flex-row flex-wrap justify-between\">\n\n                            <div class=\"text-container md:basis-10\/12\">\n                    <h1 class=\"heading-1 text-secondaryLubricants\">Vielen Dank, dass Sie sich an NCH Lubricants wenden.<\/h1>                    <div class=\"wysiwyg-container text-dark !mb-0 max-w-[768px]\"><p>Ein Mitglied unseres Teams wird sich in K\u00fcrze bei Ihnen melden. Wenn Sie dringend mit jemandem sprechen m\u00fcssen, finden Sie auf unserer Kontaktseite eine vollst\u00e4ndige Liste der Telefonnummern und E-Mail-Adressen.  <\/p>\n<\/div>                                            <a href=\"https:\/\/lubricants.ncheurope.com\/de\/\" class=\"button button--secondaryLubricants mt-[32px]\">Zur\u00fcck nach Hause gehen<\/a>\n                                    <\/div>\n                    <\/div>\n    <\/div>\n<\/div>\n\n\n    <div class=\"related-cards-block box-content relative bg-primaryOffWhite paddingTopLarge paddingBottomLarge secondaryLubricants\">\n        <div class=\"container flex flex-col\">\n            <!-- Start Text Section -->\n            <div class=\"flex flex-row flex-wrap justify-between items-end relative z-10 pb-[60px]\">\n                <h2 class=\"heading-2 basis-full text-secondaryLubricants\">Es gibt noch mehr zu entdecken<\/h2>                <p class=\"text-darkBase basis-full lg:basis-8\/12 !mb-0\">Lorem ipsum dolor sit amet, consectetur adipiscing elit. Duis a sodales mauris. Maecenas sed iaculis felis. Vivamus aliquam magna non tincident volutpat. Phasellus fringilla risus et rhoncus scelerisque.<\/p>                            <\/div>\n            <!-- End Text Section -->\n            \n            <!-- Start Related Cards Section -->\n            \n                            <div class=\" flex flex-row flex-wrap\">\n                                                                        <div class=\"related-card max-w-full md:max-w-[calc(50%-4px)] lg:max-w-[calc(25%-8px)] w-full px-2 pt-2 pb-8 mr-0 md:odd:mr-2 lg:mr-2 mb-10 relative bg-white shadow-[0_10px_10px_0_rgba(109,106,112,0.15)] border border-primaryOffWhite\">\n                                <div class=\"blog-image relative bg-center bg-no-repeat bg-cover min-h-[216px] mb-6\" style=\"background-image: url('https:\/\/lubricants.ncheurope.com\/wp-content\/uploads\/2025\/02\/image-3-careers.webp')\"><\/div>\n                                <div class=\"flex flex-col items-start px-6\">\n                                    <h6 class=\"heading-6 text-secondaryLubricants z-10 relative !mb-4\">Branchen<\/h6>\n                                    <p class=\"text-darkSm z-10 relative !mb-5\">Lorem ipsum dolor sit amet consectetur adipiscing elit duis a sodales mauris.<\/p>\n                                    <a href=\"https:\/\/lubricants.ncheurope.com\/de\/branchen\/\" class=\"button button--secondary button--secondaryLubricants\">Alles erforschen<\/a>\n                                <\/div>\n                            <\/div>\n                                                                                                <div class=\"related-card max-w-full md:max-w-[calc(50%-4px)] lg:max-w-[calc(25%-8px)] w-full px-2 pt-2 pb-8 mr-0 md:odd:mr-2 lg:mr-2 mb-10 relative bg-white shadow-[0_10px_10px_0_rgba(109,106,112,0.15)] border border-primaryOffWhite\">\n                                <div class=\"blog-image relative bg-center bg-no-repeat bg-cover min-h-[216px] mb-6\" style=\"background-image: url('https:\/\/lubricants.ncheurope.com\/wp-content\/uploads\/2025\/02\/image-3-careers.webp')\"><\/div>\n                                <div class=\"flex flex-col items-start px-6\">\n                                    <h6 class=\"heading-6 text-secondaryLubricants z-10 relative !mb-4\">Produkte<\/h6>\n                                    <p class=\"text-darkSm z-10 relative !mb-5\">Lorem ipsum dolor sit amet consectetur adipiscing elit duis a sodales mauris.<\/p>\n                                    <a href=\"https:\/\/lubricants.ncheurope.com\/de\/produkte\/\" class=\"button button--secondary button--secondaryLubricants\">Alles erforschen<\/a>\n                                <\/div>\n                            <\/div>\n                                                                                                <div class=\"related-card max-w-full md:max-w-[calc(50%-4px)] lg:max-w-[calc(25%-8px)] w-full px-2 pt-2 pb-8 mr-0 md:odd:mr-2 lg:mr-2 mb-10 relative bg-white shadow-[0_10px_10px_0_rgba(109,106,112,0.15)] border border-primaryOffWhite\">\n                                <div class=\"blog-image relative bg-center bg-no-repeat bg-cover min-h-[216px] mb-6\" style=\"background-image: url('https:\/\/lubricants.ncheurope.com\/wp-content\/uploads\/2025\/02\/image-3-careers.webp')\"><\/div>\n                                <div class=\"flex flex-col items-start px-6\">\n                                    <h6 class=\"heading-6 text-secondaryLubricants z-10 relative !mb-4\">Mehrwert-Programme<\/h6>\n                                    <p class=\"text-darkSm z-10 relative !mb-5\">Lorem ipsum dolor sit amet consectetur adipiscing elit duis a sodales mauris.<\/p>\n                                    <a href=\"https:\/\/lubricants.ncheurope.com\/de\/mehrwert-programme\/\" class=\"button button--secondary button--secondaryLubricants\">Alles erforschen<\/a>\n                                <\/div>\n                            <\/div>\n                                                                                                <div class=\"related-card max-w-full md:max-w-[calc(50%-4px)] lg:max-w-[calc(25%-8px)] w-full px-2 pt-2 pb-8 mr-0 md:odd:mr-2 lg:mr-2 mb-10 relative bg-white shadow-[0_10px_10px_0_rgba(109,106,112,0.15)] border border-primaryOffWhite\">\n                                <div class=\"blog-image relative bg-center bg-no-repeat bg-cover min-h-[216px] mb-6\" style=\"background-image: url('https:\/\/lubricants.ncheurope.com\/wp-content\/uploads\/2025\/02\/image-3-careers.webp')\"><\/div>\n                                <div class=\"flex flex-col items-start px-6\">\n                                    <h6 class=\"heading-6 text-secondaryLubricants z-10 relative !mb-4\">Karriere<\/h6>\n                                    <p class=\"text-darkSm z-10 relative !mb-5\">Lorem ipsum dolor sit amet consectetur adipiscing elit duis a sodales mauris.<\/p>\n                                    <a href=\"https:\/\/lubricants.ncheurope.com\/de\/karriere\/\" class=\"button button--secondary button--secondaryLubricants\">Alles erforschen<\/a>\n                                <\/div>\n                            <\/div>\n                                                            <\/div>\n                        \n            <!-- End Related Cards Section -->\n        <\/div>\n\n    <\/div>","protected":false},"excerpt":{"rendered":"","protected":false},"author":2,"featured_media":0,"parent":0,"menu_order":0,"comment_status":"closed","ping_status":"closed","template":"","meta":{"_acf_changed":false,"footnotes":""},"class_list":["post-61625","page","type-page","status-publish","hentry"],"acf":[],"yoast_head":"<!-- This site is optimized with the Yoast SEO Premium plugin v21.7 (Yoast SEO v27.2) - https:\/\/yoast.com\/product\/yoast-seo-premium-wordpress\/ -->\n<title>Dankesch\u00f6n - NCH Lubricants<\/title>\n<meta name=\"robots\" content=\"index, follow, max-snippet:-1, max-image-preview:large, max-video-preview:-1\" \/>\n<link rel=\"canonical\" href=\"https:\/\/lubricants.ncheurope.com\/de\/dankeschoen\/\" class=\"yoast-seo-meta-tag\" \/>\n<meta property=\"og:locale\" content=\"de_DE\" class=\"yoast-seo-meta-tag\" \/>\n<meta property=\"og:type\" content=\"article\" class=\"yoast-seo-meta-tag\" \/>\n<meta property=\"og:title\" content=\"Dankesch\u00f6n\" class=\"yoast-seo-meta-tag\" \/>\n<meta property=\"og:url\" content=\"https:\/\/lubricants.ncheurope.com\/de\/dankeschoen\/\" class=\"yoast-seo-meta-tag\" \/>\n<meta property=\"og:site_name\" content=\"NCH Lubricants\" class=\"yoast-seo-meta-tag\" \/>\n<meta property=\"article:modified_time\" content=\"2025-09-05T14:25:11+00:00\" class=\"yoast-seo-meta-tag\" \/>\n<meta name=\"twitter:card\" content=\"summary_large_image\" class=\"yoast-seo-meta-tag\" \/>\n<script type=\"application\/ld+json\" class=\"yoast-schema-graph\">{\"@context\":\"https:\/\/schema.org\",\"@graph\":[{\"@type\":\"WebPage\",\"@id\":\"https:\/\/lubricants.ncheurope.com\/de\/dankeschoen\/\",\"url\":\"https:\/\/lubricants.ncheurope.com\/de\/dankeschoen\/\",\"name\":\"Dankesch\u00f6n - NCH Lubricants\",\"isPartOf\":{\"@id\":\"https:\/\/lubricants.ncheurope.com\/sv\/#website\"},\"datePublished\":\"2025-02-19T16:22:44+00:00\",\"dateModified\":\"2025-09-05T14:25:11+00:00\",\"breadcrumb\":{\"@id\":\"https:\/\/lubricants.ncheurope.com\/de\/dankeschoen\/#breadcrumb\"},\"inLanguage\":\"de\",\"potentialAction\":[{\"@type\":\"ReadAction\",\"target\":[\"https:\/\/lubricants.ncheurope.com\/de\/dankeschoen\/\"]}]},{\"@type\":\"BreadcrumbList\",\"@id\":\"https:\/\/lubricants.ncheurope.com\/de\/dankeschoen\/#breadcrumb\",\"itemListElement\":[{\"@type\":\"ListItem\",\"position\":1,\"name\":\"Startseite\",\"item\":\"https:\/\/lubricants.ncheurope.com\/de\/\"},{\"@type\":\"ListItem\",\"position\":2,\"name\":\"Dankesch\u00f6n\"}]},{\"@type\":\"WebSite\",\"@id\":\"https:\/\/lubricants.ncheurope.com\/sv\/#website\",\"url\":\"https:\/\/lubricants.ncheurope.com\/sv\/\",\"name\":\"NCH Lubricants\",\"description\":\"\",\"potentialAction\":[{\"@type\":\"SearchAction\",\"target\":{\"@type\":\"EntryPoint\",\"urlTemplate\":\"https:\/\/lubricants.ncheurope.com\/sv\/?s={search_term_string}\"},\"query-input\":{\"@type\":\"PropertyValueSpecification\",\"valueRequired\":true,\"valueName\":\"search_term_string\"}}],\"inLanguage\":\"de\"}]}<\/script>\n<!-- \/ Yoast SEO Premium plugin. -->","yoast_head_json":{"title":"Dankesch\u00f6n - NCH Lubricants","robots":{"index":"index","follow":"follow","max-snippet":"max-snippet:-1","max-image-preview":"max-image-preview:large","max-video-preview":"max-video-preview:-1"},"canonical":"https:\/\/lubricants.ncheurope.com\/de\/dankeschoen\/","og_locale":"de_DE","og_type":"article","og_title":"Dankesch\u00f6n","og_url":"https:\/\/lubricants.ncheurope.com\/de\/dankeschoen\/","og_site_name":"NCH Lubricants","article_modified_time":"2025-09-05T14:25:11+00:00","twitter_card":"summary_large_image","schema":{"@context":"https:\/\/schema.org","@graph":[{"@type":"WebPage","@id":"https:\/\/lubricants.ncheurope.com\/de\/dankeschoen\/","url":"https:\/\/lubricants.ncheurope.com\/de\/dankeschoen\/","name":"Dankesch\u00f6n - NCH Lubricants","isPartOf":{"@id":"https:\/\/lubricants.ncheurope.com\/sv\/#website"},"datePublished":"2025-02-19T16:22:44+00:00","dateModified":"2025-09-05T14:25:11+00:00","breadcrumb":{"@id":"https:\/\/lubricants.ncheurope.com\/de\/dankeschoen\/#breadcrumb"},"inLanguage":"de","potentialAction":[{"@type":"ReadAction","target":["https:\/\/lubricants.ncheurope.com\/de\/dankeschoen\/"]}]},{"@type":"BreadcrumbList","@id":"https:\/\/lubricants.ncheurope.com\/de\/dankeschoen\/#breadcrumb","itemListElement":[{"@type":"ListItem","position":1,"name":"Startseite","item":"https:\/\/lubricants.ncheurope.com\/de\/"},{"@type":"ListItem","position":2,"name":"Dankesch\u00f6n"}]},{"@type":"WebSite","@id":"https:\/\/lubricants.ncheurope.com\/sv\/#website","url":"https:\/\/lubricants.ncheurope.com\/sv\/","name":"NCH Lubricants","description":"","potentialAction":[{"@type":"SearchAction","target":{"@type":"EntryPoint","urlTemplate":"https:\/\/lubricants.ncheurope.com\/sv\/?s={search_term_string}"},"query-input":{"@type":"PropertyValueSpecification","valueRequired":true,"valueName":"search_term_string"}}],"inLanguage":"de"}]}},"_links":{"self":[{"href":"https:\/\/lubricants.ncheurope.com\/de\/wp-json\/wp\/v2\/pages\/61625","targetHints":{"allow":["GET"]}}],"collection":[{"href":"https:\/\/lubricants.ncheurope.com\/de\/wp-json\/wp\/v2\/pages"}],"about":[{"href":"https:\/\/lubricants.ncheurope.com\/de\/wp-json\/wp\/v2\/types\/page"}],"author":[{"embeddable":true,"href":"https:\/\/lubricants.ncheurope.com\/de\/wp-json\/wp\/v2\/users\/2"}],"replies":[{"embeddable":true,"href":"https:\/\/lubricants.ncheurope.com\/de\/wp-json\/wp\/v2\/comments?post=61625"}],"version-history":[{"count":3,"href":"https:\/\/lubricants.ncheurope.com\/de\/wp-json\/wp\/v2\/pages\/61625\/revisions"}],"predecessor-version":[{"id":62413,"href":"https:\/\/lubricants.ncheurope.com\/de\/wp-json\/wp\/v2\/pages\/61625\/revisions\/62413"}],"wp:attachment":[{"href":"https:\/\/lubricants.ncheurope.com\/de\/wp-json\/wp\/v2\/media?parent=61625"}],"curies":[{"name":"wp","href":"https:\/\/api.w.org\/{rel}","templated":true}]}}