{"id":61488,"date":"2025-02-21T19:16:02","date_gmt":"2025-02-21T19:16:02","guid":{"rendered":"https:\/\/nchdev-3ittg.projectbeta.co.uk\/ueber-uns\/global-lubrication\/"},"modified":"2025-09-05T15:44:04","modified_gmt":"2025-09-05T15:44:04","slug":"globale-schmierung","status":"publish","type":"page","link":"https:\/\/lubricants.ncheurope.com\/de\/ueber-uns\/globale-schmierung\/","title":{"rendered":"Globale Schmierung"},"content":{"rendered":"\n<div class=\"internal-banner-block relative secondaryLubricants paddingBottomLarge bg-no-repeat pt-[110px] lg:pt-[160px]  bg-cover bg-center\" style=\"background-image: url('https:\/\/lubricants.ncheurope.com\/wp-content\/uploads\/2025\/08\/Global-Presence-Lubricants-banner.jpg')\">\n    <div class=\"overlay absolute top-0 bottom-0 left-0 right-0 z-0 gradient-secondaryLubricants-180-dark\"><\/div>    <div class=\"container relative z-10\">\n        <div class=\"breadcrumb-container mb-[60px] lg:mb-[103px] hidden md:block\">\n            <p class=\"text-lightXs !mb-0 !text-[12px] flex flex-row items-center\">You are here: <a class=\"!font-regular mx-2 hover:underline\" href=\"https:\/\/lubricants.ncheurope.com\/de\/\">Startseite<\/a> \/ <a class=\"mx-2 hover:underline\" href=\"https:\/\/lubricants.ncheurope.com\/de\/ueber-uns\/\">\u00dcber uns<\/a> \/ <select name=\"breadcrumb-select\" id=\"breadcrumb-select\" class=\"breadcrumb-select\"><option value=\"https:\/\/lubricants.ncheurope.com\/de\/ueber-uns\/produktqualitaet-und-innovation\/\">Produktqualit\u00e4t und Innovation<\/option><option value=\"https:\/\/lubricants.ncheurope.com\/de\/ueber-uns\/geschichte\/\">Geschichte<\/option><option value=\"https:\/\/lubricants.ncheurope.com\/de\/ueber-uns\/globale-schmierung\/\">Globale Schmierung<\/option><option value=\"https:\/\/lubricants.ncheurope.com\/de\/ueber-uns\/nachhaltigkeit\/\">Nachhaltigkeit<\/option><\/select><\/p>\n        <\/div>\n\n        <div class=\"content-container flex flex-col-reverse md:flex-row flex-wrap justify-between\">\n\n                            <div class=\"text-container md:basis-10\/12\">\n                    <h1 class=\"heading-1-light\">Global Lubrication  <\/h1>                    <div class=\"wysiwyg-container text-light !mb-0 max-w-[768px]\"><p>NCH Lubricants ist auf fortschrittliche Schmierungstechnologien f\u00fcr schwere Maschinen und industrielle Anwendungen spezialisiert. Das Unternehmen ist weltweit t\u00e4tig und wird von lokalen Support-Teams in wichtigen Regionen wie Nordamerika, Europa, Asien-Pazifik und Lateinamerika unterst\u00fctzt.<\/p>\n<\/div>                                    <\/div>\n                    <\/div>\n    <\/div>\n<\/div>\n\n\n<div class=\"text-image-cta-block paddingTopLarge paddingBottomLarge secondaryLubricants bg-white bg-no-repeat bg-contain\">\n    <div class=\"container flex flex-col lg:flex-row-reverse\">\n        <div class=\"text-container flex flex-col items-start lg:pr-5 lg:basis-3\/6 lg:pl-[90px]\">\n                        <h2 class=\"heading-2 text-secondaryLubricants\">Globale L\u00f6sungen f\u00fcr die Leistung von Industrieanlagen<\/h2>                            <div class=\"text-container\">\n                    <p>Als einer der gr\u00f6\u00dften Schmierstoffhersteller der Welt bietet NCH Lubricants ein breit gef\u00e4chertes Produktportfolio an, das Industriefette, \u00d6le, Kraftstoffadditive, Anti-Seize-Mittel und lebensmitteltaugliche Schmierstoffe umfasst, die auf Sektoren wie Abfall und Schrott, Bergbau, Landwirtschaft, verarbeitendes Gewerbe, Forstwirtschaft, \u00d6l und Gas sowie Biomasse zugeschnitten sind.<\/p>\n                <\/div>\n                                        <a href=\"https:\/\/lubricants.ncheurope.com\/de\/weltweit\/\" class=\"button mt-5 button--secondaryLubricants relative \" target=\"_parent\">Unsere weltweiten Standorte<\/a>\n                    <\/div>\n                    <div class=\"image-container lg:basis-3\/6 relative flex flex-col mt-[24px] lg:mt-0\">\n                <div class=\"skewed-image-container min-h-[388px] bg-no-repeat bg-cover bg-center skewedImageLarge-flipped shadow-[0_10px_10px_0_rgba(109,106,112,0.15)]\" style=\"background-image: url(https:\/\/lubricants.ncheurope.com\/wp-content\/uploads\/2025\/08\/Worldwide-image.jpg);\"><\/div>\n            <\/div>\n                    <\/div>\n<\/div>\n\n\n<div class=\"text-and-link-cards-slider-block relative box-content overflow-x-hidden paddingTopLarge paddingBottomLarge secondaryLubricants has-anchor-link\">\n    <div class=\"overlay z-0 absolute top-0 left-0 right-0 bottom-2\/4 block bg-secondaryLubricants\"><\/div>\n    <!-- Start Text Section -->\n    <div class=\"container text-and-link-cards-slider-text\">\n        <div class=\"flex flex-row flex-wrap justify-between items-center relative z-10 pb-[60px]\">\n            <h2 class=\"heading-2 basis-full text-white\">Globale Kompetenz in Schmierung<\/h2>            <p class=\"text-lightBase lg:basis-8\/12 mb-0\">Mit einem globalen Netzwerk von engagierten Schmierstoff-Verkaufsteams und Branchenexperten vor Ort verf\u00fcgt NCH Lubricants \u00fcber die globale Reichweite, Produkte und Dienstleistungen, die Ihnen helfen, die Lebensdauer Ihrer Anlagen zu verl\u00e4ngern, Ausfallzeiten zu reduzieren und Kosten zu senken.<\/p>                    <\/div>\n    <\/div>\n    <!-- End Text Section -->\n\n    <!-- Start Slider Column -->\n            <div class=\"slider-container flex flex-col overflow-x-hidden absolute right-0\">\n            <div class=\"text-and-link-cards-slider-block-slider\">\n                                    <div class=\"slide !flex flex-col justify-start items-start bg-white border border-primaryOffWhite px-2 pt-2 pb-8 mr-2 last-of-type:mr-0 mb-5 relative shadow-[0_10px_10px_0_rgba(109,106,112,0.15)] secondaryLubricants\">\n                        <div class=\"image-container relative bg-center bg-cover bg-no-repeat w-full min-h-[178px] flex items-end mb-6\" style=\"background-image: url('https:\/\/lubricants.ncheurope.com\/wp-content\/uploads\/2025\/08\/North-Amercia-Lubricants.jpg')\">\n                            <div class=\"overlay z-0 absolute top-0 left-0 right-0 bottom-0 gradient-secondaryLubricants-180\"><\/div>\n                            <h4 class=\"heading-4 text-white px-6 z-10 relative !mb-5\">Nord-Amerika  <\/h4>                        <\/div>\n                        <p class=\"text-darkSm px-6 z-10 relative !mb-6\">Besuchen Sie unsere nordamerikanische Schmierstoffabteilung; Certified Labs.<\/p>                            \n                        <!-- Start of links repeater -->\n                                                <!-- End of links repeater -->\n\n                                                    <a href=\"https:\/\/certifiedlabs.com\/\" class=\"button button--secondary button--secondaryLubricants w-[calc(100%-48px)] relative z-10 mx-6 !py-3\" target=\"_blank\">Gehen Sie zu Nordamerika<\/a>\n                                            <\/div>\n\n                                    <div class=\"slide !flex flex-col justify-start items-start bg-white border border-primaryOffWhite px-2 pt-2 pb-8 mr-2 last-of-type:mr-0 mb-5 relative shadow-[0_10px_10px_0_rgba(109,106,112,0.15)] secondaryLubricants\">\n                        <div class=\"image-container relative bg-center bg-cover bg-no-repeat w-full min-h-[178px] flex items-end mb-6\" style=\"background-image: url('https:\/\/lubricants.ncheurope.com\/wp-content\/uploads\/2025\/08\/Asia-Pacific-Lubricants.jpg')\">\n                            <div class=\"overlay z-0 absolute top-0 left-0 right-0 bottom-0 gradient-secondaryLubricants-180\"><\/div>\n                            <h4 class=\"heading-4 text-white px-6 z-10 relative !mb-5\">Asien-Pazifik  <\/h4>                        <\/div>\n                        <p class=\"text-darkSm px-6 z-10 relative !mb-6\">Besuchen Sie unsere Asien-Pazifik-Website f\u00fcr Ihren APAC-Schmierstoffbedarf.  <\/p>                            \n                        <!-- Start of links repeater -->\n                                                <!-- End of links repeater -->\n\n                                                    <a href=\"https:\/\/www.nchasia.com\/solution\/lubricants\/\" class=\"button button--secondary button--secondaryLubricants w-[calc(100%-48px)] relative z-10 mx-6 !py-3\" target=\"_blank\">Gehen Sie zu Asien-Pazifik  <\/a>\n                                            <\/div>\n\n                                    <div class=\"slide !flex flex-col justify-start items-start bg-white border border-primaryOffWhite px-2 pt-2 pb-8 mr-2 last-of-type:mr-0 mb-5 relative shadow-[0_10px_10px_0_rgba(109,106,112,0.15)] secondaryLubricants\">\n                        <div class=\"image-container relative bg-center bg-cover bg-no-repeat w-full min-h-[178px] flex items-end mb-6\" style=\"background-image: url('https:\/\/lubricants.ncheurope.com\/wp-content\/uploads\/2025\/08\/Latin-America-Lubricants.jpg')\">\n                            <div class=\"overlay z-0 absolute top-0 left-0 right-0 bottom-0 gradient-secondaryLubricants-180\"><\/div>\n                            <h4 class=\"heading-4 text-white px-6 z-10 relative !mb-5\">Lateinamerika  <\/h4>                        <\/div>\n                        <p class=\"text-darkSm px-6 z-10 relative !mb-6\">Besuchen Sie unsere Lateinamerika-Website f\u00fcr Ihren Schmierstoffbedarf in LATAM.  <\/p>                            \n                        <!-- Start of links repeater -->\n                                                <!-- End of links repeater -->\n\n                                                    <a href=\"https:\/\/www.la.nch.com\/lubricantes-industriales.html\" class=\"button button--secondary button--secondaryLubricants w-[calc(100%-48px)] relative z-10 mx-6 !py-3\" target=\"_blank\">Gehen Sie nach Lateinamerika<\/a>\n                                            <\/div>\n\n                                    <div class=\"slide !flex flex-col justify-start items-start bg-white border border-primaryOffWhite px-2 pt-2 pb-8 mr-2 last-of-type:mr-0 mb-5 relative shadow-[0_10px_10px_0_rgba(109,106,112,0.15)] secondaryLubricants\">\n                        <div class=\"image-container relative bg-center bg-cover bg-no-repeat w-full min-h-[178px] flex items-end mb-6\" style=\"background-image: url('https:\/\/lubricants.ncheurope.com\/wp-content\/uploads\/2025\/08\/Get-in-touch-Lubricants.jpg')\">\n                            <div class=\"overlay z-0 absolute top-0 left-0 right-0 bottom-0 gradient-secondaryLubricants-180\"><\/div>\n                            <h4 class=\"heading-4 text-white px-6 z-10 relative !mb-5\">Sprechen Sie mit unserem Team  <\/h4>                        <\/div>\n                        <p class=\"text-darkSm px-6 z-10 relative !mb-6\">Nehmen Sie Kontakt mit unserem europ\u00e4ischen Schmierteam auf.<\/p>                            \n                        <!-- Start of links repeater -->\n                                                <!-- End of links repeater -->\n\n                                                    <a href=\"https:\/\/lubricants.ncheurope.com\/de\/kontakt\/\" class=\"button button--secondary button--secondaryLubricants w-[calc(100%-48px)] relative z-10 mx-6 !py-3\" target=\"_parent\">Kontaktieren Sie uns  <\/a>\n                                            <\/div>\n\n                            <\/div>\n        <\/div>\n        <!-- End Slider Column -->\n\n<\/div>\n\n\n    <div class=\"related-cards-block box-content relative bg-primaryOffWhite paddingTopLarge paddingBottomLarge secondaryLubricants\">\n        <div class=\"container flex flex-col\">\n            <!-- Start Text Section -->\n            <div class=\"flex flex-row flex-wrap justify-between items-end relative z-10 pb-[60px]\">\n                <h2 class=\"heading-2 basis-full text-secondaryLubricants\">\u00dcber NCH Lubricants<\/h2>                <p class=\"text-darkBase basis-full lg:basis-8\/12 !mb-0\">Unabh\u00e4ngig von der Gr\u00f6\u00dfe, dem Umfang oder der Art des Unternehmens ist unsere Mission einfach: Wir helfen Unternehmen dabei, die Zuverl\u00e4ssigkeit ihrer Anlagen zu verbessern, die Effizienz zu steigern und die Betriebskosten zu senken &#8211; mit Schmierstoffprogrammen, die echte Leistung bringen.<\/p>                                    <a href=\"https:\/\/lubricants.ncheurope.com\/de\/ueber-uns\/\" class=\"button button--secondaryLubricants hover:bg-secondaryLubricants hover:text-white relative mt-[24px] lg:mt-0\">Finden Sie mehr heraus<\/a>\n                            <\/div>\n            <!-- End Text Section -->\n            \n            <!-- Start Related Cards Section -->\n            \n                            <div class=\" flex flex-row flex-wrap\">\n                                                                        <div class=\"related-card max-w-full md:max-w-[calc(50%-4px)] lg:max-w-[calc(25%-8px)] w-full px-2 pt-2 pb-8 mr-0 md:odd:mr-2 lg:mr-2 mb-10 relative bg-white shadow-[0_10px_10px_0_rgba(109,106,112,0.15)] border border-primaryOffWhite\">\n                                <div class=\"blog-image relative bg-center bg-no-repeat bg-cover min-h-[216px] mb-6\" style=\"background-image: url('https:\/\/lubricants.ncheurope.com\/wp-content\/uploads\/2025\/06\/Lubricants-About-Us-who-we-are.jpg')\"><\/div>\n                                <div class=\"flex flex-col items-start px-6\">\n                                    <h6 class=\"heading-6 text-secondaryLubricants z-10 relative !mb-4\">Produktinnovation<\/h6>\n                                    <p class=\"text-darkSm z-10 relative !mb-5\">Von der Formulierung bis zur Verpackung liefern wir zuverl\u00e4ssige, leistungsstarke Schmierstoffprodukte, auf die sich unsere Kunden verlassen k\u00f6nnen und die stets gleichbleibende Ergebnisse liefern.<\/p>\n                                    <a href=\"https:\/\/lubricants.ncheurope.com\/de\/ueber-uns\/produktqualitaet-und-innovation\/\" class=\"button button--secondary button--secondaryLubricants\">Mehr lesen  <\/a>\n                                <\/div>\n                            <\/div>\n                                                                                                <div class=\"related-card max-w-full md:max-w-[calc(50%-4px)] lg:max-w-[calc(25%-8px)] w-full px-2 pt-2 pb-8 mr-0 md:odd:mr-2 lg:mr-2 mb-10 relative bg-white shadow-[0_10px_10px_0_rgba(109,106,112,0.15)] border border-primaryOffWhite\">\n                                <div class=\"blog-image relative bg-center bg-no-repeat bg-cover min-h-[216px] mb-6\" style=\"background-image: url('https:\/\/lubricants.ncheurope.com\/wp-content\/uploads\/2025\/07\/Today.jpg')\"><\/div>\n                                <div class=\"flex flex-col items-start px-6\">\n                                    <h6 class=\"heading-6 text-secondaryLubricants z-10 relative !mb-4\">Unsere Geschichte<\/h6>\n                                    <p class=\"text-darkSm z-10 relative !mb-5\">NCH Corporation, das Kraftpaket hinter NCH Lubricants. NCH wurde 1919 in Dallas, Texas, gegr\u00fcndet und hat sich zu einem weltweit f\u00fchrenden Unternehmen entwickelt, das Industriekunden&hellip;<\/p>\n                                    <a href=\"https:\/\/lubricants.ncheurope.com\/de\/ueber-uns\/geschichte\/\" class=\"button button--secondary button--secondaryLubricants\">Siehe unsere Geschichte  <\/a>\n                                <\/div>\n                            <\/div>\n                                                                                                <div class=\"related-card max-w-full md:max-w-[calc(50%-4px)] lg:max-w-[calc(25%-8px)] w-full px-2 pt-2 pb-8 mr-0 md:odd:mr-2 lg:mr-2 mb-10 relative bg-white shadow-[0_10px_10px_0_rgba(109,106,112,0.15)] border border-primaryOffWhite\">\n                                <div class=\"blog-image relative bg-center bg-no-repeat bg-cover min-h-[216px] mb-6\" style=\"background-image: url('https:\/\/lubricants.ncheurope.com\/wp-content\/uploads\/2025\/02\/shutterstock_2044948658-1.webp')\"><\/div>\n                                <div class=\"flex flex-col items-start px-6\">\n                                    <h6 class=\"heading-6 text-secondaryLubricants z-10 relative !mb-4\">Nachhaltigkeit<\/h6>\n                                    <p class=\"text-darkSm z-10 relative !mb-5\">Als Teil unserer nachhaltigen Zukunft werden wir bei NCH Lubricants weiterhin innovative L\u00f6sungen entwickeln, die das Sicherheits- und Umweltprofil unserer Produkte verbessern.<\/p>\n                                    <a href=\"https:\/\/lubricants.ncheurope.com\/de\/ueber-uns\/nachhaltigkeit\/\" class=\"button button--secondary button--secondaryLubricants\">Weitere Informationen<\/a>\n                                <\/div>\n                            <\/div>\n                                                                                                <div class=\"related-card max-w-full md:max-w-[calc(50%-4px)] lg:max-w-[calc(25%-8px)] w-full px-2 pt-2 pb-8 mr-0 md:odd:mr-2 lg:mr-2 mb-10 relative bg-white shadow-[0_10px_10px_0_rgba(109,106,112,0.15)] border border-primaryOffWhite\">\n                                <div class=\"blog-image relative bg-center bg-no-repeat bg-cover min-h-[216px] mb-6\" style=\"background-image: url('https:\/\/lubricants.ncheurope.com\/wp-content\/uploads\/2025\/06\/Lubricants-About-Us-Quality-and-Innovation.png')\"><\/div>\n                                <div class=\"flex flex-col items-start px-6\">\n                                    <h6 class=\"heading-6 text-secondaryLubricants z-10 relative !mb-4\">Karriere<\/h6>\n                                    <p class=\"text-darkSm z-10 relative !mb-5\">Wenn Sie eine Verkaufschance suchen, bei der Sie sich in einem Umfeld entfalten k\u00f6nnen, das von Erfolg, Spa\u00df und Teamarbeit gepr\u00e4gt ist, dann ist NCH&hellip;<\/p>\n                                    <a href=\"https:\/\/lubricants.ncheurope.com\/de\/karriere\/\" class=\"button button--secondary button--secondaryLubricants\">Jetzt bewerben  <\/a>\n                                <\/div>\n                            <\/div>\n                                                            <\/div>\n                        \n            <!-- End Related Cards Section -->\n        <\/div>\n\n    <\/div>","protected":false},"excerpt":{"rendered":"","protected":false},"author":1,"featured_media":0,"parent":61476,"menu_order":3,"comment_status":"closed","ping_status":"closed","template":"","meta":{"_acf_changed":false,"footnotes":""},"class_list":["post-61488","page","type-page","status-publish","hentry"],"acf":[],"yoast_head":"<!-- This site is optimized with the Yoast SEO Premium plugin v21.7 (Yoast SEO v27.2) - https:\/\/yoast.com\/product\/yoast-seo-premium-wordpress\/ -->\n<title>Globale Schmierung - NCH Lubricants<\/title>\n<meta name=\"robots\" content=\"index, follow, max-snippet:-1, max-image-preview:large, max-video-preview:-1\" \/>\n<link rel=\"canonical\" href=\"https:\/\/lubricants.ncheurope.com\/de\/ueber-uns\/globale-schmierung\/\" class=\"yoast-seo-meta-tag\" \/>\n<meta property=\"og:locale\" content=\"de_DE\" class=\"yoast-seo-meta-tag\" \/>\n<meta property=\"og:type\" content=\"article\" class=\"yoast-seo-meta-tag\" \/>\n<meta property=\"og:title\" content=\"Globale Schmierung\" class=\"yoast-seo-meta-tag\" \/>\n<meta property=\"og:url\" content=\"https:\/\/lubricants.ncheurope.com\/de\/ueber-uns\/globale-schmierung\/\" class=\"yoast-seo-meta-tag\" \/>\n<meta property=\"og:site_name\" content=\"NCH Lubricants\" class=\"yoast-seo-meta-tag\" \/>\n<meta property=\"article:modified_time\" content=\"2025-09-05T15:44:04+00:00\" class=\"yoast-seo-meta-tag\" \/>\n<meta name=\"twitter:card\" content=\"summary_large_image\" class=\"yoast-seo-meta-tag\" \/>\n<script type=\"application\/ld+json\" class=\"yoast-schema-graph\">{\"@context\":\"https:\/\/schema.org\",\"@graph\":[{\"@type\":\"WebPage\",\"@id\":\"https:\/\/lubricants.ncheurope.com\/de\/ueber-uns\/globale-schmierung\/\",\"url\":\"https:\/\/lubricants.ncheurope.com\/de\/ueber-uns\/globale-schmierung\/\",\"name\":\"Globale Schmierung - NCH Lubricants\",\"isPartOf\":{\"@id\":\"https:\/\/lubricants.ncheurope.com\/sv\/#website\"},\"datePublished\":\"2025-02-21T19:16:02+00:00\",\"dateModified\":\"2025-09-05T15:44:04+00:00\",\"breadcrumb\":{\"@id\":\"https:\/\/lubricants.ncheurope.com\/de\/ueber-uns\/globale-schmierung\/#breadcrumb\"},\"inLanguage\":\"de\",\"potentialAction\":[{\"@type\":\"ReadAction\",\"target\":[\"https:\/\/lubricants.ncheurope.com\/de\/ueber-uns\/globale-schmierung\/\"]}]},{\"@type\":\"BreadcrumbList\",\"@id\":\"https:\/\/lubricants.ncheurope.com\/de\/ueber-uns\/globale-schmierung\/#breadcrumb\",\"itemListElement\":[{\"@type\":\"ListItem\",\"position\":1,\"name\":\"Startseite\",\"item\":\"https:\/\/lubricants.ncheurope.com\/de\/\"},{\"@type\":\"ListItem\",\"position\":2,\"name\":\"\u00dcber uns\",\"item\":\"https:\/\/lubricants.ncheurope.com\/de\/ueber-uns\/\"},{\"@type\":\"ListItem\",\"position\":3,\"name\":\"Globale Schmierung\"}]},{\"@type\":\"WebSite\",\"@id\":\"https:\/\/lubricants.ncheurope.com\/sv\/#website\",\"url\":\"https:\/\/lubricants.ncheurope.com\/sv\/\",\"name\":\"NCH Lubricants\",\"description\":\"\",\"potentialAction\":[{\"@type\":\"SearchAction\",\"target\":{\"@type\":\"EntryPoint\",\"urlTemplate\":\"https:\/\/lubricants.ncheurope.com\/sv\/?s={search_term_string}\"},\"query-input\":{\"@type\":\"PropertyValueSpecification\",\"valueRequired\":true,\"valueName\":\"search_term_string\"}}],\"inLanguage\":\"de\"}]}<\/script>\n<!-- \/ Yoast SEO Premium plugin. -->","yoast_head_json":{"title":"Globale Schmierung - NCH Lubricants","robots":{"index":"index","follow":"follow","max-snippet":"max-snippet:-1","max-image-preview":"max-image-preview:large","max-video-preview":"max-video-preview:-1"},"canonical":"https:\/\/lubricants.ncheurope.com\/de\/ueber-uns\/globale-schmierung\/","og_locale":"de_DE","og_type":"article","og_title":"Globale Schmierung","og_url":"https:\/\/lubricants.ncheurope.com\/de\/ueber-uns\/globale-schmierung\/","og_site_name":"NCH Lubricants","article_modified_time":"2025-09-05T15:44:04+00:00","twitter_card":"summary_large_image","schema":{"@context":"https:\/\/schema.org","@graph":[{"@type":"WebPage","@id":"https:\/\/lubricants.ncheurope.com\/de\/ueber-uns\/globale-schmierung\/","url":"https:\/\/lubricants.ncheurope.com\/de\/ueber-uns\/globale-schmierung\/","name":"Globale Schmierung - NCH Lubricants","isPartOf":{"@id":"https:\/\/lubricants.ncheurope.com\/sv\/#website"},"datePublished":"2025-02-21T19:16:02+00:00","dateModified":"2025-09-05T15:44:04+00:00","breadcrumb":{"@id":"https:\/\/lubricants.ncheurope.com\/de\/ueber-uns\/globale-schmierung\/#breadcrumb"},"inLanguage":"de","potentialAction":[{"@type":"ReadAction","target":["https:\/\/lubricants.ncheurope.com\/de\/ueber-uns\/globale-schmierung\/"]}]},{"@type":"BreadcrumbList","@id":"https:\/\/lubricants.ncheurope.com\/de\/ueber-uns\/globale-schmierung\/#breadcrumb","itemListElement":[{"@type":"ListItem","position":1,"name":"Startseite","item":"https:\/\/lubricants.ncheurope.com\/de\/"},{"@type":"ListItem","position":2,"name":"\u00dcber uns","item":"https:\/\/lubricants.ncheurope.com\/de\/ueber-uns\/"},{"@type":"ListItem","position":3,"name":"Globale Schmierung"}]},{"@type":"WebSite","@id":"https:\/\/lubricants.ncheurope.com\/sv\/#website","url":"https:\/\/lubricants.ncheurope.com\/sv\/","name":"NCH Lubricants","description":"","potentialAction":[{"@type":"SearchAction","target":{"@type":"EntryPoint","urlTemplate":"https:\/\/lubricants.ncheurope.com\/sv\/?s={search_term_string}"},"query-input":{"@type":"PropertyValueSpecification","valueRequired":true,"valueName":"search_term_string"}}],"inLanguage":"de"}]}},"_links":{"self":[{"href":"https:\/\/lubricants.ncheurope.com\/de\/wp-json\/wp\/v2\/pages\/61488","targetHints":{"allow":["GET"]}}],"collection":[{"href":"https:\/\/lubricants.ncheurope.com\/de\/wp-json\/wp\/v2\/pages"}],"about":[{"href":"https:\/\/lubricants.ncheurope.com\/de\/wp-json\/wp\/v2\/types\/page"}],"author":[{"embeddable":true,"href":"https:\/\/lubricants.ncheurope.com\/de\/wp-json\/wp\/v2\/users\/1"}],"replies":[{"embeddable":true,"href":"https:\/\/lubricants.ncheurope.com\/de\/wp-json\/wp\/v2\/comments?post=61488"}],"version-history":[{"count":3,"href":"https:\/\/lubricants.ncheurope.com\/de\/wp-json\/wp\/v2\/pages\/61488\/revisions"}],"predecessor-version":[{"id":62437,"href":"https:\/\/lubricants.ncheurope.com\/de\/wp-json\/wp\/v2\/pages\/61488\/revisions\/62437"}],"up":[{"embeddable":true,"href":"https:\/\/lubricants.ncheurope.com\/de\/wp-json\/wp\/v2\/pages\/61476"}],"wp:attachment":[{"href":"https:\/\/lubricants.ncheurope.com\/de\/wp-json\/wp\/v2\/media?parent=61488"}],"curies":[{"name":"wp","href":"https:\/\/api.w.org\/{rel}","templated":true}]}}