{"id":64267,"date":"2025-09-03T07:43:48","date_gmt":"2025-09-03T07:43:48","guid":{"rendered":"https:\/\/lubricants.ncheurope.com\/prohlaseni-spolecnosti-nch-corporation-o-shode-zakon-o-modernim-otroctvi-2015\/"},"modified":"2025-10-16T09:11:53","modified_gmt":"2025-10-16T09:11:53","slug":"prohlaseni-spolecnosti-nch-corporation-o-shode-zakon-o-modernim-otroctvi-2015","status":"publish","type":"page","link":"https:\/\/lubricants.ncheurope.com\/cs\/prohlaseni-spolecnosti-nch-corporation-o-shode-zakon-o-modernim-otroctvi-2015\/","title":{"rendered":"Prohl\u00e1\u0161en\u00ed spole\u010dnosti NCH Corporation o shod\u011b: Z\u00e1kon o modern\u00edm otroctv\u00ed 2015"},"content":{"rendered":"\n<div class=\"internal-banner-block relative primaryBlue paddingBottomLarge bg-no-repeat pt-[110px] lg:pt-[160px] bg-white bg-[url('assets\/images\/background-shape.png')] bg-right-bottom bg-contain\" >\n        <div class=\"container relative z-10\">\n        <div class=\"breadcrumb-container mb-[60px] lg:mb-[103px] hidden md:block\">\n            <p class=\"text-darkXs !mb-0 !text-[12px] flex flex-row items-center\">You are here: <a class=\"!font-regular mx-2 hover:underline\" href=\"https:\/\/lubricants.ncheurope.com\/cs\/\">\u00davodn\u00ed str\u00e1nka<\/a> \/ <span class=\"ml-2 font-semibold\">Prohl\u00e1\u0161en\u00ed spole\u010dnosti NCH Corporation o shod\u011b: Z\u00e1kon o modern\u00edm otroctv\u00ed 2015<\/span><\/p>\n        <\/div>\n\n        <div class=\"content-container flex flex-col-reverse md:flex-row flex-wrap justify-between\">\n\n                            <div class=\"text-container md:basis-10\/12\">\n                    <h1 class=\"heading-1 text-primaryBlue\">Prohl\u00e1\u0161en\u00ed spole\u010dnosti NCH Corporation o shod\u011b: Z\u00e1kon o modern\u00edm otroctv\u00ed 2015<\/h1>                                                        <\/div>\n                    <\/div>\n    <\/div>\n<\/div>\n<div class=\"accordion-block relative primaryBlue paddingTopLarge paddingBottomLarge bg-primaryOffWhite\">\n    <div class=\"container flex flex-row flex-wrap\">\n                    <div class=\"text-container flex flex-row flex-wrap items-start justify-between basis-full pb-[60px]\">\n                <h2 class=\"heading-2 text-primaryBlue basis-full\">NCH (UK) LIMITED &#8211; Prohl\u00e1\u0161en\u00ed o modern\u00edm otroctv\u00ed a obchodov\u00e1n\u00ed s lidmi<\/h2>                <p class=\"text-darkBase basis-full lg:basis-8\/12 !mb-0\">Ve spole\u010dnosti NCH (UK) Limited (d\u00e1le jen &amp;#8222;Spole\u010dnost&amp;#8220;) se zavazujeme chr\u00e1nit a respektovat lidsk\u00e1 pr\u00e1va a k otroctv\u00ed a obchodov\u00e1n\u00ed s lidmi ve v\u0161ech jeho form\u00e1ch zauj\u00edm\u00e1me nulovou toleranci. Toto prohl\u00e1\u0161en\u00ed je vyd\u00e1no v souladu s \u00a7 54 odst. 1 z\u00e1kona o modern\u00edm otroctv\u00ed z roku 2015. Zavedli jsme politiku NCH proti otroctv\u00ed (d\u00e1le jen &amp;#8222;politika&amp;#8220;), abychom zajistili, \u017ee v na\u0161\u00ed \u010dinnosti a v na\u0161em dodavatelsk\u00e9m \u0159et\u011bzci p\u0159\u00edsn\u011b zakazujeme modern\u00ed otroctv\u00ed a obchodov\u00e1n\u00ed s lidmi. Zav\u00e1zali jsme se a budeme se i nad\u00e1le zavazovat k zav\u00e1d\u011bn\u00ed syst\u00e9m\u016f a kontroln\u00edch mechanism\u016f, jejich\u017e c\u00edlem je zajistit, aby nikde v na\u0161\u00ed organizaci ani v \u017e\u00e1dn\u00e9m z na\u0161ich dodavatelsk\u00fdch \u0159et\u011bzc\u016f nedoch\u00e1zelo k modern\u00edmu otroctv\u00ed. Toto prohl\u00e1\u0161en\u00ed bude ka\u017edoro\u010dn\u011b revidov\u00e1no.    \n<\/p>            <\/div>\n        \n        <!-- Accordion Start -->       \n                    <div class=\"accordion-container flex flex-row flex-wrap basis-full\">     \n                                <div class=\"accordion-item border border-primaryOffWhite bg-white basis-full mb-2\">\n                    <div class=\"accordion-header hover:cursor-pointer py-[28px] px-[40px] flex flex-row justify-between items-center\">\n                        <h5 class=\"text-primaryBlue heading-5 !mb-0\">Struktura organizace<\/h5>\n                        <i class=\"bg-[url('assets\/images\/upwards-arrow-white.png')] bg-center bg-[length:11px_11px] bg-no-repeat bg-primaryBlue block rounded-full min-w-[30px] w-[30px] h-[30px] rotate-[135deg]\"><\/i>\n                    <\/div>\n\n                    <div class=\"accordion-content hidden pb-[28px] px-[40px]\">\n                        <p class=\"text-darkBase !mb-0\"><p>Jsme v\u00fdrobcem chemik\u00e1li\u00ed a poskytovatelem slu\u017eeb v oblasti \u00fapravy vody. Jsme sou\u010d\u00e1st\u00ed skupiny NCH Group (Skupina) a na\u0161\u00ed mate\u0159skou spole\u010dnost\u00ed je NCH Corporation se s\u00eddlem ve Spojen\u00fdch st\u00e1tech. Skupina m\u00e1 v\u00edce ne\u017e 8 500 zam\u011bstnanc\u016f po cel\u00e9m sv\u011bt\u011b a p\u016fsob\u00ed v 50 zem\u00edch.    <\/p>\n<p>Skupina m\u00e1 celosv\u011btov\u00fd ro\u010dn\u00ed obrat 665 milion\u016f liber.  <\/p>\n<\/p>\n                                            <\/div>\n                <\/div>\n\n                                <div class=\"accordion-item border border-primaryOffWhite bg-white basis-full mb-2\">\n                    <div class=\"accordion-header hover:cursor-pointer py-[28px] px-[40px] flex flex-row justify-between items-center\">\n                        <h5 class=\"text-primaryBlue heading-5 !mb-0\">Na\u0161e z\u00e1sady t\u00fdkaj\u00edc\u00ed se otroctv\u00ed a obchodov\u00e1n\u00ed s lidmi<\/h5>\n                        <i class=\"bg-[url('assets\/images\/upwards-arrow-white.png')] bg-center bg-[length:11px_11px] bg-no-repeat bg-primaryBlue block rounded-full min-w-[30px] w-[30px] h-[30px] rotate-[135deg]\"><\/i>\n                    <\/div>\n\n                    <div class=\"accordion-content hidden pb-[28px] px-[40px]\">\n                        <p class=\"text-darkBase !mb-0\"><p>Zavazujeme se, \u017ee v na\u0161ich dodavatelsk\u00fdch \u0159et\u011bzc\u00edch ani v \u017e\u00e1dn\u00e9 \u010d\u00e1sti na\u0161eho podnik\u00e1n\u00ed nedojde k modern\u00edmu otroctv\u00ed nebo obchodov\u00e1n\u00ed s lidmi. Na\u0161e z\u00e1sady odr\u00e1\u017eej\u00ed n\u00e1\u0161 z\u00e1vazek jednat eticky a \u010destn\u011b ve v\u0161ech na\u0161ich obchodn\u00edch vztaz\u00edch a zav\u00e1d\u011bt a prosazovat \u00fa\u010dinn\u00e9 syst\u00e9my a kontroly, kter\u00e9 zajist\u00ed, \u017ee nikde v na\u0161ich dodavatelsk\u00fdch \u0159et\u011bzc\u00edch nedoch\u00e1z\u00ed k otroctv\u00ed a obchodov\u00e1n\u00ed s lidmi.   <\/p>\n<p>V r\u00e1mci na\u0161\u00ed iniciativy pro identifikaci a zm\u00edrn\u011bn\u00ed rizik jsme zavedli postupy pro:<\/p>\n<li>ka\u017edoro\u010dn\u011b revidovat na\u0161e z\u00e1sady a  <\/li>\n<li>identifikovat zm\u011bny, kter\u00e9 by mohly zlep\u0161it na\u0161e z\u00e1sady.  <\/li>\n<p><\/p>\n<p>Procesy n\u00e1le\u017eit\u00e9 p\u00e9\u010de v oblasti otroctv\u00ed a obchodov\u00e1n\u00ed s lidmi  <\/p>\n<p>V r\u00e1mci na\u0161\u00ed iniciativy zam\u011b\u0159en\u00e9 na identifikaci a zm\u00edrn\u011bn\u00ed rizik zav\u00e1d\u00edme syst\u00e9my, kter\u00e9:<\/p>\n<li>Identifikovat a vyhodnocovat potenci\u00e1ln\u00ed rizikov\u00e9 oblasti v na\u0161ich dodavatelsk\u00fdch \u0159et\u011bzc\u00edch.<\/li>\n<li>Sni\u017eovat riziko v\u00fdskytu otroctv\u00ed a obchodov\u00e1n\u00ed s lidmi v na\u0161ich dodavatelsk\u00fdch \u0159et\u011bzc\u00edch.  <\/li>\n<li>Sledovat potenci\u00e1ln\u00ed rizikov\u00e9 oblasti v na\u0161ich dodavatelsk\u00fdch \u0159et\u011bzc\u00edch.<\/li>\n<li>Chra\u0148te oznamovatele.  <\/li>\n<p><\/p>\n<p>Jednomu z na\u0161ich odd\u011blen\u00ed jsme intern\u011b p\u0159id\u011blili odpov\u011bdnost za to, \u017ee na\u0161e postupy hloubkov\u00e9 kontroly jsou co nejrobustn\u011bj\u0161\u00ed, a za identifikaci zm\u011bn, kter\u00e9 by mohly b\u00fdt provedeny ke zlep\u0161en\u00ed na\u0161ich postup\u016f v pr\u016fb\u011bhu \u010dasu.  <\/p>\n<\/p>\n                                            <\/div>\n                <\/div>\n\n                                <div class=\"accordion-item border border-primaryOffWhite bg-white basis-full mb-2\">\n                    <div class=\"accordion-header hover:cursor-pointer py-[28px] px-[40px] flex flex-row justify-between items-center\">\n                        <h5 class=\"text-primaryBlue heading-5 !mb-0\">Dodavatel\u00e9, smluvn\u00ed partne\u0159i a dal\u0161\u00ed obchodn\u00ed partne\u0159i dodr\u017euj\u00ed na\u0161e hodnoty a etiku.<\/h5>\n                        <i class=\"bg-[url('assets\/images\/upwards-arrow-white.png')] bg-center bg-[length:11px_11px] bg-no-repeat bg-primaryBlue block rounded-full min-w-[30px] w-[30px] h-[30px] rotate-[135deg]\"><\/i>\n                    <\/div>\n\n                    <div class=\"accordion-content hidden pb-[28px] px-[40px]\">\n                        <p class=\"text-darkBase !mb-0\"><p>M\u00e1me nulovou toleranci v\u016f\u010di otroctv\u00ed a obchodov\u00e1n\u00ed s lidmi. Na\u0161i dodavatel\u00e9, smluvn\u00ed partne\u0159i a dal\u0161\u00ed obchodn\u00ed partne\u0159i jsou povinni dodr\u017eovat stejn\u011b vysok\u00e9 standardy i u sv\u00fdch dodavatel\u016f.   <\/p>\n<p>Domn\u00edv\u00e1me se, \u017ee nejv\u011bt\u0161\u00ed riziko modern\u00edho otroctv\u00ed v na\u0161ich dodavatelsk\u00fdch \u0159et\u011bzc\u00edch hroz\u00ed, pokud jedn\u00e1me se spole\u010dnostmi se s\u00eddlem v jurisdikc\u00edch, kter\u00e9 nemaj\u00ed rovnocenn\u00e9 standardy a pr\u00e1vn\u00ed p\u0159edpisy jako Spojen\u00e9 kr\u00e1lovstv\u00ed.  <\/p>\n<p>V r\u00e1mci pr\u016fb\u011b\u017en\u00e9ho hodnocen\u00ed rizik a proces\u016f n\u00e1le\u017eit\u00e9 p\u00e9\u010de zva\u017eujeme, zda n\u00e1s okolnosti oprav\u0148uj\u00ed k prov\u00e1d\u011bn\u00ed audit\u016f dodavatel\u016f z hlediska dodr\u017eov\u00e1n\u00ed na\u0161ich z\u00e1sad. Rovn\u011b\u017e posuzujeme, zda okolnosti oprav\u0148uj\u00ed k zahrnut\u00ed konkr\u00e9tn\u00edch z\u00e1kaz\u016f vyu\u017e\u00edv\u00e1n\u00ed modern\u00edho otroctv\u00ed a obchodov\u00e1n\u00ed s lidmi do na\u0161ich smluv se t\u0159et\u00edmi stranami. Na z\u00e1klad\u011b na\u0161eho p\u0159\u00edstupu zalo\u017een\u00e9ho na riziku tak\u00e9 posoud\u00edme, zda je vhodn\u00e9 p\u00edsemn\u011b po\u017e\u00e1dat dodavatele o dodr\u017eov\u00e1n\u00ed na\u0161ich Z\u00e1sad, kter\u00e9 stanovuj\u00ed minim\u00e1ln\u00ed standardy po\u017eadovan\u00e9 pro boj proti modern\u00edmu otroctv\u00ed a obchodov\u00e1n\u00ed s lidmi.    <\/p>\n<p>Pokud zjist\u00edme, \u017ee jin\u00e9 osoby nebo organizace pracuj\u00edc\u00ed na\u0161\u00edm jm\u00e9nem poru\u0161ily na\u0161e z\u00e1sady, zajist\u00edme, \u017ee podnikneme p\u0159\u00edslu\u0161n\u00e9 kroky. Ta mohou sahat od zv\u00e1\u017een\u00ed mo\u017enosti n\u00e1pravy poru\u0161en\u00ed a toho, zda by to mohlo p\u0159edstavovat nejlep\u0161\u00ed v\u00fdsledek pro osoby, kter\u00e9 byly poru\u0161en\u00edm ovlivn\u011bny, a\u017e po ukon\u010den\u00ed takov\u00fdch vztah\u016f.   <\/p>\n<\/p>\n                                            <\/div>\n                <\/div>\n\n                                <div class=\"accordion-item border border-primaryOffWhite bg-white basis-full mb-2\">\n                    <div class=\"accordion-header hover:cursor-pointer py-[28px] px-[40px] flex flex-row justify-between items-center\">\n                        <h5 class=\"text-primaryBlue heading-5 !mb-0\">\u0160kolen\u00ed<\/h5>\n                        <i class=\"bg-[url('assets\/images\/upwards-arrow-white.png')] bg-center bg-[length:11px_11px] bg-no-repeat bg-primaryBlue block rounded-full min-w-[30px] w-[30px] h-[30px] rotate-[135deg]\"><\/i>\n                    <\/div>\n\n                    <div class=\"accordion-content hidden pb-[28px] px-[40px]\">\n                        <p class=\"text-darkBase !mb-0\"><p>Abychom zajistili vysokou \u00farove\u0148 porozum\u011bn\u00ed rizik\u016fm modern\u00edho otroctv\u00ed a obchodov\u00e1n\u00ed s lidmi v na\u0161ich dodavatelsk\u00fdch \u0159et\u011bzc\u00edch a v na\u0161em podnik\u00e1n\u00ed, poskytujeme na\u0161im zam\u011bstnanc\u016fm pr\u016fb\u011b\u017en\u00e9 \u0161kolen\u00ed.  <\/p>\n<p>Investujeme do vzd\u011bl\u00e1v\u00e1n\u00ed na\u0161ich zam\u011bstnanc\u016f, aby rozpoznali rizika modern\u00edho otroctv\u00ed a obchodov\u00e1n\u00ed s lidmi v na\u0161em podnik\u00e1n\u00ed a dodavatelsk\u00fdch \u0159et\u011bzc\u00edch. Prost\u0159ednictv\u00edm na\u0161ich vzd\u011bl\u00e1vac\u00edch program\u016f jsou zam\u011bstnanci vyb\u00edzeni k tomu, aby identifikovali a hl\u00e1sili p\u0159\u00edpadn\u00e1 poru\u0161en\u00ed na\u0161ich z\u00e1sad. Zam\u011bstnanci jsou pou\u010deni o v\u00fdhod\u00e1ch p\u0159\u00edsn\u00fdch opat\u0159en\u00ed k pot\u00edr\u00e1n\u00ed otroctv\u00ed a obchodov\u00e1n\u00ed s lidmi z na\u0161eho podniku a na\u0161ich dodavatelsk\u00fdch \u0159et\u011bzc\u016f.    <\/p>\n<\/p>\n                                            <\/div>\n                <\/div>\n\n                                <div class=\"accordion-item border border-primaryOffWhite bg-white basis-full mb-2\">\n                    <div class=\"accordion-header hover:cursor-pointer py-[28px] px-[40px] flex flex-row justify-between items-center\">\n                        <h5 class=\"text-primaryBlue heading-5 !mb-0\">Dal\u0161\u00ed kroky<\/h5>\n                        <i class=\"bg-[url('assets\/images\/upwards-arrow-white.png')] bg-center bg-[length:11px_11px] bg-no-repeat bg-primaryBlue block rounded-full min-w-[30px] w-[30px] h-[30px] rotate-[135deg]\"><\/i>\n                    <\/div>\n\n                    <div class=\"accordion-content hidden pb-[28px] px-[40px]\">\n                        <p class=\"text-darkBase !mb-0\"><p>Po p\u0159ezkoum\u00e1n\u00ed \u00fa\u010dinnosti krok\u016f, kter\u00e9 jsme p\u0159ijali, abychom zajistili, \u017ee v na\u0161ich dodavatelsk\u00fdch \u0159et\u011bzc\u00edch nedoch\u00e1z\u00ed k otroctv\u00ed nebo obchodov\u00e1n\u00ed s lidmi, m\u00e1me v \u00famyslu p\u0159ijmout n\u00e1sleduj\u00edc\u00ed dal\u0161\u00ed kroky k boji proti otroctv\u00ed a obchodov\u00e1n\u00ed s lidmi:  <\/p>\n<li>Proveden\u00ed revize dodr\u017eov\u00e1n\u00ed pravidel modern\u00edho otroctv\u00ed.  <\/li>\n<li>P\u0159ezkoum\u00e1n\u00ed na\u0161ich z\u00e1sad.  <\/li>\n<li>Poskytov\u00e1n\u00ed \u0161kolen\u00ed nov\u00fdm zam\u011bstnanc\u016fm.  <\/li>\n<p><\/p>\n<p>Toto prohl\u00e1\u0161en\u00ed se vyd\u00e1v\u00e1 podle \u00a7 54 odst. 1 z\u00e1kona o modern\u00edm otroctv\u00ed z roku 2015 a p\u0159edstavuje na\u0161e prohl\u00e1\u0161en\u00ed o otroctv\u00ed a obchodov\u00e1n\u00ed s lidmi za \u00fa\u010detn\u00ed rok kon\u010d\u00edc\u00ed 30. dubna 2022.  <\/p>\n<p>Rada jej schv\u00e1lila 7. b\u0159ezna 2023.  <\/p>\n<p>Martyn Ruscoe  <\/p>\n<\/p>\n                                            <\/div>\n                <\/div>\n\n                            <\/div>\n                <!-- Accordion End -->\n    <\/div>\n<\/div>","protected":false},"excerpt":{"rendered":"","protected":false},"author":2,"featured_media":0,"parent":0,"menu_order":0,"comment_status":"closed","ping_status":"closed","template":"","meta":{"_acf_changed":false,"footnotes":""},"class_list":["post-64267","page","type-page","status-publish","hentry"],"acf":[],"yoast_head":"<!-- This site is optimized with the Yoast SEO Premium plugin v21.7 (Yoast SEO v27.2) - https:\/\/yoast.com\/product\/yoast-seo-premium-wordpress\/ -->\n<title>Prohl\u00e1\u0161en\u00ed o modern\u00edm otroctv\u00ed a obchodov\u00e1n\u00ed s lidmi<\/title>\n<meta name=\"description\" content=\"Spole\u010dnost NCH (UK) Limited se d\u016frazn\u011b stav\u00ed proti modern\u00edmu otroctv\u00ed a obchodov\u00e1n\u00ed s lidmi. P\u0159e\u010dt\u011bte si na\u0161e prohl\u00e1\u0161en\u00ed podle z\u00e1kona o modern\u00edm otroctv\u00ed z roku 2015.\" class=\"yoast-seo-meta-tag\" \/>\n<meta name=\"robots\" content=\"index, follow, max-snippet:-1, max-image-preview:large, max-video-preview:-1\" \/>\n<link rel=\"canonical\" href=\"https:\/\/lubricants.ncheurope.com\/cs\/prohlaseni-spolecnosti-nch-corporation-o-shode-zakon-o-modernim-otroctvi-2015\/\" class=\"yoast-seo-meta-tag\" \/>\n<meta property=\"og:locale\" content=\"cs_CZ\" class=\"yoast-seo-meta-tag\" \/>\n<meta property=\"og:type\" content=\"article\" class=\"yoast-seo-meta-tag\" \/>\n<meta property=\"og:title\" content=\"Prohl\u00e1\u0161en\u00ed spole\u010dnosti NCH Corporation o shod\u011b: Z\u00e1kon o modern\u00edm otroctv\u00ed 2015\" class=\"yoast-seo-meta-tag\" \/>\n<meta property=\"og:description\" content=\"Spole\u010dnost NCH (UK) Limited se d\u016frazn\u011b stav\u00ed proti modern\u00edmu otroctv\u00ed a obchodov\u00e1n\u00ed s lidmi. P\u0159e\u010dt\u011bte si na\u0161e prohl\u00e1\u0161en\u00ed podle z\u00e1kona o modern\u00edm otroctv\u00ed z roku 2015.\" class=\"yoast-seo-meta-tag\" \/>\n<meta property=\"og:url\" content=\"https:\/\/lubricants.ncheurope.com\/cs\/prohlaseni-spolecnosti-nch-corporation-o-shode-zakon-o-modernim-otroctvi-2015\/\" class=\"yoast-seo-meta-tag\" \/>\n<meta property=\"og:site_name\" content=\"NCH Lubricants\" class=\"yoast-seo-meta-tag\" \/>\n<meta property=\"article:modified_time\" content=\"2025-10-16T09:11:53+00:00\" class=\"yoast-seo-meta-tag\" \/>\n<meta name=\"twitter:card\" content=\"summary_large_image\" class=\"yoast-seo-meta-tag\" \/>\n<script type=\"application\/ld+json\" class=\"yoast-schema-graph\">{\"@context\":\"https:\/\/schema.org\",\"@graph\":[{\"@type\":\"WebPage\",\"@id\":\"https:\/\/lubricants.ncheurope.com\/cs\/prohlaseni-spolecnosti-nch-corporation-o-shode-zakon-o-modernim-otroctvi-2015\/\",\"url\":\"https:\/\/lubricants.ncheurope.com\/cs\/prohlaseni-spolecnosti-nch-corporation-o-shode-zakon-o-modernim-otroctvi-2015\/\",\"name\":\"Prohl\u00e1\u0161en\u00ed o modern\u00edm otroctv\u00ed a obchodov\u00e1n\u00ed s lidmi\",\"isPartOf\":{\"@id\":\"https:\/\/lubricants.ncheurope.com\/sv\/#website\"},\"datePublished\":\"2025-09-03T07:43:48+00:00\",\"dateModified\":\"2025-10-16T09:11:53+00:00\",\"description\":\"Spole\u010dnost NCH (UK) Limited se d\u016frazn\u011b stav\u00ed proti modern\u00edmu otroctv\u00ed a obchodov\u00e1n\u00ed s lidmi. P\u0159e\u010dt\u011bte si na\u0161e prohl\u00e1\u0161en\u00ed podle z\u00e1kona o modern\u00edm otroctv\u00ed z roku 2015.\",\"breadcrumb\":{\"@id\":\"https:\/\/lubricants.ncheurope.com\/cs\/prohlaseni-spolecnosti-nch-corporation-o-shode-zakon-o-modernim-otroctvi-2015\/#breadcrumb\"},\"inLanguage\":\"cs\",\"potentialAction\":[{\"@type\":\"ReadAction\",\"target\":[\"https:\/\/lubricants.ncheurope.com\/cs\/prohlaseni-spolecnosti-nch-corporation-o-shode-zakon-o-modernim-otroctvi-2015\/\"]}]},{\"@type\":\"BreadcrumbList\",\"@id\":\"https:\/\/lubricants.ncheurope.com\/cs\/prohlaseni-spolecnosti-nch-corporation-o-shode-zakon-o-modernim-otroctvi-2015\/#breadcrumb\",\"itemListElement\":[{\"@type\":\"ListItem\",\"position\":1,\"name\":\"Domovsk\u00e1 str\u00e1nka\",\"item\":\"https:\/\/lubricants.ncheurope.com\/cs\/\"},{\"@type\":\"ListItem\",\"position\":2,\"name\":\"Prohl\u00e1\u0161en\u00ed spole\u010dnosti NCH Corporation o shod\u011b: Z\u00e1kon o modern\u00edm otroctv\u00ed 2015\"}]},{\"@type\":\"WebSite\",\"@id\":\"https:\/\/lubricants.ncheurope.com\/sv\/#website\",\"url\":\"https:\/\/lubricants.ncheurope.com\/sv\/\",\"name\":\"NCH Lubricants\",\"description\":\"\",\"potentialAction\":[{\"@type\":\"SearchAction\",\"target\":{\"@type\":\"EntryPoint\",\"urlTemplate\":\"https:\/\/lubricants.ncheurope.com\/sv\/?s={search_term_string}\"},\"query-input\":{\"@type\":\"PropertyValueSpecification\",\"valueRequired\":true,\"valueName\":\"search_term_string\"}}],\"inLanguage\":\"cs\"}]}<\/script>\n<!-- \/ Yoast SEO Premium plugin. -->","yoast_head_json":{"title":"Prohl\u00e1\u0161en\u00ed o modern\u00edm otroctv\u00ed a obchodov\u00e1n\u00ed s lidmi","description":"Spole\u010dnost NCH (UK) Limited se d\u016frazn\u011b stav\u00ed proti modern\u00edmu otroctv\u00ed a obchodov\u00e1n\u00ed s lidmi. P\u0159e\u010dt\u011bte si na\u0161e prohl\u00e1\u0161en\u00ed podle z\u00e1kona o modern\u00edm otroctv\u00ed z roku 2015.","robots":{"index":"index","follow":"follow","max-snippet":"max-snippet:-1","max-image-preview":"max-image-preview:large","max-video-preview":"max-video-preview:-1"},"canonical":"https:\/\/lubricants.ncheurope.com\/cs\/prohlaseni-spolecnosti-nch-corporation-o-shode-zakon-o-modernim-otroctvi-2015\/","og_locale":"cs_CZ","og_type":"article","og_title":"Prohl\u00e1\u0161en\u00ed spole\u010dnosti NCH Corporation o shod\u011b: Z\u00e1kon o modern\u00edm otroctv\u00ed 2015","og_description":"Spole\u010dnost NCH (UK) Limited se d\u016frazn\u011b stav\u00ed proti modern\u00edmu otroctv\u00ed a obchodov\u00e1n\u00ed s lidmi. P\u0159e\u010dt\u011bte si na\u0161e prohl\u00e1\u0161en\u00ed podle z\u00e1kona o modern\u00edm otroctv\u00ed z roku 2015.","og_url":"https:\/\/lubricants.ncheurope.com\/cs\/prohlaseni-spolecnosti-nch-corporation-o-shode-zakon-o-modernim-otroctvi-2015\/","og_site_name":"NCH Lubricants","article_modified_time":"2025-10-16T09:11:53+00:00","twitter_card":"summary_large_image","schema":{"@context":"https:\/\/schema.org","@graph":[{"@type":"WebPage","@id":"https:\/\/lubricants.ncheurope.com\/cs\/prohlaseni-spolecnosti-nch-corporation-o-shode-zakon-o-modernim-otroctvi-2015\/","url":"https:\/\/lubricants.ncheurope.com\/cs\/prohlaseni-spolecnosti-nch-corporation-o-shode-zakon-o-modernim-otroctvi-2015\/","name":"Prohl\u00e1\u0161en\u00ed o modern\u00edm otroctv\u00ed a obchodov\u00e1n\u00ed s lidmi","isPartOf":{"@id":"https:\/\/lubricants.ncheurope.com\/sv\/#website"},"datePublished":"2025-09-03T07:43:48+00:00","dateModified":"2025-10-16T09:11:53+00:00","description":"Spole\u010dnost NCH (UK) Limited se d\u016frazn\u011b stav\u00ed proti modern\u00edmu otroctv\u00ed a obchodov\u00e1n\u00ed s lidmi. P\u0159e\u010dt\u011bte si na\u0161e prohl\u00e1\u0161en\u00ed podle z\u00e1kona o modern\u00edm otroctv\u00ed z roku 2015.","breadcrumb":{"@id":"https:\/\/lubricants.ncheurope.com\/cs\/prohlaseni-spolecnosti-nch-corporation-o-shode-zakon-o-modernim-otroctvi-2015\/#breadcrumb"},"inLanguage":"cs","potentialAction":[{"@type":"ReadAction","target":["https:\/\/lubricants.ncheurope.com\/cs\/prohlaseni-spolecnosti-nch-corporation-o-shode-zakon-o-modernim-otroctvi-2015\/"]}]},{"@type":"BreadcrumbList","@id":"https:\/\/lubricants.ncheurope.com\/cs\/prohlaseni-spolecnosti-nch-corporation-o-shode-zakon-o-modernim-otroctvi-2015\/#breadcrumb","itemListElement":[{"@type":"ListItem","position":1,"name":"Domovsk\u00e1 str\u00e1nka","item":"https:\/\/lubricants.ncheurope.com\/cs\/"},{"@type":"ListItem","position":2,"name":"Prohl\u00e1\u0161en\u00ed spole\u010dnosti NCH Corporation o shod\u011b: Z\u00e1kon o modern\u00edm otroctv\u00ed 2015"}]},{"@type":"WebSite","@id":"https:\/\/lubricants.ncheurope.com\/sv\/#website","url":"https:\/\/lubricants.ncheurope.com\/sv\/","name":"NCH Lubricants","description":"","potentialAction":[{"@type":"SearchAction","target":{"@type":"EntryPoint","urlTemplate":"https:\/\/lubricants.ncheurope.com\/sv\/?s={search_term_string}"},"query-input":{"@type":"PropertyValueSpecification","valueRequired":true,"valueName":"search_term_string"}}],"inLanguage":"cs"}]}},"_links":{"self":[{"href":"https:\/\/lubricants.ncheurope.com\/cs\/wp-json\/wp\/v2\/pages\/64267","targetHints":{"allow":["GET"]}}],"collection":[{"href":"https:\/\/lubricants.ncheurope.com\/cs\/wp-json\/wp\/v2\/pages"}],"about":[{"href":"https:\/\/lubricants.ncheurope.com\/cs\/wp-json\/wp\/v2\/types\/page"}],"author":[{"embeddable":true,"href":"https:\/\/lubricants.ncheurope.com\/cs\/wp-json\/wp\/v2\/users\/2"}],"replies":[{"embeddable":true,"href":"https:\/\/lubricants.ncheurope.com\/cs\/wp-json\/wp\/v2\/comments?post=64267"}],"version-history":[{"count":1,"href":"https:\/\/lubricants.ncheurope.com\/cs\/wp-json\/wp\/v2\/pages\/64267\/revisions"}],"predecessor-version":[{"id":64268,"href":"https:\/\/lubricants.ncheurope.com\/cs\/wp-json\/wp\/v2\/pages\/64267\/revisions\/64268"}],"wp:attachment":[{"href":"https:\/\/lubricants.ncheurope.com\/cs\/wp-json\/wp\/v2\/media?parent=64267"}],"curies":[{"name":"wp","href":"https:\/\/api.w.org\/{rel}","templated":true}]}}