{"id":64205,"date":"2025-02-21T19:16:02","date_gmt":"2025-02-21T19:16:02","guid":{"rendered":"https:\/\/lubricants.ncheurope.com\/?page_id=64205"},"modified":"2025-10-15T18:19:07","modified_gmt":"2025-10-15T18:19:07","slug":"maziva-pro-cely-svet","status":"publish","type":"page","link":"https:\/\/lubricants.ncheurope.com\/cs\/o-nas\/maziva-pro-cely-svet\/","title":{"rendered":"Maziva pro cel\u00fd sv\u011bt"},"content":{"rendered":"\n<div class=\"internal-banner-block relative secondaryLubricants paddingBottomLarge bg-no-repeat pt-[110px] lg:pt-[160px]  bg-cover bg-center\" style=\"background-image: url('https:\/\/lubricants.ncheurope.com\/wp-content\/uploads\/2025\/08\/Global-Presence-Lubricants-banner.jpg')\">\n    <div class=\"overlay absolute top-0 bottom-0 left-0 right-0 z-0 gradient-secondaryLubricants-180-dark\"><\/div>    <div class=\"container relative z-10\">\n        <div class=\"breadcrumb-container mb-[60px] lg:mb-[103px] hidden md:block\">\n            <p class=\"text-lightXs !mb-0 !text-[12px] flex flex-row items-center\">You are here: <a class=\"!font-regular mx-2 hover:underline\" href=\"https:\/\/lubricants.ncheurope.com\/cs\/\">\u00davodn\u00ed str\u00e1nka<\/a> \/ <a class=\"mx-2 hover:underline\" href=\"https:\/\/lubricants.ncheurope.com\/cs\/o-nas\/\">O n\u00e1s<\/a> \/ <select name=\"breadcrumb-select\" id=\"breadcrumb-select\" class=\"breadcrumb-select\"><option value=\"https:\/\/lubricants.ncheurope.com\/cs\/o-nas\/kvalita-a-inovace-produktu\/\">Kvalita a inovace produkt\u016f<\/option><option value=\"https:\/\/lubricants.ncheurope.com\/cs\/o-nas\/historie\/\">Historie<\/option><option value=\"https:\/\/lubricants.ncheurope.com\/cs\/o-nas\/maziva-pro-cely-svet\/\">Maziva pro cel\u00fd sv\u011bt<\/option><option value=\"https:\/\/lubricants.ncheurope.com\/cs\/o-nas\/udrzitelnost\/\">Udr\u017eitelnost<\/option><\/select><\/p>\n        <\/div>\n\n        <div class=\"content-container flex flex-col-reverse md:flex-row flex-wrap justify-between\">\n\n                            <div class=\"text-container md:basis-10\/12\">\n                    <h1 class=\"heading-1-light\">Maziva pro cel\u00fd sv\u011bt <\/h1>                    <div class=\"wysiwyg-container text-light !mb-0 max-w-[768px]\"><p>NCH Lubricants se specializuje na pokro\u010dil\u00e9 mazac\u00ed technologie pro t\u011b\u017ekou techniku a pr\u016fmyslov\u00e9 aplikace. P\u016fsob\u00ed na celosv\u011btov\u00e9 \u00farovni a op\u00edr\u00e1 se o m\u00edstn\u00ed t\u00fdmy podpory v hlavn\u00edch regionech, v\u010detn\u011b Severn\u00ed Ameriky, Evropy, Asie a Tichomo\u0159\u00ed a Latinsk\u00e9 Ameriky.<\/p>\n<\/div>                                    <\/div>\n                    <\/div>\n    <\/div>\n<\/div>\n\n\n<div class=\"text-image-cta-block paddingTopLarge paddingBottomLarge secondaryLubricants bg-white bg-no-repeat bg-contain\">\n    <div class=\"container flex flex-col lg:flex-row-reverse\">\n        <div class=\"text-container flex flex-col items-start lg:pr-5 lg:basis-3\/6 lg:pl-[90px]\">\n                        <h2 class=\"heading-2 text-secondaryLubricants\">Glob\u00e1ln\u00ed \u0159e\u0161en\u00ed pro v\u00fdkonnost pr\u016fmyslov\u00fdch za\u0159\u00edzen\u00ed<\/h2>                            <div class=\"text-container\">\n                    <p>Jako jeden z nejv\u011bt\u0161\u00edch sv\u011btov\u00fdch v\u00fdrobc\u016f maziv nab\u00edz\u00ed spole\u010dnost NCH Lubricants rozmanit\u00e9 portfolio produkt\u016f, v\u010detn\u011b pr\u016fmyslov\u00fdch tuk\u016f, olej\u016f, aditiv do paliv, protizad\u00edrac\u00edch sm\u011bs\u00ed a maziv vhodn\u00fdch pro styk s potravinami, kter\u00e9 jsou p\u0159izp\u016fsobeny odv\u011btv\u00edm, jako je odpad a \u0161rot, t\u011b\u017eba, zem\u011bd\u011blstv\u00ed, v\u00fdroba, lesnictv\u00ed, ropa a plyn a biomasa.<\/p>\n                <\/div>\n                                        <a href=\"https:\/\/lubricants.ncheurope.com\/cs\/po-celem-svete\/\" class=\"button mt-5 button--secondaryLubricants relative \" target=\"_parent\">Na\u0161e pobo\u010dky po cel\u00e9m sv\u011bt\u011b <\/a>\n                    <\/div>\n                    <div class=\"image-container lg:basis-3\/6 relative flex flex-col mt-[24px] lg:mt-0\">\n                <div class=\"skewed-image-container min-h-[388px] bg-no-repeat bg-cover bg-center skewedImageLarge-flipped shadow-[0_10px_10px_0_rgba(109,106,112,0.15)]\" style=\"background-image: url(https:\/\/lubricants.ncheurope.com\/wp-content\/uploads\/2025\/08\/Worldwide-image.jpg);\"><\/div>\n            <\/div>\n                    <\/div>\n<\/div>\n\n\n<div class=\"text-and-link-cards-slider-block relative box-content overflow-x-hidden paddingTopLarge paddingBottomLarge secondaryLubricants has-anchor-link\">\n    <div class=\"overlay z-0 absolute top-0 left-0 right-0 bottom-2\/4 block bg-secondaryLubricants\"><\/div>\n    <!-- Start Text Section -->\n    <div class=\"container text-and-link-cards-slider-text\">\n        <div class=\"flex flex-row flex-wrap justify-between items-center relative z-10 pb-[60px]\">\n            <h2 class=\"heading-2 basis-full text-white\">Glob\u00e1ln\u00ed odborn\u00e9 znalosti v oblasti maz\u00e1n\u00ed <\/h2>            <p class=\"text-lightBase lg:basis-8\/12 mb-0\">D\u00edky glob\u00e1ln\u00ed s\u00edti specializovan\u00fdch prodejn\u00edch t\u00fdm\u016f maziv a odborn\u00edk\u016f v dan\u00e9m odv\u011btv\u00ed p\u0159\u00edmo na m\u00edst\u011b m\u00e1me v NCH Lubricants glob\u00e1ln\u00ed dosah, produkty a slu\u017eby, kter\u00e9 v\u00e1m pomohou prodlou\u017eit \u017eivotnost za\u0159\u00edzen\u00ed, sn\u00ed\u017eit prostoje a sn\u00ed\u017eit n\u00e1klady.<\/p>                    <\/div>\n    <\/div>\n    <!-- End Text Section -->\n\n    <!-- Start Slider Column -->\n            <div class=\"slider-container flex flex-col overflow-x-hidden absolute right-0\">\n            <div class=\"text-and-link-cards-slider-block-slider\">\n                                    <div class=\"slide !flex flex-col justify-start items-start bg-white border border-primaryOffWhite px-2 pt-2 pb-8 mr-2 last-of-type:mr-0 mb-5 relative shadow-[0_10px_10px_0_rgba(109,106,112,0.15)] secondaryLubricants\">\n                        <div class=\"image-container relative bg-center bg-cover bg-no-repeat w-full min-h-[178px] flex items-end mb-6\" style=\"background-image: url('https:\/\/lubricants.ncheurope.com\/wp-content\/uploads\/2025\/08\/North-Amercia-Lubricants.jpg')\">\n                            <div class=\"overlay z-0 absolute top-0 left-0 right-0 bottom-0 gradient-secondaryLubricants-180\"><\/div>\n                            <h4 class=\"heading-4 text-white px-6 z-10 relative !mb-5\">Severn\u00ed Amerika<\/h4>                        <\/div>\n                        <p class=\"text-darkSm px-6 z-10 relative !mb-6\">Nav\u0161tivte na\u0161i severoamerickou divizi maziv, Certified Labs.<\/p>                            \n                        <!-- Start of links repeater -->\n                                                <!-- End of links repeater -->\n\n                                                    <a href=\"https:\/\/certifiedlabs.com\/\" class=\"button button--secondary button--secondaryLubricants w-[calc(100%-48px)] relative z-10 mx-6 !py-3\" target=\"_blank\">P\u0159ej\u00edt na Severn\u00ed Ameriku<\/a>\n                                            <\/div>\n\n                                    <div class=\"slide !flex flex-col justify-start items-start bg-white border border-primaryOffWhite px-2 pt-2 pb-8 mr-2 last-of-type:mr-0 mb-5 relative shadow-[0_10px_10px_0_rgba(109,106,112,0.15)] secondaryLubricants\">\n                        <div class=\"image-container relative bg-center bg-cover bg-no-repeat w-full min-h-[178px] flex items-end mb-6\" style=\"background-image: url('https:\/\/lubricants.ncheurope.com\/wp-content\/uploads\/2025\/08\/Asia-Pacific-Lubricants.jpg')\">\n                            <div class=\"overlay z-0 absolute top-0 left-0 right-0 bottom-0 gradient-secondaryLubricants-180\"><\/div>\n                            <h4 class=\"heading-4 text-white px-6 z-10 relative !mb-5\">Asie a Tichomo\u0159\u00ed<\/h4>                        <\/div>\n                        <p class=\"text-darkSm px-6 z-10 relative !mb-6\">Nav\u0161tivte na\u0161e webov\u00e9 str\u00e1nky pro oblast Asie a Tichomo\u0159\u00ed, kde najdete v\u0161e, co pot\u0159ebujete v oblasti maziv pro region APAC.<\/p>                            \n                        <!-- Start of links repeater -->\n                                                <!-- End of links repeater -->\n\n                                                    <a href=\"https:\/\/www.nchasia.com\/solution\/lubricants\/\" class=\"button button--secondary button--secondaryLubricants w-[calc(100%-48px)] relative z-10 mx-6 !py-3\" target=\"_blank\">P\u0159ej\u00edt na APAC<\/a>\n                                            <\/div>\n\n                                    <div class=\"slide !flex flex-col justify-start items-start bg-white border border-primaryOffWhite px-2 pt-2 pb-8 mr-2 last-of-type:mr-0 mb-5 relative shadow-[0_10px_10px_0_rgba(109,106,112,0.15)] secondaryLubricants\">\n                        <div class=\"image-container relative bg-center bg-cover bg-no-repeat w-full min-h-[178px] flex items-end mb-6\" style=\"background-image: url('https:\/\/lubricants.ncheurope.com\/wp-content\/uploads\/2025\/08\/Latin-America-Lubricants.jpg')\">\n                            <div class=\"overlay z-0 absolute top-0 left-0 right-0 bottom-0 gradient-secondaryLubricants-180\"><\/div>\n                            <h4 class=\"heading-4 text-white px-6 z-10 relative !mb-5\">Latinsk\u00e1 Amerika<\/h4>                        <\/div>\n                        <p class=\"text-darkSm px-6 z-10 relative !mb-6\">Nav\u0161tivte na\u0161e webov\u00e9 str\u00e1nky pro Latinskou Ameriku, kde najdete v\u0161e, co pot\u0159ebujete v oblasti maziv pro region LATAM.<\/p>                            \n                        <!-- Start of links repeater -->\n                                                <!-- End of links repeater -->\n\n                                                    <a href=\"https:\/\/www.la.nch.com\/lubricantes-industriales.html\" class=\"button button--secondary button--secondaryLubricants w-[calc(100%-48px)] relative z-10 mx-6 !py-3\" target=\"_blank\">P\u0159ej\u00edt na Latinskou Ameriku<\/a>\n                                            <\/div>\n\n                                    <div class=\"slide !flex flex-col justify-start items-start bg-white border border-primaryOffWhite px-2 pt-2 pb-8 mr-2 last-of-type:mr-0 mb-5 relative shadow-[0_10px_10px_0_rgba(109,106,112,0.15)] secondaryLubricants\">\n                        <div class=\"image-container relative bg-center bg-cover bg-no-repeat w-full min-h-[178px] flex items-end mb-6\" style=\"background-image: url('https:\/\/lubricants.ncheurope.com\/wp-content\/uploads\/2025\/08\/Get-in-touch-Lubricants.jpg')\">\n                            <div class=\"overlay z-0 absolute top-0 left-0 right-0 bottom-0 gradient-secondaryLubricants-180\"><\/div>\n                            <h4 class=\"heading-4 text-white px-6 z-10 relative !mb-5\">Kontaktujte n\u00e1\u0161 t\u00fdm<\/h4>                        <\/div>\n                        <p class=\"text-darkSm px-6 z-10 relative !mb-6\">Spojte se s na\u0161\u00edm evropsk\u00fdm t\u00fdmem pro maziva.<\/p>                            \n                        <!-- Start of links repeater -->\n                                                <!-- End of links repeater -->\n\n                                                    <a href=\"https:\/\/lubricants.ncheurope.com\/cs\/kontaktujte-nas\/\" class=\"button button--secondary button--secondaryLubricants w-[calc(100%-48px)] relative z-10 mx-6 !py-3\" target=\"_parent\">Kontaktujte n\u00e1s<\/a>\n                                            <\/div>\n\n                            <\/div>\n        <\/div>\n        <!-- End Slider Column -->\n\n<\/div>\n\n\n    <div class=\"related-cards-block box-content relative bg-primaryOffWhite paddingTopLarge paddingBottomLarge secondaryLubricants\">\n        <div class=\"container flex flex-col\">\n            <!-- Start Text Section -->\n            <div class=\"flex flex-row flex-wrap justify-between items-end relative z-10 pb-[60px]\">\n                <h2 class=\"heading-2 basis-full text-secondaryLubricants\">O NCH Lubricants<\/h2>                <p class=\"text-darkBase basis-full lg:basis-8\/12 !mb-0\">Bez ohledu na velikost, rozsah nebo typ podnik\u00e1n\u00ed je na\u0161e posl\u00e1n\u00ed jednoduch\u00e9: pom\u00e1hat podnik\u016fm zlep\u0161ovat spolehlivost za\u0159\u00edzen\u00ed, zvy\u0161ovat efektivitu a sni\u017eovat provozn\u00ed n\u00e1klady pomoc\u00ed program\u016f maz\u00e1n\u00ed, kter\u00e9 p\u0159in\u00e1\u0161ej\u00ed skute\u010dn\u00fd v\u00fdkon.<\/p>                                    <a href=\"https:\/\/lubricants.ncheurope.com\/cs\/o-nas\/\" class=\"button button--secondaryLubricants hover:bg-secondaryLubricants hover:text-white relative mt-[24px] lg:mt-0\">Dal\u0161\u00ed informace<\/a>\n                            <\/div>\n            <!-- End Text Section -->\n            \n            <!-- Start Related Cards Section -->\n            \n                            <div class=\" flex flex-row flex-wrap\">\n                                                                        <div class=\"related-card max-w-full md:max-w-[calc(50%-4px)] lg:max-w-[calc(25%-8px)] w-full px-2 pt-2 pb-8 mr-0 md:odd:mr-2 lg:mr-2 mb-10 relative bg-white shadow-[0_10px_10px_0_rgba(109,106,112,0.15)] border border-primaryOffWhite\">\n                                <div class=\"blog-image relative bg-center bg-no-repeat bg-cover min-h-[216px] mb-6\" style=\"background-image: url('https:\/\/lubricants.ncheurope.com\/wp-content\/uploads\/2025\/06\/Lubricants-About-Us-who-we-are.jpg')\"><\/div>\n                                <div class=\"flex flex-col items-start px-6\">\n                                    <h6 class=\"heading-6 text-secondaryLubricants z-10 relative !mb-4\">Inovace produkt\u016f<\/h6>\n                                    <p class=\"text-darkSm z-10 relative !mb-5\">Od slo\u017een\u00ed po balen\u00ed dod\u00e1v\u00e1me spolehliv\u00e9, vysoce v\u00fdkonn\u00e9 mazac\u00ed produkty, na kter\u00e9 se z\u00e1kazn\u00edci mohou v\u017edy spolehnout, \u017ee p\u0159inesou konzistentn\u00ed v\u00fdsledky.<\/p>\n                                    <a href=\"https:\/\/lubricants.ncheurope.com\/cs\/o-nas\/kvalita-a-inovace-produktu\/\" class=\"button button--secondary button--secondaryLubricants\">Dal\u0161\u00ed informace<\/a>\n                                <\/div>\n                            <\/div>\n                                                                                                <div class=\"related-card max-w-full md:max-w-[calc(50%-4px)] lg:max-w-[calc(25%-8px)] w-full px-2 pt-2 pb-8 mr-0 md:odd:mr-2 lg:mr-2 mb-10 relative bg-white shadow-[0_10px_10px_0_rgba(109,106,112,0.15)] border border-primaryOffWhite\">\n                                <div class=\"blog-image relative bg-center bg-no-repeat bg-cover min-h-[216px] mb-6\" style=\"background-image: url('https:\/\/lubricants.ncheurope.com\/wp-content\/uploads\/2025\/07\/Today.jpg')\"><\/div>\n                                <div class=\"flex flex-col items-start px-6\">\n                                    <h6 class=\"heading-6 text-secondaryLubricants z-10 relative !mb-4\">Na\u0161e historie<\/h6>\n                                    <p class=\"text-darkSm z-10 relative !mb-5\">NCH Corporation, hnac\u00ed s\u00edla NCH Lubricants. Spole\u010dnost NCH byla zalo\u017eena v roce 1919 v Dallasu v Texasu a vyrostla v glob\u00e1ln\u00edho l\u00eddra poskytuj\u00edc\u00edho slu\u017eby z\u00e1kazn\u00edk\u016fm&hellip;<\/p>\n                                    <a href=\"https:\/\/lubricants.ncheurope.com\/cs\/o-nas\/historie\/\" class=\"button button--secondary button--secondaryLubricants\">Pod\u00edvejte se na na\u0161i historii<\/a>\n                                <\/div>\n                            <\/div>\n                                                                                                <div class=\"related-card max-w-full md:max-w-[calc(50%-4px)] lg:max-w-[calc(25%-8px)] w-full px-2 pt-2 pb-8 mr-0 md:odd:mr-2 lg:mr-2 mb-10 relative bg-white shadow-[0_10px_10px_0_rgba(109,106,112,0.15)] border border-primaryOffWhite\">\n                                <div class=\"blog-image relative bg-center bg-no-repeat bg-cover min-h-[216px] mb-6\" style=\"background-image: url('https:\/\/lubricants.ncheurope.com\/wp-content\/uploads\/2025\/02\/shutterstock_2044948658-1.webp')\"><\/div>\n                                <div class=\"flex flex-col items-start px-6\">\n                                    <h6 class=\"heading-6 text-secondaryLubricants z-10 relative !mb-4\">Udr\u017eitelnost<\/h6>\n                                    <p class=\"text-darkSm z-10 relative !mb-5\">V r\u00e1mci na\u0161\u00ed udr\u017eiteln\u00e9 budoucnosti budeme v NCH Lubricants i nad\u00e1le vytv\u00e1\u0159et inovativn\u00ed \u0159e\u0161en\u00ed, kter\u00e1 zlep\u0161uj\u00ed bezpe\u010dnost a environment\u00e1ln\u00ed profil na\u0161ich&#8230;<\/p>\n                                    <a href=\"https:\/\/lubricants.ncheurope.com\/cs\/o-nas\/udrzitelnost\/\" class=\"button button--secondary button--secondaryLubricants\">Zjist\u011bte v\u00edce<\/a>\n                                <\/div>\n                            <\/div>\n                                                                                                <div class=\"related-card max-w-full md:max-w-[calc(50%-4px)] lg:max-w-[calc(25%-8px)] w-full px-2 pt-2 pb-8 mr-0 md:odd:mr-2 lg:mr-2 mb-10 relative bg-white shadow-[0_10px_10px_0_rgba(109,106,112,0.15)] border border-primaryOffWhite\">\n                                <div class=\"blog-image relative bg-center bg-no-repeat bg-cover min-h-[216px] mb-6\" style=\"background-image: url('https:\/\/lubricants.ncheurope.com\/wp-content\/uploads\/2025\/06\/Lubricants-About-Us-Quality-and-Innovation.png')\"><\/div>\n                                <div class=\"flex flex-col items-start px-6\">\n                                    <h6 class=\"heading-6 text-secondaryLubricants z-10 relative !mb-4\">Kari\u00e9ra<\/h6>\n                                    <p class=\"text-darkSm z-10 relative !mb-5\">Pokud hled\u00e1te p\u0159\u00edle\u017eitost v oblasti prodeje, kde se m\u016f\u017eete rozv\u00edjet v prost\u0159ed\u00ed charakterizovan\u00e9m \u00fasp\u011bchem, z\u00e1bavou a t\u00fdmovou prac\u00ed, spole\u010dnost NCH Lubricants je pro v\u00e1s ide\u00e1ln\u00ed&hellip;<\/p>\n                                    <a href=\"https:\/\/lubricants.ncheurope.com\/en\/careers\/\" class=\"button button--secondary button--secondaryLubricants\">P\u0159ihlaste se nyn\u00ed<\/a>\n                                <\/div>\n                            <\/div>\n                                                            <\/div>\n                        \n            <!-- End Related Cards Section -->\n        <\/div>\n\n    <\/div>","protected":false},"excerpt":{"rendered":"","protected":false},"author":3,"featured_media":0,"parent":64188,"menu_order":3,"comment_status":"closed","ping_status":"closed","template":"","meta":{"_acf_changed":false,"footnotes":""},"class_list":["post-64205","page","type-page","status-publish","hentry"],"acf":[],"yoast_head":"<!-- This site is optimized with the Yoast SEO Premium plugin v21.7 (Yoast SEO v27.2) - https:\/\/yoast.com\/product\/yoast-seo-premium-wordpress\/ -->\n<title>Maziva pro cel\u00fd sv\u011bt - NCH Lubricants<\/title>\n<meta name=\"robots\" content=\"index, follow, max-snippet:-1, max-image-preview:large, max-video-preview:-1\" \/>\n<link rel=\"canonical\" href=\"https:\/\/lubricants.ncheurope.com\/cs\/o-nas\/maziva-pro-cely-svet\/\" class=\"yoast-seo-meta-tag\" \/>\n<meta property=\"og:locale\" content=\"cs_CZ\" class=\"yoast-seo-meta-tag\" \/>\n<meta property=\"og:type\" content=\"article\" class=\"yoast-seo-meta-tag\" \/>\n<meta property=\"og:title\" content=\"Maziva pro cel\u00fd sv\u011bt\" class=\"yoast-seo-meta-tag\" \/>\n<meta property=\"og:url\" content=\"https:\/\/lubricants.ncheurope.com\/cs\/o-nas\/maziva-pro-cely-svet\/\" class=\"yoast-seo-meta-tag\" \/>\n<meta property=\"og:site_name\" content=\"NCH Lubricants\" class=\"yoast-seo-meta-tag\" \/>\n<meta property=\"article:modified_time\" content=\"2025-10-15T18:19:07+00:00\" class=\"yoast-seo-meta-tag\" \/>\n<meta name=\"twitter:card\" content=\"summary_large_image\" class=\"yoast-seo-meta-tag\" \/>\n<script type=\"application\/ld+json\" class=\"yoast-schema-graph\">{\"@context\":\"https:\/\/schema.org\",\"@graph\":[{\"@type\":\"WebPage\",\"@id\":\"https:\/\/lubricants.ncheurope.com\/cs\/o-nas\/maziva-pro-cely-svet\/\",\"url\":\"https:\/\/lubricants.ncheurope.com\/cs\/o-nas\/maziva-pro-cely-svet\/\",\"name\":\"Maziva pro cel\u00fd sv\u011bt - NCH Lubricants\",\"isPartOf\":{\"@id\":\"https:\/\/lubricants.ncheurope.com\/sv\/#website\"},\"datePublished\":\"2025-02-21T19:16:02+00:00\",\"dateModified\":\"2025-10-15T18:19:07+00:00\",\"breadcrumb\":{\"@id\":\"https:\/\/lubricants.ncheurope.com\/cs\/o-nas\/maziva-pro-cely-svet\/#breadcrumb\"},\"inLanguage\":\"cs\",\"potentialAction\":[{\"@type\":\"ReadAction\",\"target\":[\"https:\/\/lubricants.ncheurope.com\/cs\/o-nas\/maziva-pro-cely-svet\/\"]}]},{\"@type\":\"BreadcrumbList\",\"@id\":\"https:\/\/lubricants.ncheurope.com\/cs\/o-nas\/maziva-pro-cely-svet\/#breadcrumb\",\"itemListElement\":[{\"@type\":\"ListItem\",\"position\":1,\"name\":\"Domovsk\u00e1 str\u00e1nka\",\"item\":\"https:\/\/lubricants.ncheurope.com\/cs\/\"},{\"@type\":\"ListItem\",\"position\":2,\"name\":\"O n\u00e1s\",\"item\":\"https:\/\/lubricants.ncheurope.com\/cs\/o-nas\/\"},{\"@type\":\"ListItem\",\"position\":3,\"name\":\"Maziva pro cel\u00fd sv\u011bt\"}]},{\"@type\":\"WebSite\",\"@id\":\"https:\/\/lubricants.ncheurope.com\/sv\/#website\",\"url\":\"https:\/\/lubricants.ncheurope.com\/sv\/\",\"name\":\"NCH Lubricants\",\"description\":\"\",\"potentialAction\":[{\"@type\":\"SearchAction\",\"target\":{\"@type\":\"EntryPoint\",\"urlTemplate\":\"https:\/\/lubricants.ncheurope.com\/sv\/?s={search_term_string}\"},\"query-input\":{\"@type\":\"PropertyValueSpecification\",\"valueRequired\":true,\"valueName\":\"search_term_string\"}}],\"inLanguage\":\"cs\"}]}<\/script>\n<!-- \/ Yoast SEO Premium plugin. -->","yoast_head_json":{"title":"Maziva pro cel\u00fd sv\u011bt - NCH Lubricants","robots":{"index":"index","follow":"follow","max-snippet":"max-snippet:-1","max-image-preview":"max-image-preview:large","max-video-preview":"max-video-preview:-1"},"canonical":"https:\/\/lubricants.ncheurope.com\/cs\/o-nas\/maziva-pro-cely-svet\/","og_locale":"cs_CZ","og_type":"article","og_title":"Maziva pro cel\u00fd sv\u011bt","og_url":"https:\/\/lubricants.ncheurope.com\/cs\/o-nas\/maziva-pro-cely-svet\/","og_site_name":"NCH Lubricants","article_modified_time":"2025-10-15T18:19:07+00:00","twitter_card":"summary_large_image","schema":{"@context":"https:\/\/schema.org","@graph":[{"@type":"WebPage","@id":"https:\/\/lubricants.ncheurope.com\/cs\/o-nas\/maziva-pro-cely-svet\/","url":"https:\/\/lubricants.ncheurope.com\/cs\/o-nas\/maziva-pro-cely-svet\/","name":"Maziva pro cel\u00fd sv\u011bt - NCH Lubricants","isPartOf":{"@id":"https:\/\/lubricants.ncheurope.com\/sv\/#website"},"datePublished":"2025-02-21T19:16:02+00:00","dateModified":"2025-10-15T18:19:07+00:00","breadcrumb":{"@id":"https:\/\/lubricants.ncheurope.com\/cs\/o-nas\/maziva-pro-cely-svet\/#breadcrumb"},"inLanguage":"cs","potentialAction":[{"@type":"ReadAction","target":["https:\/\/lubricants.ncheurope.com\/cs\/o-nas\/maziva-pro-cely-svet\/"]}]},{"@type":"BreadcrumbList","@id":"https:\/\/lubricants.ncheurope.com\/cs\/o-nas\/maziva-pro-cely-svet\/#breadcrumb","itemListElement":[{"@type":"ListItem","position":1,"name":"Domovsk\u00e1 str\u00e1nka","item":"https:\/\/lubricants.ncheurope.com\/cs\/"},{"@type":"ListItem","position":2,"name":"O n\u00e1s","item":"https:\/\/lubricants.ncheurope.com\/cs\/o-nas\/"},{"@type":"ListItem","position":3,"name":"Maziva pro cel\u00fd sv\u011bt"}]},{"@type":"WebSite","@id":"https:\/\/lubricants.ncheurope.com\/sv\/#website","url":"https:\/\/lubricants.ncheurope.com\/sv\/","name":"NCH Lubricants","description":"","potentialAction":[{"@type":"SearchAction","target":{"@type":"EntryPoint","urlTemplate":"https:\/\/lubricants.ncheurope.com\/sv\/?s={search_term_string}"},"query-input":{"@type":"PropertyValueSpecification","valueRequired":true,"valueName":"search_term_string"}}],"inLanguage":"cs"}]}},"_links":{"self":[{"href":"https:\/\/lubricants.ncheurope.com\/cs\/wp-json\/wp\/v2\/pages\/64205","targetHints":{"allow":["GET"]}}],"collection":[{"href":"https:\/\/lubricants.ncheurope.com\/cs\/wp-json\/wp\/v2\/pages"}],"about":[{"href":"https:\/\/lubricants.ncheurope.com\/cs\/wp-json\/wp\/v2\/types\/page"}],"author":[{"embeddable":true,"href":"https:\/\/lubricants.ncheurope.com\/cs\/wp-json\/wp\/v2\/users\/3"}],"replies":[{"embeddable":true,"href":"https:\/\/lubricants.ncheurope.com\/cs\/wp-json\/wp\/v2\/comments?post=64205"}],"version-history":[{"count":3,"href":"https:\/\/lubricants.ncheurope.com\/cs\/wp-json\/wp\/v2\/pages\/64205\/revisions"}],"predecessor-version":[{"id":64253,"href":"https:\/\/lubricants.ncheurope.com\/cs\/wp-json\/wp\/v2\/pages\/64205\/revisions\/64253"}],"up":[{"embeddable":true,"href":"https:\/\/lubricants.ncheurope.com\/cs\/wp-json\/wp\/v2\/pages\/64188"}],"wp:attachment":[{"href":"https:\/\/lubricants.ncheurope.com\/cs\/wp-json\/wp\/v2\/media?parent=64205"}],"curies":[{"name":"wp","href":"https:\/\/api.w.org\/{rel}","templated":true}]}}