{"id":64131,"date":"2025-02-21T16:27:06","date_gmt":"2025-02-21T16:27:06","guid":{"rendered":"https:\/\/lubricants.ncheurope.com\/?page_id=64131"},"modified":"2025-10-07T09:10:48","modified_gmt":"2025-10-07T09:10:48","slug":"po-celem-svete","status":"publish","type":"page","link":"https:\/\/lubricants.ncheurope.com\/cs\/po-celem-svete\/","title":{"rendered":"Worldwide"},"content":{"rendered":"\n<div class=\"internal-banner-block relative secondaryLubricants paddingBottomLarge bg-no-repeat pt-[110px] lg:pt-[160px]  bg-cover bg-center\" style=\"background-image: url('https:\/\/lubricants.ncheurope.com\/wp-content\/uploads\/2025\/08\/Global-Presence-Lubricants-banner.jpg')\">\n    <div class=\"overlay absolute top-0 bottom-0 left-0 right-0 z-0 gradient-secondaryLubricants-180-dark\"><\/div>    <div class=\"container relative z-10\">\n        <div class=\"breadcrumb-container mb-[60px] lg:mb-[103px] hidden md:block\">\n            <p class=\"text-lightXs !mb-0 !text-[12px] flex flex-row items-center\">You are here: <a class=\"!font-regular mx-2 hover:underline\" href=\"https:\/\/lubricants.ncheurope.com\/cs\/\">\u00davodn\u00ed str\u00e1nka<\/a> \/ <span class=\"ml-2 font-semibold\">Worldwide<\/span><\/p>\n        <\/div>\n\n        <div class=\"content-container flex flex-col-reverse md:flex-row flex-wrap justify-between\">\n\n                            <div class=\"text-container md:basis-10\/12\">\n                    <h1 class=\"heading-1-light\">Celosv\u011btov\u00e9 p\u016fsoben\u00ed<\/h1>                    <div class=\"wysiwyg-container text-light !mb-0 max-w-[768px]\"><p>NCH Lubricants poskytuje vysoce v\u00fdkonn\u00e1 mazac\u00ed \u0159e\u0161en\u00ed pro pr\u016fmyslov\u00e1 odv\u011btv\u00ed v Evrop\u011b, Asii a Tichomo\u0159\u00ed, Severn\u00ed i Latinsk\u00e9 Americe. Jako divize spole\u010dnosti NCH Corporation vyu\u017e\u00edv\u00e1 NCH Lubricants celosv\u011btovou s\u00ed\u0165 v\u00fdrobn\u00edch z\u00e1vod\u016f a prodejn\u00edch odborn\u00edk\u016f, aby zajistila konzistentn\u00ed kvalitu a inovace po cel\u00e9m sv\u011bt\u011b.<\/p>\n<p>&nbsp;<\/p>\n<\/div>                                    <\/div>\n                    <\/div>\n    <\/div>\n<\/div>\n\n\n<div class=\"text-and-link-cards-slider-block relative box-content overflow-x-hidden paddingTopLarge paddingBottomLarge secondaryLubricants has-anchor-link\">\n    <div class=\"overlay z-0 absolute top-0 left-0 right-0 bottom-2\/4 block bg-secondaryLubricants\"><\/div>\n    <!-- Start Text Section -->\n    <div class=\"container text-and-link-cards-slider-text\">\n        <div class=\"flex flex-row flex-wrap justify-between items-center relative z-10 pb-[60px]\">\n            <h2 class=\"heading-2 basis-full text-white\">Glob\u00e1ln\u00ed odbornost v oblasti maz\u00e1n\u00ed<\/h2>            <p class=\"text-lightBase lg:basis-8\/12 mb-0\">D\u00edky glob\u00e1ln\u00ed s\u00edti specializovan\u00fdch prodejn\u00edch t\u00fdm\u016f a odborn\u00edk\u016f p\u0159\u00edmo v provozech m\u00e1 NCH Lubricants glob\u00e1ln\u00ed dosah, produkty a slu\u017eby, kter\u00e9 v\u00e1m pomohou prodlou\u017eit \u017eivotnost za\u0159\u00edzen\u00ed, sn\u00ed\u017eit prostoje a sn\u00ed\u017eit n\u00e1klady.<\/p>                    <\/div>\n    <\/div>\n    <!-- End Text Section -->\n\n    <!-- Start Slider Column -->\n            <div class=\"slider-container flex flex-col overflow-x-hidden absolute right-0\">\n            <div class=\"text-and-link-cards-slider-block-slider\">\n                                    <div class=\"slide !flex flex-col justify-start items-start bg-white border border-primaryOffWhite px-2 pt-2 pb-8 mr-2 last-of-type:mr-0 mb-5 relative shadow-[0_10px_10px_0_rgba(109,106,112,0.15)] secondaryLubricants\">\n                        <div class=\"image-container relative bg-center bg-cover bg-no-repeat w-full min-h-[178px] flex items-end mb-6\" style=\"background-image: url('https:\/\/lubricants.ncheurope.com\/wp-content\/uploads\/2025\/08\/North-Amercia-Lubricants.jpg')\">\n                            <div class=\"overlay z-0 absolute top-0 left-0 right-0 bottom-0 gradient-secondaryLubricants-180\"><\/div>\n                            <h4 class=\"heading-4 text-white px-6 z-10 relative !mb-5\">Severn\u00ed Amerika<\/h4>                        <\/div>\n                        <p class=\"text-darkSm px-6 z-10 relative !mb-6\">Nav\u0161tivte na\u0161i severoamerickou divizi maziv, Certified Labs.<\/p>                            \n                        <!-- Start of links repeater -->\n                                                <!-- End of links repeater -->\n\n                                                    <a href=\"https:\/\/certifiedlabs.com\/\" class=\"button button--secondary button--secondaryLubricants w-[calc(100%-48px)] relative z-10 mx-6 !py-3\" target=\"_blank\">P\u0159ej\u00edt na Severn\u00ed Ameriku<\/a>\n                                            <\/div>\n\n                                    <div class=\"slide !flex flex-col justify-start items-start bg-white border border-primaryOffWhite px-2 pt-2 pb-8 mr-2 last-of-type:mr-0 mb-5 relative shadow-[0_10px_10px_0_rgba(109,106,112,0.15)] secondaryLubricants\">\n                        <div class=\"image-container relative bg-center bg-cover bg-no-repeat w-full min-h-[178px] flex items-end mb-6\" style=\"background-image: url('https:\/\/lubricants.ncheurope.com\/wp-content\/uploads\/2025\/08\/Asia-Pacific-Lubricants.jpg')\">\n                            <div class=\"overlay z-0 absolute top-0 left-0 right-0 bottom-0 gradient-secondaryLubricants-180\"><\/div>\n                            <h4 class=\"heading-4 text-white px-6 z-10 relative !mb-5\">Asie a Tichomo\u0159\u00ed<\/h4>                        <\/div>\n                        <p class=\"text-darkSm px-6 z-10 relative !mb-6\">Nav\u0161tivte na\u0161e webov\u00e9 str\u00e1nky pro Asii a Tichomo\u0159\u00ed a zjist\u011bte v\u00edce o na\u0161ich mazivech pro region APAC.<\/p>                            \n                        <!-- Start of links repeater -->\n                                                <!-- End of links repeater -->\n\n                                                    <a href=\"https:\/\/www.nchasia.com\/solution\/lubricants\/\" class=\"button button--secondary button--secondaryLubricants w-[calc(100%-48px)] relative z-10 mx-6 !py-3\" target=\"_blank\">P\u0159ej\u00edt na APAC<\/a>\n                                            <\/div>\n\n                                    <div class=\"slide !flex flex-col justify-start items-start bg-white border border-primaryOffWhite px-2 pt-2 pb-8 mr-2 last-of-type:mr-0 mb-5 relative shadow-[0_10px_10px_0_rgba(109,106,112,0.15)] secondaryLubricants\">\n                        <div class=\"image-container relative bg-center bg-cover bg-no-repeat w-full min-h-[178px] flex items-end mb-6\" style=\"background-image: url('https:\/\/lubricants.ncheurope.com\/wp-content\/uploads\/2025\/08\/Latin-America-Lubricants.jpg')\">\n                            <div class=\"overlay z-0 absolute top-0 left-0 right-0 bottom-0 gradient-secondaryLubricants-180\"><\/div>\n                            <h4 class=\"heading-4 text-white px-6 z-10 relative !mb-5\">Latinsk\u00e1 Amerika<\/h4>                        <\/div>\n                        <p class=\"text-darkSm px-6 z-10 relative !mb-6\">Nav\u0161tivte na\u0161e webov\u00e9 str\u00e1nky pro Latinskou Ameriku a zjist\u011bte v\u00edce o na\u0161ich mazivech pro region LATAM.<\/p>                            \n                        <!-- Start of links repeater -->\n                                                <!-- End of links repeater -->\n\n                                                    <a href=\"https:\/\/www.la.nch.com\/lubricantes-industriales.html\" class=\"button button--secondary button--secondaryLubricants w-[calc(100%-48px)] relative z-10 mx-6 !py-3\" target=\"_blank\">P\u0159ej\u00edt na Latinskou Ameriku<\/a>\n                                            <\/div>\n\n                                    <div class=\"slide !flex flex-col justify-start items-start bg-white border border-primaryOffWhite px-2 pt-2 pb-8 mr-2 last-of-type:mr-0 mb-5 relative shadow-[0_10px_10px_0_rgba(109,106,112,0.15)] secondaryLubricants\">\n                        <div class=\"image-container relative bg-center bg-cover bg-no-repeat w-full min-h-[178px] flex items-end mb-6\" style=\"background-image: url('https:\/\/lubricants.ncheurope.com\/wp-content\/uploads\/2025\/08\/Get-in-touch-Lubricants.jpg')\">\n                            <div class=\"overlay z-0 absolute top-0 left-0 right-0 bottom-0 gradient-secondaryLubricants-180\"><\/div>\n                            <h4 class=\"heading-4 text-white px-6 z-10 relative !mb-5\">Promluvte si s na\u0161\u00edm t\u00fdmem<\/h4>                        <\/div>\n                        <p class=\"text-darkSm px-6 z-10 relative !mb-6\">Spojte se s na\u0161\u00edm evropsk\u00fdm t\u00fdmem odborn\u00edk\u016f na maziva.<\/p>                            \n                        <!-- Start of links repeater -->\n                                                <!-- End of links repeater -->\n\n                                                    <a href=\"https:\/\/lubricants.ncheurope.com\/en\/contact-us\/\" class=\"button button--secondary button--secondaryLubricants w-[calc(100%-48px)] relative z-10 mx-6 !py-3\" target=\"_parent\">Kontaktujte n\u00e1s<\/a>\n                                            <\/div>\n\n                            <\/div>\n        <\/div>\n        <!-- End Slider Column -->\n\n<\/div>\n\n\n<div class=\"text-image-cta-block paddingTopLarge paddingBottomLarge secondaryLubricants bg-primaryOffWhite bg-no-repeat bg-contain\">\n    <div class=\"container flex flex-col lg:flex-row-reverse\">\n        <div class=\"text-container flex flex-col items-start lg:pr-5 lg:basis-3\/6 lg:pl-[90px]\">\n                        <h2 class=\"heading-2 text-secondaryLubricants\">Jsme tu pro v\u00e1s<\/h2>                            <div class=\"text-container\">\n                    <p>Tato celosv\u011btov\u00e1 p\u0159\u00edtomnost umo\u017e\u0148uje NCH Lubricants porozum\u011bt jedine\u010dn\u00fdm pot\u0159eb\u00e1m va\u0161eho provozu a napl\u0148ovat je, p\u0159i\u010dem\u017e poskytuje lok\u00e1ln\u00ed podporu a odborn\u00e9 znalosti, aby zajistila optim\u00e1ln\u00ed v\u00fdkon a spokojenost z\u00e1kazn\u00edk\u016f ve v\u0161ech regionech.<\/p>\n                <\/div>\n                                        <a href=\"https:\/\/lubricants.ncheurope.com\/contact-us\" class=\"button mt-5 button--secondaryLubricants relative \" target=\"_parent\">Kontaktujte n\u00e1s<\/a>\n                    <\/div>\n                    <div class=\"image-container lg:basis-3\/6 relative flex flex-col mt-[24px] lg:mt-0\">\n                <div class=\"skewed-image-container min-h-[388px] bg-no-repeat bg-cover bg-center skewedImageLarge-flipped shadow-[0_10px_10px_0_rgba(109,106,112,0.15)]\" style=\"background-image: url(https:\/\/lubricants.ncheurope.com\/wp-content\/uploads\/2025\/08\/Worldwide-here-to-help.jpg);\"><\/div>\n            <\/div>\n                    <\/div>\n<\/div>\n\n\n    <div class=\"related-cards-block box-content relative bg-white paddingTopLarge paddingBottomLarge secondaryLubricants\">\n        <div class=\"container flex flex-col\">\n            <!-- Start Text Section -->\n            <div class=\"flex flex-row flex-wrap justify-between items-end relative z-10 pb-[60px]\">\n                <h2 class=\"heading-2 basis-full text-secondaryLubricants\">Objevte v\u00edce\u2026<\/h2>                <p class=\"text-darkBase basis-full lg:basis-8\/12 !mb-0\">Jsme d\u016fv\u011bryhodn\u00fdm dodavatelem maziv a servisn\u00edm partnerem pro tis\u00edce podnik\u016f po cel\u00e9m sv\u011bt\u011b. Od mal\u00fdch nez\u00e1visl\u00fdch firem a\u017e po velk\u00e9 pr\u016fmyslov\u00e9 v\u00fdrobn\u00ed z\u00e1vody podporujeme \u0161irokou \u0161k\u00e1lu odv\u011btv\u00ed vysoce kvalitn\u00edmi mazac\u00edmi produkty.<\/p>                                    <a href=\"https:\/\/lubricants.ncheurope.com\/cs\/\" class=\"button button--secondaryLubricants hover:bg-secondaryLubricants hover:text-white relative mt-[24px] lg:mt-0\">Prozkoumat v\u00edce<\/a>\n                            <\/div>\n            <!-- End Text Section -->\n            \n            <!-- Start Related Cards Section -->\n            \n                            <div class=\" flex flex-row flex-wrap\">\n                                                                        <div class=\"related-card max-w-full md:max-w-[calc(50%-4px)] lg:max-w-[calc(25%-8px)] w-full px-2 pt-2 pb-8 mr-0 md:odd:mr-2 lg:mr-2 mb-10 relative bg-white shadow-[0_10px_10px_0_rgba(109,106,112,0.15)] border border-primaryOffWhite\">\n                                <div class=\"blog-image relative bg-center bg-no-repeat bg-cover min-h-[216px] mb-6\" style=\"background-image: url('https:\/\/lubricants.ncheurope.com\/wp-content\/uploads\/2025\/06\/Construction-drop-down-menu.jpg')\"><\/div>\n                                <div class=\"flex flex-col items-start px-6\">\n                                    <h6 class=\"heading-6 text-secondaryLubricants z-10 relative !mb-4\">Odv\u011btv\u00ed<\/h6>\n                                    <p class=\"text-darkSm z-10 relative !mb-5\">D\u016fv\u011bryhodn\u00fd partner nap\u0159\u00ed\u010d odv\u011btv\u00edmi \u2013 dod\u00e1v\u00e1me \u0159e\u0161en\u00ed maziv \u0161it\u00e1 na m\u00edru pro maxim\u00e1ln\u00ed v\u00fdkon.<\/p>\n                                    <a href=\"https:\/\/lubricants.ncheurope.com\/cs\/odvetvi\/\" class=\"button button--secondary button--secondaryLubricants\">Prozkoumat v\u0161e<\/a>\n                                <\/div>\n                            <\/div>\n                                                                                                <div class=\"related-card max-w-full md:max-w-[calc(50%-4px)] lg:max-w-[calc(25%-8px)] w-full px-2 pt-2 pb-8 mr-0 md:odd:mr-2 lg:mr-2 mb-10 relative bg-white shadow-[0_10px_10px_0_rgba(109,106,112,0.15)] border border-primaryOffWhite\">\n                                <div class=\"blog-image relative bg-center bg-no-repeat bg-cover min-h-[216px] mb-6\" style=\"background-image: url('https:\/\/lubricants.ncheurope.com\/wp-content\/uploads\/2025\/06\/Lubricants-About-Us-who-we-are.jpg')\"><\/div>\n                                <div class=\"flex flex-col items-start px-6\">\n                                    <h6 class=\"heading-6 text-secondaryLubricants z-10 relative !mb-4\">Produkty<\/h6>\n                                    <p class=\"text-darkSm z-10 relative !mb-5\">Od tuk\u016f a olej\u016f, p\u0159es palivov\u00e9 programy a\u017e po speci\u00e1ln\u00ed aerosoly \u2013 NCH Lubricants je va\u0161\u00edm spolehliv\u00fdm partnerem.<\/p>\n                                    <a href=\"https:\/\/lubricants.ncheurope.com\/en\/products\/\" class=\"button button--secondary button--secondaryLubricants\">Pod\u00edvat se<\/a>\n                                <\/div>\n                            <\/div>\n                                                                                                <div class=\"related-card max-w-full md:max-w-[calc(50%-4px)] lg:max-w-[calc(25%-8px)] w-full px-2 pt-2 pb-8 mr-0 md:odd:mr-2 lg:mr-2 mb-10 relative bg-white shadow-[0_10px_10px_0_rgba(109,106,112,0.15)] border border-primaryOffWhite\">\n                                <div class=\"blog-image relative bg-center bg-no-repeat bg-cover min-h-[216px] mb-6\" style=\"background-image: url('https:\/\/lubricants.ncheurope.com\/wp-content\/uploads\/2025\/06\/Lubricants-About-Us-Quality-and-Innovation.png')\"><\/div>\n                                <div class=\"flex flex-col items-start px-6\">\n                                    <h6 class=\"heading-6 text-secondaryLubricants z-10 relative !mb-4\">Kari\u00e9ra<\/h6>\n                                    <p class=\"text-darkSm z-10 relative !mb-5\">Chcete pracovat v NCH Lubricants? Pod\u00edvejte se na aktu\u00e1ln\u00ed nab\u00eddky a nastartujte svou kari\u00e9ru s n\u00e1mi.<\/p>\n                                    <a href=\"https:\/\/lubricants.ncheurope.com\/en\/careers\/\" class=\"button button--secondary button--secondaryLubricants\">P\u0159ihl\u00e1sit se nyn\u00ed<\/a>\n                                <\/div>\n                            <\/div>\n                                                                                                <div class=\"related-card max-w-full md:max-w-[calc(50%-4px)] lg:max-w-[calc(25%-8px)] w-full px-2 pt-2 pb-8 mr-0 md:odd:mr-2 lg:mr-2 mb-10 relative bg-white shadow-[0_10px_10px_0_rgba(109,106,112,0.15)] border border-primaryOffWhite\">\n                                <div class=\"blog-image relative bg-center bg-no-repeat bg-cover min-h-[216px] mb-6\" style=\"background-image: url('https:\/\/lubricants.ncheurope.com\/wp-content\/uploads\/2025\/06\/Our-manufacturing.jpg')\"><\/div>\n                                <div class=\"flex flex-col items-start px-6\">\n                                    <h6 class=\"heading-6 text-secondaryLubricants z-10 relative !mb-4\">O n\u00e1s<\/h6>\n                                    <p class=\"text-darkSm z-10 relative !mb-5\">NCH Lubricants je celosv\u011btov\u011b uzn\u00e1van\u00fdm dodavatelem maziv a komplexn\u00edch slu\u017eeb od roku 1949.<\/p>\n                                    <a href=\"https:\/\/lubricants.ncheurope.com\/en\/about-us\/\" class=\"button button--secondary button--secondaryLubricants\">Zjistit v\u00edce<\/a>\n                                <\/div>\n                            <\/div>\n                                                            <\/div>\n                        \n            <!-- End Related Cards Section -->\n        <\/div>\n\n    <\/div>","protected":false},"excerpt":{"rendered":"","protected":false},"author":2,"featured_media":0,"parent":0,"menu_order":0,"comment_status":"closed","ping_status":"closed","template":"","meta":{"_acf_changed":false,"footnotes":""},"class_list":["post-64131","page","type-page","status-publish","hentry"],"acf":[],"yoast_head":"<!-- This site is optimized with the Yoast SEO Premium plugin v21.7 (Yoast SEO v27.2) - https:\/\/yoast.com\/product\/yoast-seo-premium-wordpress\/ -->\n<title>Worldwide - NCH Lubricants<\/title>\n<meta name=\"description\" content=\"NCH Lubricants poskytuje vysoce v\u00fdkonn\u00e1 mazac\u00ed \u0159e\u0161en\u00ed pro pr\u016fmyslov\u00e1 odv\u011btv\u00ed v Evrop\u011b, Asii a Tichomo\u0159\u00ed, Severn\u00ed i Latinsk\u00e9 Americe.\" class=\"yoast-seo-meta-tag\" \/>\n<meta name=\"robots\" content=\"index, follow, max-snippet:-1, max-image-preview:large, max-video-preview:-1\" \/>\n<link rel=\"canonical\" href=\"https:\/\/lubricants.ncheurope.com\/cs\/po-celem-svete\/\" class=\"yoast-seo-meta-tag\" \/>\n<meta property=\"og:locale\" content=\"cs_CZ\" class=\"yoast-seo-meta-tag\" \/>\n<meta property=\"og:type\" content=\"article\" class=\"yoast-seo-meta-tag\" \/>\n<meta property=\"og:title\" content=\"Worldwide\" class=\"yoast-seo-meta-tag\" \/>\n<meta property=\"og:description\" content=\"NCH Lubricants poskytuje vysoce v\u00fdkonn\u00e1 mazac\u00ed \u0159e\u0161en\u00ed pro pr\u016fmyslov\u00e1 odv\u011btv\u00ed v Evrop\u011b, Asii a Tichomo\u0159\u00ed, Severn\u00ed i Latinsk\u00e9 Americe.\" class=\"yoast-seo-meta-tag\" \/>\n<meta property=\"og:url\" content=\"https:\/\/lubricants.ncheurope.com\/cs\/po-celem-svete\/\" class=\"yoast-seo-meta-tag\" \/>\n<meta property=\"og:site_name\" content=\"NCH Lubricants\" class=\"yoast-seo-meta-tag\" \/>\n<meta property=\"article:modified_time\" content=\"2025-10-07T09:10:48+00:00\" class=\"yoast-seo-meta-tag\" \/>\n<meta name=\"twitter:card\" content=\"summary_large_image\" class=\"yoast-seo-meta-tag\" \/>\n<script type=\"application\/ld+json\" class=\"yoast-schema-graph\">{\"@context\":\"https:\/\/schema.org\",\"@graph\":[{\"@type\":\"WebPage\",\"@id\":\"https:\/\/lubricants.ncheurope.com\/cs\/po-celem-svete\/\",\"url\":\"https:\/\/lubricants.ncheurope.com\/cs\/po-celem-svete\/\",\"name\":\"Worldwide - NCH Lubricants\",\"isPartOf\":{\"@id\":\"https:\/\/lubricants.ncheurope.com\/sv\/#website\"},\"datePublished\":\"2025-02-21T16:27:06+00:00\",\"dateModified\":\"2025-10-07T09:10:48+00:00\",\"description\":\"NCH Lubricants poskytuje vysoce v\u00fdkonn\u00e1 mazac\u00ed \u0159e\u0161en\u00ed pro pr\u016fmyslov\u00e1 odv\u011btv\u00ed v Evrop\u011b, Asii a Tichomo\u0159\u00ed, Severn\u00ed i Latinsk\u00e9 Americe.\",\"breadcrumb\":{\"@id\":\"https:\/\/lubricants.ncheurope.com\/cs\/po-celem-svete\/#breadcrumb\"},\"inLanguage\":\"cs\",\"potentialAction\":[{\"@type\":\"ReadAction\",\"target\":[\"https:\/\/lubricants.ncheurope.com\/cs\/po-celem-svete\/\"]}]},{\"@type\":\"BreadcrumbList\",\"@id\":\"https:\/\/lubricants.ncheurope.com\/cs\/po-celem-svete\/#breadcrumb\",\"itemListElement\":[{\"@type\":\"ListItem\",\"position\":1,\"name\":\"Domovsk\u00e1 str\u00e1nka\",\"item\":\"https:\/\/lubricants.ncheurope.com\/cs\/\"},{\"@type\":\"ListItem\",\"position\":2,\"name\":\"Worldwide\"}]},{\"@type\":\"WebSite\",\"@id\":\"https:\/\/lubricants.ncheurope.com\/sv\/#website\",\"url\":\"https:\/\/lubricants.ncheurope.com\/sv\/\",\"name\":\"NCH Lubricants\",\"description\":\"\",\"potentialAction\":[{\"@type\":\"SearchAction\",\"target\":{\"@type\":\"EntryPoint\",\"urlTemplate\":\"https:\/\/lubricants.ncheurope.com\/sv\/?s={search_term_string}\"},\"query-input\":{\"@type\":\"PropertyValueSpecification\",\"valueRequired\":true,\"valueName\":\"search_term_string\"}}],\"inLanguage\":\"cs\"}]}<\/script>\n<!-- \/ Yoast SEO Premium plugin. -->","yoast_head_json":{"title":"Worldwide - NCH Lubricants","description":"NCH Lubricants poskytuje vysoce v\u00fdkonn\u00e1 mazac\u00ed \u0159e\u0161en\u00ed pro pr\u016fmyslov\u00e1 odv\u011btv\u00ed v Evrop\u011b, Asii a Tichomo\u0159\u00ed, Severn\u00ed i Latinsk\u00e9 Americe.","robots":{"index":"index","follow":"follow","max-snippet":"max-snippet:-1","max-image-preview":"max-image-preview:large","max-video-preview":"max-video-preview:-1"},"canonical":"https:\/\/lubricants.ncheurope.com\/cs\/po-celem-svete\/","og_locale":"cs_CZ","og_type":"article","og_title":"Worldwide","og_description":"NCH Lubricants poskytuje vysoce v\u00fdkonn\u00e1 mazac\u00ed \u0159e\u0161en\u00ed pro pr\u016fmyslov\u00e1 odv\u011btv\u00ed v Evrop\u011b, Asii a Tichomo\u0159\u00ed, Severn\u00ed i Latinsk\u00e9 Americe.","og_url":"https:\/\/lubricants.ncheurope.com\/cs\/po-celem-svete\/","og_site_name":"NCH Lubricants","article_modified_time":"2025-10-07T09:10:48+00:00","twitter_card":"summary_large_image","schema":{"@context":"https:\/\/schema.org","@graph":[{"@type":"WebPage","@id":"https:\/\/lubricants.ncheurope.com\/cs\/po-celem-svete\/","url":"https:\/\/lubricants.ncheurope.com\/cs\/po-celem-svete\/","name":"Worldwide - NCH Lubricants","isPartOf":{"@id":"https:\/\/lubricants.ncheurope.com\/sv\/#website"},"datePublished":"2025-02-21T16:27:06+00:00","dateModified":"2025-10-07T09:10:48+00:00","description":"NCH Lubricants poskytuje vysoce v\u00fdkonn\u00e1 mazac\u00ed \u0159e\u0161en\u00ed pro pr\u016fmyslov\u00e1 odv\u011btv\u00ed v Evrop\u011b, Asii a Tichomo\u0159\u00ed, Severn\u00ed i Latinsk\u00e9 Americe.","breadcrumb":{"@id":"https:\/\/lubricants.ncheurope.com\/cs\/po-celem-svete\/#breadcrumb"},"inLanguage":"cs","potentialAction":[{"@type":"ReadAction","target":["https:\/\/lubricants.ncheurope.com\/cs\/po-celem-svete\/"]}]},{"@type":"BreadcrumbList","@id":"https:\/\/lubricants.ncheurope.com\/cs\/po-celem-svete\/#breadcrumb","itemListElement":[{"@type":"ListItem","position":1,"name":"Domovsk\u00e1 str\u00e1nka","item":"https:\/\/lubricants.ncheurope.com\/cs\/"},{"@type":"ListItem","position":2,"name":"Worldwide"}]},{"@type":"WebSite","@id":"https:\/\/lubricants.ncheurope.com\/sv\/#website","url":"https:\/\/lubricants.ncheurope.com\/sv\/","name":"NCH Lubricants","description":"","potentialAction":[{"@type":"SearchAction","target":{"@type":"EntryPoint","urlTemplate":"https:\/\/lubricants.ncheurope.com\/sv\/?s={search_term_string}"},"query-input":{"@type":"PropertyValueSpecification","valueRequired":true,"valueName":"search_term_string"}}],"inLanguage":"cs"}]}},"_links":{"self":[{"href":"https:\/\/lubricants.ncheurope.com\/cs\/wp-json\/wp\/v2\/pages\/64131","targetHints":{"allow":["GET"]}}],"collection":[{"href":"https:\/\/lubricants.ncheurope.com\/cs\/wp-json\/wp\/v2\/pages"}],"about":[{"href":"https:\/\/lubricants.ncheurope.com\/cs\/wp-json\/wp\/v2\/types\/page"}],"author":[{"embeddable":true,"href":"https:\/\/lubricants.ncheurope.com\/cs\/wp-json\/wp\/v2\/users\/2"}],"replies":[{"embeddable":true,"href":"https:\/\/lubricants.ncheurope.com\/cs\/wp-json\/wp\/v2\/comments?post=64131"}],"version-history":[{"count":1,"href":"https:\/\/lubricants.ncheurope.com\/cs\/wp-json\/wp\/v2\/pages\/64131\/revisions"}],"predecessor-version":[{"id":64134,"href":"https:\/\/lubricants.ncheurope.com\/cs\/wp-json\/wp\/v2\/pages\/64131\/revisions\/64134"}],"wp:attachment":[{"href":"https:\/\/lubricants.ncheurope.com\/cs\/wp-json\/wp\/v2\/media?parent=64131"}],"curies":[{"name":"wp","href":"https:\/\/api.w.org\/{rel}","templated":true}]}}