{"id":64083,"date":"2025-02-19T16:22:44","date_gmt":"2025-02-19T16:22:44","guid":{"rendered":"https:\/\/lubricants.ncheurope.com\/dekujeme\/"},"modified":"2025-10-03T14:21:01","modified_gmt":"2025-10-03T14:21:01","slug":"dekujeme","status":"publish","type":"page","link":"https:\/\/lubricants.ncheurope.com\/cs\/dekujeme\/","title":{"rendered":"D\u011bkujeme"},"content":{"rendered":"\n<div class=\"internal-banner-block relative secondaryLubricants paddingBottomLarge bg-no-repeat pt-[110px] lg:pt-[160px] bg-white bg-[url('assets\/images\/background-shape.png')] bg-right-bottom bg-contain\" >\n        <div class=\"container relative z-10\">\n        <div class=\"breadcrumb-container mb-[60px] lg:mb-[103px] hidden md:block\">\n            <p class=\"text-darkXs !mb-0 !text-[12px] flex flex-row items-center\">You are here: <a class=\"!font-regular mx-2 hover:underline\" href=\"https:\/\/lubricants.ncheurope.com\/cs\/\">\u00davodn\u00ed str\u00e1nka<\/a> \/ <span class=\"ml-2 font-semibold\">D\u011bkujeme<\/span><\/p>\n        <\/div>\n\n        <div class=\"content-container flex flex-col-reverse md:flex-row flex-wrap justify-between\">\n\n                            <div class=\"text-container md:basis-10\/12\">\n                    <h1 class=\"heading-1 text-secondaryLubricants\">D\u011bkujeme, \u017ee jste kontaktovali spole\u010dnost NCH Lubricants<\/h1>                    <div class=\"wysiwyg-container text-dark !mb-0 max-w-[768px]\"><p>\u010clen na\u0161eho t\u00fdmu v\u00e1s bude brzy kontaktovat. Pokud pot\u0159ebujete s n\u011bk\u00fdm nal\u00e9hav\u011b mluvit, nav\u0161tivte na\u0161i kontaktn\u00ed str\u00e1nku, kde najdete \u00fapln\u00fd seznam telefonn\u00edch \u010d\u00edsel a e-mailov\u00fdch adres.  <\/p>\n<\/div>                                            <a href=\"https:\/\/lubricants.ncheurope.com\/cs\/kontaktujte-nas\/\" class=\"button button--secondaryLubricants mt-[32px]\">Kontaktujte n\u00e1s  <\/a>\n                                    <\/div>\n                    <\/div>\n    <\/div>\n<\/div>\n    <div class=\"related-cards-block box-content relative bg-primaryOffWhite paddingTopLarge paddingBottomLarge secondaryLubricants\">\n        <div class=\"container flex flex-col\">\n            <!-- Start Text Section -->\n            <div class=\"flex flex-row flex-wrap justify-between items-end relative z-10 pb-[60px]\">\n                <h2 class=\"heading-2 basis-full text-secondaryLubricants\">Je toho v\u00edc k prozkoum\u00e1n\u00ed<\/h2>                <p class=\"text-darkBase basis-full lg:basis-8\/12 !mb-0\">Jsme d\u016fv\u011bryhodn\u00fdm dodavatelem maziv a servisn\u00edm partnerem pro tis\u00edce podnik\u016f po cel\u00e9m sv\u011bt\u011b. Od mal\u00fdch nez\u00e1visl\u00fdch spole\u010dnost\u00ed a\u017e po velk\u00e9 pr\u016fmyslov\u00e9 v\u00fdrobn\u00ed z\u00e1vody &#8211; podporujeme \u0161irokou \u0161k\u00e1lu pr\u016fmyslov\u00fdch odv\u011btv\u00ed vysoce kvalitn\u00edmi mazac\u00edmi produkty. <\/p>                                    <a href=\"https:\/\/lubricants.ncheurope.com\/en\/\" class=\"button button--secondaryLubricants hover:bg-secondaryLubricants hover:text-white relative mt-[24px] lg:mt-0\">Prozkoumat v\u00edce<\/a>\n                            <\/div>\n            <!-- End Text Section -->\n            \n            <!-- Start Related Cards Section -->\n            \n                            <div class=\" flex flex-row flex-wrap\">\n                                                                        <div class=\"related-card max-w-full md:max-w-[calc(50%-4px)] lg:max-w-[calc(25%-8px)] w-full px-2 pt-2 pb-8 mr-0 md:odd:mr-2 lg:mr-2 mb-10 relative bg-white shadow-[0_10px_10px_0_rgba(109,106,112,0.15)] border border-primaryOffWhite\">\n                                <div class=\"blog-image relative bg-center bg-no-repeat bg-cover min-h-[216px] mb-6\" style=\"background-image: url('https:\/\/lubricants.ncheurope.com\/wp-content\/uploads\/2025\/06\/Construction-drop-down-menu.jpg')\"><\/div>\n                                <div class=\"flex flex-col items-start px-6\">\n                                    <h6 class=\"heading-6 text-secondaryLubricants z-10 relative !mb-4\">Odv\u011btv\u00ed<\/h6>\n                                    <p class=\"text-darkSm z-10 relative !mb-5\">D\u016fv\u011bryhodn\u00ed nap\u0159\u00ed\u010d pr\u016fmyslov\u00fdmi odv\u011btv\u00edmi, dod\u00e1v\u00e1me maziva na m\u00edru pro dosa\u017een\u00ed \u0161pi\u010dkov\u00e9ho v\u00fdkonu.<\/p>\n                                    <a href=\"https:\/\/lubricants.ncheurope.com\/en\/industries\/\" class=\"button button--secondary button--secondaryLubricants\">Prozkoumat v\u0161e<\/a>\n                                <\/div>\n                            <\/div>\n                                                                                                <div class=\"related-card max-w-full md:max-w-[calc(50%-4px)] lg:max-w-[calc(25%-8px)] w-full px-2 pt-2 pb-8 mr-0 md:odd:mr-2 lg:mr-2 mb-10 relative bg-white shadow-[0_10px_10px_0_rgba(109,106,112,0.15)] border border-primaryOffWhite\">\n                                <div class=\"blog-image relative bg-center bg-no-repeat bg-cover min-h-[216px] mb-6\" style=\"background-image: url('https:\/\/lubricants.ncheurope.com\/wp-content\/uploads\/2025\/06\/Lubricants-About-Us-who-we-are.jpg')\"><\/div>\n                                <div class=\"flex flex-col items-start px-6\">\n                                    <h6 class=\"heading-6 text-secondaryLubricants z-10 relative !mb-4\">Produkty<\/h6>\n                                    <p class=\"text-darkSm z-10 relative !mb-5\">Od plastick\u00fdch maziv p\u0159es oleje, palivov\u00e9 programy a\u017e po speci\u00e1ln\u00ed aerosoly &#8211; NCH Lubricants v\u00e1m je k dispozici.<\/p>\n                                    <a href=\"\/products\" class=\"button button--secondary button--secondaryLubricants\">Pod\u00edvejte se<\/a>\n                                <\/div>\n                            <\/div>\n                                                                                                <div class=\"related-card max-w-full md:max-w-[calc(50%-4px)] lg:max-w-[calc(25%-8px)] w-full px-2 pt-2 pb-8 mr-0 md:odd:mr-2 lg:mr-2 mb-10 relative bg-white shadow-[0_10px_10px_0_rgba(109,106,112,0.15)] border border-primaryOffWhite\">\n                                <div class=\"blog-image relative bg-center bg-no-repeat bg-cover min-h-[216px] mb-6\" style=\"background-image: url('https:\/\/lubricants.ncheurope.com\/wp-content\/uploads\/2025\/09\/products-and-services-tab.jpg')\"><\/div>\n                                <div class=\"flex flex-col items-start px-6\">\n                                    <h6 class=\"heading-6 text-secondaryLubricants z-10 relative !mb-4\">Programy s p\u0159idanou hodnotou<\/h6>\n                                    <p class=\"text-darkSm z-10 relative !mb-5\">Nab\u00edz\u00edme v\u0161e, co va\u0161e firma pot\u0159ebuje k maximalizaci potenci\u00e1lu va\u0161ich mazac\u00edch program\u016f.<\/p>\n                                    <a href=\"https:\/\/lubricants.ncheurope.com\/en\/value-added-programs\/\" class=\"button button--secondary button--secondaryLubricants\">Zjistit v\u00edce<\/a>\n                                <\/div>\n                            <\/div>\n                                                                                                <div class=\"related-card max-w-full md:max-w-[calc(50%-4px)] lg:max-w-[calc(25%-8px)] w-full px-2 pt-2 pb-8 mr-0 md:odd:mr-2 lg:mr-2 mb-10 relative bg-white shadow-[0_10px_10px_0_rgba(109,106,112,0.15)] border border-primaryOffWhite\">\n                                <div class=\"blog-image relative bg-center bg-no-repeat bg-cover min-h-[216px] mb-6\" style=\"background-image: url('https:\/\/lubricants.ncheurope.com\/wp-content\/uploads\/2025\/06\/Lubricants-About-Us-Quality-and-Innovation.png')\"><\/div>\n                                <div class=\"flex flex-col items-start px-6\">\n                                    <h6 class=\"heading-6 text-secondaryLubricants z-10 relative !mb-4\">Kari\u00e9ra<\/h6>\n                                    <p class=\"text-darkSm z-10 relative !mb-5\">Chcete spolupracovat s NCH Lubricants? Najd\u011bte si nejnov\u011bj\u0161\u00ed pozice a za\u010dn\u011bte svou kari\u00e9ru s n\u00e1mi.<\/p>\n                                    <a href=\"\/about-us\/careers\" class=\"button button--secondary button--secondaryLubricants\">Podejte si p\u0159ihl\u00e1\u0161ku nyn\u00ed  <\/a>\n                                <\/div>\n                            <\/div>\n                                                            <\/div>\n                        \n            <!-- End Related Cards Section -->\n        <\/div>\n\n    <\/div>","protected":false},"excerpt":{"rendered":"","protected":false},"author":2,"featured_media":0,"parent":0,"menu_order":0,"comment_status":"closed","ping_status":"closed","template":"","meta":{"_acf_changed":false,"footnotes":""},"class_list":["post-64083","page","type-page","status-publish","hentry"],"acf":[],"yoast_head":"<!-- This site is optimized with the Yoast SEO Premium plugin v21.7 (Yoast SEO v27.2) - https:\/\/yoast.com\/product\/yoast-seo-premium-wordpress\/ -->\n<title>D\u011bkujeme - NCH Lubricants<\/title>\n<meta name=\"robots\" content=\"index, follow, max-snippet:-1, max-image-preview:large, max-video-preview:-1\" \/>\n<link rel=\"canonical\" href=\"https:\/\/lubricants.ncheurope.com\/cs\/dekujeme\/\" class=\"yoast-seo-meta-tag\" \/>\n<meta property=\"og:locale\" content=\"cs_CZ\" class=\"yoast-seo-meta-tag\" \/>\n<meta property=\"og:type\" content=\"article\" class=\"yoast-seo-meta-tag\" \/>\n<meta property=\"og:title\" content=\"D\u011bkujeme\" class=\"yoast-seo-meta-tag\" \/>\n<meta property=\"og:url\" content=\"https:\/\/lubricants.ncheurope.com\/cs\/dekujeme\/\" class=\"yoast-seo-meta-tag\" \/>\n<meta property=\"og:site_name\" content=\"NCH Lubricants\" class=\"yoast-seo-meta-tag\" \/>\n<meta property=\"article:modified_time\" content=\"2025-10-03T14:21:01+00:00\" class=\"yoast-seo-meta-tag\" \/>\n<meta name=\"twitter:card\" content=\"summary_large_image\" class=\"yoast-seo-meta-tag\" \/>\n<script type=\"application\/ld+json\" class=\"yoast-schema-graph\">{\"@context\":\"https:\/\/schema.org\",\"@graph\":[{\"@type\":\"WebPage\",\"@id\":\"https:\/\/lubricants.ncheurope.com\/cs\/dekujeme\/\",\"url\":\"https:\/\/lubricants.ncheurope.com\/cs\/dekujeme\/\",\"name\":\"D\u011bkujeme - NCH Lubricants\",\"isPartOf\":{\"@id\":\"https:\/\/lubricants.ncheurope.com\/sv\/#website\"},\"datePublished\":\"2025-02-19T16:22:44+00:00\",\"dateModified\":\"2025-10-03T14:21:01+00:00\",\"breadcrumb\":{\"@id\":\"https:\/\/lubricants.ncheurope.com\/cs\/dekujeme\/#breadcrumb\"},\"inLanguage\":\"cs\",\"potentialAction\":[{\"@type\":\"ReadAction\",\"target\":[\"https:\/\/lubricants.ncheurope.com\/cs\/dekujeme\/\"]}]},{\"@type\":\"BreadcrumbList\",\"@id\":\"https:\/\/lubricants.ncheurope.com\/cs\/dekujeme\/#breadcrumb\",\"itemListElement\":[{\"@type\":\"ListItem\",\"position\":1,\"name\":\"Domovsk\u00e1 str\u00e1nka\",\"item\":\"https:\/\/lubricants.ncheurope.com\/cs\/\"},{\"@type\":\"ListItem\",\"position\":2,\"name\":\"D\u011bkujeme\"}]},{\"@type\":\"WebSite\",\"@id\":\"https:\/\/lubricants.ncheurope.com\/sv\/#website\",\"url\":\"https:\/\/lubricants.ncheurope.com\/sv\/\",\"name\":\"NCH Lubricants\",\"description\":\"\",\"potentialAction\":[{\"@type\":\"SearchAction\",\"target\":{\"@type\":\"EntryPoint\",\"urlTemplate\":\"https:\/\/lubricants.ncheurope.com\/sv\/?s={search_term_string}\"},\"query-input\":{\"@type\":\"PropertyValueSpecification\",\"valueRequired\":true,\"valueName\":\"search_term_string\"}}],\"inLanguage\":\"cs\"}]}<\/script>\n<!-- \/ Yoast SEO Premium plugin. -->","yoast_head_json":{"title":"D\u011bkujeme - NCH Lubricants","robots":{"index":"index","follow":"follow","max-snippet":"max-snippet:-1","max-image-preview":"max-image-preview:large","max-video-preview":"max-video-preview:-1"},"canonical":"https:\/\/lubricants.ncheurope.com\/cs\/dekujeme\/","og_locale":"cs_CZ","og_type":"article","og_title":"D\u011bkujeme","og_url":"https:\/\/lubricants.ncheurope.com\/cs\/dekujeme\/","og_site_name":"NCH Lubricants","article_modified_time":"2025-10-03T14:21:01+00:00","twitter_card":"summary_large_image","schema":{"@context":"https:\/\/schema.org","@graph":[{"@type":"WebPage","@id":"https:\/\/lubricants.ncheurope.com\/cs\/dekujeme\/","url":"https:\/\/lubricants.ncheurope.com\/cs\/dekujeme\/","name":"D\u011bkujeme - NCH Lubricants","isPartOf":{"@id":"https:\/\/lubricants.ncheurope.com\/sv\/#website"},"datePublished":"2025-02-19T16:22:44+00:00","dateModified":"2025-10-03T14:21:01+00:00","breadcrumb":{"@id":"https:\/\/lubricants.ncheurope.com\/cs\/dekujeme\/#breadcrumb"},"inLanguage":"cs","potentialAction":[{"@type":"ReadAction","target":["https:\/\/lubricants.ncheurope.com\/cs\/dekujeme\/"]}]},{"@type":"BreadcrumbList","@id":"https:\/\/lubricants.ncheurope.com\/cs\/dekujeme\/#breadcrumb","itemListElement":[{"@type":"ListItem","position":1,"name":"Domovsk\u00e1 str\u00e1nka","item":"https:\/\/lubricants.ncheurope.com\/cs\/"},{"@type":"ListItem","position":2,"name":"D\u011bkujeme"}]},{"@type":"WebSite","@id":"https:\/\/lubricants.ncheurope.com\/sv\/#website","url":"https:\/\/lubricants.ncheurope.com\/sv\/","name":"NCH Lubricants","description":"","potentialAction":[{"@type":"SearchAction","target":{"@type":"EntryPoint","urlTemplate":"https:\/\/lubricants.ncheurope.com\/sv\/?s={search_term_string}"},"query-input":{"@type":"PropertyValueSpecification","valueRequired":true,"valueName":"search_term_string"}}],"inLanguage":"cs"}]}},"_links":{"self":[{"href":"https:\/\/lubricants.ncheurope.com\/cs\/wp-json\/wp\/v2\/pages\/64083","targetHints":{"allow":["GET"]}}],"collection":[{"href":"https:\/\/lubricants.ncheurope.com\/cs\/wp-json\/wp\/v2\/pages"}],"about":[{"href":"https:\/\/lubricants.ncheurope.com\/cs\/wp-json\/wp\/v2\/types\/page"}],"author":[{"embeddable":true,"href":"https:\/\/lubricants.ncheurope.com\/cs\/wp-json\/wp\/v2\/users\/2"}],"replies":[{"embeddable":true,"href":"https:\/\/lubricants.ncheurope.com\/cs\/wp-json\/wp\/v2\/comments?post=64083"}],"version-history":[{"count":1,"href":"https:\/\/lubricants.ncheurope.com\/cs\/wp-json\/wp\/v2\/pages\/64083\/revisions"}],"predecessor-version":[{"id":64085,"href":"https:\/\/lubricants.ncheurope.com\/cs\/wp-json\/wp\/v2\/pages\/64083\/revisions\/64085"}],"wp:attachment":[{"href":"https:\/\/lubricants.ncheurope.com\/cs\/wp-json\/wp\/v2\/media?parent=64083"}],"curies":[{"name":"wp","href":"https:\/\/api.w.org\/{rel}","templated":true}]}}