{"id":64047,"date":"2025-02-21T20:56:49","date_gmt":"2025-02-21T20:56:49","guid":{"rendered":"https:\/\/lubricants.ncheurope.com\/politika-boje-proti-otroctvi-a-obchodovani-s-lidmi\/"},"modified":"2025-10-03T14:20:33","modified_gmt":"2025-10-03T14:20:33","slug":"politika-boje-proti-otroctvi-a-obchodovani-s-lidmi","status":"publish","type":"page","link":"https:\/\/lubricants.ncheurope.com\/cs\/politika-boje-proti-otroctvi-a-obchodovani-s-lidmi\/","title":{"rendered":"Politika boje proti otroctv\u00ed a obchodov\u00e1n\u00ed s lidmi"},"content":{"rendered":"\n<div class=\"internal-banner-block relative secondaryLubricants paddingBottomMedium bg-no-repeat pt-[110px] lg:pt-[160px] bg-white bg-[url('assets\/images\/background-shape.png')] bg-right-bottom bg-contain\" >\n        <div class=\"container relative z-10\">\n        <div class=\"breadcrumb-container mb-[60px] lg:mb-[103px] hidden md:block\">\n            <p class=\"text-darkXs !mb-0 !text-[12px] flex flex-row items-center\">You are here: <a class=\"!font-regular mx-2 hover:underline\" href=\"https:\/\/lubricants.ncheurope.com\/cs\/\">\u00davodn\u00ed str\u00e1nka<\/a> \/ <span class=\"ml-2 font-semibold\">Politika boje proti otroctv\u00ed a obchodov\u00e1n\u00ed s lidmi<\/span><\/p>\n        <\/div>\n\n        <div class=\"content-container flex flex-col-reverse md:flex-row flex-wrap justify-between\">\n\n                            <div class=\"text-container md:basis-10\/12\">\n                    <h1 class=\"heading-1 text-secondaryLubricants\">Politika boje proti otroctv\u00ed a obchodov\u00e1n\u00ed s lidmi<\/h1>                                                        <\/div>\n                    <\/div>\n    <\/div>\n<\/div>\n<div class=\"accordion-block relative secondaryLubricants paddingTopLarge paddingBottomLarge bg-primaryOffWhite\">\n    <div class=\"container flex flex-row flex-wrap\">\n        \n        <!-- Accordion Start -->       \n                    <div class=\"accordion-container flex flex-row flex-wrap basis-full\">     \n                                <div class=\"accordion-item border border-primaryOffWhite bg-white basis-full mb-2\">\n                    <div class=\"accordion-header hover:cursor-pointer py-[28px] px-[40px] flex flex-row justify-between items-center\">\n                        <h5 class=\"text-secondaryLubricants heading-5 !mb-0\">PROHL\u00c1\u0160EN\u00cd O POLITICE<\/h5>\n                        <i class=\"bg-[url('assets\/images\/upwards-arrow-white.png')] bg-center bg-[length:11px_11px] bg-no-repeat bg-secondaryLubricants block rounded-full min-w-[30px] w-[30px] h-[30px] rotate-[135deg]\"><\/i>\n                    <\/div>\n\n                    <div class=\"accordion-content hidden pb-[28px] px-[40px]\">\n                        <p class=\"text-darkBase !mb-0\"><p>Modern\u00ed otroctv\u00ed je zlo\u010din a poru\u0161en\u00ed z\u00e1kladn\u00edch lidsk\u00fdch pr\u00e1v. M\u00e1 r\u016fzn\u00e9 formy, jako je otroctv\u00ed, nevolnictv\u00ed, nucen\u00e9 a povinn\u00e9 pr\u00e1ce a obchodov\u00e1n\u00ed s lidmi, p\u0159i\u010dem\u017e v\u0161em t\u011bmto form\u00e1m je spole\u010dn\u00e9, \u017ee n\u011bkdo zbavuje \u010dlov\u011bka svobody za \u00fa\u010delem jeho vyko\u0159is\u0165ov\u00e1n\u00ed pro osobn\u00ed nebo obchodn\u00ed zisk. Spole\u010dnost NCH Corporation a jej\u00ed dce\u0159in\u00e9 spole\u010dnosti (souhrnn\u011b &#8222;NCH&#8220;, &#8222;my&#8220; nebo &#8222;na\u0161e&#8220;) uplat\u0148uj\u00ed p\u0159\u00edstup nulov\u00e9 tolerance k modern\u00edmu otroctv\u00ed a zavazuj\u00ed se jednat eticky a \u010destn\u011b ve v\u0161ech na\u0161ich obchodn\u00edch jedn\u00e1n\u00edch a vztaz\u00edch a zav\u00e1d\u011bt a prosazovat \u00fa\u010dinn\u00e9 syst\u00e9my a kontroly, kter\u00e9 zajist\u00ed, \u017ee k modern\u00edmu otroctv\u00ed nedoch\u00e1z\u00ed nikde v na\u0161em vlastn\u00edm podnik\u00e1n\u00ed ani v \u017e\u00e1dn\u00e9m z na\u0161ich dodavatelsk\u00fdch \u0159et\u011bzc\u016f.  <\/p>\n<p>Spole\u010dnost NCH se rovn\u011b\u017e zav\u00e1zala zajistit transparentnost sv\u00e9ho vlastn\u00edho podnik\u00e1n\u00ed a sv\u00e9ho p\u0159\u00edstupu k \u0159e\u0161en\u00ed modern\u00edho otroctv\u00ed ve v\u0161ech sv\u00fdch dodavatelsk\u00fdch \u0159et\u011bzc\u00edch v souladu se sv\u00fdmi informa\u010dn\u00edmi povinnostmi podle britsk\u00e9ho z\u00e1kona o modern\u00edm otroctv\u00ed z roku 2015. Stejn\u011b vysok\u00e9 standardy o\u010dek\u00e1v\u00e1me od v\u0161ech na\u0161ich dodavatel\u016f, dodavatel\u016f a dal\u0161\u00edch obchodn\u00edch partner\u016f a v r\u00e1mci na\u0161ich smluvn\u00edch proces\u016f zahrnujeme konkr\u00e9tn\u00ed z\u00e1kazy vyu\u017e\u00edv\u00e1n\u00ed nucen\u00e9, povinn\u00e9 nebo obchodovan\u00e9 pr\u00e1ce nebo kohokoli dr\u017een\u00e9ho v otroctv\u00ed nebo nevolnictv\u00ed, a\u0165 u\u017e dosp\u011bl\u00fdch nebo d\u011bt\u00ed, a o\u010dek\u00e1v\u00e1me, \u017ee na\u0161i dodavatel\u00e9 budou dodr\u017eovat stejn\u011b vysok\u00e9 standardy u sv\u00fdch vlastn\u00edch dodavatel\u016f. <\/p>\n<p>Tyto z\u00e1sady se vztahuj\u00ed na v\u0161echny osoby, kter\u00e9 pro n\u00e1s nebo na\u0161\u00edm jm\u00e9nem pracuj\u00ed v jak\u00e9koli funkci, v\u010detn\u011b zam\u011bstnanc\u016f na v\u0161ech \u00farovn\u00edch, \u0159editel\u016f, vedouc\u00edch pracovn\u00edk\u016f, agenturn\u00edch pracovn\u00edk\u016f, do\u010dasn\u011b p\u0159id\u011blen\u00fdch pracovn\u00edk\u016f, dobrovoln\u00edk\u016f, st\u00e1\u017eist\u016f, z\u00e1stupc\u016f, smluvn\u00edch partner\u016f, extern\u00edch konzultant\u016f, z\u00e1stupc\u016f t\u0159et\u00edch stran a obchodn\u00edch partner\u016f.<\/p>\n<p>Tyto z\u00e1sady nejsou sou\u010d\u00e1st\u00ed pracovn\u00ed smlouvy \u017e\u00e1dn\u00e9ho zam\u011bstnance a m\u016f\u017eeme je \u010das od \u010dasu m\u011bnit.<\/p>\n<\/p>\n                                            <\/div>\n                <\/div>\n\n                                <div class=\"accordion-item border border-primaryOffWhite bg-white basis-full mb-2\">\n                    <div class=\"accordion-header hover:cursor-pointer py-[28px] px-[40px] flex flex-row justify-between items-center\">\n                        <h5 class=\"text-secondaryLubricants heading-5 !mb-0\">ODPOV\u011aDNOST ZA POLITIKU<\/h5>\n                        <i class=\"bg-[url('assets\/images\/upwards-arrow-white.png')] bg-center bg-[length:11px_11px] bg-no-repeat bg-secondaryLubricants block rounded-full min-w-[30px] w-[30px] h-[30px] rotate-[135deg]\"><\/i>\n                    <\/div>\n\n                    <div class=\"accordion-content hidden pb-[28px] px-[40px]\">\n                        <p class=\"text-darkBase !mb-0\"><p>P\u0159edstavenstvo nese celkovou odpov\u011bdnost za to, \u017ee tato politika je v souladu s na\u0161imi pr\u00e1vn\u00edmi a etick\u00fdmi z\u00e1vazky a \u017ee ji dodr\u017euj\u00ed v\u0161echny osoby, kter\u00e9 jsou pod jeho kontrolou.<\/p>\n<p>Pr\u00e1vn\u00ed t\u00fdm NCH a vedouc\u00ed dodavatelsk\u00e9ho \u0159et\u011bzce maj\u00ed hlavn\u00ed a ka\u017edodenn\u00ed odpov\u011bdnost za prov\u00e1d\u011bn\u00ed t\u00e9to politiky, monitorov\u00e1n\u00ed jej\u00edho pou\u017e\u00edv\u00e1n\u00ed a \u00fa\u010dinnosti, vy\u0159izov\u00e1n\u00ed jak\u00fdchkoli dotaz\u016f t\u00fdkaj\u00edc\u00edch se t\u00e9to politiky a auditov\u00e1n\u00ed vnit\u0159n\u00edch kontroln\u00edch syst\u00e9m\u016f a postup\u016f, aby se zajistilo, \u017ee jsou \u00fa\u010dinn\u00e9 v boji proti modern\u00edmu otroctv\u00ed.<\/p>\n<p>Vedouc\u00ed pracovn\u00edci na v\u0161ech \u00farovn\u00edch jsou odpov\u011bdn\u00ed za to, \u017ee jim pod\u0159\u00edzen\u00e9 osoby rozum\u00ed t\u00e9to politice a dodr\u017euj\u00ed ji a \u017ee jsou o n\u00ed a o problematice modern\u00edho otroctv\u00ed v dodavatelsk\u00fdch \u0159et\u011bzc\u00edch n\u00e1le\u017eit\u011b a pravideln\u011b \u0161koleni.<\/p>\n<p>Vyz\u00fdv\u00e1me v\u00e1s, abyste se k t\u00e9to politice vyj\u00e1d\u0159ili a navrhli zp\u016fsoby jej\u00edho zlep\u0161en\u00ed. P\u0159ipom\u00ednky, n\u00e1vrhy a dotazy jsou v\u00edt\u00e1ny a m\u011bly by b\u00fdt zas\u00edl\u00e1ny na adresu compliance@nch.com. <\/p>\n<\/p>\n                                            <\/div>\n                <\/div>\n\n                                <div class=\"accordion-item border border-primaryOffWhite bg-white basis-full mb-2\">\n                    <div class=\"accordion-header hover:cursor-pointer py-[28px] px-[40px] flex flex-row justify-between items-center\">\n                        <h5 class=\"text-secondaryLubricants heading-5 !mb-0\">DODR\u017dOV\u00c1N\u00cd Z\u00c1SAD<\/h5>\n                        <i class=\"bg-[url('assets\/images\/upwards-arrow-white.png')] bg-center bg-[length:11px_11px] bg-no-repeat bg-secondaryLubricants block rounded-full min-w-[30px] w-[30px] h-[30px] rotate-[135deg]\"><\/i>\n                    <\/div>\n\n                    <div class=\"accordion-content hidden pb-[28px] px-[40px]\">\n                        <p class=\"text-darkBase !mb-0\"><p>Mus\u00edte se ujistit, \u017ee jste si tyto z\u00e1sady p\u0159e\u010detli, rozum\u00edte jim a dodr\u017eujete je. Prevence, odhalov\u00e1n\u00ed a hl\u00e1\u0161en\u00ed modern\u00edho otroctv\u00ed v jak\u00e9koli \u010d\u00e1sti na\u0161eho podnik\u00e1n\u00ed nebo dodavatelsk\u00fdch \u0159et\u011bzc\u016f je povinnost\u00ed v\u0161ech, kte\u0159\u00ed pro n\u00e1s pracuj\u00ed nebo jsou pod na\u0161\u00ed kontrolou. Jste povinni vyvarovat se jak\u00e9koli \u010dinnosti, kter\u00e1 by mohla v\u00e9st k poru\u0161en\u00ed t\u011bchto z\u00e1sad nebo je nazna\u010dovat.  <\/p>\n<p>Pokud se domn\u00edv\u00e1te nebo m\u00e1te podez\u0159en\u00ed, \u017ee do\u0161lo nebo v budoucnu m\u016f\u017ee doj\u00edt ke konfliktu s t\u011bmito z\u00e1sadami, mus\u00edte to co nejd\u0159\u00edve ozn\u00e1mit sv\u00e9mu nad\u0159\u00edzen\u00e9mu, kl\u00ed\u010dov\u00e9mu obchodn\u00edmu kontaktu nebo d\u016fv\u011brn\u00e9 lince 001-888-471-4033.<\/p>\n<p>Vyz\u00fdv\u00e1me v\u00e1s, abyste co nejd\u0159\u00edve nahl\u00e1sili jak\u00e9koli obavy nebo podez\u0159en\u00ed na modern\u00ed otroctv\u00ed v jak\u00e9koli \u010d\u00e1sti na\u0161eho podnik\u00e1n\u00ed nebo v dodavatelsk\u00fdch \u0159et\u011bzc\u00edch jak\u00e9koli \u00farovn\u011b.<\/p>\n<p>Pokud se domn\u00edv\u00e1te nebo m\u00e1te podez\u0159en\u00ed, \u017ee do\u0161lo k poru\u0161en\u00ed t\u011bchto z\u00e1sad nebo \u017ee by k n\u011bmu mohlo doj\u00edt, mus\u00edte to co nejd\u0159\u00edve ozn\u00e1mit glob\u00e1ln\u00edmu pracovn\u00edkovi pro dodr\u017eov\u00e1n\u00ed p\u0159edpis\u016f prost\u0159ednictv\u00edm e-mailu compliance@nch.com nebo to nahl\u00e1sit v souladu s na\u0161imi z\u00e1sadami oznamov\u00e1n\u00ed.<\/p>\n<p>Pokud si nejste jisti, zda konkr\u00e9tn\u00ed jedn\u00e1n\u00ed, zach\u00e1zen\u00ed s pracovn\u00edky obecn\u011b nebo jejich pracovn\u00ed podm\u00ednky v r\u00e1mci n\u011bkter\u00e9ho stupn\u011b na\u0161ich dodavatelsk\u00fdch \u0159et\u011bzc\u016f p\u0159edstavuj\u00ed n\u011bkterou z r\u016fzn\u00fdch forem modern\u00edho otroctv\u00ed, obra\u0165te se na glob\u00e1ln\u00edho pracovn\u00edka pro dodr\u017eov\u00e1n\u00ed p\u0159edpis\u016f nebo na d\u016fv\u011brnou linku pomoci.<\/p>\n<p>Sna\u017e\u00edme se podporovat otev\u0159enost a podpo\u0159\u00edme ka\u017ed\u00e9ho, kdo v dobr\u00e9 v\u00ed\u0159e vznese skute\u010dn\u00e9 obavy v r\u00e1mci t\u011bchto z\u00e1sad, i kdy\u017e se uk\u00e1\u017ee, \u017ee se m\u00fdl\u00ed. Zavazujeme se zajistit, aby nikdo nebyl po\u0161kozen v d\u016fsledku toho, \u017ee v dobr\u00e9 v\u00ed\u0159e ozn\u00e1m\u00ed sv\u00e9 podez\u0159en\u00ed, \u017ee v kter\u00e9koli \u010d\u00e1sti na\u0161eho podnik\u00e1n\u00ed nebo v kter\u00e9mkoli z na\u0161ich dodavatelsk\u00fdch \u0159et\u011bzc\u016f doch\u00e1z\u00ed nebo m\u016f\u017ee doch\u00e1zet k modern\u00edmu otroctv\u00ed v jak\u00e9koli form\u011b. \u0160kodliv\u00e9 zach\u00e1zen\u00ed zahrnuje propu\u0161t\u011bn\u00ed, disciplin\u00e1rn\u00ed opat\u0159en\u00ed, vyhro\u017eov\u00e1n\u00ed nebo jin\u00e9 nep\u0159\u00edzniv\u00e9 zach\u00e1zen\u00ed spojen\u00e9 s nahl\u00e1\u0161en\u00edm podez\u0159en\u00ed. Pokud se domn\u00edv\u00e1te, \u017ee jste se stali ob\u011bt\u00ed takov\u00e9ho zach\u00e1zen\u00ed, m\u011bli byste o tom neprodlen\u011b informovat t\u00fdm lidsk\u00fdch zdroj\u016f nebo glob\u00e1ln\u00edho pracovn\u00edka pro dodr\u017eov\u00e1n\u00ed p\u0159edpis\u016f. Pokud nedojde k n\u00e1prav\u011b a vy jste zam\u011bstnanec, m\u011bli byste z\u00e1le\u017eitost form\u00e1ln\u011b nahl\u00e1sit pomoc\u00ed postupu pro pod\u00e1v\u00e1n\u00ed st\u00ed\u017enost\u00ed v p\u0159\u00edslu\u0161n\u00e9 zemi.    <\/p>\n<\/p>\n                                            <\/div>\n                <\/div>\n\n                                <div class=\"accordion-item border border-primaryOffWhite bg-white basis-full mb-2\">\n                    <div class=\"accordion-header hover:cursor-pointer py-[28px] px-[40px] flex flex-row justify-between items-center\">\n                        <h5 class=\"text-secondaryLubricants heading-5 !mb-0\">KOMUNIKACE A INFORMOVANOST O T\u00c9TO POLITICE<\/h5>\n                        <i class=\"bg-[url('assets\/images\/upwards-arrow-white.png')] bg-center bg-[length:11px_11px] bg-no-repeat bg-secondaryLubricants block rounded-full min-w-[30px] w-[30px] h-[30px] rotate-[135deg]\"><\/i>\n                    <\/div>\n\n                    <div class=\"accordion-content hidden pb-[28px] px-[40px]\">\n                        <p class=\"text-darkBase !mb-0\"><p>\u0160kolen\u00ed o t\u00e9to politice a o riziku, kter\u00e9mu na\u0161e spole\u010dnost \u010del\u00ed v souvislosti s modern\u00edm otroctv\u00edm ve sv\u00fdch dodavatelsk\u00fdch \u0159et\u011bzc\u00edch, je sou\u010d\u00e1st\u00ed vstupn\u00edho procesu pro v\u0161echny osoby, kter\u00e9 pro n\u00e1s pracuj\u00ed, a v p\u0159\u00edpad\u011b pot\u0159eby budou poskytov\u00e1na pravideln\u00e1 \u0161kolen\u00ed.<\/p>\n<p>N\u00e1\u0161 p\u0159\u00edstup nulov\u00e9 tolerance k modern\u00edmu otroctv\u00ed v na\u0161em podnik\u00e1n\u00ed a dodavatelsk\u00fdch \u0159et\u011bzc\u00edch mus\u00ed b\u00fdt sd\u011blen v\u0161em dodavatel\u016fm, smluvn\u00edm partner\u016fm a obchodn\u00edm partner\u016fm na za\u010d\u00e1tku na\u0161eho obchodn\u00edho vztahu s nimi a n\u00e1sledn\u011b mus\u00ed b\u00fdt podle pot\u0159eby posilov\u00e1n.<\/p>\n<\/p>\n                                            <\/div>\n                <\/div>\n\n                                <div class=\"accordion-item border border-primaryOffWhite bg-white basis-full mb-2\">\n                    <div class=\"accordion-header hover:cursor-pointer py-[28px] px-[40px] flex flex-row justify-between items-center\">\n                        <h5 class=\"text-secondaryLubricants heading-5 !mb-0\">PORU\u0160EN\u00cd T\u011aCHTO Z\u00c1SAD<\/h5>\n                        <i class=\"bg-[url('assets\/images\/upwards-arrow-white.png')] bg-center bg-[length:11px_11px] bg-no-repeat bg-secondaryLubricants block rounded-full min-w-[30px] w-[30px] h-[30px] rotate-[135deg]\"><\/i>\n                    <\/div>\n\n                    <div class=\"accordion-content hidden pb-[28px] px-[40px]\">\n                        <p class=\"text-darkBase !mb-0\"><p>Ka\u017ed\u00fd zam\u011bstnanec, kter\u00fd poru\u0161\u00ed tyto z\u00e1sady, bude vystaven disciplin\u00e1rn\u00edmu \u0159\u00edzen\u00ed, kter\u00e9 m\u016f\u017ee vy\u00fastit ve form\u00e1ln\u00ed opat\u0159en\u00ed a\u017e v propu\u0161t\u011bn\u00ed.<\/p>\n<p>Vyhrazujeme si pr\u00e1vo ukon\u010dit spolupr\u00e1ci s jin\u00fdmi osobami a organizacemi pracuj\u00edc\u00edmi na\u0161\u00edm jm\u00e9nem, pokud poru\u0161\u00ed tyto z\u00e1sady.<\/p>\n<\/p>\n                                            <\/div>\n                <\/div>\n\n                            <\/div>\n                <!-- Accordion End -->\n    <\/div>\n<\/div>","protected":false},"excerpt":{"rendered":"","protected":false},"author":1,"featured_media":0,"parent":0,"menu_order":0,"comment_status":"closed","ping_status":"closed","template":"","meta":{"_acf_changed":false,"footnotes":""},"class_list":["post-64047","page","type-page","status-publish","hentry"],"acf":[],"yoast_head":"<!-- This site is optimized with the Yoast SEO Premium plugin v21.7 (Yoast SEO v27.2) - https:\/\/yoast.com\/product\/yoast-seo-premium-wordpress\/ -->\n<title>Politika boje proti otroctv\u00ed a obchodov\u00e1n\u00ed s lidmi - NCH Lubricants<\/title>\n<meta name=\"robots\" content=\"index, follow, max-snippet:-1, max-image-preview:large, max-video-preview:-1\" \/>\n<link rel=\"canonical\" href=\"https:\/\/lubricants.ncheurope.com\/cs\/politika-boje-proti-otroctvi-a-obchodovani-s-lidmi\/\" class=\"yoast-seo-meta-tag\" \/>\n<meta property=\"og:locale\" content=\"cs_CZ\" class=\"yoast-seo-meta-tag\" \/>\n<meta property=\"og:type\" content=\"article\" class=\"yoast-seo-meta-tag\" \/>\n<meta property=\"og:title\" content=\"Politika boje proti otroctv\u00ed a obchodov\u00e1n\u00ed s lidmi\" class=\"yoast-seo-meta-tag\" \/>\n<meta property=\"og:url\" content=\"https:\/\/lubricants.ncheurope.com\/cs\/politika-boje-proti-otroctvi-a-obchodovani-s-lidmi\/\" class=\"yoast-seo-meta-tag\" \/>\n<meta property=\"og:site_name\" content=\"NCH Lubricants\" class=\"yoast-seo-meta-tag\" \/>\n<meta property=\"article:modified_time\" content=\"2025-10-03T14:20:33+00:00\" class=\"yoast-seo-meta-tag\" \/>\n<meta name=\"twitter:card\" content=\"summary_large_image\" class=\"yoast-seo-meta-tag\" \/>\n<script type=\"application\/ld+json\" class=\"yoast-schema-graph\">{\"@context\":\"https:\/\/schema.org\",\"@graph\":[{\"@type\":\"WebPage\",\"@id\":\"https:\/\/lubricants.ncheurope.com\/cs\/politika-boje-proti-otroctvi-a-obchodovani-s-lidmi\/\",\"url\":\"https:\/\/lubricants.ncheurope.com\/cs\/politika-boje-proti-otroctvi-a-obchodovani-s-lidmi\/\",\"name\":\"Politika boje proti otroctv\u00ed a obchodov\u00e1n\u00ed s lidmi - NCH Lubricants\",\"isPartOf\":{\"@id\":\"https:\/\/lubricants.ncheurope.com\/sv\/#website\"},\"datePublished\":\"2025-02-21T20:56:49+00:00\",\"dateModified\":\"2025-10-03T14:20:33+00:00\",\"breadcrumb\":{\"@id\":\"https:\/\/lubricants.ncheurope.com\/cs\/politika-boje-proti-otroctvi-a-obchodovani-s-lidmi\/#breadcrumb\"},\"inLanguage\":\"cs\",\"potentialAction\":[{\"@type\":\"ReadAction\",\"target\":[\"https:\/\/lubricants.ncheurope.com\/cs\/politika-boje-proti-otroctvi-a-obchodovani-s-lidmi\/\"]}]},{\"@type\":\"BreadcrumbList\",\"@id\":\"https:\/\/lubricants.ncheurope.com\/cs\/politika-boje-proti-otroctvi-a-obchodovani-s-lidmi\/#breadcrumb\",\"itemListElement\":[{\"@type\":\"ListItem\",\"position\":1,\"name\":\"Domovsk\u00e1 str\u00e1nka\",\"item\":\"https:\/\/lubricants.ncheurope.com\/cs\/\"},{\"@type\":\"ListItem\",\"position\":2,\"name\":\"Politika boje proti otroctv\u00ed a obchodov\u00e1n\u00ed s lidmi\"}]},{\"@type\":\"WebSite\",\"@id\":\"https:\/\/lubricants.ncheurope.com\/sv\/#website\",\"url\":\"https:\/\/lubricants.ncheurope.com\/sv\/\",\"name\":\"NCH Lubricants\",\"description\":\"\",\"potentialAction\":[{\"@type\":\"SearchAction\",\"target\":{\"@type\":\"EntryPoint\",\"urlTemplate\":\"https:\/\/lubricants.ncheurope.com\/sv\/?s={search_term_string}\"},\"query-input\":{\"@type\":\"PropertyValueSpecification\",\"valueRequired\":true,\"valueName\":\"search_term_string\"}}],\"inLanguage\":\"cs\"}]}<\/script>\n<!-- \/ Yoast SEO Premium plugin. -->","yoast_head_json":{"title":"Politika boje proti otroctv\u00ed a obchodov\u00e1n\u00ed s lidmi - NCH Lubricants","robots":{"index":"index","follow":"follow","max-snippet":"max-snippet:-1","max-image-preview":"max-image-preview:large","max-video-preview":"max-video-preview:-1"},"canonical":"https:\/\/lubricants.ncheurope.com\/cs\/politika-boje-proti-otroctvi-a-obchodovani-s-lidmi\/","og_locale":"cs_CZ","og_type":"article","og_title":"Politika boje proti otroctv\u00ed a obchodov\u00e1n\u00ed s lidmi","og_url":"https:\/\/lubricants.ncheurope.com\/cs\/politika-boje-proti-otroctvi-a-obchodovani-s-lidmi\/","og_site_name":"NCH Lubricants","article_modified_time":"2025-10-03T14:20:33+00:00","twitter_card":"summary_large_image","schema":{"@context":"https:\/\/schema.org","@graph":[{"@type":"WebPage","@id":"https:\/\/lubricants.ncheurope.com\/cs\/politika-boje-proti-otroctvi-a-obchodovani-s-lidmi\/","url":"https:\/\/lubricants.ncheurope.com\/cs\/politika-boje-proti-otroctvi-a-obchodovani-s-lidmi\/","name":"Politika boje proti otroctv\u00ed a obchodov\u00e1n\u00ed s lidmi - NCH Lubricants","isPartOf":{"@id":"https:\/\/lubricants.ncheurope.com\/sv\/#website"},"datePublished":"2025-02-21T20:56:49+00:00","dateModified":"2025-10-03T14:20:33+00:00","breadcrumb":{"@id":"https:\/\/lubricants.ncheurope.com\/cs\/politika-boje-proti-otroctvi-a-obchodovani-s-lidmi\/#breadcrumb"},"inLanguage":"cs","potentialAction":[{"@type":"ReadAction","target":["https:\/\/lubricants.ncheurope.com\/cs\/politika-boje-proti-otroctvi-a-obchodovani-s-lidmi\/"]}]},{"@type":"BreadcrumbList","@id":"https:\/\/lubricants.ncheurope.com\/cs\/politika-boje-proti-otroctvi-a-obchodovani-s-lidmi\/#breadcrumb","itemListElement":[{"@type":"ListItem","position":1,"name":"Domovsk\u00e1 str\u00e1nka","item":"https:\/\/lubricants.ncheurope.com\/cs\/"},{"@type":"ListItem","position":2,"name":"Politika boje proti otroctv\u00ed a obchodov\u00e1n\u00ed s lidmi"}]},{"@type":"WebSite","@id":"https:\/\/lubricants.ncheurope.com\/sv\/#website","url":"https:\/\/lubricants.ncheurope.com\/sv\/","name":"NCH Lubricants","description":"","potentialAction":[{"@type":"SearchAction","target":{"@type":"EntryPoint","urlTemplate":"https:\/\/lubricants.ncheurope.com\/sv\/?s={search_term_string}"},"query-input":{"@type":"PropertyValueSpecification","valueRequired":true,"valueName":"search_term_string"}}],"inLanguage":"cs"}]}},"_links":{"self":[{"href":"https:\/\/lubricants.ncheurope.com\/cs\/wp-json\/wp\/v2\/pages\/64047","targetHints":{"allow":["GET"]}}],"collection":[{"href":"https:\/\/lubricants.ncheurope.com\/cs\/wp-json\/wp\/v2\/pages"}],"about":[{"href":"https:\/\/lubricants.ncheurope.com\/cs\/wp-json\/wp\/v2\/types\/page"}],"author":[{"embeddable":true,"href":"https:\/\/lubricants.ncheurope.com\/cs\/wp-json\/wp\/v2\/users\/1"}],"replies":[{"embeddable":true,"href":"https:\/\/lubricants.ncheurope.com\/cs\/wp-json\/wp\/v2\/comments?post=64047"}],"version-history":[{"count":1,"href":"https:\/\/lubricants.ncheurope.com\/cs\/wp-json\/wp\/v2\/pages\/64047\/revisions"}],"predecessor-version":[{"id":64048,"href":"https:\/\/lubricants.ncheurope.com\/cs\/wp-json\/wp\/v2\/pages\/64047\/revisions\/64048"}],"wp:attachment":[{"href":"https:\/\/lubricants.ncheurope.com\/cs\/wp-json\/wp\/v2\/media?parent=64047"}],"curies":[{"name":"wp","href":"https:\/\/api.w.org\/{rel}","templated":true}]}}