{"id":61665,"date":"2025-02-21T18:21:18","date_gmt":"2025-02-21T18:21:18","guid":{"rendered":"https:\/\/nchdev-3ittg.projectbeta.co.uk\/?page_id=61665"},"modified":"2025-10-16T10:47:33","modified_gmt":"2025-10-16T10:47:33","slug":"kariera","status":"publish","type":"page","link":"https:\/\/lubricants.ncheurope.com\/cs\/kariera\/","title":{"rendered":"Kari\u00e9ra"},"content":{"rendered":"\n<div class=\"internal-banner-block relative secondaryLubricants paddingBottomLarge bg-no-repeat pt-[110px] lg:pt-[160px]  bg-cover bg-center\" style=\"background-image: url('https:\/\/lubricants.ncheurope.com\/wp-content\/uploads\/2025\/02\/image-3-careers.webp')\">\n    <div class=\"overlay absolute top-0 bottom-0 left-0 right-0 z-0 gradient-secondaryLubricants-180-dark\"><\/div>    <div class=\"container relative z-10\">\n        <div class=\"breadcrumb-container mb-[60px] lg:mb-[103px] hidden md:block\">\n            <p class=\"text-lightXs !mb-0 !text-[12px] flex flex-row items-center\">You are here: <a class=\"!font-regular mx-2 hover:underline\" href=\"https:\/\/lubricants.ncheurope.com\/cs\/\">\u00davodn\u00ed str\u00e1nka<\/a> \/ <span class=\"ml-2 font-semibold\">Kari\u00e9ra<\/span><\/p>\n        <\/div>\n\n        <div class=\"content-container flex flex-col-reverse md:flex-row flex-wrap justify-between\">\n\n                            <div class=\"text-container md:basis-10\/12\">\n                    <h1 class=\"heading-1-light\">Kari\u00e9ra ve spole\u010dnosti NCH Lubricants<\/h1>                    <div class=\"wysiwyg-container text-light !mb-0 max-w-[768px]\"><p>Ve spole\u010dnosti NCH Lubricants <span class=\"text-3xl\">nenab\u00edz\u00edme<\/span>pracovn\u00ed m\u00edsta, ale kari\u00e9ru.<\/p>\n<p>D\u00edky 75 let\u016fm \u00fasp\u011b\u0161n\u00e9ho p\u016fsoben\u00ed v oboru jsme p\u0159ipraveni v\u00e1s nasm\u011brovat k rozvoji trval\u00e9ho a stabiln\u00edho podnik\u00e1n\u00ed, kter\u00e9 rok od roku roste.<\/p>\n<\/div>                                    <\/div>\n                    <\/div>\n    <\/div>\n<\/div>\n<div class=\"title-text-block secondaryLubricants paddingTopLarge paddingBottomLarge\">\n    <div class=\"container\">\n        <h2 class=\"heading-2 text-secondaryLubricants\">Obsahov\u00e9 bloky, kter\u00e9 maj\u00ed j\u00edt sem<\/h2>        <ul>\n<li><span style=\"font-weight: 400\">\u00davod  <\/span><\/li>\n<li><span style=\"font-weight: 400\">Hodnoty  <\/span><\/li>\n<li><span style=\"font-weight: 400\">Sou\u010dasn\u00e9 role  <\/span><\/li>\n<li><span style=\"font-weight: 400\">Formul\u00e1\u0159 pro registraci z\u00e1jmu  <\/span><\/li>\n<\/ul>\n    <\/div>\n<\/div>\n<div id=\"anchor-text-cards-block\" class=\"text-cards-block relative bg-primaryOffWhite secondaryLubricants paddingTopLarge paddingBottomLarge has-anchor-link\">\n    <div class=\"container\">\n        <!-- Start Text Section -->\n        <div class=\"flex flex-row flex-wrap justify-between items-center relative z-10 mb-[60px]\">\n            <h2 class=\"heading-2 basis-full text-secondaryLubricants\">Prozkoumejte nab\u00eddku NCH<\/h2>            <p class=\"text-darkBase basis-full lg:basis-8\/12 mb-0\">Lorem ipsum dolor sit amet, consectetur adipiscing elit. Duis a sodales mauris. Maecenas sed iaculis felis. Vivamus aliquam magna non tincident volutpat.   Phasellus fringilla risus et rhoncus scelerisque. Donec molestie nibh a augue tempor, quis rutrum neque tempor. Etiam ac lectus posuere, rhoncus est sed, eleifend sapien.  \n<\/p>                    <\/div> \n        <!-- End Text Section -->\n\n        <!-- Start Cards Section -->\n                    <div class=\"cards-container flex flex-row flex-wrap gap-2\">\n                                                            <a href=\"https:\/\/lubricants.ncheurope.com\/cs\/skoleni-a-podpora\/\" target=\"_parent\" class=\"card-link-wrapper block w-full sm:max-w-[calc(50%-4px)] lg:max-w-[calc(33%-6px)]\">\n                                            <div class=\"card group w-full bg-cover bg-center bg-no-repeat relative flex flex-col justify-end px-[32px] pb-[32px] shadow-[0_10px_10px_0_rgba(109,106,112,0.15)] transition-all hover:shadow-[0_15px_15px_0_rgba(109,106,112,0.25)]\" style=\"background-image: url('https:\/\/lubricants.ncheurope.com\/wp-content\/uploads\/2025\/02\/image-3-careers.webp);\">\n                            <div class=\"overlay absolute top-0 left-0 right-0 bottom-0 gradient-secondaryLubricants-180-dark\"><\/div>\n                            <div class=\"card-content min-h-[380px] flex flex-col justify-end relative z-10\">\n                                <h4 class=\"heading-4-light !mb-5\">\u0160kolen\u00ed a podpora<\/h4>                                <div class=\"wysiwyg  text-lightBase transition-all\"><p>Lorem ipsum dolor sit amet, consectetur adipiscing elit. Duis a sodales mauris. Maecenas sed iaculis felis. Vivamus aliquam magna non tincident volutpat.  <\/p>\n<\/div>                                                                    <span class=\"button button--secondary button--light mt-6 relative transition-all group-hover:bg-white group-hover:text-secondaryLubricants pointer-events-none\">Zjist\u011bte v\u00edce<\/span>\n                                                            \n                            <\/div>\n                        <\/div>\n                                            <\/a>\n                                                                                <a href=\"https:\/\/lubricants.ncheurope.com\/cs\/diverzita-a-inkluze\/\" target=\"_parent\" class=\"card-link-wrapper block w-full sm:max-w-[calc(50%-4px)] lg:max-w-[calc(33%-6px)]\">\n                                            <div class=\"card group w-full bg-cover bg-center bg-no-repeat relative flex flex-col justify-end px-[32px] pb-[32px] shadow-[0_10px_10px_0_rgba(109,106,112,0.15)] transition-all hover:shadow-[0_15px_15px_0_rgba(109,106,112,0.25)]\" style=\"background-image: url('https:\/\/lubricants.ncheurope.com\/wp-content\/uploads\/2025\/02\/image-3-careers.webp);\">\n                            <div class=\"overlay absolute top-0 left-0 right-0 bottom-0 gradient-secondaryLubricants-180-dark\"><\/div>\n                            <div class=\"card-content min-h-[380px] flex flex-col justify-end relative z-10\">\n                                <h4 class=\"heading-4-light !mb-5\">Diverzita a za\u010dle\u0148ov\u00e1n\u00ed<\/h4>                                <div class=\"wysiwyg  text-lightBase transition-all\"><p>Lorem ipsum dolor sit amet, consectetur adipiscing elit. Duis a sodales mauris. Maecenas sed iaculis felis. Vivamus aliquam magna non tincident volutpat.  <\/p>\n<\/div>                                                                    <span class=\"button button--secondary button--light mt-6 relative transition-all group-hover:bg-white group-hover:text-secondaryLubricants pointer-events-none\">Zjist\u011bte v\u00edce<\/span>\n                                                            \n                            <\/div>\n                        <\/div>\n                                            <\/a>\n                                                                                <a href=\"https:\/\/lubricants.ncheurope.com\/cs\/prace-ve-spolecnosti-nch-lubricants\/\" target=\"_parent\" class=\"card-link-wrapper block w-full sm:max-w-[calc(50%-4px)] lg:max-w-[calc(33%-6px)]\">\n                                            <div class=\"card group w-full bg-cover bg-center bg-no-repeat relative flex flex-col justify-end px-[32px] pb-[32px] shadow-[0_10px_10px_0_rgba(109,106,112,0.15)] transition-all hover:shadow-[0_15px_15px_0_rgba(109,106,112,0.25)]\" style=\"background-image: url('https:\/\/lubricants.ncheurope.com\/wp-content\/uploads\/2025\/02\/image-3-careers.webp);\">\n                            <div class=\"overlay absolute top-0 left-0 right-0 bottom-0 gradient-secondaryLubricants-180-dark\"><\/div>\n                            <div class=\"card-content min-h-[380px] flex flex-col justify-end relative z-10\">\n                                <h4 class=\"heading-4-light !mb-5\">Pr\u00e1ce ve spole\u010dnosti NCH Lubricants<\/h4>                                <div class=\"wysiwyg  text-lightBase transition-all\"><p>Lorem ipsum dolor sit amet, consectetur adipiscing elit. Duis a sodales mauris. Maecenas sed iaculis felis. Vivamus aliquam magna non tincident volutpat.  <\/p>\n<\/div>                                                                    <span class=\"button button--secondary button--light mt-6 relative transition-all group-hover:bg-white group-hover:text-secondaryLubricants pointer-events-none\">Zjist\u011bte v\u00edce<\/span>\n                                                            \n                            <\/div>\n                        <\/div>\n                                            <\/a>\n                                                <\/div>\n            <\/div>\n<\/div> ","protected":false},"excerpt":{"rendered":"","protected":false},"author":1,"featured_media":0,"parent":0,"menu_order":0,"comment_status":"closed","ping_status":"closed","template":"","meta":{"_acf_changed":false,"footnotes":""},"class_list":["post-61665","page","type-page","status-publish","hentry"],"acf":[],"yoast_head":"<!-- This site is optimized with the Yoast SEO Premium plugin v21.7 (Yoast SEO v27.2) - https:\/\/yoast.com\/product\/yoast-seo-premium-wordpress\/ -->\n<title>Kari\u00e9ra ve spole\u010dnosti NCH Lubricants | P\u0159ipojte se k na\u0161emu glob\u00e1ln\u00edmu t\u00fdmu<\/title>\n<meta name=\"description\" content=\"Poznejte kari\u00e9ru ve spole\u010dnosti NCH Lubricants a p\u0159ipojte se ke glob\u00e1ln\u00edmu l\u00eddrovi, kter\u00fd je hnac\u00ed silou inovac\u00ed, udr\u017eitelnosti a v\u00fdkonnosti.\" class=\"yoast-seo-meta-tag\" \/>\n<meta name=\"robots\" content=\"index, follow, max-snippet:-1, max-image-preview:large, max-video-preview:-1\" \/>\n<link rel=\"canonical\" href=\"https:\/\/lubricants.ncheurope.com\/cs\/kariera\/\" class=\"yoast-seo-meta-tag\" \/>\n<meta property=\"og:locale\" content=\"cs_CZ\" class=\"yoast-seo-meta-tag\" \/>\n<meta property=\"og:type\" content=\"article\" class=\"yoast-seo-meta-tag\" \/>\n<meta property=\"og:title\" content=\"Kari\u00e9ra\" class=\"yoast-seo-meta-tag\" \/>\n<meta property=\"og:description\" content=\"Poznejte kari\u00e9ru ve spole\u010dnosti NCH Lubricants a p\u0159ipojte se ke glob\u00e1ln\u00edmu l\u00eddrovi, kter\u00fd je hnac\u00ed silou inovac\u00ed, udr\u017eitelnosti a v\u00fdkonnosti.\" class=\"yoast-seo-meta-tag\" \/>\n<meta property=\"og:url\" content=\"https:\/\/lubricants.ncheurope.com\/cs\/kariera\/\" class=\"yoast-seo-meta-tag\" \/>\n<meta property=\"og:site_name\" content=\"NCH Lubricants\" class=\"yoast-seo-meta-tag\" \/>\n<meta property=\"article:modified_time\" content=\"2025-10-16T10:47:33+00:00\" class=\"yoast-seo-meta-tag\" \/>\n<meta name=\"twitter:card\" content=\"summary_large_image\" class=\"yoast-seo-meta-tag\" \/>\n<script type=\"application\/ld+json\" class=\"yoast-schema-graph\">{\"@context\":\"https:\/\/schema.org\",\"@graph\":[{\"@type\":\"WebPage\",\"@id\":\"https:\/\/lubricants.ncheurope.com\/cs\/kariera\/\",\"url\":\"https:\/\/lubricants.ncheurope.com\/cs\/kariera\/\",\"name\":\"Kari\u00e9ra ve spole\u010dnosti NCH Lubricants | P\u0159ipojte se k na\u0161emu glob\u00e1ln\u00edmu t\u00fdmu\",\"isPartOf\":{\"@id\":\"https:\/\/lubricants.ncheurope.com\/sv\/#website\"},\"datePublished\":\"2025-02-21T18:21:18+00:00\",\"dateModified\":\"2025-10-16T10:47:33+00:00\",\"description\":\"Poznejte kari\u00e9ru ve spole\u010dnosti NCH Lubricants a p\u0159ipojte se ke glob\u00e1ln\u00edmu l\u00eddrovi, kter\u00fd je hnac\u00ed silou inovac\u00ed, udr\u017eitelnosti a v\u00fdkonnosti.\",\"breadcrumb\":{\"@id\":\"https:\/\/lubricants.ncheurope.com\/cs\/kariera\/#breadcrumb\"},\"inLanguage\":\"cs\",\"potentialAction\":[{\"@type\":\"ReadAction\",\"target\":[\"https:\/\/lubricants.ncheurope.com\/cs\/kariera\/\"]}]},{\"@type\":\"BreadcrumbList\",\"@id\":\"https:\/\/lubricants.ncheurope.com\/cs\/kariera\/#breadcrumb\",\"itemListElement\":[{\"@type\":\"ListItem\",\"position\":1,\"name\":\"Domovsk\u00e1 str\u00e1nka\",\"item\":\"https:\/\/lubricants.ncheurope.com\/cs\/\"},{\"@type\":\"ListItem\",\"position\":2,\"name\":\"Kari\u00e9ra\"}]},{\"@type\":\"WebSite\",\"@id\":\"https:\/\/lubricants.ncheurope.com\/sv\/#website\",\"url\":\"https:\/\/lubricants.ncheurope.com\/sv\/\",\"name\":\"NCH Lubricants\",\"description\":\"\",\"potentialAction\":[{\"@type\":\"SearchAction\",\"target\":{\"@type\":\"EntryPoint\",\"urlTemplate\":\"https:\/\/lubricants.ncheurope.com\/sv\/?s={search_term_string}\"},\"query-input\":{\"@type\":\"PropertyValueSpecification\",\"valueRequired\":true,\"valueName\":\"search_term_string\"}}],\"inLanguage\":\"cs\"}]}<\/script>\n<!-- \/ Yoast SEO Premium plugin. -->","yoast_head_json":{"title":"Kari\u00e9ra ve spole\u010dnosti NCH Lubricants | P\u0159ipojte se k na\u0161emu glob\u00e1ln\u00edmu t\u00fdmu","description":"Poznejte kari\u00e9ru ve spole\u010dnosti NCH Lubricants a p\u0159ipojte se ke glob\u00e1ln\u00edmu l\u00eddrovi, kter\u00fd je hnac\u00ed silou inovac\u00ed, udr\u017eitelnosti a v\u00fdkonnosti.","robots":{"index":"index","follow":"follow","max-snippet":"max-snippet:-1","max-image-preview":"max-image-preview:large","max-video-preview":"max-video-preview:-1"},"canonical":"https:\/\/lubricants.ncheurope.com\/cs\/kariera\/","og_locale":"cs_CZ","og_type":"article","og_title":"Kari\u00e9ra","og_description":"Poznejte kari\u00e9ru ve spole\u010dnosti NCH Lubricants a p\u0159ipojte se ke glob\u00e1ln\u00edmu l\u00eddrovi, kter\u00fd je hnac\u00ed silou inovac\u00ed, udr\u017eitelnosti a v\u00fdkonnosti.","og_url":"https:\/\/lubricants.ncheurope.com\/cs\/kariera\/","og_site_name":"NCH Lubricants","article_modified_time":"2025-10-16T10:47:33+00:00","twitter_card":"summary_large_image","schema":{"@context":"https:\/\/schema.org","@graph":[{"@type":"WebPage","@id":"https:\/\/lubricants.ncheurope.com\/cs\/kariera\/","url":"https:\/\/lubricants.ncheurope.com\/cs\/kariera\/","name":"Kari\u00e9ra ve spole\u010dnosti NCH Lubricants | P\u0159ipojte se k na\u0161emu glob\u00e1ln\u00edmu t\u00fdmu","isPartOf":{"@id":"https:\/\/lubricants.ncheurope.com\/sv\/#website"},"datePublished":"2025-02-21T18:21:18+00:00","dateModified":"2025-10-16T10:47:33+00:00","description":"Poznejte kari\u00e9ru ve spole\u010dnosti NCH Lubricants a p\u0159ipojte se ke glob\u00e1ln\u00edmu l\u00eddrovi, kter\u00fd je hnac\u00ed silou inovac\u00ed, udr\u017eitelnosti a v\u00fdkonnosti.","breadcrumb":{"@id":"https:\/\/lubricants.ncheurope.com\/cs\/kariera\/#breadcrumb"},"inLanguage":"cs","potentialAction":[{"@type":"ReadAction","target":["https:\/\/lubricants.ncheurope.com\/cs\/kariera\/"]}]},{"@type":"BreadcrumbList","@id":"https:\/\/lubricants.ncheurope.com\/cs\/kariera\/#breadcrumb","itemListElement":[{"@type":"ListItem","position":1,"name":"Domovsk\u00e1 str\u00e1nka","item":"https:\/\/lubricants.ncheurope.com\/cs\/"},{"@type":"ListItem","position":2,"name":"Kari\u00e9ra"}]},{"@type":"WebSite","@id":"https:\/\/lubricants.ncheurope.com\/sv\/#website","url":"https:\/\/lubricants.ncheurope.com\/sv\/","name":"NCH Lubricants","description":"","potentialAction":[{"@type":"SearchAction","target":{"@type":"EntryPoint","urlTemplate":"https:\/\/lubricants.ncheurope.com\/sv\/?s={search_term_string}"},"query-input":{"@type":"PropertyValueSpecification","valueRequired":true,"valueName":"search_term_string"}}],"inLanguage":"cs"}]}},"_links":{"self":[{"href":"https:\/\/lubricants.ncheurope.com\/cs\/wp-json\/wp\/v2\/pages\/61665","targetHints":{"allow":["GET"]}}],"collection":[{"href":"https:\/\/lubricants.ncheurope.com\/cs\/wp-json\/wp\/v2\/pages"}],"about":[{"href":"https:\/\/lubricants.ncheurope.com\/cs\/wp-json\/wp\/v2\/types\/page"}],"author":[{"embeddable":true,"href":"https:\/\/lubricants.ncheurope.com\/cs\/wp-json\/wp\/v2\/users\/1"}],"replies":[{"embeddable":true,"href":"https:\/\/lubricants.ncheurope.com\/cs\/wp-json\/wp\/v2\/comments?post=61665"}],"version-history":[{"count":2,"href":"https:\/\/lubricants.ncheurope.com\/cs\/wp-json\/wp\/v2\/pages\/61665\/revisions"}],"predecessor-version":[{"id":64273,"href":"https:\/\/lubricants.ncheurope.com\/cs\/wp-json\/wp\/v2\/pages\/61665\/revisions\/64273"}],"wp:attachment":[{"href":"https:\/\/lubricants.ncheurope.com\/cs\/wp-json\/wp\/v2\/media?parent=61665"}],"curies":[{"name":"wp","href":"https:\/\/api.w.org\/{rel}","templated":true}]}}